{"id":5799,"date":"2024-12-06T01:12:50","date_gmt":"2024-12-05T17:12:50","guid":{"rendered":"https:\/\/www.hnhlcranes.com\/?post_type=product&#038;p=5799"},"modified":"2025-01-16T15:38:12","modified_gmt":"2025-01-16T07:38:12","slug":"raskaan-liikenteen-ilmailuliitin","status":"publish","type":"product","link":"https:\/\/www.hnhlcranes.com\/fi\/tuote\/raskaan-liikenteen-ilmailuliitin\/","title":{"rendered":"Raskas ilmailuliitin"},"content":{"rendered":"<div class=\"flex max-w-full flex-col flex-grow\">\n<div class=\"min-h-8 text-message flex w-full flex-col items-end gap-2 whitespace-normal break-words text-start [.text-message+&amp;]:mt-5\" dir=\"auto\" data-message-author-role=\"assistant\" data-message-id=\"fc730c9a-ffef-45d3-a6b5-1c3420fc36b9\" data-message-model-slug=\"gpt-4o\">\n<div class=\"flex w-full flex-col gap-1 empty:hidden first:pt-[3px]\">\n<div class=\"markdown prose w-full break-words dark:prose-invert light\"><\/div>\n<\/div>\n<\/div>\n<\/div>\n<h3>Raskaan ilmailuliittimen ominaisuudet ja tekniset tiedot<\/h3>\n<h4><strong>Ominaisuudet<\/strong><\/h4>\n<ol>\n<li><strong>Korkea lujuus ja kest\u00e4vyys:<\/strong>\n<ul>\n<li>Raskas ilmailuliitin on valmistettu lujatekoisista materiaaleista, jotka tarjoavat erinomaisen kulutuskest\u00e4vyyden, korroosionkest\u00e4vyyden ja iskunkest\u00e4vyyden. N\u00e4m\u00e4 liittimet on suunniteltu kest\u00e4m\u00e4\u00e4n mekaanisia iskuja ja t\u00e4rin\u00e4\u00e4, joten ne soveltuvat erinomaisesti vaativiin ymp\u00e4rist\u00f6ihin ja teollisiin sovelluksiin.<\/li>\n<\/ul>\n<\/li>\n<li><strong>Vedenpit\u00e4v\u00e4 ja p\u00f6lytiivis:<\/strong>\n<ul>\n<li>N\u00e4ill\u00e4 liittimill\u00e4 on korkea suojausluokka, yleens\u00e4 IP67 tai korkeampi, joka est\u00e4\u00e4 tehokkaasti veden, p\u00f6lyn ja muiden ep\u00e4puhtauksien p\u00e4\u00e4syn sis\u00e4\u00e4n. N\u00e4in ollen ne takaavat luotettavan toiminnan ymp\u00e4rist\u00f6iss\u00e4, joissa on korkea kosteus tai paljon p\u00f6ly\u00e4.<\/li>\n<\/ul>\n<\/li>\n<li><strong>Luotettava s\u00e4hk\u00f6inen suorituskyky:<\/strong>\n<ul>\n<li>Raskaat ilmailuliittimet tarjoavat suuren virransiirtokyvyn, mik\u00e4 takaa vakaan virransiirron suurissa kuormitusolosuhteissa. Kosketinkomponentit on yleens\u00e4 valmistettu hyvin johtavista materiaaleista (kuten kupariseoksesta), mik\u00e4 takaa luotettavat ja pitk\u00e4ik\u00e4iset s\u00e4hk\u00f6liit\u00e4nn\u00e4t.<\/li>\n<\/ul>\n<\/li>\n<li><strong>Korkean ja matalan l\u00e4mp\u00f6tilan kest\u00e4vyys:<\/strong>\n<ul>\n<li>N\u00e4m\u00e4 liittimet on suunniteltu toimimaan \u00e4\u00e4rimm\u00e4isiss\u00e4 l\u00e4mp\u00f6tiloissa, jotka yleens\u00e4 vaihtelevat -55 \u00b0C:sta +200 \u00b0C:een. Ne soveltuvat hyvin teollisuudenaloille, kuten ilmailu- ja avaruusteollisuuteen, armeijaan ja rautatieliikenteeseen, joissa korkeat tai matalat l\u00e4mp\u00f6tilat ovat yleisi\u00e4.<\/li>\n<\/ul>\n<\/li>\n<li><strong>Erilaisia liittimi\u00e4:<\/strong>\n<ul>\n<li>Raskas ilmailualan liitin tukee erilaisia liitintyyppej\u00e4, kuten py\u00f6reit\u00e4, suorakulmaisia, suorapistokkeellisia ja irrotettavia tyyppej\u00e4, jotka t\u00e4ytt\u00e4v\u00e4t erilaiset sovellustilanteet ja vaatimukset.<\/li>\n<\/ul>\n<\/li>\n<li><strong>Nopea asennus ja irrotus:<\/strong>\n<ul>\n<li>N\u00e4m\u00e4 liittimet on suunniteltu k\u00e4teviksi, ja niiss\u00e4 on nopeat liit\u00e4nt\u00e4- ja irrotusmekanismit, jotka parantavat toiminnan tehokkuutta. Monissa malleissa on itselukittuvat mekanismit, jotka takaavat vakaat ja luotettavat liitokset.<\/li>\n<\/ul>\n<\/li>\n<li><strong>Laaja valikoima sovelluksia:<\/strong>\n<ul>\n<li>N\u00e4it\u00e4 liittimi\u00e4 k\u00e4ytet\u00e4\u00e4n laajalti ilmailu- ja avaruusalalla, armeijassa, rautateill\u00e4, raskaissa koneissa, teollisuuslaitteissa ja muilla aloilla, joilla tarvitaan lujia s\u00e4hk\u00f6liit\u00e4nt\u00f6j\u00e4.<\/li>\n<\/ul>\n<\/li>\n<\/ol>\n<h4><strong>Tekniset tiedot<\/strong><\/h4>\n<ol>\n<li><strong>Nimellisvirta:<\/strong>\n<ul>\n<li>Nimellisvirta vaihtelee tyypillisesti 10A:sta 500A:iin liittimen mallista ja teknisist\u00e4 tiedoista riippuen.<\/li>\n<\/ul>\n<\/li>\n<li><strong>Nimellisj\u00e4nnite:<\/strong>\n<ul>\n<li>Nimellisj\u00e4nnite vaihtelee yleens\u00e4 250V:st\u00e4 3000V:iin, mik\u00e4 vastaa eri sovellusten s\u00e4hk\u00f6vaatimuksia.<\/li>\n<\/ul>\n<\/li>\n<li><strong>Kosketusvastus:<\/strong>\n<ul>\n<li>Kosketusvastus on tyypillisesti alle 1m\u03a9, mik\u00e4 takaa matalaresistanssiset liit\u00e4nn\u00e4t ja v\u00e4hent\u00e4\u00e4 energiah\u00e4vi\u00f6it\u00e4.<\/li>\n<\/ul>\n<\/li>\n<li><strong>K\u00e4ytt\u00f6l\u00e4mp\u00f6tila-alue:<\/strong>\n<ul>\n<li>Vakiotoimintal\u00e4mp\u00f6tila-alue on -55 \u00b0C:sta +200 \u00b0C:een, ja jotkin mallit kest\u00e4v\u00e4t jopa korkeampia l\u00e4mp\u00f6tiloja.<\/li>\n<\/ul>\n<\/li>\n<li><strong>Suojausluokitus:<\/strong>\n<ul>\n<li>Suojausluokitus on yleens\u00e4 v\u00e4hint\u00e4\u00e4n IP67, mik\u00e4 takaa erinomaisen veden- ja p\u00f6lynkest\u00e4vyyden.<\/li>\n<\/ul>\n<\/li>\n<li><strong>Lis\u00e4\u00e4mis- ja peruuttamissyklit:<\/strong>\n<ul>\n<li>Liittimet kest\u00e4v\u00e4t tyypillisesti 1000-5000 liit\u00e4nt\u00e4sykli\u00e4, mik\u00e4 takaa pitk\u00e4aikaisen luotettavuuden ja vakauden my\u00f6s toistuvan k\u00e4yt\u00f6n j\u00e4lkeen.<\/li>\n<\/ul>\n<\/li>\n<li><strong>Liitintyypit:<\/strong>\n<ul>\n<li>Yleisi\u00e4 liitintyyppej\u00e4 ovat pikaliittimet, kierreliittimet ja lukitusliittimet, jotka mahdollistavat joustavat vaihtoehdot erityisten liit\u00e4nt\u00e4tarpeiden mukaan.<\/li>\n<\/ul>\n<\/li>\n<li><strong>Materiaalit:<\/strong>\n<ul>\n<li>Kotelot on yleens\u00e4 valmistettu alumiiniseoksesta tai ruostumattomasta ter\u00e4ksest\u00e4, kun taas koskettimet koostuvat tyypillisesti kupariseoksesta tai hopeoidusta materiaalista, mik\u00e4 takaa erinomaisen johtavuuden ja korroosionkest\u00e4vyyden.<\/li>\n<\/ul>\n<\/li>\n<li><strong>Koko ja paino:<\/strong>\n<ul>\n<li>Raskaan luokan ilmailuliittimet ovat yleens\u00e4 kooltaan suurempia, jotta ne kest\u00e4v\u00e4t suurempaa virtaa ja vahvempaa mekaanista suorituskyky\u00e4, mik\u00e4 johtaa suhteellisen suureen painoon vakaiden liit\u00e4nt\u00f6jen varmistamiseksi.<\/li>\n<\/ul>\n<\/li>\n<\/ol>\n<h3>P\u00e4\u00e4telm\u00e4<\/h3>\n<p>Yhteenvetona voidaan todeta, ett\u00e4 raskaat ilmailuliittimet ovat eritt\u00e4in kest\u00e4vi\u00e4 ja luotettavia, ja ne tarjoavat vakaat s\u00e4hk\u00f6liit\u00e4nn\u00e4t my\u00f6s \u00e4\u00e4rimm\u00e4isiss\u00e4 ymp\u00e4rist\u00f6iss\u00e4. N\u00e4iden liittimien ominaisuudet, kuten vedenpit\u00e4vyys, p\u00f6lynkest\u00e4vyys, iskunkest\u00e4vyys ja korkean l\u00e4mp\u00f6tilan sietokyky, mahdollistavat liittimien k\u00e4yt\u00f6n laajalti eri teollisuudenaloilla, kuten ilmailu- ja avaruusalalla, armeijassa, rautateill\u00e4 ja teollisuuslaitteissa. Vahva s\u00e4hk\u00f6inen suorituskyky, erilaiset liitinmallit ja korkeat suojausluokat tekev\u00e4t niist\u00e4 ihanteellisen valinnan sovelluksiin, joissa tarvitaan lujia s\u00e4hk\u00f6liit\u00e4nt\u00f6j\u00e4.<\/p>\n<p><img fetchpriority=\"high\" decoding=\"async\" class=\"alignnone wp-image-7525\" src=\"https:\/\/www.hnhlcranes.com\/wp-content\/uploads\/2024\/12\/Heavy-Duty-Aviation-Connector-6-pin-e1737012766554-300x147.jpg\" alt=\"\" width=\"1010\" height=\"495\" srcset=\"https:\/\/www.hnhlcranes.com\/wp-content\/uploads\/2024\/12\/Heavy-Duty-Aviation-Connector-6-pin-e1737012766554-300x147.jpg 300w, https:\/\/www.hnhlcranes.com\/wp-content\/uploads\/2024\/12\/Heavy-Duty-Aviation-Connector-6-pin-e1737012766554-1024x502.jpg 1024w, https:\/\/www.hnhlcranes.com\/wp-content\/uploads\/2024\/12\/Heavy-Duty-Aviation-Connector-6-pin-e1737012766554-768x376.jpg 768w, https:\/\/www.hnhlcranes.com\/wp-content\/uploads\/2024\/12\/Heavy-Duty-Aviation-Connector-6-pin-e1737012766554-600x294.jpg 600w, https:\/\/www.hnhlcranes.com\/wp-content\/uploads\/2024\/12\/Heavy-Duty-Aviation-Connector-6-pin-e1737012766554.jpg 1224w\" sizes=\"(max-width: 1010px) 100vw, 1010px\" \/><\/p>\n<p><img decoding=\"async\" class=\"alignnone wp-image-7526\" src=\"https:\/\/www.hnhlcranes.com\/wp-content\/uploads\/2024\/12\/Heavy-Duty-Aviation-Connector-16-pin-e1737012903661-300x147.jpg\" alt=\"\" width=\"1000\" height=\"490\" srcset=\"https:\/\/www.hnhlcranes.com\/wp-content\/uploads\/2024\/12\/Heavy-Duty-Aviation-Connector-16-pin-e1737012903661-300x147.jpg 300w, https:\/\/www.hnhlcranes.com\/wp-content\/uploads\/2024\/12\/Heavy-Duty-Aviation-Connector-16-pin-e1737012903661-1024x502.jpg 1024w, https:\/\/www.hnhlcranes.com\/wp-content\/uploads\/2024\/12\/Heavy-Duty-Aviation-Connector-16-pin-e1737012903661-768x376.jpg 768w, https:\/\/www.hnhlcranes.com\/wp-content\/uploads\/2024\/12\/Heavy-Duty-Aviation-Connector-16-pin-e1737012903661-600x294.jpg 600w, https:\/\/www.hnhlcranes.com\/wp-content\/uploads\/2024\/12\/Heavy-Duty-Aviation-Connector-16-pin-e1737012903661.jpg 1224w\" sizes=\"(max-width: 1000px) 100vw, 1000px\" \/><\/p>\n<p><img decoding=\"async\" class=\"alignnone  wp-image-7527\" src=\"https:\/\/www.hnhlcranes.com\/wp-content\/uploads\/2024\/12\/Heavy-Duty-Aviation-Connector-32-pin-e1737013007182-300x147.jpg\" alt=\"\" width=\"1004\" height=\"492\" srcset=\"https:\/\/www.hnhlcranes.com\/wp-content\/uploads\/2024\/12\/Heavy-Duty-Aviation-Connector-32-pin-e1737013007182-300x147.jpg 300w, https:\/\/www.hnhlcranes.com\/wp-content\/uploads\/2024\/12\/Heavy-Duty-Aviation-Connector-32-pin-e1737013007182-1024x502.jpg 1024w, https:\/\/www.hnhlcranes.com\/wp-content\/uploads\/2024\/12\/Heavy-Duty-Aviation-Connector-32-pin-e1737013007182-768x376.jpg 768w, https:\/\/www.hnhlcranes.com\/wp-content\/uploads\/2024\/12\/Heavy-Duty-Aviation-Connector-32-pin-e1737013007182-600x294.jpg 600w, https:\/\/www.hnhlcranes.com\/wp-content\/uploads\/2024\/12\/Heavy-Duty-Aviation-Connector-32-pin-e1737013007182.jpg 1224w\" sizes=\"(max-width: 1004px) 100vw, 1004px\" \/><\/p>","protected":false},"excerpt":{"rendered":"<p>HE Heavy Duty Aviation Connector, joka tunnetaan my\u00f6s nimell\u00e4 ilmailupistoke tai pikaliitin, on monipuolinen ja kest\u00e4v\u00e4 ratkaisu teollisuuslaitteiden, kuten nostureiden, s\u00e4hk\u00f6- ja signaaliliit\u00e4nt\u00f6ihin.<\/p>","protected":false},"featured_media":7506,"template":"","meta":{"_kad_post_transparent":"default","_kad_post_title":"","_kad_post_layout":"default","_kad_post_sidebar_id":"","_kad_post_content_style":"default","_kad_post_vertical_padding":"show","_kad_post_feature":"","_kad_post_feature_position":"","_kad_post_header":false,"_kad_post_footer":false},"product_brand":[],"product_cat":[65],"product_tag":[632,622,376,634,612,616,626,627,629,613,617,620,615,614,618,628,619,621,623,630,635,633,625,631,624],"class_list":{"0":"post-5799","1":"product","2":"type-product","3":"status-publish","4":"has-post-thumbnail","6":"product_cat-crane-electrical-parts","7":"product_tag-aviation-plug","8":"product_tag-cable-trolley","9":"product_tag-china-crane-parts-supplier","10":"product_tag-crane-aviation-plug","11":"product_tag-crane-cable-trolley","12":"product_tag-crane-control-cabinet","13":"product_tag-crane-control-handle","14":"product_tag-crane-controls","15":"product_tag-crane-electrical-control-cabinet","16":"product_tag-crane-electrical-part","17":"product_tag-crane-limit-switch","18":"product_tag-crane-overload-limiter","19":"product_tag-crane-pendant-controller","20":"product_tag-crane-remote-controller","21":"product_tag-crane-sound-and-light-alarm","22":"product_tag-electrical-control-cabinet","23":"product_tag-heavy-duty-aviation-connector","24":"product_tag-i-beam-cable-trolley","25":"product_tag-i-beam-cable-trolley-supplier","26":"product_tag-limit-switch","27":"product_tag-overload-limiter","28":"product_tag-quick-connector","29":"product_tag-remote-controller","30":"product_tag-sound-and-light-alarm","31":"product_tag-wireless-remote-control","33":"first","34":"instock","35":"shipping-taxable","36":"product-type-simple","37":"entry","38":"content-bg","39":"loop-entry"},"yoast_head":"<!-- This site is optimized with the Yoast SEO plugin v24.5 - https:\/\/yoast.com\/wordpress\/plugins\/seo\/ -->\n<title>Heavy Duty Aviation Connector - Aviation plug-Quick connector-Crane Parts Manufacturer<\/title>\n<meta name=\"description\" content=\"Aviation plug,quick connector,Crane aviation plug, Heavy Duty Aviation Connector manufacturer,Crane Parts Supplier,Heavy Duty Aviation Connector\" \/>\n<meta name=\"robots\" content=\"index, follow, max-snippet:-1, max-image-preview:large, max-video-preview:-1\" \/>\n<link rel=\"canonical\" href=\"https:\/\/www.hnhlcranes.com\/fi\/tuote\/raskaan-liikenteen-ilmailuliitin\/\" \/>\n<meta property=\"og:locale\" content=\"fi_FI\" \/>\n<meta property=\"og:type\" content=\"article\" \/>\n<meta property=\"og:title\" content=\"Heavy Duty Aviation Connector - Aviation plug-Quick connector-Crane Parts Manufacturer\" \/>\n<meta property=\"og:description\" content=\"Aviation plug,quick connector,Crane aviation plug, Heavy Duty Aviation Connector manufacturer,Crane Parts Supplier,Heavy Duty Aviation Connector\" \/>\n<meta property=\"og:url\" content=\"https:\/\/www.hnhlcranes.com\/fi\/tuote\/raskaan-liikenteen-ilmailuliitin\/\" \/>\n<meta property=\"og:site_name\" content=\"Crane Parts Manufacturer\" \/>\n<meta property=\"article:modified_time\" content=\"2025-01-16T07:38:12+00:00\" \/>\n<meta property=\"og:image\" content=\"https:\/\/www.hnhlcranes.com\/wp-content\/uploads\/2024\/12\/Heavy-Duty-Aviation-Connector.jpg\" \/>\n\t<meta property=\"og:image:width\" content=\"600\" \/>\n\t<meta property=\"og:image:height\" content=\"600\" \/>\n\t<meta property=\"og:image:type\" content=\"image\/jpeg\" \/>\n<meta name=\"twitter:card\" content=\"summary_large_image\" \/>\n<meta name=\"twitter:label1\" content=\"Arvioitu lukuaika\" \/>\n\t<meta name=\"twitter:data1\" content=\"4 minuuttia\" \/>\n<script type=\"application\/ld+json\" class=\"yoast-schema-graph\">{\"@context\":\"https:\/\/schema.org\",\"@graph\":[{\"@type\":\"WebPage\",\"@id\":\"https:\/\/www.hnhlcranes.com\/product\/heavy-duty-aviation-connector\/\",\"url\":\"https:\/\/www.hnhlcranes.com\/product\/heavy-duty-aviation-connector\/\",\"name\":\"Heavy Duty Aviation Connector - Aviation plug-Quick connector-Crane Parts Manufacturer\",\"isPartOf\":{\"@id\":\"https:\/\/www.hnhlcranes.com\/#website\"},\"primaryImageOfPage\":{\"@id\":\"https:\/\/www.hnhlcranes.com\/product\/heavy-duty-aviation-connector\/#primaryimage\"},\"image\":{\"@id\":\"https:\/\/www.hnhlcranes.com\/product\/heavy-duty-aviation-connector\/#primaryimage\"},\"thumbnailUrl\":\"https:\/\/www.hnhlcranes.com\/wp-content\/uploads\/2024\/12\/Heavy-Duty-Aviation-Connector.jpg\",\"datePublished\":\"2024-12-05T17:12:50+00:00\",\"dateModified\":\"2025-01-16T07:38:12+00:00\",\"description\":\"Aviation plug,quick connector,Crane aviation plug, Heavy Duty Aviation Connector manufacturer,Crane Parts Supplier,Heavy Duty Aviation Connector\",\"breadcrumb\":{\"@id\":\"https:\/\/www.hnhlcranes.com\/product\/heavy-duty-aviation-connector\/#breadcrumb\"},\"inLanguage\":\"fi\",\"potentialAction\":[{\"@type\":\"ReadAction\",\"target\":[\"https:\/\/www.hnhlcranes.com\/product\/heavy-duty-aviation-connector\/\"]}]},{\"@type\":\"ImageObject\",\"inLanguage\":\"fi\",\"@id\":\"https:\/\/www.hnhlcranes.com\/product\/heavy-duty-aviation-connector\/#primaryimage\",\"url\":\"https:\/\/www.hnhlcranes.com\/wp-content\/uploads\/2024\/12\/Heavy-Duty-Aviation-Connector.jpg\",\"contentUrl\":\"https:\/\/www.hnhlcranes.com\/wp-content\/uploads\/2024\/12\/Heavy-Duty-Aviation-Connector.jpg\",\"width\":600,\"height\":600},{\"@type\":\"BreadcrumbList\",\"@id\":\"https:\/\/www.hnhlcranes.com\/product\/heavy-duty-aviation-connector\/#breadcrumb\",\"itemListElement\":[{\"@type\":\"ListItem\",\"position\":1,\"name\":\"home\",\"item\":\"https:\/\/www.hnhlcranes.com\/\"},{\"@type\":\"ListItem\",\"position\":2,\"name\":\"products\",\"item\":\"https:\/\/www.hnhlcranes.com\/products\/\"},{\"@type\":\"ListItem\",\"position\":3,\"name\":\"Heavy Duty Aviation Connector\"}]},{\"@type\":\"WebSite\",\"@id\":\"https:\/\/www.hnhlcranes.com\/#website\",\"url\":\"https:\/\/www.hnhlcranes.com\/\",\"name\":\"Crane Parts Manufacturer\",\"description\":\"Crane Wheels,Crane Drums,Crane Hooks,Crane Coupling,Crane End Carriage,Electric Hoist,European Crane Parts,Crane Rail Clip,Crane Spreader,Crane Motor,Crane Reducer,Crane Brake,Light Crane Parts,Workstation Crane Parts,Crane Electrical Parts,China Crane Parts Supplier,China Crane Parts Manufacturer,Angle box type crane wheel,45 degree split crane wheel,European crane wheel,Crane Wheel Blocks,Overhead crane drum,European crane drum,Overhead crane hook,European crane hook,Crane pulley block,Gear coupling,Brake wheel coupling,Drum gear coupling,Brake wheel drum gear coupling,Cardan Shaft Coupling,WZL drum coupling,Plum blossom elastic coupling,Brake wheel plum elastic coupling,European Single girder crane end carriage,European Double girder crane end carriage,European Suspension  crane end carriage,Wire Rope Electric Hoist,Electric Chain Hoist,European Single Girder Wire Rope Electric Hoist,European Double Girder Wire Rope Electric Hoist,Crane grab,Container spreader,Billet crane clamps,C-type hook,Lifting Electromagnet,YZR crane motor,YZP crane motor,ZQ Reducer,ZSC Reducer,QJ Reducer,QJ-L Reducer,QJY Reducer,H series gearbox,F Series Gear Motor,K Series Gear Motor,R Series Gear Motor,travelling machinery gear motor,Electro hydraulic drum brake,Electro hydraulic disc brake,Crane Safety brake,Crane cable trolley,Crane remote controller,Crane pendant controller,Crane electrical control cabinet,Crane limit switch,Crane sound and light alarm,Heavy Duty Aviation Connector,Crane overload limiter\",\"publisher\":{\"@id\":\"https:\/\/www.hnhlcranes.com\/#organization\"},\"potentialAction\":[{\"@type\":\"SearchAction\",\"target\":{\"@type\":\"EntryPoint\",\"urlTemplate\":\"https:\/\/www.hnhlcranes.com\/?s={search_term_string}\"},\"query-input\":{\"@type\":\"PropertyValueSpecification\",\"valueRequired\":true,\"valueName\":\"search_term_string\"}}],\"inLanguage\":\"fi\"},{\"@type\":\"Organization\",\"@id\":\"https:\/\/www.hnhlcranes.com\/#organization\",\"name\":\"Crane Parts Manufacturer\",\"url\":\"https:\/\/www.hnhlcranes.com\/\",\"logo\":{\"@type\":\"ImageObject\",\"inLanguage\":\"fi\",\"@id\":\"https:\/\/www.hnhlcranes.com\/#\/schema\/logo\/image\/\",\"url\":\"https:\/\/www.hnhlcranes.com\/wp-content\/uploads\/2025\/01\/HL-logo-1.png\",\"contentUrl\":\"https:\/\/www.hnhlcranes.com\/wp-content\/uploads\/2025\/01\/HL-logo-1.png\",\"width\":600,\"height\":169,\"caption\":\"Crane Parts Manufacturer\"},\"image\":{\"@id\":\"https:\/\/www.hnhlcranes.com\/#\/schema\/logo\/image\/\"}}]}<\/script>\n<!-- \/ Yoast SEO plugin. -->","yoast_head_json":{"title":"Heavy Duty Aviation Connector - Aviation plug-Quick connector-Crane Parts Manufacturer","description":"Aviation plug,quick connector,Crane aviation plug, Heavy Duty Aviation Connector manufacturer,Crane Parts Supplier,Heavy Duty Aviation Connector","robots":{"index":"index","follow":"follow","max-snippet":"max-snippet:-1","max-image-preview":"max-image-preview:large","max-video-preview":"max-video-preview:-1"},"canonical":"https:\/\/www.hnhlcranes.com\/fi\/tuote\/raskaan-liikenteen-ilmailuliitin\/","og_locale":"fi_FI","og_type":"article","og_title":"Heavy Duty Aviation Connector - Aviation plug-Quick connector-Crane Parts Manufacturer","og_description":"Aviation plug,quick connector,Crane aviation plug, Heavy Duty Aviation Connector manufacturer,Crane Parts Supplier,Heavy Duty Aviation Connector","og_url":"https:\/\/www.hnhlcranes.com\/fi\/tuote\/raskaan-liikenteen-ilmailuliitin\/","og_site_name":"Crane Parts Manufacturer","article_modified_time":"2025-01-16T07:38:12+00:00","og_image":[{"width":600,"height":600,"url":"https:\/\/www.hnhlcranes.com\/wp-content\/uploads\/2024\/12\/Heavy-Duty-Aviation-Connector.jpg","type":"image\/jpeg"}],"twitter_card":"summary_large_image","twitter_misc":{"Arvioitu lukuaika":"4 minuuttia"},"schema":{"@context":"https:\/\/schema.org","@graph":[{"@type":"WebPage","@id":"https:\/\/www.hnhlcranes.com\/product\/heavy-duty-aviation-connector\/","url":"https:\/\/www.hnhlcranes.com\/product\/heavy-duty-aviation-connector\/","name":"Heavy Duty Aviation Connector - Aviation plug-Quick connector-Crane Parts Manufacturer","isPartOf":{"@id":"https:\/\/www.hnhlcranes.com\/#website"},"primaryImageOfPage":{"@id":"https:\/\/www.hnhlcranes.com\/product\/heavy-duty-aviation-connector\/#primaryimage"},"image":{"@id":"https:\/\/www.hnhlcranes.com\/product\/heavy-duty-aviation-connector\/#primaryimage"},"thumbnailUrl":"https:\/\/www.hnhlcranes.com\/wp-content\/uploads\/2024\/12\/Heavy-Duty-Aviation-Connector.jpg","datePublished":"2024-12-05T17:12:50+00:00","dateModified":"2025-01-16T07:38:12+00:00","description":"Aviation plug,quick connector,Crane aviation plug, Heavy Duty Aviation Connector manufacturer,Crane Parts Supplier,Heavy Duty Aviation Connector","breadcrumb":{"@id":"https:\/\/www.hnhlcranes.com\/product\/heavy-duty-aviation-connector\/#breadcrumb"},"inLanguage":"fi","potentialAction":[{"@type":"ReadAction","target":["https:\/\/www.hnhlcranes.com\/product\/heavy-duty-aviation-connector\/"]}]},{"@type":"ImageObject","inLanguage":"fi","@id":"https:\/\/www.hnhlcranes.com\/product\/heavy-duty-aviation-connector\/#primaryimage","url":"https:\/\/www.hnhlcranes.com\/wp-content\/uploads\/2024\/12\/Heavy-Duty-Aviation-Connector.jpg","contentUrl":"https:\/\/www.hnhlcranes.com\/wp-content\/uploads\/2024\/12\/Heavy-Duty-Aviation-Connector.jpg","width":600,"height":600},{"@type":"BreadcrumbList","@id":"https:\/\/www.hnhlcranes.com\/product\/heavy-duty-aviation-connector\/#breadcrumb","itemListElement":[{"@type":"ListItem","position":1,"name":"home","item":"https:\/\/www.hnhlcranes.com\/"},{"@type":"ListItem","position":2,"name":"products","item":"https:\/\/www.hnhlcranes.com\/products\/"},{"@type":"ListItem","position":3,"name":"Heavy Duty Aviation Connector"}]},{"@type":"WebSite","@id":"https:\/\/www.hnhlcranes.com\/#website","url":"https:\/\/www.hnhlcranes.com\/","name":"Crane Parts Manufacturer","description":"Crane Wheels,Crane Drums,Crane Hooks,Crane Coupling,Crane End Carriage,Electric Hoist,European Crane Parts,Crane Rail Clip,Crane Spreader,Crane Motor,Crane Reducer,Crane Brake,Light Crane Parts,Workstation Crane Parts,Crane Electrical Parts,China Crane Parts Supplier,China Crane Parts Manufacturer,Angle box type crane wheel,45 degree split crane wheel,European crane wheel,Crane Wheel Blocks,Overhead crane drum,European crane drum,Overhead crane hook,European crane hook,Crane pulley block,Gear coupling,Brake wheel coupling,Drum gear coupling,Brake wheel drum gear coupling,Cardan Shaft Coupling,WZL drum coupling,Plum blossom elastic coupling,Brake wheel plum elastic coupling,European Single girder crane end carriage,European Double girder crane end carriage,European Suspension  crane end carriage,Wire Rope Electric Hoist,Electric Chain Hoist,European Single Girder Wire Rope Electric Hoist,European Double Girder Wire Rope Electric Hoist,Crane grab,Container spreader,Billet crane clamps,C-type hook,Lifting Electromagnet,YZR crane motor,YZP crane motor,ZQ Reducer,ZSC Reducer,QJ Reducer,QJ-L Reducer,QJY Reducer,H series gearbox,F Series Gear Motor,K Series Gear Motor,R Series Gear Motor,travelling machinery gear motor,Electro hydraulic drum brake,Electro hydraulic disc brake,Crane Safety brake,Crane cable trolley,Crane remote controller,Crane pendant controller,Crane electrical control cabinet,Crane limit switch,Crane sound and light alarm,Heavy Duty Aviation Connector,Crane overload limiter","publisher":{"@id":"https:\/\/www.hnhlcranes.com\/#organization"},"potentialAction":[{"@type":"SearchAction","target":{"@type":"EntryPoint","urlTemplate":"https:\/\/www.hnhlcranes.com\/?s={search_term_string}"},"query-input":{"@type":"PropertyValueSpecification","valueRequired":true,"valueName":"search_term_string"}}],"inLanguage":"fi"},{"@type":"Organization","@id":"https:\/\/www.hnhlcranes.com\/#organization","name":"Crane Parts Manufacturer","url":"https:\/\/www.hnhlcranes.com\/","logo":{"@type":"ImageObject","inLanguage":"fi","@id":"https:\/\/www.hnhlcranes.com\/#\/schema\/logo\/image\/","url":"https:\/\/www.hnhlcranes.com\/wp-content\/uploads\/2025\/01\/HL-logo-1.png","contentUrl":"https:\/\/www.hnhlcranes.com\/wp-content\/uploads\/2025\/01\/HL-logo-1.png","width":600,"height":169,"caption":"Crane Parts Manufacturer"},"image":{"@id":"https:\/\/www.hnhlcranes.com\/#\/schema\/logo\/image\/"}}]}},"_links":{"self":[{"href":"https:\/\/www.hnhlcranes.com\/fi\/wp-json\/wp\/v2\/product\/5799","targetHints":{"allow":["GET"]}}],"collection":[{"href":"https:\/\/www.hnhlcranes.com\/fi\/wp-json\/wp\/v2\/product"}],"about":[{"href":"https:\/\/www.hnhlcranes.com\/fi\/wp-json\/wp\/v2\/types\/product"}],"version-history":[{"count":25,"href":"https:\/\/www.hnhlcranes.com\/fi\/wp-json\/wp\/v2\/product\/5799\/revisions"}],"predecessor-version":[{"id":7533,"href":"https:\/\/www.hnhlcranes.com\/fi\/wp-json\/wp\/v2\/product\/5799\/revisions\/7533"}],"wp:featuredmedia":[{"embeddable":true,"href":"https:\/\/www.hnhlcranes.com\/fi\/wp-json\/wp\/v2\/media\/7506"}],"wp:attachment":[{"href":"https:\/\/www.hnhlcranes.com\/fi\/wp-json\/wp\/v2\/media?parent=5799"}],"wp:term":[{"taxonomy":"product_brand","embeddable":true,"href":"https:\/\/www.hnhlcranes.com\/fi\/wp-json\/wp\/v2\/product_brand?post=5799"},{"taxonomy":"product_cat","embeddable":true,"href":"https:\/\/www.hnhlcranes.com\/fi\/wp-json\/wp\/v2\/product_cat?post=5799"},{"taxonomy":"product_tag","embeddable":true,"href":"https:\/\/www.hnhlcranes.com\/fi\/wp-json\/wp\/v2\/product_tag?post=5799"}],"curies":[{"name":"wp","href":"https:\/\/api.w.org\/{rel}","templated":true}]}}