{"id":5820,"date":"2024-12-06T01:29:13","date_gmt":"2024-12-05T17:29:13","guid":{"rendered":"https:\/\/www.hnhlcranes.com\/?post_type=product&#038;p=5820"},"modified":"2025-01-16T16:14:10","modified_gmt":"2025-01-16T08:14:10","slug":"nosturin-ylikuormanrajoitin","status":"publish","type":"product","link":"https:\/\/www.hnhlcranes.com\/fi\/tuote\/nosturin-ylikuormanrajoitin\/","title":{"rendered":"Nosturin ylikuorman rajoitin"},"content":{"rendered":"<div class=\"flex-1 overflow-hidden\">\n<div class=\"h-full\">\n<div class=\"react-scroll-to-bottom--css-fbdqh-79elbk h-full\">\n<div class=\"react-scroll-to-bottom--css-fbdqh-1n7m0yu\">\n<div class=\"flex flex-col text-sm md:pb-9\">\n<article class=\"w-full scroll-mb-[var(--thread-trailing-height,150px)] text-token-text-primary focus-visible:outline-2 focus-visible:outline-offset-[-4px]\" dir=\"auto\" data-testid=\"conversation-turn-17\" data-scroll-anchor=\"true\">\n<div class=\"m-auto text-base py-[18px] px-3 md:px-4 w-full md:px-5 lg:px-4 xl:px-5\">\n<div class=\"mx-auto flex flex-1 gap-4 text-base md:gap-5 lg:gap-6 md:max-w-3xl lg:max-w-[40rem] xl:max-w-[48rem]\">\n<div class=\"group\/conversation-turn relative flex w-full min-w-0 flex-col agent-turn\">\n<div class=\"flex-col gap-1 md:gap-3\">\n<div class=\"flex max-w-full flex-col flex-grow\">\n<div class=\"min-h-8 text-message flex w-full flex-col items-end gap-2 whitespace-normal break-words text-start [.text-message+&amp;]:mt-5\" dir=\"auto\" data-message-author-role=\"assistant\" data-message-id=\"6538a722-2ad3-40cd-9770-c47786dcb06e\" data-message-model-slug=\"gpt-4o\">\n<div class=\"flex w-full flex-col gap-1 empty:hidden first:pt-[3px]\">\n<div class=\"markdown prose w-full break-words dark:prose-invert light\">\n<div class=\"flex max-w-full flex-col flex-grow\">\n<div class=\"min-h-8 text-message flex w-full flex-col items-end gap-2 whitespace-normal break-words text-start [.text-message+&amp;]:mt-5\" dir=\"auto\" data-message-author-role=\"assistant\" data-message-id=\"4161658d-c029-4f43-843c-307ecec1274a\" data-message-model-slug=\"gpt-4o\">\n<div class=\"flex w-full flex-col gap-1 empty:hidden first:pt-[3px]\">\n<div class=\"markdown prose w-full break-words dark:prose-invert light\">\n<h3><strong>Soveltuvuus ymp\u00e4rist\u00f6\u00f6n <\/strong>nosturin ylikuormitusrajoitin<\/h3>\n<ol>\n<li><strong>Korkean ja matalan l\u00e4mp\u00f6tilan ymp\u00e4rist\u00f6t:<\/strong>\n<ul>\n<li>Nosturin ylikuormanrajoittimet pystyv\u00e4t toimimaan luotettavasti laajalla l\u00e4mp\u00f6tila-alueella, tyypillisesti -40 \u00b0C:sta +85 \u00b0C:een, joten ne soveltuvat sek\u00e4 korkeisiin ett\u00e4 mataliin l\u00e4mp\u00f6tiloihin.<\/li>\n<\/ul>\n<\/li>\n<li><strong>Kosteat ja vedenpit\u00e4v\u00e4t ymp\u00e4rist\u00f6t:<\/strong>\n<ul>\n<li>N\u00e4ill\u00e4 rajoittimilla on yleens\u00e4 IP65- tai korkeampi suojausluokitus, joka est\u00e4\u00e4 veden ja p\u00f6lyn p\u00e4\u00e4syn laitteeseen. T\u00e4m\u00e4n vuoksi ne soveltuvat erinomaisesti k\u00e4ytett\u00e4v\u00e4ksi kosteissa, p\u00f6lyisiss\u00e4 tai ankarissa s\u00e4\u00e4olosuhteissa.<\/li>\n<\/ul>\n<\/li>\n<\/ol>\n<h3><strong>T\u00e4rkeimm\u00e4t toiminnot <\/strong>nosturin ylikuormitusrajoitin<\/h3>\n<ol>\n<li><strong>Kuormituksen valvonta ja ylikuormituksen esto:<\/strong>\n<ul>\n<li>Ylikuormanrajoitin valvoo jatkuvasti koukussa olevaa kuormaa ja vertaa sit\u00e4 nosturin nimelliskapasiteettiin. Jos kuorma ylitt\u00e4\u00e4 turvallisen rajan, j\u00e4rjestelm\u00e4 rajoittaa automaattisesti nostotoimien jatkamista.<\/li>\n<\/ul>\n<\/li>\n<li><strong>Automaattinen h\u00e4lytys:<\/strong>\n<ul>\n<li>Kun kuormitus l\u00e4hestyy tai ylitt\u00e4\u00e4 turvakynnyksen, j\u00e4rjestelm\u00e4 antaa h\u00e4lytyksen, joka sis\u00e4lt\u00e4\u00e4 \u00e4\u00e4ni- ja visuaalisia signaaleja ja varoittaa k\u00e4ytt\u00e4j\u00e4\u00e4 ryhtym\u00e4\u00e4n korjaaviin toimenpiteisiin ja est\u00e4\u00e4 ylikuormituksen jatkumisen.<\/li>\n<\/ul>\n<\/li>\n<li><strong>Toiminnallinen suojaus:<\/strong>\n<ul>\n<li>Ylikuormanrajoitin voi olla vuorovaikutuksessa nosturin ohjausj\u00e4rjestelm\u00e4n kanssa v\u00e4hent\u00e4\u00e4kseen automaattisesti nostonopeutta tai pys\u00e4ytt\u00e4\u00e4kseen nostotoimet kokonaan, jolloin estet\u00e4\u00e4n laitteiston vaurioituminen tai ylikuormituksen aiheuttamat turvallisuusriskit.<\/li>\n<\/ul>\n<\/li>\n<li><strong>Tietojen tallentaminen ja analysointi:<\/strong>\n<ul>\n<li>Rajoitin on yleens\u00e4 varustettu tietojen tallennusominaisuuksilla, joiden avulla se voi tallentaa historiallisia kuormitustietoja, h\u00e4lytystietoja ja muita toimintatietoja. T\u00e4m\u00e4 auttaa k\u00e4yt\u00f6n j\u00e4lkeisess\u00e4 analysoinnissa, diagnostiikassa ja huollossa. Jotkin mallit tukevat my\u00f6s et\u00e4valvontaa ja tietojen lataamista.<\/li>\n<\/ul>\n<\/li>\n<li><strong>Kauko-ohjaus ja h\u00e4lytykset:<\/strong>\n<ul>\n<li>Joissakin malleissa on et\u00e4valvonta- ja ohjaustoiminnot, joiden avulla kuljettajat tai johtajat voivat tarkastella kuormitustietoja ja h\u00e4lytystietoja et\u00e4\u00e4lt\u00e4, mik\u00e4 parantaa yleist\u00e4 turvallisuutta nosturin k\u00e4yt\u00f6n aikana.<\/li>\n<\/ul>\n<\/li>\n<\/ol>\n<h3><strong>Toimintaperiaate<\/strong><\/h3>\n<ol>\n<li><strong>Kuorman mittaus:<\/strong>\n<ul>\n<li>Nosturin ylikuormanrajoitin k\u00e4ytt\u00e4\u00e4 antureita, kuten paineantureita, j\u00e4nnitysantureita tai siirtym\u00e4antureita, mittaamaan koukun kuormitusta reaaliaikaisesti. Anturit l\u00e4hett\u00e4v\u00e4t n\u00e4m\u00e4 tiedot ohjausj\u00e4rjestelm\u00e4\u00e4n k\u00e4sitelt\u00e4v\u00e4ksi.<\/li>\n<\/ul>\n<\/li>\n<li><strong>Tietojen k\u00e4sittely ja vertailu:<\/strong>\n<ul>\n<li>Kun ohjausj\u00e4rjestelm\u00e4 vastaanottaa anturitiedot, se vertaa nykyist\u00e4 kuormitusta esiasetettuun turvarajaan. Jos kuormitus ylitt\u00e4\u00e4 rajan, j\u00e4rjestelm\u00e4 laukaisee v\u00e4litt\u00f6m\u00e4sti h\u00e4lytyksen ja aktivoi suojamekanismin.<\/li>\n<\/ul>\n<\/li>\n<li><strong>H\u00e4lytys- ja suojamekanismi:<\/strong>\n<ul>\n<li>Kun kuorma ylitt\u00e4\u00e4 turvallisen raja-arvon, j\u00e4rjestelm\u00e4 aktivoi \u00e4\u00e4ni- ja visuaalisen h\u00e4lytyksen varoittaakseen k\u00e4ytt\u00e4j\u00e4\u00e4. Samalla se ryhtyy automaattisesti toimenpiteisiin, kuten hidastaa nostonopeutta tai pys\u00e4ytt\u00e4\u00e4 nostoty\u00f6n jatkamisen laitevaurioiden tai turvallisuusonnettomuuksien est\u00e4miseksi.<\/li>\n<\/ul>\n<\/li>\n<li><strong>Reaaliaikainen seuranta ja tallennus:<\/strong>\n<ul>\n<li>Ylikuormitusrajoitin n\u00e4ytt\u00e4\u00e4 reaaliaikaiset kuormitustiedot n\u00e4yt\u00f6ll\u00e4 ja tallentaa historiatiedot my\u00f6hemp\u00e4\u00e4 tarkastelua varten. Jotkin kehittyneet mallit voivat l\u00e4hett\u00e4\u00e4 tietoja et\u00e4n\u00e4 valvontakeskukseen, jolloin k\u00e4ytt\u00e4j\u00e4 tai johtoryhm\u00e4 voi jatkuvasti tarkkailla niit\u00e4.<\/li>\n<\/ul>\n<\/li>\n<li><strong>S\u00e4\u00e4t\u00f6 ja optimointi:<\/strong>\n<ul>\n<li>Joissakin huippuluokan ylikuormanrajoittimissa on \u00e4lykk\u00e4\u00e4t s\u00e4\u00e4t\u00f6ominaisuudet. Ne s\u00e4\u00e4t\u00e4v\u00e4t kuormitusrajaa automaattisesti muuttuvien ty\u00f6olosuhteiden mukaan ja varmistavat, ett\u00e4 nosturi toimii aina turva-alueella.<\/li>\n<\/ul>\n<\/li>\n<\/ol>\n<\/div>\n<\/div>\n<\/div>\n<\/div>\n<h6><strong><span style=\"font-family: arial, helvetica, sans-serif; font-size: 18pt;\">P\u00e4\u00e4telm\u00e4<\/span><\/strong><\/h6>\n<p>The <strong>QCX Nosturin ylikuorman rajoitin<\/strong> on v\u00e4ltt\u00e4m\u00e4t\u00f6n turvamekanismi kaksipalkkinostureissa. Se tarjoaa tarkan kuormanvalvonnan, luotettavat h\u00e4lytykset ja automaattisen moottorin katkaisun, joten se minimoi ylikuormitukseen liittyv\u00e4t riskit ja edist\u00e4\u00e4 merkitt\u00e4v\u00e4sti nykyaikaisia teollisuuden turvallisuusstandardeja.<\/p>\n<\/div>\n<\/div>\n<\/div>\n<\/div>\n<\/div>\n<\/div>\n<\/div>\n<\/div>\n<\/article>\n<\/div>\n<\/div>\n<\/div>\n<\/div>\n<\/div>\n<div><span style=\"font-family: var(--global-body-font-family);\">Akselikotelolla ja -jalustalla varustetut anturit yhdistettyn\u00e4 QCX-M-tyyppisiin mittalaitteisiin ovat yleisimmin k\u00e4ytetty nostopainon rajoittimien muoto. Vakiotuotteiden mitat on esitetty seuraavassa taulukossa. Esimerkiksi tilausmalli on: \u201cQCX-M-4-20t\/170-320\u201d.<\/span><\/div>\n<div><img fetchpriority=\"high\" decoding=\"async\" class=\"alignnone wp-image-7540\" src=\"https:\/\/www.hnhlcranes.com\/wp-content\/uploads\/2024\/12\/Crane-overload-limiter-7-300x188.jpg\" alt=\"\" width=\"962\" height=\"603\" srcset=\"https:\/\/www.hnhlcranes.com\/wp-content\/uploads\/2024\/12\/Crane-overload-limiter-7-300x188.jpg 300w, https:\/\/www.hnhlcranes.com\/wp-content\/uploads\/2024\/12\/Crane-overload-limiter-7-768x482.jpg 768w, https:\/\/www.hnhlcranes.com\/wp-content\/uploads\/2024\/12\/Crane-overload-limiter-7-600x377.jpg 600w, https:\/\/www.hnhlcranes.com\/wp-content\/uploads\/2024\/12\/Crane-overload-limiter-7.jpg 1000w\" sizes=\"(max-width: 962px) 100vw, 962px\" \/><\/div>\n<div>\n<p>&nbsp;<\/p>\n<p>Suurten vetoisuuksien rajoittimien anturit r\u00e4\u00e4t\u00e4l\u00f6id\u00e4\u00e4n yleens\u00e4 k\u00e4ytt\u00e4j\u00e4n piirustusten mukaan. Seuraavassa taulukossa esitetyt sarjan mitat on esitetty yhteenvetona suurimpien kiinalaisten nosturivalmistajien tilauspiirustusten perusteella, jotta uudet k\u00e4ytt\u00e4j\u00e4t voivat viitata niihin, kun he tilaavat tai suunnittelevat muita kuin vakiotuotteita.<\/p>\n<p><img decoding=\"async\" class=\"alignnone wp-image-7541\" src=\"https:\/\/www.hnhlcranes.com\/wp-content\/uploads\/2024\/12\/Crane-overload-limiter-8-300x206.jpg\" alt=\"\" width=\"990\" height=\"680\" srcset=\"https:\/\/www.hnhlcranes.com\/wp-content\/uploads\/2024\/12\/Crane-overload-limiter-8-300x206.jpg 300w, https:\/\/www.hnhlcranes.com\/wp-content\/uploads\/2024\/12\/Crane-overload-limiter-8-768x528.jpg 768w, https:\/\/www.hnhlcranes.com\/wp-content\/uploads\/2024\/12\/Crane-overload-limiter-8-600x413.jpg 600w, https:\/\/www.hnhlcranes.com\/wp-content\/uploads\/2024\/12\/Crane-overload-limiter-8.jpg 1000w\" sizes=\"(max-width: 990px) 100vw, 990px\" \/><\/p>\n<p>HLF-3A-sarjan anturit koostuvat kahdesta osasta: antureista ja tyynyist\u00e4. Ne asennetaan p\u00e4\u00e4asiassa nosturin kiinte\u00e4n hihnapy\u00f6r\u00e4n akselin molempien p\u00e4iden alle kest\u00e4m\u00e4\u00e4n hihnapy\u00f6r\u00e4n lohkon aiheuttamaa painetta. Yleens\u00e4 ryhm\u00e4ss\u00e4 k\u00e4ytet\u00e4\u00e4n kahta anturia. Niit\u00e4 k\u00e4ytet\u00e4\u00e4n usein tilaisuuksissa, joissa mittaustarkkuusvaatimukset ovat suhteellisen korkeat, kuten nosturin elektronisissa vaaoissa.<\/p>\n<p>&nbsp;<\/p>\n<\/div>\n<div><img decoding=\"async\" class=\"alignnone wp-image-7542\" src=\"https:\/\/www.hnhlcranes.com\/wp-content\/uploads\/2024\/12\/Crane-overload-limiter-HLF-300x187.jpg\" alt=\"\" width=\"977\" height=\"609\" srcset=\"https:\/\/www.hnhlcranes.com\/wp-content\/uploads\/2024\/12\/Crane-overload-limiter-HLF-300x187.jpg 300w, https:\/\/www.hnhlcranes.com\/wp-content\/uploads\/2024\/12\/Crane-overload-limiter-HLF-768x479.jpg 768w, https:\/\/www.hnhlcranes.com\/wp-content\/uploads\/2024\/12\/Crane-overload-limiter-HLF-600x374.jpg 600w, https:\/\/www.hnhlcranes.com\/wp-content\/uploads\/2024\/12\/Crane-overload-limiter-HLF.jpg 1000w\" sizes=\"(max-width: 977px) 100vw, 977px\" \/><\/div>","protected":false},"excerpt":{"rendered":"<h6><strong><span style=\"font-family: arial, helvetica, sans-serif; font-size: 14pt;\">T\u00e4rkeimm\u00e4t parametrit:<\/span><\/strong><\/h6>\n<ul>\n<li>Tarkkuus \u22645%F.S.<\/li>\n<li>90% varoitus, 105% h\u00e4lytys.<\/li>\n<li>130% v\u00e4lit\u00f6n ohjaus, ulostulo relekoskettimien joukko<\/li>\n<li>Kapasiteetti 10A, 380V<\/li>\n<li>Virtal\u00e4hteen j\u00e4nnite AC380V tai 220V\/50Hz<\/li>\n<li>Ymp\u00e4rist\u00f6n l\u00e4mp\u00f6tila -20\uff5e+60 \u2103\/90%RH<\/li>\n<li>Suojaustasoanturi IP65,<\/li>\n<li>Laite IP42<\/li>\n<\/ul>","protected":false},"featured_media":7543,"template":"","meta":{"_kad_post_transparent":"default","_kad_post_title":"","_kad_post_layout":"default","_kad_post_sidebar_id":"","_kad_post_content_style":"default","_kad_post_vertical_padding":"show","_kad_post_feature":"","_kad_post_feature_position":"","_kad_post_header":false,"_kad_post_footer":false},"product_brand":[],"product_cat":[65],"product_tag":[632,622,376,634,612,616,626,627,629,613,617,620,615,614,618,628,619,621,623,630,635,633,625,631,624],"class_list":{"0":"post-5820","1":"product","2":"type-product","3":"status-publish","4":"has-post-thumbnail","6":"product_cat-crane-electrical-parts","7":"product_tag-aviation-plug","8":"product_tag-cable-trolley","9":"product_tag-china-crane-parts-supplier","10":"product_tag-crane-aviation-plug","11":"product_tag-crane-cable-trolley","12":"product_tag-crane-control-cabinet","13":"product_tag-crane-control-handle","14":"product_tag-crane-controls","15":"product_tag-crane-electrical-control-cabinet","16":"product_tag-crane-electrical-part","17":"product_tag-crane-limit-switch","18":"product_tag-crane-overload-limiter","19":"product_tag-crane-pendant-controller","20":"product_tag-crane-remote-controller","21":"product_tag-crane-sound-and-light-alarm","22":"product_tag-electrical-control-cabinet","23":"product_tag-heavy-duty-aviation-connector","24":"product_tag-i-beam-cable-trolley","25":"product_tag-i-beam-cable-trolley-supplier","26":"product_tag-limit-switch","27":"product_tag-overload-limiter","28":"product_tag-quick-connector","29":"product_tag-remote-controller","30":"product_tag-sound-and-light-alarm","31":"product_tag-wireless-remote-control","33":"first","34":"instock","35":"shipping-taxable","36":"product-type-simple","37":"entry","38":"content-bg","39":"loop-entry"},"yoast_head":"<!-- This site is optimized with the Yoast SEO plugin v24.5 - https:\/\/yoast.com\/wordpress\/plugins\/seo\/ -->\n<title>Crane overload limiter - Overload limiter-Crane Electrical Part-Crane Parts Manufacturer<\/title>\n<meta name=\"description\" content=\"Overload limiter,Crane overload limiter manufacturer,Crane overload limiter Supplier,Crane overload limiter,Crane Parts Supplier\" \/>\n<meta name=\"robots\" content=\"index, follow, max-snippet:-1, max-image-preview:large, max-video-preview:-1\" \/>\n<link rel=\"canonical\" href=\"https:\/\/www.hnhlcranes.com\/fi\/tuote\/nosturin-ylikuormanrajoitin\/\" \/>\n<meta property=\"og:locale\" content=\"fi_FI\" \/>\n<meta property=\"og:type\" content=\"article\" \/>\n<meta property=\"og:title\" content=\"Crane overload limiter - Overload limiter-Crane Electrical Part-Crane Parts Manufacturer\" \/>\n<meta property=\"og:description\" content=\"Overload limiter,Crane overload limiter manufacturer,Crane overload limiter Supplier,Crane overload limiter,Crane Parts Supplier\" \/>\n<meta property=\"og:url\" content=\"https:\/\/www.hnhlcranes.com\/fi\/tuote\/nosturin-ylikuormanrajoitin\/\" \/>\n<meta property=\"og:site_name\" content=\"Crane Parts Manufacturer\" \/>\n<meta property=\"article:modified_time\" content=\"2025-01-16T08:14:10+00:00\" \/>\n<meta property=\"og:image\" content=\"https:\/\/www.hnhlcranes.com\/wp-content\/uploads\/2024\/12\/Crane-overload-limiter.jpg\" \/>\n\t<meta property=\"og:image:width\" content=\"600\" \/>\n\t<meta property=\"og:image:height\" content=\"600\" \/>\n\t<meta property=\"og:image:type\" content=\"image\/jpeg\" \/>\n<meta name=\"twitter:card\" content=\"summary_large_image\" \/>\n<meta name=\"twitter:label1\" content=\"Arvioitu lukuaika\" \/>\n\t<meta name=\"twitter:data1\" content=\"4 minuuttia\" \/>\n<script type=\"application\/ld+json\" class=\"yoast-schema-graph\">{\"@context\":\"https:\/\/schema.org\",\"@graph\":[{\"@type\":\"WebPage\",\"@id\":\"https:\/\/www.hnhlcranes.com\/product\/crane-overload-limiter\/\",\"url\":\"https:\/\/www.hnhlcranes.com\/product\/crane-overload-limiter\/\",\"name\":\"Crane overload limiter - Overload limiter-Crane Electrical Part-Crane Parts Manufacturer\",\"isPartOf\":{\"@id\":\"https:\/\/www.hnhlcranes.com\/#website\"},\"primaryImageOfPage\":{\"@id\":\"https:\/\/www.hnhlcranes.com\/product\/crane-overload-limiter\/#primaryimage\"},\"image\":{\"@id\":\"https:\/\/www.hnhlcranes.com\/product\/crane-overload-limiter\/#primaryimage\"},\"thumbnailUrl\":\"https:\/\/www.hnhlcranes.com\/wp-content\/uploads\/2024\/12\/Crane-overload-limiter.jpg\",\"datePublished\":\"2024-12-05T17:29:13+00:00\",\"dateModified\":\"2025-01-16T08:14:10+00:00\",\"description\":\"Overload limiter,Crane overload limiter manufacturer,Crane overload limiter Supplier,Crane overload limiter,Crane Parts Supplier\",\"breadcrumb\":{\"@id\":\"https:\/\/www.hnhlcranes.com\/product\/crane-overload-limiter\/#breadcrumb\"},\"inLanguage\":\"fi\",\"potentialAction\":[{\"@type\":\"ReadAction\",\"target\":[\"https:\/\/www.hnhlcranes.com\/product\/crane-overload-limiter\/\"]}]},{\"@type\":\"ImageObject\",\"inLanguage\":\"fi\",\"@id\":\"https:\/\/www.hnhlcranes.com\/product\/crane-overload-limiter\/#primaryimage\",\"url\":\"https:\/\/www.hnhlcranes.com\/wp-content\/uploads\/2024\/12\/Crane-overload-limiter.jpg\",\"contentUrl\":\"https:\/\/www.hnhlcranes.com\/wp-content\/uploads\/2024\/12\/Crane-overload-limiter.jpg\",\"width\":600,\"height\":600},{\"@type\":\"BreadcrumbList\",\"@id\":\"https:\/\/www.hnhlcranes.com\/product\/crane-overload-limiter\/#breadcrumb\",\"itemListElement\":[{\"@type\":\"ListItem\",\"position\":1,\"name\":\"home\",\"item\":\"https:\/\/www.hnhlcranes.com\/\"},{\"@type\":\"ListItem\",\"position\":2,\"name\":\"products\",\"item\":\"https:\/\/www.hnhlcranes.com\/products\/\"},{\"@type\":\"ListItem\",\"position\":3,\"name\":\"Crane overload limiter\"}]},{\"@type\":\"WebSite\",\"@id\":\"https:\/\/www.hnhlcranes.com\/#website\",\"url\":\"https:\/\/www.hnhlcranes.com\/\",\"name\":\"Crane Parts Manufacturer\",\"description\":\"Crane Wheels,Crane Drums,Crane Hooks,Crane Coupling,Crane End Carriage,Electric Hoist,European Crane Parts,Crane Rail Clip,Crane Spreader,Crane Motor,Crane Reducer,Crane Brake,Light Crane Parts,Workstation Crane Parts,Crane Electrical Parts,China Crane Parts Supplier,China Crane Parts Manufacturer,Angle box type crane wheel,45 degree split crane wheel,European crane wheel,Crane Wheel Blocks,Overhead crane drum,European crane drum,Overhead crane hook,European crane hook,Crane pulley block,Gear coupling,Brake wheel coupling,Drum gear coupling,Brake wheel drum gear coupling,Cardan Shaft Coupling,WZL drum coupling,Plum blossom elastic coupling,Brake wheel plum elastic coupling,European Single girder crane end carriage,European Double girder crane end carriage,European Suspension  crane end carriage,Wire Rope Electric Hoist,Electric Chain Hoist,European Single Girder Wire Rope Electric Hoist,European Double Girder Wire Rope Electric Hoist,Crane grab,Container spreader,Billet crane clamps,C-type hook,Lifting Electromagnet,YZR crane motor,YZP crane motor,ZQ Reducer,ZSC Reducer,QJ Reducer,QJ-L Reducer,QJY Reducer,H series gearbox,F Series Gear Motor,K Series Gear Motor,R Series Gear Motor,travelling machinery gear motor,Electro hydraulic drum brake,Electro hydraulic disc brake,Crane Safety brake,Crane cable trolley,Crane remote controller,Crane pendant controller,Crane electrical control cabinet,Crane limit switch,Crane sound and light alarm,Heavy Duty Aviation Connector,Crane overload limiter\",\"publisher\":{\"@id\":\"https:\/\/www.hnhlcranes.com\/#organization\"},\"potentialAction\":[{\"@type\":\"SearchAction\",\"target\":{\"@type\":\"EntryPoint\",\"urlTemplate\":\"https:\/\/www.hnhlcranes.com\/?s={search_term_string}\"},\"query-input\":{\"@type\":\"PropertyValueSpecification\",\"valueRequired\":true,\"valueName\":\"search_term_string\"}}],\"inLanguage\":\"fi\"},{\"@type\":\"Organization\",\"@id\":\"https:\/\/www.hnhlcranes.com\/#organization\",\"name\":\"Crane Parts Manufacturer\",\"url\":\"https:\/\/www.hnhlcranes.com\/\",\"logo\":{\"@type\":\"ImageObject\",\"inLanguage\":\"fi\",\"@id\":\"https:\/\/www.hnhlcranes.com\/#\/schema\/logo\/image\/\",\"url\":\"https:\/\/www.hnhlcranes.com\/wp-content\/uploads\/2025\/01\/HL-logo-1.png\",\"contentUrl\":\"https:\/\/www.hnhlcranes.com\/wp-content\/uploads\/2025\/01\/HL-logo-1.png\",\"width\":600,\"height\":169,\"caption\":\"Crane Parts Manufacturer\"},\"image\":{\"@id\":\"https:\/\/www.hnhlcranes.com\/#\/schema\/logo\/image\/\"}}]}<\/script>\n<!-- \/ Yoast SEO plugin. -->","yoast_head_json":{"title":"Crane overload limiter - Overload limiter-Crane Electrical Part-Crane Parts Manufacturer","description":"Overload limiter,Crane overload limiter manufacturer,Crane overload limiter Supplier,Crane overload limiter,Crane Parts Supplier","robots":{"index":"index","follow":"follow","max-snippet":"max-snippet:-1","max-image-preview":"max-image-preview:large","max-video-preview":"max-video-preview:-1"},"canonical":"https:\/\/www.hnhlcranes.com\/fi\/tuote\/nosturin-ylikuormanrajoitin\/","og_locale":"fi_FI","og_type":"article","og_title":"Crane overload limiter - Overload limiter-Crane Electrical Part-Crane Parts Manufacturer","og_description":"Overload limiter,Crane overload limiter manufacturer,Crane overload limiter Supplier,Crane overload limiter,Crane Parts Supplier","og_url":"https:\/\/www.hnhlcranes.com\/fi\/tuote\/nosturin-ylikuormanrajoitin\/","og_site_name":"Crane Parts Manufacturer","article_modified_time":"2025-01-16T08:14:10+00:00","og_image":[{"width":600,"height":600,"url":"https:\/\/www.hnhlcranes.com\/wp-content\/uploads\/2024\/12\/Crane-overload-limiter.jpg","type":"image\/jpeg"}],"twitter_card":"summary_large_image","twitter_misc":{"Arvioitu lukuaika":"4 minuuttia"},"schema":{"@context":"https:\/\/schema.org","@graph":[{"@type":"WebPage","@id":"https:\/\/www.hnhlcranes.com\/product\/crane-overload-limiter\/","url":"https:\/\/www.hnhlcranes.com\/product\/crane-overload-limiter\/","name":"Crane overload limiter - Overload limiter-Crane Electrical Part-Crane Parts Manufacturer","isPartOf":{"@id":"https:\/\/www.hnhlcranes.com\/#website"},"primaryImageOfPage":{"@id":"https:\/\/www.hnhlcranes.com\/product\/crane-overload-limiter\/#primaryimage"},"image":{"@id":"https:\/\/www.hnhlcranes.com\/product\/crane-overload-limiter\/#primaryimage"},"thumbnailUrl":"https:\/\/www.hnhlcranes.com\/wp-content\/uploads\/2024\/12\/Crane-overload-limiter.jpg","datePublished":"2024-12-05T17:29:13+00:00","dateModified":"2025-01-16T08:14:10+00:00","description":"Overload limiter,Crane overload limiter manufacturer,Crane overload limiter Supplier,Crane overload limiter,Crane Parts Supplier","breadcrumb":{"@id":"https:\/\/www.hnhlcranes.com\/product\/crane-overload-limiter\/#breadcrumb"},"inLanguage":"fi","potentialAction":[{"@type":"ReadAction","target":["https:\/\/www.hnhlcranes.com\/product\/crane-overload-limiter\/"]}]},{"@type":"ImageObject","inLanguage":"fi","@id":"https:\/\/www.hnhlcranes.com\/product\/crane-overload-limiter\/#primaryimage","url":"https:\/\/www.hnhlcranes.com\/wp-content\/uploads\/2024\/12\/Crane-overload-limiter.jpg","contentUrl":"https:\/\/www.hnhlcranes.com\/wp-content\/uploads\/2024\/12\/Crane-overload-limiter.jpg","width":600,"height":600},{"@type":"BreadcrumbList","@id":"https:\/\/www.hnhlcranes.com\/product\/crane-overload-limiter\/#breadcrumb","itemListElement":[{"@type":"ListItem","position":1,"name":"home","item":"https:\/\/www.hnhlcranes.com\/"},{"@type":"ListItem","position":2,"name":"products","item":"https:\/\/www.hnhlcranes.com\/products\/"},{"@type":"ListItem","position":3,"name":"Crane overload limiter"}]},{"@type":"WebSite","@id":"https:\/\/www.hnhlcranes.com\/#website","url":"https:\/\/www.hnhlcranes.com\/","name":"Crane Parts Manufacturer","description":"Crane Wheels,Crane Drums,Crane Hooks,Crane Coupling,Crane End Carriage,Electric Hoist,European Crane Parts,Crane Rail Clip,Crane Spreader,Crane Motor,Crane Reducer,Crane Brake,Light Crane Parts,Workstation Crane Parts,Crane Electrical Parts,China Crane Parts Supplier,China Crane Parts Manufacturer,Angle box type crane wheel,45 degree split crane wheel,European crane wheel,Crane Wheel Blocks,Overhead crane drum,European crane drum,Overhead crane hook,European crane hook,Crane pulley block,Gear coupling,Brake wheel coupling,Drum gear coupling,Brake wheel drum gear coupling,Cardan Shaft Coupling,WZL drum coupling,Plum blossom elastic coupling,Brake wheel plum elastic coupling,European Single girder crane end carriage,European Double girder crane end carriage,European Suspension  crane end carriage,Wire Rope Electric Hoist,Electric Chain Hoist,European Single Girder Wire Rope Electric Hoist,European Double Girder Wire Rope Electric Hoist,Crane grab,Container spreader,Billet crane clamps,C-type hook,Lifting Electromagnet,YZR crane motor,YZP crane motor,ZQ Reducer,ZSC Reducer,QJ Reducer,QJ-L Reducer,QJY Reducer,H series gearbox,F Series Gear Motor,K Series Gear Motor,R Series Gear Motor,travelling machinery gear motor,Electro hydraulic drum brake,Electro hydraulic disc brake,Crane Safety brake,Crane cable trolley,Crane remote controller,Crane pendant controller,Crane electrical control cabinet,Crane limit switch,Crane sound and light alarm,Heavy Duty Aviation Connector,Crane overload limiter","publisher":{"@id":"https:\/\/www.hnhlcranes.com\/#organization"},"potentialAction":[{"@type":"SearchAction","target":{"@type":"EntryPoint","urlTemplate":"https:\/\/www.hnhlcranes.com\/?s={search_term_string}"},"query-input":{"@type":"PropertyValueSpecification","valueRequired":true,"valueName":"search_term_string"}}],"inLanguage":"fi"},{"@type":"Organization","@id":"https:\/\/www.hnhlcranes.com\/#organization","name":"Crane Parts Manufacturer","url":"https:\/\/www.hnhlcranes.com\/","logo":{"@type":"ImageObject","inLanguage":"fi","@id":"https:\/\/www.hnhlcranes.com\/#\/schema\/logo\/image\/","url":"https:\/\/www.hnhlcranes.com\/wp-content\/uploads\/2025\/01\/HL-logo-1.png","contentUrl":"https:\/\/www.hnhlcranes.com\/wp-content\/uploads\/2025\/01\/HL-logo-1.png","width":600,"height":169,"caption":"Crane Parts Manufacturer"},"image":{"@id":"https:\/\/www.hnhlcranes.com\/#\/schema\/logo\/image\/"}}]}},"_links":{"self":[{"href":"https:\/\/www.hnhlcranes.com\/fi\/wp-json\/wp\/v2\/product\/5820","targetHints":{"allow":["GET"]}}],"collection":[{"href":"https:\/\/www.hnhlcranes.com\/fi\/wp-json\/wp\/v2\/product"}],"about":[{"href":"https:\/\/www.hnhlcranes.com\/fi\/wp-json\/wp\/v2\/types\/product"}],"version-history":[{"count":6,"href":"https:\/\/www.hnhlcranes.com\/fi\/wp-json\/wp\/v2\/product\/5820\/revisions"}],"predecessor-version":[{"id":7547,"href":"https:\/\/www.hnhlcranes.com\/fi\/wp-json\/wp\/v2\/product\/5820\/revisions\/7547"}],"wp:featuredmedia":[{"embeddable":true,"href":"https:\/\/www.hnhlcranes.com\/fi\/wp-json\/wp\/v2\/media\/7543"}],"wp:attachment":[{"href":"https:\/\/www.hnhlcranes.com\/fi\/wp-json\/wp\/v2\/media?parent=5820"}],"wp:term":[{"taxonomy":"product_brand","embeddable":true,"href":"https:\/\/www.hnhlcranes.com\/fi\/wp-json\/wp\/v2\/product_brand?post=5820"},{"taxonomy":"product_cat","embeddable":true,"href":"https:\/\/www.hnhlcranes.com\/fi\/wp-json\/wp\/v2\/product_cat?post=5820"},{"taxonomy":"product_tag","embeddable":true,"href":"https:\/\/www.hnhlcranes.com\/fi\/wp-json\/wp\/v2\/product_tag?post=5820"}],"curies":[{"name":"wp","href":"https:\/\/api.w.org\/{rel}","templated":true}]}}