{"id":5222,"date":"2024-11-10T21:52:35","date_gmt":"2024-11-10T13:52:35","guid":{"rendered":"https:\/\/www.hnhlcranes.com\/?post_type=product&#038;p=5222"},"modified":"2025-01-19T18:08:47","modified_gmt":"2025-01-19T10:08:47","slug":"motoreducteur-serie-f","status":"publish","type":"product","link":"https:\/\/www.hnhlcranes.com\/fr\/produit\/motoreducteur-serie-f\/","title":{"rendered":"Moteur \u00e0 engrenages de la s\u00e9rie F"},"content":{"rendered":"<h3>Caract\u00e9ristiques de performance<\/h3>\n<p>Les moteurs \u00e0 engrenages de la s\u00e9rie F, les moteurs \u00e0 engrenages de la s\u00e9rie K et les moteurs \u00e0 engrenages de la s\u00e9rie C sont des produits de qualit\u00e9. <a href=\"https:\/\/www.hnhlcranes.com\/fr\/produit\/moteur-a-engrenages-de-la-serie-r\/\" target=\"_blank\" rel=\"noopener\">Moteur \u00e0 engrenages de la s\u00e9rie R<\/a> sont non seulement compacts mais aussi puissants, fournissant un couple \u00e9lev\u00e9 malgr\u00e9 leur petite taille. Ces motor\u00e9ducteurs sont con\u00e7us et fabriqu\u00e9s \u00e0 l'aide d'un syst\u00e8me de combinaison modulaire. Ils offrent ainsi un large \u00e9ventail de combinaisons de moteurs, de configurations de montage et d'options structurelles. En outre, les rapports de transmission finement \u00e9chelonn\u00e9s leur permettent de s'adapter sans probl\u00e8me \u00e0 diverses conditions de fonctionnement, ce qui permet une int\u00e9gration \u00e9lectrom\u00e9canique efficace.<\/p>\n<p>En particulier, les r\u00e9ducteurs des s\u00e9ries F, K et R utilisent une conception modulaire qui rationalise le processus de fabrication. Cette approche r\u00e9duit consid\u00e9rablement la vari\u00e9t\u00e9 des pi\u00e8ces et les niveaux de stock, ce qui raccourcit les d\u00e9lais de livraison. En outre, ces motor\u00e9ducteurs se distinguent par leur rendement de transmission \u00e9lev\u00e9, leur faible consommation d'\u00e9nergie et leurs performances globales exceptionnelles, ce qui en fait un choix de premier ordre dans leur cat\u00e9gorie.<\/p>\n<p>Les motor\u00e9ducteurs int\u00e8grent un carter en fonte \u00e0 haute rigidit\u00e9, renforc\u00e9 par des nervures pour plus de solidit\u00e9. En outre, les fabricants fabriquent les engrenages \u00e0 partir d'un acier alli\u00e9 de haute qualit\u00e9, en appliquant un processus de c\u00e9mentation et de trempe. Ils proc\u00e8dent ensuite \u00e0 une rectification de pr\u00e9cision, ce qui garantit une transmission en douceur, un faible niveau sonore, une capacit\u00e9 de charge \u00e9lev\u00e9e, une \u00e9l\u00e9vation minimale de la temp\u00e9rature et une dur\u00e9e de vie prolong\u00e9e.<\/p>\n<p>Gr\u00e2ce \u00e0 leur polyvalence exceptionnelle, ces motor\u00e9ducteurs sont largement utilis\u00e9s dans diverses industries. Par exemple, ils sont indispensables dans les \u00e9quipements de levage, l'industrie l\u00e9g\u00e8re, les escaliers m\u00e9caniques, les syst\u00e8mes de stockage automatis\u00e9s, les machines de construction, la sid\u00e9rurgie et la m\u00e9tallurgie, la papeterie et la production de panneaux de bois. En outre, ils sont fr\u00e9quemment utilis\u00e9s dans la construction automobile, les machines \u00e0 tabac, les projets de conservation de l'eau, l'impression et l'emballage, les produits pharmaceutiques, les textiles, les mat\u00e9riaux de construction, la logistique, les machines pour l'alimentation animale et la protection de l'environnement.<\/p>\n<p>Avant l'exp\u00e9dition, les fabricants laissent ces r\u00e9ducteurs sans huile pour garantir un transport s\u00fbr. Il est donc conseill\u00e9 aux utilisateurs d'ajouter de l'huile pour engrenages industriels \u00e0 moyenne pression N220 avant de faire fonctionner les moteurs afin d'optimiser leurs performances.<\/p>\n<h6><strong><span style=\"font-family: arial, helvetica, sans-serif; font-size: 18pt;\">Structure et configuration<\/span><\/strong><\/h6>\n<p><img fetchpriority=\"high\" decoding=\"async\" class=\"alignnone wp-image-7312\" src=\"https:\/\/www.hnhlcranes.com\/wp-content\/uploads\/2024\/11\/F-Series-Gear-Motor-5-300x75.jpg\" alt=\"\" width=\"960\" height=\"240\" srcset=\"https:\/\/www.hnhlcranes.com\/wp-content\/uploads\/2024\/11\/F-Series-Gear-Motor-5-300x75.jpg 300w, https:\/\/www.hnhlcranes.com\/wp-content\/uploads\/2024\/11\/F-Series-Gear-Motor-5-768x192.jpg 768w, https:\/\/www.hnhlcranes.com\/wp-content\/uploads\/2024\/11\/F-Series-Gear-Motor-5-600x150.jpg 600w, https:\/\/www.hnhlcranes.com\/wp-content\/uploads\/2024\/11\/F-Series-Gear-Motor-5.jpg 1000w\" sizes=\"(max-width: 960px) 100vw, 960px\" \/><\/p>\n<p>&nbsp;<\/p>\n<h6><strong><span style=\"font-family: arial, helvetica, sans-serif; font-size: 18pt;\">Formulaires d'installation<\/span><\/strong><\/h6>\n<p><img decoding=\"async\" class=\"alignnone wp-image-7313\" src=\"https:\/\/www.hnhlcranes.com\/wp-content\/uploads\/2024\/11\/F-Series-Gear-Motor-6-300x132.jpg\" alt=\"\" width=\"961\" height=\"423\" srcset=\"https:\/\/www.hnhlcranes.com\/wp-content\/uploads\/2024\/11\/F-Series-Gear-Motor-6-300x132.jpg 300w, https:\/\/www.hnhlcranes.com\/wp-content\/uploads\/2024\/11\/F-Series-Gear-Motor-6-768x337.jpg 768w, https:\/\/www.hnhlcranes.com\/wp-content\/uploads\/2024\/11\/F-Series-Gear-Motor-6-600x263.jpg 600w, https:\/\/www.hnhlcranes.com\/wp-content\/uploads\/2024\/11\/F-Series-Gear-Motor-6.jpg 1000w\" sizes=\"(max-width: 961px) 100vw, 961px\" \/><\/p>\n<p>&nbsp;<\/p>\n<h6><strong><span style=\"font-family: arial, helvetica, sans-serif; font-size: 18pt;\">Position de la bo\u00eete de jonction du moteur<\/span><\/strong><\/h6>\n<p><img decoding=\"async\" class=\"alignnone wp-image-7314\" src=\"https:\/\/www.hnhlcranes.com\/wp-content\/uploads\/2024\/11\/F-Series-Gear-Motor-7-300x68.jpg\" alt=\"\" width=\"979\" height=\"222\" srcset=\"https:\/\/www.hnhlcranes.com\/wp-content\/uploads\/2024\/11\/F-Series-Gear-Motor-7-300x68.jpg 300w, https:\/\/www.hnhlcranes.com\/wp-content\/uploads\/2024\/11\/F-Series-Gear-Motor-7-768x174.jpg 768w, https:\/\/www.hnhlcranes.com\/wp-content\/uploads\/2024\/11\/F-Series-Gear-Motor-7-600x136.jpg 600w, https:\/\/www.hnhlcranes.com\/wp-content\/uploads\/2024\/11\/F-Series-Gear-Motor-7.jpg 1000w\" sizes=\"(max-width: 979px) 100vw, 979px\" \/><\/p>\n<p>&nbsp;<\/p>\n<h6><strong><span style=\"font-family: arial, helvetica, sans-serif; font-size: 18pt;\">Gamme de rapports de vitesse et couple maximum des motor\u00e9ducteurs de la s\u00e9rie F<\/span><\/strong><\/h6>\n<table style=\"width: 100%; border-style: solid; border-color: #000000;\" border=\"1\" cellspacing=\"0.5\">\n<tbody>\n<tr>\n<td style=\"text-align: center;\" width=\"173\"><span style=\"font-size: 10pt;\">Type<\/span><\/td>\n<td style=\"text-align: center;\" width=\"85\"><span style=\"font-size: 10pt;\">03<\/span><\/td>\n<td style=\"text-align: center;\" width=\"85\"><span style=\"font-size: 10pt;\">04<\/span><\/td>\n<td style=\"text-align: center;\" width=\"85\"><span style=\"font-size: 10pt;\">05<\/span><\/td>\n<td style=\"text-align: center;\" width=\"85\"><span style=\"font-size: 10pt;\">06<\/span><\/td>\n<td style=\"text-align: center;\" width=\"85\"><span style=\"font-size: 10pt;\">07<\/span><\/td>\n<td style=\"text-align: center;\" width=\"85\"><span style=\"font-size: 10pt;\">08<\/span><\/td>\n<td style=\"text-align: center;\" width=\"85\"><span style=\"font-size: 10pt;\">09<\/span><\/td>\n<td style=\"text-align: center;\" width=\"85\"><span style=\"font-size: 10pt;\">10<\/span><\/td>\n<td style=\"text-align: center;\" width=\"85\"><span style=\"font-size: 10pt;\">12<\/span><\/td>\n<td style=\"text-align: center;\" width=\"84\"><span style=\"font-size: 10pt;\">15<\/span><\/td>\n<\/tr>\n<tr>\n<td style=\"text-align: center;\" width=\"173\"><span style=\"font-size: 10pt;\">Forme structurelle<\/span><\/td>\n<td style=\"text-align: center;\" colspan=\"10\" width=\"849\"><span style=\"font-size: 10pt;\">FA,FAF,F,FH<\/span><\/td>\n<\/tr>\n<tr>\n<td style=\"text-align: center;\" width=\"173\"><span style=\"font-size: 10pt;\">Rapport de d\u00e9multiplication<\/span><\/td>\n<td style=\"text-align: center;\" width=\"85\"><span style=\"font-size: 10pt;\">3.77~<\/span><\/p>\n<p><span style=\"font-size: 10pt;\">128.51<\/span><\/td>\n<td style=\"text-align: center;\" width=\"85\"><span style=\"font-size: 10pt;\">4.99~<\/span><\/p>\n<p><span style=\"font-size: 10pt;\">190.76<\/span><\/td>\n<td style=\"text-align: center;\" width=\"85\"><span style=\"font-size: 10pt;\">5.18~<\/span><\/p>\n<p><span style=\"font-size: 10pt;\">199.7<\/span><\/td>\n<td style=\"text-align: center;\" width=\"85\"><span style=\"font-size: 10pt;\">3.97~<\/span><\/p>\n<p><span style=\"font-size: 10pt;\">228.99<\/span><\/td>\n<td style=\"text-align: center;\" width=\"85\"><span style=\"font-size: 10pt;\">4.28~<\/span><\/p>\n<p><span style=\"font-size: 10pt;\">281.71<\/span><\/td>\n<td style=\"text-align: center;\" width=\"85\"><span style=\"font-size: 10pt;\">4.12~<\/span><\/p>\n<p><span style=\"font-size: 10pt;\">270.68<\/span><\/td>\n<td style=\"text-align: center;\" width=\"85\"><span style=\"font-size: 10pt;\">4.57~<\/span><\/p>\n<p><span style=\"font-size: 10pt;\">276.77<\/span><\/td>\n<td style=\"text-align: center;\" width=\"85\"><span style=\"font-size: 10pt;\">6.22~<\/span><\/p>\n<p><span style=\"font-size: 10pt;\">254.4<\/span><\/td>\n<td style=\"text-align: center;\" width=\"85\"><span style=\"font-size: 10pt;\">4.68~<\/span><\/p>\n<p><span style=\"font-size: 10pt;\">170.83<\/span><\/td>\n<td style=\"text-align: center;\" width=\"84\"><span style=\"font-size: 10pt;\">11.92~<\/span><\/p>\n<p><span style=\"font-size: 10pt;\">267.43<\/span><\/td>\n<\/tr>\n<tr>\n<td style=\"text-align: center;\" width=\"173\"><span style=\"font-size: 10pt;\">Couple maximum<\/span><\/p>\n<p><span style=\"font-size: 10pt;\">N.m<\/span><\/td>\n<td style=\"text-align: center;\" width=\"85\"><span style=\"font-size: 10pt;\">200<\/span><\/td>\n<td style=\"text-align: center;\" width=\"85\"><span style=\"font-size: 10pt;\">400<\/span><\/td>\n<td style=\"text-align: center;\" width=\"85\"><span style=\"font-size: 10pt;\">600<\/span><\/td>\n<td style=\"text-align: center;\" width=\"85\"><span style=\"font-size: 10pt;\">820<\/span><\/td>\n<td style=\"text-align: center;\" width=\"85\"><span style=\"font-size: 10pt;\">1500<\/span><\/td>\n<td style=\"text-align: center;\" width=\"85\"><span style=\"font-size: 10pt;\">3000<\/span><\/td>\n<td style=\"text-align: center;\" width=\"85\"><span style=\"font-size: 10pt;\">4300<\/span><\/td>\n<td style=\"text-align: center;\" width=\"85\"><span style=\"font-size: 10pt;\">7840<\/span><\/td>\n<td style=\"text-align: center;\" width=\"85\"><span style=\"font-size: 10pt;\">12000<\/span><\/td>\n<td style=\"text-align: center;\" width=\"84\"><span style=\"font-size: 10pt;\">18000<\/span><\/td>\n<\/tr>\n<\/tbody>\n<\/table>\n<p>&nbsp;<\/p>","protected":false},"excerpt":{"rendered":"<h6><strong><span style=\"font-size: 14pt; font-family: arial, helvetica, sans-serif;\">Sp\u00e9cifications des motor\u00e9ducteurs de la s\u00e9rie F<\/span><\/strong><\/h6>\n<ul>\n<li><strong>Mod\u00e8les<\/strong>: F..03, F..04, F..05, F..06, F..07, F..08, F..09, F..10, F..12, F..15, F..16, F..18<\/li>\n<li><strong>Rapport de vitesse<\/strong>: 3,77 \u00e0 267,43<\/li>\n<li><strong>Gamme de puissance<\/strong>: 0,12, 0,18, 0,25, 0,37, 0,55, 0,75, 1,1, 1,5, 2,2, 3, 4, 5,5, 7,5, 11, 15, 18,5, 22, 30, 37, 45, 55, 75, 90, 110, 132, 160, 200 kW<\/li>\n<li><strong>Types de structures<\/strong>: FA, FAF, F, FH<\/li>\n<li><strong>Couple de sortie<\/strong>: 200 Nm \u00e0 18 000 Nm<\/li>\n<\/ul>","protected":false},"featured_media":7315,"template":"","meta":{"_kad_post_transparent":"default","_kad_post_title":"","_kad_post_layout":"default","_kad_post_sidebar_id":"","_kad_post_content_style":"default","_kad_post_vertical_padding":"show","_kad_post_feature":"","_kad_post_feature_position":"","_kad_post_header":false,"_kad_post_footer":false},"product_brand":[],"product_cat":[55],"product_tag":[376,374,561,558,373,542,547,557,566,555,546,559,564,541,565,551,543,548,575,570,538,571,539,576,572,540,549,544,550,563,562,567,560,552,553,556,545,554,573,568,536,574,569,537],"class_list":{"0":"post-5222","1":"product","2":"type-product","3":"status-publish","4":"has-post-thumbnail","6":"product_cat-crane-reducer","7":"product_tag-china-crane-parts-supplier","8":"product_tag-crane-accessories","9":"product_tag-crane-decelerators","10":"product_tag-crane-gearbox","11":"product_tag-crane-parts","12":"product_tag-f-series-gear-motor","13":"product_tag-f-series-three-in-one-reducer","14":"product_tag-fem-standard-gear-motors","15":"product_tag-flender-reducer","16":"product_tag-gear-motor-for-crane-traveling","17":"product_tag-gear-motors","18":"product_tag-gear-reducer","19":"product_tag-gear-reducer-for-crane","20":"product_tag-h-series-gearbox","21":"product_tag-hard-tooth-surface-reducercrane-and-hoist-reducer","22":"product_tag-helical-gear-motor-r-series","23":"product_tag-k-series-gear-motor","24":"product_tag-k-series-three-in-one-reducer","25":"product_tag-qj-crane-reducer","26":"product_tag-qj-gearbox","27":"product_tag-qj-reducer","28":"product_tag-qj-l-gearbox","29":"product_tag-qj-l-reducer","30":"product_tag-qjy-crane-reducer","31":"product_tag-qjy-gearbox","32":"product_tag-qjy-reducer","33":"product_tag-r-series-crane-reducer","34":"product_tag-r-series-gear-motor","35":"product_tag-r-series-helical-gear-units","36":"product_tag-reducer-for-crane","37":"product_tag-reducer-gearbox","38":"product_tag-reducer-manufacturer","39":"product_tag-speed-reducer","40":"product_tag-three-in-one-reducer","41":"product_tag-travelling-machinery","42":"product_tag-travelling-machinery-frequency-inverter-motors","43":"product_tag-travelling-machinery-gear-motor","44":"product_tag-travelling-motor-with-gear","45":"product_tag-zq-crane-reducer","46":"product_tag-zq-gearbox","47":"product_tag-zq-reducer","48":"product_tag-zsc-crane-reducer","49":"product_tag-zsc-gearbox","50":"product_tag-zsc-reducer","52":"first","53":"instock","54":"featured","55":"shipping-taxable","56":"product-type-simple","57":"entry","58":"content-bg","59":"loop-entry"},"yoast_head":"<!-- This site is optimized with the Yoast SEO plugin v24.5 - https:\/\/yoast.com\/wordpress\/plugins\/seo\/ -->\n<title>F Series Gear Motor - F series three-in-one reducer- Crane Parts Manufacturer<\/title>\n<meta name=\"description\" content=\"F Series Gear Motors,F series three-in-one reducer,K series three-in-one reducer,Crane Gearbox,travelling machinery gear motors,Travelling Motor With Gear\" \/>\n<meta name=\"robots\" content=\"index, follow, max-snippet:-1, max-image-preview:large, max-video-preview:-1\" \/>\n<link rel=\"canonical\" href=\"https:\/\/www.hnhlcranes.com\/fr\/produit\/motoreducteur-serie-f\/\" \/>\n<meta property=\"og:locale\" content=\"fr_FR\" \/>\n<meta property=\"og:type\" content=\"article\" \/>\n<meta property=\"og:title\" content=\"F Series Gear Motor - F series three-in-one reducer- Crane Parts Manufacturer\" \/>\n<meta property=\"og:description\" content=\"F Series Gear Motors,F series three-in-one reducer,K series three-in-one reducer,Crane Gearbox,travelling machinery gear motors,Travelling Motor With Gear\" \/>\n<meta property=\"og:url\" content=\"https:\/\/www.hnhlcranes.com\/fr\/produit\/motoreducteur-serie-f\/\" \/>\n<meta property=\"og:site_name\" content=\"Crane Parts Manufacturer\" \/>\n<meta property=\"article:modified_time\" content=\"2025-01-19T10:08:47+00:00\" \/>\n<meta property=\"og:image\" content=\"https:\/\/www.hnhlcranes.com\/wp-content\/uploads\/2024\/11\/F-Series-Gear-Motor.jpg\" \/>\n\t<meta property=\"og:image:width\" content=\"600\" \/>\n\t<meta property=\"og:image:height\" content=\"600\" \/>\n\t<meta property=\"og:image:type\" content=\"image\/jpeg\" \/>\n<meta name=\"twitter:card\" content=\"summary_large_image\" \/>\n<meta name=\"twitter:label1\" content=\"Dur\u00e9e de lecture estim\u00e9e\" \/>\n\t<meta name=\"twitter:data1\" content=\"3 minutes\" \/>\n<script type=\"application\/ld+json\" class=\"yoast-schema-graph\">{\"@context\":\"https:\/\/schema.org\",\"@graph\":[{\"@type\":\"WebPage\",\"@id\":\"https:\/\/www.hnhlcranes.com\/product\/f-series-gear-motor\/\",\"url\":\"https:\/\/www.hnhlcranes.com\/product\/f-series-gear-motor\/\",\"name\":\"F Series Gear Motor - F series three-in-one reducer- Crane Parts Manufacturer\",\"isPartOf\":{\"@id\":\"https:\/\/www.hnhlcranes.com\/#website\"},\"primaryImageOfPage\":{\"@id\":\"https:\/\/www.hnhlcranes.com\/product\/f-series-gear-motor\/#primaryimage\"},\"image\":{\"@id\":\"https:\/\/www.hnhlcranes.com\/product\/f-series-gear-motor\/#primaryimage\"},\"thumbnailUrl\":\"https:\/\/www.hnhlcranes.com\/wp-content\/uploads\/2024\/11\/F-Series-Gear-Motor.jpg\",\"datePublished\":\"2024-11-10T13:52:35+00:00\",\"dateModified\":\"2025-01-19T10:08:47+00:00\",\"description\":\"F Series Gear Motors,F series three-in-one reducer,K series three-in-one reducer,Crane Gearbox,travelling machinery gear motors,Travelling Motor With Gear\",\"breadcrumb\":{\"@id\":\"https:\/\/www.hnhlcranes.com\/product\/f-series-gear-motor\/#breadcrumb\"},\"inLanguage\":\"fr-FR\",\"potentialAction\":[{\"@type\":\"ReadAction\",\"target\":[\"https:\/\/www.hnhlcranes.com\/product\/f-series-gear-motor\/\"]}]},{\"@type\":\"ImageObject\",\"inLanguage\":\"fr-FR\",\"@id\":\"https:\/\/www.hnhlcranes.com\/product\/f-series-gear-motor\/#primaryimage\",\"url\":\"https:\/\/www.hnhlcranes.com\/wp-content\/uploads\/2024\/11\/F-Series-Gear-Motor.jpg\",\"contentUrl\":\"https:\/\/www.hnhlcranes.com\/wp-content\/uploads\/2024\/11\/F-Series-Gear-Motor.jpg\",\"width\":600,\"height\":600},{\"@type\":\"BreadcrumbList\",\"@id\":\"https:\/\/www.hnhlcranes.com\/product\/f-series-gear-motor\/#breadcrumb\",\"itemListElement\":[{\"@type\":\"ListItem\",\"position\":1,\"name\":\"home\",\"item\":\"https:\/\/www.hnhlcranes.com\/\"},{\"@type\":\"ListItem\",\"position\":2,\"name\":\"products\",\"item\":\"https:\/\/www.hnhlcranes.com\/products\/\"},{\"@type\":\"ListItem\",\"position\":3,\"name\":\"F Series Gear Motor\"}]},{\"@type\":\"WebSite\",\"@id\":\"https:\/\/www.hnhlcranes.com\/#website\",\"url\":\"https:\/\/www.hnhlcranes.com\/\",\"name\":\"Crane Parts Manufacturer\",\"description\":\"Crane Wheels,Crane Drums,Crane Hooks,Crane Coupling,Crane End Carriage,Electric Hoist,European Crane Parts,Crane Rail Clip,Crane Spreader,Crane Motor,Crane Reducer,Crane Brake,Light Crane Parts,Workstation Crane Parts,Crane Electrical Parts,China Crane Parts Supplier,China Crane Parts Manufacturer,Angle box type crane wheel,45 degree split crane wheel,European crane wheel,Crane Wheel Blocks,Overhead crane drum,European crane drum,Overhead crane hook,European crane hook,Crane pulley block,Gear coupling,Brake wheel coupling,Drum gear coupling,Brake wheel drum gear coupling,Cardan Shaft Coupling,WZL drum coupling,Plum blossom elastic coupling,Brake wheel plum elastic coupling,European Single girder crane end carriage,European Double girder crane end carriage,European Suspension  crane end carriage,Wire Rope Electric Hoist,Electric Chain Hoist,European Single Girder Wire Rope Electric Hoist,European Double Girder Wire Rope Electric Hoist,Crane grab,Container spreader,Billet crane clamps,C-type hook,Lifting Electromagnet,YZR crane motor,YZP crane motor,ZQ Reducer,ZSC Reducer,QJ Reducer,QJ-L Reducer,QJY Reducer,H series gearbox,F Series Gear Motor,K Series Gear Motor,R Series Gear Motor,travelling machinery gear motor,Electro hydraulic drum brake,Electro hydraulic disc brake,Crane Safety brake,Crane cable trolley,Crane remote controller,Crane pendant controller,Crane electrical control cabinet,Crane limit switch,Crane sound and light alarm,Heavy Duty Aviation Connector,Crane overload limiter\",\"publisher\":{\"@id\":\"https:\/\/www.hnhlcranes.com\/#organization\"},\"potentialAction\":[{\"@type\":\"SearchAction\",\"target\":{\"@type\":\"EntryPoint\",\"urlTemplate\":\"https:\/\/www.hnhlcranes.com\/?s={search_term_string}\"},\"query-input\":{\"@type\":\"PropertyValueSpecification\",\"valueRequired\":true,\"valueName\":\"search_term_string\"}}],\"inLanguage\":\"fr-FR\"},{\"@type\":\"Organization\",\"@id\":\"https:\/\/www.hnhlcranes.com\/#organization\",\"name\":\"Crane Parts Manufacturer\",\"url\":\"https:\/\/www.hnhlcranes.com\/\",\"logo\":{\"@type\":\"ImageObject\",\"inLanguage\":\"fr-FR\",\"@id\":\"https:\/\/www.hnhlcranes.com\/#\/schema\/logo\/image\/\",\"url\":\"https:\/\/www.hnhlcranes.com\/wp-content\/uploads\/2025\/01\/HL-logo-1.png\",\"contentUrl\":\"https:\/\/www.hnhlcranes.com\/wp-content\/uploads\/2025\/01\/HL-logo-1.png\",\"width\":600,\"height\":169,\"caption\":\"Crane Parts Manufacturer\"},\"image\":{\"@id\":\"https:\/\/www.hnhlcranes.com\/#\/schema\/logo\/image\/\"}}]}<\/script>\n<!-- \/ Yoast SEO plugin. -->","yoast_head_json":{"title":"F Series Gear Motor - F series three-in-one reducer- Crane Parts Manufacturer","description":"F Series Gear Motors,F series three-in-one reducer,K series three-in-one reducer,Crane Gearbox,travelling machinery gear motors,Travelling Motor With Gear","robots":{"index":"index","follow":"follow","max-snippet":"max-snippet:-1","max-image-preview":"max-image-preview:large","max-video-preview":"max-video-preview:-1"},"canonical":"https:\/\/www.hnhlcranes.com\/fr\/produit\/motoreducteur-serie-f\/","og_locale":"fr_FR","og_type":"article","og_title":"F Series Gear Motor - F series three-in-one reducer- Crane Parts Manufacturer","og_description":"F Series Gear Motors,F series three-in-one reducer,K series three-in-one reducer,Crane Gearbox,travelling machinery gear motors,Travelling Motor With Gear","og_url":"https:\/\/www.hnhlcranes.com\/fr\/produit\/motoreducteur-serie-f\/","og_site_name":"Crane Parts Manufacturer","article_modified_time":"2025-01-19T10:08:47+00:00","og_image":[{"width":600,"height":600,"url":"https:\/\/www.hnhlcranes.com\/wp-content\/uploads\/2024\/11\/F-Series-Gear-Motor.jpg","type":"image\/jpeg"}],"twitter_card":"summary_large_image","twitter_misc":{"Dur\u00e9e de lecture estim\u00e9e":"3 minutes"},"schema":{"@context":"https:\/\/schema.org","@graph":[{"@type":"WebPage","@id":"https:\/\/www.hnhlcranes.com\/product\/f-series-gear-motor\/","url":"https:\/\/www.hnhlcranes.com\/product\/f-series-gear-motor\/","name":"F Series Gear Motor - F series three-in-one reducer- Crane Parts Manufacturer","isPartOf":{"@id":"https:\/\/www.hnhlcranes.com\/#website"},"primaryImageOfPage":{"@id":"https:\/\/www.hnhlcranes.com\/product\/f-series-gear-motor\/#primaryimage"},"image":{"@id":"https:\/\/www.hnhlcranes.com\/product\/f-series-gear-motor\/#primaryimage"},"thumbnailUrl":"https:\/\/www.hnhlcranes.com\/wp-content\/uploads\/2024\/11\/F-Series-Gear-Motor.jpg","datePublished":"2024-11-10T13:52:35+00:00","dateModified":"2025-01-19T10:08:47+00:00","description":"F Series Gear Motors,F series three-in-one reducer,K series three-in-one reducer,Crane Gearbox,travelling machinery gear motors,Travelling Motor With Gear","breadcrumb":{"@id":"https:\/\/www.hnhlcranes.com\/product\/f-series-gear-motor\/#breadcrumb"},"inLanguage":"fr-FR","potentialAction":[{"@type":"ReadAction","target":["https:\/\/www.hnhlcranes.com\/product\/f-series-gear-motor\/"]}]},{"@type":"ImageObject","inLanguage":"fr-FR","@id":"https:\/\/www.hnhlcranes.com\/product\/f-series-gear-motor\/#primaryimage","url":"https:\/\/www.hnhlcranes.com\/wp-content\/uploads\/2024\/11\/F-Series-Gear-Motor.jpg","contentUrl":"https:\/\/www.hnhlcranes.com\/wp-content\/uploads\/2024\/11\/F-Series-Gear-Motor.jpg","width":600,"height":600},{"@type":"BreadcrumbList","@id":"https:\/\/www.hnhlcranes.com\/product\/f-series-gear-motor\/#breadcrumb","itemListElement":[{"@type":"ListItem","position":1,"name":"home","item":"https:\/\/www.hnhlcranes.com\/"},{"@type":"ListItem","position":2,"name":"products","item":"https:\/\/www.hnhlcranes.com\/products\/"},{"@type":"ListItem","position":3,"name":"F Series Gear Motor"}]},{"@type":"WebSite","@id":"https:\/\/www.hnhlcranes.com\/#website","url":"https:\/\/www.hnhlcranes.com\/","name":"Crane Parts Manufacturer","description":"Crane Wheels,Crane Drums,Crane Hooks,Crane Coupling,Crane End Carriage,Electric Hoist,European Crane Parts,Crane Rail Clip,Crane Spreader,Crane Motor,Crane Reducer,Crane Brake,Light Crane Parts,Workstation Crane Parts,Crane Electrical Parts,China Crane Parts Supplier,China Crane Parts Manufacturer,Angle box type crane wheel,45 degree split crane wheel,European crane wheel,Crane Wheel Blocks,Overhead crane drum,European crane drum,Overhead crane hook,European crane hook,Crane pulley block,Gear coupling,Brake wheel coupling,Drum gear coupling,Brake wheel drum gear coupling,Cardan Shaft Coupling,WZL drum coupling,Plum blossom elastic coupling,Brake wheel plum elastic coupling,European Single girder crane end carriage,European Double girder crane end carriage,European Suspension  crane end carriage,Wire Rope Electric Hoist,Electric Chain Hoist,European Single Girder Wire Rope Electric Hoist,European Double Girder Wire Rope Electric Hoist,Crane grab,Container spreader,Billet crane clamps,C-type hook,Lifting Electromagnet,YZR crane motor,YZP crane motor,ZQ Reducer,ZSC Reducer,QJ Reducer,QJ-L Reducer,QJY Reducer,H series gearbox,F Series Gear Motor,K Series Gear Motor,R Series Gear Motor,travelling machinery gear motor,Electro hydraulic drum brake,Electro hydraulic disc brake,Crane Safety brake,Crane cable trolley,Crane remote controller,Crane pendant controller,Crane electrical control cabinet,Crane limit switch,Crane sound and light alarm,Heavy Duty Aviation Connector,Crane overload limiter","publisher":{"@id":"https:\/\/www.hnhlcranes.com\/#organization"},"potentialAction":[{"@type":"SearchAction","target":{"@type":"EntryPoint","urlTemplate":"https:\/\/www.hnhlcranes.com\/?s={search_term_string}"},"query-input":{"@type":"PropertyValueSpecification","valueRequired":true,"valueName":"search_term_string"}}],"inLanguage":"fr-FR"},{"@type":"Organization","@id":"https:\/\/www.hnhlcranes.com\/#organization","name":"Crane Parts Manufacturer","url":"https:\/\/www.hnhlcranes.com\/","logo":{"@type":"ImageObject","inLanguage":"fr-FR","@id":"https:\/\/www.hnhlcranes.com\/#\/schema\/logo\/image\/","url":"https:\/\/www.hnhlcranes.com\/wp-content\/uploads\/2025\/01\/HL-logo-1.png","contentUrl":"https:\/\/www.hnhlcranes.com\/wp-content\/uploads\/2025\/01\/HL-logo-1.png","width":600,"height":169,"caption":"Crane Parts Manufacturer"},"image":{"@id":"https:\/\/www.hnhlcranes.com\/#\/schema\/logo\/image\/"}}]}},"_links":{"self":[{"href":"https:\/\/www.hnhlcranes.com\/fr\/wp-json\/wp\/v2\/product\/5222","targetHints":{"allow":["GET"]}}],"collection":[{"href":"https:\/\/www.hnhlcranes.com\/fr\/wp-json\/wp\/v2\/product"}],"about":[{"href":"https:\/\/www.hnhlcranes.com\/fr\/wp-json\/wp\/v2\/types\/product"}],"version-history":[{"count":4,"href":"https:\/\/www.hnhlcranes.com\/fr\/wp-json\/wp\/v2\/product\/5222\/revisions"}],"predecessor-version":[{"id":7340,"href":"https:\/\/www.hnhlcranes.com\/fr\/wp-json\/wp\/v2\/product\/5222\/revisions\/7340"}],"wp:featuredmedia":[{"embeddable":true,"href":"https:\/\/www.hnhlcranes.com\/fr\/wp-json\/wp\/v2\/media\/7315"}],"wp:attachment":[{"href":"https:\/\/www.hnhlcranes.com\/fr\/wp-json\/wp\/v2\/media?parent=5222"}],"wp:term":[{"taxonomy":"product_brand","embeddable":true,"href":"https:\/\/www.hnhlcranes.com\/fr\/wp-json\/wp\/v2\/product_brand?post=5222"},{"taxonomy":"product_cat","embeddable":true,"href":"https:\/\/www.hnhlcranes.com\/fr\/wp-json\/wp\/v2\/product_cat?post=5222"},{"taxonomy":"product_tag","embeddable":true,"href":"https:\/\/www.hnhlcranes.com\/fr\/wp-json\/wp\/v2\/product_tag?post=5222"}],"curies":[{"name":"wp","href":"https:\/\/api.w.org\/{rel}","templated":true}]}}