{"id":5424,"date":"2024-11-25T23:05:17","date_gmt":"2024-11-25T15:05:17","guid":{"rendered":"https:\/\/www.hnhlcranes.com\/?post_type=product&#038;p=5424"},"modified":"2025-01-19T18:08:18","modified_gmt":"2025-01-19T10:08:18","slug":"grappin-de-grue","status":"publish","type":"product","link":"https:\/\/www.hnhlcranes.com\/fr\/produit\/grappin-de-grue\/","title":{"rendered":"Prise de la grue"},"content":{"rendered":"<h6><span style=\"font-family: arial, helvetica, sans-serif; font-size: 18pt;\"><strong>Types de pinces \u00e0 grue et leurs caract\u00e9ristiques<\/strong><\/span><\/h6>\n<h6><span style=\"font-family: arial, helvetica, sans-serif; font-size: 14pt;\"><strong>Grappin \u00e0 une corde<\/strong><\/span><\/h6>\n<ul>\n<li><strong>M\u00e9canisme<\/strong>: Fonctionne avec un seul c\u00e2ble pour effectuer les actions de levage et d'ouverture\/fermeture, \u00e0 l'aide d'un m\u00e9canisme de verrouillage sp\u00e9cial.<\/li>\n<li><strong>Caract\u00e9ristiques<\/strong>: Convient aux grues dot\u00e9es d'un seul tambour de levage (crochet unique), ce qui permet une ouverture et une fermeture en douceur pendant le chargement et le d\u00e9chargement. Facile \u00e0 attacher et \u00e0 d\u00e9tacher, il convient aux op\u00e9rations sous-marines et terrestres telles que la saisie et l'empilage.<\/li>\n<li><strong>Limites<\/strong>: Ne peut pas s'ouvrir en l'air, sauf s'il s'agit d'un mod\u00e8le \u00e0 traction manuelle ou t\u00e9l\u00e9command\u00e9.<\/li>\n<\/ul>\n<h6><span style=\"font-family: arial, helvetica, sans-serif; font-size: 14pt;\"><strong>Pince \u00e0 double corde<\/strong><\/span><\/h6>\n<ul>\n<li><strong>M\u00e9canisme<\/strong>: Con\u00e7u pour les grues \u00e0 double m\u00e9canisme de levage (une seule corde pour chaque tambour). Il utilise une corde pour l'\u00e9quilibre et l'autre pour l'ouverture et la fermeture de la benne.<\/li>\n<li><strong>Caract\u00e9ristiques<\/strong>:\n<ul>\n<li>Souvent utilis\u00e9 dans les ports, les docks et les industries de la construction.<\/li>\n<li>Disponibles en configurations l\u00e9g\u00e8re, moyenne, lourde et ultra-lourde en fonction des propri\u00e9t\u00e9s du mat\u00e9riau.<\/li>\n<li>Con\u00e7u pour la manutention de mat\u00e9riaux en vrac.<\/li>\n<\/ul>\n<\/li>\n<\/ul>\n<h6><span style=\"font-family: arial, helvetica, sans-serif; font-size: 14pt;\"><strong>Grappin \u00e0 quatre cordes<\/strong><\/span><\/h6>\n<ul>\n<li><strong>M\u00e9canisme<\/strong>: Utilis\u00e9 avec les grues \u00e9quip\u00e9es de deux ensembles de tambours \u00e0 c\u00e2ble. Il utilise deux c\u00e2bles pour le support et deux pour l'ouverture et la fermeture des m\u00e2choires.<\/li>\n<li><strong>Applications<\/strong>: Convient pour des t\u00e2ches telles que le chargement, le d\u00e9chargement, l'empilage et l'alimentation en mat\u00e9riaux. Souvent utilis\u00e9 avec des ponts roulants ou des grues \u00e0 portique.<\/li>\n<li><strong>Personnalisation<\/strong>: Peut \u00eatre adapt\u00e9 avec des dents, des poutres parall\u00e8les ou pour des op\u00e9rations sous-marines en fonction des besoins de l'utilisateur et des caract\u00e9ristiques du mat\u00e9riau.<\/li>\n<\/ul>\n<h6><span style=\"font-family: arial, helvetica, sans-serif; font-size: 14pt;\"><strong>Grappin \u00e0 griffes multiples<\/strong><\/span><\/h6>\n<ul>\n<li><strong>Applications<\/strong>: Manipule efficacement la ferraille, les mat\u00e9riaux solides de grande taille et les d\u00e9chets dans des environnements difficiles tels que les ports, les chemins de fer, la m\u00e9tallurgie et la construction.<\/li>\n<li><strong>Caract\u00e9ristiques<\/strong>:\n<ul>\n<li>Disponible en version simple corde, double corde, quadruple corde et \u00e9lectrique.<\/li>\n<li>Les m\u00e2choires se ferment individuellement en fonction de la taille et de la forme du mat\u00e9riau, ce qui garantit une manipulation efficace.<\/li>\n<li>Con\u00e7us avec 4 \u00e0 8 m\u00e2choires, ils peuvent \u00eatre personnalis\u00e9s en fonction des besoins de l'utilisateur et des propri\u00e9t\u00e9s des mat\u00e9riaux.<\/li>\n<\/ul>\n<\/li>\n<\/ul>\n<h6><span style=\"font-family: arial, helvetica, sans-serif; font-size: 14pt;\"><strong>Prise de logs<\/strong><\/span><\/h6>\n<ul>\n<li><strong>Applications<\/strong>: Sp\u00e9cialement con\u00e7u pour la manutention du bois dans les parcs \u00e0 bois, les grandes usines de transformation du bois, les papeteries et les ports. Ils sont utilis\u00e9s pour le d\u00e9chargement des navires, l'empilage des grumes et d'autres t\u00e2ches connexes.<\/li>\n<li><strong>Caract\u00e9ristiques<\/strong>:\n<ul>\n<li>Disponible en version simple corde, double corde, quadruple corde et \u00e9lectrique.<\/li>\n<li>Personnalisable pour r\u00e9pondre aux besoins sp\u00e9cifiques des utilisateurs.<\/li>\n<\/ul>\n<\/li>\n<\/ul>\n<h6><span style=\"font-family: arial, helvetica, sans-serif; font-size: 14pt;\"><strong>Pince motoris\u00e9e<\/strong><\/span><\/h6>\n<ul>\n<li><strong>M\u00e9canisme<\/strong>: Equip\u00e9 de son propre m\u00e9canisme d'ouverture\/fermeture, permettant une utilisation \u00e0 n'importe quelle hauteur pour la manutention des mat\u00e9riaux.<\/li>\n<li><strong>Caract\u00e9ristiques<\/strong>:\n<ul>\n<li>Productivit\u00e9 accrue par rapport aux grappins \u00e0 une seule corde.<\/li>\n<li>Fixation et d\u00e9tachement faciles avec une grande efficacit\u00e9 de chargement\/d\u00e9chargement.<\/li>\n<li>Convient \u00e0 la manutention de mat\u00e9riaux en vrac.<\/li>\n<li>N\u00e9cessite un enrouleur de c\u00e2ble d'alimentation en \u00e9nergie pour les hauteurs de levage plus importantes.<\/li>\n<\/ul>\n<\/li>\n<li><strong>Limitation<\/strong>: Ne convient pas aux op\u00e9rations sous-marines.<\/li>\n<\/ul>\n<h6><span style=\"font-family: arial, helvetica, sans-serif; font-size: 14pt;\"><strong>Grappin \u00e9lectrique hydraulique \u00e0 plusieurs griffes<\/strong><\/span><\/h6>\n<ul>\n<li><strong>Applications<\/strong>: Con\u00e7u pour la manutention de mat\u00e9riaux irr\u00e9guliers et volumineux tels que la ferraille, la fonte brute, le minerai et les d\u00e9chets dans des environnements difficiles, il remplace efficacement le travail manuel.<\/li>\n<li><strong>Caract\u00e9ristiques<\/strong>:\n<ul>\n<li>\u00c9quip\u00e9 d'un syst\u00e8me hydraulique ind\u00e9pendant, utilisant des composants de haute qualit\u00e9 pour d'excellentes performances.<\/li>\n<li>Chaque m\u00e2choire est actionn\u00e9e par un cylindre hydraulique s\u00e9par\u00e9, ce qui \u00e9vite tout d\u00e9versement de mat\u00e9riau.<\/li>\n<li>Comprend un connecteur de c\u00e2ble sur le dessus pour faciliter l'int\u00e9gration de la grue.<\/li>\n<li>Disponibles en plusieurs configurations : m\u00e2choires circulaires ou rectangulaires, griffes ferm\u00e9es, semi-ouvertes ou ouvertes.<\/li>\n<\/ul>\n<\/li>\n<\/ul>","protected":false},"excerpt":{"rendered":"<p>Pince \u00e0 un c\u00e2ble, Pince \u00e0 quatre c\u00e2bles, Pince multi-flapets \u00e9lectro-hydraulique, Pince \u00e0 peau d'orange, Pince \u00e0 moteur \u00e9lectrique, Pince \u00e0 coquille \u00e9lectro-hydraulique<\/p>","protected":false},"featured_media":7139,"template":"","meta":{"_kad_post_transparent":"default","_kad_post_title":"","_kad_post_layout":"default","_kad_post_sidebar_id":"","_kad_post_content_style":"default","_kad_post_vertical_padding":"show","_kad_post_feature":"","_kad_post_feature_position":"","_kad_post_header":false,"_kad_post_footer":false},"product_brand":[],"product_cat":[59],"product_tag":[508,510,513,497,514,512,515,498,521,376,517,518,496,507,520,516,495,522,494,504,502,505,501,506,499,523,503,519,509,500,493,511],"class_list":{"0":"post-5424","1":"product","2":"type-product","3":"status-publish","4":"has-post-thumbnail","6":"product_cat-crane-spreader","7":"product_tag-20ft-container-spreader","8":"product_tag-40ft-container-lifting-frame","9":"product_tag-billet-clamps","10":"product_tag-billet-crane-clamp","11":"product_tag-billet-crane-clamps-manufacturer","12":"product_tag-billet-lifting-clamp","13":"product_tag-billet-lifting-clamps-china-supplier","14":"product_tag-c-type-hook","15":"product_tag-c-type-spreader","16":"product_tag-china-crane-parts-supplier","17":"product_tag-coil-c-type-hook","18":"product_tag-coil-hook","19":"product_tag-container-spreader","20":"product_tag-container-spreader-manufacturers","21":"product_tag-crane-c-hook","22":"product_tag-crane-c-type-spreader","23":"product_tag-crane-grab","24":"product_tag-crane-magnets","25":"product_tag-crane-spreader","26":"product_tag-electric-motor-grab","27":"product_tag-electro-hydraulic-multi-flap-grab","28":"product_tag-electro-hydraulicclamshell-grab","29":"product_tag-four-rope-grab","30":"product_tag-grab-manufacturers","31":"product_tag-lifting-electromagnet","32":"product_tag-lifting-electromagnet-spreader","33":"product_tag-orange-peel-grab","34":"product_tag-overhead-crane-steel-coil-c-type-hook","35":"product_tag-semi-automatic-container-spreader","36":"product_tag-singlr-rope-grab","37":"product_tag-special-crane-spreader","38":"product_tag-tec-container-spreader","40":"first","41":"instock","42":"featured","43":"shipping-taxable","44":"product-type-simple","45":"entry","46":"content-bg","47":"loop-entry"},"yoast_head":"<!-- This site is optimized with the Yoast SEO plugin v24.5 - https:\/\/yoast.com\/wordpress\/plugins\/seo\/ -->\n<title>Crane grab - Four rope grab-Electric motor grab-grab manufacturer- Crane Parts Manufacturer<\/title>\n<meta name=\"description\" content=\"Singlr rope grab,Four rope grab,Electro-hydraulic multi-flap grab,Orange peel grab,Electric motor grab,Electro-Hydraulicclamshell grab,Crane grab\" \/>\n<meta name=\"robots\" content=\"index, follow, max-snippet:-1, max-image-preview:large, max-video-preview:-1\" \/>\n<link rel=\"canonical\" href=\"https:\/\/www.hnhlcranes.com\/fr\/produit\/grappin-de-grue\/\" \/>\n<meta property=\"og:locale\" content=\"fr_FR\" \/>\n<meta property=\"og:type\" content=\"article\" \/>\n<meta property=\"og:title\" content=\"Crane grab - Four rope grab-Electric motor grab-grab manufacturer- Crane Parts Manufacturer\" \/>\n<meta property=\"og:description\" content=\"Singlr rope grab,Four rope grab,Electro-hydraulic multi-flap grab,Orange peel grab,Electric motor grab,Electro-Hydraulicclamshell grab,Crane grab\" \/>\n<meta property=\"og:url\" content=\"https:\/\/www.hnhlcranes.com\/fr\/produit\/grappin-de-grue\/\" \/>\n<meta property=\"og:site_name\" content=\"Crane Parts Manufacturer\" \/>\n<meta property=\"article:modified_time\" content=\"2025-01-19T10:08:18+00:00\" \/>\n<meta property=\"og:image\" content=\"https:\/\/www.hnhlcranes.com\/wp-content\/uploads\/2024\/11\/Crane-grab.jpg\" \/>\n\t<meta property=\"og:image:width\" content=\"600\" \/>\n\t<meta property=\"og:image:height\" content=\"600\" \/>\n\t<meta property=\"og:image:type\" content=\"image\/jpeg\" \/>\n<meta name=\"twitter:card\" content=\"summary_large_image\" \/>\n<meta name=\"twitter:label1\" content=\"Dur\u00e9e de lecture estim\u00e9e\" \/>\n\t<meta name=\"twitter:data1\" content=\"3 minutes\" \/>\n<script type=\"application\/ld+json\" class=\"yoast-schema-graph\">{\"@context\":\"https:\/\/schema.org\",\"@graph\":[{\"@type\":\"WebPage\",\"@id\":\"https:\/\/www.hnhlcranes.com\/product\/crane-grab\/\",\"url\":\"https:\/\/www.hnhlcranes.com\/product\/crane-grab\/\",\"name\":\"Crane grab - Four rope grab-Electric motor grab-grab manufacturer- Crane Parts Manufacturer\",\"isPartOf\":{\"@id\":\"https:\/\/www.hnhlcranes.com\/#website\"},\"primaryImageOfPage\":{\"@id\":\"https:\/\/www.hnhlcranes.com\/product\/crane-grab\/#primaryimage\"},\"image\":{\"@id\":\"https:\/\/www.hnhlcranes.com\/product\/crane-grab\/#primaryimage\"},\"thumbnailUrl\":\"https:\/\/www.hnhlcranes.com\/wp-content\/uploads\/2024\/11\/Crane-grab.jpg\",\"datePublished\":\"2024-11-25T15:05:17+00:00\",\"dateModified\":\"2025-01-19T10:08:18+00:00\",\"description\":\"Singlr rope grab,Four rope grab,Electro-hydraulic multi-flap grab,Orange peel grab,Electric motor grab,Electro-Hydraulicclamshell grab,Crane grab\",\"breadcrumb\":{\"@id\":\"https:\/\/www.hnhlcranes.com\/product\/crane-grab\/#breadcrumb\"},\"inLanguage\":\"fr-FR\",\"potentialAction\":[{\"@type\":\"ReadAction\",\"target\":[\"https:\/\/www.hnhlcranes.com\/product\/crane-grab\/\"]}]},{\"@type\":\"ImageObject\",\"inLanguage\":\"fr-FR\",\"@id\":\"https:\/\/www.hnhlcranes.com\/product\/crane-grab\/#primaryimage\",\"url\":\"https:\/\/www.hnhlcranes.com\/wp-content\/uploads\/2024\/11\/Crane-grab.jpg\",\"contentUrl\":\"https:\/\/www.hnhlcranes.com\/wp-content\/uploads\/2024\/11\/Crane-grab.jpg\",\"width\":600,\"height\":600},{\"@type\":\"BreadcrumbList\",\"@id\":\"https:\/\/www.hnhlcranes.com\/product\/crane-grab\/#breadcrumb\",\"itemListElement\":[{\"@type\":\"ListItem\",\"position\":1,\"name\":\"home\",\"item\":\"https:\/\/www.hnhlcranes.com\/\"},{\"@type\":\"ListItem\",\"position\":2,\"name\":\"products\",\"item\":\"https:\/\/www.hnhlcranes.com\/products\/\"},{\"@type\":\"ListItem\",\"position\":3,\"name\":\"Crane grab\"}]},{\"@type\":\"WebSite\",\"@id\":\"https:\/\/www.hnhlcranes.com\/#website\",\"url\":\"https:\/\/www.hnhlcranes.com\/\",\"name\":\"Crane Parts Manufacturer\",\"description\":\"Crane Wheels,Crane Drums,Crane Hooks,Crane Coupling,Crane End Carriage,Electric Hoist,European Crane Parts,Crane Rail Clip,Crane Spreader,Crane Motor,Crane Reducer,Crane Brake,Light Crane Parts,Workstation Crane Parts,Crane Electrical Parts,China Crane Parts Supplier,China Crane Parts Manufacturer,Angle box type crane wheel,45 degree split crane wheel,European crane wheel,Crane Wheel Blocks,Overhead crane drum,European crane drum,Overhead crane hook,European crane hook,Crane pulley block,Gear coupling,Brake wheel coupling,Drum gear coupling,Brake wheel drum gear coupling,Cardan Shaft Coupling,WZL drum coupling,Plum blossom elastic coupling,Brake wheel plum elastic coupling,European Single girder crane end carriage,European Double girder crane end carriage,European Suspension  crane end carriage,Wire Rope Electric Hoist,Electric Chain Hoist,European Single Girder Wire Rope Electric Hoist,European Double Girder Wire Rope Electric Hoist,Crane grab,Container spreader,Billet crane clamps,C-type hook,Lifting Electromagnet,YZR crane motor,YZP crane motor,ZQ Reducer,ZSC Reducer,QJ Reducer,QJ-L Reducer,QJY Reducer,H series gearbox,F Series Gear Motor,K Series Gear Motor,R Series Gear Motor,travelling machinery gear motor,Electro hydraulic drum brake,Electro hydraulic disc brake,Crane Safety brake,Crane cable trolley,Crane remote controller,Crane pendant controller,Crane electrical control cabinet,Crane limit switch,Crane sound and light alarm,Heavy Duty Aviation Connector,Crane overload limiter\",\"publisher\":{\"@id\":\"https:\/\/www.hnhlcranes.com\/#organization\"},\"potentialAction\":[{\"@type\":\"SearchAction\",\"target\":{\"@type\":\"EntryPoint\",\"urlTemplate\":\"https:\/\/www.hnhlcranes.com\/?s={search_term_string}\"},\"query-input\":{\"@type\":\"PropertyValueSpecification\",\"valueRequired\":true,\"valueName\":\"search_term_string\"}}],\"inLanguage\":\"fr-FR\"},{\"@type\":\"Organization\",\"@id\":\"https:\/\/www.hnhlcranes.com\/#organization\",\"name\":\"Crane Parts Manufacturer\",\"url\":\"https:\/\/www.hnhlcranes.com\/\",\"logo\":{\"@type\":\"ImageObject\",\"inLanguage\":\"fr-FR\",\"@id\":\"https:\/\/www.hnhlcranes.com\/#\/schema\/logo\/image\/\",\"url\":\"https:\/\/www.hnhlcranes.com\/wp-content\/uploads\/2025\/01\/HL-logo-1.png\",\"contentUrl\":\"https:\/\/www.hnhlcranes.com\/wp-content\/uploads\/2025\/01\/HL-logo-1.png\",\"width\":600,\"height\":169,\"caption\":\"Crane Parts Manufacturer\"},\"image\":{\"@id\":\"https:\/\/www.hnhlcranes.com\/#\/schema\/logo\/image\/\"}}]}<\/script>\n<!-- \/ Yoast SEO plugin. -->","yoast_head_json":{"title":"Crane grab - Four rope grab-Electric motor grab-grab manufacturer- Crane Parts Manufacturer","description":"Singlr rope grab,Four rope grab,Electro-hydraulic multi-flap grab,Orange peel grab,Electric motor grab,Electro-Hydraulicclamshell grab,Crane grab","robots":{"index":"index","follow":"follow","max-snippet":"max-snippet:-1","max-image-preview":"max-image-preview:large","max-video-preview":"max-video-preview:-1"},"canonical":"https:\/\/www.hnhlcranes.com\/fr\/produit\/grappin-de-grue\/","og_locale":"fr_FR","og_type":"article","og_title":"Crane grab - Four rope grab-Electric motor grab-grab manufacturer- Crane Parts Manufacturer","og_description":"Singlr rope grab,Four rope grab,Electro-hydraulic multi-flap grab,Orange peel grab,Electric motor grab,Electro-Hydraulicclamshell grab,Crane grab","og_url":"https:\/\/www.hnhlcranes.com\/fr\/produit\/grappin-de-grue\/","og_site_name":"Crane Parts Manufacturer","article_modified_time":"2025-01-19T10:08:18+00:00","og_image":[{"width":600,"height":600,"url":"https:\/\/www.hnhlcranes.com\/wp-content\/uploads\/2024\/11\/Crane-grab.jpg","type":"image\/jpeg"}],"twitter_card":"summary_large_image","twitter_misc":{"Dur\u00e9e de lecture estim\u00e9e":"3 minutes"},"schema":{"@context":"https:\/\/schema.org","@graph":[{"@type":"WebPage","@id":"https:\/\/www.hnhlcranes.com\/product\/crane-grab\/","url":"https:\/\/www.hnhlcranes.com\/product\/crane-grab\/","name":"Crane grab - Four rope grab-Electric motor grab-grab manufacturer- Crane Parts Manufacturer","isPartOf":{"@id":"https:\/\/www.hnhlcranes.com\/#website"},"primaryImageOfPage":{"@id":"https:\/\/www.hnhlcranes.com\/product\/crane-grab\/#primaryimage"},"image":{"@id":"https:\/\/www.hnhlcranes.com\/product\/crane-grab\/#primaryimage"},"thumbnailUrl":"https:\/\/www.hnhlcranes.com\/wp-content\/uploads\/2024\/11\/Crane-grab.jpg","datePublished":"2024-11-25T15:05:17+00:00","dateModified":"2025-01-19T10:08:18+00:00","description":"Singlr rope grab,Four rope grab,Electro-hydraulic multi-flap grab,Orange peel grab,Electric motor grab,Electro-Hydraulicclamshell grab,Crane grab","breadcrumb":{"@id":"https:\/\/www.hnhlcranes.com\/product\/crane-grab\/#breadcrumb"},"inLanguage":"fr-FR","potentialAction":[{"@type":"ReadAction","target":["https:\/\/www.hnhlcranes.com\/product\/crane-grab\/"]}]},{"@type":"ImageObject","inLanguage":"fr-FR","@id":"https:\/\/www.hnhlcranes.com\/product\/crane-grab\/#primaryimage","url":"https:\/\/www.hnhlcranes.com\/wp-content\/uploads\/2024\/11\/Crane-grab.jpg","contentUrl":"https:\/\/www.hnhlcranes.com\/wp-content\/uploads\/2024\/11\/Crane-grab.jpg","width":600,"height":600},{"@type":"BreadcrumbList","@id":"https:\/\/www.hnhlcranes.com\/product\/crane-grab\/#breadcrumb","itemListElement":[{"@type":"ListItem","position":1,"name":"home","item":"https:\/\/www.hnhlcranes.com\/"},{"@type":"ListItem","position":2,"name":"products","item":"https:\/\/www.hnhlcranes.com\/products\/"},{"@type":"ListItem","position":3,"name":"Crane grab"}]},{"@type":"WebSite","@id":"https:\/\/www.hnhlcranes.com\/#website","url":"https:\/\/www.hnhlcranes.com\/","name":"Crane Parts Manufacturer","description":"Crane Wheels,Crane Drums,Crane Hooks,Crane Coupling,Crane End Carriage,Electric Hoist,European Crane Parts,Crane Rail Clip,Crane Spreader,Crane Motor,Crane Reducer,Crane Brake,Light Crane Parts,Workstation Crane Parts,Crane Electrical Parts,China Crane Parts Supplier,China Crane Parts Manufacturer,Angle box type crane wheel,45 degree split crane wheel,European crane wheel,Crane Wheel Blocks,Overhead crane drum,European crane drum,Overhead crane hook,European crane hook,Crane pulley block,Gear coupling,Brake wheel coupling,Drum gear coupling,Brake wheel drum gear coupling,Cardan Shaft Coupling,WZL drum coupling,Plum blossom elastic coupling,Brake wheel plum elastic coupling,European Single girder crane end carriage,European Double girder crane end carriage,European Suspension  crane end carriage,Wire Rope Electric Hoist,Electric Chain Hoist,European Single Girder Wire Rope Electric Hoist,European Double Girder Wire Rope Electric Hoist,Crane grab,Container spreader,Billet crane clamps,C-type hook,Lifting Electromagnet,YZR crane motor,YZP crane motor,ZQ Reducer,ZSC Reducer,QJ Reducer,QJ-L Reducer,QJY Reducer,H series gearbox,F Series Gear Motor,K Series Gear Motor,R Series Gear Motor,travelling machinery gear motor,Electro hydraulic drum brake,Electro hydraulic disc brake,Crane Safety brake,Crane cable trolley,Crane remote controller,Crane pendant controller,Crane electrical control cabinet,Crane limit switch,Crane sound and light alarm,Heavy Duty Aviation Connector,Crane overload limiter","publisher":{"@id":"https:\/\/www.hnhlcranes.com\/#organization"},"potentialAction":[{"@type":"SearchAction","target":{"@type":"EntryPoint","urlTemplate":"https:\/\/www.hnhlcranes.com\/?s={search_term_string}"},"query-input":{"@type":"PropertyValueSpecification","valueRequired":true,"valueName":"search_term_string"}}],"inLanguage":"fr-FR"},{"@type":"Organization","@id":"https:\/\/www.hnhlcranes.com\/#organization","name":"Crane Parts Manufacturer","url":"https:\/\/www.hnhlcranes.com\/","logo":{"@type":"ImageObject","inLanguage":"fr-FR","@id":"https:\/\/www.hnhlcranes.com\/#\/schema\/logo\/image\/","url":"https:\/\/www.hnhlcranes.com\/wp-content\/uploads\/2025\/01\/HL-logo-1.png","contentUrl":"https:\/\/www.hnhlcranes.com\/wp-content\/uploads\/2025\/01\/HL-logo-1.png","width":600,"height":169,"caption":"Crane Parts Manufacturer"},"image":{"@id":"https:\/\/www.hnhlcranes.com\/#\/schema\/logo\/image\/"}}]}},"_links":{"self":[{"href":"https:\/\/www.hnhlcranes.com\/fr\/wp-json\/wp\/v2\/product\/5424","targetHints":{"allow":["GET"]}}],"collection":[{"href":"https:\/\/www.hnhlcranes.com\/fr\/wp-json\/wp\/v2\/product"}],"about":[{"href":"https:\/\/www.hnhlcranes.com\/fr\/wp-json\/wp\/v2\/types\/product"}],"version-history":[{"count":3,"href":"https:\/\/www.hnhlcranes.com\/fr\/wp-json\/wp\/v2\/product\/5424\/revisions"}],"predecessor-version":[{"id":7141,"href":"https:\/\/www.hnhlcranes.com\/fr\/wp-json\/wp\/v2\/product\/5424\/revisions\/7141"}],"wp:featuredmedia":[{"embeddable":true,"href":"https:\/\/www.hnhlcranes.com\/fr\/wp-json\/wp\/v2\/media\/7139"}],"wp:attachment":[{"href":"https:\/\/www.hnhlcranes.com\/fr\/wp-json\/wp\/v2\/media?parent=5424"}],"wp:term":[{"taxonomy":"product_brand","embeddable":true,"href":"https:\/\/www.hnhlcranes.com\/fr\/wp-json\/wp\/v2\/product_brand?post=5424"},{"taxonomy":"product_cat","embeddable":true,"href":"https:\/\/www.hnhlcranes.com\/fr\/wp-json\/wp\/v2\/product_cat?post=5424"},{"taxonomy":"product_tag","embeddable":true,"href":"https:\/\/www.hnhlcranes.com\/fr\/wp-json\/wp\/v2\/product_tag?post=5424"}],"curies":[{"name":"wp","href":"https:\/\/api.w.org\/{rel}","templated":true}]}}