{"id":5472,"date":"2024-11-26T00:45:41","date_gmt":"2024-11-25T16:45:41","guid":{"rendered":"https:\/\/www.hnhlcranes.com\/?post_type=product&#038;p=5472"},"modified":"2025-01-10T15:26:49","modified_gmt":"2025-01-10T07:26:49","slug":"crochet-de-type-c","status":"publish","type":"product","link":"https:\/\/www.hnhlcranes.com\/fr\/produit\/crochet-de-type-c\/","title":{"rendered":"Crochet de type C"},"content":{"rendered":"<h3><strong>Introduction au crochet de type C<\/strong><\/h3>\n<p>Le <strong>Crochet de type C<\/strong> est un dispositif de levage largement utilis\u00e9 dans les grues et les \u00e9quipements de levage, nomm\u00e9 d'apr\u00e8s sa forme en \"C\". Il est principalement utilis\u00e9 pour porter et soulever des charges lourdes et est couramment employ\u00e9 dans les op\u00e9rations de manutention et de levage dans la production industrielle, la logistique d'entrep\u00f4t et les chantiers de construction. Gr\u00e2ce \u00e0 sa structure simple et \u00e0 sa forte capacit\u00e9 de charge, le crochet de type C est un outil couramment utilis\u00e9 pour diverses t\u00e2ches de levage.<\/p>\n<h3><strong>Crochet de type C <\/strong><strong>Caract\u00e9ristiques principales<\/strong><\/h3>\n<ul>\n<li><strong>Structure simple<\/strong>: Le crochet de type C se caract\u00e9rise par une conception simple avec un aspect en forme de C, ce qui le rend \u00e0 la fois facile \u00e0 fabriquer et \u00e0 utiliser. Il est g\u00e9n\u00e9ralement fabriqu\u00e9 en acier ou en alliage \u00e0 haute r\u00e9sistance, ce qui lui conf\u00e8re une excellente capacit\u00e9 de charge et une grande durabilit\u00e9.<\/li>\n<li><strong>Forte capacit\u00e9 de charge<\/strong>: La conception des crochets de type C leur permet de r\u00e9sister \u00e0 une tension et \u00e0 un poids importants, ce qui les rend adapt\u00e9s au levage d'objets lourds. Gr\u00e2ce \u00e0 une structure bien con\u00e7ue, le crochet de type C offre un support efficace et s\u00fbr pendant les op\u00e9rations de levage.<\/li>\n<li><strong>Forte capacit\u00e9 d'adaptation<\/strong>: Le crochet de type C est largement utilis\u00e9 sur les grues, les grues \u00e0 tour, les chariots \u00e9l\u00e9vateurs et d'autres \u00e9quipements, capables de manipuler des mat\u00e9riaux de tailles et de formes diverses. Il est utilis\u00e9 non seulement pour soulever de grandes pi\u00e8ces, mais aussi pour d\u00e9placer des mat\u00e9riaux industriels tels que l'acier, les machines et les mat\u00e9riaux de construction.<\/li>\n<li><strong>S\u00e9curit\u00e9 \u00e9lev\u00e9e<\/strong>: De nombreux crochets de type C sont \u00e9quip\u00e9s de dispositifs anti-chute tels que des verrous de s\u00e9curit\u00e9 ou des embouchures de crochet sp\u00e9cialis\u00e9es. Ces m\u00e9canismes emp\u00eachent efficacement les objets de tomber pendant le levage, ce qui garantit la s\u00e9curit\u00e9 des op\u00e9rations de levage.<\/li>\n<\/ul>\n<h3><strong>Principe de fonctionnement<\/strong><\/h3>\n<p>Le principe de fonctionnement d'un crochet de type C est simple. Il se connecte g\u00e9n\u00e9ralement au c\u00e2ble m\u00e9tallique ou \u00e0 la cha\u00eene de l'\u00e9quipement de levage. Lors du levage, le c\u00e2ble fixe la charge \u00e0 travers l'ouverture du crochet. La puissance de levage de la grue est alors utilis\u00e9e pour hisser la charge. Gr\u00e2ce \u00e0 la conception du crochet, l'embouchure du crochet fournit un support solide pour maintenir la charge fermement, en conservant la stabilit\u00e9 tout au long du processus de levage.<\/p>\n<h3><strong>Avantages<\/strong><\/h3>\n<ul>\n<li><strong>Efficacit\u00e9 et fiabilit\u00e9<\/strong>: La conception des crochets de type C lui permet de soulever des objets lourds de mani\u00e8re rapide et fiable, ce qui le rend adapt\u00e9 aux op\u00e9rations de levage fr\u00e9quentes.<\/li>\n<li><strong>Rentabilit\u00e9<\/strong>: Gr\u00e2ce \u00e0 sa structure simple et \u00e0 ses mat\u00e9riaux r\u00e9sistants, le co\u00fbt de production d'un crochet de type C est relativement faible et les co\u00fbts de maintenance sont minimes, ce qui en fait un outil de levage \u00e9conomique et pratique.<\/li>\n<li><strong>Facilit\u00e9 d'utilisation<\/strong>: Le crochet de type C est facile \u00e0 utiliser, avec une connexion et une d\u00e9connexion rapides, ce qui r\u00e9duit le temps de pr\u00e9paration et am\u00e9liore l'efficacit\u00e9 du travail.<\/li>\n<li><strong>S\u00e9curit\u00e9 \u00e9lev\u00e9e<\/strong>: Les crochets de type C \u00e9quip\u00e9s de verrous de s\u00e9curit\u00e9 et de dispositifs anti-chute r\u00e9duisent efficacement le risque de chute des objets pendant le processus de levage, garantissant ainsi la s\u00e9curit\u00e9 pendant les op\u00e9rations.<\/li>\n<\/ul>\n<h3><strong>Conclusion<\/strong><\/h3>\n<p>En conclusion, le crochet de type C, avec sa conception simple mais robuste, est un outil de levage essentiel largement utilis\u00e9 pour diverses t\u00e2ches de levage. Sa structure lui permet de supporter de lourdes charges, de s'adapter \u00e0 divers besoins de levage et de garantir une s\u00e9curit\u00e9 et une facilit\u00e9 d'utilisation \u00e9lev\u00e9es. Que ce soit sur les chantiers de construction, dans les installations industrielles, les ports ou les entrep\u00f4ts, le crochet de type C joue un r\u00f4le crucial dans l'am\u00e9lioration de l'efficacit\u00e9 du travail et la garantie de la s\u00e9curit\u00e9 pendant les op\u00e9rations de levage.<\/p>\n<h6><strong><span style=\"font-family: arial, helvetica, sans-serif; font-size: 18pt;\">Dimensions et param\u00e8tres<\/span><\/strong><\/h6>\n<p><img fetchpriority=\"high\" decoding=\"async\" class=\"alignnone wp-image-7171\" src=\"https:\/\/www.hnhlcranes.com\/wp-content\/uploads\/2024\/11\/C-type-hook-7-245x300.jpg\" alt=\"\" width=\"955\" height=\"1169\" srcset=\"https:\/\/www.hnhlcranes.com\/wp-content\/uploads\/2024\/11\/C-type-hook-7-245x300.jpg 245w, https:\/\/www.hnhlcranes.com\/wp-content\/uploads\/2024\/11\/C-type-hook-7-768x939.jpg 768w, https:\/\/www.hnhlcranes.com\/wp-content\/uploads\/2024\/11\/C-type-hook-7-600x734.jpg 600w, https:\/\/www.hnhlcranes.com\/wp-content\/uploads\/2024\/11\/C-type-hook-7.jpg 800w\" sizes=\"(max-width: 955px) 100vw, 955px\" \/><\/p>","protected":false},"excerpt":{"rendered":"<p>Crochet \u00e0 bobine de type C, crochet \u00e0 bobine, crochet \u00e0 bobine de type C, crochet \u00e0 bobine de type C, \u00e9carteur de type C, crochet de type C, \u00e9carteur de type C pour grue, \u00e9carteur sp\u00e9cial pour grue<\/p>","protected":false},"featured_media":7172,"template":"","meta":{"_kad_post_transparent":"default","_kad_post_title":"","_kad_post_layout":"default","_kad_post_sidebar_id":"","_kad_post_content_style":"default","_kad_post_vertical_padding":"show","_kad_post_feature":"","_kad_post_feature_position":"","_kad_post_header":false,"_kad_post_footer":false},"product_brand":[],"product_cat":[59],"product_tag":[508,510,513,497,514,512,515,498,521,376,517,518,496,507,520,516,495,522,494,504,502,505,501,506,499,523,503,519,509,500,493,511],"class_list":{"0":"post-5472","1":"product","2":"type-product","3":"status-publish","4":"has-post-thumbnail","6":"product_cat-crane-spreader","7":"product_tag-20ft-container-spreader","8":"product_tag-40ft-container-lifting-frame","9":"product_tag-billet-clamps","10":"product_tag-billet-crane-clamp","11":"product_tag-billet-crane-clamps-manufacturer","12":"product_tag-billet-lifting-clamp","13":"product_tag-billet-lifting-clamps-china-supplier","14":"product_tag-c-type-hook","15":"product_tag-c-type-spreader","16":"product_tag-china-crane-parts-supplier","17":"product_tag-coil-c-type-hook","18":"product_tag-coil-hook","19":"product_tag-container-spreader","20":"product_tag-container-spreader-manufacturers","21":"product_tag-crane-c-hook","22":"product_tag-crane-c-type-spreader","23":"product_tag-crane-grab","24":"product_tag-crane-magnets","25":"product_tag-crane-spreader","26":"product_tag-electric-motor-grab","27":"product_tag-electro-hydraulic-multi-flap-grab","28":"product_tag-electro-hydraulicclamshell-grab","29":"product_tag-four-rope-grab","30":"product_tag-grab-manufacturers","31":"product_tag-lifting-electromagnet","32":"product_tag-lifting-electromagnet-spreader","33":"product_tag-orange-peel-grab","34":"product_tag-overhead-crane-steel-coil-c-type-hook","35":"product_tag-semi-automatic-container-spreader","36":"product_tag-singlr-rope-grab","37":"product_tag-special-crane-spreader","38":"product_tag-tec-container-spreader","40":"first","41":"instock","42":"featured","43":"shipping-taxable","44":"product-type-simple","45":"entry","46":"content-bg","47":"loop-entry"},"yoast_head":"<!-- This site is optimized with the Yoast SEO plugin v24.5 - https:\/\/yoast.com\/wordpress\/plugins\/seo\/ -->\n<title>C-type hook - Crane C-type spreader-Coil hook-Crane Parts Manufacturer<\/title>\n<meta name=\"description\" content=\"Special Crane Spreader,Coil C-Type Hook,coil hooks,Overhead Crane Steel Coil C-Type Hooks,Crane C-hooks,C-type spreader,C-type hook\" \/>\n<meta name=\"robots\" content=\"index, follow, max-snippet:-1, max-image-preview:large, max-video-preview:-1\" \/>\n<link rel=\"canonical\" href=\"https:\/\/www.hnhlcranes.com\/fr\/produit\/crochet-de-type-c\/\" \/>\n<meta property=\"og:locale\" content=\"fr_FR\" \/>\n<meta property=\"og:type\" content=\"article\" \/>\n<meta property=\"og:title\" content=\"C-type hook - Crane C-type spreader-Coil hook-Crane Parts Manufacturer\" \/>\n<meta property=\"og:description\" content=\"Special Crane Spreader,Coil C-Type Hook,coil hooks,Overhead Crane Steel Coil C-Type Hooks,Crane C-hooks,C-type spreader,C-type hook\" \/>\n<meta property=\"og:url\" content=\"https:\/\/www.hnhlcranes.com\/fr\/produit\/crochet-de-type-c\/\" \/>\n<meta property=\"og:site_name\" content=\"Crane Parts Manufacturer\" \/>\n<meta property=\"article:modified_time\" content=\"2025-01-10T07:26:49+00:00\" \/>\n<meta property=\"og:image\" content=\"https:\/\/www.hnhlcranes.com\/wp-content\/uploads\/2024\/11\/C-type-hook.jpg\" \/>\n\t<meta property=\"og:image:width\" content=\"600\" \/>\n\t<meta property=\"og:image:height\" content=\"600\" \/>\n\t<meta property=\"og:image:type\" content=\"image\/jpeg\" \/>\n<meta name=\"twitter:card\" content=\"summary_large_image\" \/>\n<meta name=\"twitter:label1\" content=\"Dur\u00e9e de lecture estim\u00e9e\" \/>\n\t<meta name=\"twitter:data1\" content=\"3 minutes\" \/>\n<script type=\"application\/ld+json\" class=\"yoast-schema-graph\">{\"@context\":\"https:\/\/schema.org\",\"@graph\":[{\"@type\":\"WebPage\",\"@id\":\"https:\/\/www.hnhlcranes.com\/product\/c-type-hook\/\",\"url\":\"https:\/\/www.hnhlcranes.com\/product\/c-type-hook\/\",\"name\":\"C-type hook - Crane C-type spreader-Coil hook-Crane Parts Manufacturer\",\"isPartOf\":{\"@id\":\"https:\/\/www.hnhlcranes.com\/#website\"},\"primaryImageOfPage\":{\"@id\":\"https:\/\/www.hnhlcranes.com\/product\/c-type-hook\/#primaryimage\"},\"image\":{\"@id\":\"https:\/\/www.hnhlcranes.com\/product\/c-type-hook\/#primaryimage\"},\"thumbnailUrl\":\"https:\/\/www.hnhlcranes.com\/wp-content\/uploads\/2024\/11\/C-type-hook.jpg\",\"datePublished\":\"2024-11-25T16:45:41+00:00\",\"dateModified\":\"2025-01-10T07:26:49+00:00\",\"description\":\"Special Crane Spreader,Coil C-Type Hook,coil hooks,Overhead Crane Steel Coil C-Type Hooks,Crane C-hooks,C-type spreader,C-type hook\",\"breadcrumb\":{\"@id\":\"https:\/\/www.hnhlcranes.com\/product\/c-type-hook\/#breadcrumb\"},\"inLanguage\":\"fr-FR\",\"potentialAction\":[{\"@type\":\"ReadAction\",\"target\":[\"https:\/\/www.hnhlcranes.com\/product\/c-type-hook\/\"]}]},{\"@type\":\"ImageObject\",\"inLanguage\":\"fr-FR\",\"@id\":\"https:\/\/www.hnhlcranes.com\/product\/c-type-hook\/#primaryimage\",\"url\":\"https:\/\/www.hnhlcranes.com\/wp-content\/uploads\/2024\/11\/C-type-hook.jpg\",\"contentUrl\":\"https:\/\/www.hnhlcranes.com\/wp-content\/uploads\/2024\/11\/C-type-hook.jpg\",\"width\":600,\"height\":600},{\"@type\":\"BreadcrumbList\",\"@id\":\"https:\/\/www.hnhlcranes.com\/product\/c-type-hook\/#breadcrumb\",\"itemListElement\":[{\"@type\":\"ListItem\",\"position\":1,\"name\":\"home\",\"item\":\"https:\/\/www.hnhlcranes.com\/\"},{\"@type\":\"ListItem\",\"position\":2,\"name\":\"products\",\"item\":\"https:\/\/www.hnhlcranes.com\/products\/\"},{\"@type\":\"ListItem\",\"position\":3,\"name\":\"C-type hook\"}]},{\"@type\":\"WebSite\",\"@id\":\"https:\/\/www.hnhlcranes.com\/#website\",\"url\":\"https:\/\/www.hnhlcranes.com\/\",\"name\":\"Crane Parts Manufacturer\",\"description\":\"Crane Wheels,Crane Drums,Crane Hooks,Crane Coupling,Crane End Carriage,Electric Hoist,European Crane Parts,Crane Rail Clip,Crane Spreader,Crane Motor,Crane Reducer,Crane Brake,Light Crane Parts,Workstation Crane Parts,Crane Electrical Parts,China Crane Parts Supplier,China Crane Parts Manufacturer,Angle box type crane wheel,45 degree split crane wheel,European crane wheel,Crane Wheel Blocks,Overhead crane drum,European crane drum,Overhead crane hook,European crane hook,Crane pulley block,Gear coupling,Brake wheel coupling,Drum gear coupling,Brake wheel drum gear coupling,Cardan Shaft Coupling,WZL drum coupling,Plum blossom elastic coupling,Brake wheel plum elastic coupling,European Single girder crane end carriage,European Double girder crane end carriage,European Suspension  crane end carriage,Wire Rope Electric Hoist,Electric Chain Hoist,European Single Girder Wire Rope Electric Hoist,European Double Girder Wire Rope Electric Hoist,Crane grab,Container spreader,Billet crane clamps,C-type hook,Lifting Electromagnet,YZR crane motor,YZP crane motor,ZQ Reducer,ZSC Reducer,QJ Reducer,QJ-L Reducer,QJY Reducer,H series gearbox,F Series Gear Motor,K Series Gear Motor,R Series Gear Motor,travelling machinery gear motor,Electro hydraulic drum brake,Electro hydraulic disc brake,Crane Safety brake,Crane cable trolley,Crane remote controller,Crane pendant controller,Crane electrical control cabinet,Crane limit switch,Crane sound and light alarm,Heavy Duty Aviation Connector,Crane overload limiter\",\"publisher\":{\"@id\":\"https:\/\/www.hnhlcranes.com\/#organization\"},\"potentialAction\":[{\"@type\":\"SearchAction\",\"target\":{\"@type\":\"EntryPoint\",\"urlTemplate\":\"https:\/\/www.hnhlcranes.com\/?s={search_term_string}\"},\"query-input\":{\"@type\":\"PropertyValueSpecification\",\"valueRequired\":true,\"valueName\":\"search_term_string\"}}],\"inLanguage\":\"fr-FR\"},{\"@type\":\"Organization\",\"@id\":\"https:\/\/www.hnhlcranes.com\/#organization\",\"name\":\"Crane Parts Manufacturer\",\"url\":\"https:\/\/www.hnhlcranes.com\/\",\"logo\":{\"@type\":\"ImageObject\",\"inLanguage\":\"fr-FR\",\"@id\":\"https:\/\/www.hnhlcranes.com\/#\/schema\/logo\/image\/\",\"url\":\"https:\/\/www.hnhlcranes.com\/wp-content\/uploads\/2025\/01\/HL-logo-1.png\",\"contentUrl\":\"https:\/\/www.hnhlcranes.com\/wp-content\/uploads\/2025\/01\/HL-logo-1.png\",\"width\":600,\"height\":169,\"caption\":\"Crane Parts Manufacturer\"},\"image\":{\"@id\":\"https:\/\/www.hnhlcranes.com\/#\/schema\/logo\/image\/\"}}]}<\/script>\n<!-- \/ Yoast SEO plugin. -->","yoast_head_json":{"title":"C-type hook - Crane C-type spreader-Coil hook-Crane Parts Manufacturer","description":"Special Crane Spreader,Coil C-Type Hook,coil hooks,Overhead Crane Steel Coil C-Type Hooks,Crane C-hooks,C-type spreader,C-type hook","robots":{"index":"index","follow":"follow","max-snippet":"max-snippet:-1","max-image-preview":"max-image-preview:large","max-video-preview":"max-video-preview:-1"},"canonical":"https:\/\/www.hnhlcranes.com\/fr\/produit\/crochet-de-type-c\/","og_locale":"fr_FR","og_type":"article","og_title":"C-type hook - Crane C-type spreader-Coil hook-Crane Parts Manufacturer","og_description":"Special Crane Spreader,Coil C-Type Hook,coil hooks,Overhead Crane Steel Coil C-Type Hooks,Crane C-hooks,C-type spreader,C-type hook","og_url":"https:\/\/www.hnhlcranes.com\/fr\/produit\/crochet-de-type-c\/","og_site_name":"Crane Parts Manufacturer","article_modified_time":"2025-01-10T07:26:49+00:00","og_image":[{"width":600,"height":600,"url":"https:\/\/www.hnhlcranes.com\/wp-content\/uploads\/2024\/11\/C-type-hook.jpg","type":"image\/jpeg"}],"twitter_card":"summary_large_image","twitter_misc":{"Dur\u00e9e de lecture estim\u00e9e":"3 minutes"},"schema":{"@context":"https:\/\/schema.org","@graph":[{"@type":"WebPage","@id":"https:\/\/www.hnhlcranes.com\/product\/c-type-hook\/","url":"https:\/\/www.hnhlcranes.com\/product\/c-type-hook\/","name":"C-type hook - Crane C-type spreader-Coil hook-Crane Parts Manufacturer","isPartOf":{"@id":"https:\/\/www.hnhlcranes.com\/#website"},"primaryImageOfPage":{"@id":"https:\/\/www.hnhlcranes.com\/product\/c-type-hook\/#primaryimage"},"image":{"@id":"https:\/\/www.hnhlcranes.com\/product\/c-type-hook\/#primaryimage"},"thumbnailUrl":"https:\/\/www.hnhlcranes.com\/wp-content\/uploads\/2024\/11\/C-type-hook.jpg","datePublished":"2024-11-25T16:45:41+00:00","dateModified":"2025-01-10T07:26:49+00:00","description":"Special Crane Spreader,Coil C-Type Hook,coil hooks,Overhead Crane Steel Coil C-Type Hooks,Crane C-hooks,C-type spreader,C-type hook","breadcrumb":{"@id":"https:\/\/www.hnhlcranes.com\/product\/c-type-hook\/#breadcrumb"},"inLanguage":"fr-FR","potentialAction":[{"@type":"ReadAction","target":["https:\/\/www.hnhlcranes.com\/product\/c-type-hook\/"]}]},{"@type":"ImageObject","inLanguage":"fr-FR","@id":"https:\/\/www.hnhlcranes.com\/product\/c-type-hook\/#primaryimage","url":"https:\/\/www.hnhlcranes.com\/wp-content\/uploads\/2024\/11\/C-type-hook.jpg","contentUrl":"https:\/\/www.hnhlcranes.com\/wp-content\/uploads\/2024\/11\/C-type-hook.jpg","width":600,"height":600},{"@type":"BreadcrumbList","@id":"https:\/\/www.hnhlcranes.com\/product\/c-type-hook\/#breadcrumb","itemListElement":[{"@type":"ListItem","position":1,"name":"home","item":"https:\/\/www.hnhlcranes.com\/"},{"@type":"ListItem","position":2,"name":"products","item":"https:\/\/www.hnhlcranes.com\/products\/"},{"@type":"ListItem","position":3,"name":"C-type hook"}]},{"@type":"WebSite","@id":"https:\/\/www.hnhlcranes.com\/#website","url":"https:\/\/www.hnhlcranes.com\/","name":"Crane Parts Manufacturer","description":"Crane Wheels,Crane Drums,Crane Hooks,Crane Coupling,Crane End Carriage,Electric Hoist,European Crane Parts,Crane Rail Clip,Crane Spreader,Crane Motor,Crane Reducer,Crane Brake,Light Crane Parts,Workstation Crane Parts,Crane Electrical Parts,China Crane Parts Supplier,China Crane Parts Manufacturer,Angle box type crane wheel,45 degree split crane wheel,European crane wheel,Crane Wheel Blocks,Overhead crane drum,European crane drum,Overhead crane hook,European crane hook,Crane pulley block,Gear coupling,Brake wheel coupling,Drum gear coupling,Brake wheel drum gear coupling,Cardan Shaft Coupling,WZL drum coupling,Plum blossom elastic coupling,Brake wheel plum elastic coupling,European Single girder crane end carriage,European Double girder crane end carriage,European Suspension  crane end carriage,Wire Rope Electric Hoist,Electric Chain Hoist,European Single Girder Wire Rope Electric Hoist,European Double Girder Wire Rope Electric Hoist,Crane grab,Container spreader,Billet crane clamps,C-type hook,Lifting Electromagnet,YZR crane motor,YZP crane motor,ZQ Reducer,ZSC Reducer,QJ Reducer,QJ-L Reducer,QJY Reducer,H series gearbox,F Series Gear Motor,K Series Gear Motor,R Series Gear Motor,travelling machinery gear motor,Electro hydraulic drum brake,Electro hydraulic disc brake,Crane Safety brake,Crane cable trolley,Crane remote controller,Crane pendant controller,Crane electrical control cabinet,Crane limit switch,Crane sound and light alarm,Heavy Duty Aviation Connector,Crane overload limiter","publisher":{"@id":"https:\/\/www.hnhlcranes.com\/#organization"},"potentialAction":[{"@type":"SearchAction","target":{"@type":"EntryPoint","urlTemplate":"https:\/\/www.hnhlcranes.com\/?s={search_term_string}"},"query-input":{"@type":"PropertyValueSpecification","valueRequired":true,"valueName":"search_term_string"}}],"inLanguage":"fr-FR"},{"@type":"Organization","@id":"https:\/\/www.hnhlcranes.com\/#organization","name":"Crane Parts Manufacturer","url":"https:\/\/www.hnhlcranes.com\/","logo":{"@type":"ImageObject","inLanguage":"fr-FR","@id":"https:\/\/www.hnhlcranes.com\/#\/schema\/logo\/image\/","url":"https:\/\/www.hnhlcranes.com\/wp-content\/uploads\/2025\/01\/HL-logo-1.png","contentUrl":"https:\/\/www.hnhlcranes.com\/wp-content\/uploads\/2025\/01\/HL-logo-1.png","width":600,"height":169,"caption":"Crane Parts Manufacturer"},"image":{"@id":"https:\/\/www.hnhlcranes.com\/#\/schema\/logo\/image\/"}}]}},"_links":{"self":[{"href":"https:\/\/www.hnhlcranes.com\/fr\/wp-json\/wp\/v2\/product\/5472","targetHints":{"allow":["GET"]}}],"collection":[{"href":"https:\/\/www.hnhlcranes.com\/fr\/wp-json\/wp\/v2\/product"}],"about":[{"href":"https:\/\/www.hnhlcranes.com\/fr\/wp-json\/wp\/v2\/types\/product"}],"version-history":[{"count":5,"href":"https:\/\/www.hnhlcranes.com\/fr\/wp-json\/wp\/v2\/product\/5472\/revisions"}],"predecessor-version":[{"id":7176,"href":"https:\/\/www.hnhlcranes.com\/fr\/wp-json\/wp\/v2\/product\/5472\/revisions\/7176"}],"wp:featuredmedia":[{"embeddable":true,"href":"https:\/\/www.hnhlcranes.com\/fr\/wp-json\/wp\/v2\/media\/7172"}],"wp:attachment":[{"href":"https:\/\/www.hnhlcranes.com\/fr\/wp-json\/wp\/v2\/media?parent=5472"}],"wp:term":[{"taxonomy":"product_brand","embeddable":true,"href":"https:\/\/www.hnhlcranes.com\/fr\/wp-json\/wp\/v2\/product_brand?post=5472"},{"taxonomy":"product_cat","embeddable":true,"href":"https:\/\/www.hnhlcranes.com\/fr\/wp-json\/wp\/v2\/product_cat?post=5472"},{"taxonomy":"product_tag","embeddable":true,"href":"https:\/\/www.hnhlcranes.com\/fr\/wp-json\/wp\/v2\/product_tag?post=5472"}],"curies":[{"name":"wp","href":"https:\/\/api.w.org\/{rel}","templated":true}]}}