{"id":5487,"date":"2024-11-26T01:03:18","date_gmt":"2024-11-25T17:03:18","guid":{"rendered":"https:\/\/www.hnhlcranes.com\/?post_type=product&#038;p=5487"},"modified":"2025-01-10T15:41:51","modified_gmt":"2025-01-10T07:41:51","slug":"electro-aimant-de-levage","status":"publish","type":"product","link":"https:\/\/www.hnhlcranes.com\/fr\/produit\/electro-aimant-de-levage\/","title":{"rendered":"Electro-aimant de levage"},"content":{"rendered":"<div class=\"flex-1 overflow-hidden @container\/thread\">\n<div class=\"h-full\">\n<div class=\"react-scroll-to-bottom--css-xvoge-79elbk h-full\">\n<div class=\"react-scroll-to-bottom--css-xvoge-1n7m0yu\">\n<div class=\"flex flex-col text-sm md:pb-9\">\n<article class=\"w-full scroll-mb-[var(--thread-trailing-height,150px)] text-token-text-primary focus-visible:outline-2 focus-visible:outline-offset-[-4px]\" dir=\"auto\" data-testid=\"conversation-turn-35\" data-scroll-anchor=\"true\">\n<div class=\"m-auto text-base py-[18px] px-3 md:px-4 w-full md:px-5 lg:px-4 xl:px-5\">\n<div class=\"mx-auto flex flex-1 gap-4 text-base md:gap-5 lg:gap-6 md:max-w-3xl lg:max-w-[40rem] xl:max-w-[48rem]\">\n<div class=\"group\/conversation-turn relative flex w-full min-w-0 flex-col agent-turn\">\n<div class=\"flex-col gap-1 md:gap-3\">\n<div class=\"flex max-w-full flex-col flex-grow\">\n<div class=\"min-h-8 text-message flex w-full flex-col items-end gap-2 whitespace-normal break-words text-start [.text-message+&amp;]:mt-5\" dir=\"auto\" data-message-author-role=\"assistant\" data-message-id=\"70b04e16-fa78-41b2-98a2-8fab7970678a\" data-message-model-slug=\"gpt-4o\">\n<div class=\"flex w-full flex-col gap-1 empty:hidden first:pt-[3px]\">\n<div class=\"markdown prose w-full break-words dark:prose-invert light\">\n<h3><strong>Aper\u00e7u de l'\u00e9lectro-aimant de levage<\/strong><\/h3>\n<p>A <strong>\u00e9lectro-aimant de levage<\/strong> est un dispositif qui g\u00e9n\u00e8re un champ magn\u00e9tique lorsque le courant \u00e9lectrique passe dans une bobine. Ce champ magn\u00e9tique lui permet de soulever des mat\u00e9riaux ferromagn\u00e9tiques, et le magn\u00e9tisme dispara\u00eet lorsque le courant est coup\u00e9. Largement utilis\u00e9s dans des industries telles que la m\u00e9tallurgie, l'exploitation mini\u00e8re, les machines et les transports, les \u00e9lectro-aimants de levage offrent une solution efficace et s\u00fbre pour la manutention des mat\u00e9riaux, en particulier dans les applications qui n\u00e9cessitent le levage et le d\u00e9placement fr\u00e9quents de charges lourdes.<\/p>\n<h3><strong>Electro-aimant de levage <\/strong><strong>Caract\u00e9ristiques principales<\/strong><\/h3>\n<ol>\n<li><strong>Contr\u00f4le simple<\/strong>: Le magn\u00e9tisme de l'\u00e9lectro-aimant de levage est contr\u00f4l\u00e9 en activant ou en d\u00e9sactivant simplement le courant, ce qui permet d'activer ou de d\u00e9sactiver facilement la force magn\u00e9tique en cas de besoin.<\/li>\n<li><strong>Ajustement flexible<\/strong>: En ajustant l'intensit\u00e9 et la direction du courant, l'intensit\u00e9 et la polarit\u00e9 du champ magn\u00e9tique peuvent \u00eatre modifi\u00e9es pour r\u00e9pondre \u00e0 des besoins sp\u00e9cifiques, ce qui offre une grande flexibilit\u00e9.<\/li>\n<li><strong>Applications \u00e9tendues<\/strong>: Les \u00e9lectro-aimants de levage conviennent aux industries telles que la m\u00e9tallurgie, les machines, l'exploitation mini\u00e8re et les transports, o\u00f9 ils sont utilis\u00e9s pour soulever des mat\u00e9riaux ferromagn\u00e9tiques tels que l'acier.<\/li>\n<\/ol>\n<h3><strong>Applications<\/strong><\/h3>\n<ul>\n<li><strong>M\u00e9tallurgie et mines<\/strong>: Les \u00e9lectro-aimants de levage sont utilis\u00e9s pour soulever l'acier, les lingots de fonte et d'autres mat\u00e9riaux magn\u00e9tiques. Ils jouent un r\u00f4le essentiel dans la production d'acier et la manutention des minerais.<\/li>\n<li><strong>Machines et fabrication<\/strong>: Ils sont largement utilis\u00e9s pour soulever des pi\u00e8ces de machines, des d\u00e9chets m\u00e9talliques et d'autres mat\u00e9riaux, am\u00e9liorant ainsi l'efficacit\u00e9 des usines de fabrication et des lignes de production.<\/li>\n<li><strong>Transport<\/strong>: Dans les industries telles que les chemins de fer, les ports et la construction navale, les \u00e9lectro-aimants de levage remplacent le travail manuel, facilitant le levage de charges lourdes et permettant d'\u00e9conomiser \u00e0 la fois du temps et de la main-d'\u0153uvre.<\/li>\n<li><strong>Environnements sp\u00e9ciaux<\/strong>: Les \u00e9lectro-aimants de levage sont capables de fonctionner dans des conditions extr\u00eames, telles que des temp\u00e9ratures \u00e9lev\u00e9es, sous l'eau, dans des environnements poussi\u00e9reux ou dans des zones contenant des gaz toxiques, ce qui garantit des performances fiables dans des circonstances difficiles.<\/li>\n<\/ul>\n<h3><strong>Mod\u00e8les sp\u00e9cialis\u00e9s<\/strong><\/h3>\n<ul>\n<li><strong>S\u00e9rie MW5 - Electro-aimant de levage de ferraille<\/strong>: Con\u00e7u pour le levage de ferraille d'acier, de lingots de fonte, de billes d'acier et d'autres mat\u00e9riaux de rebut.<\/li>\n<li><strong>S\u00e9rie MW12 - Electro-aimant rectangulaire<\/strong>: Id\u00e9al pour le levage de barres d'armature en paquets, dot\u00e9 d'un circuit magn\u00e9tique \u00e0 haute perm\u00e9abilit\u00e9 capable de p\u00e9n\u00e9trer dans de multiples espaces d'air.<\/li>\n<li><strong>S\u00e9rie MW22 - Lingots d'acier et grands blooms<\/strong>: Optimis\u00e9 pour le levage de lingots d'acier, de larges blooms initiaux et de composants en acier de construction.<\/li>\n<li><strong>S\u00e9rie MW84 - Electro-aimant pour plaques d'acier moyennes et \u00e9paisses<\/strong>: Sp\u00e9cialement con\u00e7u pour soulever des plaques d'acier d'une \u00e9paisseur comprise entre 6 et 32 mm, il garantit des op\u00e9rations s\u00fbres et pr\u00e9cises. Pour les plaques plus longues, plusieurs \u00e9lectro-aimants doivent \u00eatre utilis\u00e9s ensemble.<\/li>\n<\/ul>\n<h3><strong>Avantages<\/strong><\/h3>\n<ol>\n<li><strong>Efficace et fiable<\/strong>: Les \u00e9lectro-aimants de levage offrent des capacit\u00e9s de levage rapides et stables, am\u00e9liorant consid\u00e9rablement l'efficacit\u00e9 op\u00e9rationnelle.<\/li>\n<li><strong>Efficacit\u00e9 \u00e9nerg\u00e9tique<\/strong>: Ils consomment moins d'\u00e9nergie tout en r\u00e9pondant aux exigences de levage, ce qui en fait une option respectueuse de l'environnement.<\/li>\n<li><strong>S\u00e9curit\u00e9 \u00e9lev\u00e9e<\/strong>: Gr\u00e2ce \u00e0 des mat\u00e9riaux de haute qualit\u00e9 et \u00e0 une conception avanc\u00e9e, les \u00e9lectro-aimants de levage sont \u00e9quip\u00e9s de dispositifs de s\u00e9curit\u00e9 qui emp\u00eachent les chutes accidentelles de mat\u00e9riaux.<\/li>\n<li><strong>Forte capacit\u00e9 d'adaptation<\/strong>: Ils sont capables de fonctionner dans divers environnements, y compris des temp\u00e9ratures \u00e9lev\u00e9es, des conditions humides, des zones poussi\u00e9reuses et des environnements toxiques.<\/li>\n<\/ol>\n<h3><strong>Conclusion<\/strong><\/h3>\n<p>En conclusion, les \u00e9lectro-aimants de levage sont indispensables dans les applications industrielles, car ils offrent une m\u00e9thode simple, efficace et s\u00fbre pour la manutention des mat\u00e9riaux. Qu'ils soient utilis\u00e9s dans la production d'acier, la manutention de minerais, la fabrication de machines ou dans des conditions extr\u00eames, les \u00e9lectro-aimants de levage garantissent des op\u00e9rations de levage fiables, s\u00fbres et efficaces. Leur facilit\u00e9 d'utilisation, leur efficacit\u00e9 \u00e9nerg\u00e9tique et leur capacit\u00e9 \u00e0 s'adapter \u00e0 diff\u00e9rents environnements en font des outils pr\u00e9cieux pour les industries n\u00e9cessitant le levage de charges lourdes et le d\u00e9placement de mat\u00e9riaux.<\/p>\n<\/div>\n<\/div>\n<\/div>\n<\/div>\n<\/div>\n<\/div>\n<\/div>\n<\/div>\n<\/article>\n<\/div>\n<\/div>\n<\/div>\n<\/div>\n<\/div>","protected":false},"excerpt":{"rendered":"<p>Aimants pour grues, \u00e9lectro-aimants de levage<\/p>\n<ul>\n<li><span style=\"font-family: arial, helvetica, sans-serif; font-size: 12pt;\"><strong>S\u00e9rie MW5 - Electro-aimant de levage de ferraille<\/strong><\/span><\/li>\n<li><span style=\"font-family: arial, helvetica, sans-serif; font-size: 12pt;\"><strong>S\u00e9rie MW12 - Mandrin \u00e9lectromagn\u00e9tique rectangulaire pour barres d'armature en faisceau<\/strong><\/span><\/li>\n<li><span style=\"font-family: arial, helvetica, sans-serif; font-size: 12pt;\"><strong>S\u00e9rie MW22 - Lingots d'acier et grands blooms<\/strong><\/span><\/li>\n<li><span style=\"font-family: arial, helvetica, sans-serif; font-size: 12pt;\"><strong>S\u00e9rie MW84 - Electro-aimant pour plaques d'acier moyennes et \u00e9paisses<\/strong><\/span><\/li>\n<\/ul>","protected":false},"featured_media":7184,"template":"","meta":{"_kad_post_transparent":"default","_kad_post_title":"","_kad_post_layout":"default","_kad_post_sidebar_id":"","_kad_post_content_style":"default","_kad_post_vertical_padding":"show","_kad_post_feature":"","_kad_post_feature_position":"","_kad_post_header":false,"_kad_post_footer":false},"product_brand":[],"product_cat":[59],"product_tag":[508,510,513,497,514,512,515,498,521,376,517,518,496,507,520,516,495,522,494,504,502,505,501,506,499,523,503,519,509,500,493,511],"class_list":{"0":"post-5487","1":"product","2":"type-product","3":"status-publish","4":"has-post-thumbnail","6":"product_cat-crane-spreader","7":"product_tag-20ft-container-spreader","8":"product_tag-40ft-container-lifting-frame","9":"product_tag-billet-clamps","10":"product_tag-billet-crane-clamp","11":"product_tag-billet-crane-clamps-manufacturer","12":"product_tag-billet-lifting-clamp","13":"product_tag-billet-lifting-clamps-china-supplier","14":"product_tag-c-type-hook","15":"product_tag-c-type-spreader","16":"product_tag-china-crane-parts-supplier","17":"product_tag-coil-c-type-hook","18":"product_tag-coil-hook","19":"product_tag-container-spreader","20":"product_tag-container-spreader-manufacturers","21":"product_tag-crane-c-hook","22":"product_tag-crane-c-type-spreader","23":"product_tag-crane-grab","24":"product_tag-crane-magnets","25":"product_tag-crane-spreader","26":"product_tag-electric-motor-grab","27":"product_tag-electro-hydraulic-multi-flap-grab","28":"product_tag-electro-hydraulicclamshell-grab","29":"product_tag-four-rope-grab","30":"product_tag-grab-manufacturers","31":"product_tag-lifting-electromagnet","32":"product_tag-lifting-electromagnet-spreader","33":"product_tag-orange-peel-grab","34":"product_tag-overhead-crane-steel-coil-c-type-hook","35":"product_tag-semi-automatic-container-spreader","36":"product_tag-singlr-rope-grab","37":"product_tag-special-crane-spreader","38":"product_tag-tec-container-spreader","40":"first","41":"instock","42":"shipping-taxable","43":"product-type-simple","44":"entry","45":"content-bg","46":"loop-entry"},"yoast_head":"<!-- This site is optimized with the Yoast SEO plugin v24.5 - https:\/\/yoast.com\/wordpress\/plugins\/seo\/ -->\n<title>Lifting Electromagnet -Crane magnets- Crane Parts Manufacturer<\/title>\n<meta name=\"description\" content=\"Crane magnets,Special Crane Spreader,Lifting Electromagnet Spreader,China Crane Parts Supplier,Lifting Electromagnet,Crane Spreader\" \/>\n<meta name=\"robots\" content=\"index, follow, max-snippet:-1, max-image-preview:large, max-video-preview:-1\" \/>\n<link rel=\"canonical\" href=\"https:\/\/www.hnhlcranes.com\/fr\/produit\/electro-aimant-de-levage\/\" \/>\n<meta property=\"og:locale\" content=\"fr_FR\" \/>\n<meta property=\"og:type\" content=\"article\" \/>\n<meta property=\"og:title\" content=\"Lifting Electromagnet -Crane magnets- Crane Parts Manufacturer\" \/>\n<meta property=\"og:description\" content=\"Crane magnets,Special Crane Spreader,Lifting Electromagnet Spreader,China Crane Parts Supplier,Lifting Electromagnet,Crane Spreader\" \/>\n<meta property=\"og:url\" content=\"https:\/\/www.hnhlcranes.com\/fr\/produit\/electro-aimant-de-levage\/\" \/>\n<meta property=\"og:site_name\" content=\"Crane Parts Manufacturer\" \/>\n<meta property=\"article:modified_time\" content=\"2025-01-10T07:41:51+00:00\" \/>\n<meta property=\"og:image\" content=\"https:\/\/www.hnhlcranes.com\/wp-content\/uploads\/2024\/11\/Lifting-Electromagnet.jpg\" \/>\n\t<meta property=\"og:image:width\" content=\"600\" \/>\n\t<meta property=\"og:image:height\" content=\"600\" \/>\n\t<meta property=\"og:image:type\" content=\"image\/jpeg\" \/>\n<meta name=\"twitter:card\" content=\"summary_large_image\" \/>\n<meta name=\"twitter:label1\" content=\"Dur\u00e9e de lecture estim\u00e9e\" \/>\n\t<meta name=\"twitter:data1\" content=\"3 minutes\" \/>\n<script type=\"application\/ld+json\" class=\"yoast-schema-graph\">{\"@context\":\"https:\/\/schema.org\",\"@graph\":[{\"@type\":\"WebPage\",\"@id\":\"https:\/\/www.hnhlcranes.com\/product\/lifting-electromagnet\/\",\"url\":\"https:\/\/www.hnhlcranes.com\/product\/lifting-electromagnet\/\",\"name\":\"Lifting Electromagnet -Crane magnets- Crane Parts Manufacturer\",\"isPartOf\":{\"@id\":\"https:\/\/www.hnhlcranes.com\/#website\"},\"primaryImageOfPage\":{\"@id\":\"https:\/\/www.hnhlcranes.com\/product\/lifting-electromagnet\/#primaryimage\"},\"image\":{\"@id\":\"https:\/\/www.hnhlcranes.com\/product\/lifting-electromagnet\/#primaryimage\"},\"thumbnailUrl\":\"https:\/\/www.hnhlcranes.com\/wp-content\/uploads\/2024\/11\/Lifting-Electromagnet.jpg\",\"datePublished\":\"2024-11-25T17:03:18+00:00\",\"dateModified\":\"2025-01-10T07:41:51+00:00\",\"description\":\"Crane magnets,Special Crane Spreader,Lifting Electromagnet Spreader,China Crane Parts Supplier,Lifting Electromagnet,Crane Spreader\",\"breadcrumb\":{\"@id\":\"https:\/\/www.hnhlcranes.com\/product\/lifting-electromagnet\/#breadcrumb\"},\"inLanguage\":\"fr-FR\",\"potentialAction\":[{\"@type\":\"ReadAction\",\"target\":[\"https:\/\/www.hnhlcranes.com\/product\/lifting-electromagnet\/\"]}]},{\"@type\":\"ImageObject\",\"inLanguage\":\"fr-FR\",\"@id\":\"https:\/\/www.hnhlcranes.com\/product\/lifting-electromagnet\/#primaryimage\",\"url\":\"https:\/\/www.hnhlcranes.com\/wp-content\/uploads\/2024\/11\/Lifting-Electromagnet.jpg\",\"contentUrl\":\"https:\/\/www.hnhlcranes.com\/wp-content\/uploads\/2024\/11\/Lifting-Electromagnet.jpg\",\"width\":600,\"height\":600},{\"@type\":\"BreadcrumbList\",\"@id\":\"https:\/\/www.hnhlcranes.com\/product\/lifting-electromagnet\/#breadcrumb\",\"itemListElement\":[{\"@type\":\"ListItem\",\"position\":1,\"name\":\"home\",\"item\":\"https:\/\/www.hnhlcranes.com\/\"},{\"@type\":\"ListItem\",\"position\":2,\"name\":\"products\",\"item\":\"https:\/\/www.hnhlcranes.com\/products\/\"},{\"@type\":\"ListItem\",\"position\":3,\"name\":\"Lifting Electromagnet\"}]},{\"@type\":\"WebSite\",\"@id\":\"https:\/\/www.hnhlcranes.com\/#website\",\"url\":\"https:\/\/www.hnhlcranes.com\/\",\"name\":\"Crane Parts Manufacturer\",\"description\":\"Crane Wheels,Crane Drums,Crane Hooks,Crane Coupling,Crane End Carriage,Electric Hoist,European Crane Parts,Crane Rail Clip,Crane Spreader,Crane Motor,Crane Reducer,Crane Brake,Light Crane Parts,Workstation Crane Parts,Crane Electrical Parts,China Crane Parts Supplier,China Crane Parts Manufacturer,Angle box type crane wheel,45 degree split crane wheel,European crane wheel,Crane Wheel Blocks,Overhead crane drum,European crane drum,Overhead crane hook,European crane hook,Crane pulley block,Gear coupling,Brake wheel coupling,Drum gear coupling,Brake wheel drum gear coupling,Cardan Shaft Coupling,WZL drum coupling,Plum blossom elastic coupling,Brake wheel plum elastic coupling,European Single girder crane end carriage,European Double girder crane end carriage,European Suspension  crane end carriage,Wire Rope Electric Hoist,Electric Chain Hoist,European Single Girder Wire Rope Electric Hoist,European Double Girder Wire Rope Electric Hoist,Crane grab,Container spreader,Billet crane clamps,C-type hook,Lifting Electromagnet,YZR crane motor,YZP crane motor,ZQ Reducer,ZSC Reducer,QJ Reducer,QJ-L Reducer,QJY Reducer,H series gearbox,F Series Gear Motor,K Series Gear Motor,R Series Gear Motor,travelling machinery gear motor,Electro hydraulic drum brake,Electro hydraulic disc brake,Crane Safety brake,Crane cable trolley,Crane remote controller,Crane pendant controller,Crane electrical control cabinet,Crane limit switch,Crane sound and light alarm,Heavy Duty Aviation Connector,Crane overload limiter\",\"publisher\":{\"@id\":\"https:\/\/www.hnhlcranes.com\/#organization\"},\"potentialAction\":[{\"@type\":\"SearchAction\",\"target\":{\"@type\":\"EntryPoint\",\"urlTemplate\":\"https:\/\/www.hnhlcranes.com\/?s={search_term_string}\"},\"query-input\":{\"@type\":\"PropertyValueSpecification\",\"valueRequired\":true,\"valueName\":\"search_term_string\"}}],\"inLanguage\":\"fr-FR\"},{\"@type\":\"Organization\",\"@id\":\"https:\/\/www.hnhlcranes.com\/#organization\",\"name\":\"Crane Parts Manufacturer\",\"url\":\"https:\/\/www.hnhlcranes.com\/\",\"logo\":{\"@type\":\"ImageObject\",\"inLanguage\":\"fr-FR\",\"@id\":\"https:\/\/www.hnhlcranes.com\/#\/schema\/logo\/image\/\",\"url\":\"https:\/\/www.hnhlcranes.com\/wp-content\/uploads\/2025\/01\/HL-logo-1.png\",\"contentUrl\":\"https:\/\/www.hnhlcranes.com\/wp-content\/uploads\/2025\/01\/HL-logo-1.png\",\"width\":600,\"height\":169,\"caption\":\"Crane Parts Manufacturer\"},\"image\":{\"@id\":\"https:\/\/www.hnhlcranes.com\/#\/schema\/logo\/image\/\"}}]}<\/script>\n<!-- \/ Yoast SEO plugin. -->","yoast_head_json":{"title":"Lifting Electromagnet -Crane magnets- Crane Parts Manufacturer","description":"Crane magnets,Special Crane Spreader,Lifting Electromagnet Spreader,China Crane Parts Supplier,Lifting Electromagnet,Crane Spreader","robots":{"index":"index","follow":"follow","max-snippet":"max-snippet:-1","max-image-preview":"max-image-preview:large","max-video-preview":"max-video-preview:-1"},"canonical":"https:\/\/www.hnhlcranes.com\/fr\/produit\/electro-aimant-de-levage\/","og_locale":"fr_FR","og_type":"article","og_title":"Lifting Electromagnet -Crane magnets- Crane Parts Manufacturer","og_description":"Crane magnets,Special Crane Spreader,Lifting Electromagnet Spreader,China Crane Parts Supplier,Lifting Electromagnet,Crane Spreader","og_url":"https:\/\/www.hnhlcranes.com\/fr\/produit\/electro-aimant-de-levage\/","og_site_name":"Crane Parts Manufacturer","article_modified_time":"2025-01-10T07:41:51+00:00","og_image":[{"width":600,"height":600,"url":"https:\/\/www.hnhlcranes.com\/wp-content\/uploads\/2024\/11\/Lifting-Electromagnet.jpg","type":"image\/jpeg"}],"twitter_card":"summary_large_image","twitter_misc":{"Dur\u00e9e de lecture estim\u00e9e":"3 minutes"},"schema":{"@context":"https:\/\/schema.org","@graph":[{"@type":"WebPage","@id":"https:\/\/www.hnhlcranes.com\/product\/lifting-electromagnet\/","url":"https:\/\/www.hnhlcranes.com\/product\/lifting-electromagnet\/","name":"Lifting Electromagnet -Crane magnets- Crane Parts Manufacturer","isPartOf":{"@id":"https:\/\/www.hnhlcranes.com\/#website"},"primaryImageOfPage":{"@id":"https:\/\/www.hnhlcranes.com\/product\/lifting-electromagnet\/#primaryimage"},"image":{"@id":"https:\/\/www.hnhlcranes.com\/product\/lifting-electromagnet\/#primaryimage"},"thumbnailUrl":"https:\/\/www.hnhlcranes.com\/wp-content\/uploads\/2024\/11\/Lifting-Electromagnet.jpg","datePublished":"2024-11-25T17:03:18+00:00","dateModified":"2025-01-10T07:41:51+00:00","description":"Crane magnets,Special Crane Spreader,Lifting Electromagnet Spreader,China Crane Parts Supplier,Lifting Electromagnet,Crane Spreader","breadcrumb":{"@id":"https:\/\/www.hnhlcranes.com\/product\/lifting-electromagnet\/#breadcrumb"},"inLanguage":"fr-FR","potentialAction":[{"@type":"ReadAction","target":["https:\/\/www.hnhlcranes.com\/product\/lifting-electromagnet\/"]}]},{"@type":"ImageObject","inLanguage":"fr-FR","@id":"https:\/\/www.hnhlcranes.com\/product\/lifting-electromagnet\/#primaryimage","url":"https:\/\/www.hnhlcranes.com\/wp-content\/uploads\/2024\/11\/Lifting-Electromagnet.jpg","contentUrl":"https:\/\/www.hnhlcranes.com\/wp-content\/uploads\/2024\/11\/Lifting-Electromagnet.jpg","width":600,"height":600},{"@type":"BreadcrumbList","@id":"https:\/\/www.hnhlcranes.com\/product\/lifting-electromagnet\/#breadcrumb","itemListElement":[{"@type":"ListItem","position":1,"name":"home","item":"https:\/\/www.hnhlcranes.com\/"},{"@type":"ListItem","position":2,"name":"products","item":"https:\/\/www.hnhlcranes.com\/products\/"},{"@type":"ListItem","position":3,"name":"Lifting Electromagnet"}]},{"@type":"WebSite","@id":"https:\/\/www.hnhlcranes.com\/#website","url":"https:\/\/www.hnhlcranes.com\/","name":"Crane Parts Manufacturer","description":"Crane Wheels,Crane Drums,Crane Hooks,Crane Coupling,Crane End Carriage,Electric Hoist,European Crane Parts,Crane Rail Clip,Crane Spreader,Crane Motor,Crane Reducer,Crane Brake,Light Crane Parts,Workstation Crane Parts,Crane Electrical Parts,China Crane Parts Supplier,China Crane Parts Manufacturer,Angle box type crane wheel,45 degree split crane wheel,European crane wheel,Crane Wheel Blocks,Overhead crane drum,European crane drum,Overhead crane hook,European crane hook,Crane pulley block,Gear coupling,Brake wheel coupling,Drum gear coupling,Brake wheel drum gear coupling,Cardan Shaft Coupling,WZL drum coupling,Plum blossom elastic coupling,Brake wheel plum elastic coupling,European Single girder crane end carriage,European Double girder crane end carriage,European Suspension  crane end carriage,Wire Rope Electric Hoist,Electric Chain Hoist,European Single Girder Wire Rope Electric Hoist,European Double Girder Wire Rope Electric Hoist,Crane grab,Container spreader,Billet crane clamps,C-type hook,Lifting Electromagnet,YZR crane motor,YZP crane motor,ZQ Reducer,ZSC Reducer,QJ Reducer,QJ-L Reducer,QJY Reducer,H series gearbox,F Series Gear Motor,K Series Gear Motor,R Series Gear Motor,travelling machinery gear motor,Electro hydraulic drum brake,Electro hydraulic disc brake,Crane Safety brake,Crane cable trolley,Crane remote controller,Crane pendant controller,Crane electrical control cabinet,Crane limit switch,Crane sound and light alarm,Heavy Duty Aviation Connector,Crane overload limiter","publisher":{"@id":"https:\/\/www.hnhlcranes.com\/#organization"},"potentialAction":[{"@type":"SearchAction","target":{"@type":"EntryPoint","urlTemplate":"https:\/\/www.hnhlcranes.com\/?s={search_term_string}"},"query-input":{"@type":"PropertyValueSpecification","valueRequired":true,"valueName":"search_term_string"}}],"inLanguage":"fr-FR"},{"@type":"Organization","@id":"https:\/\/www.hnhlcranes.com\/#organization","name":"Crane Parts Manufacturer","url":"https:\/\/www.hnhlcranes.com\/","logo":{"@type":"ImageObject","inLanguage":"fr-FR","@id":"https:\/\/www.hnhlcranes.com\/#\/schema\/logo\/image\/","url":"https:\/\/www.hnhlcranes.com\/wp-content\/uploads\/2025\/01\/HL-logo-1.png","contentUrl":"https:\/\/www.hnhlcranes.com\/wp-content\/uploads\/2025\/01\/HL-logo-1.png","width":600,"height":169,"caption":"Crane Parts Manufacturer"},"image":{"@id":"https:\/\/www.hnhlcranes.com\/#\/schema\/logo\/image\/"}}]}},"_links":{"self":[{"href":"https:\/\/www.hnhlcranes.com\/fr\/wp-json\/wp\/v2\/product\/5487","targetHints":{"allow":["GET"]}}],"collection":[{"href":"https:\/\/www.hnhlcranes.com\/fr\/wp-json\/wp\/v2\/product"}],"about":[{"href":"https:\/\/www.hnhlcranes.com\/fr\/wp-json\/wp\/v2\/types\/product"}],"version-history":[{"count":3,"href":"https:\/\/www.hnhlcranes.com\/fr\/wp-json\/wp\/v2\/product\/5487\/revisions"}],"predecessor-version":[{"id":7186,"href":"https:\/\/www.hnhlcranes.com\/fr\/wp-json\/wp\/v2\/product\/5487\/revisions\/7186"}],"wp:featuredmedia":[{"embeddable":true,"href":"https:\/\/www.hnhlcranes.com\/fr\/wp-json\/wp\/v2\/media\/7184"}],"wp:attachment":[{"href":"https:\/\/www.hnhlcranes.com\/fr\/wp-json\/wp\/v2\/media?parent=5487"}],"wp:term":[{"taxonomy":"product_brand","embeddable":true,"href":"https:\/\/www.hnhlcranes.com\/fr\/wp-json\/wp\/v2\/product_brand?post=5487"},{"taxonomy":"product_cat","embeddable":true,"href":"https:\/\/www.hnhlcranes.com\/fr\/wp-json\/wp\/v2\/product_cat?post=5487"},{"taxonomy":"product_tag","embeddable":true,"href":"https:\/\/www.hnhlcranes.com\/fr\/wp-json\/wp\/v2\/product_tag?post=5487"}],"curies":[{"name":"wp","href":"https:\/\/api.w.org\/{rel}","templated":true}]}}