{"id":5707,"date":"2024-12-04T10:26:51","date_gmt":"2024-12-04T02:26:51","guid":{"rendered":"https:\/\/www.hnhlcranes.com\/?post_type=product&#038;p=5707"},"modified":"2025-01-13T23:47:09","modified_gmt":"2025-01-13T15:47:09","slug":"piece-de-la-grue-de-poste-de-travail","status":"publish","type":"product","link":"https:\/\/www.hnhlcranes.com\/fr\/produit\/piece-de-la-grue-de-poste-de-travail\/","title":{"rendered":"Grue de poste de travail Pi\u00e8ce"},"content":{"rendered":"<div class=\"flex max-w-full flex-col flex-grow\">\n<div class=\"min-h-8 text-message flex w-full flex-col items-end gap-2 whitespace-normal break-words [.text-message+&amp;]:mt-5\" dir=\"auto\" data-message-author-role=\"assistant\" data-message-id=\"d22886da-3fb2-45fa-876a-33dd54db9fd5\" data-message-model-slug=\"gpt-4o\">\n<div class=\"flex w-full flex-col gap-1 empty:hidden first:pt-[3px]\">\n<div class=\"markdown prose w-full break-words dark:prose-invert light\">\n<h3>Vue d'ensemble des grues de poste de travail<\/h3>\n<p>La grue de poste de travail est un appareil de levage tr\u00e8s efficace sp\u00e9cialement con\u00e7u pour les postes de travail et les lignes de production. Servant principalement des applications avec des capacit\u00e9s de levage allant jusqu'\u00e0 2000 kg, il offre une gamme de caract\u00e9ristiques et de fonctionnalit\u00e9s exceptionnelles.<\/p>\n<h3>Caract\u00e9ristiques de la conception<\/h3>\n<p>Pour am\u00e9liorer les performances, les grues de poste de travail int\u00e8grent une structure en tubes carr\u00e9s. Cette structure comprend quatre colonnes verticales et une traverse sup\u00e9rieure, qui forment un portique stable. De plus, la traverse sup\u00e9rieure pr\u00e9sente une conception \u00e0 double poutre pour am\u00e9liorer la capacit\u00e9 de charge et int\u00e8gre des emplacements pr\u00e9install\u00e9s pour les ensembles de poulies et les rails de guidage. En bas, des plaques de base renforc\u00e9es consolident les colonnes, assurant ainsi la stabilit\u00e9 structurelle globale. Gr\u00e2ce \u00e0 sa structure modulaire, les utilisateurs peuvent installer et ajuster la grue facilement, ce qui la rend id\u00e9ale pour les t\u00e2ches l\u00e9g\u00e8res de levage et de manutention dans les postes de travail, les entrep\u00f4ts et autres environnements similaires.<\/p>\n<h3>Sc\u00e9narios d'application<\/h3>\n<p>La grue de poste de travail excelle dans divers secteurs industriels. Par exemple, les fabricants des industries g\u00e9n\u00e9rales, du secteur automobile et de la production d'\u00e9nergie comptent sur cette grue pour r\u00e9pondre \u00e0 leurs besoins de levage. Sa capacit\u00e9 \u00e0 fournir des solutions de levage efficaces et \u00e9conomiques la rend particuli\u00e8rement efficace pour couvrir l'ensemble des cha\u00eenes de production et d'assemblage.<\/p>\n<h3>Sp\u00e9cifications techniques et param\u00e8tres de performance<\/h3>\n<p>Pour r\u00e9pondre \u00e0 diverses exigences, la grue offre des capacit\u00e9s de levage, des port\u00e9es et des hauteurs de levage personnalisables. En outre, la configuration de ses rails comprend des options de rails simples, de rails doubles ou de structures suspendues, ce qui offre l'avantage suppl\u00e9mentaire de grandes port\u00e9es pour r\u00e9pondre \u00e0 des besoins op\u00e9rationnels sp\u00e9cifiques.<\/p>\n<h3>Installation et entretien<\/h3>\n<p>Pour des raisons pratiques, les grues de poste de travail utilisent des dimensions de section et des assemblages par boulons normalis\u00e9s. L'installation peut donc \u00eatre r\u00e9alis\u00e9e rapidement, souvent en une seule journ\u00e9e, ce qui permet de minimiser les temps d'arr\u00eat et d'\u00e9viter les interruptions de production. Pour maintenir des performances optimales, les op\u00e9rateurs doivent inspecter r\u00e9guli\u00e8rement les rails, les m\u00e9canismes de levage et les composants de roulement, afin de garantir un fonctionnement s\u00fbr et fiable au fil du temps.<\/p>\n<h3>S\u00e9curit\u00e9 et fiabilit\u00e9<\/h3>\n<p>Pour garantir la s\u00e9curit\u00e9 des op\u00e9rations, la grue int\u00e8gre de nombreux dispositifs de s\u00e9curit\u00e9 avanc\u00e9s, tels que des limiteurs et des freins. En outre, les fabricants utilisent des mat\u00e9riaux l\u00e9gers et tr\u00e8s r\u00e9sistants ainsi que des processus de fabrication avanc\u00e9s pour am\u00e9liorer la stabilit\u00e9 et la durabilit\u00e9 de la grue. Ces caract\u00e9ristiques font des grues de poste de travail une solution de levage \u00e0 la fois s\u00fbre et fiable.<\/p>\n<h3>Conclusion<\/h3>\n<p>En r\u00e9sum\u00e9, les grues de poste de travail constituent une solution de levage efficace, flexible et s\u00fbre. Sa combinaison de performances \u00e9lev\u00e9es, de facilit\u00e9 d'installation et de dispositifs de s\u00e9curit\u00e9 robustes en fait un choix id\u00e9al pour diverses applications industrielles.<\/p>\n<\/div>\n<\/div>\n<\/div>\n<\/div>\n<div class=\"mb-2 flex gap-3 empty:hidden -ml-2\">\n<div class=\"items-center justify-start rounded-xl p-1 flex\"><\/div>\n<\/div>\n<h6><strong><span style=\"font-family: arial, helvetica, sans-serif; font-size: 18pt;\">Grue de poste de travail Pi\u00e8ce<\/span><\/strong><\/h6>\n<div class=\"flex max-w-full flex-col flex-grow\">\n<div class=\"min-h-8 text-message flex w-full flex-col items-end gap-2 whitespace-normal break-words [.text-message+&amp;]:mt-5\" dir=\"auto\" data-message-author-role=\"assistant\" data-message-id=\"c8d7d5a5-db5c-4384-9025-33dbfdf6a310\" data-message-model-slug=\"gpt-4o\">\n<div class=\"flex w-full flex-col gap-1 empty:hidden first:pt-[3px]\">\n<div class=\"markdown prose w-full break-words dark:prose-invert light\">\n<p><img fetchpriority=\"high\" decoding=\"async\" class=\"wp-image-5712 alignleft\" src=\"https:\/\/www.hnhlcranes.com\/wp-content\/uploads\/2024\/12\/Workstation-Crane-manual-trolley-300x300.jpg\" alt=\"\" width=\"250\" height=\"250\" \/> <img decoding=\"async\" class=\"wp-image-5713 alignleft\" src=\"https:\/\/www.hnhlcranes.com\/wp-content\/uploads\/2024\/12\/Workstation-Crane-electric-trolley-300x300.jpg\" alt=\"\" width=\"250\" height=\"250\" \/> <img decoding=\"async\" class=\"wp-image-5714 alignleft\" src=\"https:\/\/www.hnhlcranes.com\/wp-content\/uploads\/2024\/12\/Workstation-Crane-end-beam-300x300.jpg\" alt=\"\" width=\"249\" height=\"249\" \/><\/p>\n<p>&nbsp;<\/p>\n<\/div>\n<\/div>\n<\/div>\n<\/div>\n<p>&nbsp;<\/p>\n<p>&nbsp;<\/p>\n<p>&nbsp;<\/p>\n<p>&nbsp;<\/p>\n<p>&nbsp;<\/p>\n<p><span style=\"font-size: 12pt;\">\u00a0 Poste de travail Chariot manuel pour grue<\/span>\u00a0 \u00a0 \u00a0 \u00a0 \u00a0 \u00a0<span style=\"font-size: 12pt;\">\u00a0 \u00a0Chariot \u00e9lectrique de la grue de poste de travail Poutre d'extr\u00e9mit\u00e9 de la grue de poste de travail<\/span><\/p>\n<p>&nbsp;<\/p>\n<p><img loading=\"lazy\" decoding=\"async\" class=\"wp-image-5716 alignleft\" src=\"https:\/\/www.hnhlcranes.com\/wp-content\/uploads\/2024\/12\/Workstation-Crane-cable-slider-300x300.jpg\" alt=\"\" width=\"250\" height=\"250\" \/> <img loading=\"lazy\" decoding=\"async\" class=\"wp-image-5715 alignleft\" src=\"https:\/\/www.hnhlcranes.com\/wp-content\/uploads\/2024\/12\/Workstation-Crane-cable-trolley-300x300.jpg\" alt=\"\" width=\"251\" height=\"251\" \/><\/p>\n<p>&nbsp;<\/p>\n<p>&nbsp;<\/p>\n<p>&nbsp;<\/p>\n<p>&nbsp;<\/p>\n<p>&nbsp;<\/p>\n<p>&nbsp;<\/p>\n<p><span style=\"font-size: 12pt;\">\u00a0 \u00a0 Glissi\u00e8re de c\u00e2ble pour grue de poste de travail Chariot de c\u00e2ble pour grue de poste de travail<\/span><\/p>\n<p>&nbsp;<\/p>","protected":false},"excerpt":{"rendered":"<p>Chariot manuel pour grue de chantier,Chariot \u00e9lectrique pour grue de chantier,Poutre d'extr\u00e9mit\u00e9 pour grue de chantier,Chariot \u00e0 c\u00e2ble pour grue de chantier,Pi\u00e8ces d\u00e9tach\u00e9es pour grue de chantier,Coulisseau pour c\u00e2ble pour grue de chantier,Grue de chantier<\/p>","protected":false},"featured_media":7434,"template":"","meta":{"_kad_post_transparent":"default","_kad_post_title":"","_kad_post_layout":"default","_kad_post_sidebar_id":"","_kad_post_content_style":"default","_kad_post_vertical_padding":"show","_kad_post_feature":"","_kad_post_feature_position":"","_kad_post_header":false,"_kad_post_footer":false},"product_brand":[],"product_cat":[64],"product_tag":[376,608,610,606,607,604,605,603,611,609],"class_list":{"0":"post-5707","1":"product","2":"type-product","3":"status-publish","4":"has-post-thumbnail","6":"product_cat-workstation-crane-parts","7":"product_tag-china-crane-parts-supplier","8":"product_tag-freestanding-bridge-crane","9":"product_tag-monorails-crane","10":"product_tag-workstation-crane-cable-slider","11":"product_tag-workstation-crane-cable-trolley","12":"product_tag-workstation-crane-electric-trolley","13":"product_tag-workstation-crane-end-beam","14":"product_tag-workstation-crane-manual-trolley","15":"product_tag-workstation-crane-part","16":"product_tag-workstation-cranes","18":"first","19":"instock","20":"shipping-taxable","21":"product-type-simple","22":"entry","23":"content-bg","24":"loop-entry"},"yoast_head":"<!-- This site is optimized with the Yoast SEO plugin v24.5 - https:\/\/yoast.com\/wordpress\/plugins\/seo\/ -->\n<title>Workstation Crane Part -Workstation Crane- Crane Parts Manufacturer<\/title>\n<meta name=\"description\" content=\"Workstation Crane manual trolley,Workstation Crane electric trolley,Workstation Crane end beam,Workstation Crane cable trolley,Workstation Crane Parts\" \/>\n<meta name=\"robots\" content=\"index, follow, max-snippet:-1, max-image-preview:large, max-video-preview:-1\" \/>\n<link rel=\"canonical\" href=\"https:\/\/www.hnhlcranes.com\/fr\/produit\/piece-de-la-grue-de-poste-de-travail\/\" \/>\n<meta property=\"og:locale\" content=\"fr_FR\" \/>\n<meta property=\"og:type\" content=\"article\" \/>\n<meta property=\"og:title\" content=\"Workstation Crane Part -Workstation Crane- Crane Parts Manufacturer\" \/>\n<meta property=\"og:description\" content=\"Workstation Crane manual trolley,Workstation Crane electric trolley,Workstation Crane end beam,Workstation Crane cable trolley,Workstation Crane Parts\" \/>\n<meta property=\"og:url\" content=\"https:\/\/www.hnhlcranes.com\/fr\/produit\/piece-de-la-grue-de-poste-de-travail\/\" \/>\n<meta property=\"og:site_name\" content=\"Crane Parts Manufacturer\" \/>\n<meta property=\"article:modified_time\" content=\"2025-01-13T15:47:09+00:00\" \/>\n<meta property=\"og:image\" content=\"https:\/\/www.hnhlcranes.com\/wp-content\/uploads\/2024\/12\/Workstation-Crane-Parts.jpg\" \/>\n\t<meta property=\"og:image:width\" content=\"600\" \/>\n\t<meta property=\"og:image:height\" content=\"600\" \/>\n\t<meta property=\"og:image:type\" content=\"image\/jpeg\" \/>\n<meta name=\"twitter:card\" content=\"summary_large_image\" \/>\n<meta name=\"twitter:label1\" content=\"Dur\u00e9e de lecture estim\u00e9e\" \/>\n\t<meta name=\"twitter:data1\" content=\"3 minutes\" \/>\n<script type=\"application\/ld+json\" class=\"yoast-schema-graph\">{\"@context\":\"https:\/\/schema.org\",\"@graph\":[{\"@type\":\"WebPage\",\"@id\":\"https:\/\/www.hnhlcranes.com\/product\/workstation-crane-part\/\",\"url\":\"https:\/\/www.hnhlcranes.com\/product\/workstation-crane-part\/\",\"name\":\"Workstation Crane Part -Workstation Crane- Crane Parts Manufacturer\",\"isPartOf\":{\"@id\":\"https:\/\/www.hnhlcranes.com\/#website\"},\"primaryImageOfPage\":{\"@id\":\"https:\/\/www.hnhlcranes.com\/product\/workstation-crane-part\/#primaryimage\"},\"image\":{\"@id\":\"https:\/\/www.hnhlcranes.com\/product\/workstation-crane-part\/#primaryimage\"},\"thumbnailUrl\":\"https:\/\/www.hnhlcranes.com\/wp-content\/uploads\/2024\/12\/Workstation-Crane-Parts.jpg\",\"datePublished\":\"2024-12-04T02:26:51+00:00\",\"dateModified\":\"2025-01-13T15:47:09+00:00\",\"description\":\"Workstation Crane manual trolley,Workstation Crane electric trolley,Workstation Crane end beam,Workstation Crane cable trolley,Workstation Crane Parts\",\"breadcrumb\":{\"@id\":\"https:\/\/www.hnhlcranes.com\/product\/workstation-crane-part\/#breadcrumb\"},\"inLanguage\":\"fr-FR\",\"potentialAction\":[{\"@type\":\"ReadAction\",\"target\":[\"https:\/\/www.hnhlcranes.com\/product\/workstation-crane-part\/\"]}]},{\"@type\":\"ImageObject\",\"inLanguage\":\"fr-FR\",\"@id\":\"https:\/\/www.hnhlcranes.com\/product\/workstation-crane-part\/#primaryimage\",\"url\":\"https:\/\/www.hnhlcranes.com\/wp-content\/uploads\/2024\/12\/Workstation-Crane-Parts.jpg\",\"contentUrl\":\"https:\/\/www.hnhlcranes.com\/wp-content\/uploads\/2024\/12\/Workstation-Crane-Parts.jpg\",\"width\":600,\"height\":600},{\"@type\":\"BreadcrumbList\",\"@id\":\"https:\/\/www.hnhlcranes.com\/product\/workstation-crane-part\/#breadcrumb\",\"itemListElement\":[{\"@type\":\"ListItem\",\"position\":1,\"name\":\"home\",\"item\":\"https:\/\/www.hnhlcranes.com\/\"},{\"@type\":\"ListItem\",\"position\":2,\"name\":\"products\",\"item\":\"https:\/\/www.hnhlcranes.com\/products\/\"},{\"@type\":\"ListItem\",\"position\":3,\"name\":\"Workstation Crane Part\"}]},{\"@type\":\"WebSite\",\"@id\":\"https:\/\/www.hnhlcranes.com\/#website\",\"url\":\"https:\/\/www.hnhlcranes.com\/\",\"name\":\"Crane Parts Manufacturer\",\"description\":\"Crane Wheels,Crane Drums,Crane Hooks,Crane Coupling,Crane End Carriage,Electric Hoist,European Crane Parts,Crane Rail Clip,Crane Spreader,Crane Motor,Crane Reducer,Crane Brake,Light Crane Parts,Workstation Crane Parts,Crane Electrical Parts,China Crane Parts Supplier,China Crane Parts Manufacturer,Angle box type crane wheel,45 degree split crane wheel,European crane wheel,Crane Wheel Blocks,Overhead crane drum,European crane drum,Overhead crane hook,European crane hook,Crane pulley block,Gear coupling,Brake wheel coupling,Drum gear coupling,Brake wheel drum gear coupling,Cardan Shaft Coupling,WZL drum coupling,Plum blossom elastic coupling,Brake wheel plum elastic coupling,European Single girder crane end carriage,European Double girder crane end carriage,European Suspension  crane end carriage,Wire Rope Electric Hoist,Electric Chain Hoist,European Single Girder Wire Rope Electric Hoist,European Double Girder Wire Rope Electric Hoist,Crane grab,Container spreader,Billet crane clamps,C-type hook,Lifting Electromagnet,YZR crane motor,YZP crane motor,ZQ Reducer,ZSC Reducer,QJ Reducer,QJ-L Reducer,QJY Reducer,H series gearbox,F Series Gear Motor,K Series Gear Motor,R Series Gear Motor,travelling machinery gear motor,Electro hydraulic drum brake,Electro hydraulic disc brake,Crane Safety brake,Crane cable trolley,Crane remote controller,Crane pendant controller,Crane electrical control cabinet,Crane limit switch,Crane sound and light alarm,Heavy Duty Aviation Connector,Crane overload limiter\",\"publisher\":{\"@id\":\"https:\/\/www.hnhlcranes.com\/#organization\"},\"potentialAction\":[{\"@type\":\"SearchAction\",\"target\":{\"@type\":\"EntryPoint\",\"urlTemplate\":\"https:\/\/www.hnhlcranes.com\/?s={search_term_string}\"},\"query-input\":{\"@type\":\"PropertyValueSpecification\",\"valueRequired\":true,\"valueName\":\"search_term_string\"}}],\"inLanguage\":\"fr-FR\"},{\"@type\":\"Organization\",\"@id\":\"https:\/\/www.hnhlcranes.com\/#organization\",\"name\":\"Crane Parts Manufacturer\",\"url\":\"https:\/\/www.hnhlcranes.com\/\",\"logo\":{\"@type\":\"ImageObject\",\"inLanguage\":\"fr-FR\",\"@id\":\"https:\/\/www.hnhlcranes.com\/#\/schema\/logo\/image\/\",\"url\":\"https:\/\/www.hnhlcranes.com\/wp-content\/uploads\/2025\/01\/HL-logo-1.png\",\"contentUrl\":\"https:\/\/www.hnhlcranes.com\/wp-content\/uploads\/2025\/01\/HL-logo-1.png\",\"width\":600,\"height\":169,\"caption\":\"Crane Parts Manufacturer\"},\"image\":{\"@id\":\"https:\/\/www.hnhlcranes.com\/#\/schema\/logo\/image\/\"}}]}<\/script>\n<!-- \/ Yoast SEO plugin. -->","yoast_head_json":{"title":"Workstation Crane Part -Workstation Crane- Crane Parts Manufacturer","description":"Workstation Crane manual trolley,Workstation Crane electric trolley,Workstation Crane end beam,Workstation Crane cable trolley,Workstation Crane Parts","robots":{"index":"index","follow":"follow","max-snippet":"max-snippet:-1","max-image-preview":"max-image-preview:large","max-video-preview":"max-video-preview:-1"},"canonical":"https:\/\/www.hnhlcranes.com\/fr\/produit\/piece-de-la-grue-de-poste-de-travail\/","og_locale":"fr_FR","og_type":"article","og_title":"Workstation Crane Part -Workstation Crane- Crane Parts Manufacturer","og_description":"Workstation Crane manual trolley,Workstation Crane electric trolley,Workstation Crane end beam,Workstation Crane cable trolley,Workstation Crane Parts","og_url":"https:\/\/www.hnhlcranes.com\/fr\/produit\/piece-de-la-grue-de-poste-de-travail\/","og_site_name":"Crane Parts Manufacturer","article_modified_time":"2025-01-13T15:47:09+00:00","og_image":[{"width":600,"height":600,"url":"https:\/\/www.hnhlcranes.com\/wp-content\/uploads\/2024\/12\/Workstation-Crane-Parts.jpg","type":"image\/jpeg"}],"twitter_card":"summary_large_image","twitter_misc":{"Dur\u00e9e de lecture estim\u00e9e":"3 minutes"},"schema":{"@context":"https:\/\/schema.org","@graph":[{"@type":"WebPage","@id":"https:\/\/www.hnhlcranes.com\/product\/workstation-crane-part\/","url":"https:\/\/www.hnhlcranes.com\/product\/workstation-crane-part\/","name":"Workstation Crane Part -Workstation Crane- Crane Parts Manufacturer","isPartOf":{"@id":"https:\/\/www.hnhlcranes.com\/#website"},"primaryImageOfPage":{"@id":"https:\/\/www.hnhlcranes.com\/product\/workstation-crane-part\/#primaryimage"},"image":{"@id":"https:\/\/www.hnhlcranes.com\/product\/workstation-crane-part\/#primaryimage"},"thumbnailUrl":"https:\/\/www.hnhlcranes.com\/wp-content\/uploads\/2024\/12\/Workstation-Crane-Parts.jpg","datePublished":"2024-12-04T02:26:51+00:00","dateModified":"2025-01-13T15:47:09+00:00","description":"Workstation Crane manual trolley,Workstation Crane electric trolley,Workstation Crane end beam,Workstation Crane cable trolley,Workstation Crane Parts","breadcrumb":{"@id":"https:\/\/www.hnhlcranes.com\/product\/workstation-crane-part\/#breadcrumb"},"inLanguage":"fr-FR","potentialAction":[{"@type":"ReadAction","target":["https:\/\/www.hnhlcranes.com\/product\/workstation-crane-part\/"]}]},{"@type":"ImageObject","inLanguage":"fr-FR","@id":"https:\/\/www.hnhlcranes.com\/product\/workstation-crane-part\/#primaryimage","url":"https:\/\/www.hnhlcranes.com\/wp-content\/uploads\/2024\/12\/Workstation-Crane-Parts.jpg","contentUrl":"https:\/\/www.hnhlcranes.com\/wp-content\/uploads\/2024\/12\/Workstation-Crane-Parts.jpg","width":600,"height":600},{"@type":"BreadcrumbList","@id":"https:\/\/www.hnhlcranes.com\/product\/workstation-crane-part\/#breadcrumb","itemListElement":[{"@type":"ListItem","position":1,"name":"home","item":"https:\/\/www.hnhlcranes.com\/"},{"@type":"ListItem","position":2,"name":"products","item":"https:\/\/www.hnhlcranes.com\/products\/"},{"@type":"ListItem","position":3,"name":"Workstation Crane Part"}]},{"@type":"WebSite","@id":"https:\/\/www.hnhlcranes.com\/#website","url":"https:\/\/www.hnhlcranes.com\/","name":"Crane Parts Manufacturer","description":"Crane Wheels,Crane Drums,Crane Hooks,Crane Coupling,Crane End Carriage,Electric Hoist,European Crane Parts,Crane Rail Clip,Crane Spreader,Crane Motor,Crane Reducer,Crane Brake,Light Crane Parts,Workstation Crane Parts,Crane Electrical Parts,China Crane Parts Supplier,China Crane Parts Manufacturer,Angle box type crane wheel,45 degree split crane wheel,European crane wheel,Crane Wheel Blocks,Overhead crane drum,European crane drum,Overhead crane hook,European crane hook,Crane pulley block,Gear coupling,Brake wheel coupling,Drum gear coupling,Brake wheel drum gear coupling,Cardan Shaft Coupling,WZL drum coupling,Plum blossom elastic coupling,Brake wheel plum elastic coupling,European Single girder crane end carriage,European Double girder crane end carriage,European Suspension  crane end carriage,Wire Rope Electric Hoist,Electric Chain Hoist,European Single Girder Wire Rope Electric Hoist,European Double Girder Wire Rope Electric Hoist,Crane grab,Container spreader,Billet crane clamps,C-type hook,Lifting Electromagnet,YZR crane motor,YZP crane motor,ZQ Reducer,ZSC Reducer,QJ Reducer,QJ-L Reducer,QJY Reducer,H series gearbox,F Series Gear Motor,K Series Gear Motor,R Series Gear Motor,travelling machinery gear motor,Electro hydraulic drum brake,Electro hydraulic disc brake,Crane Safety brake,Crane cable trolley,Crane remote controller,Crane pendant controller,Crane electrical control cabinet,Crane limit switch,Crane sound and light alarm,Heavy Duty Aviation Connector,Crane overload limiter","publisher":{"@id":"https:\/\/www.hnhlcranes.com\/#organization"},"potentialAction":[{"@type":"SearchAction","target":{"@type":"EntryPoint","urlTemplate":"https:\/\/www.hnhlcranes.com\/?s={search_term_string}"},"query-input":{"@type":"PropertyValueSpecification","valueRequired":true,"valueName":"search_term_string"}}],"inLanguage":"fr-FR"},{"@type":"Organization","@id":"https:\/\/www.hnhlcranes.com\/#organization","name":"Crane Parts Manufacturer","url":"https:\/\/www.hnhlcranes.com\/","logo":{"@type":"ImageObject","inLanguage":"fr-FR","@id":"https:\/\/www.hnhlcranes.com\/#\/schema\/logo\/image\/","url":"https:\/\/www.hnhlcranes.com\/wp-content\/uploads\/2025\/01\/HL-logo-1.png","contentUrl":"https:\/\/www.hnhlcranes.com\/wp-content\/uploads\/2025\/01\/HL-logo-1.png","width":600,"height":169,"caption":"Crane Parts Manufacturer"},"image":{"@id":"https:\/\/www.hnhlcranes.com\/#\/schema\/logo\/image\/"}}]}},"_links":{"self":[{"href":"https:\/\/www.hnhlcranes.com\/fr\/wp-json\/wp\/v2\/product\/5707","targetHints":{"allow":["GET"]}}],"collection":[{"href":"https:\/\/www.hnhlcranes.com\/fr\/wp-json\/wp\/v2\/product"}],"about":[{"href":"https:\/\/www.hnhlcranes.com\/fr\/wp-json\/wp\/v2\/types\/product"}],"version-history":[{"count":4,"href":"https:\/\/www.hnhlcranes.com\/fr\/wp-json\/wp\/v2\/product\/5707\/revisions"}],"predecessor-version":[{"id":7438,"href":"https:\/\/www.hnhlcranes.com\/fr\/wp-json\/wp\/v2\/product\/5707\/revisions\/7438"}],"wp:featuredmedia":[{"embeddable":true,"href":"https:\/\/www.hnhlcranes.com\/fr\/wp-json\/wp\/v2\/media\/7434"}],"wp:attachment":[{"href":"https:\/\/www.hnhlcranes.com\/fr\/wp-json\/wp\/v2\/media?parent=5707"}],"wp:term":[{"taxonomy":"product_brand","embeddable":true,"href":"https:\/\/www.hnhlcranes.com\/fr\/wp-json\/wp\/v2\/product_brand?post=5707"},{"taxonomy":"product_cat","embeddable":true,"href":"https:\/\/www.hnhlcranes.com\/fr\/wp-json\/wp\/v2\/product_cat?post=5707"},{"taxonomy":"product_tag","embeddable":true,"href":"https:\/\/www.hnhlcranes.com\/fr\/wp-json\/wp\/v2\/product_tag?post=5707"}],"curies":[{"name":"wp","href":"https:\/\/api.w.org\/{rel}","templated":true}]}}