{"id":5799,"date":"2024-12-06T01:12:50","date_gmt":"2024-12-05T17:12:50","guid":{"rendered":"https:\/\/www.hnhlcranes.com\/?post_type=product&#038;p=5799"},"modified":"2025-01-16T15:38:12","modified_gmt":"2025-01-16T07:38:12","slug":"connecteur-aviation-pour-usage-intensif","status":"publish","type":"product","link":"https:\/\/www.hnhlcranes.com\/fr\/produit\/connecteur-aviation-pour-usage-intensif\/","title":{"rendered":"Connecteur d'aviation \u00e0 usage intensif"},"content":{"rendered":"<div class=\"flex max-w-full flex-col flex-grow\">\n<div class=\"min-h-8 text-message flex w-full flex-col items-end gap-2 whitespace-normal break-words text-start [.text-message+&amp;]:mt-5\" dir=\"auto\" data-message-author-role=\"assistant\" data-message-id=\"fc730c9a-ffef-45d3-a6b5-1c3420fc36b9\" data-message-model-slug=\"gpt-4o\">\n<div class=\"flex w-full flex-col gap-1 empty:hidden first:pt-[3px]\">\n<div class=\"markdown prose w-full break-words dark:prose-invert light\"><\/div>\n<\/div>\n<\/div>\n<\/div>\n<h3>Caract\u00e9ristiques et sp\u00e9cifications du connecteur d'aviation \u00e0 usage intensif<\/h3>\n<h4><strong>Caract\u00e9ristiques<\/strong><\/h4>\n<ol>\n<li><strong>Haute r\u00e9sistance et durabilit\u00e9 :<\/strong>\n<ul>\n<li>Les connecteurs pour l'aviation \u00e0 usage intensif sont fabriqu\u00e9s \u00e0 partir de mat\u00e9riaux tr\u00e8s r\u00e9sistants, offrant une excellente r\u00e9sistance \u00e0 l'abrasion, \u00e0 la corrosion et aux chocs. Ces connecteurs sont con\u00e7us pour r\u00e9sister aux impacts m\u00e9caniques et aux vibrations, ce qui les rend id\u00e9aux pour les environnements difficiles et les applications industrielles.<\/li>\n<\/ul>\n<\/li>\n<li><strong>Imperm\u00e9able \u00e0 l'eau et \u00e0 la poussi\u00e8re :<\/strong>\n<ul>\n<li>Ces connecteurs ont un indice de protection \u00e9lev\u00e9, g\u00e9n\u00e9ralement IP67 ou plus, qui emp\u00eache efficacement la p\u00e9n\u00e9tration de l'eau, de la poussi\u00e8re et d'autres contaminants. Ils garantissent ainsi un fonctionnement fiable dans des environnements tr\u00e8s humides ou tr\u00e8s poussi\u00e9reux.<\/li>\n<\/ul>\n<\/li>\n<li><strong>Performance \u00e9lectrique fiable :<\/strong>\n<ul>\n<li>Les connecteurs d'aviation robustes offrent des capacit\u00e9s de transmission de courant \u00e9lev\u00e9es, garantissant un transfert d'\u00e9nergie stable dans des conditions de charge \u00e9lev\u00e9e. Les composants de contact sont g\u00e9n\u00e9ralement fabriqu\u00e9s \u00e0 partir de mat\u00e9riaux \u00e0 haute conductivit\u00e9 (tels que l'alliage de cuivre), ce qui garantit des connexions \u00e9lectriques fiables et durables.<\/li>\n<\/ul>\n<\/li>\n<li><strong>R\u00e9sistance aux hautes et basses temp\u00e9ratures :<\/strong>\n<ul>\n<li>Ces connecteurs sont con\u00e7us pour fonctionner \u00e0 des temp\u00e9ratures extr\u00eames, g\u00e9n\u00e9ralement comprises entre -55\u00b0C et +200\u00b0C. Ils sont bien adapt\u00e9s aux industries telles que l'a\u00e9rospatiale, l'arm\u00e9e et les chemins de fer, o\u00f9 les conditions de temp\u00e9rature \u00e9lev\u00e9e ou basse sont courantes.<\/li>\n<\/ul>\n<\/li>\n<li><strong>Vari\u00e9t\u00e9 de connecteurs :<\/strong>\n<ul>\n<li>Les connecteurs d'aviation robustes prennent en charge diff\u00e9rents types de connecteurs, y compris les connecteurs circulaires, rectangulaires, droits et d\u00e9tachables, afin de r\u00e9pondre aux diff\u00e9rents sc\u00e9narios d'application et aux exigences.<\/li>\n<\/ul>\n<\/li>\n<li><strong>Installation et d\u00e9connexion rapides :<\/strong>\n<ul>\n<li>Ces connecteurs sont con\u00e7us pour \u00eatre pratiques, avec des m\u00e9canismes de connexion et de d\u00e9connexion rapides qui am\u00e9liorent l'efficacit\u00e9 op\u00e9rationnelle. De nombreux mod\u00e8les sont dot\u00e9s de m\u00e9canismes de verrouillage automatique, ce qui garantit des connexions stables et fiables.<\/li>\n<\/ul>\n<\/li>\n<li><strong>Large \u00e9ventail d'applications :<\/strong>\n<ul>\n<li>Ces connecteurs sont largement utilis\u00e9s dans l'a\u00e9rospatiale, l'arm\u00e9e, les chemins de fer, les machines lourdes, les \u00e9quipements industriels et d'autres domaines qui n\u00e9cessitent des connexions \u00e9lectriques \u00e0 haute r\u00e9sistance.<\/li>\n<\/ul>\n<\/li>\n<\/ol>\n<h4><strong>Sp\u00e9cifications<\/strong><\/h4>\n<ol>\n<li><strong>Courant nominal :<\/strong>\n<ul>\n<li>La plage de courant nominal varie g\u00e9n\u00e9ralement de 10 \u00e0 500 A, en fonction du mod\u00e8le et des sp\u00e9cifications du connecteur.<\/li>\n<\/ul>\n<\/li>\n<li><strong>Tension nominale :<\/strong>\n<ul>\n<li>La tension nominale est g\u00e9n\u00e9ralement comprise entre 250 et 3 000 V, ce qui permet de r\u00e9pondre aux exigences \u00e9lectriques de diverses applications.<\/li>\n<\/ul>\n<\/li>\n<li><strong>R\u00e9sistance de contact :<\/strong>\n<ul>\n<li>La r\u00e9sistance de contact est g\u00e9n\u00e9ralement inf\u00e9rieure \u00e0 1m\u03a9, ce qui garantit des connexions \u00e0 faible r\u00e9sistance et r\u00e9duit les pertes d'\u00e9nergie.<\/li>\n<\/ul>\n<\/li>\n<li><strong>Plage de temp\u00e9rature de fonctionnement :<\/strong>\n<ul>\n<li>La plage de temp\u00e9rature de fonctionnement standard s'\u00e9tend de -55\u00b0C \u00e0 +200\u00b0C, certains mod\u00e8les pouvant supporter des temp\u00e9ratures encore plus \u00e9lev\u00e9es.<\/li>\n<\/ul>\n<\/li>\n<li><strong>Indice de protection :<\/strong>\n<ul>\n<li>L'indice de protection est g\u00e9n\u00e9ralement \u00e9gal ou sup\u00e9rieur \u00e0 IP67, offrant une excellente protection contre l'eau et la poussi\u00e8re.<\/li>\n<\/ul>\n<\/li>\n<li><strong>Cycles d'insertion\/retrait :<\/strong>\n<ul>\n<li>Les connecteurs supportent g\u00e9n\u00e9ralement de 1000 \u00e0 5000 cycles d'accouplement, ce qui garantit une fiabilit\u00e9 et une stabilit\u00e9 \u00e0 long terme, m\u00eame apr\u00e8s une utilisation r\u00e9p\u00e9t\u00e9e.<\/li>\n<\/ul>\n<\/li>\n<li><strong>Types de connecteurs :<\/strong>\n<ul>\n<li>Les types de connecteurs courants comprennent les connecteurs \u00e0 connexion rapide, les connecteurs filet\u00e9s et les connecteurs \u00e0 verrouillage, ce qui permet de disposer d'options flexibles en fonction des besoins de connexion sp\u00e9cifiques.<\/li>\n<\/ul>\n<\/li>\n<li><strong>Mat\u00e9riaux :<\/strong>\n<ul>\n<li>Les bo\u00eetiers sont g\u00e9n\u00e9ralement fabriqu\u00e9s en alliage d'aluminium ou en acier inoxydable, tandis que les contacts sont g\u00e9n\u00e9ralement compos\u00e9s d'alliage de cuivre ou de mat\u00e9riaux plaqu\u00e9s argent, ce qui leur conf\u00e8re une excellente conductivit\u00e9 et une grande r\u00e9sistance \u00e0 la corrosion.<\/li>\n<\/ul>\n<\/li>\n<li><strong>Taille et poids :<\/strong>\n<ul>\n<li>Les connecteurs d'aviation \u00e0 usage intensif sont g\u00e9n\u00e9ralement de plus grande taille pour supporter un courant plus \u00e9lev\u00e9 et des performances m\u00e9caniques plus fortes, ce qui se traduit par un poids relativement plus \u00e9lev\u00e9 pour garantir des connexions stables.<\/li>\n<\/ul>\n<\/li>\n<\/ol>\n<h3>Conclusion<\/h3>\n<p>En conclusion, les connecteurs d'aviation robustes offrent une durabilit\u00e9 et une fiabilit\u00e9 exceptionnelles, assurant des connexions \u00e9lectriques stables m\u00eame dans des environnements extr\u00eames. Avec des caract\u00e9ristiques telles que l'\u00e9tanch\u00e9it\u00e9 \u00e0 l'eau et \u00e0 la poussi\u00e8re, la r\u00e9sistance aux chocs et la tol\u00e9rance aux temp\u00e9ratures \u00e9lev\u00e9es, ces connecteurs sont largement utilis\u00e9s dans des secteurs tels que l'a\u00e9rospatiale, l'arm\u00e9e, les chemins de fer et les \u00e9quipements industriels. Leurs excellentes performances \u00e9lectriques, leur vari\u00e9t\u00e9 de styles de connecteurs et leurs indices de protection \u00e9lev\u00e9s en font le choix id\u00e9al pour les applications n\u00e9cessitant des connexions \u00e9lectriques \u00e0 haute r\u00e9sistance.<\/p>\n<p><img fetchpriority=\"high\" decoding=\"async\" class=\"alignnone wp-image-7525\" src=\"https:\/\/www.hnhlcranes.com\/wp-content\/uploads\/2024\/12\/Heavy-Duty-Aviation-Connector-6-pin-e1737012766554-300x147.jpg\" alt=\"\" width=\"1010\" height=\"495\" srcset=\"https:\/\/www.hnhlcranes.com\/wp-content\/uploads\/2024\/12\/Heavy-Duty-Aviation-Connector-6-pin-e1737012766554-300x147.jpg 300w, https:\/\/www.hnhlcranes.com\/wp-content\/uploads\/2024\/12\/Heavy-Duty-Aviation-Connector-6-pin-e1737012766554-1024x502.jpg 1024w, https:\/\/www.hnhlcranes.com\/wp-content\/uploads\/2024\/12\/Heavy-Duty-Aviation-Connector-6-pin-e1737012766554-768x376.jpg 768w, https:\/\/www.hnhlcranes.com\/wp-content\/uploads\/2024\/12\/Heavy-Duty-Aviation-Connector-6-pin-e1737012766554-600x294.jpg 600w, https:\/\/www.hnhlcranes.com\/wp-content\/uploads\/2024\/12\/Heavy-Duty-Aviation-Connector-6-pin-e1737012766554.jpg 1224w\" sizes=\"(max-width: 1010px) 100vw, 1010px\" \/><\/p>\n<p><img decoding=\"async\" class=\"alignnone wp-image-7526\" src=\"https:\/\/www.hnhlcranes.com\/wp-content\/uploads\/2024\/12\/Heavy-Duty-Aviation-Connector-16-pin-e1737012903661-300x147.jpg\" alt=\"\" width=\"1000\" height=\"490\" srcset=\"https:\/\/www.hnhlcranes.com\/wp-content\/uploads\/2024\/12\/Heavy-Duty-Aviation-Connector-16-pin-e1737012903661-300x147.jpg 300w, https:\/\/www.hnhlcranes.com\/wp-content\/uploads\/2024\/12\/Heavy-Duty-Aviation-Connector-16-pin-e1737012903661-1024x502.jpg 1024w, https:\/\/www.hnhlcranes.com\/wp-content\/uploads\/2024\/12\/Heavy-Duty-Aviation-Connector-16-pin-e1737012903661-768x376.jpg 768w, https:\/\/www.hnhlcranes.com\/wp-content\/uploads\/2024\/12\/Heavy-Duty-Aviation-Connector-16-pin-e1737012903661-600x294.jpg 600w, https:\/\/www.hnhlcranes.com\/wp-content\/uploads\/2024\/12\/Heavy-Duty-Aviation-Connector-16-pin-e1737012903661.jpg 1224w\" sizes=\"(max-width: 1000px) 100vw, 1000px\" \/><\/p>\n<p><img decoding=\"async\" class=\"alignnone  wp-image-7527\" src=\"https:\/\/www.hnhlcranes.com\/wp-content\/uploads\/2024\/12\/Heavy-Duty-Aviation-Connector-32-pin-e1737013007182-300x147.jpg\" alt=\"\" width=\"1004\" height=\"492\" srcset=\"https:\/\/www.hnhlcranes.com\/wp-content\/uploads\/2024\/12\/Heavy-Duty-Aviation-Connector-32-pin-e1737013007182-300x147.jpg 300w, https:\/\/www.hnhlcranes.com\/wp-content\/uploads\/2024\/12\/Heavy-Duty-Aviation-Connector-32-pin-e1737013007182-1024x502.jpg 1024w, https:\/\/www.hnhlcranes.com\/wp-content\/uploads\/2024\/12\/Heavy-Duty-Aviation-Connector-32-pin-e1737013007182-768x376.jpg 768w, https:\/\/www.hnhlcranes.com\/wp-content\/uploads\/2024\/12\/Heavy-Duty-Aviation-Connector-32-pin-e1737013007182-600x294.jpg 600w, https:\/\/www.hnhlcranes.com\/wp-content\/uploads\/2024\/12\/Heavy-Duty-Aviation-Connector-32-pin-e1737013007182.jpg 1224w\" sizes=\"(max-width: 1004px) 100vw, 1004px\" \/><\/p>","protected":false},"excerpt":{"rendered":"<p>Le connecteur HE Heavy Duty Aviation Connector, \u00e9galement connu sous le nom de connecteur aviation ou de connecteur rapide, est une solution polyvalente et robuste pour les connexions \u00e9lectriques et de signaux dans les \u00e9quipements industriels, y compris les grues.<\/p>","protected":false},"featured_media":7506,"template":"","meta":{"_kad_post_transparent":"default","_kad_post_title":"","_kad_post_layout":"default","_kad_post_sidebar_id":"","_kad_post_content_style":"default","_kad_post_vertical_padding":"show","_kad_post_feature":"","_kad_post_feature_position":"","_kad_post_header":false,"_kad_post_footer":false},"product_brand":[],"product_cat":[65],"product_tag":[632,622,376,634,612,616,626,627,629,613,617,620,615,614,618,628,619,621,623,630,635,633,625,631,624],"class_list":{"0":"post-5799","1":"product","2":"type-product","3":"status-publish","4":"has-post-thumbnail","6":"product_cat-crane-electrical-parts","7":"product_tag-aviation-plug","8":"product_tag-cable-trolley","9":"product_tag-china-crane-parts-supplier","10":"product_tag-crane-aviation-plug","11":"product_tag-crane-cable-trolley","12":"product_tag-crane-control-cabinet","13":"product_tag-crane-control-handle","14":"product_tag-crane-controls","15":"product_tag-crane-electrical-control-cabinet","16":"product_tag-crane-electrical-part","17":"product_tag-crane-limit-switch","18":"product_tag-crane-overload-limiter","19":"product_tag-crane-pendant-controller","20":"product_tag-crane-remote-controller","21":"product_tag-crane-sound-and-light-alarm","22":"product_tag-electrical-control-cabinet","23":"product_tag-heavy-duty-aviation-connector","24":"product_tag-i-beam-cable-trolley","25":"product_tag-i-beam-cable-trolley-supplier","26":"product_tag-limit-switch","27":"product_tag-overload-limiter","28":"product_tag-quick-connector","29":"product_tag-remote-controller","30":"product_tag-sound-and-light-alarm","31":"product_tag-wireless-remote-control","33":"first","34":"instock","35":"shipping-taxable","36":"product-type-simple","37":"entry","38":"content-bg","39":"loop-entry"},"yoast_head":"<!-- This site is optimized with the Yoast SEO plugin v24.5 - https:\/\/yoast.com\/wordpress\/plugins\/seo\/ -->\n<title>Heavy Duty Aviation Connector - Aviation plug-Quick connector-Crane Parts Manufacturer<\/title>\n<meta name=\"description\" content=\"Aviation plug,quick connector,Crane aviation plug, Heavy Duty Aviation Connector manufacturer,Crane Parts Supplier,Heavy Duty Aviation Connector\" \/>\n<meta name=\"robots\" content=\"index, follow, max-snippet:-1, max-image-preview:large, max-video-preview:-1\" \/>\n<link rel=\"canonical\" href=\"https:\/\/www.hnhlcranes.com\/fr\/produit\/connecteur-aviation-pour-usage-intensif\/\" \/>\n<meta property=\"og:locale\" content=\"fr_FR\" \/>\n<meta property=\"og:type\" content=\"article\" \/>\n<meta property=\"og:title\" content=\"Heavy Duty Aviation Connector - Aviation plug-Quick connector-Crane Parts Manufacturer\" \/>\n<meta property=\"og:description\" content=\"Aviation plug,quick connector,Crane aviation plug, Heavy Duty Aviation Connector manufacturer,Crane Parts Supplier,Heavy Duty Aviation Connector\" \/>\n<meta property=\"og:url\" content=\"https:\/\/www.hnhlcranes.com\/fr\/produit\/connecteur-aviation-pour-usage-intensif\/\" \/>\n<meta property=\"og:site_name\" content=\"Crane Parts Manufacturer\" \/>\n<meta property=\"article:modified_time\" content=\"2025-01-16T07:38:12+00:00\" \/>\n<meta property=\"og:image\" content=\"https:\/\/www.hnhlcranes.com\/wp-content\/uploads\/2024\/12\/Heavy-Duty-Aviation-Connector.jpg\" \/>\n\t<meta property=\"og:image:width\" content=\"600\" \/>\n\t<meta property=\"og:image:height\" content=\"600\" \/>\n\t<meta property=\"og:image:type\" content=\"image\/jpeg\" \/>\n<meta name=\"twitter:card\" content=\"summary_large_image\" \/>\n<meta name=\"twitter:label1\" content=\"Dur\u00e9e de lecture estim\u00e9e\" \/>\n\t<meta name=\"twitter:data1\" content=\"4 minutes\" \/>\n<script type=\"application\/ld+json\" class=\"yoast-schema-graph\">{\"@context\":\"https:\/\/schema.org\",\"@graph\":[{\"@type\":\"WebPage\",\"@id\":\"https:\/\/www.hnhlcranes.com\/product\/heavy-duty-aviation-connector\/\",\"url\":\"https:\/\/www.hnhlcranes.com\/product\/heavy-duty-aviation-connector\/\",\"name\":\"Heavy Duty Aviation Connector - Aviation plug-Quick connector-Crane Parts Manufacturer\",\"isPartOf\":{\"@id\":\"https:\/\/www.hnhlcranes.com\/#website\"},\"primaryImageOfPage\":{\"@id\":\"https:\/\/www.hnhlcranes.com\/product\/heavy-duty-aviation-connector\/#primaryimage\"},\"image\":{\"@id\":\"https:\/\/www.hnhlcranes.com\/product\/heavy-duty-aviation-connector\/#primaryimage\"},\"thumbnailUrl\":\"https:\/\/www.hnhlcranes.com\/wp-content\/uploads\/2024\/12\/Heavy-Duty-Aviation-Connector.jpg\",\"datePublished\":\"2024-12-05T17:12:50+00:00\",\"dateModified\":\"2025-01-16T07:38:12+00:00\",\"description\":\"Aviation plug,quick connector,Crane aviation plug, Heavy Duty Aviation Connector manufacturer,Crane Parts Supplier,Heavy Duty Aviation Connector\",\"breadcrumb\":{\"@id\":\"https:\/\/www.hnhlcranes.com\/product\/heavy-duty-aviation-connector\/#breadcrumb\"},\"inLanguage\":\"fr-FR\",\"potentialAction\":[{\"@type\":\"ReadAction\",\"target\":[\"https:\/\/www.hnhlcranes.com\/product\/heavy-duty-aviation-connector\/\"]}]},{\"@type\":\"ImageObject\",\"inLanguage\":\"fr-FR\",\"@id\":\"https:\/\/www.hnhlcranes.com\/product\/heavy-duty-aviation-connector\/#primaryimage\",\"url\":\"https:\/\/www.hnhlcranes.com\/wp-content\/uploads\/2024\/12\/Heavy-Duty-Aviation-Connector.jpg\",\"contentUrl\":\"https:\/\/www.hnhlcranes.com\/wp-content\/uploads\/2024\/12\/Heavy-Duty-Aviation-Connector.jpg\",\"width\":600,\"height\":600},{\"@type\":\"BreadcrumbList\",\"@id\":\"https:\/\/www.hnhlcranes.com\/product\/heavy-duty-aviation-connector\/#breadcrumb\",\"itemListElement\":[{\"@type\":\"ListItem\",\"position\":1,\"name\":\"home\",\"item\":\"https:\/\/www.hnhlcranes.com\/\"},{\"@type\":\"ListItem\",\"position\":2,\"name\":\"products\",\"item\":\"https:\/\/www.hnhlcranes.com\/products\/\"},{\"@type\":\"ListItem\",\"position\":3,\"name\":\"Heavy Duty Aviation Connector\"}]},{\"@type\":\"WebSite\",\"@id\":\"https:\/\/www.hnhlcranes.com\/#website\",\"url\":\"https:\/\/www.hnhlcranes.com\/\",\"name\":\"Crane Parts Manufacturer\",\"description\":\"Crane Wheels,Crane Drums,Crane Hooks,Crane Coupling,Crane End Carriage,Electric Hoist,European Crane Parts,Crane Rail Clip,Crane Spreader,Crane Motor,Crane Reducer,Crane Brake,Light Crane Parts,Workstation Crane Parts,Crane Electrical Parts,China Crane Parts Supplier,China Crane Parts Manufacturer,Angle box type crane wheel,45 degree split crane wheel,European crane wheel,Crane Wheel Blocks,Overhead crane drum,European crane drum,Overhead crane hook,European crane hook,Crane pulley block,Gear coupling,Brake wheel coupling,Drum gear coupling,Brake wheel drum gear coupling,Cardan Shaft Coupling,WZL drum coupling,Plum blossom elastic coupling,Brake wheel plum elastic coupling,European Single girder crane end carriage,European Double girder crane end carriage,European Suspension  crane end carriage,Wire Rope Electric Hoist,Electric Chain Hoist,European Single Girder Wire Rope Electric Hoist,European Double Girder Wire Rope Electric Hoist,Crane grab,Container spreader,Billet crane clamps,C-type hook,Lifting Electromagnet,YZR crane motor,YZP crane motor,ZQ Reducer,ZSC Reducer,QJ Reducer,QJ-L Reducer,QJY Reducer,H series gearbox,F Series Gear Motor,K Series Gear Motor,R Series Gear Motor,travelling machinery gear motor,Electro hydraulic drum brake,Electro hydraulic disc brake,Crane Safety brake,Crane cable trolley,Crane remote controller,Crane pendant controller,Crane electrical control cabinet,Crane limit switch,Crane sound and light alarm,Heavy Duty Aviation Connector,Crane overload limiter\",\"publisher\":{\"@id\":\"https:\/\/www.hnhlcranes.com\/#organization\"},\"potentialAction\":[{\"@type\":\"SearchAction\",\"target\":{\"@type\":\"EntryPoint\",\"urlTemplate\":\"https:\/\/www.hnhlcranes.com\/?s={search_term_string}\"},\"query-input\":{\"@type\":\"PropertyValueSpecification\",\"valueRequired\":true,\"valueName\":\"search_term_string\"}}],\"inLanguage\":\"fr-FR\"},{\"@type\":\"Organization\",\"@id\":\"https:\/\/www.hnhlcranes.com\/#organization\",\"name\":\"Crane Parts Manufacturer\",\"url\":\"https:\/\/www.hnhlcranes.com\/\",\"logo\":{\"@type\":\"ImageObject\",\"inLanguage\":\"fr-FR\",\"@id\":\"https:\/\/www.hnhlcranes.com\/#\/schema\/logo\/image\/\",\"url\":\"https:\/\/www.hnhlcranes.com\/wp-content\/uploads\/2025\/01\/HL-logo-1.png\",\"contentUrl\":\"https:\/\/www.hnhlcranes.com\/wp-content\/uploads\/2025\/01\/HL-logo-1.png\",\"width\":600,\"height\":169,\"caption\":\"Crane Parts Manufacturer\"},\"image\":{\"@id\":\"https:\/\/www.hnhlcranes.com\/#\/schema\/logo\/image\/\"}}]}<\/script>\n<!-- \/ Yoast SEO plugin. -->","yoast_head_json":{"title":"Heavy Duty Aviation Connector - Aviation plug-Quick connector-Crane Parts Manufacturer","description":"Aviation plug,quick connector,Crane aviation plug, Heavy Duty Aviation Connector manufacturer,Crane Parts Supplier,Heavy Duty Aviation Connector","robots":{"index":"index","follow":"follow","max-snippet":"max-snippet:-1","max-image-preview":"max-image-preview:large","max-video-preview":"max-video-preview:-1"},"canonical":"https:\/\/www.hnhlcranes.com\/fr\/produit\/connecteur-aviation-pour-usage-intensif\/","og_locale":"fr_FR","og_type":"article","og_title":"Heavy Duty Aviation Connector - Aviation plug-Quick connector-Crane Parts Manufacturer","og_description":"Aviation plug,quick connector,Crane aviation plug, Heavy Duty Aviation Connector manufacturer,Crane Parts Supplier,Heavy Duty Aviation Connector","og_url":"https:\/\/www.hnhlcranes.com\/fr\/produit\/connecteur-aviation-pour-usage-intensif\/","og_site_name":"Crane Parts Manufacturer","article_modified_time":"2025-01-16T07:38:12+00:00","og_image":[{"width":600,"height":600,"url":"https:\/\/www.hnhlcranes.com\/wp-content\/uploads\/2024\/12\/Heavy-Duty-Aviation-Connector.jpg","type":"image\/jpeg"}],"twitter_card":"summary_large_image","twitter_misc":{"Dur\u00e9e de lecture estim\u00e9e":"4 minutes"},"schema":{"@context":"https:\/\/schema.org","@graph":[{"@type":"WebPage","@id":"https:\/\/www.hnhlcranes.com\/product\/heavy-duty-aviation-connector\/","url":"https:\/\/www.hnhlcranes.com\/product\/heavy-duty-aviation-connector\/","name":"Heavy Duty Aviation Connector - Aviation plug-Quick connector-Crane Parts Manufacturer","isPartOf":{"@id":"https:\/\/www.hnhlcranes.com\/#website"},"primaryImageOfPage":{"@id":"https:\/\/www.hnhlcranes.com\/product\/heavy-duty-aviation-connector\/#primaryimage"},"image":{"@id":"https:\/\/www.hnhlcranes.com\/product\/heavy-duty-aviation-connector\/#primaryimage"},"thumbnailUrl":"https:\/\/www.hnhlcranes.com\/wp-content\/uploads\/2024\/12\/Heavy-Duty-Aviation-Connector.jpg","datePublished":"2024-12-05T17:12:50+00:00","dateModified":"2025-01-16T07:38:12+00:00","description":"Aviation plug,quick connector,Crane aviation plug, Heavy Duty Aviation Connector manufacturer,Crane Parts Supplier,Heavy Duty Aviation Connector","breadcrumb":{"@id":"https:\/\/www.hnhlcranes.com\/product\/heavy-duty-aviation-connector\/#breadcrumb"},"inLanguage":"fr-FR","potentialAction":[{"@type":"ReadAction","target":["https:\/\/www.hnhlcranes.com\/product\/heavy-duty-aviation-connector\/"]}]},{"@type":"ImageObject","inLanguage":"fr-FR","@id":"https:\/\/www.hnhlcranes.com\/product\/heavy-duty-aviation-connector\/#primaryimage","url":"https:\/\/www.hnhlcranes.com\/wp-content\/uploads\/2024\/12\/Heavy-Duty-Aviation-Connector.jpg","contentUrl":"https:\/\/www.hnhlcranes.com\/wp-content\/uploads\/2024\/12\/Heavy-Duty-Aviation-Connector.jpg","width":600,"height":600},{"@type":"BreadcrumbList","@id":"https:\/\/www.hnhlcranes.com\/product\/heavy-duty-aviation-connector\/#breadcrumb","itemListElement":[{"@type":"ListItem","position":1,"name":"home","item":"https:\/\/www.hnhlcranes.com\/"},{"@type":"ListItem","position":2,"name":"products","item":"https:\/\/www.hnhlcranes.com\/products\/"},{"@type":"ListItem","position":3,"name":"Heavy Duty Aviation Connector"}]},{"@type":"WebSite","@id":"https:\/\/www.hnhlcranes.com\/#website","url":"https:\/\/www.hnhlcranes.com\/","name":"Crane Parts Manufacturer","description":"Crane Wheels,Crane Drums,Crane Hooks,Crane Coupling,Crane End Carriage,Electric Hoist,European Crane Parts,Crane Rail Clip,Crane Spreader,Crane Motor,Crane Reducer,Crane Brake,Light Crane Parts,Workstation Crane Parts,Crane Electrical Parts,China Crane Parts Supplier,China Crane Parts Manufacturer,Angle box type crane wheel,45 degree split crane wheel,European crane wheel,Crane Wheel Blocks,Overhead crane drum,European crane drum,Overhead crane hook,European crane hook,Crane pulley block,Gear coupling,Brake wheel coupling,Drum gear coupling,Brake wheel drum gear coupling,Cardan Shaft Coupling,WZL drum coupling,Plum blossom elastic coupling,Brake wheel plum elastic coupling,European Single girder crane end carriage,European Double girder crane end carriage,European Suspension  crane end carriage,Wire Rope Electric Hoist,Electric Chain Hoist,European Single Girder Wire Rope Electric Hoist,European Double Girder Wire Rope Electric Hoist,Crane grab,Container spreader,Billet crane clamps,C-type hook,Lifting Electromagnet,YZR crane motor,YZP crane motor,ZQ Reducer,ZSC Reducer,QJ Reducer,QJ-L Reducer,QJY Reducer,H series gearbox,F Series Gear Motor,K Series Gear Motor,R Series Gear Motor,travelling machinery gear motor,Electro hydraulic drum brake,Electro hydraulic disc brake,Crane Safety brake,Crane cable trolley,Crane remote controller,Crane pendant controller,Crane electrical control cabinet,Crane limit switch,Crane sound and light alarm,Heavy Duty Aviation Connector,Crane overload limiter","publisher":{"@id":"https:\/\/www.hnhlcranes.com\/#organization"},"potentialAction":[{"@type":"SearchAction","target":{"@type":"EntryPoint","urlTemplate":"https:\/\/www.hnhlcranes.com\/?s={search_term_string}"},"query-input":{"@type":"PropertyValueSpecification","valueRequired":true,"valueName":"search_term_string"}}],"inLanguage":"fr-FR"},{"@type":"Organization","@id":"https:\/\/www.hnhlcranes.com\/#organization","name":"Crane Parts Manufacturer","url":"https:\/\/www.hnhlcranes.com\/","logo":{"@type":"ImageObject","inLanguage":"fr-FR","@id":"https:\/\/www.hnhlcranes.com\/#\/schema\/logo\/image\/","url":"https:\/\/www.hnhlcranes.com\/wp-content\/uploads\/2025\/01\/HL-logo-1.png","contentUrl":"https:\/\/www.hnhlcranes.com\/wp-content\/uploads\/2025\/01\/HL-logo-1.png","width":600,"height":169,"caption":"Crane Parts Manufacturer"},"image":{"@id":"https:\/\/www.hnhlcranes.com\/#\/schema\/logo\/image\/"}}]}},"_links":{"self":[{"href":"https:\/\/www.hnhlcranes.com\/fr\/wp-json\/wp\/v2\/product\/5799","targetHints":{"allow":["GET"]}}],"collection":[{"href":"https:\/\/www.hnhlcranes.com\/fr\/wp-json\/wp\/v2\/product"}],"about":[{"href":"https:\/\/www.hnhlcranes.com\/fr\/wp-json\/wp\/v2\/types\/product"}],"version-history":[{"count":25,"href":"https:\/\/www.hnhlcranes.com\/fr\/wp-json\/wp\/v2\/product\/5799\/revisions"}],"predecessor-version":[{"id":7533,"href":"https:\/\/www.hnhlcranes.com\/fr\/wp-json\/wp\/v2\/product\/5799\/revisions\/7533"}],"wp:featuredmedia":[{"embeddable":true,"href":"https:\/\/www.hnhlcranes.com\/fr\/wp-json\/wp\/v2\/media\/7506"}],"wp:attachment":[{"href":"https:\/\/www.hnhlcranes.com\/fr\/wp-json\/wp\/v2\/media?parent=5799"}],"wp:term":[{"taxonomy":"product_brand","embeddable":true,"href":"https:\/\/www.hnhlcranes.com\/fr\/wp-json\/wp\/v2\/product_brand?post=5799"},{"taxonomy":"product_cat","embeddable":true,"href":"https:\/\/www.hnhlcranes.com\/fr\/wp-json\/wp\/v2\/product_cat?post=5799"},{"taxonomy":"product_tag","embeddable":true,"href":"https:\/\/www.hnhlcranes.com\/fr\/wp-json\/wp\/v2\/product_tag?post=5799"}],"curies":[{"name":"wp","href":"https:\/\/api.w.org\/{rel}","templated":true}]}}