{"id":4638,"date":"2024-10-31T23:35:21","date_gmt":"2024-10-31T15:35:21","guid":{"rendered":"https:\/\/www.hnhlcranes.com\/?post_type=product&#038;p=4638"},"modified":"2025-01-06T00:09:12","modified_gmt":"2025-01-05T16:09:12","slug":"daru-csigatomb","status":"publish","type":"product","link":"https:\/\/www.hnhlcranes.com\/hu\/termek\/daru-csigatomb\/","title":{"rendered":"Daru csig\u00e1s blokk"},"content":{"rendered":"<p>A <strong>Daru csiga blokk<\/strong> a darurendszerek alapvet\u0151 fontoss\u00e1g\u00fa eleme, els\u0151sorban az er\u0151 ir\u00e1ny\u00e1nak megv\u00e1ltoztat\u00e1s\u00e1ra, neh\u00e9z t\u00e1rgyak emel\u00e9s\u00e9re, valamint a k\u00f6telek vagy ac\u00e9lk\u00e1belek feszess\u00e9g\u00e9nek be\u00e1ll\u00edt\u00e1s\u00e1ra szolg\u00e1l. A daru l\u00e9nyeges r\u00e9sze, jellemz\u0151en csig\u00e1b\u00f3l, csap\u00e1gyb\u00f3l, h\u00e1zb\u00f3l, k\u00f6t\u00e9lb\u0151l \u00e9s r\u00f6gz\u00edt\u0151eszk\u00f6z\u00f6kb\u0151l \u00e1ll. A csigat\u00f6mb\u00f6t \u00fagy tervezt\u00e9k, hogy nagy terhel\u00e9st b\u00edrjon el, k\u00e9pes nagy s\u00falyok elvisel\u00e9s\u00e9re, mik\u00f6zben biztos\u00edtja a stabilit\u00e1st \u00e9s a biztons\u00e1got m\u0171k\u00f6d\u00e9s k\u00f6zben.<\/p>\n<h3>Kulcsfontoss\u00e1g\u00fa \u00f6sszetev\u0151k:<\/h3>\n<ol>\n<li><strong>Csigaker\u00e9k<\/strong>: Ez a k\u00f6zponti alkatr\u00e9sz, amely vezeti az ac\u00e9lk\u00f6telet, \u00e9s lehet\u0151v\u00e9 teszi, hogy \u00e1thaladjon rajta, tov\u00e1bb\u00edtva az energi\u00e1t.<\/li>\n<li><strong>Csap\u00e1gyaz\u00e1s<\/strong>: Seg\u00edti a sz\u00edjt\u00e1rcsa egyenletes forg\u00e1s\u00e1t, cs\u00f6kkenti a s\u00farl\u00f3d\u00e1st \u00e9s jav\u00edtja a m\u0171k\u00f6d\u00e9si hat\u00e9konys\u00e1got.<\/li>\n<li><strong>Lakhat\u00e1s<\/strong>: V\u00e9delmet ny\u00fajt, megakad\u00e1lyozza a sz\u00edjt\u00e1rcsa \u00e9s m\u00e1s bels\u0151 alkatr\u00e9szek k\u00e1rosod\u00e1s\u00e1t.<\/li>\n<li><strong>Ac\u00e9lk\u00f6t\u00e9l vagy k\u00e1bel<\/strong>: Ez viszi a terhel\u00e9st, \u00e9s a csigat\u00f6mbbel egy\u00fctt m\u0171k\u00f6dik.<\/li>\n<li><strong>R\u00f6gz\u00edt\u0151 eszk\u00f6z\u00f6k<\/strong>: Ezeket a csigat\u00f6mbnek a daru szerkezet\u00e9hez val\u00f3 r\u00f6gz\u00edt\u00e9s\u00e9re haszn\u00e1lj\u00e1k, biztos\u00edtva annak stabilit\u00e1s\u00e1t.<\/li>\n<\/ol>\n<h3>M\u0171k\u00f6d\u00e9si elv:<\/h3>\n<p>A daru csigat\u00f6mb \u00fagy m\u0171k\u00f6dik, hogy az ac\u00e9lk\u00f6telet a csiga k\u00f6r\u00fcl vezeti, megv\u00e1ltoztatja az er\u0151 ir\u00e1ny\u00e1t vagy n\u00f6veli a daru emel\u0151k\u00e9pess\u00e9g\u00e9t. A t\u00f6bb csig\u00e1s blokk kialak\u00edt\u00e1sa az er\u0151\u00e1tvitel m\u00f3dj\u00e1nak megv\u00e1ltoztat\u00e1s\u00e1val n\u00f6velheti a m\u0171k\u00f6d\u00e9si hat\u00e9konys\u00e1got.<\/p>\n<h3>T\u00edpusok:<\/h3>\n<ul>\n<li><strong>Egyetlen csig\u00e1s blokk<\/strong>: K\u00f6nnyebb emel\u00e9si feladatokhoz haszn\u00e1lj\u00e1k.<\/li>\n<li><strong>\u00d6sszetett t\u00e1rcs\u00e1s blokk (t\u00f6bb t\u00e1rcs\u00e1s blokk)<\/strong>: T\u00f6bb csig\u00e1t haszn\u00e1l a nagyobb terhek kezel\u00e9s\u00e9hez.<\/li>\n<li><strong>Fix \u00e9s mozgathat\u00f3 csig\u00e1k kombin\u00e1ci\u00f3ja<\/strong>: Ez a be\u00e1ll\u00edt\u00e1s egyes\u00edti az er\u0151 ir\u00e1ny\u00e1nak megv\u00e1ltoztat\u00e1s\u00e1b\u00f3l \u00e9s a mechanikai el\u0151ny\u00f6kb\u0151l sz\u00e1rmaz\u00f3 el\u0151ny\u00f6ket.<\/li>\n<\/ul>\n<h3>Alkalmaz\u00e1sok:<\/h3>\n<ul>\n<li><strong>\u00c9p\u00edt\u0151ipar<\/strong>: Nagy magass\u00e1gban t\u00f6rt\u00e9n\u0151 emel\u00e9shez vagy neh\u00e9z anyagok kezel\u00e9s\u00e9hez.<\/li>\n<li><strong>Kik\u00f6t\u0151- \u00e9s haj\u00f3z\u00e1si ipar<\/strong>: Kont\u00e9nerek vagy m\u00e1s neh\u00e9z t\u00e1rgyak be- \u00e9s kirakod\u00e1s\u00e1ra szolg\u00e1l.<\/li>\n<li><strong>B\u00e1ny\u00e1szat \u00e9s olajkitermel\u00e9s<\/strong>: Neh\u00e9z berendez\u00e9sek \u00e9s anyagok emel\u00e9s\u00e9re haszn\u00e1lj\u00e1k.<\/li>\n<\/ul>\n<p>A pontos kialak\u00edt\u00e1ssal a csigat\u00f6mb nemcsak a daruk emel\u0151kapacit\u00e1s\u00e1t n\u00f6veli, hanem cs\u00f6kkenti a m\u0171veletek sor\u00e1n fell\u00e9p\u0151 kop\u00e1st \u00e9s energiavesztes\u00e9get is, ami v\u00e9gs\u0151 soron jav\u00edtja a munka hat\u00e9konys\u00e1g\u00e1t \u00e9s biztons\u00e1g\u00e1t.<\/p>\n<p><img fetchpriority=\"high\" decoding=\"async\" class=\"alignnone wp-image-6843\" src=\"https:\/\/www.hnhlcranes.com\/wp-content\/uploads\/2024\/10\/Crane-pulley-block-7-300x140.png\" alt=\"\" width=\"951\" height=\"444\" srcset=\"https:\/\/www.hnhlcranes.com\/wp-content\/uploads\/2024\/10\/Crane-pulley-block-7-300x140.png 300w, https:\/\/www.hnhlcranes.com\/wp-content\/uploads\/2024\/10\/Crane-pulley-block-7-1024x479.png 1024w, https:\/\/www.hnhlcranes.com\/wp-content\/uploads\/2024\/10\/Crane-pulley-block-7-768x359.png 768w, https:\/\/www.hnhlcranes.com\/wp-content\/uploads\/2024\/10\/Crane-pulley-block-7-1536x719.png 1536w, https:\/\/www.hnhlcranes.com\/wp-content\/uploads\/2024\/10\/Crane-pulley-block-7-600x281.png 600w, https:\/\/www.hnhlcranes.com\/wp-content\/uploads\/2024\/10\/Crane-pulley-block-7.png 2034w\" sizes=\"(max-width: 951px) 100vw, 951px\" \/> <img decoding=\"async\" class=\"alignnone wp-image-6844\" src=\"https:\/\/www.hnhlcranes.com\/wp-content\/uploads\/2024\/10\/Crane-pulley-block-8-300x96.jpg\" alt=\"\" width=\"950\" height=\"304\" srcset=\"https:\/\/www.hnhlcranes.com\/wp-content\/uploads\/2024\/10\/Crane-pulley-block-8-300x96.jpg 300w, https:\/\/www.hnhlcranes.com\/wp-content\/uploads\/2024\/10\/Crane-pulley-block-8-1024x327.jpg 1024w, https:\/\/www.hnhlcranes.com\/wp-content\/uploads\/2024\/10\/Crane-pulley-block-8-768x245.jpg 768w, https:\/\/www.hnhlcranes.com\/wp-content\/uploads\/2024\/10\/Crane-pulley-block-8-600x192.jpg 600w, https:\/\/www.hnhlcranes.com\/wp-content\/uploads\/2024\/10\/Crane-pulley-block-8.jpg 1500w\" sizes=\"(max-width: 950px) 100vw, 950px\" \/> <img decoding=\"async\" class=\"alignnone wp-image-6845\" src=\"https:\/\/www.hnhlcranes.com\/wp-content\/uploads\/2024\/10\/Crane-pulley-block-9-300x82.jpg\" alt=\"\" width=\"951\" height=\"260\" srcset=\"https:\/\/www.hnhlcranes.com\/wp-content\/uploads\/2024\/10\/Crane-pulley-block-9-300x82.jpg 300w, https:\/\/www.hnhlcranes.com\/wp-content\/uploads\/2024\/10\/Crane-pulley-block-9-1024x279.jpg 1024w, https:\/\/www.hnhlcranes.com\/wp-content\/uploads\/2024\/10\/Crane-pulley-block-9-768x209.jpg 768w, https:\/\/www.hnhlcranes.com\/wp-content\/uploads\/2024\/10\/Crane-pulley-block-9-600x163.jpg 600w, https:\/\/www.hnhlcranes.com\/wp-content\/uploads\/2024\/10\/Crane-pulley-block-9.jpg 1500w\" sizes=\"(max-width: 951px) 100vw, 951px\" \/> <img loading=\"lazy\" decoding=\"async\" class=\"alignnone wp-image-6846\" src=\"https:\/\/www.hnhlcranes.com\/wp-content\/uploads\/2024\/10\/Crane-pulley-block-10-300x86.jpg\" alt=\"\" width=\"949\" height=\"272\" srcset=\"https:\/\/www.hnhlcranes.com\/wp-content\/uploads\/2024\/10\/Crane-pulley-block-10-300x86.jpg 300w, https:\/\/www.hnhlcranes.com\/wp-content\/uploads\/2024\/10\/Crane-pulley-block-10-1024x294.jpg 1024w, https:\/\/www.hnhlcranes.com\/wp-content\/uploads\/2024\/10\/Crane-pulley-block-10-768x220.jpg 768w, https:\/\/www.hnhlcranes.com\/wp-content\/uploads\/2024\/10\/Crane-pulley-block-10-600x172.jpg 600w, https:\/\/www.hnhlcranes.com\/wp-content\/uploads\/2024\/10\/Crane-pulley-block-10.jpg 1500w\" sizes=\"(max-width: 949px) 100vw, 949px\" \/><span style=\"font-family: var(--global-body-font-family);\">\u00a0<\/span><\/p>","protected":false},"excerpt":{"rendered":"<p><strong>A daru csigat\u00f6mb param\u00e9terei:<\/strong><\/p>\n<ul>\n<li><span style=\"font-size: 12pt;\"><strong>M\u0171szaki adatok<\/strong>: \u03a6250, \u03a6400, \u03a6500, \u03a6610, \u03a6710, \u03a6800, \u03a6900, \u03a61000, \u03a61200<\/span><\/li>\n<li><span style=\"font-size: 12pt;\"><strong>Csigaker\u00e9k anyaga<\/strong>: HT20-40, ZG35, Q235B, Q355B<\/span><\/li>\n<li><span style=\"font-size: 12pt;\"><strong>Gy\u00e1rt\u00e1si folyamat<\/strong>: \u00d6nt\u00f6ttvas, \u00f6nt\u00f6tt ac\u00e9l, hengerelt ac\u00e9llemez<\/span><\/li>\n<li><span style=\"font-size: 12pt;\"><strong>Csigaker\u00e9k horony m\u00e9rete<\/strong>: A dr\u00f3tk\u00f6t\u00e9l \u00e1tm\u00e9r\u0151je szerint meghat\u00e1rozott<\/span><\/li>\n<li><span style=\"font-size: 12pt;\"><strong>Nem szabv\u00e1nyos testreszab\u00e1s<\/strong>: Az \u00d6n \u00e1ltal megadott rajzok szerint gy\u00e1rthatunk<\/span><\/li>\n<\/ul>","protected":false},"featured_media":6841,"template":"","meta":{"_kad_post_transparent":"default","_kad_post_title":"","_kad_post_layout":"default","_kad_post_sidebar_id":"","_kad_post_content_style":"default","_kad_post_vertical_padding":"show","_kad_post_feature":"","_kad_post_feature_position":"","_kad_post_header":false,"_kad_post_footer":false},"product_brand":[],"product_cat":[46],"product_tag":[400,376,408,374,401,402,422,412,421,416,409,420,417,410,405,418,404,406,413,407,419,411,415,403,414],"class_list":{"0":"post-4638","1":"product","2":"type-product","3":"status-publish","4":"has-post-thumbnail","6":"product_cat-crane_hooks","7":"product_tag-bridge-crane-hook","8":"product_tag-china-crane-parts-supplier","9":"product_tag-china-standard-crane-hooks","10":"product_tag-crane-accessories","11":"product_tag-crane-hook","12":"product_tag-crane-hook-assembly","13":"product_tag-crane-hooks","14":"product_tag-crane-pulley","15":"product_tag-crane-pulley-block","16":"product_tag-crane-pulley-supplier","17":"product_tag-electric-hoist-hooks","18":"product_tag-european-crane-hook","19":"product_tag-european-hook-pulley","20":"product_tag-fem-standard-crane-hooks","21":"product_tag-forged-hooks","22":"product_tag-gantry-crane-hook-pulley","23":"product_tag-gantry-crane-hooks","24":"product_tag-hook-processing","25":"product_tag-hook-pulleys","26":"product_tag-hooks-manufacturer","27":"product_tag-overhead-crane-hook","28":"product_tag-overhead-crane-pulley","29":"product_tag-rolled-pulley","30":"product_tag-types-of-crane-hooks","31":"product_tag-wire-rope-pulley","33":"first","34":"instock","35":"featured","36":"shipping-taxable","37":"product-type-simple","38":"entry","39":"content-bg","40":"loop-entry"},"yoast_head":"<!-- This site is optimized with the Yoast SEO plugin v24.5 - https:\/\/yoast.com\/wordpress\/plugins\/seo\/ -->\n<title>Crane pulley block - Overhead crane pulley-Rolled pulley-Crane Parts Manufacturer<\/title>\n<meta name=\"description\" content=\"Crane pulley,Hook pulley, Overhead crane pulley,Rolled pulley,Crane Pulley Supplier,European hook pulley,Gantry crane hook pulley,Crane pulley block\" \/>\n<meta name=\"robots\" content=\"index, follow, max-snippet:-1, max-image-preview:large, max-video-preview:-1\" \/>\n<link rel=\"canonical\" href=\"https:\/\/www.hnhlcranes.com\/hu\/termek\/daru-csigatomb\/\" \/>\n<meta property=\"og:locale\" content=\"hu_HU\" \/>\n<meta property=\"og:type\" content=\"article\" \/>\n<meta property=\"og:title\" content=\"Crane pulley block - Overhead crane pulley-Rolled pulley-Crane Parts Manufacturer\" \/>\n<meta property=\"og:description\" content=\"Crane pulley,Hook pulley, Overhead crane pulley,Rolled pulley,Crane Pulley Supplier,European hook pulley,Gantry crane hook pulley,Crane pulley block\" \/>\n<meta property=\"og:url\" content=\"https:\/\/www.hnhlcranes.com\/hu\/termek\/daru-csigatomb\/\" \/>\n<meta property=\"og:site_name\" content=\"Crane Parts Manufacturer\" \/>\n<meta property=\"article:modified_time\" content=\"2025-01-05T16:09:12+00:00\" \/>\n<meta property=\"og:image\" content=\"https:\/\/www.hnhlcranes.com\/wp-content\/uploads\/2024\/10\/Crane-pulley-block.jpg\" \/>\n\t<meta property=\"og:image:width\" content=\"600\" \/>\n\t<meta property=\"og:image:height\" content=\"600\" \/>\n\t<meta property=\"og:image:type\" content=\"image\/jpeg\" \/>\n<meta name=\"twitter:card\" content=\"summary_large_image\" \/>\n<meta name=\"twitter:label1\" content=\"Becs\u00fclt olvas\u00e1si id\u0151\" \/>\n\t<meta name=\"twitter:data1\" content=\"3 perc\" \/>\n<script type=\"application\/ld+json\" class=\"yoast-schema-graph\">{\"@context\":\"https:\/\/schema.org\",\"@graph\":[{\"@type\":\"WebPage\",\"@id\":\"https:\/\/www.hnhlcranes.com\/product\/crane-pulley-block\/\",\"url\":\"https:\/\/www.hnhlcranes.com\/product\/crane-pulley-block\/\",\"name\":\"Crane pulley block - Overhead crane pulley-Rolled pulley-Crane Parts Manufacturer\",\"isPartOf\":{\"@id\":\"https:\/\/www.hnhlcranes.com\/#website\"},\"primaryImageOfPage\":{\"@id\":\"https:\/\/www.hnhlcranes.com\/product\/crane-pulley-block\/#primaryimage\"},\"image\":{\"@id\":\"https:\/\/www.hnhlcranes.com\/product\/crane-pulley-block\/#primaryimage\"},\"thumbnailUrl\":\"https:\/\/www.hnhlcranes.com\/wp-content\/uploads\/2024\/10\/Crane-pulley-block.jpg\",\"datePublished\":\"2024-10-31T15:35:21+00:00\",\"dateModified\":\"2025-01-05T16:09:12+00:00\",\"description\":\"Crane pulley,Hook pulley, Overhead crane pulley,Rolled pulley,Crane Pulley Supplier,European hook pulley,Gantry crane hook pulley,Crane pulley block\",\"breadcrumb\":{\"@id\":\"https:\/\/www.hnhlcranes.com\/product\/crane-pulley-block\/#breadcrumb\"},\"inLanguage\":\"hu\",\"potentialAction\":[{\"@type\":\"ReadAction\",\"target\":[\"https:\/\/www.hnhlcranes.com\/product\/crane-pulley-block\/\"]}]},{\"@type\":\"ImageObject\",\"inLanguage\":\"hu\",\"@id\":\"https:\/\/www.hnhlcranes.com\/product\/crane-pulley-block\/#primaryimage\",\"url\":\"https:\/\/www.hnhlcranes.com\/wp-content\/uploads\/2024\/10\/Crane-pulley-block.jpg\",\"contentUrl\":\"https:\/\/www.hnhlcranes.com\/wp-content\/uploads\/2024\/10\/Crane-pulley-block.jpg\",\"width\":600,\"height\":600},{\"@type\":\"BreadcrumbList\",\"@id\":\"https:\/\/www.hnhlcranes.com\/product\/crane-pulley-block\/#breadcrumb\",\"itemListElement\":[{\"@type\":\"ListItem\",\"position\":1,\"name\":\"home\",\"item\":\"https:\/\/www.hnhlcranes.com\/\"},{\"@type\":\"ListItem\",\"position\":2,\"name\":\"products\",\"item\":\"https:\/\/www.hnhlcranes.com\/products\/\"},{\"@type\":\"ListItem\",\"position\":3,\"name\":\"Crane pulley block\"}]},{\"@type\":\"WebSite\",\"@id\":\"https:\/\/www.hnhlcranes.com\/#website\",\"url\":\"https:\/\/www.hnhlcranes.com\/\",\"name\":\"Crane Parts Manufacturer\",\"description\":\"Crane Wheels,Crane Drums,Crane Hooks,Crane Coupling,Crane End Carriage,Electric Hoist,European Crane Parts,Crane Rail Clip,Crane Spreader,Crane Motor,Crane Reducer,Crane Brake,Light Crane Parts,Workstation Crane Parts,Crane Electrical Parts,China Crane Parts Supplier,China Crane Parts Manufacturer,Angle box type crane wheel,45 degree split crane wheel,European crane wheel,Crane Wheel Blocks,Overhead crane drum,European crane drum,Overhead crane hook,European crane hook,Crane pulley block,Gear coupling,Brake wheel coupling,Drum gear coupling,Brake wheel drum gear coupling,Cardan Shaft Coupling,WZL drum coupling,Plum blossom elastic coupling,Brake wheel plum elastic coupling,European Single girder crane end carriage,European Double girder crane end carriage,European Suspension  crane end carriage,Wire Rope Electric Hoist,Electric Chain Hoist,European Single Girder Wire Rope Electric Hoist,European Double Girder Wire Rope Electric Hoist,Crane grab,Container spreader,Billet crane clamps,C-type hook,Lifting Electromagnet,YZR crane motor,YZP crane motor,ZQ Reducer,ZSC Reducer,QJ Reducer,QJ-L Reducer,QJY Reducer,H series gearbox,F Series Gear Motor,K Series Gear Motor,R Series Gear Motor,travelling machinery gear motor,Electro hydraulic drum brake,Electro hydraulic disc brake,Crane Safety brake,Crane cable trolley,Crane remote controller,Crane pendant controller,Crane electrical control cabinet,Crane limit switch,Crane sound and light alarm,Heavy Duty Aviation Connector,Crane overload limiter\",\"publisher\":{\"@id\":\"https:\/\/www.hnhlcranes.com\/#organization\"},\"potentialAction\":[{\"@type\":\"SearchAction\",\"target\":{\"@type\":\"EntryPoint\",\"urlTemplate\":\"https:\/\/www.hnhlcranes.com\/?s={search_term_string}\"},\"query-input\":{\"@type\":\"PropertyValueSpecification\",\"valueRequired\":true,\"valueName\":\"search_term_string\"}}],\"inLanguage\":\"hu\"},{\"@type\":\"Organization\",\"@id\":\"https:\/\/www.hnhlcranes.com\/#organization\",\"name\":\"Crane Parts Manufacturer\",\"url\":\"https:\/\/www.hnhlcranes.com\/\",\"logo\":{\"@type\":\"ImageObject\",\"inLanguage\":\"hu\",\"@id\":\"https:\/\/www.hnhlcranes.com\/#\/schema\/logo\/image\/\",\"url\":\"https:\/\/www.hnhlcranes.com\/wp-content\/uploads\/2025\/01\/HL-logo-1.png\",\"contentUrl\":\"https:\/\/www.hnhlcranes.com\/wp-content\/uploads\/2025\/01\/HL-logo-1.png\",\"width\":600,\"height\":169,\"caption\":\"Crane Parts Manufacturer\"},\"image\":{\"@id\":\"https:\/\/www.hnhlcranes.com\/#\/schema\/logo\/image\/\"}}]}<\/script>\n<!-- \/ Yoast SEO plugin. -->","yoast_head_json":{"title":"Crane pulley block - Overhead crane pulley-Rolled pulley-Crane Parts Manufacturer","description":"Crane pulley,Hook pulley, Overhead crane pulley,Rolled pulley,Crane Pulley Supplier,European hook pulley,Gantry crane hook pulley,Crane pulley block","robots":{"index":"index","follow":"follow","max-snippet":"max-snippet:-1","max-image-preview":"max-image-preview:large","max-video-preview":"max-video-preview:-1"},"canonical":"https:\/\/www.hnhlcranes.com\/hu\/termek\/daru-csigatomb\/","og_locale":"hu_HU","og_type":"article","og_title":"Crane pulley block - Overhead crane pulley-Rolled pulley-Crane Parts Manufacturer","og_description":"Crane pulley,Hook pulley, Overhead crane pulley,Rolled pulley,Crane Pulley Supplier,European hook pulley,Gantry crane hook pulley,Crane pulley block","og_url":"https:\/\/www.hnhlcranes.com\/hu\/termek\/daru-csigatomb\/","og_site_name":"Crane Parts Manufacturer","article_modified_time":"2025-01-05T16:09:12+00:00","og_image":[{"width":600,"height":600,"url":"https:\/\/www.hnhlcranes.com\/wp-content\/uploads\/2024\/10\/Crane-pulley-block.jpg","type":"image\/jpeg"}],"twitter_card":"summary_large_image","twitter_misc":{"Becs\u00fclt olvas\u00e1si id\u0151":"3 perc"},"schema":{"@context":"https:\/\/schema.org","@graph":[{"@type":"WebPage","@id":"https:\/\/www.hnhlcranes.com\/product\/crane-pulley-block\/","url":"https:\/\/www.hnhlcranes.com\/product\/crane-pulley-block\/","name":"Crane pulley block - Overhead crane pulley-Rolled pulley-Crane Parts Manufacturer","isPartOf":{"@id":"https:\/\/www.hnhlcranes.com\/#website"},"primaryImageOfPage":{"@id":"https:\/\/www.hnhlcranes.com\/product\/crane-pulley-block\/#primaryimage"},"image":{"@id":"https:\/\/www.hnhlcranes.com\/product\/crane-pulley-block\/#primaryimage"},"thumbnailUrl":"https:\/\/www.hnhlcranes.com\/wp-content\/uploads\/2024\/10\/Crane-pulley-block.jpg","datePublished":"2024-10-31T15:35:21+00:00","dateModified":"2025-01-05T16:09:12+00:00","description":"Crane pulley,Hook pulley, Overhead crane pulley,Rolled pulley,Crane Pulley Supplier,European hook pulley,Gantry crane hook pulley,Crane pulley block","breadcrumb":{"@id":"https:\/\/www.hnhlcranes.com\/product\/crane-pulley-block\/#breadcrumb"},"inLanguage":"hu","potentialAction":[{"@type":"ReadAction","target":["https:\/\/www.hnhlcranes.com\/product\/crane-pulley-block\/"]}]},{"@type":"ImageObject","inLanguage":"hu","@id":"https:\/\/www.hnhlcranes.com\/product\/crane-pulley-block\/#primaryimage","url":"https:\/\/www.hnhlcranes.com\/wp-content\/uploads\/2024\/10\/Crane-pulley-block.jpg","contentUrl":"https:\/\/www.hnhlcranes.com\/wp-content\/uploads\/2024\/10\/Crane-pulley-block.jpg","width":600,"height":600},{"@type":"BreadcrumbList","@id":"https:\/\/www.hnhlcranes.com\/product\/crane-pulley-block\/#breadcrumb","itemListElement":[{"@type":"ListItem","position":1,"name":"home","item":"https:\/\/www.hnhlcranes.com\/"},{"@type":"ListItem","position":2,"name":"products","item":"https:\/\/www.hnhlcranes.com\/products\/"},{"@type":"ListItem","position":3,"name":"Crane pulley block"}]},{"@type":"WebSite","@id":"https:\/\/www.hnhlcranes.com\/#website","url":"https:\/\/www.hnhlcranes.com\/","name":"Crane Parts Manufacturer","description":"Crane Wheels,Crane Drums,Crane Hooks,Crane Coupling,Crane End Carriage,Electric Hoist,European Crane Parts,Crane Rail Clip,Crane Spreader,Crane Motor,Crane Reducer,Crane Brake,Light Crane Parts,Workstation Crane Parts,Crane Electrical Parts,China Crane Parts Supplier,China Crane Parts Manufacturer,Angle box type crane wheel,45 degree split crane wheel,European crane wheel,Crane Wheel Blocks,Overhead crane drum,European crane drum,Overhead crane hook,European crane hook,Crane pulley block,Gear coupling,Brake wheel coupling,Drum gear coupling,Brake wheel drum gear coupling,Cardan Shaft Coupling,WZL drum coupling,Plum blossom elastic coupling,Brake wheel plum elastic coupling,European Single girder crane end carriage,European Double girder crane end carriage,European Suspension  crane end carriage,Wire Rope Electric Hoist,Electric Chain Hoist,European Single Girder Wire Rope Electric Hoist,European Double Girder Wire Rope Electric Hoist,Crane grab,Container spreader,Billet crane clamps,C-type hook,Lifting Electromagnet,YZR crane motor,YZP crane motor,ZQ Reducer,ZSC Reducer,QJ Reducer,QJ-L Reducer,QJY Reducer,H series gearbox,F Series Gear Motor,K Series Gear Motor,R Series Gear Motor,travelling machinery gear motor,Electro hydraulic drum brake,Electro hydraulic disc brake,Crane Safety brake,Crane cable trolley,Crane remote controller,Crane pendant controller,Crane electrical control cabinet,Crane limit switch,Crane sound and light alarm,Heavy Duty Aviation Connector,Crane overload limiter","publisher":{"@id":"https:\/\/www.hnhlcranes.com\/#organization"},"potentialAction":[{"@type":"SearchAction","target":{"@type":"EntryPoint","urlTemplate":"https:\/\/www.hnhlcranes.com\/?s={search_term_string}"},"query-input":{"@type":"PropertyValueSpecification","valueRequired":true,"valueName":"search_term_string"}}],"inLanguage":"hu"},{"@type":"Organization","@id":"https:\/\/www.hnhlcranes.com\/#organization","name":"Crane Parts Manufacturer","url":"https:\/\/www.hnhlcranes.com\/","logo":{"@type":"ImageObject","inLanguage":"hu","@id":"https:\/\/www.hnhlcranes.com\/#\/schema\/logo\/image\/","url":"https:\/\/www.hnhlcranes.com\/wp-content\/uploads\/2025\/01\/HL-logo-1.png","contentUrl":"https:\/\/www.hnhlcranes.com\/wp-content\/uploads\/2025\/01\/HL-logo-1.png","width":600,"height":169,"caption":"Crane Parts Manufacturer"},"image":{"@id":"https:\/\/www.hnhlcranes.com\/#\/schema\/logo\/image\/"}}]}},"_links":{"self":[{"href":"https:\/\/www.hnhlcranes.com\/hu\/wp-json\/wp\/v2\/product\/4638","targetHints":{"allow":["GET"]}}],"collection":[{"href":"https:\/\/www.hnhlcranes.com\/hu\/wp-json\/wp\/v2\/product"}],"about":[{"href":"https:\/\/www.hnhlcranes.com\/hu\/wp-json\/wp\/v2\/types\/product"}],"version-history":[{"count":4,"href":"https:\/\/www.hnhlcranes.com\/hu\/wp-json\/wp\/v2\/product\/4638\/revisions"}],"predecessor-version":[{"id":6848,"href":"https:\/\/www.hnhlcranes.com\/hu\/wp-json\/wp\/v2\/product\/4638\/revisions\/6848"}],"wp:featuredmedia":[{"embeddable":true,"href":"https:\/\/www.hnhlcranes.com\/hu\/wp-json\/wp\/v2\/media\/6841"}],"wp:attachment":[{"href":"https:\/\/www.hnhlcranes.com\/hu\/wp-json\/wp\/v2\/media?parent=4638"}],"wp:term":[{"taxonomy":"product_brand","embeddable":true,"href":"https:\/\/www.hnhlcranes.com\/hu\/wp-json\/wp\/v2\/product_brand?post=4638"},{"taxonomy":"product_cat","embeddable":true,"href":"https:\/\/www.hnhlcranes.com\/hu\/wp-json\/wp\/v2\/product_cat?post=4638"},{"taxonomy":"product_tag","embeddable":true,"href":"https:\/\/www.hnhlcranes.com\/hu\/wp-json\/wp\/v2\/product_tag?post=4638"}],"curies":[{"name":"wp","href":"https:\/\/api.w.org\/{rel}","templated":true}]}}