{"id":5424,"date":"2024-11-25T23:05:17","date_gmt":"2024-11-25T15:05:17","guid":{"rendered":"https:\/\/www.hnhlcranes.com\/?post_type=product&#038;p=5424"},"modified":"2025-01-19T18:08:18","modified_gmt":"2025-01-19T10:08:18","slug":"daru-markolo","status":"publish","type":"product","link":"https:\/\/www.hnhlcranes.com\/hu\/termek\/daru-markolo\/","title":{"rendered":"Daru markol\u00f3"},"content":{"rendered":"<h6><span style=\"font-family: arial, helvetica, sans-serif; font-size: 18pt;\"><strong>A daru markolat t\u00edpusai \u00e9s jellemz\u0151ik<\/strong><\/span><\/h6>\n<h6><span style=\"font-family: arial, helvetica, sans-serif; font-size: 14pt;\"><strong>Egyk\u00f6teles k\u00f6t\u00e9lfog\u00e1s<\/strong><\/span><\/h6>\n<ul>\n<li><strong>Mechanizmus<\/strong>: Egyetlen dr\u00f3tk\u00f6t\u00e9llel m\u0171k\u00f6dik, hogy mind az emel\u00e9si, mind a nyit\u00e1si\/z\u00e1r\u00e1si m\u0171veleteket elv\u00e9gezze, egy speci\u00e1lis reteszel\u0151 mechanizmus seg\u00edts\u00e9g\u00e9vel.<\/li>\n<li><strong>Jellemz\u0151k<\/strong>: Egyetlen emel\u0151dobbal (egyhorog) rendelkez\u0151 darukhoz alkalmas, lehet\u0151v\u00e9 t\u00e9ve a z\u00f6kken\u0151mentes nyit\u00e1st \u00e9s z\u00e1r\u00e1st a be- \u00e9s kirakod\u00e1s sor\u00e1n. K\u00f6nnyen fel- \u00e9s levehet\u0151, \u00edgy alkalmas a v\u00edz alatti \u00e9s sz\u00e1razf\u00f6ldi m\u0171veletekhez, mint p\u00e9ld\u00e1ul a markol\u00e1s \u00e9s a rak\u00e1sol\u00e1s.<\/li>\n<li><strong>Korl\u00e1toz\u00e1sok<\/strong>: Nem nyithat\u00f3 a leveg\u0151ben, kiv\u00e9ve a k\u00e9zzel h\u00fazhat\u00f3 vagy t\u00e1vir\u00e1ny\u00edt\u00e1s\u00fa t\u00edpusokat.<\/li>\n<\/ul>\n<h6><span style=\"font-family: arial, helvetica, sans-serif; font-size: 14pt;\"><strong>Dupla k\u00f6t\u00e9lfog\u00e1s<\/strong><\/span><\/h6>\n<ul>\n<li><strong>Mechanizmus<\/strong>: Kett\u0151s emel\u0151mechanizmussal rendelkez\u0151 darukhoz tervezt\u00e9k (egy k\u00f6t\u00e9l minden dobhoz). Az egyik k\u00f6telet egyens\u00falyoz\u00e1sra, a m\u00e1sikat a markol\u00f3 nyit\u00e1s\u00e1ra \u00e9s z\u00e1r\u00e1s\u00e1ra haszn\u00e1lja.<\/li>\n<li><strong>Jellemz\u0151k<\/strong>:\n<ul>\n<li>Gyakran haszn\u00e1lj\u00e1k kik\u00f6t\u0151kben, dokkokban \u00e9s az \u00e9p\u00edt\u0151iparban.<\/li>\n<li>Az anyagtulajdons\u00e1gok alapj\u00e1n k\u00f6nny\u0171, k\u00f6zepes, neh\u00e9z \u00e9s ultraneh\u00e9z konfigur\u00e1ci\u00f3kban kaphat\u00f3.<\/li>\n<li>Laza, \u00f6mlesztett anyagok kezel\u00e9s\u00e9re tervezt\u00e9k.<\/li>\n<\/ul>\n<\/li>\n<\/ul>\n<h6><span style=\"font-family: arial, helvetica, sans-serif; font-size: 14pt;\"><strong>N\u00e9gyk\u00f6teles fog\u00e1s<\/strong><\/span><\/h6>\n<ul>\n<li><strong>Mechanizmus<\/strong>: K\u00e9t k\u00f6t\u00e9ldob-k\u00e9szlettel felszerelt darukn\u00e1l haszn\u00e1latos. K\u00e9t k\u00f6telet haszn\u00e1l a t\u00e1maszt\u00e1shoz \u00e9s kett\u0151t a pof\u00e1k nyit\u00e1s\u00e1hoz \u00e9s z\u00e1r\u00e1s\u00e1hoz.<\/li>\n<li><strong>Alkalmaz\u00e1sok<\/strong>: Alkalmas olyan feladatokra, mint a be- \u00e9s kirakod\u00e1s, a rakod\u00e1s \u00e9s az anyagok adagol\u00e1sa. Gyakran haszn\u00e1lj\u00e1k h\u00edd- vagy port\u00e1ldarukkal.<\/li>\n<li><strong>Testreszab\u00e1s<\/strong>: A felhaszn\u00e1l\u00f3 ig\u00e9nyei \u00e9s az anyagjellemz\u0151k alapj\u00e1n fogakkal, p\u00e1rhuzamos gerend\u00e1kkal vagy v\u00edz alatti m\u0171veletekre szabhat\u00f3.<\/li>\n<\/ul>\n<h6><span style=\"font-family: arial, helvetica, sans-serif; font-size: 14pt;\"><strong>T\u00f6bbkarmos fog\u00f3<\/strong><\/span><\/h6>\n<ul>\n<li><strong>Alkalmaz\u00e1sok<\/strong>: Hat\u00e9konyan kezeli a f\u00e9mhullad\u00e9kot, a nagym\u00e9ret\u0171 szil\u00e1rd anyagokat \u00e9s a hullad\u00e9kot olyan kih\u00edv\u00e1st jelent\u0151 k\u00f6rnyezetben, mint a kik\u00f6t\u0151k, a vas\u00fat, a koh\u00e1szat \u00e9s az \u00e9p\u00edt\u0151ipar.<\/li>\n<li><strong>Jellemz\u0151k<\/strong>:\n<ul>\n<li>Egy-, k\u00e9t- \u00e9s n\u00e9gyk\u00f6teles, valamint elektromos modellekben kaphat\u00f3.<\/li>\n<li>A pof\u00e1k az anyag m\u00e9ret\u00e9t\u0151l \u00e9s alakj\u00e1t\u00f3l f\u00fcgg\u0151en k\u00fcl\u00f6n-k\u00fcl\u00f6n z\u00e1r\u00f3dnak, \u00edgy biztos\u00edtva a hat\u00e9kony kezel\u00e9st.<\/li>\n<li>4-8 pof\u00e1val tervezt\u00e9k, a felhaszn\u00e1l\u00f3i ig\u00e9nyek \u00e9s az anyagtulajdons\u00e1gok alapj\u00e1n testre szabhat\u00f3.<\/li>\n<\/ul>\n<\/li>\n<\/ul>\n<h6><span style=\"font-family: arial, helvetica, sans-serif; font-size: 14pt;\"><strong>Log Grab<\/strong><\/span><\/h6>\n<ul>\n<li><strong>Alkalmaz\u00e1sok<\/strong>: Kifejezetten f\u0171r\u00e9sz\u00fczemekben, nagy fafeldolgoz\u00f3 \u00fczemekben, pap\u00edrgy\u00e1rakban \u00e9s kik\u00f6t\u0151kben t\u00f6rt\u00e9n\u0151 faanyagmozgat\u00e1sra tervezt\u00e9k. Haj\u00f3k kirakod\u00e1s\u00e1hoz, r\u00f6nk\u00f6k rakod\u00e1s\u00e1hoz \u00e9s egy\u00e9b kapcsol\u00f3d\u00f3 feladatokhoz haszn\u00e1lj\u00e1k.<\/li>\n<li><strong>Jellemz\u0151k<\/strong>:\n<ul>\n<li>Egy-, k\u00e9t- \u00e9s n\u00e9gyk\u00f6teles, valamint elektromos modellekben kaphat\u00f3.<\/li>\n<li>Testreszabhat\u00f3 az egyedi felhaszn\u00e1l\u00f3i ig\u00e9nyeknek megfelel\u0151en.<\/li>\n<\/ul>\n<\/li>\n<\/ul>\n<h6><span style=\"font-family: arial, helvetica, sans-serif; font-size: 14pt;\"><strong>Motoriz\u00e1lt kapaszkod\u00f3<\/strong><\/span><\/h6>\n<ul>\n<li><strong>Mechanizmus<\/strong>: Saj\u00e1t nyit\u00f3\/z\u00e1r\u00f3 mechanizmussal felszerelt, amely b\u00e1rmilyen magass\u00e1gban lehet\u0151v\u00e9 teszi az anyagmozgat\u00e1st.<\/li>\n<li><strong>Jellemz\u0151k<\/strong>:\n<ul>\n<li>Nagyobb termel\u00e9kenys\u00e9g az egyk\u00f6teles markol\u00f3khoz k\u00e9pest.<\/li>\n<li>K\u00f6nny\u0171 fel- \u00e9s leszerel\u00e9s, nagy be- \u00e9s kirakod\u00e1si hat\u00e9konys\u00e1ggal.<\/li>\n<li>Alkalmas laza \u00f6mlesztett anyagok kezel\u00e9s\u00e9re.<\/li>\n<li>Nagyobb emel\u00e9si magass\u00e1gokhoz energiaell\u00e1t\u00f3 k\u00e1beltekercsre van sz\u00fcks\u00e9g.<\/li>\n<\/ul>\n<\/li>\n<li><strong>Korl\u00e1toz\u00e1s<\/strong>: V\u00edz alatti m\u0171veletekre nem alkalmas.<\/li>\n<\/ul>\n<h6><span style=\"font-family: arial, helvetica, sans-serif; font-size: 14pt;\"><strong>Elektromos hidraulikus t\u00f6bbkarmos markol\u00f3<\/strong><\/span><\/h6>\n<ul>\n<li><strong>Alkalmaz\u00e1sok<\/strong>: A szab\u00e1lytalan \u00e9s nagym\u00e9ret\u0171 anyagok, mint p\u00e9ld\u00e1ul ac\u00e9lhullad\u00e9k, nyersvas, \u00e9rc \u00e9s hullad\u00e9k kezel\u00e9s\u00e9re tervezt\u00e9k zord k\u00f6rnyezetben, hat\u00e9konyan helyettes\u00edtve a k\u00e9zi munk\u00e1t.<\/li>\n<li><strong>Jellemz\u0151k<\/strong>:\n<ul>\n<li>F\u00fcggetlen hidraulikarendszerrel felszerelt, kiv\u00e1l\u00f3 min\u0151s\u00e9g\u0171 alkatr\u00e9szek felhaszn\u00e1l\u00e1s\u00e1val a kiv\u00e1l\u00f3 teljes\u00edtm\u00e9ny \u00e9rdek\u00e9ben.<\/li>\n<li>Minden egyes pof\u00e1t k\u00fcl\u00f6n hidraulikus henger hajt, \u00edgy nem folyik ki anyag.<\/li>\n<li>Tartalmaz egy k\u00e1belcsatlakoz\u00f3t a tetej\u00e9n a daru egyszer\u0171 integr\u00e1l\u00e1s\u00e1hoz.<\/li>\n<li>T\u00f6bbf\u00e9le konfigur\u00e1ci\u00f3ban kaphat\u00f3: k\u00f6r vagy t\u00e9glalap alak\u00fa pof\u00e1k, valamint z\u00e1rt, f\u00e9lig nyitott vagy nyitott karmok.<\/li>\n<\/ul>\n<\/li>\n<\/ul>","protected":false},"excerpt":{"rendered":"<p>Egyszem\u00e9lyes k\u00f6t\u00e9lmegragad\u00f3,N\u00e9gy k\u00f6t\u00e9lmegragad\u00f3,Elektrohidraulikus t\u00f6bbsz\u00e1rny\u00fa markol\u00f3,Narancsh\u00e9j markol\u00f3,Elektromos motoros markol\u00f3,Elektrohidraulikus kagyl\u00f3h\u00e9j markol\u00f3<\/p>","protected":false},"featured_media":7139,"template":"","meta":{"_kad_post_transparent":"default","_kad_post_title":"","_kad_post_layout":"default","_kad_post_sidebar_id":"","_kad_post_content_style":"default","_kad_post_vertical_padding":"show","_kad_post_feature":"","_kad_post_feature_position":"","_kad_post_header":false,"_kad_post_footer":false},"product_brand":[],"product_cat":[59],"product_tag":[508,510,513,497,514,512,515,498,521,376,517,518,496,507,520,516,495,522,494,504,502,505,501,506,499,523,503,519,509,500,493,511],"class_list":{"0":"post-5424","1":"product","2":"type-product","3":"status-publish","4":"has-post-thumbnail","6":"product_cat-crane-spreader","7":"product_tag-20ft-container-spreader","8":"product_tag-40ft-container-lifting-frame","9":"product_tag-billet-clamps","10":"product_tag-billet-crane-clamp","11":"product_tag-billet-crane-clamps-manufacturer","12":"product_tag-billet-lifting-clamp","13":"product_tag-billet-lifting-clamps-china-supplier","14":"product_tag-c-type-hook","15":"product_tag-c-type-spreader","16":"product_tag-china-crane-parts-supplier","17":"product_tag-coil-c-type-hook","18":"product_tag-coil-hook","19":"product_tag-container-spreader","20":"product_tag-container-spreader-manufacturers","21":"product_tag-crane-c-hook","22":"product_tag-crane-c-type-spreader","23":"product_tag-crane-grab","24":"product_tag-crane-magnets","25":"product_tag-crane-spreader","26":"product_tag-electric-motor-grab","27":"product_tag-electro-hydraulic-multi-flap-grab","28":"product_tag-electro-hydraulicclamshell-grab","29":"product_tag-four-rope-grab","30":"product_tag-grab-manufacturers","31":"product_tag-lifting-electromagnet","32":"product_tag-lifting-electromagnet-spreader","33":"product_tag-orange-peel-grab","34":"product_tag-overhead-crane-steel-coil-c-type-hook","35":"product_tag-semi-automatic-container-spreader","36":"product_tag-singlr-rope-grab","37":"product_tag-special-crane-spreader","38":"product_tag-tec-container-spreader","40":"first","41":"instock","42":"featured","43":"shipping-taxable","44":"product-type-simple","45":"entry","46":"content-bg","47":"loop-entry"},"yoast_head":"<!-- This site is optimized with the Yoast SEO plugin v24.5 - https:\/\/yoast.com\/wordpress\/plugins\/seo\/ -->\n<title>Crane grab - Four rope grab-Electric motor grab-grab manufacturer- Crane Parts Manufacturer<\/title>\n<meta name=\"description\" content=\"Singlr rope grab,Four rope grab,Electro-hydraulic multi-flap grab,Orange peel grab,Electric motor grab,Electro-Hydraulicclamshell grab,Crane grab\" \/>\n<meta name=\"robots\" content=\"index, follow, max-snippet:-1, max-image-preview:large, max-video-preview:-1\" \/>\n<link rel=\"canonical\" href=\"https:\/\/www.hnhlcranes.com\/hu\/termek\/daru-markolo\/\" \/>\n<meta property=\"og:locale\" content=\"hu_HU\" \/>\n<meta property=\"og:type\" content=\"article\" \/>\n<meta property=\"og:title\" content=\"Crane grab - Four rope grab-Electric motor grab-grab manufacturer- Crane Parts Manufacturer\" \/>\n<meta property=\"og:description\" content=\"Singlr rope grab,Four rope grab,Electro-hydraulic multi-flap grab,Orange peel grab,Electric motor grab,Electro-Hydraulicclamshell grab,Crane grab\" \/>\n<meta property=\"og:url\" content=\"https:\/\/www.hnhlcranes.com\/hu\/termek\/daru-markolo\/\" \/>\n<meta property=\"og:site_name\" content=\"Crane Parts Manufacturer\" \/>\n<meta property=\"article:modified_time\" content=\"2025-01-19T10:08:18+00:00\" \/>\n<meta property=\"og:image\" content=\"https:\/\/www.hnhlcranes.com\/wp-content\/uploads\/2024\/11\/Crane-grab.jpg\" \/>\n\t<meta property=\"og:image:width\" content=\"600\" \/>\n\t<meta property=\"og:image:height\" content=\"600\" \/>\n\t<meta property=\"og:image:type\" content=\"image\/jpeg\" \/>\n<meta name=\"twitter:card\" content=\"summary_large_image\" \/>\n<meta name=\"twitter:label1\" content=\"Becs\u00fclt olvas\u00e1si id\u0151\" \/>\n\t<meta name=\"twitter:data1\" content=\"3 perc\" \/>\n<script type=\"application\/ld+json\" class=\"yoast-schema-graph\">{\"@context\":\"https:\/\/schema.org\",\"@graph\":[{\"@type\":\"WebPage\",\"@id\":\"https:\/\/www.hnhlcranes.com\/product\/crane-grab\/\",\"url\":\"https:\/\/www.hnhlcranes.com\/product\/crane-grab\/\",\"name\":\"Crane grab - Four rope grab-Electric motor grab-grab manufacturer- Crane Parts Manufacturer\",\"isPartOf\":{\"@id\":\"https:\/\/www.hnhlcranes.com\/#website\"},\"primaryImageOfPage\":{\"@id\":\"https:\/\/www.hnhlcranes.com\/product\/crane-grab\/#primaryimage\"},\"image\":{\"@id\":\"https:\/\/www.hnhlcranes.com\/product\/crane-grab\/#primaryimage\"},\"thumbnailUrl\":\"https:\/\/www.hnhlcranes.com\/wp-content\/uploads\/2024\/11\/Crane-grab.jpg\",\"datePublished\":\"2024-11-25T15:05:17+00:00\",\"dateModified\":\"2025-01-19T10:08:18+00:00\",\"description\":\"Singlr rope grab,Four rope grab,Electro-hydraulic multi-flap grab,Orange peel grab,Electric motor grab,Electro-Hydraulicclamshell grab,Crane grab\",\"breadcrumb\":{\"@id\":\"https:\/\/www.hnhlcranes.com\/product\/crane-grab\/#breadcrumb\"},\"inLanguage\":\"hu\",\"potentialAction\":[{\"@type\":\"ReadAction\",\"target\":[\"https:\/\/www.hnhlcranes.com\/product\/crane-grab\/\"]}]},{\"@type\":\"ImageObject\",\"inLanguage\":\"hu\",\"@id\":\"https:\/\/www.hnhlcranes.com\/product\/crane-grab\/#primaryimage\",\"url\":\"https:\/\/www.hnhlcranes.com\/wp-content\/uploads\/2024\/11\/Crane-grab.jpg\",\"contentUrl\":\"https:\/\/www.hnhlcranes.com\/wp-content\/uploads\/2024\/11\/Crane-grab.jpg\",\"width\":600,\"height\":600},{\"@type\":\"BreadcrumbList\",\"@id\":\"https:\/\/www.hnhlcranes.com\/product\/crane-grab\/#breadcrumb\",\"itemListElement\":[{\"@type\":\"ListItem\",\"position\":1,\"name\":\"home\",\"item\":\"https:\/\/www.hnhlcranes.com\/\"},{\"@type\":\"ListItem\",\"position\":2,\"name\":\"products\",\"item\":\"https:\/\/www.hnhlcranes.com\/products\/\"},{\"@type\":\"ListItem\",\"position\":3,\"name\":\"Crane grab\"}]},{\"@type\":\"WebSite\",\"@id\":\"https:\/\/www.hnhlcranes.com\/#website\",\"url\":\"https:\/\/www.hnhlcranes.com\/\",\"name\":\"Crane Parts Manufacturer\",\"description\":\"Crane Wheels,Crane Drums,Crane Hooks,Crane Coupling,Crane End Carriage,Electric Hoist,European Crane Parts,Crane Rail Clip,Crane Spreader,Crane Motor,Crane Reducer,Crane Brake,Light Crane Parts,Workstation Crane Parts,Crane Electrical Parts,China Crane Parts Supplier,China Crane Parts Manufacturer,Angle box type crane wheel,45 degree split crane wheel,European crane wheel,Crane Wheel Blocks,Overhead crane drum,European crane drum,Overhead crane hook,European crane hook,Crane pulley block,Gear coupling,Brake wheel coupling,Drum gear coupling,Brake wheel drum gear coupling,Cardan Shaft Coupling,WZL drum coupling,Plum blossom elastic coupling,Brake wheel plum elastic coupling,European Single girder crane end carriage,European Double girder crane end carriage,European Suspension  crane end carriage,Wire Rope Electric Hoist,Electric Chain Hoist,European Single Girder Wire Rope Electric Hoist,European Double Girder Wire Rope Electric Hoist,Crane grab,Container spreader,Billet crane clamps,C-type hook,Lifting Electromagnet,YZR crane motor,YZP crane motor,ZQ Reducer,ZSC Reducer,QJ Reducer,QJ-L Reducer,QJY Reducer,H series gearbox,F Series Gear Motor,K Series Gear Motor,R Series Gear Motor,travelling machinery gear motor,Electro hydraulic drum brake,Electro hydraulic disc brake,Crane Safety brake,Crane cable trolley,Crane remote controller,Crane pendant controller,Crane electrical control cabinet,Crane limit switch,Crane sound and light alarm,Heavy Duty Aviation Connector,Crane overload limiter\",\"publisher\":{\"@id\":\"https:\/\/www.hnhlcranes.com\/#organization\"},\"potentialAction\":[{\"@type\":\"SearchAction\",\"target\":{\"@type\":\"EntryPoint\",\"urlTemplate\":\"https:\/\/www.hnhlcranes.com\/?s={search_term_string}\"},\"query-input\":{\"@type\":\"PropertyValueSpecification\",\"valueRequired\":true,\"valueName\":\"search_term_string\"}}],\"inLanguage\":\"hu\"},{\"@type\":\"Organization\",\"@id\":\"https:\/\/www.hnhlcranes.com\/#organization\",\"name\":\"Crane Parts Manufacturer\",\"url\":\"https:\/\/www.hnhlcranes.com\/\",\"logo\":{\"@type\":\"ImageObject\",\"inLanguage\":\"hu\",\"@id\":\"https:\/\/www.hnhlcranes.com\/#\/schema\/logo\/image\/\",\"url\":\"https:\/\/www.hnhlcranes.com\/wp-content\/uploads\/2025\/01\/HL-logo-1.png\",\"contentUrl\":\"https:\/\/www.hnhlcranes.com\/wp-content\/uploads\/2025\/01\/HL-logo-1.png\",\"width\":600,\"height\":169,\"caption\":\"Crane Parts Manufacturer\"},\"image\":{\"@id\":\"https:\/\/www.hnhlcranes.com\/#\/schema\/logo\/image\/\"}}]}<\/script>\n<!-- \/ Yoast SEO plugin. -->","yoast_head_json":{"title":"Crane grab - Four rope grab-Electric motor grab-grab manufacturer- Crane Parts Manufacturer","description":"Singlr rope grab,Four rope grab,Electro-hydraulic multi-flap grab,Orange peel grab,Electric motor grab,Electro-Hydraulicclamshell grab,Crane grab","robots":{"index":"index","follow":"follow","max-snippet":"max-snippet:-1","max-image-preview":"max-image-preview:large","max-video-preview":"max-video-preview:-1"},"canonical":"https:\/\/www.hnhlcranes.com\/hu\/termek\/daru-markolo\/","og_locale":"hu_HU","og_type":"article","og_title":"Crane grab - Four rope grab-Electric motor grab-grab manufacturer- Crane Parts Manufacturer","og_description":"Singlr rope grab,Four rope grab,Electro-hydraulic multi-flap grab,Orange peel grab,Electric motor grab,Electro-Hydraulicclamshell grab,Crane grab","og_url":"https:\/\/www.hnhlcranes.com\/hu\/termek\/daru-markolo\/","og_site_name":"Crane Parts Manufacturer","article_modified_time":"2025-01-19T10:08:18+00:00","og_image":[{"width":600,"height":600,"url":"https:\/\/www.hnhlcranes.com\/wp-content\/uploads\/2024\/11\/Crane-grab.jpg","type":"image\/jpeg"}],"twitter_card":"summary_large_image","twitter_misc":{"Becs\u00fclt olvas\u00e1si id\u0151":"3 perc"},"schema":{"@context":"https:\/\/schema.org","@graph":[{"@type":"WebPage","@id":"https:\/\/www.hnhlcranes.com\/product\/crane-grab\/","url":"https:\/\/www.hnhlcranes.com\/product\/crane-grab\/","name":"Crane grab - Four rope grab-Electric motor grab-grab manufacturer- Crane Parts Manufacturer","isPartOf":{"@id":"https:\/\/www.hnhlcranes.com\/#website"},"primaryImageOfPage":{"@id":"https:\/\/www.hnhlcranes.com\/product\/crane-grab\/#primaryimage"},"image":{"@id":"https:\/\/www.hnhlcranes.com\/product\/crane-grab\/#primaryimage"},"thumbnailUrl":"https:\/\/www.hnhlcranes.com\/wp-content\/uploads\/2024\/11\/Crane-grab.jpg","datePublished":"2024-11-25T15:05:17+00:00","dateModified":"2025-01-19T10:08:18+00:00","description":"Singlr rope grab,Four rope grab,Electro-hydraulic multi-flap grab,Orange peel grab,Electric motor grab,Electro-Hydraulicclamshell grab,Crane grab","breadcrumb":{"@id":"https:\/\/www.hnhlcranes.com\/product\/crane-grab\/#breadcrumb"},"inLanguage":"hu","potentialAction":[{"@type":"ReadAction","target":["https:\/\/www.hnhlcranes.com\/product\/crane-grab\/"]}]},{"@type":"ImageObject","inLanguage":"hu","@id":"https:\/\/www.hnhlcranes.com\/product\/crane-grab\/#primaryimage","url":"https:\/\/www.hnhlcranes.com\/wp-content\/uploads\/2024\/11\/Crane-grab.jpg","contentUrl":"https:\/\/www.hnhlcranes.com\/wp-content\/uploads\/2024\/11\/Crane-grab.jpg","width":600,"height":600},{"@type":"BreadcrumbList","@id":"https:\/\/www.hnhlcranes.com\/product\/crane-grab\/#breadcrumb","itemListElement":[{"@type":"ListItem","position":1,"name":"home","item":"https:\/\/www.hnhlcranes.com\/"},{"@type":"ListItem","position":2,"name":"products","item":"https:\/\/www.hnhlcranes.com\/products\/"},{"@type":"ListItem","position":3,"name":"Crane grab"}]},{"@type":"WebSite","@id":"https:\/\/www.hnhlcranes.com\/#website","url":"https:\/\/www.hnhlcranes.com\/","name":"Crane Parts Manufacturer","description":"Crane Wheels,Crane Drums,Crane Hooks,Crane Coupling,Crane End Carriage,Electric Hoist,European Crane Parts,Crane Rail Clip,Crane Spreader,Crane Motor,Crane Reducer,Crane Brake,Light Crane Parts,Workstation Crane Parts,Crane Electrical Parts,China Crane Parts Supplier,China Crane Parts Manufacturer,Angle box type crane wheel,45 degree split crane wheel,European crane wheel,Crane Wheel Blocks,Overhead crane drum,European crane drum,Overhead crane hook,European crane hook,Crane pulley block,Gear coupling,Brake wheel coupling,Drum gear coupling,Brake wheel drum gear coupling,Cardan Shaft Coupling,WZL drum coupling,Plum blossom elastic coupling,Brake wheel plum elastic coupling,European Single girder crane end carriage,European Double girder crane end carriage,European Suspension  crane end carriage,Wire Rope Electric Hoist,Electric Chain Hoist,European Single Girder Wire Rope Electric Hoist,European Double Girder Wire Rope Electric Hoist,Crane grab,Container spreader,Billet crane clamps,C-type hook,Lifting Electromagnet,YZR crane motor,YZP crane motor,ZQ Reducer,ZSC Reducer,QJ Reducer,QJ-L Reducer,QJY Reducer,H series gearbox,F Series Gear Motor,K Series Gear Motor,R Series Gear Motor,travelling machinery gear motor,Electro hydraulic drum brake,Electro hydraulic disc brake,Crane Safety brake,Crane cable trolley,Crane remote controller,Crane pendant controller,Crane electrical control cabinet,Crane limit switch,Crane sound and light alarm,Heavy Duty Aviation Connector,Crane overload limiter","publisher":{"@id":"https:\/\/www.hnhlcranes.com\/#organization"},"potentialAction":[{"@type":"SearchAction","target":{"@type":"EntryPoint","urlTemplate":"https:\/\/www.hnhlcranes.com\/?s={search_term_string}"},"query-input":{"@type":"PropertyValueSpecification","valueRequired":true,"valueName":"search_term_string"}}],"inLanguage":"hu"},{"@type":"Organization","@id":"https:\/\/www.hnhlcranes.com\/#organization","name":"Crane Parts Manufacturer","url":"https:\/\/www.hnhlcranes.com\/","logo":{"@type":"ImageObject","inLanguage":"hu","@id":"https:\/\/www.hnhlcranes.com\/#\/schema\/logo\/image\/","url":"https:\/\/www.hnhlcranes.com\/wp-content\/uploads\/2025\/01\/HL-logo-1.png","contentUrl":"https:\/\/www.hnhlcranes.com\/wp-content\/uploads\/2025\/01\/HL-logo-1.png","width":600,"height":169,"caption":"Crane Parts Manufacturer"},"image":{"@id":"https:\/\/www.hnhlcranes.com\/#\/schema\/logo\/image\/"}}]}},"_links":{"self":[{"href":"https:\/\/www.hnhlcranes.com\/hu\/wp-json\/wp\/v2\/product\/5424","targetHints":{"allow":["GET"]}}],"collection":[{"href":"https:\/\/www.hnhlcranes.com\/hu\/wp-json\/wp\/v2\/product"}],"about":[{"href":"https:\/\/www.hnhlcranes.com\/hu\/wp-json\/wp\/v2\/types\/product"}],"version-history":[{"count":3,"href":"https:\/\/www.hnhlcranes.com\/hu\/wp-json\/wp\/v2\/product\/5424\/revisions"}],"predecessor-version":[{"id":7141,"href":"https:\/\/www.hnhlcranes.com\/hu\/wp-json\/wp\/v2\/product\/5424\/revisions\/7141"}],"wp:featuredmedia":[{"embeddable":true,"href":"https:\/\/www.hnhlcranes.com\/hu\/wp-json\/wp\/v2\/media\/7139"}],"wp:attachment":[{"href":"https:\/\/www.hnhlcranes.com\/hu\/wp-json\/wp\/v2\/media?parent=5424"}],"wp:term":[{"taxonomy":"product_brand","embeddable":true,"href":"https:\/\/www.hnhlcranes.com\/hu\/wp-json\/wp\/v2\/product_brand?post=5424"},{"taxonomy":"product_cat","embeddable":true,"href":"https:\/\/www.hnhlcranes.com\/hu\/wp-json\/wp\/v2\/product_cat?post=5424"},{"taxonomy":"product_tag","embeddable":true,"href":"https:\/\/www.hnhlcranes.com\/hu\/wp-json\/wp\/v2\/product_tag?post=5424"}],"curies":[{"name":"wp","href":"https:\/\/api.w.org\/{rel}","templated":true}]}}