{"id":5444,"date":"2024-11-25T23:42:41","date_gmt":"2024-11-25T15:42:41","guid":{"rendered":"https:\/\/www.hnhlcranes.com\/?post_type=product&#038;p=5444"},"modified":"2025-01-10T15:05:04","modified_gmt":"2025-01-10T07:05:04","slug":"tartalyos-szorofej","status":"publish","type":"product","link":"https:\/\/www.hnhlcranes.com\/hu\/termek\/tartalyos-szorofej\/","title":{"rendered":"Kont\u00e9ner sz\u00f3r\u00f3fej"},"content":{"rendered":"<h3><strong>Bevezet\u00e9s a Container Spreaderbe<\/strong><\/h3>\n<p>A <strong>tart\u00e1lyos sz\u00f3r\u00f3fej<\/strong> kifejezetten a kont\u00e9nerek emel\u00e9s\u00e9re, sz\u00e1ll\u00edt\u00e1s\u00e1ra \u00e9s pontos elhelyez\u00e9s\u00e9re tervezett eszk\u00f6z. Jellemz\u0151en kik\u00f6t\u0151i darukn\u00e1l, p\u00e9ld\u00e1ul rakparti darukn\u00e1l \u00e9s port\u00e1ldarukn\u00e1l haszn\u00e1lj\u00e1k. A spreader a daru kamp\u00f3j\u00e1hoz vagy emel\u0151k\u00f6tel\u00e9hez csatlakozik, \u00e9s biztos\u00edtja a kont\u00e9nerek biztons\u00e1gos emel\u00e9s\u00e9t \u00e9s kezel\u00e9s\u00e9t. A kont\u00e9ner-sz\u00f3r\u00f3 a kih\u00faz\u00e1si \u00e9s reteszel\u00e9si mechanizmusaival d\u00f6nt\u0151 szerepet j\u00e1tszik a kont\u00e9nerek stabilit\u00e1s\u00e1nak \u00e9s biztons\u00e1g\u00e1nak fenntart\u00e1s\u00e1ban az emel\u00e9si folyamat sor\u00e1n.<\/p>\n<h3><strong>F\u0151 funkci\u00f3k<\/strong><\/h3>\n<ul>\n<li><strong>Kont\u00e9ner emel\u00e9s<\/strong>: A kont\u00e9nersz\u00f3r\u00f3 els\u0151dleges feladata a kont\u00e9nerek kiemel\u00e9se a teherhaj\u00f3kr\u00f3l vagy a kik\u00f6t\u0151i udvarokr\u00f3l, \u00e9s m\u00e1s helyekre t\u00f6rt\u00e9n\u0151 sz\u00e1ll\u00edt\u00e1sa. A kont\u00e9ner n\u00e9gy sarok\u00f6ntv\u00e9ny\u00e9hez csatlakozik, \u00edgy r\u00f6gz\u00edtve a kont\u00e9nert a hely\u00e9n az emel\u00e9si m\u0171velet sor\u00e1n.<\/li>\n<li><strong>Pontos elhelyez\u00e9s<\/strong>: A kont\u00e9nersz\u00f3r\u00f3 biztos\u00edtja a kont\u00e9nerek pontos elhelyez\u00e9s\u00e9t, amikor azokat egyik helyr\u0151l a m\u00e1sikra mozgatj\u00e1k. Ez k\u00fcl\u00f6n\u00f6sen fontos a kik\u00f6t\u0151i m\u0171veletekn\u00e9l, ahol nagy pontoss\u00e1gra van sz\u00fcks\u00e9g a rakod\u00e1s \u00e9s kirakod\u00e1s sor\u00e1n. A sz\u00f3r\u00f3 seg\u00edt megakad\u00e1lyozni, hogy a kont\u00e9nerek megd\u0151ljenek vagy leessenek az \u00e1thelyez\u00e9s sor\u00e1n.<\/li>\n<li><strong>Hosszabb\u00edt\u00e1s \u00e9s kiigaz\u00edt\u00e1s<\/strong>: A legt\u00f6bb kont\u00e9nersz\u00f3r\u00f3 fel van szerelve kih\u00fazhat\u00f3 funkci\u00f3val, amely lehet\u0151v\u00e9 teszi, hogy sz\u00e9less\u00e9g\u00fcket a k\u00fcl\u00f6nb\u00f6z\u0151 m\u00e9ret\u0171 kont\u00e9nerekhez (p\u00e9ld\u00e1ul 20 l\u00e1b, 40 l\u00e1b vagy 45 l\u00e1b kont\u00e9nerekhez) igaz\u00edts\u00e1k. Ez az alkalmazkod\u00f3k\u00e9pess\u00e9g azt jelenti, hogy ugyanaz a sz\u00f3r\u00f3fej t\u00f6bb kont\u00e9nerm\u00e9retet is k\u00e9pes kezelni, n\u00f6velve ezzel a m\u0171k\u00f6d\u00e9si hat\u00e9konys\u00e1got.<\/li>\n<li><strong>Z\u00e1r\u00f3mechanizmus<\/strong>: Annak \u00e9rdek\u00e9ben, hogy a kont\u00e9ner ne cs\u00fasszon le emel\u00e9s k\u00f6zben, a kont\u00e9nersz\u00f3r\u00f3 egy reteszel\u0151 mechanizmussal van felszerelve. Ez lehet automatikus vagy manu\u00e1lis, \u00e9s biztons\u00e1gosan r\u00f6gz\u00edti a kont\u00e9ner n\u00e9gy sarok\u00f6ntv\u00e9ny\u00e9t, miut\u00e1n csatlakoztatt\u00e1k, megakad\u00e1lyozva a v\u00e9letlen lev\u00e1l\u00e1st az emel\u00e9si folyamat sor\u00e1n.<\/li>\n<li><strong>Jav\u00edtott hat\u00e9konys\u00e1g<\/strong>: A kont\u00e9nersz\u00f3r\u00f3kat gyors csatlakoztat\u00e1sra \u00e9s sz\u00e9tkapcsol\u00e1sra tervezt\u00e9k, ami n\u00f6veli a daru m\u0171k\u00f6d\u00e9si hat\u00e9konys\u00e1g\u00e1t. A forgalmas kik\u00f6t\u0151kben a spreader cs\u00f6kkenti az \u00e1tfut\u00e1si id\u0151t, seg\u00edt felgyors\u00edtani a rakom\u00e1nykezel\u00e9st \u00e9s a sz\u00e1ll\u00edt\u00e1st.<\/li>\n<\/ul>\n<h3><strong>F\u0151bb szerkezeti elemek<\/strong><\/h3>\n<ul>\n<li><strong>Keret<\/strong>: A keret a sz\u00f3r\u00f3szerkezet teljes szerkezet\u00e9t hordozza, \u00e9s \u00e1ltal\u00e1ban nagy szil\u00e1rds\u00e1g\u00fa ac\u00e9lb\u00f3l k\u00e9sz\u00fcl, hogy elb\u00edrja a kont\u00e9ner s\u00faly\u00e1t.<\/li>\n<li><strong>Horgok vagy emel\u0151gy\u0171r\u0171k<\/strong>: Ezek csatlakoztatj\u00e1k a sz\u00f3r\u00f3t a daru emel\u0151rendszer\u00e9hez, megk\u00f6nny\u00edtve az emel\u00e9si m\u0171veletet.<\/li>\n<li><strong>Kih\u00fazhat\u00f3 karok<\/strong>: A sz\u00f3r\u00f3fej kih\u00fazhat\u00f3 r\u00e9sze lehet\u0151v\u00e9 teszi, hogy alkalmazkodjon a k\u00fcl\u00f6nb\u00f6z\u0151 m\u00e9ret\u0171 tart\u00e1lyokhoz.<\/li>\n<li><strong>Z\u00e1r\u00f3mechanizmus<\/strong>: Ez a mechanizmus biztos\u00edtja a kont\u00e9ner sarok\u00f6ntv\u00e9nyeinek biztons\u00e1gos r\u00f6gz\u00edt\u00e9s\u00e9t a sz\u00f3r\u00f3kerethez, megakad\u00e1lyozva a kont\u00e9ner elmozdul\u00e1s\u00e1t.<\/li>\n<li><strong>Vez\u00e9rl\u0151rendszer<\/strong>: A modern kont\u00e9nersz\u00f3r\u00f3k elektronikus vez\u00e9rl\u0151rendszerrel rendelkezhetnek a kih\u00faz\u00e1s, a z\u00e1r\u00e1s \u00e9s egy\u00e9b funkci\u00f3k kezel\u00e9s\u00e9re, egyesek ak\u00e1r t\u00e1vvez\u00e9rl\u00e9si lehet\u0151s\u00e9geket is k\u00edn\u00e1lnak.<\/li>\n<\/ul>\n<h3><strong>El\u0151ny\u00f6k<\/strong><\/h3>\n<ul>\n<li><strong>Fokozott hat\u00e9konys\u00e1g<\/strong>: Az automatikus z\u00e1r\u00f3rendszer \u00e9s a gyors m\u0171k\u00f6dtet\u00e9s\u0171 kialak\u00edt\u00e1s jelent\u0151sen jav\u00edtja a kont\u00e9nerkezel\u00e9s hat\u00e9konys\u00e1g\u00e1t.<\/li>\n<li><strong>Alkalmazkod\u00f3k\u00e9pess\u00e9g k\u00fcl\u00f6nb\u00f6z\u0151 m\u00e9retekhez<\/strong>: A kih\u00fazhat\u00f3 karoknak k\u00f6sz\u00f6nhet\u0151en a sz\u00f3r\u00f3keret a kont\u00e9nerek sz\u00e9les sk\u00e1l\u00e1j\u00e1hoz alkalmas, \u00edgy nagyfok\u00fa sokoldal\u00fas\u00e1got biztos\u00edt.<\/li>\n<li><strong>Magas biztons\u00e1g<\/strong>: A reteszel\u0151 mechanizmus biztos\u00edtja, hogy a kont\u00e9nerek stabilak \u00e9s biztons\u00e1gosak maradnak a kezel\u00e9s sor\u00e1n, cs\u00f6kkentve a balesetek kock\u00e1zat\u00e1t.<\/li>\n<li><strong>Cs\u00f6kkentett k\u00e9zi beavatkoz\u00e1s<\/strong>: A korszer\u0171 kont\u00e9nersz\u00f3r\u00f3k gyakran rendelkeznek automatiz\u00e1lt vez\u00e9rl\u0151rendszerrel, ami cs\u00f6kkenti a k\u00e9zi m\u0171veletek sz\u00fcks\u00e9gess\u00e9g\u00e9t, valamint n\u00f6veli a biztons\u00e1got \u00e9s a hat\u00e9konys\u00e1got.<\/li>\n<\/ul>\n<h3><strong>K\u00f6vetkeztet\u00e9s<\/strong><\/h3>\n<p>\u00d6sszefoglalva, a kont\u00e9nersz\u00f3r\u00f3 a kik\u00f6t\u0151kben, dokkokban \u00e9s egy\u00e9b kont\u00e9nerkezel\u00e9si m\u0171veletekben alapvet\u0151 fontoss\u00e1g\u00fa berendez\u00e9s. A kont\u00e9nerek hat\u00e9kony, biztons\u00e1gos \u00e9s pontos emel\u00e9s\u00e9t \u00e9s kezel\u00e9s\u00e9t biztos\u00edtja. A kih\u00fazhat\u00f3s\u00e1g \u00e9s a reteszel\u00e9si mechanizmusok lehet\u0151v\u00e9 teszik a k\u00fcl\u00f6nb\u00f6z\u0151 m\u00e9ret\u0171 kont\u00e9nerek befogad\u00e1s\u00e1t, \u00edgy vil\u00e1gszerte sz\u00e9les k\u00f6rben haszn\u00e1lj\u00e1k a kont\u00e9nersz\u00e1ll\u00edt\u00e1s, a be- \u00e9s kirakod\u00e1s, valamint a rakod\u00e1si m\u0171veletek sor\u00e1n.<\/p>","protected":false},"excerpt":{"rendered":"<p>Kont\u00e9ner sz\u00f3r\u00f3 gy\u00e1rt\u00f3k,20ft kont\u00e9ner sz\u00f3r\u00f3,F\u00e9lautomata kont\u00e9ner sz\u00f3r\u00f3,40ft kont\u00e9ner emel\u0151 keret,kont\u00e9ner sz\u00f3r\u00f3,Kont\u00e9ner sz\u00f3r\u00f3<\/p>","protected":false},"featured_media":7148,"template":"","meta":{"_kad_post_transparent":"default","_kad_post_title":"","_kad_post_layout":"default","_kad_post_sidebar_id":"","_kad_post_content_style":"default","_kad_post_vertical_padding":"show","_kad_post_feature":"","_kad_post_feature_position":"","_kad_post_header":false,"_kad_post_footer":false},"product_brand":[],"product_cat":[59],"product_tag":[508,510,513,497,514,512,515,498,521,376,517,518,496,507,520,516,495,522,494,504,502,505,501,506,499,523,503,519,509,500,493,511],"class_list":{"0":"post-5444","1":"product","2":"type-product","3":"status-publish","4":"has-post-thumbnail","6":"product_cat-crane-spreader","7":"product_tag-20ft-container-spreader","8":"product_tag-40ft-container-lifting-frame","9":"product_tag-billet-clamps","10":"product_tag-billet-crane-clamp","11":"product_tag-billet-crane-clamps-manufacturer","12":"product_tag-billet-lifting-clamp","13":"product_tag-billet-lifting-clamps-china-supplier","14":"product_tag-c-type-hook","15":"product_tag-c-type-spreader","16":"product_tag-china-crane-parts-supplier","17":"product_tag-coil-c-type-hook","18":"product_tag-coil-hook","19":"product_tag-container-spreader","20":"product_tag-container-spreader-manufacturers","21":"product_tag-crane-c-hook","22":"product_tag-crane-c-type-spreader","23":"product_tag-crane-grab","24":"product_tag-crane-magnets","25":"product_tag-crane-spreader","26":"product_tag-electric-motor-grab","27":"product_tag-electro-hydraulic-multi-flap-grab","28":"product_tag-electro-hydraulicclamshell-grab","29":"product_tag-four-rope-grab","30":"product_tag-grab-manufacturers","31":"product_tag-lifting-electromagnet","32":"product_tag-lifting-electromagnet-spreader","33":"product_tag-orange-peel-grab","34":"product_tag-overhead-crane-steel-coil-c-type-hook","35":"product_tag-semi-automatic-container-spreader","36":"product_tag-singlr-rope-grab","37":"product_tag-special-crane-spreader","38":"product_tag-tec-container-spreader","40":"first","41":"instock","42":"shipping-taxable","43":"product-type-simple","44":"entry","45":"content-bg","46":"loop-entry"},"yoast_head":"<!-- This site is optimized with the Yoast SEO plugin v24.5 - https:\/\/yoast.com\/wordpress\/plugins\/seo\/ -->\n<title>Container spreader - Container spreader manufacturers- Crane Parts Manufacturer<\/title>\n<meta name=\"description\" content=\"Container spreader manufacturer,Semi Automatic container spreader,40ft Container Lifting Frame,China Crane Parts Supplier\" \/>\n<meta name=\"robots\" content=\"index, follow, max-snippet:-1, max-image-preview:large, max-video-preview:-1\" \/>\n<link rel=\"canonical\" href=\"https:\/\/www.hnhlcranes.com\/hu\/termek\/tartalyos-szorofej\/\" \/>\n<meta property=\"og:locale\" content=\"hu_HU\" \/>\n<meta property=\"og:type\" content=\"article\" \/>\n<meta property=\"og:title\" content=\"Container spreader - Container spreader manufacturers- Crane Parts Manufacturer\" \/>\n<meta property=\"og:description\" content=\"Container spreader manufacturer,Semi Automatic container spreader,40ft Container Lifting Frame,China Crane Parts Supplier\" \/>\n<meta property=\"og:url\" content=\"https:\/\/www.hnhlcranes.com\/hu\/termek\/tartalyos-szorofej\/\" \/>\n<meta property=\"og:site_name\" content=\"Crane Parts Manufacturer\" \/>\n<meta property=\"article:modified_time\" content=\"2025-01-10T07:05:04+00:00\" \/>\n<meta property=\"og:image\" content=\"https:\/\/www.hnhlcranes.com\/wp-content\/uploads\/2024\/11\/Container-spreader.jpg\" \/>\n\t<meta property=\"og:image:width\" content=\"600\" \/>\n\t<meta property=\"og:image:height\" content=\"600\" \/>\n\t<meta property=\"og:image:type\" content=\"image\/jpeg\" \/>\n<meta name=\"twitter:card\" content=\"summary_large_image\" \/>\n<meta name=\"twitter:label1\" content=\"Becs\u00fclt olvas\u00e1si id\u0151\" \/>\n\t<meta name=\"twitter:data1\" content=\"3 perc\" \/>\n<script type=\"application\/ld+json\" class=\"yoast-schema-graph\">{\"@context\":\"https:\/\/schema.org\",\"@graph\":[{\"@type\":\"WebPage\",\"@id\":\"https:\/\/www.hnhlcranes.com\/product\/container-spreader\/\",\"url\":\"https:\/\/www.hnhlcranes.com\/product\/container-spreader\/\",\"name\":\"Container spreader - Container spreader manufacturers- Crane Parts Manufacturer\",\"isPartOf\":{\"@id\":\"https:\/\/www.hnhlcranes.com\/#website\"},\"primaryImageOfPage\":{\"@id\":\"https:\/\/www.hnhlcranes.com\/product\/container-spreader\/#primaryimage\"},\"image\":{\"@id\":\"https:\/\/www.hnhlcranes.com\/product\/container-spreader\/#primaryimage\"},\"thumbnailUrl\":\"https:\/\/www.hnhlcranes.com\/wp-content\/uploads\/2024\/11\/Container-spreader.jpg\",\"datePublished\":\"2024-11-25T15:42:41+00:00\",\"dateModified\":\"2025-01-10T07:05:04+00:00\",\"description\":\"Container spreader manufacturer,Semi Automatic container spreader,40ft Container Lifting Frame,China Crane Parts Supplier\",\"breadcrumb\":{\"@id\":\"https:\/\/www.hnhlcranes.com\/product\/container-spreader\/#breadcrumb\"},\"inLanguage\":\"hu\",\"potentialAction\":[{\"@type\":\"ReadAction\",\"target\":[\"https:\/\/www.hnhlcranes.com\/product\/container-spreader\/\"]}]},{\"@type\":\"ImageObject\",\"inLanguage\":\"hu\",\"@id\":\"https:\/\/www.hnhlcranes.com\/product\/container-spreader\/#primaryimage\",\"url\":\"https:\/\/www.hnhlcranes.com\/wp-content\/uploads\/2024\/11\/Container-spreader.jpg\",\"contentUrl\":\"https:\/\/www.hnhlcranes.com\/wp-content\/uploads\/2024\/11\/Container-spreader.jpg\",\"width\":600,\"height\":600},{\"@type\":\"BreadcrumbList\",\"@id\":\"https:\/\/www.hnhlcranes.com\/product\/container-spreader\/#breadcrumb\",\"itemListElement\":[{\"@type\":\"ListItem\",\"position\":1,\"name\":\"home\",\"item\":\"https:\/\/www.hnhlcranes.com\/\"},{\"@type\":\"ListItem\",\"position\":2,\"name\":\"products\",\"item\":\"https:\/\/www.hnhlcranes.com\/products\/\"},{\"@type\":\"ListItem\",\"position\":3,\"name\":\"Container spreader\"}]},{\"@type\":\"WebSite\",\"@id\":\"https:\/\/www.hnhlcranes.com\/#website\",\"url\":\"https:\/\/www.hnhlcranes.com\/\",\"name\":\"Crane Parts Manufacturer\",\"description\":\"Crane Wheels,Crane Drums,Crane Hooks,Crane Coupling,Crane End Carriage,Electric Hoist,European Crane Parts,Crane Rail Clip,Crane Spreader,Crane Motor,Crane Reducer,Crane Brake,Light Crane Parts,Workstation Crane Parts,Crane Electrical Parts,China Crane Parts Supplier,China Crane Parts Manufacturer,Angle box type crane wheel,45 degree split crane wheel,European crane wheel,Crane Wheel Blocks,Overhead crane drum,European crane drum,Overhead crane hook,European crane hook,Crane pulley block,Gear coupling,Brake wheel coupling,Drum gear coupling,Brake wheel drum gear coupling,Cardan Shaft Coupling,WZL drum coupling,Plum blossom elastic coupling,Brake wheel plum elastic coupling,European Single girder crane end carriage,European Double girder crane end carriage,European Suspension  crane end carriage,Wire Rope Electric Hoist,Electric Chain Hoist,European Single Girder Wire Rope Electric Hoist,European Double Girder Wire Rope Electric Hoist,Crane grab,Container spreader,Billet crane clamps,C-type hook,Lifting Electromagnet,YZR crane motor,YZP crane motor,ZQ Reducer,ZSC Reducer,QJ Reducer,QJ-L Reducer,QJY Reducer,H series gearbox,F Series Gear Motor,K Series Gear Motor,R Series Gear Motor,travelling machinery gear motor,Electro hydraulic drum brake,Electro hydraulic disc brake,Crane Safety brake,Crane cable trolley,Crane remote controller,Crane pendant controller,Crane electrical control cabinet,Crane limit switch,Crane sound and light alarm,Heavy Duty Aviation Connector,Crane overload limiter\",\"publisher\":{\"@id\":\"https:\/\/www.hnhlcranes.com\/#organization\"},\"potentialAction\":[{\"@type\":\"SearchAction\",\"target\":{\"@type\":\"EntryPoint\",\"urlTemplate\":\"https:\/\/www.hnhlcranes.com\/?s={search_term_string}\"},\"query-input\":{\"@type\":\"PropertyValueSpecification\",\"valueRequired\":true,\"valueName\":\"search_term_string\"}}],\"inLanguage\":\"hu\"},{\"@type\":\"Organization\",\"@id\":\"https:\/\/www.hnhlcranes.com\/#organization\",\"name\":\"Crane Parts Manufacturer\",\"url\":\"https:\/\/www.hnhlcranes.com\/\",\"logo\":{\"@type\":\"ImageObject\",\"inLanguage\":\"hu\",\"@id\":\"https:\/\/www.hnhlcranes.com\/#\/schema\/logo\/image\/\",\"url\":\"https:\/\/www.hnhlcranes.com\/wp-content\/uploads\/2025\/01\/HL-logo-1.png\",\"contentUrl\":\"https:\/\/www.hnhlcranes.com\/wp-content\/uploads\/2025\/01\/HL-logo-1.png\",\"width\":600,\"height\":169,\"caption\":\"Crane Parts Manufacturer\"},\"image\":{\"@id\":\"https:\/\/www.hnhlcranes.com\/#\/schema\/logo\/image\/\"}}]}<\/script>\n<!-- \/ Yoast SEO plugin. -->","yoast_head_json":{"title":"Container spreader - Container spreader manufacturers- Crane Parts Manufacturer","description":"Container spreader manufacturer,Semi Automatic container spreader,40ft Container Lifting Frame,China Crane Parts Supplier","robots":{"index":"index","follow":"follow","max-snippet":"max-snippet:-1","max-image-preview":"max-image-preview:large","max-video-preview":"max-video-preview:-1"},"canonical":"https:\/\/www.hnhlcranes.com\/hu\/termek\/tartalyos-szorofej\/","og_locale":"hu_HU","og_type":"article","og_title":"Container spreader - Container spreader manufacturers- Crane Parts Manufacturer","og_description":"Container spreader manufacturer,Semi Automatic container spreader,40ft Container Lifting Frame,China Crane Parts Supplier","og_url":"https:\/\/www.hnhlcranes.com\/hu\/termek\/tartalyos-szorofej\/","og_site_name":"Crane Parts Manufacturer","article_modified_time":"2025-01-10T07:05:04+00:00","og_image":[{"width":600,"height":600,"url":"https:\/\/www.hnhlcranes.com\/wp-content\/uploads\/2024\/11\/Container-spreader.jpg","type":"image\/jpeg"}],"twitter_card":"summary_large_image","twitter_misc":{"Becs\u00fclt olvas\u00e1si id\u0151":"3 perc"},"schema":{"@context":"https:\/\/schema.org","@graph":[{"@type":"WebPage","@id":"https:\/\/www.hnhlcranes.com\/product\/container-spreader\/","url":"https:\/\/www.hnhlcranes.com\/product\/container-spreader\/","name":"Container spreader - Container spreader manufacturers- Crane Parts Manufacturer","isPartOf":{"@id":"https:\/\/www.hnhlcranes.com\/#website"},"primaryImageOfPage":{"@id":"https:\/\/www.hnhlcranes.com\/product\/container-spreader\/#primaryimage"},"image":{"@id":"https:\/\/www.hnhlcranes.com\/product\/container-spreader\/#primaryimage"},"thumbnailUrl":"https:\/\/www.hnhlcranes.com\/wp-content\/uploads\/2024\/11\/Container-spreader.jpg","datePublished":"2024-11-25T15:42:41+00:00","dateModified":"2025-01-10T07:05:04+00:00","description":"Container spreader manufacturer,Semi Automatic container spreader,40ft Container Lifting Frame,China Crane Parts Supplier","breadcrumb":{"@id":"https:\/\/www.hnhlcranes.com\/product\/container-spreader\/#breadcrumb"},"inLanguage":"hu","potentialAction":[{"@type":"ReadAction","target":["https:\/\/www.hnhlcranes.com\/product\/container-spreader\/"]}]},{"@type":"ImageObject","inLanguage":"hu","@id":"https:\/\/www.hnhlcranes.com\/product\/container-spreader\/#primaryimage","url":"https:\/\/www.hnhlcranes.com\/wp-content\/uploads\/2024\/11\/Container-spreader.jpg","contentUrl":"https:\/\/www.hnhlcranes.com\/wp-content\/uploads\/2024\/11\/Container-spreader.jpg","width":600,"height":600},{"@type":"BreadcrumbList","@id":"https:\/\/www.hnhlcranes.com\/product\/container-spreader\/#breadcrumb","itemListElement":[{"@type":"ListItem","position":1,"name":"home","item":"https:\/\/www.hnhlcranes.com\/"},{"@type":"ListItem","position":2,"name":"products","item":"https:\/\/www.hnhlcranes.com\/products\/"},{"@type":"ListItem","position":3,"name":"Container spreader"}]},{"@type":"WebSite","@id":"https:\/\/www.hnhlcranes.com\/#website","url":"https:\/\/www.hnhlcranes.com\/","name":"Crane Parts Manufacturer","description":"Crane Wheels,Crane Drums,Crane Hooks,Crane Coupling,Crane End Carriage,Electric Hoist,European Crane Parts,Crane Rail Clip,Crane Spreader,Crane Motor,Crane Reducer,Crane Brake,Light Crane Parts,Workstation Crane Parts,Crane Electrical Parts,China Crane Parts Supplier,China Crane Parts Manufacturer,Angle box type crane wheel,45 degree split crane wheel,European crane wheel,Crane Wheel Blocks,Overhead crane drum,European crane drum,Overhead crane hook,European crane hook,Crane pulley block,Gear coupling,Brake wheel coupling,Drum gear coupling,Brake wheel drum gear coupling,Cardan Shaft Coupling,WZL drum coupling,Plum blossom elastic coupling,Brake wheel plum elastic coupling,European Single girder crane end carriage,European Double girder crane end carriage,European Suspension  crane end carriage,Wire Rope Electric Hoist,Electric Chain Hoist,European Single Girder Wire Rope Electric Hoist,European Double Girder Wire Rope Electric Hoist,Crane grab,Container spreader,Billet crane clamps,C-type hook,Lifting Electromagnet,YZR crane motor,YZP crane motor,ZQ Reducer,ZSC Reducer,QJ Reducer,QJ-L Reducer,QJY Reducer,H series gearbox,F Series Gear Motor,K Series Gear Motor,R Series Gear Motor,travelling machinery gear motor,Electro hydraulic drum brake,Electro hydraulic disc brake,Crane Safety brake,Crane cable trolley,Crane remote controller,Crane pendant controller,Crane electrical control cabinet,Crane limit switch,Crane sound and light alarm,Heavy Duty Aviation Connector,Crane overload limiter","publisher":{"@id":"https:\/\/www.hnhlcranes.com\/#organization"},"potentialAction":[{"@type":"SearchAction","target":{"@type":"EntryPoint","urlTemplate":"https:\/\/www.hnhlcranes.com\/?s={search_term_string}"},"query-input":{"@type":"PropertyValueSpecification","valueRequired":true,"valueName":"search_term_string"}}],"inLanguage":"hu"},{"@type":"Organization","@id":"https:\/\/www.hnhlcranes.com\/#organization","name":"Crane Parts Manufacturer","url":"https:\/\/www.hnhlcranes.com\/","logo":{"@type":"ImageObject","inLanguage":"hu","@id":"https:\/\/www.hnhlcranes.com\/#\/schema\/logo\/image\/","url":"https:\/\/www.hnhlcranes.com\/wp-content\/uploads\/2025\/01\/HL-logo-1.png","contentUrl":"https:\/\/www.hnhlcranes.com\/wp-content\/uploads\/2025\/01\/HL-logo-1.png","width":600,"height":169,"caption":"Crane Parts Manufacturer"},"image":{"@id":"https:\/\/www.hnhlcranes.com\/#\/schema\/logo\/image\/"}}]}},"_links":{"self":[{"href":"https:\/\/www.hnhlcranes.com\/hu\/wp-json\/wp\/v2\/product\/5444","targetHints":{"allow":["GET"]}}],"collection":[{"href":"https:\/\/www.hnhlcranes.com\/hu\/wp-json\/wp\/v2\/product"}],"about":[{"href":"https:\/\/www.hnhlcranes.com\/hu\/wp-json\/wp\/v2\/types\/product"}],"version-history":[{"count":4,"href":"https:\/\/www.hnhlcranes.com\/hu\/wp-json\/wp\/v2\/product\/5444\/revisions"}],"predecessor-version":[{"id":7152,"href":"https:\/\/www.hnhlcranes.com\/hu\/wp-json\/wp\/v2\/product\/5444\/revisions\/7152"}],"wp:featuredmedia":[{"embeddable":true,"href":"https:\/\/www.hnhlcranes.com\/hu\/wp-json\/wp\/v2\/media\/7148"}],"wp:attachment":[{"href":"https:\/\/www.hnhlcranes.com\/hu\/wp-json\/wp\/v2\/media?parent=5444"}],"wp:term":[{"taxonomy":"product_brand","embeddable":true,"href":"https:\/\/www.hnhlcranes.com\/hu\/wp-json\/wp\/v2\/product_brand?post=5444"},{"taxonomy":"product_cat","embeddable":true,"href":"https:\/\/www.hnhlcranes.com\/hu\/wp-json\/wp\/v2\/product_cat?post=5444"},{"taxonomy":"product_tag","embeddable":true,"href":"https:\/\/www.hnhlcranes.com\/hu\/wp-json\/wp\/v2\/product_tag?post=5444"}],"curies":[{"name":"wp","href":"https:\/\/api.w.org\/{rel}","templated":true}]}}