{"id":5472,"date":"2024-11-26T00:45:41","date_gmt":"2024-11-25T16:45:41","guid":{"rendered":"https:\/\/www.hnhlcranes.com\/?post_type=product&#038;p=5472"},"modified":"2025-01-10T15:26:49","modified_gmt":"2025-01-10T07:26:49","slug":"c-tipusu-horog","status":"publish","type":"product","link":"https:\/\/www.hnhlcranes.com\/hu\/termek\/c-tipusu-horog\/","title":{"rendered":"C-t\u00edpus\u00fa horog"},"content":{"rendered":"<h3><strong>Bevezet\u00e9s a C-t\u00edpus\u00fa kamp\u00f3hoz<\/strong><\/h3>\n<p>A <strong>C-t\u00edpus\u00fa horog<\/strong> a darukban \u00e9s emel\u0151berendez\u00e9sekben sz\u00e9les k\u00f6rben haszn\u00e1lt emel\u0151eszk\u00f6z, amely a \"C\" alakj\u00e1r\u00f3l kapta a nev\u00e9t. Els\u0151sorban neh\u00e9z terhek sz\u00e1ll\u00edt\u00e1s\u00e1ra \u00e9s emel\u00e9s\u00e9re haszn\u00e1lj\u00e1k, \u00e9s \u00e1ltal\u00e1ban az anyagmozgat\u00e1si \u00e9s emel\u00e9si m\u0171veletek sor\u00e1n alkalmazz\u00e1k az ipari termel\u00e9sben, a rakt\u00e1rlogisztik\u00e1ban \u00e9s az \u00e9p\u00edtkez\u00e9seken. Egyszer\u0171 fel\u00e9p\u00edt\u00e9s\u00e9nek \u00e9s er\u0151s teherb\u00edr\u00f3 k\u00e9pess\u00e9g\u00e9nek k\u00f6sz\u00f6nhet\u0151en a C-t\u00edpus\u00fa kamp\u00f3k a k\u00fcl\u00f6nb\u00f6z\u0151 emel\u00e9si feladatokban gyakori eszk\u00f6z.<\/p>\n<h3><strong>C-t\u00edpus\u00fa kamp\u00f3 <\/strong><strong>F\u0151 jellemz\u0151k<\/strong><\/h3>\n<ul>\n<li><strong>Egyszer\u0171 szerkezet<\/strong>: A C-t\u00edpus\u00fa horgok egyszer\u0171, C-alak\u00fa kialak\u00edt\u00e1s\u00faak, ami megk\u00f6nny\u00edti a gy\u00e1rt\u00e1st \u00e9s a haszn\u00e1latot. \u00c1ltal\u00e1ban nagy szil\u00e1rds\u00e1g\u00fa ac\u00e9lb\u00f3l vagy \u00f6tv\u00f6z\u00f6tt anyagb\u00f3l k\u00e9sz\u00fcl, amely kiv\u00e1l\u00f3 teherb\u00edr\u00e1st \u00e9s tart\u00f3ss\u00e1got biztos\u00edt.<\/li>\n<li><strong>Er\u0151s teherb\u00edr\u00f3 k\u00e9pess\u00e9g<\/strong>: A C-t\u00edpus\u00fa kamp\u00f3k kialak\u00edt\u00e1sa lehet\u0151v\u00e9 teszi, hogy jelent\u0151s fesz\u00fclts\u00e9get \u00e9s s\u00falyt b\u00edrjanak el, \u00edgy alkalmasak neh\u00e9z t\u00e1rgyak emel\u00e9s\u00e9re. A j\u00f3l megtervezett szerkezet r\u00e9v\u00e9n a C-t\u00edpus\u00fa kamp\u00f3 hat\u00e9kony \u00e9s biztons\u00e1gos al\u00e1t\u00e1maszt\u00e1st ny\u00fajt az emel\u00e9si m\u0171veletek sor\u00e1n.<\/li>\n<li><strong>Er\u0151s alkalmazkod\u00f3k\u00e9pess\u00e9g<\/strong>: A C-t\u00edpus\u00fa kamp\u00f3t sz\u00e9les k\u00f6rben haszn\u00e1lj\u00e1k darukon, toronydarukon, emel\u0151kocsikon \u00e9s m\u00e1s berendez\u00e9seken, amelyek k\u00fcl\u00f6nb\u00f6z\u0151 m\u00e9ret\u0171 \u00e9s alak\u00fa anyagok kezel\u00e9s\u00e9re alkalmasak. Nemcsak nagym\u00e9ret\u0171 alkatr\u00e9szek emel\u00e9s\u00e9re haszn\u00e1lj\u00e1k, hanem olyan ipari anyagok mozgat\u00e1s\u00e1ra is, mint az ac\u00e9l, a g\u00e9pek \u00e9s az \u00e9p\u00edt\u0151anyagok.<\/li>\n<li><strong>Magas biztons\u00e1g<\/strong>: Sok C-t\u00edpus\u00fa horog rendelkezik lees\u00e9sg\u00e1tl\u00f3 funkci\u00f3val, p\u00e9ld\u00e1ul biztons\u00e1gi z\u00e1rral vagy speci\u00e1lis horogsz\u00e1j kialak\u00edt\u00e1ssal. Ezek a mechanizmusok hat\u00e9konyan megakad\u00e1lyozz\u00e1k, hogy a t\u00e1rgyak leessenek emel\u00e9s k\u00f6zben, \u00edgy az emel\u00e9si m\u0171veletek biztons\u00e1gosak maradnak.<\/li>\n<\/ul>\n<h3><strong>M\u0171k\u00f6d\u00e9si elv<\/strong><\/h3>\n<p>A C-t\u00edpus\u00fa kamp\u00f3k m\u0171k\u00f6d\u00e9si elve egyszer\u0171. \u00c1ltal\u00e1ban az emel\u0151berendez\u00e9s dr\u00f3tk\u00f6tel\u00e9hez vagy l\u00e1nc\u00e1hoz csatlakozik. Emel\u00e9skor a dr\u00f3tk\u00f6t\u00e9l r\u00f6gz\u00edti a terhet a horog ny\u00edl\u00e1s\u00e1n kereszt\u00fcl. Ezut\u00e1n a daru emel\u0151ereje a teher felemel\u00e9s\u00e9re szolg\u00e1l. A horog kialak\u00edt\u00e1s\u00e1nak k\u00f6sz\u00f6nhet\u0151en a horog sz\u00e1ja er\u0151s t\u00e1maszt\u00e9kot biztos\u00edt a teher szil\u00e1rd megtart\u00e1s\u00e1hoz, fenntartva a stabilit\u00e1st az emel\u00e9si folyamat sor\u00e1n.<\/p>\n<h3><strong>El\u0151ny\u00f6k<\/strong><\/h3>\n<ul>\n<li><strong>Hat\u00e9konys\u00e1g \u00e9s megb\u00edzhat\u00f3s\u00e1g<\/strong>: A C-t\u00edpus\u00fa kamp\u00f3k kialak\u00edt\u00e1sa lehet\u0151v\u00e9 teszi a neh\u00e9z t\u00e1rgyak gyors \u00e9s megb\u00edzhat\u00f3 emel\u00e9s\u00e9t, \u00edgy gyakori emel\u00e9si m\u0171veletekre alkalmas.<\/li>\n<li><strong>K\u00f6lts\u00e9ghat\u00e9kony<\/strong>: Egyszer\u0171 szerkezete \u00e9s er\u0151s anyagai miatt a C-t\u00edpus\u00fa kamp\u00f3 gy\u00e1rt\u00e1si k\u00f6lts\u00e9ge viszonylag alacsony, a karbantart\u00e1si k\u00f6lts\u00e9gek pedig minim\u00e1lisak, \u00edgy gazdas\u00e1gos \u00e9s praktikus emel\u0151eszk\u00f6z.<\/li>\n<li><strong>K\u00f6nny\u0171 kezelhet\u0151s\u00e9g<\/strong>: A C-t\u00edpus\u00fa kamp\u00f3 k\u00f6nnyen kezelhet\u0151, gyors csatlakoztat\u00e1ssal \u00e9s lev\u00e1laszt\u00e1ssal, ami cs\u00f6kkenti az el\u0151k\u00e9sz\u00edt\u00e9si id\u0151t \u00e9s jav\u00edtja a munka hat\u00e9konys\u00e1g\u00e1t.<\/li>\n<li><strong>Magas biztons\u00e1g<\/strong>: A biztons\u00e1gi z\u00e1rakkal \u00e9s lees\u00e9sg\u00e1tl\u00f3 funkci\u00f3kkal felszerelt C t\u00edpus\u00fa kamp\u00f3k hat\u00e9konyan cs\u00f6kkentik a t\u00e1rgyak lees\u00e9s\u00e9nek kock\u00e1zat\u00e1t az emel\u00e9si folyamat sor\u00e1n, \u00edgy biztos\u00edtva a biztons\u00e1got a m\u0171veletek sor\u00e1n.<\/li>\n<\/ul>\n<h3><strong>K\u00f6vetkeztet\u00e9s<\/strong><\/h3>\n<p>\u00d6sszefoglalva, a C-t\u00edpus\u00fa kamp\u00f3k egyszer\u0171, de robusztus kialak\u00edt\u00e1sukkal alapvet\u0151 emel\u0151eszk\u00f6z, amelyet sz\u00e9les k\u00f6rben haszn\u00e1lnak a k\u00fcl\u00f6nb\u00f6z\u0151 emel\u00e9si feladatok sor\u00e1n. Szerkezete lehet\u0151v\u00e9 teszi, hogy neh\u00e9z terheket hordozzon, alkalmazkodjon a k\u00fcl\u00f6nb\u00f6z\u0151 emel\u00e9si ig\u00e9nyekhez, valamint nagyfok\u00fa biztons\u00e1got \u00e9s k\u00f6nny\u0171 kezelhet\u0151s\u00e9get biztos\u00edtson. Ak\u00e1r \u00e9p\u00edtkez\u00e9seken, ipari \u00fczemekben, kik\u00f6t\u0151kben vagy rakt\u00e1rakban, a C-t\u00edpus\u00fa kamp\u00f3k d\u00f6nt\u0151 szerepet j\u00e1tszanak a munka hat\u00e9konys\u00e1g\u00e1nak jav\u00edt\u00e1s\u00e1ban \u00e9s a biztons\u00e1g biztos\u00edt\u00e1s\u00e1ban az emel\u00e9si m\u0171veletek sor\u00e1n.<\/p>\n<h6><strong><span style=\"font-family: arial, helvetica, sans-serif; font-size: 18pt;\">M\u00e9retek \u00e9s param\u00e9terek<\/span><\/strong><\/h6>\n<p><img fetchpriority=\"high\" decoding=\"async\" class=\"alignnone wp-image-7171\" src=\"https:\/\/www.hnhlcranes.com\/wp-content\/uploads\/2024\/11\/C-type-hook-7-245x300.jpg\" alt=\"\" width=\"955\" height=\"1169\" srcset=\"https:\/\/www.hnhlcranes.com\/wp-content\/uploads\/2024\/11\/C-type-hook-7-245x300.jpg 245w, https:\/\/www.hnhlcranes.com\/wp-content\/uploads\/2024\/11\/C-type-hook-7-768x939.jpg 768w, https:\/\/www.hnhlcranes.com\/wp-content\/uploads\/2024\/11\/C-type-hook-7-600x734.jpg 600w, https:\/\/www.hnhlcranes.com\/wp-content\/uploads\/2024\/11\/C-type-hook-7.jpg 800w\" sizes=\"(max-width: 955px) 100vw, 955px\" \/><\/p>","protected":false},"excerpt":{"rendered":"<p>Tekercs C-t\u00edpus\u00fa horog,tekercs horog,Daru ac\u00e9l tekercs C-t\u00edpus\u00fa horog,Daru C-hook,C-t\u00edpus\u00fa sz\u00f3r\u00f3,C-t\u00edpus\u00fa horog,Daru C-t\u00edpus\u00fa sz\u00f3r\u00f3,Speci\u00e1lis daru sz\u00f3r\u00f3fej<\/p>","protected":false},"featured_media":7172,"template":"","meta":{"_kad_post_transparent":"default","_kad_post_title":"","_kad_post_layout":"default","_kad_post_sidebar_id":"","_kad_post_content_style":"default","_kad_post_vertical_padding":"show","_kad_post_feature":"","_kad_post_feature_position":"","_kad_post_header":false,"_kad_post_footer":false},"product_brand":[],"product_cat":[59],"product_tag":[508,510,513,497,514,512,515,498,521,376,517,518,496,507,520,516,495,522,494,504,502,505,501,506,499,523,503,519,509,500,493,511],"class_list":{"0":"post-5472","1":"product","2":"type-product","3":"status-publish","4":"has-post-thumbnail","6":"product_cat-crane-spreader","7":"product_tag-20ft-container-spreader","8":"product_tag-40ft-container-lifting-frame","9":"product_tag-billet-clamps","10":"product_tag-billet-crane-clamp","11":"product_tag-billet-crane-clamps-manufacturer","12":"product_tag-billet-lifting-clamp","13":"product_tag-billet-lifting-clamps-china-supplier","14":"product_tag-c-type-hook","15":"product_tag-c-type-spreader","16":"product_tag-china-crane-parts-supplier","17":"product_tag-coil-c-type-hook","18":"product_tag-coil-hook","19":"product_tag-container-spreader","20":"product_tag-container-spreader-manufacturers","21":"product_tag-crane-c-hook","22":"product_tag-crane-c-type-spreader","23":"product_tag-crane-grab","24":"product_tag-crane-magnets","25":"product_tag-crane-spreader","26":"product_tag-electric-motor-grab","27":"product_tag-electro-hydraulic-multi-flap-grab","28":"product_tag-electro-hydraulicclamshell-grab","29":"product_tag-four-rope-grab","30":"product_tag-grab-manufacturers","31":"product_tag-lifting-electromagnet","32":"product_tag-lifting-electromagnet-spreader","33":"product_tag-orange-peel-grab","34":"product_tag-overhead-crane-steel-coil-c-type-hook","35":"product_tag-semi-automatic-container-spreader","36":"product_tag-singlr-rope-grab","37":"product_tag-special-crane-spreader","38":"product_tag-tec-container-spreader","40":"first","41":"instock","42":"featured","43":"shipping-taxable","44":"product-type-simple","45":"entry","46":"content-bg","47":"loop-entry"},"yoast_head":"<!-- This site is optimized with the Yoast SEO plugin v24.5 - https:\/\/yoast.com\/wordpress\/plugins\/seo\/ -->\n<title>C-type hook - Crane C-type spreader-Coil hook-Crane Parts Manufacturer<\/title>\n<meta name=\"description\" content=\"Special Crane Spreader,Coil C-Type Hook,coil hooks,Overhead Crane Steel Coil C-Type Hooks,Crane C-hooks,C-type spreader,C-type hook\" \/>\n<meta name=\"robots\" content=\"index, follow, max-snippet:-1, max-image-preview:large, max-video-preview:-1\" \/>\n<link rel=\"canonical\" href=\"https:\/\/www.hnhlcranes.com\/hu\/termek\/c-tipusu-horog\/\" \/>\n<meta property=\"og:locale\" content=\"hu_HU\" \/>\n<meta property=\"og:type\" content=\"article\" \/>\n<meta property=\"og:title\" content=\"C-type hook - Crane C-type spreader-Coil hook-Crane Parts Manufacturer\" \/>\n<meta property=\"og:description\" content=\"Special Crane Spreader,Coil C-Type Hook,coil hooks,Overhead Crane Steel Coil C-Type Hooks,Crane C-hooks,C-type spreader,C-type hook\" \/>\n<meta property=\"og:url\" content=\"https:\/\/www.hnhlcranes.com\/hu\/termek\/c-tipusu-horog\/\" \/>\n<meta property=\"og:site_name\" content=\"Crane Parts Manufacturer\" \/>\n<meta property=\"article:modified_time\" content=\"2025-01-10T07:26:49+00:00\" \/>\n<meta property=\"og:image\" content=\"https:\/\/www.hnhlcranes.com\/wp-content\/uploads\/2024\/11\/C-type-hook.jpg\" \/>\n\t<meta property=\"og:image:width\" content=\"600\" \/>\n\t<meta property=\"og:image:height\" content=\"600\" \/>\n\t<meta property=\"og:image:type\" content=\"image\/jpeg\" \/>\n<meta name=\"twitter:card\" content=\"summary_large_image\" \/>\n<meta name=\"twitter:label1\" content=\"Becs\u00fclt olvas\u00e1si id\u0151\" \/>\n\t<meta name=\"twitter:data1\" content=\"3 perc\" \/>\n<script type=\"application\/ld+json\" class=\"yoast-schema-graph\">{\"@context\":\"https:\/\/schema.org\",\"@graph\":[{\"@type\":\"WebPage\",\"@id\":\"https:\/\/www.hnhlcranes.com\/product\/c-type-hook\/\",\"url\":\"https:\/\/www.hnhlcranes.com\/product\/c-type-hook\/\",\"name\":\"C-type hook - Crane C-type spreader-Coil hook-Crane Parts Manufacturer\",\"isPartOf\":{\"@id\":\"https:\/\/www.hnhlcranes.com\/#website\"},\"primaryImageOfPage\":{\"@id\":\"https:\/\/www.hnhlcranes.com\/product\/c-type-hook\/#primaryimage\"},\"image\":{\"@id\":\"https:\/\/www.hnhlcranes.com\/product\/c-type-hook\/#primaryimage\"},\"thumbnailUrl\":\"https:\/\/www.hnhlcranes.com\/wp-content\/uploads\/2024\/11\/C-type-hook.jpg\",\"datePublished\":\"2024-11-25T16:45:41+00:00\",\"dateModified\":\"2025-01-10T07:26:49+00:00\",\"description\":\"Special Crane Spreader,Coil C-Type Hook,coil hooks,Overhead Crane Steel Coil C-Type Hooks,Crane C-hooks,C-type spreader,C-type hook\",\"breadcrumb\":{\"@id\":\"https:\/\/www.hnhlcranes.com\/product\/c-type-hook\/#breadcrumb\"},\"inLanguage\":\"hu\",\"potentialAction\":[{\"@type\":\"ReadAction\",\"target\":[\"https:\/\/www.hnhlcranes.com\/product\/c-type-hook\/\"]}]},{\"@type\":\"ImageObject\",\"inLanguage\":\"hu\",\"@id\":\"https:\/\/www.hnhlcranes.com\/product\/c-type-hook\/#primaryimage\",\"url\":\"https:\/\/www.hnhlcranes.com\/wp-content\/uploads\/2024\/11\/C-type-hook.jpg\",\"contentUrl\":\"https:\/\/www.hnhlcranes.com\/wp-content\/uploads\/2024\/11\/C-type-hook.jpg\",\"width\":600,\"height\":600},{\"@type\":\"BreadcrumbList\",\"@id\":\"https:\/\/www.hnhlcranes.com\/product\/c-type-hook\/#breadcrumb\",\"itemListElement\":[{\"@type\":\"ListItem\",\"position\":1,\"name\":\"home\",\"item\":\"https:\/\/www.hnhlcranes.com\/\"},{\"@type\":\"ListItem\",\"position\":2,\"name\":\"products\",\"item\":\"https:\/\/www.hnhlcranes.com\/products\/\"},{\"@type\":\"ListItem\",\"position\":3,\"name\":\"C-type hook\"}]},{\"@type\":\"WebSite\",\"@id\":\"https:\/\/www.hnhlcranes.com\/#website\",\"url\":\"https:\/\/www.hnhlcranes.com\/\",\"name\":\"Crane Parts Manufacturer\",\"description\":\"Crane Wheels,Crane Drums,Crane Hooks,Crane Coupling,Crane End Carriage,Electric Hoist,European Crane Parts,Crane Rail Clip,Crane Spreader,Crane Motor,Crane Reducer,Crane Brake,Light Crane Parts,Workstation Crane Parts,Crane Electrical Parts,China Crane Parts Supplier,China Crane Parts Manufacturer,Angle box type crane wheel,45 degree split crane wheel,European crane wheel,Crane Wheel Blocks,Overhead crane drum,European crane drum,Overhead crane hook,European crane hook,Crane pulley block,Gear coupling,Brake wheel coupling,Drum gear coupling,Brake wheel drum gear coupling,Cardan Shaft Coupling,WZL drum coupling,Plum blossom elastic coupling,Brake wheel plum elastic coupling,European Single girder crane end carriage,European Double girder crane end carriage,European Suspension  crane end carriage,Wire Rope Electric Hoist,Electric Chain Hoist,European Single Girder Wire Rope Electric Hoist,European Double Girder Wire Rope Electric Hoist,Crane grab,Container spreader,Billet crane clamps,C-type hook,Lifting Electromagnet,YZR crane motor,YZP crane motor,ZQ Reducer,ZSC Reducer,QJ Reducer,QJ-L Reducer,QJY Reducer,H series gearbox,F Series Gear Motor,K Series Gear Motor,R Series Gear Motor,travelling machinery gear motor,Electro hydraulic drum brake,Electro hydraulic disc brake,Crane Safety brake,Crane cable trolley,Crane remote controller,Crane pendant controller,Crane electrical control cabinet,Crane limit switch,Crane sound and light alarm,Heavy Duty Aviation Connector,Crane overload limiter\",\"publisher\":{\"@id\":\"https:\/\/www.hnhlcranes.com\/#organization\"},\"potentialAction\":[{\"@type\":\"SearchAction\",\"target\":{\"@type\":\"EntryPoint\",\"urlTemplate\":\"https:\/\/www.hnhlcranes.com\/?s={search_term_string}\"},\"query-input\":{\"@type\":\"PropertyValueSpecification\",\"valueRequired\":true,\"valueName\":\"search_term_string\"}}],\"inLanguage\":\"hu\"},{\"@type\":\"Organization\",\"@id\":\"https:\/\/www.hnhlcranes.com\/#organization\",\"name\":\"Crane Parts Manufacturer\",\"url\":\"https:\/\/www.hnhlcranes.com\/\",\"logo\":{\"@type\":\"ImageObject\",\"inLanguage\":\"hu\",\"@id\":\"https:\/\/www.hnhlcranes.com\/#\/schema\/logo\/image\/\",\"url\":\"https:\/\/www.hnhlcranes.com\/wp-content\/uploads\/2025\/01\/HL-logo-1.png\",\"contentUrl\":\"https:\/\/www.hnhlcranes.com\/wp-content\/uploads\/2025\/01\/HL-logo-1.png\",\"width\":600,\"height\":169,\"caption\":\"Crane Parts Manufacturer\"},\"image\":{\"@id\":\"https:\/\/www.hnhlcranes.com\/#\/schema\/logo\/image\/\"}}]}<\/script>\n<!-- \/ Yoast SEO plugin. -->","yoast_head_json":{"title":"C-type hook - Crane C-type spreader-Coil hook-Crane Parts Manufacturer","description":"Special Crane Spreader,Coil C-Type Hook,coil hooks,Overhead Crane Steel Coil C-Type Hooks,Crane C-hooks,C-type spreader,C-type hook","robots":{"index":"index","follow":"follow","max-snippet":"max-snippet:-1","max-image-preview":"max-image-preview:large","max-video-preview":"max-video-preview:-1"},"canonical":"https:\/\/www.hnhlcranes.com\/hu\/termek\/c-tipusu-horog\/","og_locale":"hu_HU","og_type":"article","og_title":"C-type hook - Crane C-type spreader-Coil hook-Crane Parts Manufacturer","og_description":"Special Crane Spreader,Coil C-Type Hook,coil hooks,Overhead Crane Steel Coil C-Type Hooks,Crane C-hooks,C-type spreader,C-type hook","og_url":"https:\/\/www.hnhlcranes.com\/hu\/termek\/c-tipusu-horog\/","og_site_name":"Crane Parts Manufacturer","article_modified_time":"2025-01-10T07:26:49+00:00","og_image":[{"width":600,"height":600,"url":"https:\/\/www.hnhlcranes.com\/wp-content\/uploads\/2024\/11\/C-type-hook.jpg","type":"image\/jpeg"}],"twitter_card":"summary_large_image","twitter_misc":{"Becs\u00fclt olvas\u00e1si id\u0151":"3 perc"},"schema":{"@context":"https:\/\/schema.org","@graph":[{"@type":"WebPage","@id":"https:\/\/www.hnhlcranes.com\/product\/c-type-hook\/","url":"https:\/\/www.hnhlcranes.com\/product\/c-type-hook\/","name":"C-type hook - Crane C-type spreader-Coil hook-Crane Parts Manufacturer","isPartOf":{"@id":"https:\/\/www.hnhlcranes.com\/#website"},"primaryImageOfPage":{"@id":"https:\/\/www.hnhlcranes.com\/product\/c-type-hook\/#primaryimage"},"image":{"@id":"https:\/\/www.hnhlcranes.com\/product\/c-type-hook\/#primaryimage"},"thumbnailUrl":"https:\/\/www.hnhlcranes.com\/wp-content\/uploads\/2024\/11\/C-type-hook.jpg","datePublished":"2024-11-25T16:45:41+00:00","dateModified":"2025-01-10T07:26:49+00:00","description":"Special Crane Spreader,Coil C-Type Hook,coil hooks,Overhead Crane Steel Coil C-Type Hooks,Crane C-hooks,C-type spreader,C-type hook","breadcrumb":{"@id":"https:\/\/www.hnhlcranes.com\/product\/c-type-hook\/#breadcrumb"},"inLanguage":"hu","potentialAction":[{"@type":"ReadAction","target":["https:\/\/www.hnhlcranes.com\/product\/c-type-hook\/"]}]},{"@type":"ImageObject","inLanguage":"hu","@id":"https:\/\/www.hnhlcranes.com\/product\/c-type-hook\/#primaryimage","url":"https:\/\/www.hnhlcranes.com\/wp-content\/uploads\/2024\/11\/C-type-hook.jpg","contentUrl":"https:\/\/www.hnhlcranes.com\/wp-content\/uploads\/2024\/11\/C-type-hook.jpg","width":600,"height":600},{"@type":"BreadcrumbList","@id":"https:\/\/www.hnhlcranes.com\/product\/c-type-hook\/#breadcrumb","itemListElement":[{"@type":"ListItem","position":1,"name":"home","item":"https:\/\/www.hnhlcranes.com\/"},{"@type":"ListItem","position":2,"name":"products","item":"https:\/\/www.hnhlcranes.com\/products\/"},{"@type":"ListItem","position":3,"name":"C-type hook"}]},{"@type":"WebSite","@id":"https:\/\/www.hnhlcranes.com\/#website","url":"https:\/\/www.hnhlcranes.com\/","name":"Crane Parts Manufacturer","description":"Crane Wheels,Crane Drums,Crane Hooks,Crane Coupling,Crane End Carriage,Electric Hoist,European Crane Parts,Crane Rail Clip,Crane Spreader,Crane Motor,Crane Reducer,Crane Brake,Light Crane Parts,Workstation Crane Parts,Crane Electrical Parts,China Crane Parts Supplier,China Crane Parts Manufacturer,Angle box type crane wheel,45 degree split crane wheel,European crane wheel,Crane Wheel Blocks,Overhead crane drum,European crane drum,Overhead crane hook,European crane hook,Crane pulley block,Gear coupling,Brake wheel coupling,Drum gear coupling,Brake wheel drum gear coupling,Cardan Shaft Coupling,WZL drum coupling,Plum blossom elastic coupling,Brake wheel plum elastic coupling,European Single girder crane end carriage,European Double girder crane end carriage,European Suspension  crane end carriage,Wire Rope Electric Hoist,Electric Chain Hoist,European Single Girder Wire Rope Electric Hoist,European Double Girder Wire Rope Electric Hoist,Crane grab,Container spreader,Billet crane clamps,C-type hook,Lifting Electromagnet,YZR crane motor,YZP crane motor,ZQ Reducer,ZSC Reducer,QJ Reducer,QJ-L Reducer,QJY Reducer,H series gearbox,F Series Gear Motor,K Series Gear Motor,R Series Gear Motor,travelling machinery gear motor,Electro hydraulic drum brake,Electro hydraulic disc brake,Crane Safety brake,Crane cable trolley,Crane remote controller,Crane pendant controller,Crane electrical control cabinet,Crane limit switch,Crane sound and light alarm,Heavy Duty Aviation Connector,Crane overload limiter","publisher":{"@id":"https:\/\/www.hnhlcranes.com\/#organization"},"potentialAction":[{"@type":"SearchAction","target":{"@type":"EntryPoint","urlTemplate":"https:\/\/www.hnhlcranes.com\/?s={search_term_string}"},"query-input":{"@type":"PropertyValueSpecification","valueRequired":true,"valueName":"search_term_string"}}],"inLanguage":"hu"},{"@type":"Organization","@id":"https:\/\/www.hnhlcranes.com\/#organization","name":"Crane Parts Manufacturer","url":"https:\/\/www.hnhlcranes.com\/","logo":{"@type":"ImageObject","inLanguage":"hu","@id":"https:\/\/www.hnhlcranes.com\/#\/schema\/logo\/image\/","url":"https:\/\/www.hnhlcranes.com\/wp-content\/uploads\/2025\/01\/HL-logo-1.png","contentUrl":"https:\/\/www.hnhlcranes.com\/wp-content\/uploads\/2025\/01\/HL-logo-1.png","width":600,"height":169,"caption":"Crane Parts Manufacturer"},"image":{"@id":"https:\/\/www.hnhlcranes.com\/#\/schema\/logo\/image\/"}}]}},"_links":{"self":[{"href":"https:\/\/www.hnhlcranes.com\/hu\/wp-json\/wp\/v2\/product\/5472","targetHints":{"allow":["GET"]}}],"collection":[{"href":"https:\/\/www.hnhlcranes.com\/hu\/wp-json\/wp\/v2\/product"}],"about":[{"href":"https:\/\/www.hnhlcranes.com\/hu\/wp-json\/wp\/v2\/types\/product"}],"version-history":[{"count":5,"href":"https:\/\/www.hnhlcranes.com\/hu\/wp-json\/wp\/v2\/product\/5472\/revisions"}],"predecessor-version":[{"id":7176,"href":"https:\/\/www.hnhlcranes.com\/hu\/wp-json\/wp\/v2\/product\/5472\/revisions\/7176"}],"wp:featuredmedia":[{"embeddable":true,"href":"https:\/\/www.hnhlcranes.com\/hu\/wp-json\/wp\/v2\/media\/7172"}],"wp:attachment":[{"href":"https:\/\/www.hnhlcranes.com\/hu\/wp-json\/wp\/v2\/media?parent=5472"}],"wp:term":[{"taxonomy":"product_brand","embeddable":true,"href":"https:\/\/www.hnhlcranes.com\/hu\/wp-json\/wp\/v2\/product_brand?post=5472"},{"taxonomy":"product_cat","embeddable":true,"href":"https:\/\/www.hnhlcranes.com\/hu\/wp-json\/wp\/v2\/product_cat?post=5472"},{"taxonomy":"product_tag","embeddable":true,"href":"https:\/\/www.hnhlcranes.com\/hu\/wp-json\/wp\/v2\/product_tag?post=5472"}],"curies":[{"name":"wp","href":"https:\/\/api.w.org\/{rel}","templated":true}]}}