{"id":5487,"date":"2024-11-26T01:03:18","date_gmt":"2024-11-25T17:03:18","guid":{"rendered":"https:\/\/www.hnhlcranes.com\/?post_type=product&#038;p=5487"},"modified":"2025-01-10T15:41:51","modified_gmt":"2025-01-10T07:41:51","slug":"emelo-elektromagnes","status":"publish","type":"product","link":"https:\/\/www.hnhlcranes.com\/hu\/termek\/emelo-elektromagnes\/","title":{"rendered":"Emel\u0151 elektrom\u00e1gnes"},"content":{"rendered":"<div class=\"flex-1 overflow-hidden @container\/thread\">\n<div class=\"h-full\">\n<div class=\"react-scroll-to-bottom--css-xvoge-79elbk h-full\">\n<div class=\"react-scroll-to-bottom--css-xvoge-1n7m0yu\">\n<div class=\"flex flex-col text-sm md:pb-9\">\n<article class=\"w-full scroll-mb-[var(--thread-trailing-height,150px)] text-token-text-primary focus-visible:outline-2 focus-visible:outline-offset-[-4px]\" dir=\"auto\" data-testid=\"conversation-turn-35\" data-scroll-anchor=\"true\">\n<div class=\"m-auto text-base py-[18px] px-3 md:px-4 w-full md:px-5 lg:px-4 xl:px-5\">\n<div class=\"mx-auto flex flex-1 gap-4 text-base md:gap-5 lg:gap-6 md:max-w-3xl lg:max-w-[40rem] xl:max-w-[48rem]\">\n<div class=\"group\/conversation-turn relative flex w-full min-w-0 flex-col agent-turn\">\n<div class=\"flex-col gap-1 md:gap-3\">\n<div class=\"flex max-w-full flex-col flex-grow\">\n<div class=\"min-h-8 text-message flex w-full flex-col items-end gap-2 whitespace-normal break-words text-start [.text-message+&amp;]:mt-5\" dir=\"auto\" data-message-author-role=\"assistant\" data-message-id=\"70b04e16-fa78-41b2-98a2-8fab7970678a\" data-message-model-slug=\"gpt-4o\">\n<div class=\"flex w-full flex-col gap-1 empty:hidden first:pt-[3px]\">\n<div class=\"markdown prose w-full break-words dark:prose-invert light\">\n<h3><strong>Az emel\u0151 elektrom\u00e1gnes \u00e1ttekint\u00e9se<\/strong><\/h3>\n<p>A <strong>emel\u0151 elektrom\u00e1gnes<\/strong> olyan eszk\u00f6z, amely m\u00e1gneses mez\u0151t hoz l\u00e9tre, amikor elektromos \u00e1ram halad \u00e1t egy tekercsen. Ez a m\u00e1gneses mez\u0151 lehet\u0151v\u00e9 teszi, hogy ferrom\u00e1gneses anyagokat emeljen fel, \u00e9s a m\u00e1gnesess\u00e9g megsz\u0171nik, amikor az \u00e1ramot kikapcsolj\u00e1k. Az olyan ipar\u00e1gakban, mint a koh\u00e1szat, a b\u00e1ny\u00e1szat, a g\u00e9pipar \u00e9s a sz\u00e1ll\u00edt\u00e1s, sz\u00e9les k\u00f6rben haszn\u00e1lt emel\u0151 elektrom\u00e1gnesek hat\u00e9kony \u00e9s biztons\u00e1gos megold\u00e1st k\u00edn\u00e1lnak az anyagmozgat\u00e1shoz, k\u00fcl\u00f6n\u00f6sen olyan alkalmaz\u00e1sokban, ahol neh\u00e9z terhek gyakori emel\u00e9s\u00e9re \u00e9s mozgat\u00e1s\u00e1ra van sz\u00fcks\u00e9g.<\/p>\n<h3><strong>Emel\u0151 elektrom\u00e1gnes <\/strong><strong>F\u0151 jellemz\u0151k<\/strong><\/h3>\n<ol>\n<li><strong>Egyszer\u0171 vez\u00e9rl\u00e9s<\/strong>: Az emel\u0151 elektrom\u00e1gnes m\u00e1gnesess\u00e9ge az \u00e1ram egyszer\u0171 be- vagy kikapcsol\u00e1s\u00e1val szab\u00e1lyozhat\u00f3, \u00edgy a m\u00e1gneses er\u0151 sz\u00fcks\u00e9g eset\u00e9n k\u00f6nnyen aktiv\u00e1lhat\u00f3 vagy deaktiv\u00e1lhat\u00f3.<\/li>\n<li><strong>Rugalmas be\u00e1ll\u00edt\u00e1s<\/strong>: Az \u00e1ram intenzit\u00e1s\u00e1nak \u00e9s ir\u00e1ny\u00e1nak be\u00e1ll\u00edt\u00e1s\u00e1val a m\u00e1gneses mez\u0151 er\u0151ss\u00e9ge \u00e9s polarit\u00e1sa az egyedi ig\u00e9nyeknek megfelel\u0151en m\u00f3dos\u00edthat\u00f3, ami nagy rugalmass\u00e1got biztos\u00edt.<\/li>\n<li><strong>Sz\u00e9lesk\u00f6r\u0171 alkalmaz\u00e1sok<\/strong>: Az emel\u0151 elektrom\u00e1gnesek alkalmasak olyan ipar\u00e1gakban, mint a koh\u00e1szat, a g\u00e9pipar, a b\u00e1ny\u00e1szat \u00e9s a sz\u00e1ll\u00edt\u00e1s, ahol ferrom\u00e1gneses anyagok, p\u00e9ld\u00e1ul ac\u00e9l emel\u00e9s\u00e9re haszn\u00e1lj\u00e1k \u0151ket.<\/li>\n<\/ol>\n<h3><strong>Alkalmaz\u00e1sok<\/strong><\/h3>\n<ul>\n<li><strong>Koh\u00e1szat \u00e9s b\u00e1ny\u00e1szat<\/strong>: Az emel\u0151 elektrom\u00e1gneseket ac\u00e9l, \u00f6nt\u00f6ttvas ingot \u00e9s m\u00e1s m\u00e1gneses anyagok emel\u00e9s\u00e9re haszn\u00e1lj\u00e1k, \u00e9s l\u00e9tfontoss\u00e1g\u00fa szerepet j\u00e1tszanak az ac\u00e9lgy\u00e1rt\u00e1sban \u00e9s az \u00e1sv\u00e1nyok kezel\u00e9s\u00e9ben.<\/li>\n<li><strong>G\u00e9pek \u00e9s gy\u00e1rt\u00e1s<\/strong>: Sz\u00e9les k\u00f6rben haszn\u00e1lj\u00e1k g\u00e9palkatr\u00e9szek, f\u00e9mhullad\u00e9k \u00e9s egy\u00e9b anyagok emel\u00e9s\u00e9re, jav\u00edtva a gy\u00e1rt\u00f3\u00fczemek \u00e9s gy\u00e1rt\u00f3sorok hat\u00e9konys\u00e1g\u00e1t.<\/li>\n<li><strong>Sz\u00e1ll\u00edt\u00e1s<\/strong>: Az olyan ipar\u00e1gakban, mint a vas\u00fat, a kik\u00f6t\u0151k \u00e9s a haj\u00f3\u00e9p\u00edt\u00e9s, az emel\u0151 elektrom\u00e1gnesek helyettes\u00edtik a k\u00e9zi munk\u00e1t, megk\u00f6nny\u00edtve a neh\u00e9z terhek emel\u00e9s\u00e9t, id\u0151t \u00e9s munkaer\u0151t megtakar\u00edtva.<\/li>\n<li><strong>K\u00fcl\u00f6nleges k\u00f6rnyezetek<\/strong>: Az emel\u0151 elektrom\u00e1gnesek k\u00e9pesek sz\u00e9ls\u0151s\u00e9ges k\u00f6r\u00fclm\u00e9nyek k\u00f6z\u00f6tt, p\u00e9ld\u00e1ul magas h\u0151m\u00e9rs\u00e9kleten, v\u00edz alatt, poros k\u00f6rnyezetben vagy m\u00e9rgez\u0151 g\u00e1zokat tartalmaz\u00f3 ter\u00fcleteken is m\u0171k\u00f6dni, \u00edgy megb\u00edzhat\u00f3 teljes\u00edtm\u00e9nyt ny\u00fajtanak kih\u00edv\u00e1st jelent\u0151 k\u00f6r\u00fclm\u00e9nyek k\u00f6z\u00f6tt is.<\/li>\n<\/ul>\n<h3><strong>Speci\u00e1lis modellek<\/strong><\/h3>\n<ul>\n<li><strong>MW5 sorozat - ac\u00e9lhullad\u00e9k emel\u0151 elektrom\u00e1gnes<\/strong>: Ac\u00e9lhullad\u00e9k, \u00f6nt\u00f6ttvas ingot, ac\u00e9lgoly\u00f3k \u00e9s egy\u00e9b hullad\u00e9kok emel\u00e9s\u00e9re tervezt\u00e9k.<\/li>\n<li><strong>MW12 sorozat - N\u00e9gysz\u00f6gletes elektrom\u00e1gnes<\/strong>: Ide\u00e1lis a k\u00f6tegelt betonvasak emel\u00e9s\u00e9re, nagy \u00e1tereszt\u0151k\u00e9pess\u00e9g\u0171 m\u00e1gneses k\u00f6rrel, amely k\u00e9pes \u00e1thatolni t\u00f6bb l\u00e9gr\u00e9sen.<\/li>\n<li><strong>MW22 sorozat - ac\u00e9lrudak \u00e9s nagym\u00e9ret\u0171 bloomsok<\/strong>: Optimaliz\u00e1lva ac\u00e9lblokkok, nagym\u00e9ret\u0171 kezdeti blokkok \u00e9s szerkezeti ac\u00e9l alkatr\u00e9szek emel\u00e9s\u00e9re.<\/li>\n<li><strong>MW84 sorozat - Elektrom\u00e1gnes k\u00f6zepes \u00e9s vastag ac\u00e9llemezekhez<\/strong>: Kifejezetten 6 \u00e9s 32 mm k\u00f6z\u00f6tti vastags\u00e1g\u00fa ac\u00e9llemezek emel\u00e9s\u00e9re tervezt\u00e9k, biztons\u00e1gos \u00e9s pontos m\u0171veleteket biztos\u00edtva. Hosszabb lemezek eset\u00e9ben t\u00f6bb elektrom\u00e1gnest kell egy\u00fcttesen haszn\u00e1lni.<\/li>\n<\/ul>\n<h3><strong>El\u0151ny\u00f6k<\/strong><\/h3>\n<ol>\n<li><strong>Hat\u00e9kony \u00e9s megb\u00edzhat\u00f3<\/strong>: Az emel\u0151 elektrom\u00e1gnesek gyors \u00e9s stabil emel\u00e9si k\u00e9pess\u00e9get biztos\u00edtanak, jelent\u0151sen jav\u00edtva a m\u0171k\u00f6d\u00e9si hat\u00e9konys\u00e1got.<\/li>\n<li><strong>Energiahat\u00e9kony<\/strong>: Kevesebb energi\u00e1t fogyasztanak, mik\u00f6zben megfelelnek az emel\u00e9si k\u00f6vetelm\u00e9nyeknek, \u00edgy k\u00f6rnyezetbar\u00e1t megold\u00e1st jelentenek.<\/li>\n<li><strong>Magas biztons\u00e1g<\/strong>: A kiv\u00e1l\u00f3 min\u0151s\u00e9g\u0171 anyagok \u00e9s a fejlett tervez\u00e9s r\u00e9v\u00e9n az emel\u0151 elektrom\u00e1gnesek biztons\u00e1gi funkci\u00f3kkal vannak felszerelve, amelyek megakad\u00e1lyozz\u00e1k az anyagok v\u00e9letlen lees\u00e9s\u00e9t.<\/li>\n<li><strong>Er\u0151s alkalmazkod\u00f3k\u00e9pess\u00e9g<\/strong>: K\u00fcl\u00f6nb\u00f6z\u0151 k\u00f6rnyezetekben k\u00e9pesek m\u0171k\u00f6dni, bele\u00e9rtve a magas h\u0151m\u00e9rs\u00e9kletet, a p\u00e1r\u00e1s k\u00f6r\u00fclm\u00e9nyeket, a poros ter\u00fcleteket \u00e9s a m\u00e9rgez\u0151 k\u00f6rnyezetet.<\/li>\n<\/ol>\n<h3><strong>K\u00f6vetkeztet\u00e9s<\/strong><\/h3>\n<p>\u00d6sszefoglalva, az emel\u0151 elektrom\u00e1gnesek n\u00e9lk\u00fcl\u00f6zhetetlenek az ipari alkalmaz\u00e1sokban, mivel egyszer\u0171, hat\u00e9kony \u00e9s biztons\u00e1gos m\u00f3dszert k\u00edn\u00e1lnak az anyagmozgat\u00e1shoz. Ak\u00e1r ac\u00e9lgy\u00e1rt\u00e1sban, \u00e1sv\u00e1nyok kezel\u00e9s\u00e9ben, g\u00e9pgy\u00e1rt\u00e1sban vagy extr\u00e9m k\u00f6r\u00fclm\u00e9nyek k\u00f6z\u00f6tt haszn\u00e1lj\u00e1k, az emel\u0151 elektrom\u00e1gnesek megb\u00edzhat\u00f3, biztons\u00e1gos \u00e9s hat\u00e9kony emel\u00e9si m\u0171veleteket biztos\u00edtanak. Egyszer\u0171 haszn\u00e1latuk, energiahat\u00e9konys\u00e1guk \u00e9s a k\u00fcl\u00f6nb\u00f6z\u0151 k\u00f6rnyezetekhez val\u00f3 alkalmazkod\u00f3k\u00e9pess\u00e9g\u00fck felbecs\u00fclhetetlen \u00e9rt\u00e9k\u0171 eszk\u00f6zz\u00e9 teszi \u0151ket a neh\u00e9z emel\u00e9st \u00e9s anyagmozgat\u00e1st ig\u00e9nyl\u0151 ipar\u00e1gakban.<\/p>\n<\/div>\n<\/div>\n<\/div>\n<\/div>\n<\/div>\n<\/div>\n<\/div>\n<\/div>\n<\/article>\n<\/div>\n<\/div>\n<\/div>\n<\/div>\n<\/div>","protected":false},"excerpt":{"rendered":"<p>Daru m\u00e1gnesek,Emel\u0151 elektrom\u00e1gnes<\/p>\n<ul>\n<li><span style=\"font-family: arial, helvetica, sans-serif; font-size: 12pt;\"><strong>MW5 sorozat - ac\u00e9lhullad\u00e9k emel\u0151 elektrom\u00e1gnes<\/strong><\/span><\/li>\n<li><span style=\"font-family: arial, helvetica, sans-serif; font-size: 12pt;\"><strong>MW12 sorozat - N\u00e9gysz\u00f6gletes elektrom\u00e1gneses tokm\u00e1ny k\u00f6tegelt betonac\u00e9lokhoz<\/strong><\/span><\/li>\n<li><span style=\"font-family: arial, helvetica, sans-serif; font-size: 12pt;\"><strong>MW22 sorozat - ac\u00e9lrudak \u00e9s nagym\u00e9ret\u0171 bloomsok<\/strong><\/span><\/li>\n<li><span style=\"font-family: arial, helvetica, sans-serif; font-size: 12pt;\"><strong>MW84 sorozat - Elektrom\u00e1gnes k\u00f6zepes \u00e9s vastag ac\u00e9llemezekhez<\/strong><\/span><\/li>\n<\/ul>","protected":false},"featured_media":7184,"template":"","meta":{"_kad_post_transparent":"default","_kad_post_title":"","_kad_post_layout":"default","_kad_post_sidebar_id":"","_kad_post_content_style":"default","_kad_post_vertical_padding":"show","_kad_post_feature":"","_kad_post_feature_position":"","_kad_post_header":false,"_kad_post_footer":false},"product_brand":[],"product_cat":[59],"product_tag":[508,510,513,497,514,512,515,498,521,376,517,518,496,507,520,516,495,522,494,504,502,505,501,506,499,523,503,519,509,500,493,511],"class_list":{"0":"post-5487","1":"product","2":"type-product","3":"status-publish","4":"has-post-thumbnail","6":"product_cat-crane-spreader","7":"product_tag-20ft-container-spreader","8":"product_tag-40ft-container-lifting-frame","9":"product_tag-billet-clamps","10":"product_tag-billet-crane-clamp","11":"product_tag-billet-crane-clamps-manufacturer","12":"product_tag-billet-lifting-clamp","13":"product_tag-billet-lifting-clamps-china-supplier","14":"product_tag-c-type-hook","15":"product_tag-c-type-spreader","16":"product_tag-china-crane-parts-supplier","17":"product_tag-coil-c-type-hook","18":"product_tag-coil-hook","19":"product_tag-container-spreader","20":"product_tag-container-spreader-manufacturers","21":"product_tag-crane-c-hook","22":"product_tag-crane-c-type-spreader","23":"product_tag-crane-grab","24":"product_tag-crane-magnets","25":"product_tag-crane-spreader","26":"product_tag-electric-motor-grab","27":"product_tag-electro-hydraulic-multi-flap-grab","28":"product_tag-electro-hydraulicclamshell-grab","29":"product_tag-four-rope-grab","30":"product_tag-grab-manufacturers","31":"product_tag-lifting-electromagnet","32":"product_tag-lifting-electromagnet-spreader","33":"product_tag-orange-peel-grab","34":"product_tag-overhead-crane-steel-coil-c-type-hook","35":"product_tag-semi-automatic-container-spreader","36":"product_tag-singlr-rope-grab","37":"product_tag-special-crane-spreader","38":"product_tag-tec-container-spreader","40":"first","41":"instock","42":"shipping-taxable","43":"product-type-simple","44":"entry","45":"content-bg","46":"loop-entry"},"yoast_head":"<!-- This site is optimized with the Yoast SEO plugin v24.5 - https:\/\/yoast.com\/wordpress\/plugins\/seo\/ -->\n<title>Lifting Electromagnet -Crane magnets- Crane Parts Manufacturer<\/title>\n<meta name=\"description\" content=\"Crane magnets,Special Crane Spreader,Lifting Electromagnet Spreader,China Crane Parts Supplier,Lifting Electromagnet,Crane Spreader\" \/>\n<meta name=\"robots\" content=\"index, follow, max-snippet:-1, max-image-preview:large, max-video-preview:-1\" \/>\n<link rel=\"canonical\" href=\"https:\/\/www.hnhlcranes.com\/hu\/termek\/emelo-elektromagnes\/\" \/>\n<meta property=\"og:locale\" content=\"hu_HU\" \/>\n<meta property=\"og:type\" content=\"article\" \/>\n<meta property=\"og:title\" content=\"Lifting Electromagnet -Crane magnets- Crane Parts Manufacturer\" \/>\n<meta property=\"og:description\" content=\"Crane magnets,Special Crane Spreader,Lifting Electromagnet Spreader,China Crane Parts Supplier,Lifting Electromagnet,Crane Spreader\" \/>\n<meta property=\"og:url\" content=\"https:\/\/www.hnhlcranes.com\/hu\/termek\/emelo-elektromagnes\/\" \/>\n<meta property=\"og:site_name\" content=\"Crane Parts Manufacturer\" \/>\n<meta property=\"article:modified_time\" content=\"2025-01-10T07:41:51+00:00\" \/>\n<meta property=\"og:image\" content=\"https:\/\/www.hnhlcranes.com\/wp-content\/uploads\/2024\/11\/Lifting-Electromagnet.jpg\" \/>\n\t<meta property=\"og:image:width\" content=\"600\" \/>\n\t<meta property=\"og:image:height\" content=\"600\" \/>\n\t<meta property=\"og:image:type\" content=\"image\/jpeg\" \/>\n<meta name=\"twitter:card\" content=\"summary_large_image\" \/>\n<meta name=\"twitter:label1\" content=\"Becs\u00fclt olvas\u00e1si id\u0151\" \/>\n\t<meta name=\"twitter:data1\" content=\"3 perc\" \/>\n<script type=\"application\/ld+json\" class=\"yoast-schema-graph\">{\"@context\":\"https:\/\/schema.org\",\"@graph\":[{\"@type\":\"WebPage\",\"@id\":\"https:\/\/www.hnhlcranes.com\/product\/lifting-electromagnet\/\",\"url\":\"https:\/\/www.hnhlcranes.com\/product\/lifting-electromagnet\/\",\"name\":\"Lifting Electromagnet -Crane magnets- Crane Parts Manufacturer\",\"isPartOf\":{\"@id\":\"https:\/\/www.hnhlcranes.com\/#website\"},\"primaryImageOfPage\":{\"@id\":\"https:\/\/www.hnhlcranes.com\/product\/lifting-electromagnet\/#primaryimage\"},\"image\":{\"@id\":\"https:\/\/www.hnhlcranes.com\/product\/lifting-electromagnet\/#primaryimage\"},\"thumbnailUrl\":\"https:\/\/www.hnhlcranes.com\/wp-content\/uploads\/2024\/11\/Lifting-Electromagnet.jpg\",\"datePublished\":\"2024-11-25T17:03:18+00:00\",\"dateModified\":\"2025-01-10T07:41:51+00:00\",\"description\":\"Crane magnets,Special Crane Spreader,Lifting Electromagnet Spreader,China Crane Parts Supplier,Lifting Electromagnet,Crane Spreader\",\"breadcrumb\":{\"@id\":\"https:\/\/www.hnhlcranes.com\/product\/lifting-electromagnet\/#breadcrumb\"},\"inLanguage\":\"hu\",\"potentialAction\":[{\"@type\":\"ReadAction\",\"target\":[\"https:\/\/www.hnhlcranes.com\/product\/lifting-electromagnet\/\"]}]},{\"@type\":\"ImageObject\",\"inLanguage\":\"hu\",\"@id\":\"https:\/\/www.hnhlcranes.com\/product\/lifting-electromagnet\/#primaryimage\",\"url\":\"https:\/\/www.hnhlcranes.com\/wp-content\/uploads\/2024\/11\/Lifting-Electromagnet.jpg\",\"contentUrl\":\"https:\/\/www.hnhlcranes.com\/wp-content\/uploads\/2024\/11\/Lifting-Electromagnet.jpg\",\"width\":600,\"height\":600},{\"@type\":\"BreadcrumbList\",\"@id\":\"https:\/\/www.hnhlcranes.com\/product\/lifting-electromagnet\/#breadcrumb\",\"itemListElement\":[{\"@type\":\"ListItem\",\"position\":1,\"name\":\"home\",\"item\":\"https:\/\/www.hnhlcranes.com\/\"},{\"@type\":\"ListItem\",\"position\":2,\"name\":\"products\",\"item\":\"https:\/\/www.hnhlcranes.com\/products\/\"},{\"@type\":\"ListItem\",\"position\":3,\"name\":\"Lifting Electromagnet\"}]},{\"@type\":\"WebSite\",\"@id\":\"https:\/\/www.hnhlcranes.com\/#website\",\"url\":\"https:\/\/www.hnhlcranes.com\/\",\"name\":\"Crane Parts Manufacturer\",\"description\":\"Crane Wheels,Crane Drums,Crane Hooks,Crane Coupling,Crane End Carriage,Electric Hoist,European Crane Parts,Crane Rail Clip,Crane Spreader,Crane Motor,Crane Reducer,Crane Brake,Light Crane Parts,Workstation Crane Parts,Crane Electrical Parts,China Crane Parts Supplier,China Crane Parts Manufacturer,Angle box type crane wheel,45 degree split crane wheel,European crane wheel,Crane Wheel Blocks,Overhead crane drum,European crane drum,Overhead crane hook,European crane hook,Crane pulley block,Gear coupling,Brake wheel coupling,Drum gear coupling,Brake wheel drum gear coupling,Cardan Shaft Coupling,WZL drum coupling,Plum blossom elastic coupling,Brake wheel plum elastic coupling,European Single girder crane end carriage,European Double girder crane end carriage,European Suspension  crane end carriage,Wire Rope Electric Hoist,Electric Chain Hoist,European Single Girder Wire Rope Electric Hoist,European Double Girder Wire Rope Electric Hoist,Crane grab,Container spreader,Billet crane clamps,C-type hook,Lifting Electromagnet,YZR crane motor,YZP crane motor,ZQ Reducer,ZSC Reducer,QJ Reducer,QJ-L Reducer,QJY Reducer,H series gearbox,F Series Gear Motor,K Series Gear Motor,R Series Gear Motor,travelling machinery gear motor,Electro hydraulic drum brake,Electro hydraulic disc brake,Crane Safety brake,Crane cable trolley,Crane remote controller,Crane pendant controller,Crane electrical control cabinet,Crane limit switch,Crane sound and light alarm,Heavy Duty Aviation Connector,Crane overload limiter\",\"publisher\":{\"@id\":\"https:\/\/www.hnhlcranes.com\/#organization\"},\"potentialAction\":[{\"@type\":\"SearchAction\",\"target\":{\"@type\":\"EntryPoint\",\"urlTemplate\":\"https:\/\/www.hnhlcranes.com\/?s={search_term_string}\"},\"query-input\":{\"@type\":\"PropertyValueSpecification\",\"valueRequired\":true,\"valueName\":\"search_term_string\"}}],\"inLanguage\":\"hu\"},{\"@type\":\"Organization\",\"@id\":\"https:\/\/www.hnhlcranes.com\/#organization\",\"name\":\"Crane Parts Manufacturer\",\"url\":\"https:\/\/www.hnhlcranes.com\/\",\"logo\":{\"@type\":\"ImageObject\",\"inLanguage\":\"hu\",\"@id\":\"https:\/\/www.hnhlcranes.com\/#\/schema\/logo\/image\/\",\"url\":\"https:\/\/www.hnhlcranes.com\/wp-content\/uploads\/2025\/01\/HL-logo-1.png\",\"contentUrl\":\"https:\/\/www.hnhlcranes.com\/wp-content\/uploads\/2025\/01\/HL-logo-1.png\",\"width\":600,\"height\":169,\"caption\":\"Crane Parts Manufacturer\"},\"image\":{\"@id\":\"https:\/\/www.hnhlcranes.com\/#\/schema\/logo\/image\/\"}}]}<\/script>\n<!-- \/ Yoast SEO plugin. -->","yoast_head_json":{"title":"Lifting Electromagnet -Crane magnets- Crane Parts Manufacturer","description":"Crane magnets,Special Crane Spreader,Lifting Electromagnet Spreader,China Crane Parts Supplier,Lifting Electromagnet,Crane Spreader","robots":{"index":"index","follow":"follow","max-snippet":"max-snippet:-1","max-image-preview":"max-image-preview:large","max-video-preview":"max-video-preview:-1"},"canonical":"https:\/\/www.hnhlcranes.com\/hu\/termek\/emelo-elektromagnes\/","og_locale":"hu_HU","og_type":"article","og_title":"Lifting Electromagnet -Crane magnets- Crane Parts Manufacturer","og_description":"Crane magnets,Special Crane Spreader,Lifting Electromagnet Spreader,China Crane Parts Supplier,Lifting Electromagnet,Crane Spreader","og_url":"https:\/\/www.hnhlcranes.com\/hu\/termek\/emelo-elektromagnes\/","og_site_name":"Crane Parts Manufacturer","article_modified_time":"2025-01-10T07:41:51+00:00","og_image":[{"width":600,"height":600,"url":"https:\/\/www.hnhlcranes.com\/wp-content\/uploads\/2024\/11\/Lifting-Electromagnet.jpg","type":"image\/jpeg"}],"twitter_card":"summary_large_image","twitter_misc":{"Becs\u00fclt olvas\u00e1si id\u0151":"3 perc"},"schema":{"@context":"https:\/\/schema.org","@graph":[{"@type":"WebPage","@id":"https:\/\/www.hnhlcranes.com\/product\/lifting-electromagnet\/","url":"https:\/\/www.hnhlcranes.com\/product\/lifting-electromagnet\/","name":"Lifting Electromagnet -Crane magnets- Crane Parts Manufacturer","isPartOf":{"@id":"https:\/\/www.hnhlcranes.com\/#website"},"primaryImageOfPage":{"@id":"https:\/\/www.hnhlcranes.com\/product\/lifting-electromagnet\/#primaryimage"},"image":{"@id":"https:\/\/www.hnhlcranes.com\/product\/lifting-electromagnet\/#primaryimage"},"thumbnailUrl":"https:\/\/www.hnhlcranes.com\/wp-content\/uploads\/2024\/11\/Lifting-Electromagnet.jpg","datePublished":"2024-11-25T17:03:18+00:00","dateModified":"2025-01-10T07:41:51+00:00","description":"Crane magnets,Special Crane Spreader,Lifting Electromagnet Spreader,China Crane Parts Supplier,Lifting Electromagnet,Crane Spreader","breadcrumb":{"@id":"https:\/\/www.hnhlcranes.com\/product\/lifting-electromagnet\/#breadcrumb"},"inLanguage":"hu","potentialAction":[{"@type":"ReadAction","target":["https:\/\/www.hnhlcranes.com\/product\/lifting-electromagnet\/"]}]},{"@type":"ImageObject","inLanguage":"hu","@id":"https:\/\/www.hnhlcranes.com\/product\/lifting-electromagnet\/#primaryimage","url":"https:\/\/www.hnhlcranes.com\/wp-content\/uploads\/2024\/11\/Lifting-Electromagnet.jpg","contentUrl":"https:\/\/www.hnhlcranes.com\/wp-content\/uploads\/2024\/11\/Lifting-Electromagnet.jpg","width":600,"height":600},{"@type":"BreadcrumbList","@id":"https:\/\/www.hnhlcranes.com\/product\/lifting-electromagnet\/#breadcrumb","itemListElement":[{"@type":"ListItem","position":1,"name":"home","item":"https:\/\/www.hnhlcranes.com\/"},{"@type":"ListItem","position":2,"name":"products","item":"https:\/\/www.hnhlcranes.com\/products\/"},{"@type":"ListItem","position":3,"name":"Lifting Electromagnet"}]},{"@type":"WebSite","@id":"https:\/\/www.hnhlcranes.com\/#website","url":"https:\/\/www.hnhlcranes.com\/","name":"Crane Parts Manufacturer","description":"Crane Wheels,Crane Drums,Crane Hooks,Crane Coupling,Crane End Carriage,Electric Hoist,European Crane Parts,Crane Rail Clip,Crane Spreader,Crane Motor,Crane Reducer,Crane Brake,Light Crane Parts,Workstation Crane Parts,Crane Electrical Parts,China Crane Parts Supplier,China Crane Parts Manufacturer,Angle box type crane wheel,45 degree split crane wheel,European crane wheel,Crane Wheel Blocks,Overhead crane drum,European crane drum,Overhead crane hook,European crane hook,Crane pulley block,Gear coupling,Brake wheel coupling,Drum gear coupling,Brake wheel drum gear coupling,Cardan Shaft Coupling,WZL drum coupling,Plum blossom elastic coupling,Brake wheel plum elastic coupling,European Single girder crane end carriage,European Double girder crane end carriage,European Suspension  crane end carriage,Wire Rope Electric Hoist,Electric Chain Hoist,European Single Girder Wire Rope Electric Hoist,European Double Girder Wire Rope Electric Hoist,Crane grab,Container spreader,Billet crane clamps,C-type hook,Lifting Electromagnet,YZR crane motor,YZP crane motor,ZQ Reducer,ZSC Reducer,QJ Reducer,QJ-L Reducer,QJY Reducer,H series gearbox,F Series Gear Motor,K Series Gear Motor,R Series Gear Motor,travelling machinery gear motor,Electro hydraulic drum brake,Electro hydraulic disc brake,Crane Safety brake,Crane cable trolley,Crane remote controller,Crane pendant controller,Crane electrical control cabinet,Crane limit switch,Crane sound and light alarm,Heavy Duty Aviation Connector,Crane overload limiter","publisher":{"@id":"https:\/\/www.hnhlcranes.com\/#organization"},"potentialAction":[{"@type":"SearchAction","target":{"@type":"EntryPoint","urlTemplate":"https:\/\/www.hnhlcranes.com\/?s={search_term_string}"},"query-input":{"@type":"PropertyValueSpecification","valueRequired":true,"valueName":"search_term_string"}}],"inLanguage":"hu"},{"@type":"Organization","@id":"https:\/\/www.hnhlcranes.com\/#organization","name":"Crane Parts Manufacturer","url":"https:\/\/www.hnhlcranes.com\/","logo":{"@type":"ImageObject","inLanguage":"hu","@id":"https:\/\/www.hnhlcranes.com\/#\/schema\/logo\/image\/","url":"https:\/\/www.hnhlcranes.com\/wp-content\/uploads\/2025\/01\/HL-logo-1.png","contentUrl":"https:\/\/www.hnhlcranes.com\/wp-content\/uploads\/2025\/01\/HL-logo-1.png","width":600,"height":169,"caption":"Crane Parts Manufacturer"},"image":{"@id":"https:\/\/www.hnhlcranes.com\/#\/schema\/logo\/image\/"}}]}},"_links":{"self":[{"href":"https:\/\/www.hnhlcranes.com\/hu\/wp-json\/wp\/v2\/product\/5487","targetHints":{"allow":["GET"]}}],"collection":[{"href":"https:\/\/www.hnhlcranes.com\/hu\/wp-json\/wp\/v2\/product"}],"about":[{"href":"https:\/\/www.hnhlcranes.com\/hu\/wp-json\/wp\/v2\/types\/product"}],"version-history":[{"count":3,"href":"https:\/\/www.hnhlcranes.com\/hu\/wp-json\/wp\/v2\/product\/5487\/revisions"}],"predecessor-version":[{"id":7186,"href":"https:\/\/www.hnhlcranes.com\/hu\/wp-json\/wp\/v2\/product\/5487\/revisions\/7186"}],"wp:featuredmedia":[{"embeddable":true,"href":"https:\/\/www.hnhlcranes.com\/hu\/wp-json\/wp\/v2\/media\/7184"}],"wp:attachment":[{"href":"https:\/\/www.hnhlcranes.com\/hu\/wp-json\/wp\/v2\/media?parent=5487"}],"wp:term":[{"taxonomy":"product_brand","embeddable":true,"href":"https:\/\/www.hnhlcranes.com\/hu\/wp-json\/wp\/v2\/product_brand?post=5487"},{"taxonomy":"product_cat","embeddable":true,"href":"https:\/\/www.hnhlcranes.com\/hu\/wp-json\/wp\/v2\/product_cat?post=5487"},{"taxonomy":"product_tag","embeddable":true,"href":"https:\/\/www.hnhlcranes.com\/hu\/wp-json\/wp\/v2\/product_tag?post=5487"}],"curies":[{"name":"wp","href":"https:\/\/api.w.org\/{rel}","templated":true}]}}