{"id":5505,"date":"2024-11-28T14:51:15","date_gmt":"2024-11-28T06:51:15","guid":{"rendered":"https:\/\/www.hnhlcranes.com\/?post_type=product&#038;p=5505"},"modified":"2025-01-10T15:49:58","modified_gmt":"2025-01-10T07:49:58","slug":"wjk-sinkapocs","status":"publish","type":"product","link":"https:\/\/www.hnhlcranes.com\/hu\/termek\/wjk-sinkapocs\/","title":{"rendered":"WJK s\u00edncsipesz"},"content":{"rendered":"<h6><img fetchpriority=\"high\" decoding=\"async\" class=\"alignnone wp-image-7077\" src=\"https:\/\/www.hnhlcranes.com\/wp-content\/uploads\/2024\/11\/WJK-Rail-Clip-2-300x95.jpg\" alt=\"\" width=\"951\" height=\"301\" srcset=\"https:\/\/www.hnhlcranes.com\/wp-content\/uploads\/2024\/11\/WJK-Rail-Clip-2-300x95.jpg 300w, https:\/\/www.hnhlcranes.com\/wp-content\/uploads\/2024\/11\/WJK-Rail-Clip-2-768x242.jpg 768w, https:\/\/www.hnhlcranes.com\/wp-content\/uploads\/2024\/11\/WJK-Rail-Clip-2-600x189.jpg 600w, https:\/\/www.hnhlcranes.com\/wp-content\/uploads\/2024\/11\/WJK-Rail-Clip-2.jpg 800w\" sizes=\"(max-width: 951px) 100vw, 951px\" \/><\/h6>\n<h6><\/h6>\n<h3>A WJK Rail Clip jellemz\u0151i<\/h3>\n<p>A <strong>WJK s\u00ednkapocs<\/strong> kifejezetten ac\u00e9lgerend\u00e1khoz tervezt\u00e9k, \u00e9s k\u00e9szletenk\u00e9nt 350 tonna emel\u0151kapacit\u00e1ssal rendelkezik, \u00e9s \u00f6sszesen h\u00e9t komponensb\u0151l \u00e1ll. Ez a robusztus kialak\u00edt\u00e1s optim\u00e1lis teljes\u00edtm\u00e9nyt biztos\u00edt sz\u00e1mos nagy teherb\u00edr\u00e1s\u00fa alkalmaz\u00e1sban.<\/p>\n<h4><strong>Alaplemez hegeszt\u00e9s<\/strong><\/h4>\n<p>A <strong>WJK alaplemez<\/strong> az ac\u00e9l daru gerenda karim\u00e1j\u00e1hoz hegesztik, h\u00e1romoldali k\u00f6rhegeszt\u00e9ssel vagy k\u00e9toldali oldalhegeszt\u00e9ssel. Ez a kialak\u00edt\u00e1s biztos\u00edtja, hogy a daru \u00e1ltal kifejtett v\u00edzszintes oldalir\u00e1ny\u00fa er\u0151 z\u00f6kken\u0151mentesen \u00e1tker\u00fclj\u00f6n a daru gerend\u00e1j\u00e1ra. Ezenk\u00edv\u00fcl minimaliz\u00e1lja a karim\u00e1n t\u00f6rt\u00e9n\u0151 t\u00falzott f\u00far\u00e1s okozta szerkezeti gyeng\u00fcl\u00e9st, ami jelent\u0151sen n\u00f6veli a daru gerenda keresztmetszeti teherb\u00edr\u00f3 k\u00e9pess\u00e9g\u00e9t.<\/p>\n<h4><strong>G\u00f6mbcsukl\u00f3 csatlakoz\u00e1s<\/strong><\/h4>\n<p>Az alaplemez a T-csavar als\u00f3 v\u00e9g\u00e9hez egy csavaron kereszt\u00fcl csatlakozik <strong>g\u00f6mbcsukl\u00f3<\/strong>, ami lehet\u0151v\u00e9 teszi, hogy a T-csavar oldalir\u00e1ny\u00fa er\u0151behat\u00e1s sor\u00e1n mer\u0151leges maradjon a fels\u0151 burkolatra. Ez a csatlakoz\u00e1si kialak\u00edt\u00e1s enyhe d\u0151l\u00e9st is lehet\u0151v\u00e9 tesz. Ennek eredm\u00e9nyek\u00e9nt a daru \u00e1ltal a s\u00ednre, a daru gerend\u00e1j\u00e1ra \u00e9s a f\u00e9krendszerre gyakorolt oldalir\u00e1ny\u00fa hat\u00e1s hat\u00e9konyan m\u00e9rs\u00e9kl\u0151dik, ami v\u00e9gs\u0151 soron meghosszabb\u00edtja ezen alkatr\u00e9szek szerkezeti \u00e9lettartam\u00e1t.<\/p>\n<h4><strong>M\u00e9r\u0151m\u0171szer-be\u00e1ll\u00edt\u00f3 lemez<\/strong><\/h4>\n<p>A <strong>WJK s\u00ednkapcsok<\/strong> jellemz\u0151je egy <strong>m\u00e9r\u0151m\u0171szer \u00e1ll\u00edt\u00f3lemez<\/strong>, ami lehet\u0151v\u00e9 teszi a s\u00ednsz\u00e9less\u00e9g pontos finomhangol\u00e1s\u00e1t. Ez a funkci\u00f3 nemcsak a telep\u00edt\u00e9si pontoss\u00e1got n\u00f6veli, hanem a s\u00edn k\u00f6z\u00e9pvonal\u00e1nak elt\u00e9r\u00e9seit is cs\u00f6kkenti. Ezenk\u00edv\u00fcl kett\u0151s \u00f6nz\u00e1r\u00f3 mechanizmussal rendelkezik, amely megakad\u00e1lyozza a m\u0171k\u00f6d\u00e9s k\u00f6zbeni kilazul\u00e1st, \u00e9s stabil teljes\u00edtm\u00e9nyt biztos\u00edt.<\/p>\n<h4><strong>K\u00f6nny\u0171 telep\u00edt\u00e9s \u00e9s karbantart\u00e1s<\/strong><\/h4>\n<p>A <strong>T-csavarok<\/strong> \u00e9s <strong>fels\u0151 fed\u0151lapok<\/strong> a WJK klipszek k\u00f6nnyen \u00f6sszeszerelhet\u0151k \u00e9s sz\u00e9tszerelhet\u0151k, ami jelent\u0151sen leegyszer\u0171s\u00edti az \u00e9p\u00edt\u00e9si \u00e9s karbantart\u00e1si m\u0171veleteket. Ez a k\u00f6nny\u0171 szerelhet\u0151s\u00e9g \u00e9s karbantart\u00e1s cs\u00f6kkentett \u00e1ll\u00e1sid\u0151t \u00e9s nagyobb m\u0171k\u00f6d\u00e9si hat\u00e9konys\u00e1got eredm\u00e9nyez.<\/p>\n<h4><strong>Kompatibilit\u00e1s a s\u00edn g\u00f6rb\u00fclet\u00e9vel<\/strong><\/h4>\n<p>A <strong>fels\u0151 fed\u0151lap<\/strong> \u00fagy van kialak\u00edtva, hogy megfeleljen a s\u00edn keresztmetszet\u00e9nek g\u00f6rb\u00fclet\u00e9nek. Ez biztos\u00edtja a s\u00edn szoros r\u00f6gz\u00edt\u00e9s\u00e9t an\u00e9lk\u00fcl, hogy akad\u00e1lyozn\u00e1 a s\u00edn enyhe hosszir\u00e1ny\u00fa mozg\u00e1s\u00e1t. Ezenk\u00edv\u00fcl ez a tulajdons\u00e1g megk\u00f6nny\u00edti a teljes hossz\u00fas\u00e1g\u00fa s\u00ednek hegeszt\u00e9s\u00e9t, \u00edgy a WJK s\u00ednkapocs sokoldal\u00faan alkalmazhat\u00f3 a k\u00fcl\u00f6nb\u00f6z\u0151 s\u00ednkonfigur\u00e1ci\u00f3kban.<\/p>\n<h4><strong>R\u00f6gz\u00edtett komponens-t\u00e1vols\u00e1g<\/strong><\/h4>\n<p>A r\u00f6gz\u00edtett elemek k\u00f6z\u00f6tti t\u00e1vols\u00e1got a daru emel\u0151kapacit\u00e1sa alapj\u00e1n hat\u00e1rozz\u00e1k meg. A \u2264275t teherb\u00edr\u00e1s\u00fa daruk eset\u00e9ben a t\u00e1vols\u00e1g 600 mm; a &gt;275t teherb\u00edr\u00e1s\u00fa daruk eset\u00e9ben azonban a t\u00e1vols\u00e1g 500 mm-re cs\u00f6kken, hogy a megn\u00f6vekedett terhel\u00e9snek megfeleljen.<\/p>\n<h4><strong>Hegeszt\u00e9si anyag kompatibilit\u00e1s<\/strong><\/h4>\n<p>A <strong>a r\u00f6gz\u00edtett alkatr\u00e9sz alapja<\/strong> az \u00f6sszek\u00f6t\u0151 alkatr\u00e9szek anyag\u00e1val kompatibilis elektr\u00f3damodellekkel hegesztik a daru gerend\u00e1j\u00e1hoz. P\u00e9ld\u00e1ul, <strong>E4303 elektr\u00f3d\u00e1k<\/strong> a k\u00f6vetkez\u0151kre haszn\u00e1lj\u00e1k <strong>Q235 ac\u00e9l<\/strong>, m\u00edg <strong>E5015 elektr\u00f3d\u00e1k<\/strong> el\u0151nyben r\u00e9szes\u00edtik a <strong>Q345 ac\u00e9l<\/strong> az er\u0151s \u00e9s megb\u00edzhat\u00f3 k\u00f6t\u00e9s biztos\u00edt\u00e1sa \u00e9rdek\u00e9ben.<\/p>\n<h4><strong>Hegeszt\u00e9si t\u00edpusok a daruz\u00e1si k\u00f6telezetts\u00e9g alapj\u00e1n<\/strong><\/h4>\n<p>A hegeszt\u00e9si t\u00edpusok a daru \u00fczemi szintj\u00e9t\u0151l f\u00fcggnek. A  weboldalon <strong>k\u00f6zepes teherb\u00edr\u00e1s\u00fa daruk<\/strong>, k\u00e9toldali hegeszt\u00e9si varratokat haszn\u00e1lnak, mivel <strong>nagy teherb\u00edr\u00e1s\u00fa<\/strong> (vagy <strong>szuperneh\u00e9z teherb\u00edr\u00e1s\u00fa<\/strong>) darukn\u00e1l a nagyobb terhel\u00e9sek \u00e9s ig\u00e9nybev\u00e9telek kezel\u00e9s\u00e9hez h\u00e1romoldali, k\u00f6rnyez\u0151 hegeszt\u00e9si varratokra van sz\u00fcks\u00e9g.<\/p>\n<h4><strong>Csavarh\u00faz\u00e1si nyomat\u00e9k<\/strong><\/h4>\n<p>A  oldalon. <strong>k\u00f6zepes teherb\u00edr\u00e1s\u00fa daruk<\/strong> (Q \u2264 275t) eset\u00e9n a csavarok maxim\u00e1lis megh\u00faz\u00e1si nyomat\u00e9ka 150 N-m, m\u00edg <strong>nagy teherb\u00edr\u00e1s\u00fa daruk<\/strong>a megh\u00faz\u00e1si nyomat\u00e9k 220 N-m-re emelkedik a m\u0171k\u00f6d\u00e9s k\u00f6zben fell\u00e9p\u0151 nagyobb er\u0151k miatt.<\/p>\n<h4><strong>Maxim\u00e1lis oldalir\u00e1ny\u00fa er\u0151<\/strong><\/h4>\n<p>A <strong>megengedett legnagyobb oldalir\u00e1ny\u00fa er\u0151<\/strong> a WJK s\u00ednkapocs eset\u00e9ben 45 kN. Ez biztos\u00edtja, hogy a s\u00ednkapocs jelent\u0151s oldalir\u00e1ny\u00fa er\u0151ket k\u00e9pes elviselni an\u00e9lk\u00fcl, hogy szerkezeti integrit\u00e1sa s\u00e9r\u00fclne.<\/p>\n<p>Ezeknek a fejlett tervez\u00e9si jellemz\u0151knek a be\u00e9p\u00edt\u00e9s\u00e9vel a <strong>WJK s\u00ednkapocs<\/strong> biztons\u00e1gos, megb\u00edzhat\u00f3 \u00e9s tart\u00f3s kapcsolatot biztos\u00edt a daru \u00e9s a s\u00ednrendszer k\u00f6z\u00f6tt, ez\u00e1ltal jav\u00edtva az \u00e1ltal\u00e1nos m\u0171k\u00f6d\u00e9si hat\u00e9konys\u00e1got \u00e9s biztons\u00e1got.<\/p>","protected":false},"excerpt":{"rendered":"<h6><strong><span style=\"font-family: arial, helvetica, sans-serif; font-size: 14pt;\">A WJK Rail Clip specifik\u00e1ci\u00f3i<\/span><\/strong><\/h6>\n<ul>\n<li><strong>Modellek<\/strong>: WJK-TG38, WJK-TG43, WJK-TG50, WJK-TG60, WJK-QU70, WJK-QU80, WJK-QU100, WJK-QU120<\/li>\n<li><strong>R\u00f6gz\u00edt\u00e9si m\u00f3dszer<\/strong>: Hegesztett alaplemez<\/li>\n<\/ul>","protected":false},"featured_media":7075,"template":"","meta":{"_kad_post_transparent":"default","_kad_post_title":"","_kad_post_layout":"default","_kad_post_sidebar_id":"","_kad_post_content_style":"default","_kad_post_vertical_padding":"show","_kad_post_feature":"","_kad_post_feature_position":"","_kad_post_header":false,"_kad_post_footer":false},"product_brand":[],"product_cat":[83],"product_tag":[483,482,481,480,376,489,486,490,488,484,492,487,485,493,478,491,477,479],"class_list":{"0":"post-5505","1":"product","2":"type-product","3":"status-publish","4":"has-post-thumbnail","6":"product_cat-crane-rail-clip","7":"product_tag-05g525-rail-clip","8":"product_tag-cgbk-rail-clip","9":"product_tag-cgek-rail-clip","10":"product_tag-cgwk-rail-clip","11":"product_tag-china-crane-parts-supplier","12":"product_tag-crane-rail-clamp","13":"product_tag-crane-rail-clip","14":"product_tag-crane-rail-clip-supplier","15":"product_tag-crane-rail-fixing-device","16":"product_tag-hdgy-rail-clip","17":"product_tag-rail-connection-splint","18":"product_tag-rail-fixing-device","19":"product_tag-rail-joint","20":"product_tag-special-crane-spreader","21":"product_tag-swjk-rail-clip","22":"product_tag-tracks-jointing-plates","23":"product_tag-wjk-rail-clip","24":"product_tag-wjkc-rail-clip","26":"first","27":"instock","28":"shipping-taxable","29":"product-type-simple","30":"entry","31":"content-bg","32":"loop-entry"},"yoast_head":"<!-- This site is optimized with the Yoast SEO plugin v24.5 - https:\/\/yoast.com\/wordpress\/plugins\/seo\/ -->\n<title>WJK Rail Clip - WJK Rail Clips-Rail fixing device-Crane Rail Clamp-Crane Parts Manufacturer<\/title>\n<meta name=\"description\" content=\"Rail Clips,WJK Rail Clip,Crane Rail Clip,Rail fixing device,Crane Rail fixing device,crane Rail Clamp,SWJK Rail Clips,Overhead Crane Rail Clip\" \/>\n<meta name=\"robots\" content=\"index, follow, max-snippet:-1, max-image-preview:large, max-video-preview:-1\" \/>\n<link rel=\"canonical\" href=\"https:\/\/www.hnhlcranes.com\/hu\/termek\/wjk-sinkapocs\/\" \/>\n<meta property=\"og:locale\" content=\"hu_HU\" \/>\n<meta property=\"og:type\" content=\"article\" \/>\n<meta property=\"og:title\" content=\"WJK Rail Clip - WJK Rail Clips-Rail fixing device-Crane Rail Clamp-Crane Parts Manufacturer\" \/>\n<meta property=\"og:description\" content=\"Rail Clips,WJK Rail Clip,Crane Rail Clip,Rail fixing device,Crane Rail fixing device,crane Rail Clamp,SWJK Rail Clips,Overhead Crane Rail Clip\" \/>\n<meta property=\"og:url\" content=\"https:\/\/www.hnhlcranes.com\/hu\/termek\/wjk-sinkapocs\/\" \/>\n<meta property=\"og:site_name\" content=\"Crane Parts Manufacturer\" \/>\n<meta property=\"article:modified_time\" content=\"2025-01-10T07:49:58+00:00\" \/>\n<meta property=\"og:image\" content=\"https:\/\/www.hnhlcranes.com\/wp-content\/uploads\/2024\/11\/WJK-Rail-Clip.jpg\" \/>\n\t<meta property=\"og:image:width\" content=\"600\" \/>\n\t<meta property=\"og:image:height\" content=\"600\" \/>\n\t<meta property=\"og:image:type\" content=\"image\/jpeg\" \/>\n<meta name=\"twitter:card\" content=\"summary_large_image\" \/>\n<meta name=\"twitter:label1\" content=\"Becs\u00fclt olvas\u00e1si id\u0151\" \/>\n\t<meta name=\"twitter:data1\" content=\"3 perc\" \/>\n<script type=\"application\/ld+json\" class=\"yoast-schema-graph\">{\"@context\":\"https:\/\/schema.org\",\"@graph\":[{\"@type\":\"WebPage\",\"@id\":\"https:\/\/www.hnhlcranes.com\/product\/wjk-rail-clip\/\",\"url\":\"https:\/\/www.hnhlcranes.com\/product\/wjk-rail-clip\/\",\"name\":\"WJK Rail Clip - WJK Rail Clips-Rail fixing device-Crane Rail Clamp-Crane Parts Manufacturer\",\"isPartOf\":{\"@id\":\"https:\/\/www.hnhlcranes.com\/#website\"},\"primaryImageOfPage\":{\"@id\":\"https:\/\/www.hnhlcranes.com\/product\/wjk-rail-clip\/#primaryimage\"},\"image\":{\"@id\":\"https:\/\/www.hnhlcranes.com\/product\/wjk-rail-clip\/#primaryimage\"},\"thumbnailUrl\":\"https:\/\/www.hnhlcranes.com\/wp-content\/uploads\/2024\/11\/WJK-Rail-Clip.jpg\",\"datePublished\":\"2024-11-28T06:51:15+00:00\",\"dateModified\":\"2025-01-10T07:49:58+00:00\",\"description\":\"Rail Clips,WJK Rail Clip,Crane Rail Clip,Rail fixing device,Crane Rail fixing device,crane Rail Clamp,SWJK Rail Clips,Overhead Crane Rail Clip\",\"breadcrumb\":{\"@id\":\"https:\/\/www.hnhlcranes.com\/product\/wjk-rail-clip\/#breadcrumb\"},\"inLanguage\":\"hu\",\"potentialAction\":[{\"@type\":\"ReadAction\",\"target\":[\"https:\/\/www.hnhlcranes.com\/product\/wjk-rail-clip\/\"]}]},{\"@type\":\"ImageObject\",\"inLanguage\":\"hu\",\"@id\":\"https:\/\/www.hnhlcranes.com\/product\/wjk-rail-clip\/#primaryimage\",\"url\":\"https:\/\/www.hnhlcranes.com\/wp-content\/uploads\/2024\/11\/WJK-Rail-Clip.jpg\",\"contentUrl\":\"https:\/\/www.hnhlcranes.com\/wp-content\/uploads\/2024\/11\/WJK-Rail-Clip.jpg\",\"width\":600,\"height\":600},{\"@type\":\"BreadcrumbList\",\"@id\":\"https:\/\/www.hnhlcranes.com\/product\/wjk-rail-clip\/#breadcrumb\",\"itemListElement\":[{\"@type\":\"ListItem\",\"position\":1,\"name\":\"home\",\"item\":\"https:\/\/www.hnhlcranes.com\/\"},{\"@type\":\"ListItem\",\"position\":2,\"name\":\"products\",\"item\":\"https:\/\/www.hnhlcranes.com\/products\/\"},{\"@type\":\"ListItem\",\"position\":3,\"name\":\"WJK Rail Clip\"}]},{\"@type\":\"WebSite\",\"@id\":\"https:\/\/www.hnhlcranes.com\/#website\",\"url\":\"https:\/\/www.hnhlcranes.com\/\",\"name\":\"Crane Parts Manufacturer\",\"description\":\"Crane Wheels,Crane Drums,Crane Hooks,Crane Coupling,Crane End Carriage,Electric Hoist,European Crane Parts,Crane Rail Clip,Crane Spreader,Crane Motor,Crane Reducer,Crane Brake,Light Crane Parts,Workstation Crane Parts,Crane Electrical Parts,China Crane Parts Supplier,China Crane Parts Manufacturer,Angle box type crane wheel,45 degree split crane wheel,European crane wheel,Crane Wheel Blocks,Overhead crane drum,European crane drum,Overhead crane hook,European crane hook,Crane pulley block,Gear coupling,Brake wheel coupling,Drum gear coupling,Brake wheel drum gear coupling,Cardan Shaft Coupling,WZL drum coupling,Plum blossom elastic coupling,Brake wheel plum elastic coupling,European Single girder crane end carriage,European Double girder crane end carriage,European Suspension  crane end carriage,Wire Rope Electric Hoist,Electric Chain Hoist,European Single Girder Wire Rope Electric Hoist,European Double Girder Wire Rope Electric Hoist,Crane grab,Container spreader,Billet crane clamps,C-type hook,Lifting Electromagnet,YZR crane motor,YZP crane motor,ZQ Reducer,ZSC Reducer,QJ Reducer,QJ-L Reducer,QJY Reducer,H series gearbox,F Series Gear Motor,K Series Gear Motor,R Series Gear Motor,travelling machinery gear motor,Electro hydraulic drum brake,Electro hydraulic disc brake,Crane Safety brake,Crane cable trolley,Crane remote controller,Crane pendant controller,Crane electrical control cabinet,Crane limit switch,Crane sound and light alarm,Heavy Duty Aviation Connector,Crane overload limiter\",\"publisher\":{\"@id\":\"https:\/\/www.hnhlcranes.com\/#organization\"},\"potentialAction\":[{\"@type\":\"SearchAction\",\"target\":{\"@type\":\"EntryPoint\",\"urlTemplate\":\"https:\/\/www.hnhlcranes.com\/?s={search_term_string}\"},\"query-input\":{\"@type\":\"PropertyValueSpecification\",\"valueRequired\":true,\"valueName\":\"search_term_string\"}}],\"inLanguage\":\"hu\"},{\"@type\":\"Organization\",\"@id\":\"https:\/\/www.hnhlcranes.com\/#organization\",\"name\":\"Crane Parts Manufacturer\",\"url\":\"https:\/\/www.hnhlcranes.com\/\",\"logo\":{\"@type\":\"ImageObject\",\"inLanguage\":\"hu\",\"@id\":\"https:\/\/www.hnhlcranes.com\/#\/schema\/logo\/image\/\",\"url\":\"https:\/\/www.hnhlcranes.com\/wp-content\/uploads\/2025\/01\/HL-logo-1.png\",\"contentUrl\":\"https:\/\/www.hnhlcranes.com\/wp-content\/uploads\/2025\/01\/HL-logo-1.png\",\"width\":600,\"height\":169,\"caption\":\"Crane Parts Manufacturer\"},\"image\":{\"@id\":\"https:\/\/www.hnhlcranes.com\/#\/schema\/logo\/image\/\"}}]}<\/script>\n<!-- \/ Yoast SEO plugin. -->","yoast_head_json":{"title":"WJK Rail Clip - WJK Rail Clips-Rail fixing device-Crane Rail Clamp-Crane Parts Manufacturer","description":"Rail Clips,WJK Rail Clip,Crane Rail Clip,Rail fixing device,Crane Rail fixing device,crane Rail Clamp,SWJK Rail Clips,Overhead Crane Rail Clip","robots":{"index":"index","follow":"follow","max-snippet":"max-snippet:-1","max-image-preview":"max-image-preview:large","max-video-preview":"max-video-preview:-1"},"canonical":"https:\/\/www.hnhlcranes.com\/hu\/termek\/wjk-sinkapocs\/","og_locale":"hu_HU","og_type":"article","og_title":"WJK Rail Clip - WJK Rail Clips-Rail fixing device-Crane Rail Clamp-Crane Parts Manufacturer","og_description":"Rail Clips,WJK Rail Clip,Crane Rail Clip,Rail fixing device,Crane Rail fixing device,crane Rail Clamp,SWJK Rail Clips,Overhead Crane Rail Clip","og_url":"https:\/\/www.hnhlcranes.com\/hu\/termek\/wjk-sinkapocs\/","og_site_name":"Crane Parts Manufacturer","article_modified_time":"2025-01-10T07:49:58+00:00","og_image":[{"width":600,"height":600,"url":"https:\/\/www.hnhlcranes.com\/wp-content\/uploads\/2024\/11\/WJK-Rail-Clip.jpg","type":"image\/jpeg"}],"twitter_card":"summary_large_image","twitter_misc":{"Becs\u00fclt olvas\u00e1si id\u0151":"3 perc"},"schema":{"@context":"https:\/\/schema.org","@graph":[{"@type":"WebPage","@id":"https:\/\/www.hnhlcranes.com\/product\/wjk-rail-clip\/","url":"https:\/\/www.hnhlcranes.com\/product\/wjk-rail-clip\/","name":"WJK Rail Clip - WJK Rail Clips-Rail fixing device-Crane Rail Clamp-Crane Parts Manufacturer","isPartOf":{"@id":"https:\/\/www.hnhlcranes.com\/#website"},"primaryImageOfPage":{"@id":"https:\/\/www.hnhlcranes.com\/product\/wjk-rail-clip\/#primaryimage"},"image":{"@id":"https:\/\/www.hnhlcranes.com\/product\/wjk-rail-clip\/#primaryimage"},"thumbnailUrl":"https:\/\/www.hnhlcranes.com\/wp-content\/uploads\/2024\/11\/WJK-Rail-Clip.jpg","datePublished":"2024-11-28T06:51:15+00:00","dateModified":"2025-01-10T07:49:58+00:00","description":"Rail Clips,WJK Rail Clip,Crane Rail Clip,Rail fixing device,Crane Rail fixing device,crane Rail Clamp,SWJK Rail Clips,Overhead Crane Rail Clip","breadcrumb":{"@id":"https:\/\/www.hnhlcranes.com\/product\/wjk-rail-clip\/#breadcrumb"},"inLanguage":"hu","potentialAction":[{"@type":"ReadAction","target":["https:\/\/www.hnhlcranes.com\/product\/wjk-rail-clip\/"]}]},{"@type":"ImageObject","inLanguage":"hu","@id":"https:\/\/www.hnhlcranes.com\/product\/wjk-rail-clip\/#primaryimage","url":"https:\/\/www.hnhlcranes.com\/wp-content\/uploads\/2024\/11\/WJK-Rail-Clip.jpg","contentUrl":"https:\/\/www.hnhlcranes.com\/wp-content\/uploads\/2024\/11\/WJK-Rail-Clip.jpg","width":600,"height":600},{"@type":"BreadcrumbList","@id":"https:\/\/www.hnhlcranes.com\/product\/wjk-rail-clip\/#breadcrumb","itemListElement":[{"@type":"ListItem","position":1,"name":"home","item":"https:\/\/www.hnhlcranes.com\/"},{"@type":"ListItem","position":2,"name":"products","item":"https:\/\/www.hnhlcranes.com\/products\/"},{"@type":"ListItem","position":3,"name":"WJK Rail Clip"}]},{"@type":"WebSite","@id":"https:\/\/www.hnhlcranes.com\/#website","url":"https:\/\/www.hnhlcranes.com\/","name":"Crane Parts Manufacturer","description":"Crane Wheels,Crane Drums,Crane Hooks,Crane Coupling,Crane End Carriage,Electric Hoist,European Crane Parts,Crane Rail Clip,Crane Spreader,Crane Motor,Crane Reducer,Crane Brake,Light Crane Parts,Workstation Crane Parts,Crane Electrical Parts,China Crane Parts Supplier,China Crane Parts Manufacturer,Angle box type crane wheel,45 degree split crane wheel,European crane wheel,Crane Wheel Blocks,Overhead crane drum,European crane drum,Overhead crane hook,European crane hook,Crane pulley block,Gear coupling,Brake wheel coupling,Drum gear coupling,Brake wheel drum gear coupling,Cardan Shaft Coupling,WZL drum coupling,Plum blossom elastic coupling,Brake wheel plum elastic coupling,European Single girder crane end carriage,European Double girder crane end carriage,European Suspension  crane end carriage,Wire Rope Electric Hoist,Electric Chain Hoist,European Single Girder Wire Rope Electric Hoist,European Double Girder Wire Rope Electric Hoist,Crane grab,Container spreader,Billet crane clamps,C-type hook,Lifting Electromagnet,YZR crane motor,YZP crane motor,ZQ Reducer,ZSC Reducer,QJ Reducer,QJ-L Reducer,QJY Reducer,H series gearbox,F Series Gear Motor,K Series Gear Motor,R Series Gear Motor,travelling machinery gear motor,Electro hydraulic drum brake,Electro hydraulic disc brake,Crane Safety brake,Crane cable trolley,Crane remote controller,Crane pendant controller,Crane electrical control cabinet,Crane limit switch,Crane sound and light alarm,Heavy Duty Aviation Connector,Crane overload limiter","publisher":{"@id":"https:\/\/www.hnhlcranes.com\/#organization"},"potentialAction":[{"@type":"SearchAction","target":{"@type":"EntryPoint","urlTemplate":"https:\/\/www.hnhlcranes.com\/?s={search_term_string}"},"query-input":{"@type":"PropertyValueSpecification","valueRequired":true,"valueName":"search_term_string"}}],"inLanguage":"hu"},{"@type":"Organization","@id":"https:\/\/www.hnhlcranes.com\/#organization","name":"Crane Parts Manufacturer","url":"https:\/\/www.hnhlcranes.com\/","logo":{"@type":"ImageObject","inLanguage":"hu","@id":"https:\/\/www.hnhlcranes.com\/#\/schema\/logo\/image\/","url":"https:\/\/www.hnhlcranes.com\/wp-content\/uploads\/2025\/01\/HL-logo-1.png","contentUrl":"https:\/\/www.hnhlcranes.com\/wp-content\/uploads\/2025\/01\/HL-logo-1.png","width":600,"height":169,"caption":"Crane Parts Manufacturer"},"image":{"@id":"https:\/\/www.hnhlcranes.com\/#\/schema\/logo\/image\/"}}]}},"_links":{"self":[{"href":"https:\/\/www.hnhlcranes.com\/hu\/wp-json\/wp\/v2\/product\/5505","targetHints":{"allow":["GET"]}}],"collection":[{"href":"https:\/\/www.hnhlcranes.com\/hu\/wp-json\/wp\/v2\/product"}],"about":[{"href":"https:\/\/www.hnhlcranes.com\/hu\/wp-json\/wp\/v2\/types\/product"}],"version-history":[{"count":7,"href":"https:\/\/www.hnhlcranes.com\/hu\/wp-json\/wp\/v2\/product\/5505\/revisions"}],"predecessor-version":[{"id":7190,"href":"https:\/\/www.hnhlcranes.com\/hu\/wp-json\/wp\/v2\/product\/5505\/revisions\/7190"}],"wp:featuredmedia":[{"embeddable":true,"href":"https:\/\/www.hnhlcranes.com\/hu\/wp-json\/wp\/v2\/media\/7075"}],"wp:attachment":[{"href":"https:\/\/www.hnhlcranes.com\/hu\/wp-json\/wp\/v2\/media?parent=5505"}],"wp:term":[{"taxonomy":"product_brand","embeddable":true,"href":"https:\/\/www.hnhlcranes.com\/hu\/wp-json\/wp\/v2\/product_brand?post=5505"},{"taxonomy":"product_cat","embeddable":true,"href":"https:\/\/www.hnhlcranes.com\/hu\/wp-json\/wp\/v2\/product_cat?post=5505"},{"taxonomy":"product_tag","embeddable":true,"href":"https:\/\/www.hnhlcranes.com\/hu\/wp-json\/wp\/v2\/product_tag?post=5505"}],"curies":[{"name":"wp","href":"https:\/\/api.w.org\/{rel}","templated":true}]}}