{"id":5524,"date":"2024-11-29T21:45:30","date_gmt":"2024-11-29T13:45:30","guid":{"rendered":"https:\/\/www.hnhlcranes.com\/?post_type=product&#038;p=5524"},"modified":"2025-01-10T17:37:54","modified_gmt":"2025-01-10T09:37:54","slug":"cgwk-sinkapocs","status":"publish","type":"product","link":"https:\/\/www.hnhlcranes.com\/hu\/termek\/cgwk-sinkapocs\/","title":{"rendered":"CGWK s\u00edncsipesz"},"content":{"rendered":"<h6><img fetchpriority=\"high\" decoding=\"async\" class=\"alignnone wp-image-7096\" src=\"https:\/\/www.hnhlcranes.com\/wp-content\/uploads\/2024\/11\/CGWK-Rail-Clip-1-300x103.jpg\" alt=\"\" width=\"955\" height=\"328\" srcset=\"https:\/\/www.hnhlcranes.com\/wp-content\/uploads\/2024\/11\/CGWK-Rail-Clip-1-300x103.jpg 300w, https:\/\/www.hnhlcranes.com\/wp-content\/uploads\/2024\/11\/CGWK-Rail-Clip-1-768x263.jpg 768w, https:\/\/www.hnhlcranes.com\/wp-content\/uploads\/2024\/11\/CGWK-Rail-Clip-1-600x205.jpg 600w, https:\/\/www.hnhlcranes.com\/wp-content\/uploads\/2024\/11\/CGWK-Rail-Clip-1.jpg 1000w\" sizes=\"(max-width: 955px) 100vw, 955px\" \/><\/h6>\n<h3><strong>A CGWK Rail Clip jellemz\u0151i<\/strong><\/h3>\n<h4><strong>Alaplemez hegeszt\u00e9s<\/strong><\/h4>\n<p>A <strong>CGWK alaplemez<\/strong> a daru ac\u00e9lgerend\u00e1j\u00e1nak fels\u0151 perem\u00e9hez hegesztik k\u00e9toldali hegeszt\u00e9si varratokkal vagy h\u00e1romoldali k\u00f6rhegeszt\u00e9sekkel. Ez biztos\u00edtja, hogy a daru \u00e1ltal kifejtett v\u00edzszintes oldalir\u00e1ny\u00fa er\u0151k egyenletesen \u00e1tad\u00f3dnak a daru gerend\u00e1j\u00e1ra. Ezzel viszont elker\u00fclhet\u0151k azok a szerkezeti gyenges\u00e9gek, amelyeket jellemz\u0151en a gerenda karim\u00e1j\u00e1n t\u00f6rt\u00e9n\u0151 kiterjedt f\u00far\u00e1sok okoznak, ez\u00e1ltal n\u00f6velve a darurendszer \u00e1ltal\u00e1nos stabilit\u00e1s\u00e1t.<\/p>\n<h4><strong>G\u00f6mb alak\u00fa csukl\u00f3s csatlakoz\u00e1s<\/strong><\/h4>\n<p>Az alaplemez \u00e9s a fels\u0151 r\u00f6gz\u00edt\u0151lemez egy g\u00f6mbcsukl\u00f3n kereszt\u00fcl kapcsol\u00f3dik egym\u00e1shoz. Ez a kialak\u00edt\u00e1s lehet\u0151v\u00e9 teszi az oldalir\u00e1ny\u00fa er\u0151k hat\u00e1s\u00e1ra t\u00f6rt\u00e9n\u0151 enyhe d\u0151l\u00e9st, ami hat\u00e9konyan cs\u00f6kkenti a v\u00edzszintes er\u0151k hat\u00e1s\u00e1t a daru gerend\u00e1j\u00e1ra \u00e9s a f\u00e9krendszerekre. Ennek eredm\u00e9nyek\u00e9ppen seg\u00edt meghosszabb\u00edtani mind a daru gerend\u00e1j\u00e1nak, mind a f\u00e9krendszereknek az \u00e9lettartam\u00e1t az\u00e1ltal, hogy cs\u00f6kkenti az ezen alkatr\u00e9szekre hat\u00f3 ig\u00e9nybev\u00e9telt.<\/p>\n<h4><strong>Helymeghat\u00e1roz\u00e1s K\u00f6zels\u00e9g<\/strong><\/h4>\n<p>A <strong>CGWK alaplemez<\/strong> strat\u00e9giailag k\u00f6r\u00fclbel\u00fcl 1 mm-rel a s\u00edn als\u00f3 sz\u00e9le alatt helyezkedik el. Ez a pontos elhelyez\u00e9s hat\u00e9konyan korl\u00e1tozza a s\u00edn oldalir\u00e1ny\u00fa elmozdul\u00e1s\u00e1t, nagyobb stabilit\u00e1st biztos\u00edtva \u00e9s cs\u00f6kkentve a m\u0171k\u00f6d\u00e9s k\u00f6zbeni s\u00edneltol\u00f3d\u00e1s kock\u00e1zat\u00e1t.<\/p>\n<h4><strong>Speci\u00e1lis csavarok a stabilit\u00e1s\u00e9rt<\/strong><\/h4>\n<p>A r\u00f6gz\u00edt\u0151elemek terhel\u00e9seloszl\u00e1s\u00e1nak optimaliz\u00e1l\u00e1sa \u00e9rdek\u00e9ben speci\u00e1lis csavarokat haszn\u00e1lnak. Ezek a csavarok fokozz\u00e1k a rendszer \u00e1ltal\u00e1nos stabilit\u00e1s\u00e1t, \u00e9s a fels\u0151 r\u00f6gz\u00edt\u0151lemez k\u00f6nnyen elt\u00e1vol\u00edthat\u00f3. Ez a tervez\u00e9si jellemz\u0151 jelent\u0151sen leegyszer\u0171s\u00edti a telep\u00edt\u00e9st \u00e9s a karbantart\u00e1st, \u00edgy a rendszer felhaszn\u00e1l\u00f3bar\u00e1tabb\u00e1 \u00e9s k\u00f6lts\u00e9ghat\u00e9konyabb\u00e1 v\u00e1lik.<\/p>\n<h4><strong>Anyag \u00e9s szil\u00e1rds\u00e1g<\/strong><\/h4>\n<p>Minden r\u00f6gz\u00edt\u0151elem alacsony \u00f6tv\u00f6z\u00e9s\u0171, nagy szil\u00e1rds\u00e1g\u00fa ac\u00e9lb\u00f3l k\u00e9sz\u00fclt, ami biztos\u00edtja a tart\u00f3ss\u00e1got \u00e9s az er\u0151ss\u00e9get. Az M20-as 8.8-as szil\u00e1rds\u00e1gi fokozat\u00fa csavarok 220 N-m nyomat\u00e9kkal vannak megh\u00fazva, \u00edgy robusztus \u00e9s biztons\u00e1gos r\u00f6gz\u00edt\u00e9st biztos\u00edtanak. Ezenk\u00edv\u00fcl a rendszer minden egyes ker\u00e9kterhel\u00e9si ponton 65 kN maxim\u00e1lis oldalir\u00e1ny\u00fa er\u0151t k\u00e9pes elviselni, ami biztos\u00edtja a rendszer megb\u00edzhat\u00f3s\u00e1g\u00e1t a daru ig\u00e9nyes m\u0171k\u00f6d\u00e9se sor\u00e1n.<\/p>\n<h3><strong>Szerel\u00e9si utas\u00edt\u00e1sok a CGWK s\u00ednkapocshoz<\/strong><\/h3>\n<h4><strong>Vas\u00fati vonalvezet\u00e9s<\/strong><\/h4>\n<p>A szerel\u00e9s megkezd\u00e9se el\u0151tt a s\u00ednt a tervez\u00e9si el\u0151\u00edr\u00e1soknak megfelel\u0151en ki kell igaz\u00edtani. Ez a l\u00e9p\u00e9s kulcsfontoss\u00e1g\u00fa a s\u00edn helyes elhelyez\u00e9s\u00e9nek \u00e9s az eg\u00e9sz rendszer megfelel\u0151 m\u0171k\u00f6d\u00e9s\u00e9nek biztos\u00edt\u00e1s\u00e1hoz.<\/p>\n<h4><strong>Alaplemez elhelyez\u00e9se<\/strong><\/h4>\n<p>Ezut\u00e1n helyezze el az alaplemezeket a s\u00edn ir\u00e1nya ment\u00e9n 500 mm-es id\u0151k\u00f6z\u00f6nk\u00e9nt. Ezen k\u00edv\u00fcl gy\u0151z\u0151dj\u00f6n meg arr\u00f3l, hogy a csavar k\u00f6z\u00e9ppontja \u00e9s a s\u00edn k\u00f6z\u00e9ppontja k\u00f6z\u00f6tti mer\u0151leges t\u00e1vols\u00e1g (a \u00e9rt\u00e9k) megfelel\u0151en van elhelyezve a megfelel\u0151 igaz\u00edt\u00e1s \u00e9s funkcionalit\u00e1s biztos\u00edt\u00e1sa \u00e9rdek\u00e9ben.<\/p>\n<h4><strong>Alaplemez hegeszt\u00e9s<\/strong><\/h4>\n<p>Az alaplemezek elhelyez\u00e9se ut\u00e1n folytassa az alaplemezek hegeszt\u00e9s\u00e9t a daru gerend\u00e1j\u00e1hoz a megadott hegeszt\u00e9si m\u00f3dszerrel (k\u00e9toldali vagy h\u00e1romoldali hegeszt\u00e9s). Ez a l\u00e9p\u00e9s r\u00f6gz\u00edti az alaplemezeket a daru gerend\u00e1j\u00e1hoz, stabil alapot k\u00e9pezve a s\u00ednkapcsok sz\u00e1m\u00e1ra.<\/p>\n<h4><strong>Alkatr\u00e9sz \u00f6sszeszerel\u00e9s<\/strong><\/h4>\n<p>\u00d6ssze\u00e1ll\u00edtani a <strong>CGWK s\u00ednkapocs<\/strong>, k\u00f6vesse az al\u00e1bbi l\u00e9p\u00e9seket az al\u00e1bbi sorrendben:<\/p>\n<ul>\n<li>Helyezze el a csavarokat az alkatr\u00e9szek r\u00f6gz\u00edt\u00e9s\u00e9hez.<\/li>\n<li>Helyezze a fels\u0151 r\u00f6gz\u00edt\u0151lemezt az alaplemezre.<\/li>\n<li>Adjon a csavarokhoz lapos al\u00e1t\u00e9teket, rug\u00f3s al\u00e1t\u00e9teket \u00e9s any\u00e1kat.<\/li>\n<li>V\u00e9g\u00fcl h\u00fazza meg az any\u00e1kat 220 N-m nyomat\u00e9kkal, biztos\u00edtva, hogy a rendszer biztons\u00e1gosan \u00f6ssze legyen szerelve \u00e9s haszn\u00e1latra k\u00e9sz legyen.<\/li>\n<\/ul>\n<p>Ezen utas\u00edt\u00e1sok betart\u00e1s\u00e1val a <strong>CGWK s\u00ednkapocs<\/strong> rendszert hat\u00e9konyan telep\u00edtik, megb\u00edzhat\u00f3 \u00e9s tart\u00f3s megold\u00e1st ny\u00fajtva a darus\u00ednek r\u00f6gz\u00edt\u00e9s\u00e9re. A prec\u00edz tervez\u00e9s, a nagy szil\u00e1rds\u00e1g\u00fa anyagok haszn\u00e1lata \u00e9s a k\u00f6nny\u0171 szerelhet\u0151s\u00e9g ide\u00e1lis v\u00e1laszt\u00e1ss\u00e1 teszi az ig\u00e9nyes ipari alkalmaz\u00e1sokhoz.<\/p>","protected":false},"excerpt":{"rendered":"<h6><span style=\"font-family: arial, helvetica, sans-serif; font-size: 14pt;\"><strong>A CGWK s\u00edncsipesz specifik\u00e1ci\u00f3i<\/strong><\/span><\/h6>\n<ul>\n<li><strong>Modellek<\/strong>: CGWK38, CGWK43, CGWK50, CGWK60, CGWK70, CGWK80, CGWK100, CGWK120<\/li>\n<li><strong>R\u00f6gz\u00edt\u00e9si m\u00f3dszer<\/strong>: Hegesztett alaplemez<\/li>\n<\/ul>","protected":false},"featured_media":7094,"template":"","meta":{"_kad_post_transparent":"default","_kad_post_title":"","_kad_post_layout":"default","_kad_post_sidebar_id":"","_kad_post_content_style":"default","_kad_post_vertical_padding":"show","_kad_post_feature":"","_kad_post_feature_position":"","_kad_post_header":false,"_kad_post_footer":false},"product_brand":[],"product_cat":[83],"product_tag":[483,482,481,480,376,489,486,490,488,484,492,487,485,493,478,491,477,479],"class_list":{"0":"post-5524","1":"product","2":"type-product","3":"status-publish","4":"has-post-thumbnail","6":"product_cat-crane-rail-clip","7":"product_tag-05g525-rail-clip","8":"product_tag-cgbk-rail-clip","9":"product_tag-cgek-rail-clip","10":"product_tag-cgwk-rail-clip","11":"product_tag-china-crane-parts-supplier","12":"product_tag-crane-rail-clamp","13":"product_tag-crane-rail-clip","14":"product_tag-crane-rail-clip-supplier","15":"product_tag-crane-rail-fixing-device","16":"product_tag-hdgy-rail-clip","17":"product_tag-rail-connection-splint","18":"product_tag-rail-fixing-device","19":"product_tag-rail-joint","20":"product_tag-special-crane-spreader","21":"product_tag-swjk-rail-clip","22":"product_tag-tracks-jointing-plates","23":"product_tag-wjk-rail-clip","24":"product_tag-wjkc-rail-clip","26":"first","27":"instock","28":"shipping-taxable","29":"product-type-simple","30":"entry","31":"content-bg","32":"loop-entry"},"yoast_head":"<!-- This site is optimized with the Yoast SEO plugin v24.5 - https:\/\/yoast.com\/wordpress\/plugins\/seo\/ -->\n<title>CGWK Rail Clip - Rail fixing device- Rail Clamp-Crane Parts Manufacturer<\/title>\n<meta name=\"description\" content=\"Rail Clips,CGWK Rail Clip,Crane Rail Clips,Rail fixing device,Crane Rail fixing device,crane Rail Clamp,WJK Rail Clips,Overhead Crane Rail Clip\" \/>\n<meta name=\"robots\" content=\"index, follow, max-snippet:-1, max-image-preview:large, max-video-preview:-1\" \/>\n<link rel=\"canonical\" href=\"https:\/\/www.hnhlcranes.com\/hu\/termek\/cgwk-sinkapocs\/\" \/>\n<meta property=\"og:locale\" content=\"hu_HU\" \/>\n<meta property=\"og:type\" content=\"article\" \/>\n<meta property=\"og:title\" content=\"CGWK Rail Clip - Rail fixing device- Rail Clamp-Crane Parts Manufacturer\" \/>\n<meta property=\"og:description\" content=\"Rail Clips,CGWK Rail Clip,Crane Rail Clips,Rail fixing device,Crane Rail fixing device,crane Rail Clamp,WJK Rail Clips,Overhead Crane Rail Clip\" \/>\n<meta property=\"og:url\" content=\"https:\/\/www.hnhlcranes.com\/hu\/termek\/cgwk-sinkapocs\/\" \/>\n<meta property=\"og:site_name\" content=\"Crane Parts Manufacturer\" \/>\n<meta property=\"article:modified_time\" content=\"2025-01-10T09:37:54+00:00\" \/>\n<meta property=\"og:image\" content=\"https:\/\/www.hnhlcranes.com\/wp-content\/uploads\/2024\/11\/CGWK-Rail-Clip.jpg\" \/>\n\t<meta property=\"og:image:width\" content=\"600\" \/>\n\t<meta property=\"og:image:height\" content=\"600\" \/>\n\t<meta property=\"og:image:type\" content=\"image\/jpeg\" \/>\n<meta name=\"twitter:card\" content=\"summary_large_image\" \/>\n<meta name=\"twitter:label1\" content=\"Becs\u00fclt olvas\u00e1si id\u0151\" \/>\n\t<meta name=\"twitter:data1\" content=\"3 perc\" \/>\n<script type=\"application\/ld+json\" class=\"yoast-schema-graph\">{\"@context\":\"https:\/\/schema.org\",\"@graph\":[{\"@type\":\"WebPage\",\"@id\":\"https:\/\/www.hnhlcranes.com\/product\/cgwk-rail-clip\/\",\"url\":\"https:\/\/www.hnhlcranes.com\/product\/cgwk-rail-clip\/\",\"name\":\"CGWK Rail Clip - Rail fixing device- Rail Clamp-Crane Parts Manufacturer\",\"isPartOf\":{\"@id\":\"https:\/\/www.hnhlcranes.com\/#website\"},\"primaryImageOfPage\":{\"@id\":\"https:\/\/www.hnhlcranes.com\/product\/cgwk-rail-clip\/#primaryimage\"},\"image\":{\"@id\":\"https:\/\/www.hnhlcranes.com\/product\/cgwk-rail-clip\/#primaryimage\"},\"thumbnailUrl\":\"https:\/\/www.hnhlcranes.com\/wp-content\/uploads\/2024\/11\/CGWK-Rail-Clip.jpg\",\"datePublished\":\"2024-11-29T13:45:30+00:00\",\"dateModified\":\"2025-01-10T09:37:54+00:00\",\"description\":\"Rail Clips,CGWK Rail Clip,Crane Rail Clips,Rail fixing device,Crane Rail fixing device,crane Rail Clamp,WJK Rail Clips,Overhead Crane Rail Clip\",\"breadcrumb\":{\"@id\":\"https:\/\/www.hnhlcranes.com\/product\/cgwk-rail-clip\/#breadcrumb\"},\"inLanguage\":\"hu\",\"potentialAction\":[{\"@type\":\"ReadAction\",\"target\":[\"https:\/\/www.hnhlcranes.com\/product\/cgwk-rail-clip\/\"]}]},{\"@type\":\"ImageObject\",\"inLanguage\":\"hu\",\"@id\":\"https:\/\/www.hnhlcranes.com\/product\/cgwk-rail-clip\/#primaryimage\",\"url\":\"https:\/\/www.hnhlcranes.com\/wp-content\/uploads\/2024\/11\/CGWK-Rail-Clip.jpg\",\"contentUrl\":\"https:\/\/www.hnhlcranes.com\/wp-content\/uploads\/2024\/11\/CGWK-Rail-Clip.jpg\",\"width\":600,\"height\":600},{\"@type\":\"BreadcrumbList\",\"@id\":\"https:\/\/www.hnhlcranes.com\/product\/cgwk-rail-clip\/#breadcrumb\",\"itemListElement\":[{\"@type\":\"ListItem\",\"position\":1,\"name\":\"home\",\"item\":\"https:\/\/www.hnhlcranes.com\/\"},{\"@type\":\"ListItem\",\"position\":2,\"name\":\"products\",\"item\":\"https:\/\/www.hnhlcranes.com\/products\/\"},{\"@type\":\"ListItem\",\"position\":3,\"name\":\"CGWK Rail Clip\"}]},{\"@type\":\"WebSite\",\"@id\":\"https:\/\/www.hnhlcranes.com\/#website\",\"url\":\"https:\/\/www.hnhlcranes.com\/\",\"name\":\"Crane Parts Manufacturer\",\"description\":\"Crane Wheels,Crane Drums,Crane Hooks,Crane Coupling,Crane End Carriage,Electric Hoist,European Crane Parts,Crane Rail Clip,Crane Spreader,Crane Motor,Crane Reducer,Crane Brake,Light Crane Parts,Workstation Crane Parts,Crane Electrical Parts,China Crane Parts Supplier,China Crane Parts Manufacturer,Angle box type crane wheel,45 degree split crane wheel,European crane wheel,Crane Wheel Blocks,Overhead crane drum,European crane drum,Overhead crane hook,European crane hook,Crane pulley block,Gear coupling,Brake wheel coupling,Drum gear coupling,Brake wheel drum gear coupling,Cardan Shaft Coupling,WZL drum coupling,Plum blossom elastic coupling,Brake wheel plum elastic coupling,European Single girder crane end carriage,European Double girder crane end carriage,European Suspension  crane end carriage,Wire Rope Electric Hoist,Electric Chain Hoist,European Single Girder Wire Rope Electric Hoist,European Double Girder Wire Rope Electric Hoist,Crane grab,Container spreader,Billet crane clamps,C-type hook,Lifting Electromagnet,YZR crane motor,YZP crane motor,ZQ Reducer,ZSC Reducer,QJ Reducer,QJ-L Reducer,QJY Reducer,H series gearbox,F Series Gear Motor,K Series Gear Motor,R Series Gear Motor,travelling machinery gear motor,Electro hydraulic drum brake,Electro hydraulic disc brake,Crane Safety brake,Crane cable trolley,Crane remote controller,Crane pendant controller,Crane electrical control cabinet,Crane limit switch,Crane sound and light alarm,Heavy Duty Aviation Connector,Crane overload limiter\",\"publisher\":{\"@id\":\"https:\/\/www.hnhlcranes.com\/#organization\"},\"potentialAction\":[{\"@type\":\"SearchAction\",\"target\":{\"@type\":\"EntryPoint\",\"urlTemplate\":\"https:\/\/www.hnhlcranes.com\/?s={search_term_string}\"},\"query-input\":{\"@type\":\"PropertyValueSpecification\",\"valueRequired\":true,\"valueName\":\"search_term_string\"}}],\"inLanguage\":\"hu\"},{\"@type\":\"Organization\",\"@id\":\"https:\/\/www.hnhlcranes.com\/#organization\",\"name\":\"Crane Parts Manufacturer\",\"url\":\"https:\/\/www.hnhlcranes.com\/\",\"logo\":{\"@type\":\"ImageObject\",\"inLanguage\":\"hu\",\"@id\":\"https:\/\/www.hnhlcranes.com\/#\/schema\/logo\/image\/\",\"url\":\"https:\/\/www.hnhlcranes.com\/wp-content\/uploads\/2025\/01\/HL-logo-1.png\",\"contentUrl\":\"https:\/\/www.hnhlcranes.com\/wp-content\/uploads\/2025\/01\/HL-logo-1.png\",\"width\":600,\"height\":169,\"caption\":\"Crane Parts Manufacturer\"},\"image\":{\"@id\":\"https:\/\/www.hnhlcranes.com\/#\/schema\/logo\/image\/\"}}]}<\/script>\n<!-- \/ Yoast SEO plugin. -->","yoast_head_json":{"title":"CGWK Rail Clip - Rail fixing device- Rail Clamp-Crane Parts Manufacturer","description":"Rail Clips,CGWK Rail Clip,Crane Rail Clips,Rail fixing device,Crane Rail fixing device,crane Rail Clamp,WJK Rail Clips,Overhead Crane Rail Clip","robots":{"index":"index","follow":"follow","max-snippet":"max-snippet:-1","max-image-preview":"max-image-preview:large","max-video-preview":"max-video-preview:-1"},"canonical":"https:\/\/www.hnhlcranes.com\/hu\/termek\/cgwk-sinkapocs\/","og_locale":"hu_HU","og_type":"article","og_title":"CGWK Rail Clip - Rail fixing device- Rail Clamp-Crane Parts Manufacturer","og_description":"Rail Clips,CGWK Rail Clip,Crane Rail Clips,Rail fixing device,Crane Rail fixing device,crane Rail Clamp,WJK Rail Clips,Overhead Crane Rail Clip","og_url":"https:\/\/www.hnhlcranes.com\/hu\/termek\/cgwk-sinkapocs\/","og_site_name":"Crane Parts Manufacturer","article_modified_time":"2025-01-10T09:37:54+00:00","og_image":[{"width":600,"height":600,"url":"https:\/\/www.hnhlcranes.com\/wp-content\/uploads\/2024\/11\/CGWK-Rail-Clip.jpg","type":"image\/jpeg"}],"twitter_card":"summary_large_image","twitter_misc":{"Becs\u00fclt olvas\u00e1si id\u0151":"3 perc"},"schema":{"@context":"https:\/\/schema.org","@graph":[{"@type":"WebPage","@id":"https:\/\/www.hnhlcranes.com\/product\/cgwk-rail-clip\/","url":"https:\/\/www.hnhlcranes.com\/product\/cgwk-rail-clip\/","name":"CGWK Rail Clip - Rail fixing device- Rail Clamp-Crane Parts Manufacturer","isPartOf":{"@id":"https:\/\/www.hnhlcranes.com\/#website"},"primaryImageOfPage":{"@id":"https:\/\/www.hnhlcranes.com\/product\/cgwk-rail-clip\/#primaryimage"},"image":{"@id":"https:\/\/www.hnhlcranes.com\/product\/cgwk-rail-clip\/#primaryimage"},"thumbnailUrl":"https:\/\/www.hnhlcranes.com\/wp-content\/uploads\/2024\/11\/CGWK-Rail-Clip.jpg","datePublished":"2024-11-29T13:45:30+00:00","dateModified":"2025-01-10T09:37:54+00:00","description":"Rail Clips,CGWK Rail Clip,Crane Rail Clips,Rail fixing device,Crane Rail fixing device,crane Rail Clamp,WJK Rail Clips,Overhead Crane Rail Clip","breadcrumb":{"@id":"https:\/\/www.hnhlcranes.com\/product\/cgwk-rail-clip\/#breadcrumb"},"inLanguage":"hu","potentialAction":[{"@type":"ReadAction","target":["https:\/\/www.hnhlcranes.com\/product\/cgwk-rail-clip\/"]}]},{"@type":"ImageObject","inLanguage":"hu","@id":"https:\/\/www.hnhlcranes.com\/product\/cgwk-rail-clip\/#primaryimage","url":"https:\/\/www.hnhlcranes.com\/wp-content\/uploads\/2024\/11\/CGWK-Rail-Clip.jpg","contentUrl":"https:\/\/www.hnhlcranes.com\/wp-content\/uploads\/2024\/11\/CGWK-Rail-Clip.jpg","width":600,"height":600},{"@type":"BreadcrumbList","@id":"https:\/\/www.hnhlcranes.com\/product\/cgwk-rail-clip\/#breadcrumb","itemListElement":[{"@type":"ListItem","position":1,"name":"home","item":"https:\/\/www.hnhlcranes.com\/"},{"@type":"ListItem","position":2,"name":"products","item":"https:\/\/www.hnhlcranes.com\/products\/"},{"@type":"ListItem","position":3,"name":"CGWK Rail Clip"}]},{"@type":"WebSite","@id":"https:\/\/www.hnhlcranes.com\/#website","url":"https:\/\/www.hnhlcranes.com\/","name":"Crane Parts Manufacturer","description":"Crane Wheels,Crane Drums,Crane Hooks,Crane Coupling,Crane End Carriage,Electric Hoist,European Crane Parts,Crane Rail Clip,Crane Spreader,Crane Motor,Crane Reducer,Crane Brake,Light Crane Parts,Workstation Crane Parts,Crane Electrical Parts,China Crane Parts Supplier,China Crane Parts Manufacturer,Angle box type crane wheel,45 degree split crane wheel,European crane wheel,Crane Wheel Blocks,Overhead crane drum,European crane drum,Overhead crane hook,European crane hook,Crane pulley block,Gear coupling,Brake wheel coupling,Drum gear coupling,Brake wheel drum gear coupling,Cardan Shaft Coupling,WZL drum coupling,Plum blossom elastic coupling,Brake wheel plum elastic coupling,European Single girder crane end carriage,European Double girder crane end carriage,European Suspension  crane end carriage,Wire Rope Electric Hoist,Electric Chain Hoist,European Single Girder Wire Rope Electric Hoist,European Double Girder Wire Rope Electric Hoist,Crane grab,Container spreader,Billet crane clamps,C-type hook,Lifting Electromagnet,YZR crane motor,YZP crane motor,ZQ Reducer,ZSC Reducer,QJ Reducer,QJ-L Reducer,QJY Reducer,H series gearbox,F Series Gear Motor,K Series Gear Motor,R Series Gear Motor,travelling machinery gear motor,Electro hydraulic drum brake,Electro hydraulic disc brake,Crane Safety brake,Crane cable trolley,Crane remote controller,Crane pendant controller,Crane electrical control cabinet,Crane limit switch,Crane sound and light alarm,Heavy Duty Aviation Connector,Crane overload limiter","publisher":{"@id":"https:\/\/www.hnhlcranes.com\/#organization"},"potentialAction":[{"@type":"SearchAction","target":{"@type":"EntryPoint","urlTemplate":"https:\/\/www.hnhlcranes.com\/?s={search_term_string}"},"query-input":{"@type":"PropertyValueSpecification","valueRequired":true,"valueName":"search_term_string"}}],"inLanguage":"hu"},{"@type":"Organization","@id":"https:\/\/www.hnhlcranes.com\/#organization","name":"Crane Parts Manufacturer","url":"https:\/\/www.hnhlcranes.com\/","logo":{"@type":"ImageObject","inLanguage":"hu","@id":"https:\/\/www.hnhlcranes.com\/#\/schema\/logo\/image\/","url":"https:\/\/www.hnhlcranes.com\/wp-content\/uploads\/2025\/01\/HL-logo-1.png","contentUrl":"https:\/\/www.hnhlcranes.com\/wp-content\/uploads\/2025\/01\/HL-logo-1.png","width":600,"height":169,"caption":"Crane Parts Manufacturer"},"image":{"@id":"https:\/\/www.hnhlcranes.com\/#\/schema\/logo\/image\/"}}]}},"_links":{"self":[{"href":"https:\/\/www.hnhlcranes.com\/hu\/wp-json\/wp\/v2\/product\/5524","targetHints":{"allow":["GET"]}}],"collection":[{"href":"https:\/\/www.hnhlcranes.com\/hu\/wp-json\/wp\/v2\/product"}],"about":[{"href":"https:\/\/www.hnhlcranes.com\/hu\/wp-json\/wp\/v2\/types\/product"}],"version-history":[{"count":5,"href":"https:\/\/www.hnhlcranes.com\/hu\/wp-json\/wp\/v2\/product\/5524\/revisions"}],"predecessor-version":[{"id":7194,"href":"https:\/\/www.hnhlcranes.com\/hu\/wp-json\/wp\/v2\/product\/5524\/revisions\/7194"}],"wp:featuredmedia":[{"embeddable":true,"href":"https:\/\/www.hnhlcranes.com\/hu\/wp-json\/wp\/v2\/media\/7094"}],"wp:attachment":[{"href":"https:\/\/www.hnhlcranes.com\/hu\/wp-json\/wp\/v2\/media?parent=5524"}],"wp:term":[{"taxonomy":"product_brand","embeddable":true,"href":"https:\/\/www.hnhlcranes.com\/hu\/wp-json\/wp\/v2\/product_brand?post=5524"},{"taxonomy":"product_cat","embeddable":true,"href":"https:\/\/www.hnhlcranes.com\/hu\/wp-json\/wp\/v2\/product_cat?post=5524"},{"taxonomy":"product_tag","embeddable":true,"href":"https:\/\/www.hnhlcranes.com\/hu\/wp-json\/wp\/v2\/product_tag?post=5524"}],"curies":[{"name":"wp","href":"https:\/\/api.w.org\/{rel}","templated":true}]}}