{"id":5528,"date":"2024-11-29T22:04:09","date_gmt":"2024-11-29T14:04:09","guid":{"rendered":"https:\/\/www.hnhlcranes.com\/?post_type=product&#038;p=5528"},"modified":"2025-01-10T17:43:16","modified_gmt":"2025-01-10T09:43:16","slug":"cgek-sinkapocs","status":"publish","type":"product","link":"https:\/\/www.hnhlcranes.com\/hu\/termek\/cgek-sinkapocs\/","title":{"rendered":"CGEK s\u00ednkapocs"},"content":{"rendered":"<h6><img fetchpriority=\"high\" decoding=\"async\" class=\"alignnone wp-image-7104\" src=\"https:\/\/www.hnhlcranes.com\/wp-content\/uploads\/2024\/11\/CGEK-Rail-Clip-3-300x129.jpg\" alt=\"\" width=\"949\" height=\"408\" srcset=\"https:\/\/www.hnhlcranes.com\/wp-content\/uploads\/2024\/11\/CGEK-Rail-Clip-3-300x129.jpg 300w, https:\/\/www.hnhlcranes.com\/wp-content\/uploads\/2024\/11\/CGEK-Rail-Clip-3-768x331.jpg 768w, https:\/\/www.hnhlcranes.com\/wp-content\/uploads\/2024\/11\/CGEK-Rail-Clip-3-600x259.jpg 600w, https:\/\/www.hnhlcranes.com\/wp-content\/uploads\/2024\/11\/CGEK-Rail-Clip-3.jpg 1000w\" sizes=\"(max-width: 949px) 100vw, 949px\" \/><\/h6>\n<h3><strong>A CGEK Rail Clip jellemz\u0151i<\/strong><\/h3>\n<h4><strong>Oldalir\u00e1ny\u00fa be\u00e1ll\u00edt\u00e1s<\/strong><\/h4>\n<p>A <strong>CGEK s\u00ednkapocs<\/strong> lehet\u0151v\u00e9 teszi az oldalir\u00e1ny\u00fa be\u00e1ll\u00edt\u00e1st, ami optimaliz\u00e1lja a pontos s\u00ednbe\u00e9p\u00edt\u00e9s \u00e9s -igaz\u00edt\u00e1s felt\u00e9teleit. Ez a rugalmass\u00e1g biztos\u00edtja a s\u00ednrendszer pontos elhelyez\u00e9s\u00e9t, ami el\u0151seg\u00edti a z\u00f6kken\u0151mentes \u00e9s hat\u00e9kony daru\u00fczemet.<\/p>\n<h4><strong>Megb\u00edzhat\u00f3s\u00e1g az oldalir\u00e1ny\u00fa er\u0151k ellen\u00e1ll\u00e1s\u00e1ban<\/strong><\/h4>\n<p>A kapcsok r\u00f6gz\u00edtett alkatr\u00e9szeit \u00fagy tervezt\u00e9k, hogy megb\u00edzhat\u00f3an ellen\u00e1lljanak a daru m\u0171k\u00f6d\u00e9se sor\u00e1n keletkez\u0151 oldalir\u00e1ny\u00fa er\u0151knek. Ennek eredm\u00e9nyek\u00e9ppen biztos\u00edtj\u00e1k a stabilit\u00e1st, megakad\u00e1lyozz\u00e1k az elmozdul\u00e1st, \u00e9s n\u00f6velik a darus\u00ednrendszer \u00e1ltal\u00e1nos biztons\u00e1g\u00e1t \u00e9s teljes\u00edtm\u00e9ny\u00e9t.<\/p>\n<h4><strong>Kompakt kialak\u00edt\u00e1s<\/strong><\/h4>\n<p>Keskeny \u00e9s lapos szerkezet\u00fckkel ezek a kapcsok optim\u00e1lis be\u00e9p\u00edt\u00e9si m\u00e9retet biztos\u00edtanak, \u00edgy alkalmasak a vezet\u0151ker\u00e9kkel ell\u00e1tott \u00e9s a vezet\u0151ker\u00e9k n\u00e9lk\u00fcli darukhoz egyar\u00e1nt. Ez a kompakt kialak\u00edt\u00e1s seg\u00edt maximaliz\u00e1lni a helytakar\u00e9koss\u00e1got \u00e9s biztos\u00edtja a k\u00f6nny\u0171 telep\u00edt\u00e9st.<\/p>\n<h4><strong>Automatikus z\u00e1r\u00f3mechanizmus<\/strong><\/h4>\n<p>Az \u00e9k alak\u00fa kialak\u00edt\u00e1snak, valamint a fels\u0151 \u00e9s als\u00f3 r\u00f6gz\u00edt\u0151lemezek egym\u00e1sba illeszked\u0151 ferde fel\u00fcleteinek k\u00f6sz\u00f6nhet\u0151en a kapcsok automatikusan r\u00f6gz\u00fclnek. Ez az automatikus reteszel\u0151 mechanizmus leegyszer\u0171s\u00edti a szerel\u00e9si folyamatot, \u00e9s biztos\u00edtja, hogy a kapcsok m\u0171k\u00f6d\u00e9s k\u00f6zben is biztons\u00e1gosan a hely\u00fck\u00f6n maradnak.<\/p>\n<h4><strong>T\u0171r\u00e9sszab\u00e1lyoz\u00e1s \u00e9s \u00e9rintkez\u00e9si tart\u00f3ss\u00e1g<\/strong><\/h4>\n<p>A CGEK s\u00ednkapocs hat\u00e9konyan alkalmazkodik a s\u00edn \u00e9s a daru gerend\u00e1j\u00e1nak t\u0171r\u00e9seihez, \u00edgy biztos\u00edtva a pontos illeszked\u00e9st. Ezenk\u00edv\u00fcl tart\u00f3s kapcsolatot tart fenn a s\u00edn \u00e9s az alap k\u00f6z\u00f6tt, amelyet a tart\u00f3ss\u00e1got \u00e9s a stabilit\u00e1st fokoz\u00f3, el\u0151fesz\u00edtett alapokkal t\u00e1mogat.<\/p>\n<h4><strong>Zajcs\u00f6kkent\u00e9s<\/strong><\/h4>\n<p>A CGEK s\u00ednkapocs innovat\u00edv kialak\u00edt\u00e1sa jelent\u0151sen cs\u00f6kkenti a zajt, ami hozz\u00e1j\u00e1rul a jobb munkak\u00f6rnyezethez. Ez a tulajdons\u00e1g k\u00fcl\u00f6n\u00f6sen el\u0151ny\u00f6s olyan k\u00f6rnyezetben, ahol a zajv\u00e9delem l\u00e9tfontoss\u00e1g\u00fa a m\u0171k\u00f6d\u00e9si hat\u00e9konys\u00e1g \u00e9s a dolgoz\u00f3k komfort\u00e9rzet\u00e9nek fenntart\u00e1s\u00e1hoz.<\/p>\n<h4><strong>Nagy szil\u00e1rds\u00e1g\u00fa anyagok<\/strong><\/h4>\n<p>Az alkatr\u00e9szek alacsony \u00f6tv\u00f6z\u00e9s\u0171, nagy szil\u00e1rds\u00e1g\u00fa szerkezeti ac\u00e9lb\u00f3l k\u00e9sz\u00fclnek, ami fokozott tart\u00f3ss\u00e1got \u00e9s teljes\u00edtm\u00e9nyt biztos\u00edt. Ez az anyagv\u00e1laszt\u00e1s meghosszabb\u00edtja a kapcsok \u00e9lettartam\u00e1t, m\u00e9g nagy ig\u00e9nybev\u00e9telnek kitett \u00e9s ig\u00e9nyes k\u00f6r\u00fclm\u00e9nyek k\u00f6z\u00f6tt is.<\/p>\n<h4><strong>Nagy szil\u00e1rds\u00e1g\u00fa csavarok<\/strong><\/h4>\n<p>Az M20-as, 8.8-as min\u0151s\u00e9g\u0171, nagy szil\u00e1rds\u00e1g\u00fa csavarokkal felszerelt CGEK s\u00ednkapocsrendszer 220 N-m megh\u00faz\u00e1si nyomat\u00e9kot biztos\u00edt. Ezen t\u00falmen\u0151en ellen\u00e1ll a ker\u00e9knyom\u00e1s \u00e1ltal kifejtett 120 kN maxim\u00e1lis oldalir\u00e1ny\u00fa er\u0151nek, ami biztos\u00edtja, hogy a kapcsok nagy terhel\u00e9s eset\u00e9n is megb\u00edzhat\u00f3an m\u0171k\u00f6djenek.<\/p>\n<h3><strong>A CGEK s\u00ednkapocs szerel\u00e9si l\u00e9p\u00e9sei<\/strong><\/h3>\n<h4><strong>Alaplemez elhelyez\u00e9se<\/strong><\/h4>\n<p>Kezdetben helyezze el az alaplemezeket a darus\u00edn ment\u00e9n 500 mm-es id\u0151k\u00f6z\u00f6nk\u00e9nt. \u00dcgyeljen arra, hogy az alaplemezek a s\u00ednre mer\u0151legesen legyenek igaz\u00edtva, a T-csavarok k\u00f6z\u00e9ppontja a s\u00edn k\u00f6z\u00e9pvonal\u00e1t\u00f3l a megadott aaa \u00e9rt\u00e9knek megfelel\u0151en legyen eltolva.<\/p>\n<h4><strong>Az alaplemezek hegeszt\u00e9se<\/strong><\/h4>\n<p>Ezut\u00e1n biztons\u00e1gosan hegeszsze be az alaplemezeket a meghat\u00e1rozott poz\u00edci\u00f3kba. Ez biztos\u00edtja, hogy az alaplemezek szil\u00e1rdan r\u00f6gz\u00fclnek a daru gerend\u00e1j\u00e1hoz, \u00e9s stabil alapot k\u00e9peznek az eg\u00e9sz s\u00ednrendszer sz\u00e1m\u00e1ra.<\/p>\n<h4><strong>Szekvenci\u00e1lis telep\u00edt\u00e9s<\/strong><\/h4>\n<p>Az alaplemezek hegeszt\u00e9se ut\u00e1n folytassa az alkatr\u00e9szek egym\u00e1s ut\u00e1ni beszerel\u00e9s\u00e9t:<\/p>\n<ol>\n<li>Helyezze a T-csavarokat a hely\u00fckre.<\/li>\n<li>Szerelje be az alkatr\u00e9szeket a k\u00f6vetkez\u0151 sorrendben: fels\u0151 fed\u0151lap, lapos al\u00e1t\u00e9t, rug\u00f3s al\u00e1t\u00e9t \u00e9s anya.<\/li>\n<li>V\u00e9g\u00fcl h\u00fazza meg a T-csavarokat, \u00e9s sz\u00fcks\u00e9g szerint \u00e1ll\u00edtsa be a fels\u0151 fed\u0151lapot a biztons\u00e1gos \u00e9s stabil \u00f6sszeszerel\u00e9s \u00e9rdek\u00e9ben.<\/li>\n<\/ol>\n<p>A CGEK s\u00ednkapocs-rendszer hat\u00e9konyan telep\u00edthet\u0151 a k\u00f6vetkez\u0151 r\u00e9szletes l\u00e9p\u00e9sek betart\u00e1s\u00e1val, megb\u00edzhat\u00f3 \u00e9s tart\u00f3s megold\u00e1st k\u00edn\u00e1lva a darus\u00ednek r\u00f6gz\u00edt\u00e9s\u00e9re, mik\u00f6zben biztos\u00edtja a zavartalan m\u0171k\u00f6d\u00e9st \u00e9s a hossz\u00fa \u00e9lettartamot. A prec\u00edz tervez\u00e9si jellemz\u0151k \u00e9s a k\u00f6nny\u0171 telep\u00edt\u00e9s miatt kiv\u00e1l\u00f3 v\u00e1laszt\u00e1s ig\u00e9nyes ipari alkalmaz\u00e1sokhoz.<\/p>","protected":false},"excerpt":{"rendered":"<h6><span style=\"font-family: arial, helvetica, sans-serif; font-size: 14pt;\"><strong>A CGEK Rail Clip specifik\u00e1ci\u00f3i<\/strong><\/span><\/h6>\n<ul>\n<li><strong>Modellek:<\/strong> CGEK38, CGEK43, CGEK50, CGEK60, CGEK70, CGEK80, CGEK100, CGEK120, CGEK100, CGEK120<\/li>\n<li><strong>R\u00f6gz\u00edt\u00e9si m\u00f3dszer:<\/strong> Hegesztett alaplemez<\/li>\n<\/ul>","protected":false},"featured_media":7102,"template":"","meta":{"_kad_post_transparent":"default","_kad_post_title":"","_kad_post_layout":"default","_kad_post_sidebar_id":"","_kad_post_content_style":"default","_kad_post_vertical_padding":"show","_kad_post_feature":"","_kad_post_feature_position":"","_kad_post_header":false,"_kad_post_footer":false},"product_brand":[],"product_cat":[83],"product_tag":[483,482,481,480,376,489,486,490,488,484,492,487,485,493,478,491,477,479],"class_list":{"0":"post-5528","1":"product","2":"type-product","3":"status-publish","4":"has-post-thumbnail","6":"product_cat-crane-rail-clip","7":"product_tag-05g525-rail-clip","8":"product_tag-cgbk-rail-clip","9":"product_tag-cgek-rail-clip","10":"product_tag-cgwk-rail-clip","11":"product_tag-china-crane-parts-supplier","12":"product_tag-crane-rail-clamp","13":"product_tag-crane-rail-clip","14":"product_tag-crane-rail-clip-supplier","15":"product_tag-crane-rail-fixing-device","16":"product_tag-hdgy-rail-clip","17":"product_tag-rail-connection-splint","18":"product_tag-rail-fixing-device","19":"product_tag-rail-joint","20":"product_tag-special-crane-spreader","21":"product_tag-swjk-rail-clip","22":"product_tag-tracks-jointing-plates","23":"product_tag-wjk-rail-clip","24":"product_tag-wjkc-rail-clip","26":"first","27":"instock","28":"shipping-taxable","29":"product-type-simple","30":"entry","31":"content-bg","32":"loop-entry"},"yoast_head":"<!-- This site is optimized with the Yoast SEO plugin v24.5 - https:\/\/yoast.com\/wordpress\/plugins\/seo\/ -->\n<title>CGEK Rail Clip - Rail Clamp- Rail fixing device-Crane Parts Manufacturer<\/title>\n<meta name=\"description\" content=\"Rail Clips,CGEK Rail Clip,Crane Rail Clips,Rail fixing device,Crane Rail fixing device,crane Rail Clamp,WJK Rail Clips,Overhead Crane Rail Clip\" \/>\n<meta name=\"robots\" content=\"index, follow, max-snippet:-1, max-image-preview:large, max-video-preview:-1\" \/>\n<link rel=\"canonical\" href=\"https:\/\/www.hnhlcranes.com\/hu\/termek\/cgek-sinkapocs\/\" \/>\n<meta property=\"og:locale\" content=\"hu_HU\" \/>\n<meta property=\"og:type\" content=\"article\" \/>\n<meta property=\"og:title\" content=\"CGEK Rail Clip - Rail Clamp- Rail fixing device-Crane Parts Manufacturer\" \/>\n<meta property=\"og:description\" content=\"Rail Clips,CGEK Rail Clip,Crane Rail Clips,Rail fixing device,Crane Rail fixing device,crane Rail Clamp,WJK Rail Clips,Overhead Crane Rail Clip\" \/>\n<meta property=\"og:url\" content=\"https:\/\/www.hnhlcranes.com\/hu\/termek\/cgek-sinkapocs\/\" \/>\n<meta property=\"og:site_name\" content=\"Crane Parts Manufacturer\" \/>\n<meta property=\"article:modified_time\" content=\"2025-01-10T09:43:16+00:00\" \/>\n<meta property=\"og:image\" content=\"https:\/\/www.hnhlcranes.com\/wp-content\/uploads\/2024\/11\/CGEK-Rail-Clip.jpg\" \/>\n\t<meta property=\"og:image:width\" content=\"600\" \/>\n\t<meta property=\"og:image:height\" content=\"600\" \/>\n\t<meta property=\"og:image:type\" content=\"image\/jpeg\" \/>\n<meta name=\"twitter:card\" content=\"summary_large_image\" \/>\n<meta name=\"twitter:label1\" content=\"Becs\u00fclt olvas\u00e1si id\u0151\" \/>\n\t<meta name=\"twitter:data1\" content=\"3 perc\" \/>\n<script type=\"application\/ld+json\" class=\"yoast-schema-graph\">{\"@context\":\"https:\/\/schema.org\",\"@graph\":[{\"@type\":\"WebPage\",\"@id\":\"https:\/\/www.hnhlcranes.com\/product\/cgek-rail-clip\/\",\"url\":\"https:\/\/www.hnhlcranes.com\/product\/cgek-rail-clip\/\",\"name\":\"CGEK Rail Clip - Rail Clamp- Rail fixing device-Crane Parts Manufacturer\",\"isPartOf\":{\"@id\":\"https:\/\/www.hnhlcranes.com\/#website\"},\"primaryImageOfPage\":{\"@id\":\"https:\/\/www.hnhlcranes.com\/product\/cgek-rail-clip\/#primaryimage\"},\"image\":{\"@id\":\"https:\/\/www.hnhlcranes.com\/product\/cgek-rail-clip\/#primaryimage\"},\"thumbnailUrl\":\"https:\/\/www.hnhlcranes.com\/wp-content\/uploads\/2024\/11\/CGEK-Rail-Clip.jpg\",\"datePublished\":\"2024-11-29T14:04:09+00:00\",\"dateModified\":\"2025-01-10T09:43:16+00:00\",\"description\":\"Rail Clips,CGEK Rail Clip,Crane Rail Clips,Rail fixing device,Crane Rail fixing device,crane Rail Clamp,WJK Rail Clips,Overhead Crane Rail Clip\",\"breadcrumb\":{\"@id\":\"https:\/\/www.hnhlcranes.com\/product\/cgek-rail-clip\/#breadcrumb\"},\"inLanguage\":\"hu\",\"potentialAction\":[{\"@type\":\"ReadAction\",\"target\":[\"https:\/\/www.hnhlcranes.com\/product\/cgek-rail-clip\/\"]}]},{\"@type\":\"ImageObject\",\"inLanguage\":\"hu\",\"@id\":\"https:\/\/www.hnhlcranes.com\/product\/cgek-rail-clip\/#primaryimage\",\"url\":\"https:\/\/www.hnhlcranes.com\/wp-content\/uploads\/2024\/11\/CGEK-Rail-Clip.jpg\",\"contentUrl\":\"https:\/\/www.hnhlcranes.com\/wp-content\/uploads\/2024\/11\/CGEK-Rail-Clip.jpg\",\"width\":600,\"height\":600},{\"@type\":\"BreadcrumbList\",\"@id\":\"https:\/\/www.hnhlcranes.com\/product\/cgek-rail-clip\/#breadcrumb\",\"itemListElement\":[{\"@type\":\"ListItem\",\"position\":1,\"name\":\"home\",\"item\":\"https:\/\/www.hnhlcranes.com\/\"},{\"@type\":\"ListItem\",\"position\":2,\"name\":\"products\",\"item\":\"https:\/\/www.hnhlcranes.com\/products\/\"},{\"@type\":\"ListItem\",\"position\":3,\"name\":\"CGEK Rail Clip\"}]},{\"@type\":\"WebSite\",\"@id\":\"https:\/\/www.hnhlcranes.com\/#website\",\"url\":\"https:\/\/www.hnhlcranes.com\/\",\"name\":\"Crane Parts Manufacturer\",\"description\":\"Crane Wheels,Crane Drums,Crane Hooks,Crane Coupling,Crane End Carriage,Electric Hoist,European Crane Parts,Crane Rail Clip,Crane Spreader,Crane Motor,Crane Reducer,Crane Brake,Light Crane Parts,Workstation Crane Parts,Crane Electrical Parts,China Crane Parts Supplier,China Crane Parts Manufacturer,Angle box type crane wheel,45 degree split crane wheel,European crane wheel,Crane Wheel Blocks,Overhead crane drum,European crane drum,Overhead crane hook,European crane hook,Crane pulley block,Gear coupling,Brake wheel coupling,Drum gear coupling,Brake wheel drum gear coupling,Cardan Shaft Coupling,WZL drum coupling,Plum blossom elastic coupling,Brake wheel plum elastic coupling,European Single girder crane end carriage,European Double girder crane end carriage,European Suspension  crane end carriage,Wire Rope Electric Hoist,Electric Chain Hoist,European Single Girder Wire Rope Electric Hoist,European Double Girder Wire Rope Electric Hoist,Crane grab,Container spreader,Billet crane clamps,C-type hook,Lifting Electromagnet,YZR crane motor,YZP crane motor,ZQ Reducer,ZSC Reducer,QJ Reducer,QJ-L Reducer,QJY Reducer,H series gearbox,F Series Gear Motor,K Series Gear Motor,R Series Gear Motor,travelling machinery gear motor,Electro hydraulic drum brake,Electro hydraulic disc brake,Crane Safety brake,Crane cable trolley,Crane remote controller,Crane pendant controller,Crane electrical control cabinet,Crane limit switch,Crane sound and light alarm,Heavy Duty Aviation Connector,Crane overload limiter\",\"publisher\":{\"@id\":\"https:\/\/www.hnhlcranes.com\/#organization\"},\"potentialAction\":[{\"@type\":\"SearchAction\",\"target\":{\"@type\":\"EntryPoint\",\"urlTemplate\":\"https:\/\/www.hnhlcranes.com\/?s={search_term_string}\"},\"query-input\":{\"@type\":\"PropertyValueSpecification\",\"valueRequired\":true,\"valueName\":\"search_term_string\"}}],\"inLanguage\":\"hu\"},{\"@type\":\"Organization\",\"@id\":\"https:\/\/www.hnhlcranes.com\/#organization\",\"name\":\"Crane Parts Manufacturer\",\"url\":\"https:\/\/www.hnhlcranes.com\/\",\"logo\":{\"@type\":\"ImageObject\",\"inLanguage\":\"hu\",\"@id\":\"https:\/\/www.hnhlcranes.com\/#\/schema\/logo\/image\/\",\"url\":\"https:\/\/www.hnhlcranes.com\/wp-content\/uploads\/2025\/01\/HL-logo-1.png\",\"contentUrl\":\"https:\/\/www.hnhlcranes.com\/wp-content\/uploads\/2025\/01\/HL-logo-1.png\",\"width\":600,\"height\":169,\"caption\":\"Crane Parts Manufacturer\"},\"image\":{\"@id\":\"https:\/\/www.hnhlcranes.com\/#\/schema\/logo\/image\/\"}}]}<\/script>\n<!-- \/ Yoast SEO plugin. -->","yoast_head_json":{"title":"CGEK Rail Clip - Rail Clamp- Rail fixing device-Crane Parts Manufacturer","description":"Rail Clips,CGEK Rail Clip,Crane Rail Clips,Rail fixing device,Crane Rail fixing device,crane Rail Clamp,WJK Rail Clips,Overhead Crane Rail Clip","robots":{"index":"index","follow":"follow","max-snippet":"max-snippet:-1","max-image-preview":"max-image-preview:large","max-video-preview":"max-video-preview:-1"},"canonical":"https:\/\/www.hnhlcranes.com\/hu\/termek\/cgek-sinkapocs\/","og_locale":"hu_HU","og_type":"article","og_title":"CGEK Rail Clip - Rail Clamp- Rail fixing device-Crane Parts Manufacturer","og_description":"Rail Clips,CGEK Rail Clip,Crane Rail Clips,Rail fixing device,Crane Rail fixing device,crane Rail Clamp,WJK Rail Clips,Overhead Crane Rail Clip","og_url":"https:\/\/www.hnhlcranes.com\/hu\/termek\/cgek-sinkapocs\/","og_site_name":"Crane Parts Manufacturer","article_modified_time":"2025-01-10T09:43:16+00:00","og_image":[{"width":600,"height":600,"url":"https:\/\/www.hnhlcranes.com\/wp-content\/uploads\/2024\/11\/CGEK-Rail-Clip.jpg","type":"image\/jpeg"}],"twitter_card":"summary_large_image","twitter_misc":{"Becs\u00fclt olvas\u00e1si id\u0151":"3 perc"},"schema":{"@context":"https:\/\/schema.org","@graph":[{"@type":"WebPage","@id":"https:\/\/www.hnhlcranes.com\/product\/cgek-rail-clip\/","url":"https:\/\/www.hnhlcranes.com\/product\/cgek-rail-clip\/","name":"CGEK Rail Clip - Rail Clamp- Rail fixing device-Crane Parts Manufacturer","isPartOf":{"@id":"https:\/\/www.hnhlcranes.com\/#website"},"primaryImageOfPage":{"@id":"https:\/\/www.hnhlcranes.com\/product\/cgek-rail-clip\/#primaryimage"},"image":{"@id":"https:\/\/www.hnhlcranes.com\/product\/cgek-rail-clip\/#primaryimage"},"thumbnailUrl":"https:\/\/www.hnhlcranes.com\/wp-content\/uploads\/2024\/11\/CGEK-Rail-Clip.jpg","datePublished":"2024-11-29T14:04:09+00:00","dateModified":"2025-01-10T09:43:16+00:00","description":"Rail Clips,CGEK Rail Clip,Crane Rail Clips,Rail fixing device,Crane Rail fixing device,crane Rail Clamp,WJK Rail Clips,Overhead Crane Rail Clip","breadcrumb":{"@id":"https:\/\/www.hnhlcranes.com\/product\/cgek-rail-clip\/#breadcrumb"},"inLanguage":"hu","potentialAction":[{"@type":"ReadAction","target":["https:\/\/www.hnhlcranes.com\/product\/cgek-rail-clip\/"]}]},{"@type":"ImageObject","inLanguage":"hu","@id":"https:\/\/www.hnhlcranes.com\/product\/cgek-rail-clip\/#primaryimage","url":"https:\/\/www.hnhlcranes.com\/wp-content\/uploads\/2024\/11\/CGEK-Rail-Clip.jpg","contentUrl":"https:\/\/www.hnhlcranes.com\/wp-content\/uploads\/2024\/11\/CGEK-Rail-Clip.jpg","width":600,"height":600},{"@type":"BreadcrumbList","@id":"https:\/\/www.hnhlcranes.com\/product\/cgek-rail-clip\/#breadcrumb","itemListElement":[{"@type":"ListItem","position":1,"name":"home","item":"https:\/\/www.hnhlcranes.com\/"},{"@type":"ListItem","position":2,"name":"products","item":"https:\/\/www.hnhlcranes.com\/products\/"},{"@type":"ListItem","position":3,"name":"CGEK Rail Clip"}]},{"@type":"WebSite","@id":"https:\/\/www.hnhlcranes.com\/#website","url":"https:\/\/www.hnhlcranes.com\/","name":"Crane Parts Manufacturer","description":"Crane Wheels,Crane Drums,Crane Hooks,Crane Coupling,Crane End Carriage,Electric Hoist,European Crane Parts,Crane Rail Clip,Crane Spreader,Crane Motor,Crane Reducer,Crane Brake,Light Crane Parts,Workstation Crane Parts,Crane Electrical Parts,China Crane Parts Supplier,China Crane Parts Manufacturer,Angle box type crane wheel,45 degree split crane wheel,European crane wheel,Crane Wheel Blocks,Overhead crane drum,European crane drum,Overhead crane hook,European crane hook,Crane pulley block,Gear coupling,Brake wheel coupling,Drum gear coupling,Brake wheel drum gear coupling,Cardan Shaft Coupling,WZL drum coupling,Plum blossom elastic coupling,Brake wheel plum elastic coupling,European Single girder crane end carriage,European Double girder crane end carriage,European Suspension  crane end carriage,Wire Rope Electric Hoist,Electric Chain Hoist,European Single Girder Wire Rope Electric Hoist,European Double Girder Wire Rope Electric Hoist,Crane grab,Container spreader,Billet crane clamps,C-type hook,Lifting Electromagnet,YZR crane motor,YZP crane motor,ZQ Reducer,ZSC Reducer,QJ Reducer,QJ-L Reducer,QJY Reducer,H series gearbox,F Series Gear Motor,K Series Gear Motor,R Series Gear Motor,travelling machinery gear motor,Electro hydraulic drum brake,Electro hydraulic disc brake,Crane Safety brake,Crane cable trolley,Crane remote controller,Crane pendant controller,Crane electrical control cabinet,Crane limit switch,Crane sound and light alarm,Heavy Duty Aviation Connector,Crane overload limiter","publisher":{"@id":"https:\/\/www.hnhlcranes.com\/#organization"},"potentialAction":[{"@type":"SearchAction","target":{"@type":"EntryPoint","urlTemplate":"https:\/\/www.hnhlcranes.com\/?s={search_term_string}"},"query-input":{"@type":"PropertyValueSpecification","valueRequired":true,"valueName":"search_term_string"}}],"inLanguage":"hu"},{"@type":"Organization","@id":"https:\/\/www.hnhlcranes.com\/#organization","name":"Crane Parts Manufacturer","url":"https:\/\/www.hnhlcranes.com\/","logo":{"@type":"ImageObject","inLanguage":"hu","@id":"https:\/\/www.hnhlcranes.com\/#\/schema\/logo\/image\/","url":"https:\/\/www.hnhlcranes.com\/wp-content\/uploads\/2025\/01\/HL-logo-1.png","contentUrl":"https:\/\/www.hnhlcranes.com\/wp-content\/uploads\/2025\/01\/HL-logo-1.png","width":600,"height":169,"caption":"Crane Parts Manufacturer"},"image":{"@id":"https:\/\/www.hnhlcranes.com\/#\/schema\/logo\/image\/"}}]}},"_links":{"self":[{"href":"https:\/\/www.hnhlcranes.com\/hu\/wp-json\/wp\/v2\/product\/5528","targetHints":{"allow":["GET"]}}],"collection":[{"href":"https:\/\/www.hnhlcranes.com\/hu\/wp-json\/wp\/v2\/product"}],"about":[{"href":"https:\/\/www.hnhlcranes.com\/hu\/wp-json\/wp\/v2\/types\/product"}],"version-history":[{"count":4,"href":"https:\/\/www.hnhlcranes.com\/hu\/wp-json\/wp\/v2\/product\/5528\/revisions"}],"predecessor-version":[{"id":7195,"href":"https:\/\/www.hnhlcranes.com\/hu\/wp-json\/wp\/v2\/product\/5528\/revisions\/7195"}],"wp:featuredmedia":[{"embeddable":true,"href":"https:\/\/www.hnhlcranes.com\/hu\/wp-json\/wp\/v2\/media\/7102"}],"wp:attachment":[{"href":"https:\/\/www.hnhlcranes.com\/hu\/wp-json\/wp\/v2\/media?parent=5528"}],"wp:term":[{"taxonomy":"product_brand","embeddable":true,"href":"https:\/\/www.hnhlcranes.com\/hu\/wp-json\/wp\/v2\/product_brand?post=5528"},{"taxonomy":"product_cat","embeddable":true,"href":"https:\/\/www.hnhlcranes.com\/hu\/wp-json\/wp\/v2\/product_cat?post=5528"},{"taxonomy":"product_tag","embeddable":true,"href":"https:\/\/www.hnhlcranes.com\/hu\/wp-json\/wp\/v2\/product_tag?post=5528"}],"curies":[{"name":"wp","href":"https:\/\/api.w.org\/{rel}","templated":true}]}}