{"id":5544,"date":"2024-11-29T22:40:44","date_gmt":"2024-11-29T14:40:44","guid":{"rendered":"https:\/\/www.hnhlcranes.com\/?post_type=product&#038;p=5544"},"modified":"2025-01-10T18:14:36","modified_gmt":"2025-01-10T10:14:36","slug":"hdgy-sinkapocs","status":"publish","type":"product","link":"https:\/\/www.hnhlcranes.com\/hu\/termek\/hdgy-sinkapocs\/","title":{"rendered":"HDGY s\u00ednkapocs"},"content":{"rendered":"<h3><strong>A HDGY Rail Clip jellemz\u0151i<\/strong><\/h3>\n<h4><strong>Rugalmas r\u00f6gz\u00edt\u00e9s \u00e9s cs\u00f6kkentett kop\u00e1s<\/strong><\/h4>\n<p>A <strong>HDGY s\u00ednkapocs<\/strong> kifejezetten arra tervezt\u00e9k, hogy rugalmasan r\u00f6gz\u00edtse a s\u00edneket a betondaru gerend\u00e1khoz. Ez a kialak\u00edt\u00e1s cs\u00f6kkenti a s\u00ednfej kop\u00e1s\u00e1t, minimaliz\u00e1lja a daru gerend\u00e1ra gyakorolt hat\u00e1st, cs\u00f6kkenti a daruker\u00e9k perem\u00e9nek kop\u00e1s\u00e1t \u00e9s cs\u00f6kkenti a zajszintet. Ennek eredm\u00e9nyek\u00e9ppen a rendszer n\u00f6veli a daru m\u0171k\u00f6d\u00e9s\u00e9nek hossz\u00fa \u00e9lettartam\u00e1t \u00e9s hat\u00e9konys\u00e1g\u00e1t.<\/p>\n<h4><strong>Fokozott stabilit\u00e1s rugalmas kompozit gumip\u00e1rn\u00e1val<\/strong><\/h4>\n<p>A HDGY s\u00ednkapocs a s\u00edn \u00e9s a daru gerend\u00e1ja k\u00f6z\u00f6tti rugalmas kompozit gumip\u00e1rna be\u00e9p\u00edt\u00e9s\u00e9vel jelent\u0151sen n\u00f6veli a s\u00farl\u00f3d\u00e1st, megakad\u00e1lyozva a s\u00edn elmozdul\u00e1s\u00e1t. Ezenk\u00edv\u00fcl ez a funkci\u00f3 kik\u00fcsz\u00f6b\u00f6li vagy minimaliz\u00e1lja az egyenetlen h\u00e9zagokat a s\u00edn hossz\u00e1ban, ami jobb csavarfesz\u00fclts\u00e9g-eloszl\u00e1st eredm\u00e9nyez a r\u00f6gz\u00edt\u0151lemezeken, tov\u00e1bb jav\u00edtva a rendszer \u00e1ltal\u00e1nos stabilit\u00e1s\u00e1t.<\/p>\n<h4><strong>Optim\u00e1lis fesz\u00fclts\u00e9geloszl\u00e1s<\/strong><\/h4>\n<p>A gumip\u00e1rn\u00e1t enyh\u00e9n dombor\u00fa keresztmetszettel tervezt\u00e9k a fesz\u00fclts\u00e9g \u00e9sszer\u0171 eloszl\u00e1s\u00e1nak biztos\u00edt\u00e1sa \u00e9rdek\u00e9ben. Ezen t\u00falmen\u0151en a bet\u00e9ten tal\u00e1lhat\u00f3 kis n\u00e9gysz\u00f6gletes bord\u00e1k fokozz\u00e1k a s\u00ednnel val\u00f3 \u00e9rintkez\u00e9st, n\u00f6velik a rugalmass\u00e1got \u00e9s hat\u00e9kony rezg\u00e9scsillap\u00edt\u00e1st biztos\u00edtanak, ami v\u00e9gs\u0151 soron hozz\u00e1j\u00e1rul a z\u00f6kken\u0151mentesebb m\u0171k\u00f6d\u00e9shez \u00e9s a kisebb kop\u00e1shoz.<\/p>\n<h4><strong>Tart\u00f3s kialak\u00edt\u00e1s<\/strong><\/h4>\n<p>A gumip\u00e1rna t\u00e9glalap alak\u00fa bar\u00e1zd\u00e1kkal rendelkezik, amelyek minimaliz\u00e1lj\u00e1k a terhel\u00e9s alatti oldalir\u00e1ny\u00fa deform\u00e1ci\u00f3t, \u00e9s cs\u00f6kkentik a t\u00f6m\u00f6r\u00edt\u00e9sb\u0151l ered\u0151 fel\u00fcleti s\u00e9r\u00fcl\u00e9seket. Tov\u00e1bb\u00e1 a kezelt ac\u00e9l meger\u0151s\u00edt\u00e9ssel a HDGY s\u00ednkapocs szerkezete rendk\u00edv\u00fcl tart\u00f3s, 2 milli\u00f3 f\u00e1rad\u00e1si ciklus ut\u00e1n is kiv\u00e1l\u00f3 teljes\u00edtm\u00e9nyt ny\u00fajt, biztos\u00edtva a hossz\u00fa t\u00e1v\u00fa megb\u00edzhat\u00f3s\u00e1got.<\/p>\n<h4><strong>Biztons\u00e1gos \u00e9s szimmetrikus r\u00f6gz\u00edt\u0151lemezek<\/strong><\/h4>\n<p>A r\u00f6gz\u00edt\u0151lemezek biztons\u00e1gosan r\u00f6gz\u00fclnek a daru gerend\u00e1j\u00e1hoz, \u00edgy ellen\u00e1llnak a meglazul\u00e1snak \u00e9s minim\u00e1lisra cs\u00f6kkentik a daru gerend\u00e1j\u00e1nak kop\u00e1s\u00e1t. A szor\u00edt\u00f3lapok szimmetrikus kialak\u00edt\u00e1sa a keresztmetszetben \u00e9k alak\u00fa szerkezetet alkot, amely hat\u00e9konyan korl\u00e1tozza a s\u00edn oldalir\u00e1ny\u00fa elmozdul\u00e1s\u00e1t, ami biztos\u00edtja a stabilit\u00e1st a daru m\u0171k\u00f6d\u00e9se sor\u00e1n.<\/p>\n<h4><strong>Be\u00e1ll\u00edthat\u00f3s\u00e1g a telep\u00edt\u00e9shez \u00e9s karbantart\u00e1shoz<\/strong><\/h4>\n<p>A szerel\u00e9s \u00e9s karbantart\u00e1s egyszer\u0171s\u00edt\u00e9se \u00e9rdek\u00e9ben a r\u00f6gz\u00edt\u0151lemezen tal\u00e1lhat\u00f3 ellipszis alak\u00fa ny\u00edl\u00e1sok lehet\u0151v\u00e9 teszik az oldalir\u00e1ny\u00fa be\u00e1ll\u00edt\u00e1st. Ezenk\u00edv\u00fcl a cs\u00fasz\u00e1sg\u00e1tl\u00f3 blokkokkal p\u00e1ros\u00edtott ferde lyukak megakad\u00e1lyozz\u00e1k a bilincs elmozdul\u00e1s\u00e1t, \u00e9s megk\u00f6nny\u00edtik az oldalir\u00e1ny\u00fa igaz\u00edt\u00e1st a telep\u00edt\u00e9s vagy karbantart\u00e1s sor\u00e1n, biztos\u00edtva a pontos be\u00e1ll\u00edt\u00e1sokat \u00e9s a k\u00f6nny\u0171 kezelhet\u0151s\u00e9get.<\/p>\n<h4><strong>Tolerancia a vas\u00fati mozg\u00e1sra<\/strong><\/h4>\n<p>A rendszert \u00fagy tervezt\u00e9k, hogy a daru m\u0171k\u00f6d\u00e9se sor\u00e1n a s\u00edn enyhe mozg\u00e1s\u00e1t is el tudja fogadni. Ez biztos\u00edtja a rugalmass\u00e1got a stabilit\u00e1s vesz\u00e9lyeztet\u00e9se n\u00e9lk\u00fcl, lehet\u0151v\u00e9 t\u00e9ve a hat\u00e9kony mozg\u00e1st a s\u00edn- \u00e9s darurendszer integrit\u00e1s\u00e1nak meg\u0151rz\u00e9se mellett.<\/p>\n<h3><strong>A HDGY s\u00ednkapocs szerel\u00e9si l\u00e9p\u00e9sei<\/strong><\/h3>\n<h4><strong>A gumip\u00e1rna elhelyez\u00e9se<\/strong><\/h4>\n<p>El\u0151sz\u00f6r is helyezze a gumip\u00e1rn\u00e1t a s\u00ednnel p\u00e1rhuzamosan, a s\u00edn alatt elhelyezett t\u00e9glalap alak\u00fa bord\u00e1kkal \u00e9s hornyokkal p\u00e1rhuzamosan. \u00dcgyeljen arra, hogy a p\u00e1rna mer\u0151legesen \u00e1lljon a s\u00edn k\u00f6z\u00e9pvonal\u00e1ra, \u00e9s mindk\u00e9t oldalon megfelel\u0151en helyezkedjen el a csavarokhoz k\u00e9pest. Ez biztos\u00edtja a pontos elhelyez\u00e9st \u00e9s igaz\u00edt\u00e1st az optim\u00e1lis teljes\u00edtm\u00e9ny \u00e9rdek\u00e9ben.<\/p>\n<h4><strong>Az alapr\u00e9teg el\u0151k\u00e9sz\u00edt\u00e9se<\/strong><\/h4>\n<p>Miel\u0151tt a gumilapot a beton alapr\u00e9tegre helyezn\u00e9, alaposan tiszt\u00edtsa meg a fel\u00fcletet, hogy elt\u00e1vol\u00edtsa a t\u00f6rmel\u00e9ket. Ez a l\u00e9p\u00e9s alapvet\u0151 fontoss\u00e1g\u00fa annak biztos\u00edt\u00e1sa \u00e9rdek\u00e9ben, hogy ne legyen olyan szennyez\u0151d\u00e9s, amely cs\u00f6kkentheti a rendszer teljes\u00edtm\u00e9ny\u00e9t.<\/p>\n<h4><strong>A r\u00f6gz\u00edt\u0151lemez \u00f6sszeszerel\u00e9se<\/strong><\/h4>\n<p>K\u00f6vesse az al\u00e1bbi l\u00e9p\u00e9seket az \u00f6sszeszerel\u00e9s sor\u00e1n:<\/p>\n<ul>\n<li>Helyezze be a csavarokat a vasbeton daru gerend\u00e1n l\u00e9v\u0151 el\u0151f\u00fart lyukakba.<\/li>\n<li>Helyezze a szor\u00edt\u00f3lap test\u00e9t az alapra.<\/li>\n<li>A stabilit\u00e1s fokoz\u00e1sa \u00e9rdek\u00e9ben tegye hozz\u00e1 a cs\u00fasz\u00e1sg\u00e1tl\u00f3 blokkot a s\u00edn fel\u00e9 n\u00e9z\u0151 kis v\u00e9g\u00e9vel.<\/li>\n<li>Csatlakoztassa a rug\u00f3s al\u00e1t\u00e9tet \u00e9s az any\u00e1t, majd el\u0151h\u00fazza a szerelv\u00e9nyt.<\/li>\n<li>\u00c1ll\u00edtsa be a r\u00f6gz\u00edt\u0151lapot \u00fagy, hogy szorosan a s\u00ednszeg\u00e9lyhez nyom\u00f3djon.<\/li>\n<li>V\u00e9g\u00fcl h\u00fazza meg teljesen a csavarokat, hogy az alkatr\u00e9szeket a hely\u00fckre r\u00f6gz\u00edtse.<\/li>\n<\/ul>\n<h4><strong>A r\u00f6gz\u00edt\u0151lemez be\u00e1ll\u00edt\u00e1sa<\/strong><\/h4>\n<p>Gy\u0151z\u0151dj\u00f6n meg arr\u00f3l, hogy a r\u00f6gz\u00edt\u0151lemez k\u00f6z\u00e9pvonala mer\u0151leges a s\u00edn k\u00f6z\u00e9pvonal\u00e1ra, ferdes\u00e9g n\u00e9lk\u00fcl. Ez a l\u00e9p\u00e9s garant\u00e1lja, hogy a szor\u00edt\u00f3lap megfelel\u0151en igazodik a s\u00edn optim\u00e1lis r\u00f6gz\u00edt\u00e9s\u00e9hez \u00e9s a rendszer \u00e1ltal\u00e1nos teljes\u00edtm\u00e9ny\u00e9hez.<\/p>","protected":false},"excerpt":{"rendered":"<h6><span style=\"font-family: arial, helvetica, sans-serif; font-size: 14pt;\"><strong>A HDGY Rail Clip specifik\u00e1ci\u00f3i<\/strong><\/span><\/h6>\n<ul>\n<li><strong>Modellek:<\/strong> HDGY24, HDGY38A, HDGY38B, HDGY43, HDGY50, HDGY70, HDGY80, HDGY100, HDGY120<\/li>\n<li><strong>R\u00f6gz\u00edt\u00e9si m\u00f3dszer:<\/strong> Csavaros r\u00f6gz\u00edt\u00e9s<\/li>\n<\/ul>","protected":false},"featured_media":7117,"template":"","meta":{"_kad_post_transparent":"default","_kad_post_title":"","_kad_post_layout":"default","_kad_post_sidebar_id":"","_kad_post_content_style":"default","_kad_post_vertical_padding":"show","_kad_post_feature":"","_kad_post_feature_position":"","_kad_post_header":false,"_kad_post_footer":false},"product_brand":[],"product_cat":[83],"product_tag":[483,482,481,480,376,489,486,490,488,484,492,487,485,493,478,491,477,479],"class_list":{"0":"post-5544","1":"product","2":"type-product","3":"status-publish","4":"has-post-thumbnail","6":"product_cat-crane-rail-clip","7":"product_tag-05g525-rail-clip","8":"product_tag-cgbk-rail-clip","9":"product_tag-cgek-rail-clip","10":"product_tag-cgwk-rail-clip","11":"product_tag-china-crane-parts-supplier","12":"product_tag-crane-rail-clamp","13":"product_tag-crane-rail-clip","14":"product_tag-crane-rail-clip-supplier","15":"product_tag-crane-rail-fixing-device","16":"product_tag-hdgy-rail-clip","17":"product_tag-rail-connection-splint","18":"product_tag-rail-fixing-device","19":"product_tag-rail-joint","20":"product_tag-special-crane-spreader","21":"product_tag-swjk-rail-clip","22":"product_tag-tracks-jointing-plates","23":"product_tag-wjk-rail-clip","24":"product_tag-wjkc-rail-clip","26":"first","27":"instock","28":"shipping-taxable","29":"product-type-simple","30":"entry","31":"content-bg","32":"loop-entry"},"yoast_head":"<!-- This site is optimized with the Yoast SEO plugin v24.5 - https:\/\/yoast.com\/wordpress\/plugins\/seo\/ -->\n<title>HDGY Rail Clip - Crane Rail fixing device-crane Rail Clamp- Crane Parts Manufacturer<\/title>\n<meta name=\"description\" content=\"Rail Clips,HDGY Rail Clip,Crane Rail Clips,Rail fixing device,Crane Rail fixing device,crane Rail Clamp,WJK Rail Clips,Overhead Crane Rail Clip\" \/>\n<meta name=\"robots\" content=\"index, follow, max-snippet:-1, max-image-preview:large, max-video-preview:-1\" \/>\n<link rel=\"canonical\" href=\"https:\/\/www.hnhlcranes.com\/hu\/termek\/hdgy-sinkapocs\/\" \/>\n<meta property=\"og:locale\" content=\"hu_HU\" \/>\n<meta property=\"og:type\" content=\"article\" \/>\n<meta property=\"og:title\" content=\"HDGY Rail Clip - Crane Rail fixing device-crane Rail Clamp- Crane Parts Manufacturer\" \/>\n<meta property=\"og:description\" content=\"Rail Clips,HDGY Rail Clip,Crane Rail Clips,Rail fixing device,Crane Rail fixing device,crane Rail Clamp,WJK Rail Clips,Overhead Crane Rail Clip\" \/>\n<meta property=\"og:url\" content=\"https:\/\/www.hnhlcranes.com\/hu\/termek\/hdgy-sinkapocs\/\" \/>\n<meta property=\"og:site_name\" content=\"Crane Parts Manufacturer\" \/>\n<meta property=\"article:modified_time\" content=\"2025-01-10T10:14:36+00:00\" \/>\n<meta property=\"og:image\" content=\"https:\/\/www.hnhlcranes.com\/wp-content\/uploads\/2024\/11\/HDGY-Rail-Clip.jpg\" \/>\n\t<meta property=\"og:image:width\" content=\"600\" \/>\n\t<meta property=\"og:image:height\" content=\"600\" \/>\n\t<meta property=\"og:image:type\" content=\"image\/jpeg\" \/>\n<meta name=\"twitter:card\" content=\"summary_large_image\" \/>\n<meta name=\"twitter:label1\" content=\"Becs\u00fclt olvas\u00e1si id\u0151\" \/>\n\t<meta name=\"twitter:data1\" content=\"3 perc\" \/>\n<script type=\"application\/ld+json\" class=\"yoast-schema-graph\">{\"@context\":\"https:\/\/schema.org\",\"@graph\":[{\"@type\":\"WebPage\",\"@id\":\"https:\/\/www.hnhlcranes.com\/product\/hdgy-rail-clip\/\",\"url\":\"https:\/\/www.hnhlcranes.com\/product\/hdgy-rail-clip\/\",\"name\":\"HDGY Rail Clip - Crane Rail fixing device-crane Rail Clamp- Crane Parts Manufacturer\",\"isPartOf\":{\"@id\":\"https:\/\/www.hnhlcranes.com\/#website\"},\"primaryImageOfPage\":{\"@id\":\"https:\/\/www.hnhlcranes.com\/product\/hdgy-rail-clip\/#primaryimage\"},\"image\":{\"@id\":\"https:\/\/www.hnhlcranes.com\/product\/hdgy-rail-clip\/#primaryimage\"},\"thumbnailUrl\":\"https:\/\/www.hnhlcranes.com\/wp-content\/uploads\/2024\/11\/HDGY-Rail-Clip.jpg\",\"datePublished\":\"2024-11-29T14:40:44+00:00\",\"dateModified\":\"2025-01-10T10:14:36+00:00\",\"description\":\"Rail Clips,HDGY Rail Clip,Crane Rail Clips,Rail fixing device,Crane Rail fixing device,crane Rail Clamp,WJK Rail Clips,Overhead Crane Rail Clip\",\"breadcrumb\":{\"@id\":\"https:\/\/www.hnhlcranes.com\/product\/hdgy-rail-clip\/#breadcrumb\"},\"inLanguage\":\"hu\",\"potentialAction\":[{\"@type\":\"ReadAction\",\"target\":[\"https:\/\/www.hnhlcranes.com\/product\/hdgy-rail-clip\/\"]}]},{\"@type\":\"ImageObject\",\"inLanguage\":\"hu\",\"@id\":\"https:\/\/www.hnhlcranes.com\/product\/hdgy-rail-clip\/#primaryimage\",\"url\":\"https:\/\/www.hnhlcranes.com\/wp-content\/uploads\/2024\/11\/HDGY-Rail-Clip.jpg\",\"contentUrl\":\"https:\/\/www.hnhlcranes.com\/wp-content\/uploads\/2024\/11\/HDGY-Rail-Clip.jpg\",\"width\":600,\"height\":600},{\"@type\":\"BreadcrumbList\",\"@id\":\"https:\/\/www.hnhlcranes.com\/product\/hdgy-rail-clip\/#breadcrumb\",\"itemListElement\":[{\"@type\":\"ListItem\",\"position\":1,\"name\":\"home\",\"item\":\"https:\/\/www.hnhlcranes.com\/\"},{\"@type\":\"ListItem\",\"position\":2,\"name\":\"products\",\"item\":\"https:\/\/www.hnhlcranes.com\/products\/\"},{\"@type\":\"ListItem\",\"position\":3,\"name\":\"HDGY Rail Clip\"}]},{\"@type\":\"WebSite\",\"@id\":\"https:\/\/www.hnhlcranes.com\/#website\",\"url\":\"https:\/\/www.hnhlcranes.com\/\",\"name\":\"Crane Parts Manufacturer\",\"description\":\"Crane Wheels,Crane Drums,Crane Hooks,Crane Coupling,Crane End Carriage,Electric Hoist,European Crane Parts,Crane Rail Clip,Crane Spreader,Crane Motor,Crane Reducer,Crane Brake,Light Crane Parts,Workstation Crane Parts,Crane Electrical Parts,China Crane Parts Supplier,China Crane Parts Manufacturer,Angle box type crane wheel,45 degree split crane wheel,European crane wheel,Crane Wheel Blocks,Overhead crane drum,European crane drum,Overhead crane hook,European crane hook,Crane pulley block,Gear coupling,Brake wheel coupling,Drum gear coupling,Brake wheel drum gear coupling,Cardan Shaft Coupling,WZL drum coupling,Plum blossom elastic coupling,Brake wheel plum elastic coupling,European Single girder crane end carriage,European Double girder crane end carriage,European Suspension  crane end carriage,Wire Rope Electric Hoist,Electric Chain Hoist,European Single Girder Wire Rope Electric Hoist,European Double Girder Wire Rope Electric Hoist,Crane grab,Container spreader,Billet crane clamps,C-type hook,Lifting Electromagnet,YZR crane motor,YZP crane motor,ZQ Reducer,ZSC Reducer,QJ Reducer,QJ-L Reducer,QJY Reducer,H series gearbox,F Series Gear Motor,K Series Gear Motor,R Series Gear Motor,travelling machinery gear motor,Electro hydraulic drum brake,Electro hydraulic disc brake,Crane Safety brake,Crane cable trolley,Crane remote controller,Crane pendant controller,Crane electrical control cabinet,Crane limit switch,Crane sound and light alarm,Heavy Duty Aviation Connector,Crane overload limiter\",\"publisher\":{\"@id\":\"https:\/\/www.hnhlcranes.com\/#organization\"},\"potentialAction\":[{\"@type\":\"SearchAction\",\"target\":{\"@type\":\"EntryPoint\",\"urlTemplate\":\"https:\/\/www.hnhlcranes.com\/?s={search_term_string}\"},\"query-input\":{\"@type\":\"PropertyValueSpecification\",\"valueRequired\":true,\"valueName\":\"search_term_string\"}}],\"inLanguage\":\"hu\"},{\"@type\":\"Organization\",\"@id\":\"https:\/\/www.hnhlcranes.com\/#organization\",\"name\":\"Crane Parts Manufacturer\",\"url\":\"https:\/\/www.hnhlcranes.com\/\",\"logo\":{\"@type\":\"ImageObject\",\"inLanguage\":\"hu\",\"@id\":\"https:\/\/www.hnhlcranes.com\/#\/schema\/logo\/image\/\",\"url\":\"https:\/\/www.hnhlcranes.com\/wp-content\/uploads\/2025\/01\/HL-logo-1.png\",\"contentUrl\":\"https:\/\/www.hnhlcranes.com\/wp-content\/uploads\/2025\/01\/HL-logo-1.png\",\"width\":600,\"height\":169,\"caption\":\"Crane Parts Manufacturer\"},\"image\":{\"@id\":\"https:\/\/www.hnhlcranes.com\/#\/schema\/logo\/image\/\"}}]}<\/script>\n<!-- \/ Yoast SEO plugin. -->","yoast_head_json":{"title":"HDGY Rail Clip - Crane Rail fixing device-crane Rail Clamp- Crane Parts Manufacturer","description":"Rail Clips,HDGY Rail Clip,Crane Rail Clips,Rail fixing device,Crane Rail fixing device,crane Rail Clamp,WJK Rail Clips,Overhead Crane Rail Clip","robots":{"index":"index","follow":"follow","max-snippet":"max-snippet:-1","max-image-preview":"max-image-preview:large","max-video-preview":"max-video-preview:-1"},"canonical":"https:\/\/www.hnhlcranes.com\/hu\/termek\/hdgy-sinkapocs\/","og_locale":"hu_HU","og_type":"article","og_title":"HDGY Rail Clip - Crane Rail fixing device-crane Rail Clamp- Crane Parts Manufacturer","og_description":"Rail Clips,HDGY Rail Clip,Crane Rail Clips,Rail fixing device,Crane Rail fixing device,crane Rail Clamp,WJK Rail Clips,Overhead Crane Rail Clip","og_url":"https:\/\/www.hnhlcranes.com\/hu\/termek\/hdgy-sinkapocs\/","og_site_name":"Crane Parts Manufacturer","article_modified_time":"2025-01-10T10:14:36+00:00","og_image":[{"width":600,"height":600,"url":"https:\/\/www.hnhlcranes.com\/wp-content\/uploads\/2024\/11\/HDGY-Rail-Clip.jpg","type":"image\/jpeg"}],"twitter_card":"summary_large_image","twitter_misc":{"Becs\u00fclt olvas\u00e1si id\u0151":"3 perc"},"schema":{"@context":"https:\/\/schema.org","@graph":[{"@type":"WebPage","@id":"https:\/\/www.hnhlcranes.com\/product\/hdgy-rail-clip\/","url":"https:\/\/www.hnhlcranes.com\/product\/hdgy-rail-clip\/","name":"HDGY Rail Clip - Crane Rail fixing device-crane Rail Clamp- Crane Parts Manufacturer","isPartOf":{"@id":"https:\/\/www.hnhlcranes.com\/#website"},"primaryImageOfPage":{"@id":"https:\/\/www.hnhlcranes.com\/product\/hdgy-rail-clip\/#primaryimage"},"image":{"@id":"https:\/\/www.hnhlcranes.com\/product\/hdgy-rail-clip\/#primaryimage"},"thumbnailUrl":"https:\/\/www.hnhlcranes.com\/wp-content\/uploads\/2024\/11\/HDGY-Rail-Clip.jpg","datePublished":"2024-11-29T14:40:44+00:00","dateModified":"2025-01-10T10:14:36+00:00","description":"Rail Clips,HDGY Rail Clip,Crane Rail Clips,Rail fixing device,Crane Rail fixing device,crane Rail Clamp,WJK Rail Clips,Overhead Crane Rail Clip","breadcrumb":{"@id":"https:\/\/www.hnhlcranes.com\/product\/hdgy-rail-clip\/#breadcrumb"},"inLanguage":"hu","potentialAction":[{"@type":"ReadAction","target":["https:\/\/www.hnhlcranes.com\/product\/hdgy-rail-clip\/"]}]},{"@type":"ImageObject","inLanguage":"hu","@id":"https:\/\/www.hnhlcranes.com\/product\/hdgy-rail-clip\/#primaryimage","url":"https:\/\/www.hnhlcranes.com\/wp-content\/uploads\/2024\/11\/HDGY-Rail-Clip.jpg","contentUrl":"https:\/\/www.hnhlcranes.com\/wp-content\/uploads\/2024\/11\/HDGY-Rail-Clip.jpg","width":600,"height":600},{"@type":"BreadcrumbList","@id":"https:\/\/www.hnhlcranes.com\/product\/hdgy-rail-clip\/#breadcrumb","itemListElement":[{"@type":"ListItem","position":1,"name":"home","item":"https:\/\/www.hnhlcranes.com\/"},{"@type":"ListItem","position":2,"name":"products","item":"https:\/\/www.hnhlcranes.com\/products\/"},{"@type":"ListItem","position":3,"name":"HDGY Rail Clip"}]},{"@type":"WebSite","@id":"https:\/\/www.hnhlcranes.com\/#website","url":"https:\/\/www.hnhlcranes.com\/","name":"Crane Parts Manufacturer","description":"Crane Wheels,Crane Drums,Crane Hooks,Crane Coupling,Crane End Carriage,Electric Hoist,European Crane Parts,Crane Rail Clip,Crane Spreader,Crane Motor,Crane Reducer,Crane Brake,Light Crane Parts,Workstation Crane Parts,Crane Electrical Parts,China Crane Parts Supplier,China Crane Parts Manufacturer,Angle box type crane wheel,45 degree split crane wheel,European crane wheel,Crane Wheel Blocks,Overhead crane drum,European crane drum,Overhead crane hook,European crane hook,Crane pulley block,Gear coupling,Brake wheel coupling,Drum gear coupling,Brake wheel drum gear coupling,Cardan Shaft Coupling,WZL drum coupling,Plum blossom elastic coupling,Brake wheel plum elastic coupling,European Single girder crane end carriage,European Double girder crane end carriage,European Suspension  crane end carriage,Wire Rope Electric Hoist,Electric Chain Hoist,European Single Girder Wire Rope Electric Hoist,European Double Girder Wire Rope Electric Hoist,Crane grab,Container spreader,Billet crane clamps,C-type hook,Lifting Electromagnet,YZR crane motor,YZP crane motor,ZQ Reducer,ZSC Reducer,QJ Reducer,QJ-L Reducer,QJY Reducer,H series gearbox,F Series Gear Motor,K Series Gear Motor,R Series Gear Motor,travelling machinery gear motor,Electro hydraulic drum brake,Electro hydraulic disc brake,Crane Safety brake,Crane cable trolley,Crane remote controller,Crane pendant controller,Crane electrical control cabinet,Crane limit switch,Crane sound and light alarm,Heavy Duty Aviation Connector,Crane overload limiter","publisher":{"@id":"https:\/\/www.hnhlcranes.com\/#organization"},"potentialAction":[{"@type":"SearchAction","target":{"@type":"EntryPoint","urlTemplate":"https:\/\/www.hnhlcranes.com\/?s={search_term_string}"},"query-input":{"@type":"PropertyValueSpecification","valueRequired":true,"valueName":"search_term_string"}}],"inLanguage":"hu"},{"@type":"Organization","@id":"https:\/\/www.hnhlcranes.com\/#organization","name":"Crane Parts Manufacturer","url":"https:\/\/www.hnhlcranes.com\/","logo":{"@type":"ImageObject","inLanguage":"hu","@id":"https:\/\/www.hnhlcranes.com\/#\/schema\/logo\/image\/","url":"https:\/\/www.hnhlcranes.com\/wp-content\/uploads\/2025\/01\/HL-logo-1.png","contentUrl":"https:\/\/www.hnhlcranes.com\/wp-content\/uploads\/2025\/01\/HL-logo-1.png","width":600,"height":169,"caption":"Crane Parts Manufacturer"},"image":{"@id":"https:\/\/www.hnhlcranes.com\/#\/schema\/logo\/image\/"}}]}},"_links":{"self":[{"href":"https:\/\/www.hnhlcranes.com\/hu\/wp-json\/wp\/v2\/product\/5544","targetHints":{"allow":["GET"]}}],"collection":[{"href":"https:\/\/www.hnhlcranes.com\/hu\/wp-json\/wp\/v2\/product"}],"about":[{"href":"https:\/\/www.hnhlcranes.com\/hu\/wp-json\/wp\/v2\/types\/product"}],"version-history":[{"count":3,"href":"https:\/\/www.hnhlcranes.com\/hu\/wp-json\/wp\/v2\/product\/5544\/revisions"}],"predecessor-version":[{"id":7196,"href":"https:\/\/www.hnhlcranes.com\/hu\/wp-json\/wp\/v2\/product\/5544\/revisions\/7196"}],"wp:featuredmedia":[{"embeddable":true,"href":"https:\/\/www.hnhlcranes.com\/hu\/wp-json\/wp\/v2\/media\/7117"}],"wp:attachment":[{"href":"https:\/\/www.hnhlcranes.com\/hu\/wp-json\/wp\/v2\/media?parent=5544"}],"wp:term":[{"taxonomy":"product_brand","embeddable":true,"href":"https:\/\/www.hnhlcranes.com\/hu\/wp-json\/wp\/v2\/product_brand?post=5544"},{"taxonomy":"product_cat","embeddable":true,"href":"https:\/\/www.hnhlcranes.com\/hu\/wp-json\/wp\/v2\/product_cat?post=5544"},{"taxonomy":"product_tag","embeddable":true,"href":"https:\/\/www.hnhlcranes.com\/hu\/wp-json\/wp\/v2\/product_tag?post=5544"}],"curies":[{"name":"wp","href":"https:\/\/api.w.org\/{rel}","templated":true}]}}