{"id":5590,"date":"2024-12-02T21:15:24","date_gmt":"2024-12-02T13:15:24","guid":{"rendered":"https:\/\/www.hnhlcranes.com\/?post_type=product&#038;p=5590"},"modified":"2025-01-17T02:27:00","modified_gmt":"2025-01-16T18:27:00","slug":"europai-egygerendas-drotkotel-elektromos-emelogep","status":"publish","type":"product","link":"https:\/\/www.hnhlcranes.com\/hu\/termek\/europai-egygerendas-drotkotel-elektromos-emelogep\/","title":{"rendered":"Eur\u00f3pai Single Girder dr\u00f3tk\u00f6t\u00e9l elektromos emel\u0151"},"content":{"rendered":"<div class=\"flex max-w-full flex-col flex-grow\">\n<div class=\"min-h-8 text-message flex w-full flex-col items-end gap-2 whitespace-normal break-words [.text-message+&amp;]:mt-5\" dir=\"auto\" data-message-author-role=\"assistant\" data-message-id=\"ea78a6a9-c395-4bcc-8ce3-affe95563cd7\" data-message-model-slug=\"gpt-4o\">\n<div class=\"flex w-full flex-col gap-1 empty:hidden first:pt-[3px]\">\n<div class=\"markdown prose w-full break-words dark:prose-invert light\">\n<div class=\"flex-shrink-0 flex flex-col relative items-end\">\n<div class=\"pt-0\">\n<div class=\"gizmo-bot-avatar flex h-8 w-8 items-center justify-center overflow-hidden rounded-full\">\n<p>A <strong>Eur\u00f3pai Single Girder dr\u00f3tk\u00f6t\u00e9l elektromos emel\u0151<\/strong> egy olyan fejlett emel\u0151berendez\u00e9s, amely egyetlen gerenda kialak\u00edt\u00e1s\u00e1t \u00e9s dr\u00f3tk\u00f6telet haszn\u00e1l els\u0151dleges emel\u0151k\u00f6zegk\u00e9nt. Sz\u00e9les k\u00f6rben haszn\u00e1lj\u00e1k olyan ipari k\u00f6rnyezetben, ahol hat\u00e9kony \u00e9s biztons\u00e1gos emel\u00e9st ig\u00e9nyelnek. Ezt a t\u00edpus\u00fa elektromos emel\u0151t \u00e1ltal\u00e1ban gy\u00e1rakban, rakt\u00e1rakban, logisztikai k\u00f6zpontokban \u00e9s m\u00e1s helyeken alkalmazz\u00e1k, k\u00fcl\u00f6n\u00f6sen olyan k\u00f6rnyezetben, ahol nagy emel\u00e9si magass\u00e1got \u00e9s neh\u00e9z terhek kezel\u00e9s\u00e9t ig\u00e9nylik.<\/p>\n<h3>F\u0151 jellemz\u0151k:<\/h3>\n<ol>\n<li><strong>Egygerend\u00e1s kialak\u00edt\u00e1s<\/strong>: A hagyom\u00e1nyos k\u00e9tt\u00e1masz\u00fa konstrukci\u00f3khoz k\u00e9pest az egyt\u00e1masz\u00fa elrendez\u00e9s kompaktabb \u00e9s egyszer\u0171bb, er\u0151teljes emel\u00e9si k\u00e9pess\u00e9geket k\u00edn\u00e1l, mik\u00f6zben kevesebb helyet foglal el.<\/li>\n<li><strong>Dr\u00f3tk\u00f6t\u00e9l meghajt\u00f3<\/strong>: Ez az emel\u0151g\u00e9p dr\u00f3tk\u00f6telet haszn\u00e1l emel\u0151k\u00f6zegk\u00e9nt, ami a l\u00e1ncos emel\u0151kh\u00f6z k\u00e9pest alkalmasabb\u00e1 teszi nagyobb terhek emel\u00e9s\u00e9re \u00e9s nagyobb t\u00e1vols\u00e1gokban t\u00f6rt\u00e9n\u0151 munkav\u00e9gz\u00e9sre.<\/li>\n<li><strong>Nagy teherb\u00edr\u00e1s<\/strong>: Az eur\u00f3pai egygerend\u00e1s dr\u00f3tk\u00f6t\u00e9l elektromos emel\u0151k jellemz\u0151en nagy emel\u0151kapacit\u00e1ssal rendelkeznek, t\u00f6bb sz\u00e1z kilogrammt\u00f3l t\u00f6bb tonn\u00e1ig, \u00edgy k\u00e9pesek nagy terhek kezel\u00e9s\u00e9re.<\/li>\n<li><strong>Hat\u00e9kony elektromos motor<\/strong>: Nagy hat\u00e9konys\u00e1g\u00fa motorral felszerelve ezek az emel\u0151k hosszabb ideig k\u00e9pesek folyamatosan m\u0171k\u00f6dni, jav\u00edtva a munka termel\u00e9kenys\u00e9g\u00e9t.<\/li>\n<li><strong>Kompakt kialak\u00edt\u00e1s<\/strong>: Az emel\u0151 kompakt kialak\u00edt\u00e1s\u00e1nak k\u00f6sz\u00f6nhet\u0151en helytakar\u00e9kos, \u00edgy ide\u00e1lis a korl\u00e1tozott munkater\u00fclettel rendelkez\u0151 k\u00f6rnyezetben val\u00f3 haszn\u00e1latra.<\/li>\n<li><strong>Sima emel\u00e9s \u00e9s s\u00fcllyeszt\u00e9s<\/strong>: Az emel\u0151 z\u00f6kken\u0151mentes m\u0171k\u00f6d\u00e9st biztos\u00edt mind az emel\u00e9s, mind a leereszt\u00e9s sor\u00e1n, cs\u00f6kkentve a rakom\u00e1nyra \u00e9s a berendez\u00e9sre gyakorolt hat\u00e1st, ami meghosszabb\u00edtja az emel\u0151 \u00e9lettartam\u00e1t.<\/li>\n<li><strong>Biztons\u00e1gi jellemz\u0151k<\/strong>: Jellemz\u0151en t\u00falterhel\u00e9sv\u00e9delemmel, v\u00e9g\u00e1ll\u00e1skapcsol\u00f3kkal \u00e9s f\u00e9krendszerekkel vannak felszerelve, amelyek biztos\u00edtj\u00e1k a biztons\u00e1got a m\u0171k\u00f6d\u00e9s sor\u00e1n.<\/li>\n<\/ol>\n<h3>Szerkezeti elemek:<\/h3>\n<ol>\n<li><strong>Elektromos motor<\/strong>: Biztos\u00edtja az emel\u0151 emel\u0151mechanizmus\u00e1nak meghajt\u00e1s\u00e1hoz sz\u00fcks\u00e9ges energi\u00e1t, biztos\u00edtva a stabil \u00e9s hat\u00e9kony m\u0171k\u00f6d\u00e9st.<\/li>\n<li><strong>Reduktor<\/strong>: A reduktor a motor nagy sebess\u00e9g\u0171 forg\u00e1s\u00e1t alacsonyabb sebess\u00e9g\u0171, emel\u00e9sre alkalmas forg\u00e1ss\u00e1 alak\u00edtja \u00e1t, ez\u00e1ltal n\u00f6velve a nyomat\u00e9kot.<\/li>\n<li><strong>Dr\u00f3tk\u00f6t\u00e9l<\/strong>: A dr\u00f3tk\u00f6t\u00e9l, mint emel\u0151k\u00f6zeg, nagy szak\u00edt\u00f3szil\u00e1rds\u00e1got \u00e9s teherb\u00edr\u00f3 k\u00e9pess\u00e9get biztos\u00edt, \u00edgy alkalmas neh\u00e9z t\u00e1rgyak emel\u00e9s\u00e9re.<\/li>\n<li><strong>Vez\u00e9rl\u0151rendszer<\/strong>: A kezel\u0151k az emel\u0151t egy vez\u00e9rl\u0151dobozon vagy vezet\u00e9k n\u00e9lk\u00fcli t\u00e1vir\u00e1ny\u00edt\u00f3n kereszt\u00fcl vez\u00e9rlik, \u00edgy az emel\u00e9si folyamat k\u00e9nyelmes \u00e9s egyszer\u0171.<\/li>\n<li><strong>Biztons\u00e1gi eszk\u00f6z\u00f6k<\/strong>: Az olyan funkci\u00f3k, mint a t\u00falterhel\u00e9s elleni v\u00e9delem, a v\u00e9g\u00e1ll\u00e1skapcsol\u00f3k \u00e9s a f\u00e9krendszerek biztos\u00edtj\u00e1k az emel\u0151 biztons\u00e1gos \u00e9s megb\u00edzhat\u00f3 m\u0171k\u00f6d\u00e9s\u00e9t.<\/li>\n<\/ol>\n<h3>El\u0151ny\u00f6k:<\/h3>\n<ul>\n<li><strong>Jav\u00edtott munkahat\u00e9konys\u00e1g<\/strong>: A nagy hat\u00e9konys\u00e1g\u00fa motor \u00e9s a sima m\u0171k\u00f6d\u00e9s nagym\u00e9rt\u00e9kben n\u00f6veli a munka hat\u00e9konys\u00e1g\u00e1t, mivel gyorsabb \u00e9s biztons\u00e1gosabb emel\u00e9st tesz lehet\u0151v\u00e9.<\/li>\n<li><strong>Biztons\u00e1g \u00e9s megb\u00edzhat\u00f3s\u00e1g<\/strong>: T\u00f6bb biztons\u00e1gi funkci\u00f3 biztos\u00edtja, hogy az emel\u0151 stabil \u00e9s biztons\u00e1gos maradjon m\u00e9g a neh\u00e9z feladatok sor\u00e1n is, megel\u0151zve a lehets\u00e9ges kock\u00e1zatokat.<\/li>\n<li><strong>Sokoldal\u00fas\u00e1g<\/strong>: Az emel\u0151 alkalmas a nagy teherb\u00edr\u00e1s\u00fa \u00e9s nagy frekvenci\u00e1j\u00fa emel\u00e9si feladatok sz\u00e9les k\u00f6r\u00e9re, k\u00fcl\u00f6n\u00f6sen olyan sz\u0171k helyeken, ahol m\u00e1s rendszerek nem f\u00e9rnek el.<\/li>\n<li><strong>Tart\u00f3ss\u00e1g<\/strong>: A dr\u00f3tk\u00f6t\u00e9l \u00e9s a kiv\u00e1l\u00f3 min\u0151s\u00e9g\u0171 motor hosszabb \u00e9lettartamot biztos\u00edt az emel\u0151nek, cs\u00f6kkentve a karbantart\u00e1si k\u00f6lts\u00e9geket \u00e9s az \u00e1ll\u00e1sid\u0151t.<\/li>\n<\/ul>\n<h3>K\u00f6vetkeztet\u00e9s:<\/h3>\n<p>A <strong>Eur\u00f3pai Single Girder dr\u00f3tk\u00f6t\u00e9l elektromos emel\u0151<\/strong> egy hat\u00e9kony, biztons\u00e1gos \u00e9s tart\u00f3s emel\u0151eszk\u00f6z, amelyet kompakt kialak\u00edt\u00e1s\u00e1nak \u00e9s er\u0151teljes teherb\u00edr\u00f3 k\u00e9pess\u00e9g\u00e9nek k\u00f6sz\u00f6nhet\u0151en sz\u00e9les k\u00f6rben haszn\u00e1lnak k\u00fcl\u00f6nb\u00f6z\u0151 ipari \u00e9s \u00e9p\u00edt\u0151ipari ter\u00fcleteken. Z\u00f6kken\u0151mentes emel\u00e9si m\u0171veleteket k\u00edn\u00e1l, \u00e9s kiv\u00e1l\u00f3an teljes\u00edt sz\u00e1mos k\u00f6rnyezetben. Ez az emel\u0151 a modern gy\u00e1rak \u00e9s \u00e9p\u00edt\u00e9si projektek n\u00e9lk\u00fcl\u00f6zhetetlen berendez\u00e9s\u00e9v\u00e9 v\u00e1lt.<\/p>\n<div class=\"relative p-1 rounded-sm flex items-center justify-center bg-token-main-surface-primary text-token-text-primary h-8 w-8\">\n<p><img fetchpriority=\"high\" decoding=\"async\" class=\"alignnone wp-image-7046\" src=\"https:\/\/www.hnhlcranes.com\/wp-content\/uploads\/2024\/12\/European-Single-Girder-Wire-Rope-Electric-Hoist-K2-246x300.jpg\" alt=\"\" width=\"952\" height=\"1161\" srcset=\"https:\/\/www.hnhlcranes.com\/wp-content\/uploads\/2024\/12\/European-Single-Girder-Wire-Rope-Electric-Hoist-K2-246x300.jpg 246w, https:\/\/www.hnhlcranes.com\/wp-content\/uploads\/2024\/12\/European-Single-Girder-Wire-Rope-Electric-Hoist-K2-839x1024.jpg 839w, https:\/\/www.hnhlcranes.com\/wp-content\/uploads\/2024\/12\/European-Single-Girder-Wire-Rope-Electric-Hoist-K2-768x938.jpg 768w, https:\/\/www.hnhlcranes.com\/wp-content\/uploads\/2024\/12\/European-Single-Girder-Wire-Rope-Electric-Hoist-K2-600x733.jpg 600w, https:\/\/www.hnhlcranes.com\/wp-content\/uploads\/2024\/12\/European-Single-Girder-Wire-Rope-Electric-Hoist-K2.jpg 1000w\" sizes=\"(max-width: 952px) 100vw, 952px\" \/> <img decoding=\"async\" class=\"alignnone wp-image-7047\" src=\"https:\/\/www.hnhlcranes.com\/wp-content\/uploads\/2024\/12\/European-Single-Girder-Wire-Rope-Electric-Hoist-K3-250x300.jpg\" alt=\"\" width=\"951\" height=\"1141\" srcset=\"https:\/\/www.hnhlcranes.com\/wp-content\/uploads\/2024\/12\/European-Single-Girder-Wire-Rope-Electric-Hoist-K3-250x300.jpg 250w, https:\/\/www.hnhlcranes.com\/wp-content\/uploads\/2024\/12\/European-Single-Girder-Wire-Rope-Electric-Hoist-K3-600x721.jpg 600w\" sizes=\"(max-width: 951px) 100vw, 951px\" \/><\/p>\n<p><img decoding=\"async\" class=\"alignnone wp-image-7048\" src=\"https:\/\/www.hnhlcranes.com\/wp-content\/uploads\/2024\/12\/European-Single-Girder-Wire-Rope-Electric-Hoist-K4-246x300.jpg\" alt=\"\" width=\"950\" height=\"1159\" srcset=\"https:\/\/www.hnhlcranes.com\/wp-content\/uploads\/2024\/12\/European-Single-Girder-Wire-Rope-Electric-Hoist-K4-246x300.jpg 246w, https:\/\/www.hnhlcranes.com\/wp-content\/uploads\/2024\/12\/European-Single-Girder-Wire-Rope-Electric-Hoist-K4-600x731.jpg 600w\" sizes=\"(max-width: 950px) 100vw, 950px\" \/><\/p>\n<\/div>\n<\/div>\n<\/div>\n<\/div>\n<\/div>\n<\/div>\n<\/div>\n<\/div>","protected":false},"excerpt":{"rendered":"<h6><strong><span style=\"font-family: arial, helvetica, sans-serif; font-size: 14pt;\">Eur\u00f3pai Single Girder dr\u00f3tk\u00f6t\u00e9l elektromos emel\u0151 specifik\u00e1ci\u00f3k<\/span><\/strong><\/h6>\n<ul>\n<li><strong>Kapacit\u00e1si lehet\u0151s\u00e9gek<\/strong>: 2t, 3.2t, 5t, 6.3t, 8t, 10t, 12.5t<\/li>\n<li><strong>V\u00e1mbesorol\u00e1s<\/strong>: M3, M4, M5, M6<\/li>\n<li><strong>Emel\u00e9si magass\u00e1gi tartom\u00e1ny<\/strong>: 6m, 9m, 12m, 15m, 18m<\/li>\n<\/ul>","protected":false},"featured_media":7049,"template":"","meta":{"_kad_post_transparent":"default","_kad_post_title":"","_kad_post_layout":"default","_kad_post_sidebar_id":"","_kad_post_content_style":"default","_kad_post_vertical_padding":"show","_kad_post_feature":"","_kad_post_feature_position":"","_kad_post_header":false,"_kad_post_footer":false},"product_brand":[],"product_cat":[60,61],"product_tag":[457,462,376,460,474,464,463,461,472,476,470,469,475,466,471,465,467,468,459,473,458],"class_list":{"0":"post-5590","1":"product","2":"type-product","3":"status-publish","4":"has-post-thumbnail","6":"product_cat-electric-hoist","7":"product_cat-european-crane-parts","8":"product_tag-cd-md-wire-rope-electric-hoist","9":"product_tag-chain-hoist","10":"product_tag-china-crane-parts-supplier","11":"product_tag-double-girder-wire-rope-electric-hoist","12":"product_tag-electric-chain-hoist","13":"product_tag-electric-chain-hoist-china-distributor","14":"product_tag-electric-chain-hoist-manufacturer","15":"product_tag-electric-hoist","16":"product_tag-european-double-beam-wire-rope-electric-hoist","17":"product_tag-european-double-girder-wire-rope-electric-hoist","18":"product_tag-european-electric-hoist","19":"product_tag-european-hoist","20":"product_tag-european-single-girder-wire-rope-electric-hoist","21":"product_tag-european-wire-rope-electric-hoist","22":"product_tag-fem-double-girder-wire-rope-electric-hoist","23":"product_tag-fem-single-girder-wire-rope-electric-hoist","24":"product_tag-low-headroom-electric-hoist","25":"product_tag-single-beam-electric-hoist","26":"product_tag-single-girder-wire-rope-electric-hoist","27":"product_tag-wire-rope-electric-hoist","28":"product_tag-wire-rope-electric-hoist-china-manufacturer","30":"first","31":"instock","32":"featured","33":"shipping-taxable","34":"product-type-simple","35":"entry","36":"content-bg","37":"loop-entry"},"yoast_head":"<!-- This site is optimized with the Yoast SEO plugin v24.5 - https:\/\/yoast.com\/wordpress\/plugins\/seo\/ -->\n<title>European Single Girder Wire Rope Electric Hoist - Electric Hoist-Crane Parts Manufacturer<\/title>\n<meta name=\"description\" content=\"European wire rope electric hoist,Low headroom electric hoist,Single beam electric hoist,FEM Single Girder Wire Rope Electric Hoist,Electric Hoist\" \/>\n<meta name=\"robots\" content=\"index, follow, max-snippet:-1, max-image-preview:large, max-video-preview:-1\" \/>\n<link rel=\"canonical\" href=\"https:\/\/www.hnhlcranes.com\/hu\/termek\/europai-egygerendas-drotkotel-elektromos-emelogep\/\" \/>\n<meta property=\"og:locale\" content=\"hu_HU\" \/>\n<meta property=\"og:type\" content=\"article\" \/>\n<meta property=\"og:title\" content=\"European Single Girder Wire Rope Electric Hoist - Electric Hoist-Crane Parts Manufacturer\" \/>\n<meta property=\"og:description\" content=\"European wire rope electric hoist,Low headroom electric hoist,Single beam electric hoist,FEM Single Girder Wire Rope Electric Hoist,Electric Hoist\" \/>\n<meta property=\"og:url\" content=\"https:\/\/www.hnhlcranes.com\/hu\/termek\/europai-egygerendas-drotkotel-elektromos-emelogep\/\" \/>\n<meta property=\"og:site_name\" content=\"Crane Parts Manufacturer\" \/>\n<meta property=\"article:modified_time\" content=\"2025-01-16T18:27:00+00:00\" \/>\n<meta property=\"og:image\" content=\"https:\/\/www.hnhlcranes.com\/wp-content\/uploads\/2024\/12\/European-Single-Girder-Wire-Rope-Electric-Hoist.jpg\" \/>\n\t<meta property=\"og:image:width\" content=\"600\" \/>\n\t<meta property=\"og:image:height\" content=\"600\" \/>\n\t<meta property=\"og:image:type\" content=\"image\/jpeg\" \/>\n<meta name=\"twitter:card\" content=\"summary_large_image\" \/>\n<meta name=\"twitter:label1\" content=\"Becs\u00fclt olvas\u00e1si id\u0151\" \/>\n\t<meta name=\"twitter:data1\" content=\"3 perc\" \/>\n<script type=\"application\/ld+json\" class=\"yoast-schema-graph\">{\"@context\":\"https:\/\/schema.org\",\"@graph\":[{\"@type\":\"WebPage\",\"@id\":\"https:\/\/www.hnhlcranes.com\/product\/european-single-girder-wire-rope-electric-hoist\/\",\"url\":\"https:\/\/www.hnhlcranes.com\/product\/european-single-girder-wire-rope-electric-hoist\/\",\"name\":\"European Single Girder Wire Rope Electric Hoist - Electric Hoist-Crane Parts Manufacturer\",\"isPartOf\":{\"@id\":\"https:\/\/www.hnhlcranes.com\/#website\"},\"primaryImageOfPage\":{\"@id\":\"https:\/\/www.hnhlcranes.com\/product\/european-single-girder-wire-rope-electric-hoist\/#primaryimage\"},\"image\":{\"@id\":\"https:\/\/www.hnhlcranes.com\/product\/european-single-girder-wire-rope-electric-hoist\/#primaryimage\"},\"thumbnailUrl\":\"https:\/\/www.hnhlcranes.com\/wp-content\/uploads\/2024\/12\/European-Single-Girder-Wire-Rope-Electric-Hoist.jpg\",\"datePublished\":\"2024-12-02T13:15:24+00:00\",\"dateModified\":\"2025-01-16T18:27:00+00:00\",\"description\":\"European wire rope electric hoist,Low headroom electric hoist,Single beam electric hoist,FEM Single Girder Wire Rope Electric Hoist,Electric Hoist\",\"breadcrumb\":{\"@id\":\"https:\/\/www.hnhlcranes.com\/product\/european-single-girder-wire-rope-electric-hoist\/#breadcrumb\"},\"inLanguage\":\"hu\",\"potentialAction\":[{\"@type\":\"ReadAction\",\"target\":[\"https:\/\/www.hnhlcranes.com\/product\/european-single-girder-wire-rope-electric-hoist\/\"]}]},{\"@type\":\"ImageObject\",\"inLanguage\":\"hu\",\"@id\":\"https:\/\/www.hnhlcranes.com\/product\/european-single-girder-wire-rope-electric-hoist\/#primaryimage\",\"url\":\"https:\/\/www.hnhlcranes.com\/wp-content\/uploads\/2024\/12\/European-Single-Girder-Wire-Rope-Electric-Hoist.jpg\",\"contentUrl\":\"https:\/\/www.hnhlcranes.com\/wp-content\/uploads\/2024\/12\/European-Single-Girder-Wire-Rope-Electric-Hoist.jpg\",\"width\":600,\"height\":600},{\"@type\":\"BreadcrumbList\",\"@id\":\"https:\/\/www.hnhlcranes.com\/product\/european-single-girder-wire-rope-electric-hoist\/#breadcrumb\",\"itemListElement\":[{\"@type\":\"ListItem\",\"position\":1,\"name\":\"home\",\"item\":\"https:\/\/www.hnhlcranes.com\/\"},{\"@type\":\"ListItem\",\"position\":2,\"name\":\"products\",\"item\":\"https:\/\/www.hnhlcranes.com\/products\/\"},{\"@type\":\"ListItem\",\"position\":3,\"name\":\"European Single Girder Wire Rope Electric Hoist\"}]},{\"@type\":\"WebSite\",\"@id\":\"https:\/\/www.hnhlcranes.com\/#website\",\"url\":\"https:\/\/www.hnhlcranes.com\/\",\"name\":\"Crane Parts Manufacturer\",\"description\":\"Crane Wheels,Crane Drums,Crane Hooks,Crane Coupling,Crane End Carriage,Electric Hoist,European Crane Parts,Crane Rail Clip,Crane Spreader,Crane Motor,Crane Reducer,Crane Brake,Light Crane Parts,Workstation Crane Parts,Crane Electrical Parts,China Crane Parts Supplier,China Crane Parts Manufacturer,Angle box type crane wheel,45 degree split crane wheel,European crane wheel,Crane Wheel Blocks,Overhead crane drum,European crane drum,Overhead crane hook,European crane hook,Crane pulley block,Gear coupling,Brake wheel coupling,Drum gear coupling,Brake wheel drum gear coupling,Cardan Shaft Coupling,WZL drum coupling,Plum blossom elastic coupling,Brake wheel plum elastic coupling,European Single girder crane end carriage,European Double girder crane end carriage,European Suspension  crane end carriage,Wire Rope Electric Hoist,Electric Chain Hoist,European Single Girder Wire Rope Electric Hoist,European Double Girder Wire Rope Electric Hoist,Crane grab,Container spreader,Billet crane clamps,C-type hook,Lifting Electromagnet,YZR crane motor,YZP crane motor,ZQ Reducer,ZSC Reducer,QJ Reducer,QJ-L Reducer,QJY Reducer,H series gearbox,F Series Gear Motor,K Series Gear Motor,R Series Gear Motor,travelling machinery gear motor,Electro hydraulic drum brake,Electro hydraulic disc brake,Crane Safety brake,Crane cable trolley,Crane remote controller,Crane pendant controller,Crane electrical control cabinet,Crane limit switch,Crane sound and light alarm,Heavy Duty Aviation Connector,Crane overload limiter\",\"publisher\":{\"@id\":\"https:\/\/www.hnhlcranes.com\/#organization\"},\"potentialAction\":[{\"@type\":\"SearchAction\",\"target\":{\"@type\":\"EntryPoint\",\"urlTemplate\":\"https:\/\/www.hnhlcranes.com\/?s={search_term_string}\"},\"query-input\":{\"@type\":\"PropertyValueSpecification\",\"valueRequired\":true,\"valueName\":\"search_term_string\"}}],\"inLanguage\":\"hu\"},{\"@type\":\"Organization\",\"@id\":\"https:\/\/www.hnhlcranes.com\/#organization\",\"name\":\"Crane Parts Manufacturer\",\"url\":\"https:\/\/www.hnhlcranes.com\/\",\"logo\":{\"@type\":\"ImageObject\",\"inLanguage\":\"hu\",\"@id\":\"https:\/\/www.hnhlcranes.com\/#\/schema\/logo\/image\/\",\"url\":\"https:\/\/www.hnhlcranes.com\/wp-content\/uploads\/2025\/01\/HL-logo-1.png\",\"contentUrl\":\"https:\/\/www.hnhlcranes.com\/wp-content\/uploads\/2025\/01\/HL-logo-1.png\",\"width\":600,\"height\":169,\"caption\":\"Crane Parts Manufacturer\"},\"image\":{\"@id\":\"https:\/\/www.hnhlcranes.com\/#\/schema\/logo\/image\/\"}}]}<\/script>\n<!-- \/ Yoast SEO plugin. -->","yoast_head_json":{"title":"European Single Girder Wire Rope Electric Hoist - Electric Hoist-Crane Parts Manufacturer","description":"European wire rope electric hoist,Low headroom electric hoist,Single beam electric hoist,FEM Single Girder Wire Rope Electric Hoist,Electric Hoist","robots":{"index":"index","follow":"follow","max-snippet":"max-snippet:-1","max-image-preview":"max-image-preview:large","max-video-preview":"max-video-preview:-1"},"canonical":"https:\/\/www.hnhlcranes.com\/hu\/termek\/europai-egygerendas-drotkotel-elektromos-emelogep\/","og_locale":"hu_HU","og_type":"article","og_title":"European Single Girder Wire Rope Electric Hoist - Electric Hoist-Crane Parts Manufacturer","og_description":"European wire rope electric hoist,Low headroom electric hoist,Single beam electric hoist,FEM Single Girder Wire Rope Electric Hoist,Electric Hoist","og_url":"https:\/\/www.hnhlcranes.com\/hu\/termek\/europai-egygerendas-drotkotel-elektromos-emelogep\/","og_site_name":"Crane Parts Manufacturer","article_modified_time":"2025-01-16T18:27:00+00:00","og_image":[{"width":600,"height":600,"url":"https:\/\/www.hnhlcranes.com\/wp-content\/uploads\/2024\/12\/European-Single-Girder-Wire-Rope-Electric-Hoist.jpg","type":"image\/jpeg"}],"twitter_card":"summary_large_image","twitter_misc":{"Becs\u00fclt olvas\u00e1si id\u0151":"3 perc"},"schema":{"@context":"https:\/\/schema.org","@graph":[{"@type":"WebPage","@id":"https:\/\/www.hnhlcranes.com\/product\/european-single-girder-wire-rope-electric-hoist\/","url":"https:\/\/www.hnhlcranes.com\/product\/european-single-girder-wire-rope-electric-hoist\/","name":"European Single Girder Wire Rope Electric Hoist - Electric Hoist-Crane Parts Manufacturer","isPartOf":{"@id":"https:\/\/www.hnhlcranes.com\/#website"},"primaryImageOfPage":{"@id":"https:\/\/www.hnhlcranes.com\/product\/european-single-girder-wire-rope-electric-hoist\/#primaryimage"},"image":{"@id":"https:\/\/www.hnhlcranes.com\/product\/european-single-girder-wire-rope-electric-hoist\/#primaryimage"},"thumbnailUrl":"https:\/\/www.hnhlcranes.com\/wp-content\/uploads\/2024\/12\/European-Single-Girder-Wire-Rope-Electric-Hoist.jpg","datePublished":"2024-12-02T13:15:24+00:00","dateModified":"2025-01-16T18:27:00+00:00","description":"European wire rope electric hoist,Low headroom electric hoist,Single beam electric hoist,FEM Single Girder Wire Rope Electric Hoist,Electric Hoist","breadcrumb":{"@id":"https:\/\/www.hnhlcranes.com\/product\/european-single-girder-wire-rope-electric-hoist\/#breadcrumb"},"inLanguage":"hu","potentialAction":[{"@type":"ReadAction","target":["https:\/\/www.hnhlcranes.com\/product\/european-single-girder-wire-rope-electric-hoist\/"]}]},{"@type":"ImageObject","inLanguage":"hu","@id":"https:\/\/www.hnhlcranes.com\/product\/european-single-girder-wire-rope-electric-hoist\/#primaryimage","url":"https:\/\/www.hnhlcranes.com\/wp-content\/uploads\/2024\/12\/European-Single-Girder-Wire-Rope-Electric-Hoist.jpg","contentUrl":"https:\/\/www.hnhlcranes.com\/wp-content\/uploads\/2024\/12\/European-Single-Girder-Wire-Rope-Electric-Hoist.jpg","width":600,"height":600},{"@type":"BreadcrumbList","@id":"https:\/\/www.hnhlcranes.com\/product\/european-single-girder-wire-rope-electric-hoist\/#breadcrumb","itemListElement":[{"@type":"ListItem","position":1,"name":"home","item":"https:\/\/www.hnhlcranes.com\/"},{"@type":"ListItem","position":2,"name":"products","item":"https:\/\/www.hnhlcranes.com\/products\/"},{"@type":"ListItem","position":3,"name":"European Single Girder Wire Rope Electric Hoist"}]},{"@type":"WebSite","@id":"https:\/\/www.hnhlcranes.com\/#website","url":"https:\/\/www.hnhlcranes.com\/","name":"Crane Parts Manufacturer","description":"Crane Wheels,Crane Drums,Crane Hooks,Crane Coupling,Crane End Carriage,Electric Hoist,European Crane Parts,Crane Rail Clip,Crane Spreader,Crane Motor,Crane Reducer,Crane Brake,Light Crane Parts,Workstation Crane Parts,Crane Electrical Parts,China Crane Parts Supplier,China Crane Parts Manufacturer,Angle box type crane wheel,45 degree split crane wheel,European crane wheel,Crane Wheel Blocks,Overhead crane drum,European crane drum,Overhead crane hook,European crane hook,Crane pulley block,Gear coupling,Brake wheel coupling,Drum gear coupling,Brake wheel drum gear coupling,Cardan Shaft Coupling,WZL drum coupling,Plum blossom elastic coupling,Brake wheel plum elastic coupling,European Single girder crane end carriage,European Double girder crane end carriage,European Suspension  crane end carriage,Wire Rope Electric Hoist,Electric Chain Hoist,European Single Girder Wire Rope Electric Hoist,European Double Girder Wire Rope Electric Hoist,Crane grab,Container spreader,Billet crane clamps,C-type hook,Lifting Electromagnet,YZR crane motor,YZP crane motor,ZQ Reducer,ZSC Reducer,QJ Reducer,QJ-L Reducer,QJY Reducer,H series gearbox,F Series Gear Motor,K Series Gear Motor,R Series Gear Motor,travelling machinery gear motor,Electro hydraulic drum brake,Electro hydraulic disc brake,Crane Safety brake,Crane cable trolley,Crane remote controller,Crane pendant controller,Crane electrical control cabinet,Crane limit switch,Crane sound and light alarm,Heavy Duty Aviation Connector,Crane overload limiter","publisher":{"@id":"https:\/\/www.hnhlcranes.com\/#organization"},"potentialAction":[{"@type":"SearchAction","target":{"@type":"EntryPoint","urlTemplate":"https:\/\/www.hnhlcranes.com\/?s={search_term_string}"},"query-input":{"@type":"PropertyValueSpecification","valueRequired":true,"valueName":"search_term_string"}}],"inLanguage":"hu"},{"@type":"Organization","@id":"https:\/\/www.hnhlcranes.com\/#organization","name":"Crane Parts Manufacturer","url":"https:\/\/www.hnhlcranes.com\/","logo":{"@type":"ImageObject","inLanguage":"hu","@id":"https:\/\/www.hnhlcranes.com\/#\/schema\/logo\/image\/","url":"https:\/\/www.hnhlcranes.com\/wp-content\/uploads\/2025\/01\/HL-logo-1.png","contentUrl":"https:\/\/www.hnhlcranes.com\/wp-content\/uploads\/2025\/01\/HL-logo-1.png","width":600,"height":169,"caption":"Crane Parts Manufacturer"},"image":{"@id":"https:\/\/www.hnhlcranes.com\/#\/schema\/logo\/image\/"}}]}},"_links":{"self":[{"href":"https:\/\/www.hnhlcranes.com\/hu\/wp-json\/wp\/v2\/product\/5590","targetHints":{"allow":["GET"]}}],"collection":[{"href":"https:\/\/www.hnhlcranes.com\/hu\/wp-json\/wp\/v2\/product"}],"about":[{"href":"https:\/\/www.hnhlcranes.com\/hu\/wp-json\/wp\/v2\/types\/product"}],"version-history":[{"count":3,"href":"https:\/\/www.hnhlcranes.com\/hu\/wp-json\/wp\/v2\/product\/5590\/revisions"}],"predecessor-version":[{"id":7051,"href":"https:\/\/www.hnhlcranes.com\/hu\/wp-json\/wp\/v2\/product\/5590\/revisions\/7051"}],"wp:featuredmedia":[{"embeddable":true,"href":"https:\/\/www.hnhlcranes.com\/hu\/wp-json\/wp\/v2\/media\/7049"}],"wp:attachment":[{"href":"https:\/\/www.hnhlcranes.com\/hu\/wp-json\/wp\/v2\/media?parent=5590"}],"wp:term":[{"taxonomy":"product_brand","embeddable":true,"href":"https:\/\/www.hnhlcranes.com\/hu\/wp-json\/wp\/v2\/product_brand?post=5590"},{"taxonomy":"product_cat","embeddable":true,"href":"https:\/\/www.hnhlcranes.com\/hu\/wp-json\/wp\/v2\/product_cat?post=5590"},{"taxonomy":"product_tag","embeddable":true,"href":"https:\/\/www.hnhlcranes.com\/hu\/wp-json\/wp\/v2\/product_tag?post=5590"}],"curies":[{"name":"wp","href":"https:\/\/api.w.org\/{rel}","templated":true}]}}