{"id":5677,"date":"2024-12-04T00:34:44","date_gmt":"2024-12-03T16:34:44","guid":{"rendered":"https:\/\/www.hnhlcranes.com\/?post_type=product&#038;p=5677"},"modified":"2025-01-14T23:58:30","modified_gmt":"2025-01-14T15:58:30","slug":"konnyu-daru-resz","status":"publish","type":"product","link":"https:\/\/www.hnhlcranes.com\/hu\/termek\/konnyu-daru-resz\/","title":{"rendered":"K\u00f6nny\u0171 daru r\u00e9sz"},"content":{"rendered":"<div class=\"flex max-w-full flex-col flex-grow\">\n<div class=\"min-h-8 text-message flex w-full flex-col items-end gap-2 whitespace-normal break-words [.text-message+&amp;]:mt-5\" dir=\"auto\" data-message-author-role=\"assistant\" data-message-id=\"c8d7d5a5-db5c-4384-9025-33dbfdf6a310\" data-message-model-slug=\"gpt-4o\">\n<div class=\"flex w-full flex-col gap-1 empty:hidden first:pt-[3px]\">\n<div class=\"markdown prose w-full break-words dark:prose-invert light\">\n<h3>K\u00f6nny\u0171 daru \u00e1ttekint\u00e9s<\/h3>\n<p>A modul\u00e1ris daruk\u00e9nt is ismert k\u00f6nny\u0171 daru rendk\u00edv\u00fcl hat\u00e9kony \u00e9s rugalmas anyagmozgat\u00e1si megold\u00e1sk\u00e9nt szolg\u00e1l. Sokoldal\u00fas\u00e1g\u00e1nak k\u00f6sz\u00f6nhet\u0151en sz\u00e9les k\u00f6rben haszn\u00e1lj\u00e1k gy\u00e1rakban, rakt\u00e1rakban \u00e9s gy\u00e1rt\u00f3sorokon. K\u00fcl\u00f6nb\u00f6z\u0151 szabv\u00e1nyos modulokb\u00f3l \u00e1ll, mint p\u00e9ld\u00e1ul f\u00fcggeszt\u0151berendez\u00e9sek, s\u00ednek, v\u00e1lt\u00f3k, kocsik, elektromos emel\u0151k, mobil \u00e1ramell\u00e1t\u00f3 egys\u00e9gek (cs\u00fasz\u00f3vezet\u00e9kek) \u00e9s vez\u00e9rl\u0151berendez\u00e9sek. Ezenk\u00edv\u00fcl m\u00e1s alapvet\u0151 k\u00f6nny\u0171 darualkatr\u00e9szeket is tartalmaz, biztos\u00edtva a z\u00f6kken\u0151mentes integr\u00e1ci\u00f3t \u00e9s m\u0171k\u00f6d\u00e9st.<\/p>\n<h3>K\u00f6nny\u0171 daru r\u00e9sz<\/h3>\n<p>Az optim\u00e1lis m\u0171k\u00f6d\u00e9s \u00e9rdek\u00e9ben a k\u00f6nny\u0171 daruk a k\u00f6vetkez\u0151 alkatr\u00e9szekre t\u00e1maszkodnak:<\/p>\n<ul>\n<li><strong>Felf\u00fcggeszt\u00e9si eszk\u00f6z\u00f6k:<\/strong> Ezek az eszk\u00f6z\u00f6k felf\u00fcggesztik a daru k\u00fcl\u00f6nb\u00f6z\u0151 alkatr\u00e9szeit, biztos\u00edtva a stabilit\u00e1st \u00e9s a hat\u00e9kony m\u0171k\u00f6d\u00e9st.<\/li>\n<li><strong>Nyomok:<\/strong> A p\u00e1ly\u00e1k biztos\u00edtj\u00e1k a daru fut\u00f3p\u00e1ly\u00e1j\u00e1t, lehet\u0151v\u00e9 t\u00e9ve a z\u00f6kken\u0151mentes \u00e9s pontos mozg\u00e1st.<\/li>\n<li><strong>Kapcsol\u00f3k:<\/strong> A kezel\u0151k kapcsol\u00f3kkal v\u00e1ltoztatj\u00e1k a v\u00e1g\u00e1ny ir\u00e1ny\u00e1t, ami rugalmas m\u0171k\u00f6d\u00e9st tesz lehet\u0151v\u00e9.<\/li>\n<li><strong>Kocsik:<\/strong> A kocsik hat\u00e9konyan sz\u00e1ll\u00edtj\u00e1k a rakom\u00e1nyt a kijel\u00f6lt ter\u00fcleten.<\/li>\n<li><strong>Elektromos emel\u0151k:<\/strong> Ezek az emel\u0151berendez\u00e9sek v\u00e9gzik az emel\u00e9si funkci\u00f3t, biztos\u00edtva a gyors \u00e9s megb\u00edzhat\u00f3 teherkezel\u00e9st.<\/li>\n<li><strong>Mobil t\u00e1pegys\u00e9gek:<\/strong> Ezek az egys\u00e9gek biztos\u00edtj\u00e1k a daru \u00e1ramell\u00e1t\u00e1s\u00e1t, \u00edgy biztos\u00edtva a megszak\u00edt\u00e1s n\u00e9lk\u00fcli m\u0171k\u00f6d\u00e9st.<\/li>\n<li><strong>Vez\u00e9rl\u0151berendez\u00e9sek:<\/strong> A vez\u00e9rl\u0151berendez\u00e9sek ir\u00e1ny\u00edtj\u00e1k a daru m\u0171k\u00f6d\u00e9s\u00e9t, pontos \u00e9s megb\u00edzhat\u00f3 vez\u00e9rl\u00e9st biztos\u00edtva.<\/li>\n<\/ul>\n<h3>A k\u00f6nny\u0171 daruk alkalmaz\u00e1sai<\/h3>\n<p>A k\u00f6nny\u0171 daruk alkalmazkod\u00f3k\u00e9pess\u00e9g\u00fcknek \u00e9s hat\u00e9konys\u00e1guknak k\u00f6sz\u00f6nhet\u0151en k\u00fcl\u00f6nb\u00f6z\u0151 alkalmaz\u00e1sokban jeleskednek:<\/p>\n<ul>\n<li><strong>Kis m\u0171helyek \u00e9s karbantart\u00f3 m\u0171helyek:<\/strong> A korl\u00e1tozott hely\u0171 munkahelyeken a k\u00f6nny\u0171 daruk t\u00e1mogatj\u00e1k a rugalmas elrendez\u00e9st \u00e9s a hat\u00e9kony anyagmozgat\u00e1st.<\/li>\n<li><strong>Nagy gy\u00e1rak \u00e9s rakt\u00e1rak:<\/strong> Ezek lehet\u0151v\u00e9 teszik a gyors anyagmozgat\u00e1st a k\u00fcl\u00f6nb\u00f6z\u0151 munkater\u00fcleteken, n\u00f6velve a termel\u00e9kenys\u00e9get.<\/li>\n<li><strong>Rakt\u00e1rak \u00e9s laborat\u00f3riumok magas \u00e9p\u00fcletekben:<\/strong> K\u00f6nny\u0171 \u00e9s kompakt kialak\u00edt\u00e1suk miatt ide\u00e1lisak olyan helyeken, ahol a berendez\u00e9sek s\u00falykorl\u00e1toz\u00e1sa kritikus.<\/li>\n<\/ul>\n<h3>M\u0171szaki el\u0151ny\u00f6k<\/h3>\n<p>A k\u00f6nny\u0171 daruk sz\u00e1mos technikai el\u0151nyt k\u00edn\u00e1lnak, amelyek jav\u00edtj\u00e1k a hat\u00e9konys\u00e1got \u00e9s a megb\u00edzhat\u00f3s\u00e1got:<\/p>\n<ul>\n<li><strong>Szabv\u00e1nyos\u00edtott \u00e9s modul\u00e1ris kialak\u00edt\u00e1s:<\/strong> Ez a kialak\u00edt\u00e1s leegyszer\u0171s\u00edti a telep\u00edt\u00e9st, karbantart\u00e1st \u00e9s friss\u00edt\u00e9st. Ezenk\u00edv\u00fcl k\u00e9nyelmes \u00e9s k\u00e9nyelmes m\u0171k\u00f6d\u00e9st biztos\u00edt.<\/li>\n<li><strong>Kiv\u00e1l\u00f3 min\u0151s\u00e9g\u0171 anyagok \u00e9s gy\u00e1rt\u00e1s:<\/strong> A gy\u00e1rt\u00f3k pr\u00e9mium min\u0151s\u00e9g\u0171 anyagokat \u00e9s elj\u00e1r\u00e1sokat haszn\u00e1lnak a daru szil\u00e1rds\u00e1g\u00e1nak \u00e9s tart\u00f3ss\u00e1g\u00e1nak biztos\u00edt\u00e1sa \u00e9rdek\u00e9ben.<\/li>\n<li><strong>Hat\u00e9kony elektromos emel\u0151k:<\/strong> Ezek az emel\u0151k gyors emel\u00e9si sebess\u00e9ggel, z\u00f6kken\u0151mentes m\u0171k\u00f6d\u00e9ssel \u00e9s alacsony zajszinttel m\u0171k\u00f6dnek, \u00edgy ide\u00e1lisak a nagy teljes\u00edtm\u00e9ny\u0171 k\u00f6rnyezetekben.<\/li>\n<\/ul>\n<h3>\u00dczemeltet\u00e9s \u00e9s karbantart\u00e1s<\/h3>\n<p>A k\u00f6nny\u0171 daruk \u00fczemeltet\u00e9se \u00e9s karbantart\u00e1sa egyszer\u0171 \u00e9s hat\u00e9kony. A kezel\u0151k a darut k\u00e9zzel vagy automatiz\u00e1lt rendszereken kereszt\u00fcl is ir\u00e1ny\u00edthatj\u00e1k. A modul\u00e1ris fel\u00e9p\u00edt\u00e9snek k\u00f6sz\u00f6nhet\u0151en a felhaszn\u00e1l\u00f3k k\u00f6nnyen karbantarthatj\u00e1k \u00e9s jav\u00edthatj\u00e1k a darut. A s\u00e9r\u00fclt alkatr\u00e9szek p\u00e9ld\u00e1ul gyorsan kicser\u00e9lhet\u0151k, \u00edgy minim\u00e1lisra cs\u00f6kkenthet\u0151 az \u00e1ll\u00e1sid\u0151 \u00e9s n\u00f6velhet\u0151 a termel\u00e9s hat\u00e9konys\u00e1ga. K\u00f6vetkez\u00e9sk\u00e9ppen a v\u00e1llalkoz\u00e1sok a Light Darukra t\u00e1maszkodhatnak a megb\u00edzhat\u00f3 \u00e9s folyamatos m\u0171k\u00f6d\u00e9s \u00e9rdek\u00e9ben.<\/p>\n<p>&nbsp;<\/p>\n<p><img decoding=\"async\" class=\"wp-image-5681 alignleft\" src=\"https:\/\/www.hnhlcranes.com\/wp-content\/uploads\/2024\/12\/Light-crane-cable-slider-300x300.jpg\" alt=\"\" width=\"199\" height=\"199\" \/> <img decoding=\"async\" class=\"wp-image-5682 alignleft\" src=\"https:\/\/www.hnhlcranes.com\/wp-content\/uploads\/2024\/12\/Light-crane-cable-end-clamp-300x300.jpg\" alt=\"\" width=\"200\" height=\"200\" \/><img decoding=\"async\" class=\"wp-image-5683 alignleft\" src=\"https:\/\/www.hnhlcranes.com\/wp-content\/uploads\/2024\/12\/Light-crane-internal-stop-300x300.jpg\" alt=\"\" width=\"200\" height=\"200\" \/><\/p>\n<\/div>\n<\/div>\n<\/div>\n<\/div>\n<p><img loading=\"lazy\" decoding=\"async\" class=\"wp-image-5684 alignleft\" style=\"margin-right: var(--global-md-spacing);\" src=\"https:\/\/www.hnhlcranes.com\/wp-content\/uploads\/2024\/12\/C-type-steel-cable-trolley-1-300x300.jpg\" alt=\"\" width=\"200\" height=\"200\" \/><\/p>\n<p>&nbsp;<\/p>\n<p>&nbsp;<\/p>\n<p>&nbsp;<\/p>\n<p>&nbsp;<\/p>\n<p>&nbsp;<\/p>\n<p style=\"text-align: left;\">K\u00f6nny\u0171 daruk k\u00e1belcs\u00faszka K\u00f6nny\u0171 daruk k\u00e1bel v\u00e9gkapocs K\u00f6nny\u0171 daruk bels\u0151 \u00fctk\u00f6z\u0151 C-t\u00edpus\u00fa ac\u00e9l k\u00e1belkocsi<\/p>\n<p>&nbsp;<\/p>\n<p><img loading=\"lazy\" decoding=\"async\" class=\"wp-image-5685 alignleft\" src=\"https:\/\/www.hnhlcranes.com\/wp-content\/uploads\/2024\/12\/C-type-steel-cable-trolley-2-300x300.jpg\" alt=\"\" width=\"200\" height=\"200\" \/> <img loading=\"lazy\" decoding=\"async\" class=\"wp-image-5686 alignleft\" src=\"https:\/\/www.hnhlcranes.com\/wp-content\/uploads\/2024\/12\/Light-crane-manual-trolley-300x300.jpg\" alt=\"\" width=\"200\" height=\"200\" \/><\/p>\n<p><img loading=\"lazy\" decoding=\"async\" class=\"wp-image-5687 alignleft\" style=\"margin-right: var(--global-md-spacing);\" src=\"https:\/\/www.hnhlcranes.com\/wp-content\/uploads\/2024\/12\/Light-crane-manual-trolley-connecting-plate-300x300.jpg\" alt=\"\" width=\"200\" height=\"200\" \/><\/p>\n<p><img loading=\"lazy\" decoding=\"async\" class=\"wp-image-5688 alignleft\" style=\"margin-right: var(--global-md-spacing);\" src=\"https:\/\/www.hnhlcranes.com\/wp-content\/uploads\/2024\/12\/Light-crane-electric-trolley-300x300.jpg\" alt=\"\" width=\"199\" height=\"199\" \/><\/p>\n<p>&nbsp;<\/p>\n<p>&nbsp;<\/p>\n<p>&nbsp;<\/p>\n<p>&nbsp;<\/p>\n<p>&nbsp;<\/p>\n<p style=\"text-align: left;\">\u00a0C-t\u00edpus\u00fa ac\u00e9lk\u00e1beles fut\u00f3m\u0171 K\u00f6nny\u0171 daruk k\u00e9zi fut\u00f3m\u0171 K\u00e9zi fut\u00f3m\u0171 csatlakoz\u00f3lemez K\u00f6nny\u0171 daruk elektromos fut\u00f3m\u0171vei<\/p>\n<p>&nbsp;<\/p>\n<p><img loading=\"lazy\" decoding=\"async\" class=\"wp-image-5689 alignleft\" src=\"https:\/\/www.hnhlcranes.com\/wp-content\/uploads\/2024\/12\/Light-crane-Track-suspension-300x300.jpg\" alt=\"\" width=\"200\" height=\"200\" \/><\/p>\n<p><img loading=\"lazy\" decoding=\"async\" class=\"wp-image-5690 alignleft\" style=\"margin-right: var(--global-md-spacing);\" src=\"https:\/\/www.hnhlcranes.com\/wp-content\/uploads\/2024\/12\/Light-crane-suspension-point-300x300.jpg\" alt=\"\" width=\"200\" height=\"200\" \/><\/p>\n<p><img loading=\"lazy\" decoding=\"async\" class=\"wp-image-5691 alignleft\" style=\"margin-right: var(--global-md-spacing);\" src=\"https:\/\/www.hnhlcranes.com\/wp-content\/uploads\/2024\/12\/Light-crane-end-beam-300x300.jpg\" alt=\"\" width=\"199\" height=\"199\" \/><\/p>\n<p>&nbsp;<\/p>\n<p>&nbsp;<\/p>\n<p>&nbsp;<\/p>\n<p><strong>\u00a0 \u00a0<\/strong><\/p>\n<p>&nbsp;<\/p>\n<p style=\"text-align: left;\">\u00a0 K\u00f6nny\u0171 daru S\u00ednfelf\u00fcggeszt\u00e9s K\u00f6nny\u0171 daru felf\u00fcggeszt\u00e9si pont K\u00f6nny\u0171 daru v\u00e9ggerenda<\/p>\n<p>&nbsp;<\/p>","protected":false},"excerpt":{"rendered":"<p>K\u00f6nny\u0171 daru k\u00e1belcs\u00faszka,K\u00f6nny\u0171 daru k\u00e1bel v\u00e9gkapocs,K\u00f6nny\u0171 daru bels\u0151 \u00fctk\u00f6z\u0151,C-t\u00edpus\u00fa ac\u00e9l k\u00e1beltol\u00f3 kocsi,K\u00f6nny\u0171 daru k\u00e9zi kocsi,K\u00f6nny\u0171 daru k\u00e9zi kocsi csatlakoz\u00f3lemez,K\u00f6nny\u0171 daru p\u00e1lyaf\u00fcggeszt\u00e9s,K\u00f6nny\u0171 daru felf\u00fcggeszt\u00e9si pont,K\u00f6nny\u0171 daru v\u00e9ggerenda<\/p>","protected":false},"featured_media":7402,"template":"","meta":{"_kad_post_transparent":"default","_kad_post_title":"","_kad_post_layout":"default","_kad_post_sidebar_id":"","_kad_post_content_style":"default","_kad_post_vertical_padding":"show","_kad_post_feature":"","_kad_post_feature_position":"","_kad_post_header":false,"_kad_post_footer":false},"product_brand":[],"product_cat":[63],"product_tag":[593,376,599,602,591,590,596,600,592,594,595,601,598,597],"class_list":{"0":"post-5677","1":"product","2":"type-product","3":"status-publish","4":"has-post-thumbnail","6":"product_cat-light-crane-parts","7":"product_tag-c-type-steel-cable-trolley","8":"product_tag-china-crane-parts-supplier","9":"product_tag-flexible-track-crane-parts","10":"product_tag-light-crane","11":"product_tag-light-crane-cable-end-clamp","12":"product_tag-light-crane-cable-slider","13":"product_tag-light-crane-electric-trolley","14":"product_tag-light-crane-end-beam","15":"product_tag-light-crane-internal-stop","16":"product_tag-light-crane-manual-trolley","17":"product_tag-light-crane-manual-trolley-connecting-plate","18":"product_tag-light-crane-part","19":"product_tag-light-crane-suspension-point","20":"product_tag-light-crane-track-suspension","22":"first","23":"instock","24":"shipping-taxable","25":"product-type-simple","26":"entry","27":"content-bg","28":"loop-entry"},"yoast_head":"<!-- This site is optimized with the Yoast SEO plugin v24.5 - https:\/\/yoast.com\/wordpress\/plugins\/seo\/ -->\n<title>Light Crane Part - Light Crane- Light crane manual trolley-Crane Parts Manufacturer<\/title>\n<meta name=\"description\" content=\"Light crane Track suspension,Light Crane Parts,C-type steel cable trolley,cable slider,manual trolley,Flexible Track Crane Parts,China Crane Parts Supplier\" \/>\n<meta name=\"robots\" content=\"index, follow, max-snippet:-1, max-image-preview:large, max-video-preview:-1\" \/>\n<link rel=\"canonical\" href=\"https:\/\/www.hnhlcranes.com\/hu\/termek\/konnyu-daru-resz\/\" \/>\n<meta property=\"og:locale\" content=\"hu_HU\" \/>\n<meta property=\"og:type\" content=\"article\" \/>\n<meta property=\"og:title\" content=\"Light Crane Part - Light Crane- Light crane manual trolley-Crane Parts Manufacturer\" \/>\n<meta property=\"og:description\" content=\"Light crane Track suspension,Light Crane Parts,C-type steel cable trolley,cable slider,manual trolley,Flexible Track Crane Parts,China Crane Parts Supplier\" \/>\n<meta property=\"og:url\" content=\"https:\/\/www.hnhlcranes.com\/hu\/termek\/konnyu-daru-resz\/\" \/>\n<meta property=\"og:site_name\" content=\"Crane Parts Manufacturer\" \/>\n<meta property=\"article:modified_time\" content=\"2025-01-14T15:58:30+00:00\" \/>\n<meta property=\"og:image\" content=\"https:\/\/www.hnhlcranes.com\/wp-content\/uploads\/2024\/12\/Light-Crane-Part.jpg\" \/>\n\t<meta property=\"og:image:width\" content=\"600\" \/>\n\t<meta property=\"og:image:height\" content=\"600\" \/>\n\t<meta property=\"og:image:type\" content=\"image\/jpeg\" \/>\n<meta name=\"twitter:card\" content=\"summary_large_image\" \/>\n<meta name=\"twitter:label1\" content=\"Becs\u00fclt olvas\u00e1si id\u0151\" \/>\n\t<meta name=\"twitter:data1\" content=\"5 perc\" \/>\n<script type=\"application\/ld+json\" class=\"yoast-schema-graph\">{\"@context\":\"https:\/\/schema.org\",\"@graph\":[{\"@type\":\"WebPage\",\"@id\":\"https:\/\/www.hnhlcranes.com\/product\/light-crane-part\/\",\"url\":\"https:\/\/www.hnhlcranes.com\/product\/light-crane-part\/\",\"name\":\"Light Crane Part - Light Crane- Light crane manual trolley-Crane Parts Manufacturer\",\"isPartOf\":{\"@id\":\"https:\/\/www.hnhlcranes.com\/#website\"},\"primaryImageOfPage\":{\"@id\":\"https:\/\/www.hnhlcranes.com\/product\/light-crane-part\/#primaryimage\"},\"image\":{\"@id\":\"https:\/\/www.hnhlcranes.com\/product\/light-crane-part\/#primaryimage\"},\"thumbnailUrl\":\"https:\/\/www.hnhlcranes.com\/wp-content\/uploads\/2024\/12\/Light-Crane-Part.jpg\",\"datePublished\":\"2024-12-03T16:34:44+00:00\",\"dateModified\":\"2025-01-14T15:58:30+00:00\",\"description\":\"Light crane Track suspension,Light Crane Parts,C-type steel cable trolley,cable slider,manual trolley,Flexible Track Crane Parts,China Crane Parts Supplier\",\"breadcrumb\":{\"@id\":\"https:\/\/www.hnhlcranes.com\/product\/light-crane-part\/#breadcrumb\"},\"inLanguage\":\"hu\",\"potentialAction\":[{\"@type\":\"ReadAction\",\"target\":[\"https:\/\/www.hnhlcranes.com\/product\/light-crane-part\/\"]}]},{\"@type\":\"ImageObject\",\"inLanguage\":\"hu\",\"@id\":\"https:\/\/www.hnhlcranes.com\/product\/light-crane-part\/#primaryimage\",\"url\":\"https:\/\/www.hnhlcranes.com\/wp-content\/uploads\/2024\/12\/Light-Crane-Part.jpg\",\"contentUrl\":\"https:\/\/www.hnhlcranes.com\/wp-content\/uploads\/2024\/12\/Light-Crane-Part.jpg\",\"width\":600,\"height\":600},{\"@type\":\"BreadcrumbList\",\"@id\":\"https:\/\/www.hnhlcranes.com\/product\/light-crane-part\/#breadcrumb\",\"itemListElement\":[{\"@type\":\"ListItem\",\"position\":1,\"name\":\"home\",\"item\":\"https:\/\/www.hnhlcranes.com\/\"},{\"@type\":\"ListItem\",\"position\":2,\"name\":\"products\",\"item\":\"https:\/\/www.hnhlcranes.com\/products\/\"},{\"@type\":\"ListItem\",\"position\":3,\"name\":\"Light Crane Part\"}]},{\"@type\":\"WebSite\",\"@id\":\"https:\/\/www.hnhlcranes.com\/#website\",\"url\":\"https:\/\/www.hnhlcranes.com\/\",\"name\":\"Crane Parts Manufacturer\",\"description\":\"Crane Wheels,Crane Drums,Crane Hooks,Crane Coupling,Crane End Carriage,Electric Hoist,European Crane Parts,Crane Rail Clip,Crane Spreader,Crane Motor,Crane Reducer,Crane Brake,Light Crane Parts,Workstation Crane Parts,Crane Electrical Parts,China Crane Parts Supplier,China Crane Parts Manufacturer,Angle box type crane wheel,45 degree split crane wheel,European crane wheel,Crane Wheel Blocks,Overhead crane drum,European crane drum,Overhead crane hook,European crane hook,Crane pulley block,Gear coupling,Brake wheel coupling,Drum gear coupling,Brake wheel drum gear coupling,Cardan Shaft Coupling,WZL drum coupling,Plum blossom elastic coupling,Brake wheel plum elastic coupling,European Single girder crane end carriage,European Double girder crane end carriage,European Suspension  crane end carriage,Wire Rope Electric Hoist,Electric Chain Hoist,European Single Girder Wire Rope Electric Hoist,European Double Girder Wire Rope Electric Hoist,Crane grab,Container spreader,Billet crane clamps,C-type hook,Lifting Electromagnet,YZR crane motor,YZP crane motor,ZQ Reducer,ZSC Reducer,QJ Reducer,QJ-L Reducer,QJY Reducer,H series gearbox,F Series Gear Motor,K Series Gear Motor,R Series Gear Motor,travelling machinery gear motor,Electro hydraulic drum brake,Electro hydraulic disc brake,Crane Safety brake,Crane cable trolley,Crane remote controller,Crane pendant controller,Crane electrical control cabinet,Crane limit switch,Crane sound and light alarm,Heavy Duty Aviation Connector,Crane overload limiter\",\"publisher\":{\"@id\":\"https:\/\/www.hnhlcranes.com\/#organization\"},\"potentialAction\":[{\"@type\":\"SearchAction\",\"target\":{\"@type\":\"EntryPoint\",\"urlTemplate\":\"https:\/\/www.hnhlcranes.com\/?s={search_term_string}\"},\"query-input\":{\"@type\":\"PropertyValueSpecification\",\"valueRequired\":true,\"valueName\":\"search_term_string\"}}],\"inLanguage\":\"hu\"},{\"@type\":\"Organization\",\"@id\":\"https:\/\/www.hnhlcranes.com\/#organization\",\"name\":\"Crane Parts Manufacturer\",\"url\":\"https:\/\/www.hnhlcranes.com\/\",\"logo\":{\"@type\":\"ImageObject\",\"inLanguage\":\"hu\",\"@id\":\"https:\/\/www.hnhlcranes.com\/#\/schema\/logo\/image\/\",\"url\":\"https:\/\/www.hnhlcranes.com\/wp-content\/uploads\/2025\/01\/HL-logo-1.png\",\"contentUrl\":\"https:\/\/www.hnhlcranes.com\/wp-content\/uploads\/2025\/01\/HL-logo-1.png\",\"width\":600,\"height\":169,\"caption\":\"Crane Parts Manufacturer\"},\"image\":{\"@id\":\"https:\/\/www.hnhlcranes.com\/#\/schema\/logo\/image\/\"}}]}<\/script>\n<!-- \/ Yoast SEO plugin. -->","yoast_head_json":{"title":"Light Crane Part - Light Crane- Light crane manual trolley-Crane Parts Manufacturer","description":"Light crane Track suspension,Light Crane Parts,C-type steel cable trolley,cable slider,manual trolley,Flexible Track Crane Parts,China Crane Parts Supplier","robots":{"index":"index","follow":"follow","max-snippet":"max-snippet:-1","max-image-preview":"max-image-preview:large","max-video-preview":"max-video-preview:-1"},"canonical":"https:\/\/www.hnhlcranes.com\/hu\/termek\/konnyu-daru-resz\/","og_locale":"hu_HU","og_type":"article","og_title":"Light Crane Part - Light Crane- Light crane manual trolley-Crane Parts Manufacturer","og_description":"Light crane Track suspension,Light Crane Parts,C-type steel cable trolley,cable slider,manual trolley,Flexible Track Crane Parts,China Crane Parts Supplier","og_url":"https:\/\/www.hnhlcranes.com\/hu\/termek\/konnyu-daru-resz\/","og_site_name":"Crane Parts Manufacturer","article_modified_time":"2025-01-14T15:58:30+00:00","og_image":[{"width":600,"height":600,"url":"https:\/\/www.hnhlcranes.com\/wp-content\/uploads\/2024\/12\/Light-Crane-Part.jpg","type":"image\/jpeg"}],"twitter_card":"summary_large_image","twitter_misc":{"Becs\u00fclt olvas\u00e1si id\u0151":"5 perc"},"schema":{"@context":"https:\/\/schema.org","@graph":[{"@type":"WebPage","@id":"https:\/\/www.hnhlcranes.com\/product\/light-crane-part\/","url":"https:\/\/www.hnhlcranes.com\/product\/light-crane-part\/","name":"Light Crane Part - Light Crane- Light crane manual trolley-Crane Parts Manufacturer","isPartOf":{"@id":"https:\/\/www.hnhlcranes.com\/#website"},"primaryImageOfPage":{"@id":"https:\/\/www.hnhlcranes.com\/product\/light-crane-part\/#primaryimage"},"image":{"@id":"https:\/\/www.hnhlcranes.com\/product\/light-crane-part\/#primaryimage"},"thumbnailUrl":"https:\/\/www.hnhlcranes.com\/wp-content\/uploads\/2024\/12\/Light-Crane-Part.jpg","datePublished":"2024-12-03T16:34:44+00:00","dateModified":"2025-01-14T15:58:30+00:00","description":"Light crane Track suspension,Light Crane Parts,C-type steel cable trolley,cable slider,manual trolley,Flexible Track Crane Parts,China Crane Parts Supplier","breadcrumb":{"@id":"https:\/\/www.hnhlcranes.com\/product\/light-crane-part\/#breadcrumb"},"inLanguage":"hu","potentialAction":[{"@type":"ReadAction","target":["https:\/\/www.hnhlcranes.com\/product\/light-crane-part\/"]}]},{"@type":"ImageObject","inLanguage":"hu","@id":"https:\/\/www.hnhlcranes.com\/product\/light-crane-part\/#primaryimage","url":"https:\/\/www.hnhlcranes.com\/wp-content\/uploads\/2024\/12\/Light-Crane-Part.jpg","contentUrl":"https:\/\/www.hnhlcranes.com\/wp-content\/uploads\/2024\/12\/Light-Crane-Part.jpg","width":600,"height":600},{"@type":"BreadcrumbList","@id":"https:\/\/www.hnhlcranes.com\/product\/light-crane-part\/#breadcrumb","itemListElement":[{"@type":"ListItem","position":1,"name":"home","item":"https:\/\/www.hnhlcranes.com\/"},{"@type":"ListItem","position":2,"name":"products","item":"https:\/\/www.hnhlcranes.com\/products\/"},{"@type":"ListItem","position":3,"name":"Light Crane Part"}]},{"@type":"WebSite","@id":"https:\/\/www.hnhlcranes.com\/#website","url":"https:\/\/www.hnhlcranes.com\/","name":"Crane Parts Manufacturer","description":"Crane Wheels,Crane Drums,Crane Hooks,Crane Coupling,Crane End Carriage,Electric Hoist,European Crane Parts,Crane Rail Clip,Crane Spreader,Crane Motor,Crane Reducer,Crane Brake,Light Crane Parts,Workstation Crane Parts,Crane Electrical Parts,China Crane Parts Supplier,China Crane Parts Manufacturer,Angle box type crane wheel,45 degree split crane wheel,European crane wheel,Crane Wheel Blocks,Overhead crane drum,European crane drum,Overhead crane hook,European crane hook,Crane pulley block,Gear coupling,Brake wheel coupling,Drum gear coupling,Brake wheel drum gear coupling,Cardan Shaft Coupling,WZL drum coupling,Plum blossom elastic coupling,Brake wheel plum elastic coupling,European Single girder crane end carriage,European Double girder crane end carriage,European Suspension  crane end carriage,Wire Rope Electric Hoist,Electric Chain Hoist,European Single Girder Wire Rope Electric Hoist,European Double Girder Wire Rope Electric Hoist,Crane grab,Container spreader,Billet crane clamps,C-type hook,Lifting Electromagnet,YZR crane motor,YZP crane motor,ZQ Reducer,ZSC Reducer,QJ Reducer,QJ-L Reducer,QJY Reducer,H series gearbox,F Series Gear Motor,K Series Gear Motor,R Series Gear Motor,travelling machinery gear motor,Electro hydraulic drum brake,Electro hydraulic disc brake,Crane Safety brake,Crane cable trolley,Crane remote controller,Crane pendant controller,Crane electrical control cabinet,Crane limit switch,Crane sound and light alarm,Heavy Duty Aviation Connector,Crane overload limiter","publisher":{"@id":"https:\/\/www.hnhlcranes.com\/#organization"},"potentialAction":[{"@type":"SearchAction","target":{"@type":"EntryPoint","urlTemplate":"https:\/\/www.hnhlcranes.com\/?s={search_term_string}"},"query-input":{"@type":"PropertyValueSpecification","valueRequired":true,"valueName":"search_term_string"}}],"inLanguage":"hu"},{"@type":"Organization","@id":"https:\/\/www.hnhlcranes.com\/#organization","name":"Crane Parts Manufacturer","url":"https:\/\/www.hnhlcranes.com\/","logo":{"@type":"ImageObject","inLanguage":"hu","@id":"https:\/\/www.hnhlcranes.com\/#\/schema\/logo\/image\/","url":"https:\/\/www.hnhlcranes.com\/wp-content\/uploads\/2025\/01\/HL-logo-1.png","contentUrl":"https:\/\/www.hnhlcranes.com\/wp-content\/uploads\/2025\/01\/HL-logo-1.png","width":600,"height":169,"caption":"Crane Parts Manufacturer"},"image":{"@id":"https:\/\/www.hnhlcranes.com\/#\/schema\/logo\/image\/"}}]}},"_links":{"self":[{"href":"https:\/\/www.hnhlcranes.com\/hu\/wp-json\/wp\/v2\/product\/5677","targetHints":{"allow":["GET"]}}],"collection":[{"href":"https:\/\/www.hnhlcranes.com\/hu\/wp-json\/wp\/v2\/product"}],"about":[{"href":"https:\/\/www.hnhlcranes.com\/hu\/wp-json\/wp\/v2\/types\/product"}],"version-history":[{"count":21,"href":"https:\/\/www.hnhlcranes.com\/hu\/wp-json\/wp\/v2\/product\/5677\/revisions"}],"predecessor-version":[{"id":7425,"href":"https:\/\/www.hnhlcranes.com\/hu\/wp-json\/wp\/v2\/product\/5677\/revisions\/7425"}],"wp:featuredmedia":[{"embeddable":true,"href":"https:\/\/www.hnhlcranes.com\/hu\/wp-json\/wp\/v2\/media\/7402"}],"wp:attachment":[{"href":"https:\/\/www.hnhlcranes.com\/hu\/wp-json\/wp\/v2\/media?parent=5677"}],"wp:term":[{"taxonomy":"product_brand","embeddable":true,"href":"https:\/\/www.hnhlcranes.com\/hu\/wp-json\/wp\/v2\/product_brand?post=5677"},{"taxonomy":"product_cat","embeddable":true,"href":"https:\/\/www.hnhlcranes.com\/hu\/wp-json\/wp\/v2\/product_cat?post=5677"},{"taxonomy":"product_tag","embeddable":true,"href":"https:\/\/www.hnhlcranes.com\/hu\/wp-json\/wp\/v2\/product_tag?post=5677"}],"curies":[{"name":"wp","href":"https:\/\/api.w.org\/{rel}","templated":true}]}}