{"id":5728,"date":"2024-12-05T22:19:32","date_gmt":"2024-12-05T14:19:32","guid":{"rendered":"https:\/\/www.hnhlcranes.com\/?post_type=product&#038;p=5728"},"modified":"2025-01-14T23:58:21","modified_gmt":"2025-01-14T15:58:21","slug":"darukabeles-kocsi","status":"publish","type":"product","link":"https:\/\/www.hnhlcranes.com\/hu\/termek\/darukabeles-kocsi\/","title":{"rendered":"Daruk\u00e1beles kocsi"},"content":{"rendered":"<div class=\"flex max-w-full flex-col flex-grow\">\n<div class=\"min-h-8 text-message flex w-full flex-col items-end gap-2 whitespace-normal break-words [.text-message+&amp;]:mt-5\" dir=\"auto\" data-message-author-role=\"assistant\" data-message-id=\"d22886da-3fb2-45fa-876a-33dd54db9fd5\" data-message-model-slug=\"gpt-4o\">\n<div class=\"flex w-full flex-col gap-1 empty:hidden first:pt-[3px]\">\n<div class=\"markdown prose w-full break-words dark:prose-invert light\">\n<h3>GHC daru k\u00e1belkocsi \u00e1ttekint\u00e9s<\/h3>\n<p>A GHC Crane k\u00e1belkocsi akt\u00edv \u00e1ramell\u00e1t\u00f3 rendszerk\u00e9nt m\u0171k\u00f6dik a darukocsik sz\u00e1m\u00e1ra. Kerekekb\u0151l, konzolokb\u00f3l \u00e9s tart\u00f3lemezekb\u0151l \u00e1ll, amelyek a puha k\u00e1beleket biztons\u00e1gosan a hely\u00fck\u00f6n tartj\u00e1k. A vontat\u00f3keret \u00e9s a k\u00e1belkocsi szinkroniz\u00e1l\u00e1s\u00e1val hat\u00e9konyan biztos\u00edtja a daru \u00e1ramell\u00e1t\u00e1s\u00e1t.<\/p>\n<h3>Jellemz\u0151k \u00e9s t\u00edpusok<\/h3>\n<p>A sokoldal\u00fas\u00e1g biztos\u00edt\u00e1sa \u00e9rdek\u00e9ben a GHC Crane k\u00e1belkocsisorozata k\u00f6nny\u0171, k\u00f6zepes \u00e9s nagy teherb\u00edr\u00e1s\u00fa t\u00edpusokat k\u00edn\u00e1l. Ezenk\u00edv\u00fcl a kocsik h\u00e1romf\u00e9le \u00e1tm\u00e9r\u0151j\u0171 j\u00e1r\u00f3ker\u00e9kkel rendelkeznek: \u03a680, \u03a663 \u00e9s \u03a650. A teherb\u00edr\u00e1s v\u00e1ltoz\u00f3, 50 kg-n\u00e1l kisebb \u00e9s 150 kg k\u00f6z\u00f6tti. Ezenk\u00edv\u00fcl minden t\u00edpus k\u00fcl\u00f6nb\u00f6z\u0151 konfigur\u00e1ci\u00f3kban kaphat\u00f3 a tart\u00f3lemezr\u00e9tegek sz\u00e1ma alapj\u00e1n: egyr\u00e9teg\u0171, k\u00e9tr\u00e9teg\u0171 vagy h\u00e1romr\u00e9teg\u0171.<\/p>\n<h3>Konfigur\u00e1ci\u00f3k \u00e9s modellek<\/h3>\n<p>Ezek a kocsik h\u00e1rom f\u0151 konfigur\u00e1ci\u00f3ban \u00e1llnak rendelkez\u00e9sre: A vezet\u0151 kocsi a k\u00e1belvontat\u00f3 kocsik\u00e9nt szolg\u00e1l, a v\u00e9gberendez\u00e9s fix f\u00fcggeszt\u0151konzolk\u00e9nt m\u0171k\u00f6dik, a k\u00f6ztes egys\u00e9gek pedig k\u00e1belvontat\u00f3 kocsik\u00e9nt m\u0171k\u00f6dnek. Nevezetesen, a sorozat \u00f6t modellt tartalmaz: I, II, III, IV \u00e9s V t\u00edpus.<\/p>\n<h3>Testreszab\u00e1s<\/h3>\n<p>Azon felhaszn\u00e1l\u00f3k sz\u00e1m\u00e1ra, akiknek k\u00fcl\u00f6nleges I gerend\u00e1kra van sz\u00fcks\u00e9g\u00fck, p\u00e9ld\u00e1ul 12#, 14#, 16# vagy nagyobb m\u00e9ret\u0171ekre, a rendel\u00e9si folyamat sor\u00e1n testreszab\u00e1si lehet\u0151s\u00e9gek \u00e1llnak rendelkez\u00e9sre.<\/p>\n<h6><strong><span style=\"font-family: arial, helvetica, sans-serif; font-size: 18pt;\">A GHC Crane k\u00e1belkocsi specifik\u00e1ci\u00f3i<\/span><\/strong><\/h6>\n<table style=\"width: 100%; border-style: solid; border-color: #000000;\" border=\"1\" cellspacing=\"0.5\">\n<thead>\n<tr>\n<th style=\"text-align: center;\">T\u00edpus<\/th>\n<th style=\"text-align: center;\">A<\/th>\n<th style=\"text-align: center;\">a<\/th>\n<th style=\"text-align: center;\">B<\/th>\n<th style=\"text-align: center;\">I<\/th>\n<th style=\"text-align: center;\">L<\/th>\n<th style=\"text-align: center;\">l<\/th>\n<th style=\"text-align: center;\">R<\/th>\n<th style=\"text-align: center;\">T\u00f6meg (kg)<\/th>\n<\/tr>\n<\/thead>\n<tbody>\n<tr>\n<td style=\"text-align: center;\">GHC-I 10#<\/td>\n<td style=\"text-align: center;\">170<\/td>\n<td style=\"text-align: center;\">72<\/td>\n<td style=\"text-align: center;\">195<\/td>\n<td style=\"text-align: center;\">110<\/td>\n<td style=\"text-align: center;\">145<\/td>\n<td style=\"text-align: center;\">110<\/td>\n<td style=\"text-align: center;\">50<\/td>\n<td style=\"text-align: center;\">2.84<\/td>\n<\/tr>\n<tr>\n<td style=\"text-align: center;\">GHC-II 10#<\/td>\n<td style=\"text-align: center;\">240<\/td>\n<td style=\"text-align: center;\">135<\/td>\n<td style=\"text-align: center;\">245<\/td>\n<td style=\"text-align: center;\">120<\/td>\n<td style=\"text-align: center;\">220<\/td>\n<td style=\"text-align: center;\">135<\/td>\n<td style=\"text-align: center;\">60<\/td>\n<td style=\"text-align: center;\">5.88<\/td>\n<\/tr>\n<tr>\n<td style=\"text-align: center;\">GHC-III 10#<\/td>\n<td style=\"text-align: center;\">240<\/td>\n<td style=\"text-align: center;\">135<\/td>\n<td style=\"text-align: center;\">285<\/td>\n<td style=\"text-align: center;\">130<\/td>\n<td style=\"text-align: center;\">260<\/td>\n<td style=\"text-align: center;\">180<\/td>\n<td style=\"text-align: center;\">80<\/td>\n<td style=\"text-align: center;\">7.09<\/td>\n<\/tr>\n<tr>\n<td style=\"text-align: center;\">GHC-IV 10#<\/td>\n<td style=\"text-align: center;\">320<\/td>\n<td style=\"text-align: center;\">200<\/td>\n<td style=\"text-align: center;\">315<\/td>\n<td style=\"text-align: center;\">130<\/td>\n<td style=\"text-align: center;\">300<\/td>\n<td style=\"text-align: center;\">200<\/td>\n<td style=\"text-align: center;\">95<\/td>\n<td style=\"text-align: center;\">7.33<\/td>\n<\/tr>\n<tr>\n<td style=\"text-align: center;\">GHC-V 10#<\/td>\n<td style=\"text-align: center;\">420<\/td>\n<td style=\"text-align: center;\">200<\/td>\n<td style=\"text-align: center;\">350<\/td>\n<td style=\"text-align: center;\">150<\/td>\n<td style=\"text-align: center;\">360<\/td>\n<td style=\"text-align: center;\">260<\/td>\n<td style=\"text-align: center;\">120<\/td>\n<td style=\"text-align: center;\">8.35<\/td>\n<\/tr>\n<\/tbody>\n<\/table>\n<h3>Daruk\u00e1beles kocsi telep\u00edt\u00e9si utas\u00edt\u00e1sai<\/h3>\n<ul>\n<li><strong>Szerelje fel a r\u00f6gz\u00edtett felf\u00fcggeszt\u00e9si konzolt:<\/strong> Kezdje a r\u00f6gz\u00edtett felf\u00fcggeszt\u00e9si konzol felszerel\u00e9s\u00e9vel. Ezut\u00e1n a biztons\u00e1g \u00e9rdek\u00e9ben hegesszen egy vasdug\u00f3t a h\u00e1ts\u00f3 r\u00e9szre, biztos\u00edtva, hogy a konzol szil\u00e1rdan a hely\u00e9n maradjon.<\/li>\n<li><strong>\u00c1ll\u00edtsa be a vontat\u00f3fejet:<\/strong> Ezut\u00e1n \u00e1ll\u00edtsa be a vontat\u00f3fejet, hogy a kocsi m\u0171k\u00f6d\u00e9s k\u00f6zben ne \u00fctk\u00f6zz\u00f6n a vontat\u00f3ny\u00edl\u00e1s sz\u00e9leibe. Ez a be\u00e1ll\u00edt\u00e1s biztos\u00edtja a z\u00f6kken\u0151mentes mozg\u00e1st \u00e9s elker\u00fcli az esetleges s\u00e9r\u00fcl\u00e9seket.<\/li>\n<li><strong>Biztos\u00edtsa a megfelel\u0151 k\u00e1belhossz\u00fas\u00e1got:<\/strong> A k\u00e1bel hossza a daru feszt\u00e1vols\u00e1g\u00e1nak 1,2-szerese plusz 8 m\u00e9ter. Ez a hossz\u00fas\u00e1g elengedhetetlen a biztons\u00e1gos \u00e9s hat\u00e9kony m\u0171k\u00f6d\u00e9shez.<\/li>\n<li><strong>Vontat\u00e1si ac\u00e9lhuzal hossz\u00e1nak m\u00f3dos\u00edt\u00e1sa:<\/strong> \u00c1ll\u00edtsa be a vontat\u00e1si ac\u00e9lhuzal hossz\u00e1t \u00fagy, hogy az r\u00f6videbb legyen, mint a k\u00e1belszakaszok. Ez lehet\u0151v\u00e9 teszi, hogy az ac\u00e9lhuzal viselje az \u00fczemi terhel\u00e9st, megakad\u00e1lyozva a k\u00e1belek indokolatlan megterhel\u00e9s\u00e9t.<\/li>\n<li><strong>V\u00e1ltoz\u00f3 k\u00e1bel\u00e1tm\u00e9r\u0151k kezel\u00e9se:<\/strong> V\u00e1ltoz\u00f3 \u00e1tm\u00e9r\u0151j\u0171 k\u00e1belek eset\u00e9n helyezzen puha gumip\u00e1rn\u00e1kat a k\u00e1belbilincsek k\u00f6z\u00e9. Ez a l\u00e9p\u00e9s biztos\u00edtja az egys\u00e9ges k\u00fcls\u0151 \u00e1tm\u00e9r\u0151t, ami garant\u00e1lja a biztons\u00e1gos \u00e9s szoros illeszked\u00e9st.<\/li>\n<li><strong>A k\u00e1belterhel\u00e9s egyenletes eloszt\u00e1sa:<\/strong> A k\u00e1belterhel\u00e9st egyenletesen ossza el a tart\u00f3lemezek mindk\u00e9t oldal\u00e1n, hogy fenntartsa a kiegyens\u00falyozott ig\u00e9nybev\u00e9telt, \u00e9s megel\u0151zze az esetleges s\u00e9r\u00fcl\u00e9seket vagy kop\u00e1st.<\/li>\n<li><strong>Egyens\u00falyi terhel\u00e9s t\u00f6bbr\u00e9teg\u0171 kocsikban:<\/strong> K\u00e9tr\u00e9teg\u0171 vagy h\u00e1romr\u00e9teg\u0171 k\u00e1belkocsik haszn\u00e1latakor ugyanazokat az egyens\u00falyi elveket kell alkalmazni. Ez biztos\u00edtja a terhel\u00e9s egyenletes eloszl\u00e1s\u00e1t, ami el\u0151seg\u00edti a stabilit\u00e1st m\u0171k\u00f6d\u00e9s k\u00f6zben.<\/li>\n<li><strong>\u00c1ll\u00edtsa be dupla al\u00e1t\u00e9tekkel:<\/strong> Haszn\u00e1lja a kocsiszerelv\u00e9nyen l\u00e9v\u0151 kett\u0151s al\u00e1t\u00e9teket \u00e1ll\u00edt\u00e1si t\u00e1vtart\u00f3k\u00e9nt. Ha a nyomt\u00e1v nem megfelel\u0151, helyezze az al\u00e1t\u00e9teket a r\u00f6gz\u00edtett lemezek belsej\u00e9be a nyomt\u00e1vm\u00e9r\u0151 megfelel\u0151 be\u00e1ll\u00edt\u00e1s\u00e1hoz.<\/li>\n<\/ul>\n<\/div>\n<\/div>\n<\/div>\n<\/div>\n<div class=\"flex max-w-full flex-col flex-grow\">\n<div class=\"min-h-8 text-message flex w-full flex-col items-end gap-2 whitespace-normal break-words [.text-message+&amp;]:mt-5\" dir=\"auto\" data-message-author-role=\"assistant\" data-message-id=\"c8d7d5a5-db5c-4384-9025-33dbfdf6a310\" data-message-model-slug=\"gpt-4o\">\n<div class=\"flex w-full flex-col gap-1 empty:hidden first:pt-[3px]\">\n<div class=\"markdown prose w-full break-words dark:prose-invert light\">\n<p><img fetchpriority=\"high\" decoding=\"async\" class=\"alignnone wp-image-7446\" src=\"https:\/\/www.hnhlcranes.com\/wp-content\/uploads\/2024\/12\/Crane-cable-trolley-5-300x115.jpg\" alt=\"\" width=\"900\" height=\"345\" srcset=\"https:\/\/www.hnhlcranes.com\/wp-content\/uploads\/2024\/12\/Crane-cable-trolley-5-300x115.jpg 300w, https:\/\/www.hnhlcranes.com\/wp-content\/uploads\/2024\/12\/Crane-cable-trolley-5-768x294.jpg 768w, https:\/\/www.hnhlcranes.com\/wp-content\/uploads\/2024\/12\/Crane-cable-trolley-5-600x230.jpg 600w, https:\/\/www.hnhlcranes.com\/wp-content\/uploads\/2024\/12\/Crane-cable-trolley-5.jpg 900w\" sizes=\"(max-width: 900px) 100vw, 900px\" \/><\/p>\n<\/div>\n<\/div>\n<\/div>\n<\/div>\n<p>&nbsp;<\/p>","protected":false},"excerpt":{"rendered":"<h6><strong><span style=\"font-family: arial, helvetica, sans-serif; font-size: 14pt;\">GHC daru k\u00e1belkocsi F\u0151bb param\u00e9terek:<\/span><\/strong><\/h6>\n<ul>\n<li><strong>Modellek:<\/strong> GHC-I, GHC-III, GHC-III, GHC-IV, GHC-V<\/li>\n<li><strong>J\u00e1r\u00f3kerekek \u00e1tm\u00e9r\u0151je:<\/strong> \u03a650, \u03a663, \u03a680<\/li>\n<li><strong>Teherb\u00edr\u00e1s:<\/strong> 50~150 kg<\/li>\n<li><strong>Kompatibilis I gerenda m\u00e9retek:<\/strong> 10#, 12#, 14#, 16#<\/li>\n<\/ul>","protected":false},"featured_media":7444,"template":"","meta":{"_kad_post_transparent":"default","_kad_post_title":"","_kad_post_layout":"default","_kad_post_sidebar_id":"","_kad_post_content_style":"default","_kad_post_vertical_padding":"show","_kad_post_feature":"","_kad_post_feature_position":"","_kad_post_header":false,"_kad_post_footer":false},"product_brand":[],"product_cat":[65],"product_tag":[632,622,376,634,612,616,626,627,629,613,617,620,615,614,618,628,619,621,623,630,635,633,625,631,624],"class_list":{"0":"post-5728","1":"product","2":"type-product","3":"status-publish","4":"has-post-thumbnail","6":"product_cat-crane-electrical-parts","7":"product_tag-aviation-plug","8":"product_tag-cable-trolley","9":"product_tag-china-crane-parts-supplier","10":"product_tag-crane-aviation-plug","11":"product_tag-crane-cable-trolley","12":"product_tag-crane-control-cabinet","13":"product_tag-crane-control-handle","14":"product_tag-crane-controls","15":"product_tag-crane-electrical-control-cabinet","16":"product_tag-crane-electrical-part","17":"product_tag-crane-limit-switch","18":"product_tag-crane-overload-limiter","19":"product_tag-crane-pendant-controller","20":"product_tag-crane-remote-controller","21":"product_tag-crane-sound-and-light-alarm","22":"product_tag-electrical-control-cabinet","23":"product_tag-heavy-duty-aviation-connector","24":"product_tag-i-beam-cable-trolley","25":"product_tag-i-beam-cable-trolley-supplier","26":"product_tag-limit-switch","27":"product_tag-overload-limiter","28":"product_tag-quick-connector","29":"product_tag-remote-controller","30":"product_tag-sound-and-light-alarm","31":"product_tag-wireless-remote-control","33":"first","34":"instock","35":"featured","36":"shipping-taxable","37":"product-type-simple","38":"entry","39":"content-bg","40":"loop-entry"},"yoast_head":"<!-- This site is optimized with the Yoast SEO plugin v24.5 - https:\/\/yoast.com\/wordpress\/plugins\/seo\/ -->\n<title>Crane cable trolley - I-beam cable trolley-cable trolley- Crane Parts Manufacturer<\/title>\n<meta name=\"description\" content=\"crane cable trolley, I-beam cable trolley,Crane Electrical Parts, I-beam cable trolley manufacturer,cable trolley,cable trolley Supplier\" \/>\n<meta name=\"robots\" content=\"index, follow, max-snippet:-1, max-image-preview:large, max-video-preview:-1\" \/>\n<link rel=\"canonical\" href=\"https:\/\/www.hnhlcranes.com\/hu\/termek\/darukabeles-kocsi\/\" \/>\n<meta property=\"og:locale\" content=\"hu_HU\" \/>\n<meta property=\"og:type\" content=\"article\" \/>\n<meta property=\"og:title\" content=\"Crane cable trolley - I-beam cable trolley-cable trolley- Crane Parts Manufacturer\" \/>\n<meta property=\"og:description\" content=\"crane cable trolley, I-beam cable trolley,Crane Electrical Parts, I-beam cable trolley manufacturer,cable trolley,cable trolley Supplier\" \/>\n<meta property=\"og:url\" content=\"https:\/\/www.hnhlcranes.com\/hu\/termek\/darukabeles-kocsi\/\" \/>\n<meta property=\"og:site_name\" content=\"Crane Parts Manufacturer\" \/>\n<meta property=\"article:modified_time\" content=\"2025-01-14T15:58:21+00:00\" \/>\n<meta property=\"og:image\" content=\"https:\/\/www.hnhlcranes.com\/wp-content\/uploads\/2024\/12\/Crane-cable-trolley.jpg\" \/>\n\t<meta property=\"og:image:width\" content=\"600\" \/>\n\t<meta property=\"og:image:height\" content=\"600\" \/>\n\t<meta property=\"og:image:type\" content=\"image\/jpeg\" \/>\n<meta name=\"twitter:card\" content=\"summary_large_image\" \/>\n<meta name=\"twitter:label1\" content=\"Becs\u00fclt olvas\u00e1si id\u0151\" \/>\n\t<meta name=\"twitter:data1\" content=\"3 perc\" \/>\n<script type=\"application\/ld+json\" class=\"yoast-schema-graph\">{\"@context\":\"https:\/\/schema.org\",\"@graph\":[{\"@type\":\"WebPage\",\"@id\":\"https:\/\/www.hnhlcranes.com\/product\/crane-cable-trolley\/\",\"url\":\"https:\/\/www.hnhlcranes.com\/product\/crane-cable-trolley\/\",\"name\":\"Crane cable trolley - I-beam cable trolley-cable trolley- Crane Parts Manufacturer\",\"isPartOf\":{\"@id\":\"https:\/\/www.hnhlcranes.com\/#website\"},\"primaryImageOfPage\":{\"@id\":\"https:\/\/www.hnhlcranes.com\/product\/crane-cable-trolley\/#primaryimage\"},\"image\":{\"@id\":\"https:\/\/www.hnhlcranes.com\/product\/crane-cable-trolley\/#primaryimage\"},\"thumbnailUrl\":\"https:\/\/www.hnhlcranes.com\/wp-content\/uploads\/2024\/12\/Crane-cable-trolley.jpg\",\"datePublished\":\"2024-12-05T14:19:32+00:00\",\"dateModified\":\"2025-01-14T15:58:21+00:00\",\"description\":\"crane cable trolley, I-beam cable trolley,Crane Electrical Parts, I-beam cable trolley manufacturer,cable trolley,cable trolley Supplier\",\"breadcrumb\":{\"@id\":\"https:\/\/www.hnhlcranes.com\/product\/crane-cable-trolley\/#breadcrumb\"},\"inLanguage\":\"hu\",\"potentialAction\":[{\"@type\":\"ReadAction\",\"target\":[\"https:\/\/www.hnhlcranes.com\/product\/crane-cable-trolley\/\"]}]},{\"@type\":\"ImageObject\",\"inLanguage\":\"hu\",\"@id\":\"https:\/\/www.hnhlcranes.com\/product\/crane-cable-trolley\/#primaryimage\",\"url\":\"https:\/\/www.hnhlcranes.com\/wp-content\/uploads\/2024\/12\/Crane-cable-trolley.jpg\",\"contentUrl\":\"https:\/\/www.hnhlcranes.com\/wp-content\/uploads\/2024\/12\/Crane-cable-trolley.jpg\",\"width\":600,\"height\":600},{\"@type\":\"BreadcrumbList\",\"@id\":\"https:\/\/www.hnhlcranes.com\/product\/crane-cable-trolley\/#breadcrumb\",\"itemListElement\":[{\"@type\":\"ListItem\",\"position\":1,\"name\":\"home\",\"item\":\"https:\/\/www.hnhlcranes.com\/\"},{\"@type\":\"ListItem\",\"position\":2,\"name\":\"products\",\"item\":\"https:\/\/www.hnhlcranes.com\/products\/\"},{\"@type\":\"ListItem\",\"position\":3,\"name\":\"Crane cable trolley\"}]},{\"@type\":\"WebSite\",\"@id\":\"https:\/\/www.hnhlcranes.com\/#website\",\"url\":\"https:\/\/www.hnhlcranes.com\/\",\"name\":\"Crane Parts Manufacturer\",\"description\":\"Crane Wheels,Crane Drums,Crane Hooks,Crane Coupling,Crane End Carriage,Electric Hoist,European Crane Parts,Crane Rail Clip,Crane Spreader,Crane Motor,Crane Reducer,Crane Brake,Light Crane Parts,Workstation Crane Parts,Crane Electrical Parts,China Crane Parts Supplier,China Crane Parts Manufacturer,Angle box type crane wheel,45 degree split crane wheel,European crane wheel,Crane Wheel Blocks,Overhead crane drum,European crane drum,Overhead crane hook,European crane hook,Crane pulley block,Gear coupling,Brake wheel coupling,Drum gear coupling,Brake wheel drum gear coupling,Cardan Shaft Coupling,WZL drum coupling,Plum blossom elastic coupling,Brake wheel plum elastic coupling,European Single girder crane end carriage,European Double girder crane end carriage,European Suspension  crane end carriage,Wire Rope Electric Hoist,Electric Chain Hoist,European Single Girder Wire Rope Electric Hoist,European Double Girder Wire Rope Electric Hoist,Crane grab,Container spreader,Billet crane clamps,C-type hook,Lifting Electromagnet,YZR crane motor,YZP crane motor,ZQ Reducer,ZSC Reducer,QJ Reducer,QJ-L Reducer,QJY Reducer,H series gearbox,F Series Gear Motor,K Series Gear Motor,R Series Gear Motor,travelling machinery gear motor,Electro hydraulic drum brake,Electro hydraulic disc brake,Crane Safety brake,Crane cable trolley,Crane remote controller,Crane pendant controller,Crane electrical control cabinet,Crane limit switch,Crane sound and light alarm,Heavy Duty Aviation Connector,Crane overload limiter\",\"publisher\":{\"@id\":\"https:\/\/www.hnhlcranes.com\/#organization\"},\"potentialAction\":[{\"@type\":\"SearchAction\",\"target\":{\"@type\":\"EntryPoint\",\"urlTemplate\":\"https:\/\/www.hnhlcranes.com\/?s={search_term_string}\"},\"query-input\":{\"@type\":\"PropertyValueSpecification\",\"valueRequired\":true,\"valueName\":\"search_term_string\"}}],\"inLanguage\":\"hu\"},{\"@type\":\"Organization\",\"@id\":\"https:\/\/www.hnhlcranes.com\/#organization\",\"name\":\"Crane Parts Manufacturer\",\"url\":\"https:\/\/www.hnhlcranes.com\/\",\"logo\":{\"@type\":\"ImageObject\",\"inLanguage\":\"hu\",\"@id\":\"https:\/\/www.hnhlcranes.com\/#\/schema\/logo\/image\/\",\"url\":\"https:\/\/www.hnhlcranes.com\/wp-content\/uploads\/2025\/01\/HL-logo-1.png\",\"contentUrl\":\"https:\/\/www.hnhlcranes.com\/wp-content\/uploads\/2025\/01\/HL-logo-1.png\",\"width\":600,\"height\":169,\"caption\":\"Crane Parts Manufacturer\"},\"image\":{\"@id\":\"https:\/\/www.hnhlcranes.com\/#\/schema\/logo\/image\/\"}}]}<\/script>\n<!-- \/ Yoast SEO plugin. -->","yoast_head_json":{"title":"Crane cable trolley - I-beam cable trolley-cable trolley- Crane Parts Manufacturer","description":"crane cable trolley, I-beam cable trolley,Crane Electrical Parts, I-beam cable trolley manufacturer,cable trolley,cable trolley Supplier","robots":{"index":"index","follow":"follow","max-snippet":"max-snippet:-1","max-image-preview":"max-image-preview:large","max-video-preview":"max-video-preview:-1"},"canonical":"https:\/\/www.hnhlcranes.com\/hu\/termek\/darukabeles-kocsi\/","og_locale":"hu_HU","og_type":"article","og_title":"Crane cable trolley - I-beam cable trolley-cable trolley- Crane Parts Manufacturer","og_description":"crane cable trolley, I-beam cable trolley,Crane Electrical Parts, I-beam cable trolley manufacturer,cable trolley,cable trolley Supplier","og_url":"https:\/\/www.hnhlcranes.com\/hu\/termek\/darukabeles-kocsi\/","og_site_name":"Crane Parts Manufacturer","article_modified_time":"2025-01-14T15:58:21+00:00","og_image":[{"width":600,"height":600,"url":"https:\/\/www.hnhlcranes.com\/wp-content\/uploads\/2024\/12\/Crane-cable-trolley.jpg","type":"image\/jpeg"}],"twitter_card":"summary_large_image","twitter_misc":{"Becs\u00fclt olvas\u00e1si id\u0151":"3 perc"},"schema":{"@context":"https:\/\/schema.org","@graph":[{"@type":"WebPage","@id":"https:\/\/www.hnhlcranes.com\/product\/crane-cable-trolley\/","url":"https:\/\/www.hnhlcranes.com\/product\/crane-cable-trolley\/","name":"Crane cable trolley - I-beam cable trolley-cable trolley- Crane Parts Manufacturer","isPartOf":{"@id":"https:\/\/www.hnhlcranes.com\/#website"},"primaryImageOfPage":{"@id":"https:\/\/www.hnhlcranes.com\/product\/crane-cable-trolley\/#primaryimage"},"image":{"@id":"https:\/\/www.hnhlcranes.com\/product\/crane-cable-trolley\/#primaryimage"},"thumbnailUrl":"https:\/\/www.hnhlcranes.com\/wp-content\/uploads\/2024\/12\/Crane-cable-trolley.jpg","datePublished":"2024-12-05T14:19:32+00:00","dateModified":"2025-01-14T15:58:21+00:00","description":"crane cable trolley, I-beam cable trolley,Crane Electrical Parts, I-beam cable trolley manufacturer,cable trolley,cable trolley Supplier","breadcrumb":{"@id":"https:\/\/www.hnhlcranes.com\/product\/crane-cable-trolley\/#breadcrumb"},"inLanguage":"hu","potentialAction":[{"@type":"ReadAction","target":["https:\/\/www.hnhlcranes.com\/product\/crane-cable-trolley\/"]}]},{"@type":"ImageObject","inLanguage":"hu","@id":"https:\/\/www.hnhlcranes.com\/product\/crane-cable-trolley\/#primaryimage","url":"https:\/\/www.hnhlcranes.com\/wp-content\/uploads\/2024\/12\/Crane-cable-trolley.jpg","contentUrl":"https:\/\/www.hnhlcranes.com\/wp-content\/uploads\/2024\/12\/Crane-cable-trolley.jpg","width":600,"height":600},{"@type":"BreadcrumbList","@id":"https:\/\/www.hnhlcranes.com\/product\/crane-cable-trolley\/#breadcrumb","itemListElement":[{"@type":"ListItem","position":1,"name":"home","item":"https:\/\/www.hnhlcranes.com\/"},{"@type":"ListItem","position":2,"name":"products","item":"https:\/\/www.hnhlcranes.com\/products\/"},{"@type":"ListItem","position":3,"name":"Crane cable trolley"}]},{"@type":"WebSite","@id":"https:\/\/www.hnhlcranes.com\/#website","url":"https:\/\/www.hnhlcranes.com\/","name":"Crane Parts Manufacturer","description":"Crane Wheels,Crane Drums,Crane Hooks,Crane Coupling,Crane End Carriage,Electric Hoist,European Crane Parts,Crane Rail Clip,Crane Spreader,Crane Motor,Crane Reducer,Crane Brake,Light Crane Parts,Workstation Crane Parts,Crane Electrical Parts,China Crane Parts Supplier,China Crane Parts Manufacturer,Angle box type crane wheel,45 degree split crane wheel,European crane wheel,Crane Wheel Blocks,Overhead crane drum,European crane drum,Overhead crane hook,European crane hook,Crane pulley block,Gear coupling,Brake wheel coupling,Drum gear coupling,Brake wheel drum gear coupling,Cardan Shaft Coupling,WZL drum coupling,Plum blossom elastic coupling,Brake wheel plum elastic coupling,European Single girder crane end carriage,European Double girder crane end carriage,European Suspension  crane end carriage,Wire Rope Electric Hoist,Electric Chain Hoist,European Single Girder Wire Rope Electric Hoist,European Double Girder Wire Rope Electric Hoist,Crane grab,Container spreader,Billet crane clamps,C-type hook,Lifting Electromagnet,YZR crane motor,YZP crane motor,ZQ Reducer,ZSC Reducer,QJ Reducer,QJ-L Reducer,QJY Reducer,H series gearbox,F Series Gear Motor,K Series Gear Motor,R Series Gear Motor,travelling machinery gear motor,Electro hydraulic drum brake,Electro hydraulic disc brake,Crane Safety brake,Crane cable trolley,Crane remote controller,Crane pendant controller,Crane electrical control cabinet,Crane limit switch,Crane sound and light alarm,Heavy Duty Aviation Connector,Crane overload limiter","publisher":{"@id":"https:\/\/www.hnhlcranes.com\/#organization"},"potentialAction":[{"@type":"SearchAction","target":{"@type":"EntryPoint","urlTemplate":"https:\/\/www.hnhlcranes.com\/?s={search_term_string}"},"query-input":{"@type":"PropertyValueSpecification","valueRequired":true,"valueName":"search_term_string"}}],"inLanguage":"hu"},{"@type":"Organization","@id":"https:\/\/www.hnhlcranes.com\/#organization","name":"Crane Parts Manufacturer","url":"https:\/\/www.hnhlcranes.com\/","logo":{"@type":"ImageObject","inLanguage":"hu","@id":"https:\/\/www.hnhlcranes.com\/#\/schema\/logo\/image\/","url":"https:\/\/www.hnhlcranes.com\/wp-content\/uploads\/2025\/01\/HL-logo-1.png","contentUrl":"https:\/\/www.hnhlcranes.com\/wp-content\/uploads\/2025\/01\/HL-logo-1.png","width":600,"height":169,"caption":"Crane Parts Manufacturer"},"image":{"@id":"https:\/\/www.hnhlcranes.com\/#\/schema\/logo\/image\/"}}]}},"_links":{"self":[{"href":"https:\/\/www.hnhlcranes.com\/hu\/wp-json\/wp\/v2\/product\/5728","targetHints":{"allow":["GET"]}}],"collection":[{"href":"https:\/\/www.hnhlcranes.com\/hu\/wp-json\/wp\/v2\/product"}],"about":[{"href":"https:\/\/www.hnhlcranes.com\/hu\/wp-json\/wp\/v2\/types\/product"}],"version-history":[{"count":4,"href":"https:\/\/www.hnhlcranes.com\/hu\/wp-json\/wp\/v2\/product\/5728\/revisions"}],"predecessor-version":[{"id":7448,"href":"https:\/\/www.hnhlcranes.com\/hu\/wp-json\/wp\/v2\/product\/5728\/revisions\/7448"}],"wp:featuredmedia":[{"embeddable":true,"href":"https:\/\/www.hnhlcranes.com\/hu\/wp-json\/wp\/v2\/media\/7444"}],"wp:attachment":[{"href":"https:\/\/www.hnhlcranes.com\/hu\/wp-json\/wp\/v2\/media?parent=5728"}],"wp:term":[{"taxonomy":"product_brand","embeddable":true,"href":"https:\/\/www.hnhlcranes.com\/hu\/wp-json\/wp\/v2\/product_brand?post=5728"},{"taxonomy":"product_cat","embeddable":true,"href":"https:\/\/www.hnhlcranes.com\/hu\/wp-json\/wp\/v2\/product_cat?post=5728"},{"taxonomy":"product_tag","embeddable":true,"href":"https:\/\/www.hnhlcranes.com\/hu\/wp-json\/wp\/v2\/product_tag?post=5728"}],"curies":[{"name":"wp","href":"https:\/\/api.w.org\/{rel}","templated":true}]}}