{"id":5740,"date":"2024-12-05T22:42:34","date_gmt":"2024-12-05T14:42:34","guid":{"rendered":"https:\/\/www.hnhlcranes.com\/?post_type=product&#038;p=5740"},"modified":"2025-01-14T23:36:45","modified_gmt":"2025-01-14T15:36:45","slug":"daru-taviranyito","status":"publish","type":"product","link":"https:\/\/www.hnhlcranes.com\/hu\/termek\/daru-taviranyito\/","title":{"rendered":"Daru t\u00e1vir\u00e1ny\u00edt\u00f3"},"content":{"rendered":"<div class=\"flex max-w-full flex-col flex-grow\">\n<div class=\"min-h-8 text-message flex w-full flex-col items-end gap-2 whitespace-normal break-words [.text-message+&amp;]:mt-5\" dir=\"auto\" data-message-author-role=\"assistant\" data-message-id=\"d22886da-3fb2-45fa-876a-33dd54db9fd5\" data-message-model-slug=\"gpt-4o\">\n<div class=\"flex w-full flex-col gap-1 empty:hidden first:pt-[3px]\">\n<div class=\"markdown prose w-full break-words dark:prose-invert light\">\n<h3>Daru t\u00e1vir\u00e1ny\u00edt\u00f3 \u00e1ttekint\u00e9se<\/h3>\n<p>A daru t\u00e1vir\u00e1ny\u00edt\u00f3ja egy kifejezetten daru\u00fczemeltet\u00e9shez tervezett vezet\u00e9k n\u00e9lk\u00fcli vez\u00e9rl\u0151eszk\u00f6z. Sz\u00e9les k\u00f6rben haszn\u00e1lj\u00e1k k\u00fcl\u00f6nb\u00f6z\u0151 ipari ter\u00fcleteken, p\u00e9ld\u00e1ul a gy\u00e1rt\u00e1s, a logisztika, a kik\u00f6t\u0151k \u00e9s az \u00e9p\u00edt\u0151ipar ter\u00fclet\u00e9n. A daru vez\u00e9rl\u0151rendszer\u00e9vel val\u00f3 vezet\u00e9k n\u00e9lk\u00fcli kommunik\u00e1ci\u00f3 r\u00e9v\u00e9n lehet\u0151v\u00e9 teszi a kezel\u0151k sz\u00e1m\u00e1ra a daru funkci\u00f3inak t\u00e1voli vez\u00e9rl\u00e9s\u00e9t, jelent\u0151sen n\u00f6velve mind a munka hat\u00e9konys\u00e1g\u00e1t, mind a biztons\u00e1got.<\/p>\n<h3>Daru t\u00e1vir\u00e1ny\u00edt\u00f3 Kulcsfunkci\u00f3k<\/h3>\n<ul>\n<li><strong>Vezet\u00e9k n\u00e9lk\u00fcli vez\u00e9rl\u00e9s<\/strong>: A t\u00e1vir\u00e1ny\u00edt\u00f3 lehet\u0151v\u00e9 teszi a daru legfontosabb funkci\u00f3inak vezet\u00e9k n\u00e9lk\u00fcli vez\u00e9rl\u00e9s\u00e9t, bele\u00e9rtve az ind\u00edt\u00e1st, le\u00e1ll\u00edt\u00e1st, emel\u00e9st \u00e9s mozg\u00e1st. Ez nagyobb rugalmass\u00e1got biztos\u00edt, \u00e9s kik\u00fcsz\u00f6b\u00f6li a hagyom\u00e1nyos k\u00e9zi vez\u00e9rl\u00e9si m\u00f3dszerek korl\u00e1tait.<\/li>\n<li><strong>Multifunkci\u00f3s gombok<\/strong>: A vez\u00e9rl\u0151 t\u00f6bb gombbal van felszerelve, amelyek lehet\u0151v\u00e9 teszik a k\u00fcl\u00f6nb\u00f6z\u0151 darufunkci\u00f3k, p\u00e9ld\u00e1ul az emel\u00e9s, a forgat\u00e1s, a mozg\u00e1s \u00e9s a v\u00e9szle\u00e1ll\u00edt\u00e1s pontos vez\u00e9rl\u00e9s\u00e9t. Ez a kialak\u00edt\u00e1s nagyfok\u00fa m\u0171k\u00f6d\u00e9si sokoldal\u00fas\u00e1got biztos\u00edt.<\/li>\n<li><strong>Biztons\u00e1gi jellemz\u0151k<\/strong>: A t\u00e1vir\u00e1ny\u00edt\u00f3 v\u00e9szle\u00e1ll\u00edt\u00f3 gombbal van felszerelve, amely lehet\u0151v\u00e9 teszi a kezel\u0151 sz\u00e1m\u00e1ra, hogy vesz\u00e9ly eset\u00e9n azonnal le\u00e1ll\u00edtsa a darut. Emellett egyes modellek kijelzik az akkumul\u00e1torok t\u00f6lt\u00f6tts\u00e9gi szintj\u00e9t, \u00edgy biztos\u00edtva, hogy a kezel\u0151 m\u00e9g azel\u0151tt kicser\u00e9lhesse az akkumul\u00e1torokat, miel\u0151tt azok lemer\u00fcln\u00e9nek.<\/li>\n<li><strong>T\u00e1voli m\u0171k\u00f6dtet\u00e9s<\/strong>: A t\u00e1vir\u00e1ny\u00edt\u00f3 haszn\u00e1lat\u00e1val a kezel\u0151k biztons\u00e1gos t\u00e1vols\u00e1gb\u00f3l v\u00e9gezhetik a daru m\u0171veleteit, minimaliz\u00e1lva a vesz\u00e9lyes k\u00f6rnyezetnek val\u00f3 kitetts\u00e9get \u00e9s cs\u00f6kkentve a balesetek kock\u00e1zat\u00e1t.<\/li>\n<li><strong>T\u00f6bbf\u00e9le m\u0171k\u00f6d\u00e9si m\u00f3d<\/strong>: Egyes modellek k\u00fcl\u00f6nb\u00f6z\u0151 \u00fczemm\u00f3dokat k\u00edn\u00e1lnak, p\u00e9ld\u00e1ul egysebess\u00e9ges, v\u00e1ltoz\u00f3 sebess\u00e9g\u0171 \u00e9s k\u00e9tsebess\u00e9ges vez\u00e9rl\u00e9st. Ez lehet\u0151v\u00e9 teszi az egyedi \u00fczemeltet\u00e9si k\u00f6vetelm\u00e9nyek alapj\u00e1n t\u00f6rt\u00e9n\u0151 be\u00e1ll\u00edt\u00e1st, tov\u00e1bb n\u00f6velve a vez\u00e9rl\u00e9s rugalmass\u00e1g\u00e1t.<\/li>\n<\/ul>\n<h3>F\u0151 jellemz\u0151k<\/h3>\n<ul>\n<li><strong>K\u00f6nny\u0171 haszn\u00e1lat<\/strong>: A t\u00e1vir\u00e1ny\u00edt\u00f3 intuit\u00edv kezel\u0151fel\u00fclet\u00e9nek \u00e9s gombkioszt\u00e1s\u00e1nak k\u00f6sz\u00f6nhet\u0151en a kezel\u0151k gyorsan megtanulhatj\u00e1k a kezel\u00e9st, \u00e9s hat\u00e9konyan v\u00e9gezhetik el a daru feladatait.<\/li>\n<li><strong>Hat\u00e9konys\u00e1g<\/strong>: A vez\u00e9rl\u0151 azonnal reag\u00e1l a parancsokra, ami felgyors\u00edtja a m\u0171veleteket \u00e9s cs\u00f6kkenti a kezel\u0151kre nehezed\u0151 fizikai terhel\u00e9st.<\/li>\n<li><strong>Stabilit\u00e1s<\/strong>: A fejlett vezet\u00e9k n\u00e9lk\u00fcli technol\u00f3gia haszn\u00e1lat\u00e1val a vez\u00e9rl\u0151 stabil jel\u00e1tvitelt biztos\u00edt, megel\u0151zve a hib\u00e1s m\u0171k\u00f6d\u00e9shez vezet\u0151 interferenci\u00e1t.<\/li>\n<li><strong>Tart\u00f3ss\u00e1g<\/strong>: A vez\u00e9rl\u0151 burkolata \u00fct\u00e9s\u00e1ll\u00f3, tart\u00f3s anyagokb\u00f3l k\u00e9sz\u00fclt, \u00edgy biztos\u00edtja, hogy ellen\u00e1lljon a zord munkak\u00f6r\u00fclm\u00e9nyeknek \u00e9s hossz\u00fa ideig m\u0171k\u00f6dj\u00f6n.<\/li>\n<\/ul>\n<h3>Alkalmaz\u00e1sok<\/h3>\n<ul>\n<li><strong>Daruk<\/strong>: A t\u00e1vir\u00e1ny\u00edt\u00f3t \u00e1ltal\u00e1ban olyan darukkal haszn\u00e1lj\u00e1k, mint p\u00e9ld\u00e1ul a fejes daruk, port\u00e1ldaruk \u00e9s karos daruk, amelyek hat\u00e9kony \u00e9s biztons\u00e1gos m\u0171k\u00f6d\u00e9st biztos\u00edtanak a k\u00fcl\u00f6nb\u00f6z\u0151 emel\u00e9si feladatok sor\u00e1n.<\/li>\n<li><strong>Ipari m\u0171helyek<\/strong>: A nagy gy\u00e1rt\u00f3\u00fczemekben a kezel\u0151k a t\u00e1vir\u00e1ny\u00edt\u00f3val pontosan ir\u00e1ny\u00edtj\u00e1k a darukat, biztos\u00edtva a zavartalan m\u0171k\u00f6d\u00e9st a gy\u00e1rt\u00f3soron.<\/li>\n<li><strong>Kik\u00f6t\u0151i logisztika<\/strong>: A kik\u00f6t\u0151kben a t\u00e1vvez\u00e9rl\u0151k lehet\u0151v\u00e9 teszik a kezel\u0151k sz\u00e1m\u00e1ra, hogy biztons\u00e1gos t\u00e1vols\u00e1gb\u00f3l ir\u00e1ny\u00edts\u00e1k a darukat \u00e9s a be- \u00e9s kirakod\u00f3 berendez\u00e9seket, minimaliz\u00e1lva a lehets\u00e9ges vesz\u00e9lyeket.<\/li>\n<\/ul>\n<h3>K\u00f6vetkeztet\u00e9s<\/h3>\n<p>\u00d6sszefoglalva, a daru t\u00e1vir\u00e1ny\u00edt\u00f3i a modern daru\u00fczemeltet\u00e9s elengedhetetlen eszk\u00f6zei. A vezet\u00e9k n\u00e9lk\u00fcli vez\u00e9rl\u00e9si technol\u00f3gia kihaszn\u00e1l\u00e1s\u00e1val n\u00f6veli a biztons\u00e1got \u00e9s a hat\u00e9konys\u00e1got, \u00e9s rugalmass\u00e1got biztos\u00edt a kezel\u0151k sz\u00e1m\u00e1ra a daruk t\u00e1vvez\u00e9rl\u00e9s\u00e9hez. Ez jav\u00edtja a biztons\u00e1got, n\u00f6veli a termel\u00e9kenys\u00e9get, \u00e9s hozz\u00e1j\u00e1rul a biztons\u00e1gosabb \u00e9s hat\u00e9konyabb munkak\u00f6rnyezethez.<\/p>\n<\/div>\n<\/div>\n<\/div>\n<\/div>\n<p>&nbsp;<\/p>","protected":false},"excerpt":{"rendered":"<h6><strong><span style=\"font-family: arial, helvetica, sans-serif; font-size: 14pt;\">A daru t\u00e1vir\u00e1ny\u00edt\u00f3 m\u0171szaki adatai<\/span><\/strong><\/h6>\n<ul>\n<li><strong>Modell opci\u00f3k<\/strong>: F24-6D, F24-8D, F24-10D, F24-12D, F24-60<\/li>\n<li><strong>Gomb be\u00e1ll\u00edt\u00e1sok<\/strong>: 6, 8, 10, 12 gomb, vagy joystick vez\u00e9rl\u00e9s<\/li>\n<li><strong>V\u00e9delmi besorol\u00e1s<\/strong>: IP65<\/li>\n<li><strong>Frekvenciatartom\u00e1ny<\/strong>: VHF: 310-331 MHz; UHF: 425-446 MHz<\/li>\n<li><strong>Vev\u0151 t\u00e1pell\u00e1t\u00e1si opci\u00f3k<\/strong>: 24V, 36V, 220V, 380V (opcion\u00e1lis)<\/li>\n<li><strong>\u00dczemi h\u0151m\u00e9rs\u00e9klet<\/strong>: -40\u00b0C \u00e9s +85\u00b0C k\u00f6z\u00f6tt<\/li>\n<li><strong>Vez\u00e9rl\u00e9si t\u00e1vols\u00e1g<\/strong>: Ak\u00e1r 100 m ny\u00edlt k\u00f6rnyezetben<\/li>\n<\/ul>","protected":false},"featured_media":7455,"template":"","meta":{"_kad_post_transparent":"default","_kad_post_title":"","_kad_post_layout":"default","_kad_post_sidebar_id":"","_kad_post_content_style":"default","_kad_post_vertical_padding":"show","_kad_post_feature":"","_kad_post_feature_position":"","_kad_post_header":false,"_kad_post_footer":false},"product_brand":[],"product_cat":[65],"product_tag":[632,622,376,634,612,616,626,627,629,613,617,620,615,614,618,628,619,621,623,630,635,633,625,631,624],"class_list":{"0":"post-5740","1":"product","2":"type-product","3":"status-publish","4":"has-post-thumbnail","6":"product_cat-crane-electrical-parts","7":"product_tag-aviation-plug","8":"product_tag-cable-trolley","9":"product_tag-china-crane-parts-supplier","10":"product_tag-crane-aviation-plug","11":"product_tag-crane-cable-trolley","12":"product_tag-crane-control-cabinet","13":"product_tag-crane-control-handle","14":"product_tag-crane-controls","15":"product_tag-crane-electrical-control-cabinet","16":"product_tag-crane-electrical-part","17":"product_tag-crane-limit-switch","18":"product_tag-crane-overload-limiter","19":"product_tag-crane-pendant-controller","20":"product_tag-crane-remote-controller","21":"product_tag-crane-sound-and-light-alarm","22":"product_tag-electrical-control-cabinet","23":"product_tag-heavy-duty-aviation-connector","24":"product_tag-i-beam-cable-trolley","25":"product_tag-i-beam-cable-trolley-supplier","26":"product_tag-limit-switch","27":"product_tag-overload-limiter","28":"product_tag-quick-connector","29":"product_tag-remote-controller","30":"product_tag-sound-and-light-alarm","31":"product_tag-wireless-remote-control","33":"first","34":"instock","35":"shipping-taxable","36":"product-type-simple","37":"entry","38":"content-bg","39":"loop-entry"},"yoast_head":"<!-- This site is optimized with the Yoast SEO plugin v24.5 - https:\/\/yoast.com\/wordpress\/plugins\/seo\/ -->\n<title>Crane remote controller - Wireless remote control-remote controller- Crane Parts Manufacturer<\/title>\n<meta name=\"description\" content=\"Crane remote controller,Wireless remote control,remote controller, remote controller manufacturer,remote controller Supplier,Crane Electrical Parts\" \/>\n<meta name=\"robots\" content=\"index, follow, max-snippet:-1, max-image-preview:large, max-video-preview:-1\" \/>\n<link rel=\"canonical\" href=\"https:\/\/www.hnhlcranes.com\/hu\/termek\/daru-taviranyito\/\" \/>\n<meta property=\"og:locale\" content=\"hu_HU\" \/>\n<meta property=\"og:type\" content=\"article\" \/>\n<meta property=\"og:title\" content=\"Crane remote controller - Wireless remote control-remote controller- Crane Parts Manufacturer\" \/>\n<meta property=\"og:description\" content=\"Crane remote controller,Wireless remote control,remote controller, remote controller manufacturer,remote controller Supplier,Crane Electrical Parts\" \/>\n<meta property=\"og:url\" content=\"https:\/\/www.hnhlcranes.com\/hu\/termek\/daru-taviranyito\/\" \/>\n<meta property=\"og:site_name\" content=\"Crane Parts Manufacturer\" \/>\n<meta property=\"article:modified_time\" content=\"2025-01-14T15:36:45+00:00\" \/>\n<meta property=\"og:image\" content=\"https:\/\/www.hnhlcranes.com\/wp-content\/uploads\/2024\/12\/Crane-remote-controller.jpg\" \/>\n\t<meta property=\"og:image:width\" content=\"600\" \/>\n\t<meta property=\"og:image:height\" content=\"600\" \/>\n\t<meta property=\"og:image:type\" content=\"image\/jpeg\" \/>\n<meta name=\"twitter:card\" content=\"summary_large_image\" \/>\n<meta name=\"twitter:label1\" content=\"Becs\u00fclt olvas\u00e1si id\u0151\" \/>\n\t<meta name=\"twitter:data1\" content=\"3 perc\" \/>\n<script type=\"application\/ld+json\" class=\"yoast-schema-graph\">{\"@context\":\"https:\/\/schema.org\",\"@graph\":[{\"@type\":\"WebPage\",\"@id\":\"https:\/\/www.hnhlcranes.com\/product\/crane-remote-controller\/\",\"url\":\"https:\/\/www.hnhlcranes.com\/product\/crane-remote-controller\/\",\"name\":\"Crane remote controller - Wireless remote control-remote controller- Crane Parts Manufacturer\",\"isPartOf\":{\"@id\":\"https:\/\/www.hnhlcranes.com\/#website\"},\"primaryImageOfPage\":{\"@id\":\"https:\/\/www.hnhlcranes.com\/product\/crane-remote-controller\/#primaryimage\"},\"image\":{\"@id\":\"https:\/\/www.hnhlcranes.com\/product\/crane-remote-controller\/#primaryimage\"},\"thumbnailUrl\":\"https:\/\/www.hnhlcranes.com\/wp-content\/uploads\/2024\/12\/Crane-remote-controller.jpg\",\"datePublished\":\"2024-12-05T14:42:34+00:00\",\"dateModified\":\"2025-01-14T15:36:45+00:00\",\"description\":\"Crane remote controller,Wireless remote control,remote controller, remote controller manufacturer,remote controller Supplier,Crane Electrical Parts\",\"breadcrumb\":{\"@id\":\"https:\/\/www.hnhlcranes.com\/product\/crane-remote-controller\/#breadcrumb\"},\"inLanguage\":\"hu\",\"potentialAction\":[{\"@type\":\"ReadAction\",\"target\":[\"https:\/\/www.hnhlcranes.com\/product\/crane-remote-controller\/\"]}]},{\"@type\":\"ImageObject\",\"inLanguage\":\"hu\",\"@id\":\"https:\/\/www.hnhlcranes.com\/product\/crane-remote-controller\/#primaryimage\",\"url\":\"https:\/\/www.hnhlcranes.com\/wp-content\/uploads\/2024\/12\/Crane-remote-controller.jpg\",\"contentUrl\":\"https:\/\/www.hnhlcranes.com\/wp-content\/uploads\/2024\/12\/Crane-remote-controller.jpg\",\"width\":600,\"height\":600},{\"@type\":\"BreadcrumbList\",\"@id\":\"https:\/\/www.hnhlcranes.com\/product\/crane-remote-controller\/#breadcrumb\",\"itemListElement\":[{\"@type\":\"ListItem\",\"position\":1,\"name\":\"home\",\"item\":\"https:\/\/www.hnhlcranes.com\/\"},{\"@type\":\"ListItem\",\"position\":2,\"name\":\"products\",\"item\":\"https:\/\/www.hnhlcranes.com\/products\/\"},{\"@type\":\"ListItem\",\"position\":3,\"name\":\"Crane remote controller\"}]},{\"@type\":\"WebSite\",\"@id\":\"https:\/\/www.hnhlcranes.com\/#website\",\"url\":\"https:\/\/www.hnhlcranes.com\/\",\"name\":\"Crane Parts Manufacturer\",\"description\":\"Crane Wheels,Crane Drums,Crane Hooks,Crane Coupling,Crane End Carriage,Electric Hoist,European Crane Parts,Crane Rail Clip,Crane Spreader,Crane Motor,Crane Reducer,Crane Brake,Light Crane Parts,Workstation Crane Parts,Crane Electrical Parts,China Crane Parts Supplier,China Crane Parts Manufacturer,Angle box type crane wheel,45 degree split crane wheel,European crane wheel,Crane Wheel Blocks,Overhead crane drum,European crane drum,Overhead crane hook,European crane hook,Crane pulley block,Gear coupling,Brake wheel coupling,Drum gear coupling,Brake wheel drum gear coupling,Cardan Shaft Coupling,WZL drum coupling,Plum blossom elastic coupling,Brake wheel plum elastic coupling,European Single girder crane end carriage,European Double girder crane end carriage,European Suspension  crane end carriage,Wire Rope Electric Hoist,Electric Chain Hoist,European Single Girder Wire Rope Electric Hoist,European Double Girder Wire Rope Electric Hoist,Crane grab,Container spreader,Billet crane clamps,C-type hook,Lifting Electromagnet,YZR crane motor,YZP crane motor,ZQ Reducer,ZSC Reducer,QJ Reducer,QJ-L Reducer,QJY Reducer,H series gearbox,F Series Gear Motor,K Series Gear Motor,R Series Gear Motor,travelling machinery gear motor,Electro hydraulic drum brake,Electro hydraulic disc brake,Crane Safety brake,Crane cable trolley,Crane remote controller,Crane pendant controller,Crane electrical control cabinet,Crane limit switch,Crane sound and light alarm,Heavy Duty Aviation Connector,Crane overload limiter\",\"publisher\":{\"@id\":\"https:\/\/www.hnhlcranes.com\/#organization\"},\"potentialAction\":[{\"@type\":\"SearchAction\",\"target\":{\"@type\":\"EntryPoint\",\"urlTemplate\":\"https:\/\/www.hnhlcranes.com\/?s={search_term_string}\"},\"query-input\":{\"@type\":\"PropertyValueSpecification\",\"valueRequired\":true,\"valueName\":\"search_term_string\"}}],\"inLanguage\":\"hu\"},{\"@type\":\"Organization\",\"@id\":\"https:\/\/www.hnhlcranes.com\/#organization\",\"name\":\"Crane Parts Manufacturer\",\"url\":\"https:\/\/www.hnhlcranes.com\/\",\"logo\":{\"@type\":\"ImageObject\",\"inLanguage\":\"hu\",\"@id\":\"https:\/\/www.hnhlcranes.com\/#\/schema\/logo\/image\/\",\"url\":\"https:\/\/www.hnhlcranes.com\/wp-content\/uploads\/2025\/01\/HL-logo-1.png\",\"contentUrl\":\"https:\/\/www.hnhlcranes.com\/wp-content\/uploads\/2025\/01\/HL-logo-1.png\",\"width\":600,\"height\":169,\"caption\":\"Crane Parts Manufacturer\"},\"image\":{\"@id\":\"https:\/\/www.hnhlcranes.com\/#\/schema\/logo\/image\/\"}}]}<\/script>\n<!-- \/ Yoast SEO plugin. -->","yoast_head_json":{"title":"Crane remote controller - Wireless remote control-remote controller- Crane Parts Manufacturer","description":"Crane remote controller,Wireless remote control,remote controller, remote controller manufacturer,remote controller Supplier,Crane Electrical Parts","robots":{"index":"index","follow":"follow","max-snippet":"max-snippet:-1","max-image-preview":"max-image-preview:large","max-video-preview":"max-video-preview:-1"},"canonical":"https:\/\/www.hnhlcranes.com\/hu\/termek\/daru-taviranyito\/","og_locale":"hu_HU","og_type":"article","og_title":"Crane remote controller - Wireless remote control-remote controller- Crane Parts Manufacturer","og_description":"Crane remote controller,Wireless remote control,remote controller, remote controller manufacturer,remote controller Supplier,Crane Electrical Parts","og_url":"https:\/\/www.hnhlcranes.com\/hu\/termek\/daru-taviranyito\/","og_site_name":"Crane Parts Manufacturer","article_modified_time":"2025-01-14T15:36:45+00:00","og_image":[{"width":600,"height":600,"url":"https:\/\/www.hnhlcranes.com\/wp-content\/uploads\/2024\/12\/Crane-remote-controller.jpg","type":"image\/jpeg"}],"twitter_card":"summary_large_image","twitter_misc":{"Becs\u00fclt olvas\u00e1si id\u0151":"3 perc"},"schema":{"@context":"https:\/\/schema.org","@graph":[{"@type":"WebPage","@id":"https:\/\/www.hnhlcranes.com\/product\/crane-remote-controller\/","url":"https:\/\/www.hnhlcranes.com\/product\/crane-remote-controller\/","name":"Crane remote controller - Wireless remote control-remote controller- Crane Parts Manufacturer","isPartOf":{"@id":"https:\/\/www.hnhlcranes.com\/#website"},"primaryImageOfPage":{"@id":"https:\/\/www.hnhlcranes.com\/product\/crane-remote-controller\/#primaryimage"},"image":{"@id":"https:\/\/www.hnhlcranes.com\/product\/crane-remote-controller\/#primaryimage"},"thumbnailUrl":"https:\/\/www.hnhlcranes.com\/wp-content\/uploads\/2024\/12\/Crane-remote-controller.jpg","datePublished":"2024-12-05T14:42:34+00:00","dateModified":"2025-01-14T15:36:45+00:00","description":"Crane remote controller,Wireless remote control,remote controller, remote controller manufacturer,remote controller Supplier,Crane Electrical Parts","breadcrumb":{"@id":"https:\/\/www.hnhlcranes.com\/product\/crane-remote-controller\/#breadcrumb"},"inLanguage":"hu","potentialAction":[{"@type":"ReadAction","target":["https:\/\/www.hnhlcranes.com\/product\/crane-remote-controller\/"]}]},{"@type":"ImageObject","inLanguage":"hu","@id":"https:\/\/www.hnhlcranes.com\/product\/crane-remote-controller\/#primaryimage","url":"https:\/\/www.hnhlcranes.com\/wp-content\/uploads\/2024\/12\/Crane-remote-controller.jpg","contentUrl":"https:\/\/www.hnhlcranes.com\/wp-content\/uploads\/2024\/12\/Crane-remote-controller.jpg","width":600,"height":600},{"@type":"BreadcrumbList","@id":"https:\/\/www.hnhlcranes.com\/product\/crane-remote-controller\/#breadcrumb","itemListElement":[{"@type":"ListItem","position":1,"name":"home","item":"https:\/\/www.hnhlcranes.com\/"},{"@type":"ListItem","position":2,"name":"products","item":"https:\/\/www.hnhlcranes.com\/products\/"},{"@type":"ListItem","position":3,"name":"Crane remote controller"}]},{"@type":"WebSite","@id":"https:\/\/www.hnhlcranes.com\/#website","url":"https:\/\/www.hnhlcranes.com\/","name":"Crane Parts Manufacturer","description":"Crane Wheels,Crane Drums,Crane Hooks,Crane Coupling,Crane End Carriage,Electric Hoist,European Crane Parts,Crane Rail Clip,Crane Spreader,Crane Motor,Crane Reducer,Crane Brake,Light Crane Parts,Workstation Crane Parts,Crane Electrical Parts,China Crane Parts Supplier,China Crane Parts Manufacturer,Angle box type crane wheel,45 degree split crane wheel,European crane wheel,Crane Wheel Blocks,Overhead crane drum,European crane drum,Overhead crane hook,European crane hook,Crane pulley block,Gear coupling,Brake wheel coupling,Drum gear coupling,Brake wheel drum gear coupling,Cardan Shaft Coupling,WZL drum coupling,Plum blossom elastic coupling,Brake wheel plum elastic coupling,European Single girder crane end carriage,European Double girder crane end carriage,European Suspension  crane end carriage,Wire Rope Electric Hoist,Electric Chain Hoist,European Single Girder Wire Rope Electric Hoist,European Double Girder Wire Rope Electric Hoist,Crane grab,Container spreader,Billet crane clamps,C-type hook,Lifting Electromagnet,YZR crane motor,YZP crane motor,ZQ Reducer,ZSC Reducer,QJ Reducer,QJ-L Reducer,QJY Reducer,H series gearbox,F Series Gear Motor,K Series Gear Motor,R Series Gear Motor,travelling machinery gear motor,Electro hydraulic drum brake,Electro hydraulic disc brake,Crane Safety brake,Crane cable trolley,Crane remote controller,Crane pendant controller,Crane electrical control cabinet,Crane limit switch,Crane sound and light alarm,Heavy Duty Aviation Connector,Crane overload limiter","publisher":{"@id":"https:\/\/www.hnhlcranes.com\/#organization"},"potentialAction":[{"@type":"SearchAction","target":{"@type":"EntryPoint","urlTemplate":"https:\/\/www.hnhlcranes.com\/?s={search_term_string}"},"query-input":{"@type":"PropertyValueSpecification","valueRequired":true,"valueName":"search_term_string"}}],"inLanguage":"hu"},{"@type":"Organization","@id":"https:\/\/www.hnhlcranes.com\/#organization","name":"Crane Parts Manufacturer","url":"https:\/\/www.hnhlcranes.com\/","logo":{"@type":"ImageObject","inLanguage":"hu","@id":"https:\/\/www.hnhlcranes.com\/#\/schema\/logo\/image\/","url":"https:\/\/www.hnhlcranes.com\/wp-content\/uploads\/2025\/01\/HL-logo-1.png","contentUrl":"https:\/\/www.hnhlcranes.com\/wp-content\/uploads\/2025\/01\/HL-logo-1.png","width":600,"height":169,"caption":"Crane Parts Manufacturer"},"image":{"@id":"https:\/\/www.hnhlcranes.com\/#\/schema\/logo\/image\/"}}]}},"_links":{"self":[{"href":"https:\/\/www.hnhlcranes.com\/hu\/wp-json\/wp\/v2\/product\/5740","targetHints":{"allow":["GET"]}}],"collection":[{"href":"https:\/\/www.hnhlcranes.com\/hu\/wp-json\/wp\/v2\/product"}],"about":[{"href":"https:\/\/www.hnhlcranes.com\/hu\/wp-json\/wp\/v2\/types\/product"}],"version-history":[{"count":3,"href":"https:\/\/www.hnhlcranes.com\/hu\/wp-json\/wp\/v2\/product\/5740\/revisions"}],"predecessor-version":[{"id":7458,"href":"https:\/\/www.hnhlcranes.com\/hu\/wp-json\/wp\/v2\/product\/5740\/revisions\/7458"}],"wp:featuredmedia":[{"embeddable":true,"href":"https:\/\/www.hnhlcranes.com\/hu\/wp-json\/wp\/v2\/media\/7455"}],"wp:attachment":[{"href":"https:\/\/www.hnhlcranes.com\/hu\/wp-json\/wp\/v2\/media?parent=5740"}],"wp:term":[{"taxonomy":"product_brand","embeddable":true,"href":"https:\/\/www.hnhlcranes.com\/hu\/wp-json\/wp\/v2\/product_brand?post=5740"},{"taxonomy":"product_cat","embeddable":true,"href":"https:\/\/www.hnhlcranes.com\/hu\/wp-json\/wp\/v2\/product_cat?post=5740"},{"taxonomy":"product_tag","embeddable":true,"href":"https:\/\/www.hnhlcranes.com\/hu\/wp-json\/wp\/v2\/product_tag?post=5740"}],"curies":[{"name":"wp","href":"https:\/\/api.w.org\/{rel}","templated":true}]}}