{"id":5753,"date":"2024-12-05T22:58:36","date_gmt":"2024-12-05T14:58:36","guid":{"rendered":"https:\/\/www.hnhlcranes.com\/?post_type=product&#038;p=5753"},"modified":"2025-01-14T23:46:32","modified_gmt":"2025-01-14T15:46:32","slug":"daru-fuggo-vezerlo","status":"publish","type":"product","link":"https:\/\/www.hnhlcranes.com\/hu\/termek\/daru-fuggo-vezerlo\/","title":{"rendered":"Daru f\u00fcgg\u0151 vez\u00e9rl\u0151"},"content":{"rendered":"<h3>Bevezet\u00e9s a daru f\u00fcgg\u0151 vez\u00e9rl\u0151h\u00f6z<\/h3>\n<p>A daru f\u00fcgg\u0151 vez\u00e9rl\u0151j\u00e9t els\u0151sorban a k\u00fcl\u00f6nb\u00f6z\u0151 darufunkci\u00f3k, p\u00e9ld\u00e1ul az ind\u00edt\u00e1s, a le\u00e1ll\u00edt\u00e1s \u00e9s az ir\u00e1ny\u00edtott mozg\u00e1s vez\u00e9rl\u00e9s\u00e9re tervezt\u00e9k. Megb\u00edzhat\u00f3 megold\u00e1st k\u00edn\u00e1l mind a daru, mind az emel\u0151m\u0171vek m\u0171k\u00f6d\u00e9s\u00e9hez a legk\u00fcl\u00f6nb\u00f6z\u0151bb k\u00f6rnyezetekben, ak\u00e1r belt\u00e9ri, ak\u00e1r k\u00fclt\u00e9ri k\u00f6rnyezetben. Az al\u00e1bbiakban r\u00e9szletesen megvizsg\u00e1ljuk az alkalmaz\u00e1si ter\u00fcleteit, m\u0171k\u00f6d\u00e9si m\u00f3dszereit, biztons\u00e1gi jellemz\u0151it \u00e9s karbantart\u00e1si k\u00f6vetelm\u00e9nyeit.<\/p>\n<h3>Alkalmaz\u00e1si ter\u00fclet \u00e9s munkak\u00f6rnyezet<\/h3>\n<p>A Crane Pendant Controller a k\u00f6vetkez\u0151 felt\u00e9telek mellett m\u0171k\u00f6d\u0151 vez\u00e9rl\u0151rendszerekhez alkalmas:<\/p>\n<ul>\n<li><strong>AC t\u00e1pell\u00e1t\u00e1s:<\/strong> 50Hz vagy 60Hz-en m\u0171k\u00f6dik, ak\u00e1r 380V-os fesz\u00fclts\u00e9ggel.<\/li>\n<li><strong>DC t\u00e1pegys\u00e9g:<\/strong> Alkalmas 220V-ig terjed\u0151 \u00fczemi fesz\u00fclts\u00e9ghez.<\/li>\n<\/ul>\n<p>A sokoldal\u00fas\u00e1gra tervezett vez\u00e9rl\u0151 ellen\u00e1ll az es\u0151nek, h\u00f3nak \u00e9s pornak, \u00edgy ide\u00e1lis v\u00e1laszt\u00e1s k\u00fclt\u00e9ri alkalmaz\u00e1sokhoz, bele\u00e9rtve a darukat \u00e9s az elektromos emel\u0151ket zord id\u0151j\u00e1r\u00e1si k\u00f6r\u00fclm\u00e9nyek k\u00f6z\u00f6tt.<\/p>\n<h3>M\u0171k\u00f6d\u00e9si m\u00f3dszerek \u00e9s jellemz\u0151k<\/h3>\n<p>A Crane Pendant Controller a vez\u00e9rl\u0151foganty\u00fan tal\u00e1lhat\u00f3 gombokkal m\u0171k\u00f6dik, \u00e9s sz\u00e1mos olyan kulcsfontoss\u00e1g\u00fa funkci\u00f3t tartalmaz, amelyek mind a biztons\u00e1got, mind a funkcionalit\u00e1st fokozz\u00e1k:<\/p>\n<ul>\n<li><strong>V\u00e9szle\u00e1ll\u00edt\u00f3 kapcsol\u00f3:<\/strong> A forg\u00f3-vissza\u00e1ll\u00edt\u00f3 gombafej\u0171 v\u00e9szle\u00e1ll\u00edt\u00f3 kapcsol\u00f3val felszerelt vez\u00e9rl\u0151 lehet\u0151v\u00e9 teszi a motor gyors le\u00e1ll\u00edt\u00e1s\u00e1t v\u00e9szhelyzetben, biztos\u00edtva a gyors reag\u00e1l\u00e1st a potenci\u00e1lis vesz\u00e9lyekre.<\/li>\n<li><strong>Ir\u00e1ny\u00edtott vez\u00e9rl\u00e9s:<\/strong> A vez\u00e9rl\u0151 nemzetk\u00f6zileg elismert ny\u00edlszimb\u00f3lumokkal ell\u00e1tott gombokat haszn\u00e1l. Ezenk\u00edv\u00fcl az ellent\u00e9tes ir\u00e1ny\u00fa gombok mechanikusan reteszelve vannak, hogy megakad\u00e1lyozz\u00e1k az egyidej\u0171 m\u0171k\u00f6dtet\u00e9st, \u00edgy v\u00e9dve a v\u00e9letlen vissza\u00e9l\u00e9sek ellen.<\/li>\n<li><strong>K\u00e1beles felf\u00fcggeszt\u00e9s:<\/strong> A foganty\u00fa puha, v\u00e9kony ac\u00e9lhuzalok seg\u00edts\u00e9g\u00e9vel van felf\u00fcggesztve az elektromos doboz al\u00e1. Ez a kialak\u00edt\u00e1s minimaliz\u00e1lja a k\u00e1bel megterhel\u00e9s\u00e9t \u00e9s seg\u00edt megel\u0151zni a mag s\u00e9r\u00fcl\u00e9s\u00e9t, el\u0151seg\u00edtve a hossz\u00fa \u00e9lettartamot \u00e9s a megb\u00edzhat\u00f3 teljes\u00edtm\u00e9nyt.<\/li>\n<\/ul>\n<h3>Biztons\u00e1gi jellemz\u0151k \u00e9s v\u00e9delem<\/h3>\n<p>A Crane Pendant Controller sz\u00e1mos biztons\u00e1gi mechanizmussal rendelkezik, amelyek biztos\u00edtj\u00e1k mind a kezel\u0151 biztons\u00e1g\u00e1t, mind a berendez\u00e9s \u00e9lettartam\u00e1t:<\/p>\n<ul>\n<li><strong>V\u00edz\u00e1ll\u00f3 \u00e9s tart\u00f3s:<\/strong> A kifejezetten a zord k\u00f6rnyezeti k\u00f6r\u00fclm\u00e9nyeknek val\u00f3 ellen\u00e1ll\u00e1sra tervezett vez\u00e9rl\u0151 egyenletes, megb\u00edzhat\u00f3 teljes\u00edtm\u00e9nyt biztos\u00edt, m\u00e9g kih\u00edv\u00e1st jelent\u0151 id\u0151j\u00e1r\u00e1si k\u00f6r\u00fclm\u00e9nyek k\u00f6z\u00f6tt is.<\/li>\n<li><strong>Alacsony vez\u00e9rl\u0151fesz\u00fclts\u00e9g:<\/strong> A gombok vez\u00e9rl\u0151fesz\u00fclts\u00e9ge 36 V-ra van korl\u00e1tozva, ami n\u00f6veli a kezel\u0151 biztons\u00e1g\u00e1t, mivel cs\u00f6kkenti az \u00e1ram\u00fct\u00e9s kock\u00e1zat\u00e1t haszn\u00e1lat k\u00f6zben.<\/li>\n<li><strong>Magas v\u00e9delmi besorol\u00e1s:<\/strong> A leny\u0171g\u00f6z\u0151 IP65 v\u00e9delmi szintnek k\u00f6sz\u00f6nhet\u0151en a vez\u00e9rl\u0151 ellen\u00e1ll a v\u00edznek \u00e9s a pornak is, \u00edgy sz\u00e9ls\u0151s\u00e9ges k\u00f6r\u00fclm\u00e9nyek k\u00f6z\u00f6tt is m\u0171k\u00f6d\u0151k\u00e9pes.<\/li>\n<li><strong>Szigetel\u00e9s \u00e9s ellen\u00e1ll\u00e1s:<\/strong> A kiv\u00e1l\u00f3 min\u0151s\u00e9g\u0171 szigetel\u0151anyagok haszn\u00e1lata garant\u00e1lja a biztons\u00e1gos \u00e9s megb\u00edzhat\u00f3 m\u0171k\u00f6d\u00e9st, m\u00e9g nedves vagy kedvez\u0151tlen k\u00f6rnyezetben is.<\/li>\n<\/ul>\n<h3>Karbantart\u00e1s \u00e9s gondoz\u00e1s<\/h3>\n<p>A daru f\u00fcgg\u0151 vez\u00e9rl\u0151 hossz\u00fa t\u00e1v\u00fa stabilit\u00e1s\u00e1nak \u00e9s m\u0171k\u00f6d\u0151k\u00e9pess\u00e9g\u00e9nek biztos\u00edt\u00e1sa \u00e9rdek\u00e9ben elengedhetetlen a rendszeres karbantart\u00e1s. \u00cdme n\u00e9h\u00e1ny kulcsfontoss\u00e1g\u00fa karbantart\u00e1si tipp:<\/p>\n<ul>\n<li><strong>Gomb \u00e9s v\u00e9szle\u00e1ll\u00edt\u00e1s ellen\u0151rz\u00e9se:<\/strong> Rendszeresen ellen\u0151rizze a gombokat \u00e9s a v\u00e9szle\u00e1ll\u00edt\u00f3 kapcsol\u00f3t, hogy azok teljesen m\u0171k\u00f6d\u0151k\u00e9pesek maradjanak, \u00e9s sz\u00fcks\u00e9g eset\u00e9n gyorsan vissza\u00e1ll\u00edthat\u00f3k legyenek.<\/li>\n<li><strong>Szimb\u00f3lum l\u00e1that\u00f3s\u00e1ga:<\/strong> Rendszeresen ellen\u0151rizze a gombfeliratokat, hogy azok egy\u00e9rtelm\u0171ek \u00e9s j\u00f3l l\u00e1that\u00f3ak maradjanak, megk\u00f6nny\u00edtve az intuit\u00edv kezel\u00e9st.<\/li>\n<li><strong>Felf\u00fcggeszt\u00e9si rendszer integrit\u00e1sa:<\/strong> Ellen\u0151rizze a foganty\u00fa felf\u00fcggeszt\u00e9si rendszer\u00e9t, hogy biztosan r\u00f6gz\u00edtve legyen. Ez seg\u00edt megel\u0151zni a k\u00e1belek t\u00falzott megterhel\u00e9s\u00e9t, \u00e9s megv\u00e9di a vez\u00e9rl\u0151t az esetleges s\u00e9r\u00fcl\u00e9sekt\u0151l.<\/li>\n<li><strong>K\u00f6rnyezetv\u00e9delem:<\/strong> A vez\u00e9rl\u0151t olyan k\u00f6r\u00fclm\u00e9nyek k\u00f6z\u00f6tt t\u00e1rolja \u00e9s m\u0171k\u00f6dtesse, amelyek minimaliz\u00e1lj\u00e1k a sz\u00e9ls\u0151s\u00e9ges id\u0151j\u00e1r\u00e1si elemeknek val\u00f3 tart\u00f3s kitetts\u00e9get, \u00edgy meg\u0151rizve annak m\u0171k\u00f6d\u0151k\u00e9pess\u00e9g\u00e9t \u00e9s \u00e9lettartam\u00e1t.<\/li>\n<\/ul>","protected":false},"excerpt":{"rendered":"<h6><strong><span style=\"font-family: arial, helvetica, sans-serif; font-size: 14pt;\">A daru f\u00fcggesztett vez\u00e9rl\u0151k specifik\u00e1ci\u00f3i<\/span><\/strong><\/h6>\n<ul>\n<li><strong>Gombok sz\u00e1ma<\/strong>: 2, 4 vagy 6 gomb.<\/li>\n<li><strong>V\u00e9delmi szint<\/strong>: IP65.<\/li>\n<li><strong>Vez\u00e9rl\u0151fesz\u00fclts\u00e9g<\/strong>: 36V.<\/li>\n<li><strong>M\u0171k\u00f6d\u00e9si h\u0151m\u00e9rs\u00e9klet-tartom\u00e1ny<\/strong>: -40\u00b0C \u00e9s +85\u00b0C k\u00f6z\u00f6tt.<\/li>\n<\/ul>","protected":false},"featured_media":7464,"template":"","meta":{"_kad_post_transparent":"default","_kad_post_title":"","_kad_post_layout":"default","_kad_post_sidebar_id":"","_kad_post_content_style":"default","_kad_post_vertical_padding":"show","_kad_post_feature":"","_kad_post_feature_position":"","_kad_post_header":false,"_kad_post_footer":false},"product_brand":[],"product_cat":[65],"product_tag":[632,622,376,634,612,616,626,627,629,613,617,620,615,614,618,628,619,621,623,630,635,633,625,631,624],"class_list":{"0":"post-5753","1":"product","2":"type-product","3":"status-publish","4":"has-post-thumbnail","6":"product_cat-crane-electrical-parts","7":"product_tag-aviation-plug","8":"product_tag-cable-trolley","9":"product_tag-china-crane-parts-supplier","10":"product_tag-crane-aviation-plug","11":"product_tag-crane-cable-trolley","12":"product_tag-crane-control-cabinet","13":"product_tag-crane-control-handle","14":"product_tag-crane-controls","15":"product_tag-crane-electrical-control-cabinet","16":"product_tag-crane-electrical-part","17":"product_tag-crane-limit-switch","18":"product_tag-crane-overload-limiter","19":"product_tag-crane-pendant-controller","20":"product_tag-crane-remote-controller","21":"product_tag-crane-sound-and-light-alarm","22":"product_tag-electrical-control-cabinet","23":"product_tag-heavy-duty-aviation-connector","24":"product_tag-i-beam-cable-trolley","25":"product_tag-i-beam-cable-trolley-supplier","26":"product_tag-limit-switch","27":"product_tag-overload-limiter","28":"product_tag-quick-connector","29":"product_tag-remote-controller","30":"product_tag-sound-and-light-alarm","31":"product_tag-wireless-remote-control","33":"first","34":"instock","35":"shipping-taxable","36":"product-type-simple","37":"entry","38":"content-bg","39":"loop-entry"},"yoast_head":"<!-- This site is optimized with the Yoast SEO plugin v24.5 - https:\/\/yoast.com\/wordpress\/plugins\/seo\/ -->\n<title>Crane pendant controller - Crane control handle-Crane Controls-Crane Parts Manufacturer<\/title>\n<meta name=\"description\" content=\"Crane control handle,Crane Controls,Crane pendant controller,Pendant controller manufacturer,Crane pendant controller Supplier,Crane Electrical Parts\" \/>\n<meta name=\"robots\" content=\"index, follow, max-snippet:-1, max-image-preview:large, max-video-preview:-1\" \/>\n<link rel=\"canonical\" href=\"https:\/\/www.hnhlcranes.com\/hu\/termek\/daru-fuggo-vezerlo\/\" \/>\n<meta property=\"og:locale\" content=\"hu_HU\" \/>\n<meta property=\"og:type\" content=\"article\" \/>\n<meta property=\"og:title\" content=\"Crane pendant controller - Crane control handle-Crane Controls-Crane Parts Manufacturer\" \/>\n<meta property=\"og:description\" content=\"Crane control handle,Crane Controls,Crane pendant controller,Pendant controller manufacturer,Crane pendant controller Supplier,Crane Electrical Parts\" \/>\n<meta property=\"og:url\" content=\"https:\/\/www.hnhlcranes.com\/hu\/termek\/daru-fuggo-vezerlo\/\" \/>\n<meta property=\"og:site_name\" content=\"Crane Parts Manufacturer\" \/>\n<meta property=\"article:modified_time\" content=\"2025-01-14T15:46:32+00:00\" \/>\n<meta property=\"og:image\" content=\"https:\/\/www.hnhlcranes.com\/wp-content\/uploads\/2024\/12\/Crane-pendant-controller.jpg\" \/>\n\t<meta property=\"og:image:width\" content=\"600\" \/>\n\t<meta property=\"og:image:height\" content=\"600\" \/>\n\t<meta property=\"og:image:type\" content=\"image\/jpeg\" \/>\n<meta name=\"twitter:card\" content=\"summary_large_image\" \/>\n<meta name=\"twitter:label1\" content=\"Becs\u00fclt olvas\u00e1si id\u0151\" \/>\n\t<meta name=\"twitter:data1\" content=\"3 perc\" \/>\n<script type=\"application\/ld+json\" class=\"yoast-schema-graph\">{\"@context\":\"https:\/\/schema.org\",\"@graph\":[{\"@type\":\"WebPage\",\"@id\":\"https:\/\/www.hnhlcranes.com\/product\/crane-pendant-controller\/\",\"url\":\"https:\/\/www.hnhlcranes.com\/product\/crane-pendant-controller\/\",\"name\":\"Crane pendant controller - Crane control handle-Crane Controls-Crane Parts Manufacturer\",\"isPartOf\":{\"@id\":\"https:\/\/www.hnhlcranes.com\/#website\"},\"primaryImageOfPage\":{\"@id\":\"https:\/\/www.hnhlcranes.com\/product\/crane-pendant-controller\/#primaryimage\"},\"image\":{\"@id\":\"https:\/\/www.hnhlcranes.com\/product\/crane-pendant-controller\/#primaryimage\"},\"thumbnailUrl\":\"https:\/\/www.hnhlcranes.com\/wp-content\/uploads\/2024\/12\/Crane-pendant-controller.jpg\",\"datePublished\":\"2024-12-05T14:58:36+00:00\",\"dateModified\":\"2025-01-14T15:46:32+00:00\",\"description\":\"Crane control handle,Crane Controls,Crane pendant controller,Pendant controller manufacturer,Crane pendant controller Supplier,Crane Electrical Parts\",\"breadcrumb\":{\"@id\":\"https:\/\/www.hnhlcranes.com\/product\/crane-pendant-controller\/#breadcrumb\"},\"inLanguage\":\"hu\",\"potentialAction\":[{\"@type\":\"ReadAction\",\"target\":[\"https:\/\/www.hnhlcranes.com\/product\/crane-pendant-controller\/\"]}]},{\"@type\":\"ImageObject\",\"inLanguage\":\"hu\",\"@id\":\"https:\/\/www.hnhlcranes.com\/product\/crane-pendant-controller\/#primaryimage\",\"url\":\"https:\/\/www.hnhlcranes.com\/wp-content\/uploads\/2024\/12\/Crane-pendant-controller.jpg\",\"contentUrl\":\"https:\/\/www.hnhlcranes.com\/wp-content\/uploads\/2024\/12\/Crane-pendant-controller.jpg\",\"width\":600,\"height\":600},{\"@type\":\"BreadcrumbList\",\"@id\":\"https:\/\/www.hnhlcranes.com\/product\/crane-pendant-controller\/#breadcrumb\",\"itemListElement\":[{\"@type\":\"ListItem\",\"position\":1,\"name\":\"home\",\"item\":\"https:\/\/www.hnhlcranes.com\/\"},{\"@type\":\"ListItem\",\"position\":2,\"name\":\"products\",\"item\":\"https:\/\/www.hnhlcranes.com\/products\/\"},{\"@type\":\"ListItem\",\"position\":3,\"name\":\"Crane pendant controller\"}]},{\"@type\":\"WebSite\",\"@id\":\"https:\/\/www.hnhlcranes.com\/#website\",\"url\":\"https:\/\/www.hnhlcranes.com\/\",\"name\":\"Crane Parts Manufacturer\",\"description\":\"Crane Wheels,Crane Drums,Crane Hooks,Crane Coupling,Crane End Carriage,Electric Hoist,European Crane Parts,Crane Rail Clip,Crane Spreader,Crane Motor,Crane Reducer,Crane Brake,Light Crane Parts,Workstation Crane Parts,Crane Electrical Parts,China Crane Parts Supplier,China Crane Parts Manufacturer,Angle box type crane wheel,45 degree split crane wheel,European crane wheel,Crane Wheel Blocks,Overhead crane drum,European crane drum,Overhead crane hook,European crane hook,Crane pulley block,Gear coupling,Brake wheel coupling,Drum gear coupling,Brake wheel drum gear coupling,Cardan Shaft Coupling,WZL drum coupling,Plum blossom elastic coupling,Brake wheel plum elastic coupling,European Single girder crane end carriage,European Double girder crane end carriage,European Suspension  crane end carriage,Wire Rope Electric Hoist,Electric Chain Hoist,European Single Girder Wire Rope Electric Hoist,European Double Girder Wire Rope Electric Hoist,Crane grab,Container spreader,Billet crane clamps,C-type hook,Lifting Electromagnet,YZR crane motor,YZP crane motor,ZQ Reducer,ZSC Reducer,QJ Reducer,QJ-L Reducer,QJY Reducer,H series gearbox,F Series Gear Motor,K Series Gear Motor,R Series Gear Motor,travelling machinery gear motor,Electro hydraulic drum brake,Electro hydraulic disc brake,Crane Safety brake,Crane cable trolley,Crane remote controller,Crane pendant controller,Crane electrical control cabinet,Crane limit switch,Crane sound and light alarm,Heavy Duty Aviation Connector,Crane overload limiter\",\"publisher\":{\"@id\":\"https:\/\/www.hnhlcranes.com\/#organization\"},\"potentialAction\":[{\"@type\":\"SearchAction\",\"target\":{\"@type\":\"EntryPoint\",\"urlTemplate\":\"https:\/\/www.hnhlcranes.com\/?s={search_term_string}\"},\"query-input\":{\"@type\":\"PropertyValueSpecification\",\"valueRequired\":true,\"valueName\":\"search_term_string\"}}],\"inLanguage\":\"hu\"},{\"@type\":\"Organization\",\"@id\":\"https:\/\/www.hnhlcranes.com\/#organization\",\"name\":\"Crane Parts Manufacturer\",\"url\":\"https:\/\/www.hnhlcranes.com\/\",\"logo\":{\"@type\":\"ImageObject\",\"inLanguage\":\"hu\",\"@id\":\"https:\/\/www.hnhlcranes.com\/#\/schema\/logo\/image\/\",\"url\":\"https:\/\/www.hnhlcranes.com\/wp-content\/uploads\/2025\/01\/HL-logo-1.png\",\"contentUrl\":\"https:\/\/www.hnhlcranes.com\/wp-content\/uploads\/2025\/01\/HL-logo-1.png\",\"width\":600,\"height\":169,\"caption\":\"Crane Parts Manufacturer\"},\"image\":{\"@id\":\"https:\/\/www.hnhlcranes.com\/#\/schema\/logo\/image\/\"}}]}<\/script>\n<!-- \/ Yoast SEO plugin. -->","yoast_head_json":{"title":"Crane pendant controller - Crane control handle-Crane Controls-Crane Parts Manufacturer","description":"Crane control handle,Crane Controls,Crane pendant controller,Pendant controller manufacturer,Crane pendant controller Supplier,Crane Electrical Parts","robots":{"index":"index","follow":"follow","max-snippet":"max-snippet:-1","max-image-preview":"max-image-preview:large","max-video-preview":"max-video-preview:-1"},"canonical":"https:\/\/www.hnhlcranes.com\/hu\/termek\/daru-fuggo-vezerlo\/","og_locale":"hu_HU","og_type":"article","og_title":"Crane pendant controller - Crane control handle-Crane Controls-Crane Parts Manufacturer","og_description":"Crane control handle,Crane Controls,Crane pendant controller,Pendant controller manufacturer,Crane pendant controller Supplier,Crane Electrical Parts","og_url":"https:\/\/www.hnhlcranes.com\/hu\/termek\/daru-fuggo-vezerlo\/","og_site_name":"Crane Parts Manufacturer","article_modified_time":"2025-01-14T15:46:32+00:00","og_image":[{"width":600,"height":600,"url":"https:\/\/www.hnhlcranes.com\/wp-content\/uploads\/2024\/12\/Crane-pendant-controller.jpg","type":"image\/jpeg"}],"twitter_card":"summary_large_image","twitter_misc":{"Becs\u00fclt olvas\u00e1si id\u0151":"3 perc"},"schema":{"@context":"https:\/\/schema.org","@graph":[{"@type":"WebPage","@id":"https:\/\/www.hnhlcranes.com\/product\/crane-pendant-controller\/","url":"https:\/\/www.hnhlcranes.com\/product\/crane-pendant-controller\/","name":"Crane pendant controller - Crane control handle-Crane Controls-Crane Parts Manufacturer","isPartOf":{"@id":"https:\/\/www.hnhlcranes.com\/#website"},"primaryImageOfPage":{"@id":"https:\/\/www.hnhlcranes.com\/product\/crane-pendant-controller\/#primaryimage"},"image":{"@id":"https:\/\/www.hnhlcranes.com\/product\/crane-pendant-controller\/#primaryimage"},"thumbnailUrl":"https:\/\/www.hnhlcranes.com\/wp-content\/uploads\/2024\/12\/Crane-pendant-controller.jpg","datePublished":"2024-12-05T14:58:36+00:00","dateModified":"2025-01-14T15:46:32+00:00","description":"Crane control handle,Crane Controls,Crane pendant controller,Pendant controller manufacturer,Crane pendant controller Supplier,Crane Electrical Parts","breadcrumb":{"@id":"https:\/\/www.hnhlcranes.com\/product\/crane-pendant-controller\/#breadcrumb"},"inLanguage":"hu","potentialAction":[{"@type":"ReadAction","target":["https:\/\/www.hnhlcranes.com\/product\/crane-pendant-controller\/"]}]},{"@type":"ImageObject","inLanguage":"hu","@id":"https:\/\/www.hnhlcranes.com\/product\/crane-pendant-controller\/#primaryimage","url":"https:\/\/www.hnhlcranes.com\/wp-content\/uploads\/2024\/12\/Crane-pendant-controller.jpg","contentUrl":"https:\/\/www.hnhlcranes.com\/wp-content\/uploads\/2024\/12\/Crane-pendant-controller.jpg","width":600,"height":600},{"@type":"BreadcrumbList","@id":"https:\/\/www.hnhlcranes.com\/product\/crane-pendant-controller\/#breadcrumb","itemListElement":[{"@type":"ListItem","position":1,"name":"home","item":"https:\/\/www.hnhlcranes.com\/"},{"@type":"ListItem","position":2,"name":"products","item":"https:\/\/www.hnhlcranes.com\/products\/"},{"@type":"ListItem","position":3,"name":"Crane pendant controller"}]},{"@type":"WebSite","@id":"https:\/\/www.hnhlcranes.com\/#website","url":"https:\/\/www.hnhlcranes.com\/","name":"Crane Parts Manufacturer","description":"Crane Wheels,Crane Drums,Crane Hooks,Crane Coupling,Crane End Carriage,Electric Hoist,European Crane Parts,Crane Rail Clip,Crane Spreader,Crane Motor,Crane Reducer,Crane Brake,Light Crane Parts,Workstation Crane Parts,Crane Electrical Parts,China Crane Parts Supplier,China Crane Parts Manufacturer,Angle box type crane wheel,45 degree split crane wheel,European crane wheel,Crane Wheel Blocks,Overhead crane drum,European crane drum,Overhead crane hook,European crane hook,Crane pulley block,Gear coupling,Brake wheel coupling,Drum gear coupling,Brake wheel drum gear coupling,Cardan Shaft Coupling,WZL drum coupling,Plum blossom elastic coupling,Brake wheel plum elastic coupling,European Single girder crane end carriage,European Double girder crane end carriage,European Suspension  crane end carriage,Wire Rope Electric Hoist,Electric Chain Hoist,European Single Girder Wire Rope Electric Hoist,European Double Girder Wire Rope Electric Hoist,Crane grab,Container spreader,Billet crane clamps,C-type hook,Lifting Electromagnet,YZR crane motor,YZP crane motor,ZQ Reducer,ZSC Reducer,QJ Reducer,QJ-L Reducer,QJY Reducer,H series gearbox,F Series Gear Motor,K Series Gear Motor,R Series Gear Motor,travelling machinery gear motor,Electro hydraulic drum brake,Electro hydraulic disc brake,Crane Safety brake,Crane cable trolley,Crane remote controller,Crane pendant controller,Crane electrical control cabinet,Crane limit switch,Crane sound and light alarm,Heavy Duty Aviation Connector,Crane overload limiter","publisher":{"@id":"https:\/\/www.hnhlcranes.com\/#organization"},"potentialAction":[{"@type":"SearchAction","target":{"@type":"EntryPoint","urlTemplate":"https:\/\/www.hnhlcranes.com\/?s={search_term_string}"},"query-input":{"@type":"PropertyValueSpecification","valueRequired":true,"valueName":"search_term_string"}}],"inLanguage":"hu"},{"@type":"Organization","@id":"https:\/\/www.hnhlcranes.com\/#organization","name":"Crane Parts Manufacturer","url":"https:\/\/www.hnhlcranes.com\/","logo":{"@type":"ImageObject","inLanguage":"hu","@id":"https:\/\/www.hnhlcranes.com\/#\/schema\/logo\/image\/","url":"https:\/\/www.hnhlcranes.com\/wp-content\/uploads\/2025\/01\/HL-logo-1.png","contentUrl":"https:\/\/www.hnhlcranes.com\/wp-content\/uploads\/2025\/01\/HL-logo-1.png","width":600,"height":169,"caption":"Crane Parts Manufacturer"},"image":{"@id":"https:\/\/www.hnhlcranes.com\/#\/schema\/logo\/image\/"}}]}},"_links":{"self":[{"href":"https:\/\/www.hnhlcranes.com\/hu\/wp-json\/wp\/v2\/product\/5753","targetHints":{"allow":["GET"]}}],"collection":[{"href":"https:\/\/www.hnhlcranes.com\/hu\/wp-json\/wp\/v2\/product"}],"about":[{"href":"https:\/\/www.hnhlcranes.com\/hu\/wp-json\/wp\/v2\/types\/product"}],"version-history":[{"count":2,"href":"https:\/\/www.hnhlcranes.com\/hu\/wp-json\/wp\/v2\/product\/5753\/revisions"}],"predecessor-version":[{"id":7465,"href":"https:\/\/www.hnhlcranes.com\/hu\/wp-json\/wp\/v2\/product\/5753\/revisions\/7465"}],"wp:featuredmedia":[{"embeddable":true,"href":"https:\/\/www.hnhlcranes.com\/hu\/wp-json\/wp\/v2\/media\/7464"}],"wp:attachment":[{"href":"https:\/\/www.hnhlcranes.com\/hu\/wp-json\/wp\/v2\/media?parent=5753"}],"wp:term":[{"taxonomy":"product_brand","embeddable":true,"href":"https:\/\/www.hnhlcranes.com\/hu\/wp-json\/wp\/v2\/product_brand?post=5753"},{"taxonomy":"product_cat","embeddable":true,"href":"https:\/\/www.hnhlcranes.com\/hu\/wp-json\/wp\/v2\/product_cat?post=5753"},{"taxonomy":"product_tag","embeddable":true,"href":"https:\/\/www.hnhlcranes.com\/hu\/wp-json\/wp\/v2\/product_tag?post=5753"}],"curies":[{"name":"wp","href":"https:\/\/api.w.org\/{rel}","templated":true}]}}