{"id":5790,"date":"2024-12-06T00:55:21","date_gmt":"2024-12-05T16:55:21","guid":{"rendered":"https:\/\/www.hnhlcranes.com\/?post_type=product&#038;p=5790"},"modified":"2025-01-16T12:10:37","modified_gmt":"2025-01-16T04:10:37","slug":"daru-hang-es-fenyjelzes","status":"publish","type":"product","link":"https:\/\/www.hnhlcranes.com\/hu\/termek\/daru-hang-es-fenyjelzes\/","title":{"rendered":"Daru hang- \u00e9s f\u00e9nyjelz\u00e9s"},"content":{"rendered":"<h3>A daru hang- \u00e9s f\u00e9nyjelz\u0151j\u00e9nek jellemz\u0151i \u00e9s specifik\u00e1ci\u00f3i<\/h3>\n<h4><strong>Jellemz\u0151k<\/strong><\/h4>\n<ol>\n<li><strong>Kett\u0151s figyelmeztet\u0151 rendszer:<\/strong>\n<ul>\n<li>A daru hang- \u00e9s f\u00e9nyjelz\u00e9s kombin\u00e1lja a hang- \u00e9s f\u00e9nyjelz\u00e9seket, hogy hat\u00e9konyan felh\u00edvja a k\u00f6zelben tart\u00f3zkod\u00f3 szem\u00e9lyzet figyelm\u00e9t, \u00edgy biztos\u00edtva a k\u00fcl\u00f6nb\u00f6z\u0151 munkak\u00f6rnyezetekben a potenci\u00e1lis vesz\u00e9lyekre val\u00f3 id\u0151ben t\u00f6rt\u00e9n\u0151 figyelmeztet\u00e9st.<\/li>\n<\/ul>\n<\/li>\n<li><strong>Nagy l\u00e1that\u00f3s\u00e1g \u00e9s hanger\u0151:<\/strong>\n<ul>\n<li>A f\u00e9nyriaszt\u00f3 nagy f\u00e9nyerej\u0171, \u00e1ltal\u00e1ban piros, s\u00e1rga vagy k\u00e9k sz\u00edn\u0171 villog\u00f3 f\u00e9nyeket haszn\u00e1l, amelyek m\u00e9g gyenge f\u00e9nyviszonyok k\u00f6z\u00f6tt vagy zajos k\u00f6rnyezetben is kiv\u00e1l\u00f3 l\u00e1that\u00f3s\u00e1got biztos\u00edtanak. A hangriaszt\u00f3 hangos figyelmeztet\u0151 hangot ad ki, \u00e1ll\u00edthat\u00f3 hanger\u0151vel \u00e9s frekvenci\u00e1val, \u00edgy biztos\u00edtva a hat\u00e9kony figyelmeztet\u00e9st a k\u00fcl\u00f6nb\u00f6z\u0151 be\u00e1ll\u00edt\u00e1sok mellett.<\/li>\n<\/ul>\n<\/li>\n<li><strong>\u00c1ll\u00edthat\u00f3 be\u00e1ll\u00edt\u00e1sok:<\/strong>\n<ul>\n<li>A felhaszn\u00e1l\u00f3k a hanger\u0151ss\u00e9get \u00e9s a f\u00e9nyer\u0151ss\u00e9get vagy a villog\u00f3 \u00fczemm\u00f3dot a munkak\u00f6rnyezetnek megfelel\u0151en \u00e1ll\u00edthatj\u00e1k be, a k\u00fcl\u00f6nb\u00f6z\u0151 biztons\u00e1gi k\u00f6vetelm\u00e9nyeknek megfelel\u0151en.<\/li>\n<\/ul>\n<\/li>\n<li><strong>Tart\u00f3ss\u00e1g \u00e9s v\u00e9delem:<\/strong>\n<ul>\n<li>Ezeket a riaszt\u00f3kat \u00fagy tervezt\u00e9k, hogy v\u00edz\u00e1ll\u00f3ak, por\u00e1ll\u00f3ak \u00e9s \u00fct\u00e9s\u00e1ll\u00f3ak legyenek, \u00edgy alkalmasak a zord munkak\u00f6r\u00fclm\u00e9nyekre, \u00e9s hossz\u00fa t\u00e1von megb\u00edzhat\u00f3 teljes\u00edtm\u00e9nyt biztos\u00edtanak.<\/li>\n<\/ul>\n<\/li>\n<li><strong>Rugalmas telep\u00edt\u00e9s:<\/strong>\n<ul>\n<li>A k\u00e9sz\u00fcl\u00e9keket k\u00fcl\u00f6nb\u00f6z\u0151 t\u00edpus\u00fa darukhoz (p\u00e9ld\u00e1ul toronydarukhoz, port\u00e1ldarukhoz \u00e9s mobil darukhoz) tervezt\u00e9k. Ezenk\u00edv\u00fcl egyszer\u0171 telep\u00edt\u00e9si folyamatuk lehet\u0151v\u00e9 teszi a k\u00fcl\u00f6nb\u00f6z\u0151 \u00fczemeltet\u00e9si ig\u00e9nyeken alapul\u00f3 testreszab\u00e1st.<\/li>\n<\/ul>\n<\/li>\n<li><strong>Jav\u00edtott helysz\u00edni biztons\u00e1g:<\/strong>\n<ul>\n<li>Ezek a riaszt\u00f3k korai figyelmeztet\u00e9st adnak a dolgoz\u00f3knak, a kezel\u0151knek \u00e9s a k\u00f6zelben \u00e1ll\u00f3knak, \u00edgy cs\u00f6kkentik a balesetek val\u00f3sz\u00edn\u0171s\u00e9g\u00e9t, k\u00fcl\u00f6n\u00f6sen akkor, amikor a daruk mozg\u00e1sban vannak, neh\u00e9z terheket emelnek, vagy potenci\u00e1lisan vesz\u00e9lyes \u00e1llapotba ker\u00fclnek.<\/li>\n<\/ul>\n<\/li>\n<\/ol>\n<h4><strong>M\u0171szaki adatok<\/strong><\/h4>\n<ol>\n<li><strong>M\u0171k\u00f6d\u00e9si fesz\u00fclts\u00e9g:<\/strong>\n<ul>\n<li>AC fesz\u00fclts\u00e9g: 110V, 220V stb.<\/li>\n<li>DC fesz\u00fclts\u00e9g: 12V, 24V, stb.<\/li>\n<\/ul>\n<\/li>\n<li><strong>Hangintenzit\u00e1s:<\/strong>\n<ul>\n<li>A hanger\u0151ss\u00e9g jellemz\u0151en 85dB \u00e9s 120dB k\u00f6z\u00f6tt mozog, a hanger\u0151 a k\u00f6rnyezett\u0151l f\u00fcgg\u0151en \u00e1ll\u00edthat\u00f3.<\/li>\n<\/ul>\n<\/li>\n<li><strong>F\u00e9nyt\u00edpus:<\/strong>\n<ul>\n<li>A villog\u00f3 f\u00e9nyek \u00e1ltal\u00e1ban LED-esek, amelyek nagy f\u00e9nyer\u0151t \u00e9s hossz\u00fa \u00e9lettartamot biztos\u00edtanak. A f\u00e9ny sz\u00edne az ig\u00e9nyeknek megfelel\u0151en v\u00e1laszthat\u00f3, bele\u00e9rtve a piros, s\u00e1rga vagy k\u00e9k sz\u00ednt.<\/li>\n<\/ul>\n<\/li>\n<li><strong>Villog\u00e1si gyakoris\u00e1g:<\/strong>\n<ul>\n<li>A villog\u00e1si gyakoris\u00e1g jellemz\u0151en 60-120 villan\u00e1s\/perc k\u00f6z\u00f6tt mozog, a haszn\u00e1lati k\u00f6rnyezetnek megfelel\u0151en \u00e1ll\u00edthat\u00f3 be\u00e1ll\u00edt\u00e1sokkal.<\/li>\n<\/ul>\n<\/li>\n<li><strong>V\u00e9delmi szint:<\/strong>\n<ul>\n<li>A v\u00e9delmi szint \u00e1ltal\u00e1ban IP65 vagy magasabb, ami biztos\u00edtja a k\u00e9sz\u00fcl\u00e9k megfelel\u0151 m\u0171k\u00f6d\u00e9s\u00e9t nedvess\u00e9ggel vagy magas porral terhelt k\u00f6rnyezetben is.<\/li>\n<\/ul>\n<\/li>\n<li><strong>M\u0171k\u00f6d\u00e9si h\u0151m\u00e9rs\u00e9klet-tartom\u00e1ny:<\/strong>\n<ul>\n<li>A tipikus m\u0171k\u00f6d\u00e9si h\u0151m\u00e9rs\u00e9klet-tartom\u00e1ny -20\u00b0C \u00e9s +60\u00b0C k\u00f6z\u00f6tt van, \u00edgy alkalmas k\u00fcl\u00f6nb\u00f6z\u0151 zord k\u00f6rnyezetekben val\u00f3 haszn\u00e1latra.<\/li>\n<\/ul>\n<\/li>\n<li><strong>Telep\u00edt\u00e9si m\u00f3dszer:<\/strong>\n<ul>\n<li>A k\u00fcl\u00f6nb\u00f6z\u0151 telep\u00edt\u00e9si m\u00f3dszerek, bele\u00e9rtve a konzolos, a sz\u00edv\u00f3fejes \u00e9s a falra szerelhet\u0151 opci\u00f3kat, rugalmass\u00e1got biztos\u00edtanak a k\u00fcl\u00f6nb\u00f6z\u0151 k\u00f6rnyezetekbe t\u00f6rt\u00e9n\u0151 telep\u00edt\u00e9shez.<\/li>\n<\/ul>\n<\/li>\n<li><strong>M\u0171k\u00f6d\u00e9si \u00e1ram:<\/strong>\n<ul>\n<li>Az \u00fczemi \u00e1ram jellemz\u0151en 0,2A \u00e9s 1A k\u00f6z\u00f6tt mozog, az adott modellt\u0151l f\u00fcgg\u0151en.<\/li>\n<\/ul>\n<\/li>\n<li><strong>\u00c9lettartam:<\/strong>\n<ul>\n<li>A LED-es l\u00e1mp\u00e1k \u00e9lettartama \u00e1ltal\u00e1ban t\u00f6bb mint 50 000 \u00f3ra, ami hossz\u00fa t\u00e1v\u00fa megb\u00edzhat\u00f3 haszn\u00e1latot biztos\u00edt.<\/li>\n<\/ul>\n<\/li>\n<\/ol>\n<h3>K\u00f6vetkeztet\u00e9s<\/h3>\n<p>\u00d6sszefoglalva, a daru hang- \u00e9s f\u00e9nyjelz\u0151i fokozz\u00e1k a helysz\u00edni biztons\u00e1got az\u00e1ltal, hogy audit\u00edv \u00e9s vizu\u00e1lis figyelmeztet\u00e9st is ny\u00fajtanak, \u00e9s seg\u00edtenek megel\u0151zni a daru m\u0171k\u00f6d\u00e9se k\u00f6zbeni baleseteket. Az \u00e1ll\u00edthat\u00f3 hanger\u0151 \u00e9s f\u00e9nyer\u0151ss\u00e9g, a kiv\u00e1l\u00f3 tart\u00f3ss\u00e1g \u00e9s a rugalmas telep\u00edt\u00e9si m\u00f3dszerek r\u00e9v\u00e9n ezek a riaszt\u00f3rendszerek sz\u00e9les k\u00f6rben alkalmazhat\u00f3k a k\u00fcl\u00f6nb\u00f6z\u0151 ipari k\u00f6rnyezetekben. Megb\u00edzhat\u00f3 riaszt\u00e1si k\u00e9pess\u00e9g\u00fck biztos\u00edtja a biztons\u00e1gos \u00e9s hat\u00e9kony daru\u00fczemeltet\u00e9st k\u00fcl\u00f6nb\u00f6z\u0151 k\u00f6rnyezetben.<\/p>","protected":false},"excerpt":{"rendered":"<p><strong>A daru hang- \u00e9s f\u00e9nyjelz\u00e9s jellemz\u0151i\uff1a<\/strong><\/p>\n<ul>\n<li>Nagy f\u00e9nyerej\u0171 LED f\u00e9nyforr\u00e1s<\/li>\n<li>Hangos hangjelz\u00e9sek<\/li>\n<li>T\u00f6bbfesz\u00fclts\u00e9g\u0171 t\u00e1mogat\u00e1s<\/li>\n<li>Forg\u00f3 figyelmeztet\u0151 l\u00e1mpa (opcion\u00e1lis)<\/li>\n<li>Magas v\u00e9delmi besorol\u00e1s<\/li>\n<li>Hossz\u00fa \u00e9lettartam<\/li>\n<\/ul>","protected":false},"featured_media":7491,"template":"","meta":{"_kad_post_transparent":"default","_kad_post_title":"","_kad_post_layout":"default","_kad_post_sidebar_id":"","_kad_post_content_style":"default","_kad_post_vertical_padding":"show","_kad_post_feature":"","_kad_post_feature_position":"","_kad_post_header":false,"_kad_post_footer":false},"product_brand":[],"product_cat":[65],"product_tag":[632,622,376,634,612,616,626,627,629,613,617,620,615,614,618,628,619,621,623,630,635,633,625,631,624],"class_list":{"0":"post-5790","1":"product","2":"type-product","3":"status-publish","4":"has-post-thumbnail","6":"product_cat-crane-electrical-parts","7":"product_tag-aviation-plug","8":"product_tag-cable-trolley","9":"product_tag-china-crane-parts-supplier","10":"product_tag-crane-aviation-plug","11":"product_tag-crane-cable-trolley","12":"product_tag-crane-control-cabinet","13":"product_tag-crane-control-handle","14":"product_tag-crane-controls","15":"product_tag-crane-electrical-control-cabinet","16":"product_tag-crane-electrical-part","17":"product_tag-crane-limit-switch","18":"product_tag-crane-overload-limiter","19":"product_tag-crane-pendant-controller","20":"product_tag-crane-remote-controller","21":"product_tag-crane-sound-and-light-alarm","22":"product_tag-electrical-control-cabinet","23":"product_tag-heavy-duty-aviation-connector","24":"product_tag-i-beam-cable-trolley","25":"product_tag-i-beam-cable-trolley-supplier","26":"product_tag-limit-switch","27":"product_tag-overload-limiter","28":"product_tag-quick-connector","29":"product_tag-remote-controller","30":"product_tag-sound-and-light-alarm","31":"product_tag-wireless-remote-control","33":"first","34":"instock","35":"shipping-taxable","36":"product-type-simple","37":"entry","38":"content-bg","39":"loop-entry"},"yoast_head":"<!-- This site is optimized with the Yoast SEO plugin v24.5 - https:\/\/yoast.com\/wordpress\/plugins\/seo\/ -->\n<title>Crane sound and light alarm - Sound and light alarm- Crane Parts Manufacturer<\/title>\n<meta name=\"description\" content=\"Sound and light alarm,Crane Electrical Parts,Sound and light alarm manufacturer,Sound and light alarm Supplier,Crane Parts Supplier\" \/>\n<meta name=\"robots\" content=\"index, follow, max-snippet:-1, max-image-preview:large, max-video-preview:-1\" \/>\n<link rel=\"canonical\" href=\"https:\/\/www.hnhlcranes.com\/hu\/termek\/daru-hang-es-fenyjelzes\/\" \/>\n<meta property=\"og:locale\" content=\"hu_HU\" \/>\n<meta property=\"og:type\" content=\"article\" \/>\n<meta property=\"og:title\" content=\"Crane sound and light alarm - Sound and light alarm- Crane Parts Manufacturer\" \/>\n<meta property=\"og:description\" content=\"Sound and light alarm,Crane Electrical Parts,Sound and light alarm manufacturer,Sound and light alarm Supplier,Crane Parts Supplier\" \/>\n<meta property=\"og:url\" content=\"https:\/\/www.hnhlcranes.com\/hu\/termek\/daru-hang-es-fenyjelzes\/\" \/>\n<meta property=\"og:site_name\" content=\"Crane Parts Manufacturer\" \/>\n<meta property=\"article:modified_time\" content=\"2025-01-16T04:10:37+00:00\" \/>\n<meta property=\"og:image\" content=\"https:\/\/www.hnhlcranes.com\/wp-content\/uploads\/2024\/12\/Crane-sound-and-light-alarm.jpg\" \/>\n\t<meta property=\"og:image:width\" content=\"600\" \/>\n\t<meta property=\"og:image:height\" content=\"600\" \/>\n\t<meta property=\"og:image:type\" content=\"image\/jpeg\" \/>\n<meta name=\"twitter:card\" content=\"summary_large_image\" \/>\n<meta name=\"twitter:label1\" content=\"Becs\u00fclt olvas\u00e1si id\u0151\" \/>\n\t<meta name=\"twitter:data1\" content=\"3 perc\" \/>\n<script type=\"application\/ld+json\" class=\"yoast-schema-graph\">{\"@context\":\"https:\/\/schema.org\",\"@graph\":[{\"@type\":\"WebPage\",\"@id\":\"https:\/\/www.hnhlcranes.com\/product\/crane-sound-and-light-alarm\/\",\"url\":\"https:\/\/www.hnhlcranes.com\/product\/crane-sound-and-light-alarm\/\",\"name\":\"Crane sound and light alarm - Sound and light alarm- Crane Parts Manufacturer\",\"isPartOf\":{\"@id\":\"https:\/\/www.hnhlcranes.com\/#website\"},\"primaryImageOfPage\":{\"@id\":\"https:\/\/www.hnhlcranes.com\/product\/crane-sound-and-light-alarm\/#primaryimage\"},\"image\":{\"@id\":\"https:\/\/www.hnhlcranes.com\/product\/crane-sound-and-light-alarm\/#primaryimage\"},\"thumbnailUrl\":\"https:\/\/www.hnhlcranes.com\/wp-content\/uploads\/2024\/12\/Crane-sound-and-light-alarm.jpg\",\"datePublished\":\"2024-12-05T16:55:21+00:00\",\"dateModified\":\"2025-01-16T04:10:37+00:00\",\"description\":\"Sound and light alarm,Crane Electrical Parts,Sound and light alarm manufacturer,Sound and light alarm Supplier,Crane Parts Supplier\",\"breadcrumb\":{\"@id\":\"https:\/\/www.hnhlcranes.com\/product\/crane-sound-and-light-alarm\/#breadcrumb\"},\"inLanguage\":\"hu\",\"potentialAction\":[{\"@type\":\"ReadAction\",\"target\":[\"https:\/\/www.hnhlcranes.com\/product\/crane-sound-and-light-alarm\/\"]}]},{\"@type\":\"ImageObject\",\"inLanguage\":\"hu\",\"@id\":\"https:\/\/www.hnhlcranes.com\/product\/crane-sound-and-light-alarm\/#primaryimage\",\"url\":\"https:\/\/www.hnhlcranes.com\/wp-content\/uploads\/2024\/12\/Crane-sound-and-light-alarm.jpg\",\"contentUrl\":\"https:\/\/www.hnhlcranes.com\/wp-content\/uploads\/2024\/12\/Crane-sound-and-light-alarm.jpg\",\"width\":600,\"height\":600},{\"@type\":\"BreadcrumbList\",\"@id\":\"https:\/\/www.hnhlcranes.com\/product\/crane-sound-and-light-alarm\/#breadcrumb\",\"itemListElement\":[{\"@type\":\"ListItem\",\"position\":1,\"name\":\"home\",\"item\":\"https:\/\/www.hnhlcranes.com\/\"},{\"@type\":\"ListItem\",\"position\":2,\"name\":\"products\",\"item\":\"https:\/\/www.hnhlcranes.com\/products\/\"},{\"@type\":\"ListItem\",\"position\":3,\"name\":\"Crane sound and light alarm\"}]},{\"@type\":\"WebSite\",\"@id\":\"https:\/\/www.hnhlcranes.com\/#website\",\"url\":\"https:\/\/www.hnhlcranes.com\/\",\"name\":\"Crane Parts Manufacturer\",\"description\":\"Crane Wheels,Crane Drums,Crane Hooks,Crane Coupling,Crane End Carriage,Electric Hoist,European Crane Parts,Crane Rail Clip,Crane Spreader,Crane Motor,Crane Reducer,Crane Brake,Light Crane Parts,Workstation Crane Parts,Crane Electrical Parts,China Crane Parts Supplier,China Crane Parts Manufacturer,Angle box type crane wheel,45 degree split crane wheel,European crane wheel,Crane Wheel Blocks,Overhead crane drum,European crane drum,Overhead crane hook,European crane hook,Crane pulley block,Gear coupling,Brake wheel coupling,Drum gear coupling,Brake wheel drum gear coupling,Cardan Shaft Coupling,WZL drum coupling,Plum blossom elastic coupling,Brake wheel plum elastic coupling,European Single girder crane end carriage,European Double girder crane end carriage,European Suspension  crane end carriage,Wire Rope Electric Hoist,Electric Chain Hoist,European Single Girder Wire Rope Electric Hoist,European Double Girder Wire Rope Electric Hoist,Crane grab,Container spreader,Billet crane clamps,C-type hook,Lifting Electromagnet,YZR crane motor,YZP crane motor,ZQ Reducer,ZSC Reducer,QJ Reducer,QJ-L Reducer,QJY Reducer,H series gearbox,F Series Gear Motor,K Series Gear Motor,R Series Gear Motor,travelling machinery gear motor,Electro hydraulic drum brake,Electro hydraulic disc brake,Crane Safety brake,Crane cable trolley,Crane remote controller,Crane pendant controller,Crane electrical control cabinet,Crane limit switch,Crane sound and light alarm,Heavy Duty Aviation Connector,Crane overload limiter\",\"publisher\":{\"@id\":\"https:\/\/www.hnhlcranes.com\/#organization\"},\"potentialAction\":[{\"@type\":\"SearchAction\",\"target\":{\"@type\":\"EntryPoint\",\"urlTemplate\":\"https:\/\/www.hnhlcranes.com\/?s={search_term_string}\"},\"query-input\":{\"@type\":\"PropertyValueSpecification\",\"valueRequired\":true,\"valueName\":\"search_term_string\"}}],\"inLanguage\":\"hu\"},{\"@type\":\"Organization\",\"@id\":\"https:\/\/www.hnhlcranes.com\/#organization\",\"name\":\"Crane Parts Manufacturer\",\"url\":\"https:\/\/www.hnhlcranes.com\/\",\"logo\":{\"@type\":\"ImageObject\",\"inLanguage\":\"hu\",\"@id\":\"https:\/\/www.hnhlcranes.com\/#\/schema\/logo\/image\/\",\"url\":\"https:\/\/www.hnhlcranes.com\/wp-content\/uploads\/2025\/01\/HL-logo-1.png\",\"contentUrl\":\"https:\/\/www.hnhlcranes.com\/wp-content\/uploads\/2025\/01\/HL-logo-1.png\",\"width\":600,\"height\":169,\"caption\":\"Crane Parts Manufacturer\"},\"image\":{\"@id\":\"https:\/\/www.hnhlcranes.com\/#\/schema\/logo\/image\/\"}}]}<\/script>\n<!-- \/ Yoast SEO plugin. -->","yoast_head_json":{"title":"Crane sound and light alarm - Sound and light alarm- Crane Parts Manufacturer","description":"Sound and light alarm,Crane Electrical Parts,Sound and light alarm manufacturer,Sound and light alarm Supplier,Crane Parts Supplier","robots":{"index":"index","follow":"follow","max-snippet":"max-snippet:-1","max-image-preview":"max-image-preview:large","max-video-preview":"max-video-preview:-1"},"canonical":"https:\/\/www.hnhlcranes.com\/hu\/termek\/daru-hang-es-fenyjelzes\/","og_locale":"hu_HU","og_type":"article","og_title":"Crane sound and light alarm - Sound and light alarm- Crane Parts Manufacturer","og_description":"Sound and light alarm,Crane Electrical Parts,Sound and light alarm manufacturer,Sound and light alarm Supplier,Crane Parts Supplier","og_url":"https:\/\/www.hnhlcranes.com\/hu\/termek\/daru-hang-es-fenyjelzes\/","og_site_name":"Crane Parts Manufacturer","article_modified_time":"2025-01-16T04:10:37+00:00","og_image":[{"width":600,"height":600,"url":"https:\/\/www.hnhlcranes.com\/wp-content\/uploads\/2024\/12\/Crane-sound-and-light-alarm.jpg","type":"image\/jpeg"}],"twitter_card":"summary_large_image","twitter_misc":{"Becs\u00fclt olvas\u00e1si id\u0151":"3 perc"},"schema":{"@context":"https:\/\/schema.org","@graph":[{"@type":"WebPage","@id":"https:\/\/www.hnhlcranes.com\/product\/crane-sound-and-light-alarm\/","url":"https:\/\/www.hnhlcranes.com\/product\/crane-sound-and-light-alarm\/","name":"Crane sound and light alarm - Sound and light alarm- Crane Parts Manufacturer","isPartOf":{"@id":"https:\/\/www.hnhlcranes.com\/#website"},"primaryImageOfPage":{"@id":"https:\/\/www.hnhlcranes.com\/product\/crane-sound-and-light-alarm\/#primaryimage"},"image":{"@id":"https:\/\/www.hnhlcranes.com\/product\/crane-sound-and-light-alarm\/#primaryimage"},"thumbnailUrl":"https:\/\/www.hnhlcranes.com\/wp-content\/uploads\/2024\/12\/Crane-sound-and-light-alarm.jpg","datePublished":"2024-12-05T16:55:21+00:00","dateModified":"2025-01-16T04:10:37+00:00","description":"Sound and light alarm,Crane Electrical Parts,Sound and light alarm manufacturer,Sound and light alarm Supplier,Crane Parts Supplier","breadcrumb":{"@id":"https:\/\/www.hnhlcranes.com\/product\/crane-sound-and-light-alarm\/#breadcrumb"},"inLanguage":"hu","potentialAction":[{"@type":"ReadAction","target":["https:\/\/www.hnhlcranes.com\/product\/crane-sound-and-light-alarm\/"]}]},{"@type":"ImageObject","inLanguage":"hu","@id":"https:\/\/www.hnhlcranes.com\/product\/crane-sound-and-light-alarm\/#primaryimage","url":"https:\/\/www.hnhlcranes.com\/wp-content\/uploads\/2024\/12\/Crane-sound-and-light-alarm.jpg","contentUrl":"https:\/\/www.hnhlcranes.com\/wp-content\/uploads\/2024\/12\/Crane-sound-and-light-alarm.jpg","width":600,"height":600},{"@type":"BreadcrumbList","@id":"https:\/\/www.hnhlcranes.com\/product\/crane-sound-and-light-alarm\/#breadcrumb","itemListElement":[{"@type":"ListItem","position":1,"name":"home","item":"https:\/\/www.hnhlcranes.com\/"},{"@type":"ListItem","position":2,"name":"products","item":"https:\/\/www.hnhlcranes.com\/products\/"},{"@type":"ListItem","position":3,"name":"Crane sound and light alarm"}]},{"@type":"WebSite","@id":"https:\/\/www.hnhlcranes.com\/#website","url":"https:\/\/www.hnhlcranes.com\/","name":"Crane Parts Manufacturer","description":"Crane Wheels,Crane Drums,Crane Hooks,Crane Coupling,Crane End Carriage,Electric Hoist,European Crane Parts,Crane Rail Clip,Crane Spreader,Crane Motor,Crane Reducer,Crane Brake,Light Crane Parts,Workstation Crane Parts,Crane Electrical Parts,China Crane Parts Supplier,China Crane Parts Manufacturer,Angle box type crane wheel,45 degree split crane wheel,European crane wheel,Crane Wheel Blocks,Overhead crane drum,European crane drum,Overhead crane hook,European crane hook,Crane pulley block,Gear coupling,Brake wheel coupling,Drum gear coupling,Brake wheel drum gear coupling,Cardan Shaft Coupling,WZL drum coupling,Plum blossom elastic coupling,Brake wheel plum elastic coupling,European Single girder crane end carriage,European Double girder crane end carriage,European Suspension  crane end carriage,Wire Rope Electric Hoist,Electric Chain Hoist,European Single Girder Wire Rope Electric Hoist,European Double Girder Wire Rope Electric Hoist,Crane grab,Container spreader,Billet crane clamps,C-type hook,Lifting Electromagnet,YZR crane motor,YZP crane motor,ZQ Reducer,ZSC Reducer,QJ Reducer,QJ-L Reducer,QJY Reducer,H series gearbox,F Series Gear Motor,K Series Gear Motor,R Series Gear Motor,travelling machinery gear motor,Electro hydraulic drum brake,Electro hydraulic disc brake,Crane Safety brake,Crane cable trolley,Crane remote controller,Crane pendant controller,Crane electrical control cabinet,Crane limit switch,Crane sound and light alarm,Heavy Duty Aviation Connector,Crane overload limiter","publisher":{"@id":"https:\/\/www.hnhlcranes.com\/#organization"},"potentialAction":[{"@type":"SearchAction","target":{"@type":"EntryPoint","urlTemplate":"https:\/\/www.hnhlcranes.com\/?s={search_term_string}"},"query-input":{"@type":"PropertyValueSpecification","valueRequired":true,"valueName":"search_term_string"}}],"inLanguage":"hu"},{"@type":"Organization","@id":"https:\/\/www.hnhlcranes.com\/#organization","name":"Crane Parts Manufacturer","url":"https:\/\/www.hnhlcranes.com\/","logo":{"@type":"ImageObject","inLanguage":"hu","@id":"https:\/\/www.hnhlcranes.com\/#\/schema\/logo\/image\/","url":"https:\/\/www.hnhlcranes.com\/wp-content\/uploads\/2025\/01\/HL-logo-1.png","contentUrl":"https:\/\/www.hnhlcranes.com\/wp-content\/uploads\/2025\/01\/HL-logo-1.png","width":600,"height":169,"caption":"Crane Parts Manufacturer"},"image":{"@id":"https:\/\/www.hnhlcranes.com\/#\/schema\/logo\/image\/"}}]}},"_links":{"self":[{"href":"https:\/\/www.hnhlcranes.com\/hu\/wp-json\/wp\/v2\/product\/5790","targetHints":{"allow":["GET"]}}],"collection":[{"href":"https:\/\/www.hnhlcranes.com\/hu\/wp-json\/wp\/v2\/product"}],"about":[{"href":"https:\/\/www.hnhlcranes.com\/hu\/wp-json\/wp\/v2\/types\/product"}],"version-history":[{"count":4,"href":"https:\/\/www.hnhlcranes.com\/hu\/wp-json\/wp\/v2\/product\/5790\/revisions"}],"predecessor-version":[{"id":7494,"href":"https:\/\/www.hnhlcranes.com\/hu\/wp-json\/wp\/v2\/product\/5790\/revisions\/7494"}],"wp:featuredmedia":[{"embeddable":true,"href":"https:\/\/www.hnhlcranes.com\/hu\/wp-json\/wp\/v2\/media\/7491"}],"wp:attachment":[{"href":"https:\/\/www.hnhlcranes.com\/hu\/wp-json\/wp\/v2\/media?parent=5790"}],"wp:term":[{"taxonomy":"product_brand","embeddable":true,"href":"https:\/\/www.hnhlcranes.com\/hu\/wp-json\/wp\/v2\/product_brand?post=5790"},{"taxonomy":"product_cat","embeddable":true,"href":"https:\/\/www.hnhlcranes.com\/hu\/wp-json\/wp\/v2\/product_cat?post=5790"},{"taxonomy":"product_tag","embeddable":true,"href":"https:\/\/www.hnhlcranes.com\/hu\/wp-json\/wp\/v2\/product_tag?post=5790"}],"curies":[{"name":"wp","href":"https:\/\/api.w.org\/{rel}","templated":true}]}}