{"id":5234,"date":"2024-11-10T22:26:09","date_gmt":"2024-11-10T14:26:09","guid":{"rendered":"https:\/\/www.hnhlcranes.com\/?post_type=product&#038;p=5234"},"modified":"2025-01-13T00:09:30","modified_gmt":"2025-01-12T16:09:30","slug":"motoriduttore-serie-k","status":"publish","type":"product","link":"https:\/\/www.hnhlcranes.com\/it\/prodotto\/motoriduttore-serie-k\/","title":{"rendered":"Motoriduttore serie K"},"content":{"rendered":"<h3>Caratteristiche delle prestazioni<\/h3>\n<p>Il motoriduttore della serie K, <a href=\"https:\/\/www.hnhlcranes.com\/it\/prodotto\/motoriduttore-serie-f\/\" target=\"_blank\" rel=\"noopener\">Motoriduttore serie F<\/a>I motoriduttori della serie R non sono solo compatti ma anche potenti, in grado di fornire una coppia elevata nonostante le dimensioni ridotte. Questi motoriduttori sono progettati e realizzati con un sistema di combinazione modulare. Di conseguenza, offrono un'ampia gamma di combinazioni di motori, configurazioni di montaggio e opzioni strutturali. Inoltre, i rapporti di trasmissione finemente graduati consentono di adattarsi perfettamente alle diverse condizioni operative, ottenendo un'efficiente integrazione elettromeccanica.<\/p>\n<p>In particolare, i riduttori delle serie F, K e R utilizzano un design modulare che ottimizza il processo di produzione. Questo approccio riduce significativamente la variet\u00e0 dei pezzi e i livelli di inventario, abbreviando cos\u00ec i tempi di consegna. Inoltre, questi motoriduttori eccellono per l'elevata efficienza di trasmissione, il basso consumo energetico e le eccezionali prestazioni complessive, che li rendono una scelta di spicco nella loro categoria.<\/p>\n<p>I motoriduttori sono dotati di una carcassa in ghisa ad alta rigidit\u00e0 rinforzata con nervature per una maggiore resistenza. Inoltre, i produttori realizzano gli ingranaggi in acciaio legato di alta qualit\u00e0, applicando un processo di tempra e tempra. A ci\u00f2 segue una rettifica di precisione, che assicura una trasmissione fluida, una bassa rumorosit\u00e0, un'elevata capacit\u00e0 di carico, un aumento minimo della temperatura e una maggiore durata.<\/p>\n<p>Grazie alla loro eccezionale versatilit\u00e0, questi motoriduttori trovano ampia applicazione in diversi settori industriali. Ad esempio, sono indispensabili nelle apparecchiature di sollevamento, nell'industria leggera, nelle scale mobili, nei sistemi di stoccaggio automatizzati, nelle macchine da costruzione, nella siderurgia e nella metallurgia, nella produzione di carta e di pannelli di legno. Inoltre, sono spesso utilizzati nella produzione di automobili, nei macchinari per il tabacco, nei progetti di conservazione dell'acqua, nella stampa e nell'imballaggio, nei prodotti farmaceutici, nel settore tessile, nei materiali da costruzione, nella logistica, nei macchinari per mangimi e nella protezione ambientale.<\/p>\n<p>Prima della spedizione, i produttori lasciano questi riduttori senza olio per garantire un trasporto sicuro. Pertanto, si consiglia agli utenti di aggiungere olio per ingranaggi industriali a media pressione N220 prima di mettere in funzione i motori per ottimizzarne le prestazioni.<\/p>\n<h6><strong><span style=\"font-family: arial, helvetica, sans-serif; font-size: 18pt;\">Struttura e configurazione<\/span><\/strong><\/h6>\n<p><img fetchpriority=\"high\" decoding=\"async\" class=\"alignnone wp-image-7323\" src=\"https:\/\/www.hnhlcranes.com\/wp-content\/uploads\/2024\/11\/K-Series-Gear-Motor-5-300x81.jpg\" alt=\"\" width=\"956\" height=\"258\" srcset=\"https:\/\/www.hnhlcranes.com\/wp-content\/uploads\/2024\/11\/K-Series-Gear-Motor-5-300x81.jpg 300w, https:\/\/www.hnhlcranes.com\/wp-content\/uploads\/2024\/11\/K-Series-Gear-Motor-5-768x207.jpg 768w, https:\/\/www.hnhlcranes.com\/wp-content\/uploads\/2024\/11\/K-Series-Gear-Motor-5-600x162.jpg 600w, https:\/\/www.hnhlcranes.com\/wp-content\/uploads\/2024\/11\/K-Series-Gear-Motor-5.jpg 1000w\" sizes=\"(max-width: 956px) 100vw, 956px\" \/><\/p>\n<h6><strong><span style=\"font-family: arial, helvetica, sans-serif; font-size: 18pt;\">Moduli di installazione<\/span><\/strong><\/h6>\n<p><img decoding=\"async\" class=\"alignnone wp-image-7324\" src=\"https:\/\/www.hnhlcranes.com\/wp-content\/uploads\/2024\/11\/K-Series-Gear-Motor-6-300x125.jpg\" alt=\"\" width=\"958\" height=\"399\" srcset=\"https:\/\/www.hnhlcranes.com\/wp-content\/uploads\/2024\/11\/K-Series-Gear-Motor-6-300x125.jpg 300w, https:\/\/www.hnhlcranes.com\/wp-content\/uploads\/2024\/11\/K-Series-Gear-Motor-6-768x321.jpg 768w, https:\/\/www.hnhlcranes.com\/wp-content\/uploads\/2024\/11\/K-Series-Gear-Motor-6-600x251.jpg 600w, https:\/\/www.hnhlcranes.com\/wp-content\/uploads\/2024\/11\/K-Series-Gear-Motor-6.jpg 1000w\" sizes=\"(max-width: 958px) 100vw, 958px\" \/><\/p>\n<h6><strong><span style=\"font-family: arial, helvetica, sans-serif; font-size: 18pt;\">Posizione della scatola di giunzione del motore<\/span><\/strong><\/h6>\n<p><img decoding=\"async\" class=\"alignnone wp-image-7325\" src=\"https:\/\/www.hnhlcranes.com\/wp-content\/uploads\/2024\/11\/K-Series-Gear-Motor-7-300x61.jpg\" alt=\"\" width=\"964\" height=\"196\" srcset=\"https:\/\/www.hnhlcranes.com\/wp-content\/uploads\/2024\/11\/K-Series-Gear-Motor-7-300x61.jpg 300w, https:\/\/www.hnhlcranes.com\/wp-content\/uploads\/2024\/11\/K-Series-Gear-Motor-7-768x155.jpg 768w, https:\/\/www.hnhlcranes.com\/wp-content\/uploads\/2024\/11\/K-Series-Gear-Motor-7-600x121.jpg 600w, https:\/\/www.hnhlcranes.com\/wp-content\/uploads\/2024\/11\/K-Series-Gear-Motor-7.jpg 1000w\" sizes=\"(max-width: 964px) 100vw, 964px\" \/><\/p>\n<h6><strong><span style=\"font-family: arial, helvetica, sans-serif; font-size: 18pt;\">Gamma di rapporti di velocit\u00e0 e coppia massima dei motoriduttori della serie K<\/span><\/strong><\/h6>\n<table style=\"width: 100%; border-style: solid; border-color: #000000;\" border=\"1\" cellspacing=\"0.5\">\n<tbody>\n<tr>\n<td style=\"text-align: center;\" width=\"173\"><span style=\"font-size: 10pt;\">Tipo<\/span><\/td>\n<td style=\"text-align: center;\" width=\"85\"><span style=\"font-size: 10pt;\">03<\/span><\/td>\n<td style=\"text-align: center;\" width=\"85\"><span style=\"font-size: 10pt;\">04<\/span><\/td>\n<td style=\"text-align: center;\" width=\"85\"><span style=\"font-size: 10pt;\">05<\/span><\/td>\n<td style=\"text-align: center;\" width=\"85\"><span style=\"font-size: 10pt;\">06<\/span><\/td>\n<td style=\"text-align: center;\" width=\"85\"><span style=\"font-size: 10pt;\">07<\/span><\/td>\n<td style=\"text-align: center;\" width=\"85\"><span style=\"font-size: 10pt;\">08<\/span><\/td>\n<td style=\"text-align: center;\" width=\"85\"><span style=\"font-size: 10pt;\">09<\/span><\/td>\n<td style=\"text-align: center;\" width=\"85\"><span style=\"font-size: 10pt;\">10<\/span><\/td>\n<td style=\"text-align: center;\" width=\"85\"><span style=\"font-size: 10pt;\">12<\/span><\/td>\n<td style=\"text-align: center;\" width=\"85\"><span style=\"font-size: 10pt;\">15<\/span><\/td>\n<td style=\"text-align: center;\" width=\"85\"><span style=\"font-size: 10pt;\">16<\/span><\/td>\n<td style=\"text-align: center;\" width=\"85\"><span style=\"font-size: 10pt;\">18<\/span><\/td>\n<\/tr>\n<tr>\n<td style=\"text-align: center;\" width=\"173\"><span style=\"font-size: 10pt;\">Forma strutturale<\/span><\/td>\n<td style=\"text-align: center;\" colspan=\"12\" width=\"1020\"><span style=\"font-size: 10pt;\">KD\uff0cKK<\/span><\/td>\n<\/tr>\n<tr>\n<td style=\"text-align: center;\" width=\"173\"><span style=\"font-size: 10pt;\">Rapporto di trasmissione<\/span><\/td>\n<td style=\"text-align: center;\" width=\"85\"><span style=\"font-size: 10pt;\">5.36~<br \/>\n<\/span><span style=\"font-size: 10pt;\">106.38<\/span><\/td>\n<td style=\"text-align: center;\" width=\"85\"><span style=\"font-size: 10pt;\">5.81~<br \/>\n<\/span><span style=\"font-size: 10pt;\">131.87<\/span><\/td>\n<td style=\"text-align: center;\" width=\"85\"><span style=\"font-size: 10pt;\">6.57~<br \/>\n<\/span><span style=\"font-size: 10pt;\">145.14<\/span><\/td>\n<td style=\"text-align: center;\" width=\"85\"><span style=\"font-size: 10pt;\">7.28~<br \/>\n<\/span><span style=\"font-size: 10pt;\">144.79<\/span><\/td>\n<td style=\"text-align: center;\" width=\"85\"><span style=\"font-size: 10pt;\">7.24~<br \/>\n<\/span><span style=\"font-size: 10pt;\">192.18<\/span><\/td>\n<td style=\"text-align: center;\" width=\"85\"><span style=\"font-size: 10pt;\">7.21~<br \/>\n<\/span><span style=\"font-size: 10pt;\">197.37<\/span><\/td>\n<td style=\"text-align: center;\" width=\"85\"><span style=\"font-size: 10pt;\">8.71~<br \/>\n<\/span><span style=\"font-size: 10pt;\">176.05<\/span><\/td>\n<td style=\"text-align: center;\" width=\"85\"><span style=\"font-size: 10pt;\">8.69~<br \/>\n<\/span><span style=\"font-size: 10pt;\">143.47<\/span><\/td>\n<td style=\"text-align: center;\" width=\"85\"><span style=\"font-size: 10pt;\">8.68~<br \/>\n<\/span><span style=\"font-size: 10pt;\">146.07<\/span><\/td>\n<td style=\"text-align: center;\" width=\"85\"><span style=\"font-size: 10pt;\">12.65~<br \/>\n<\/span><span style=\"font-size: 10pt;\">150.41<\/span><\/td>\n<td style=\"text-align: center;\" width=\"85\"><span style=\"font-size: 10pt;\">17.34~<br \/>\n<\/span><span style=\"font-size: 10pt;\">164.50<\/span><\/td>\n<td style=\"text-align: center;\" width=\"85\"><span style=\"font-size: 10pt;\">17.18~<br \/>\n<\/span><span style=\"font-size: 10pt;\">179.8<\/span><\/td>\n<\/tr>\n<tr>\n<td style=\"text-align: center;\" width=\"173\"><span style=\"font-size: 10pt;\">Coppia massima<br \/>\n<\/span><span style=\"font-size: 10pt;\">N.m<\/span><\/td>\n<td style=\"text-align: center;\" width=\"85\"><span style=\"font-size: 10pt;\">200<\/span><\/td>\n<td style=\"text-align: center;\" width=\"85\"><span style=\"font-size: 10pt;\">400<\/span><\/td>\n<td style=\"text-align: center;\" width=\"85\"><span style=\"font-size: 10pt;\">600<\/span><\/td>\n<td style=\"text-align: center;\" width=\"85\"><span style=\"font-size: 10pt;\">820<\/span><\/td>\n<td style=\"text-align: center;\" width=\"85\"><span style=\"font-size: 10pt;\">1550<\/span><\/td>\n<td style=\"text-align: center;\" width=\"85\"><span style=\"font-size: 10pt;\">2700<\/span><\/td>\n<td style=\"text-align: center;\" width=\"85\"><span style=\"font-size: 10pt;\">4300<\/span><\/td>\n<td style=\"text-align: center;\" width=\"85\"><span style=\"font-size: 10pt;\">8000<\/span><\/td>\n<td style=\"text-align: center;\" width=\"85\"><span style=\"font-size: 10pt;\">13000<\/span><\/td>\n<td style=\"text-align: center;\" width=\"85\"><span style=\"font-size: 10pt;\">18000<\/span><\/td>\n<td style=\"text-align: center;\" width=\"85\"><span style=\"font-size: 10pt;\">32000<\/span><\/td>\n<td style=\"text-align: center;\" width=\"85\"><span style=\"font-size: 10pt;\">50000<\/span><\/td>\n<\/tr>\n<\/tbody>\n<\/table>\n<p>&nbsp;<\/p>","protected":false},"excerpt":{"rendered":"<h6><strong><span style=\"font-family: arial, helvetica, sans-serif; font-size: 14pt;\">Specifiche del motoriduttore serie K<\/span><\/strong><\/h6>\n<ul>\n<li><strong>Modelli<\/strong>: K..03, K..04, K..05, K..06, K..07, K..08, K..09, K..10, K..12, K..15, K..16, K..18<\/li>\n<li><strong>Rapporto di velocit\u00e0<\/strong>: Da 5,36 a 179,8<\/li>\n<li><strong>Gamma di potenza (kW)<\/strong>: 0.12, 0.18, 0.25, 0.37, 0.55, 0.75, 1.1, 1.5, 2.2, 3, 4, 5.5, 7.5, 11, 15, 18.5, 22, 30, 37, 45, 55, 75, 90, 110, 132, 160, 200<\/li>\n<li><strong>Tipi strutturali<\/strong>: KTK, KK, KD, KF, KDK, KFK<\/li>\n<li><strong>Coppia di uscita<\/strong>Da 200 Nm a 50.000 Nm<\/li>\n<\/ul>","protected":false},"featured_media":7326,"template":"","meta":{"_kad_post_transparent":"default","_kad_post_title":"","_kad_post_layout":"default","_kad_post_sidebar_id":"","_kad_post_content_style":"default","_kad_post_vertical_padding":"show","_kad_post_feature":"","_kad_post_feature_position":"","_kad_post_header":false,"_kad_post_footer":false},"product_brand":[],"product_cat":[55],"product_tag":[376,374,561,558,373,542,547,557,566,555,546,559,564,541,565,551,543,548,575,570,538,571,539,576,572,540,549,544,550,563,562,567,560,552,553,556,545,554,573,568,536,574,569,537],"class_list":{"0":"post-5234","1":"product","2":"type-product","3":"status-publish","4":"has-post-thumbnail","6":"product_cat-crane-reducer","7":"product_tag-china-crane-parts-supplier","8":"product_tag-crane-accessories","9":"product_tag-crane-decelerators","10":"product_tag-crane-gearbox","11":"product_tag-crane-parts","12":"product_tag-f-series-gear-motor","13":"product_tag-f-series-three-in-one-reducer","14":"product_tag-fem-standard-gear-motors","15":"product_tag-flender-reducer","16":"product_tag-gear-motor-for-crane-traveling","17":"product_tag-gear-motors","18":"product_tag-gear-reducer","19":"product_tag-gear-reducer-for-crane","20":"product_tag-h-series-gearbox","21":"product_tag-hard-tooth-surface-reducercrane-and-hoist-reducer","22":"product_tag-helical-gear-motor-r-series","23":"product_tag-k-series-gear-motor","24":"product_tag-k-series-three-in-one-reducer","25":"product_tag-qj-crane-reducer","26":"product_tag-qj-gearbox","27":"product_tag-qj-reducer","28":"product_tag-qj-l-gearbox","29":"product_tag-qj-l-reducer","30":"product_tag-qjy-crane-reducer","31":"product_tag-qjy-gearbox","32":"product_tag-qjy-reducer","33":"product_tag-r-series-crane-reducer","34":"product_tag-r-series-gear-motor","35":"product_tag-r-series-helical-gear-units","36":"product_tag-reducer-for-crane","37":"product_tag-reducer-gearbox","38":"product_tag-reducer-manufacturer","39":"product_tag-speed-reducer","40":"product_tag-three-in-one-reducer","41":"product_tag-travelling-machinery","42":"product_tag-travelling-machinery-frequency-inverter-motors","43":"product_tag-travelling-machinery-gear-motor","44":"product_tag-travelling-motor-with-gear","45":"product_tag-zq-crane-reducer","46":"product_tag-zq-gearbox","47":"product_tag-zq-reducer","48":"product_tag-zsc-crane-reducer","49":"product_tag-zsc-gearbox","50":"product_tag-zsc-reducer","52":"first","53":"instock","54":"shipping-taxable","55":"product-type-simple","56":"entry","57":"content-bg","58":"loop-entry"},"yoast_head":"<!-- This site is optimized with the Yoast SEO plugin v24.5 - https:\/\/yoast.com\/wordpress\/plugins\/seo\/ -->\n<title>K Series Gear Motor - Gear Motors- K series three-in-one reducerCrane Parts Manufacturer<\/title>\n<meta name=\"description\" content=\"K Series Gear Motor,K series three-in-one reducer,F series three-in-one reducer,Crane Gearbox,travelling machinery gear motors,Travelling Motor With Gear\" \/>\n<meta name=\"robots\" content=\"index, follow, max-snippet:-1, max-image-preview:large, max-video-preview:-1\" \/>\n<link rel=\"canonical\" href=\"https:\/\/www.hnhlcranes.com\/it\/prodotto\/motoriduttore-serie-k\/\" \/>\n<meta property=\"og:locale\" content=\"it_IT\" \/>\n<meta property=\"og:type\" content=\"article\" \/>\n<meta property=\"og:title\" content=\"K Series Gear Motor - Gear Motors- K series three-in-one reducerCrane Parts Manufacturer\" \/>\n<meta property=\"og:description\" content=\"K Series Gear Motor,K series three-in-one reducer,F series three-in-one reducer,Crane Gearbox,travelling machinery gear motors,Travelling Motor With Gear\" \/>\n<meta property=\"og:url\" content=\"https:\/\/www.hnhlcranes.com\/it\/prodotto\/motoriduttore-serie-k\/\" \/>\n<meta property=\"og:site_name\" content=\"Crane Parts Manufacturer\" \/>\n<meta property=\"article:modified_time\" content=\"2025-01-12T16:09:30+00:00\" \/>\n<meta property=\"og:image\" content=\"https:\/\/www.hnhlcranes.com\/wp-content\/uploads\/2024\/11\/K-Series-Gear-Motor.jpg\" \/>\n\t<meta property=\"og:image:width\" content=\"600\" \/>\n\t<meta property=\"og:image:height\" content=\"600\" \/>\n\t<meta property=\"og:image:type\" content=\"image\/jpeg\" \/>\n<meta name=\"twitter:card\" content=\"summary_large_image\" \/>\n<meta name=\"twitter:label1\" content=\"Tempo di lettura stimato\" \/>\n\t<meta name=\"twitter:data1\" content=\"3 minuti\" \/>\n<script type=\"application\/ld+json\" class=\"yoast-schema-graph\">{\"@context\":\"https:\/\/schema.org\",\"@graph\":[{\"@type\":\"WebPage\",\"@id\":\"https:\/\/www.hnhlcranes.com\/product\/k-series-gear-motor\/\",\"url\":\"https:\/\/www.hnhlcranes.com\/product\/k-series-gear-motor\/\",\"name\":\"K Series Gear Motor - Gear Motors- K series three-in-one reducerCrane Parts Manufacturer\",\"isPartOf\":{\"@id\":\"https:\/\/www.hnhlcranes.com\/#website\"},\"primaryImageOfPage\":{\"@id\":\"https:\/\/www.hnhlcranes.com\/product\/k-series-gear-motor\/#primaryimage\"},\"image\":{\"@id\":\"https:\/\/www.hnhlcranes.com\/product\/k-series-gear-motor\/#primaryimage\"},\"thumbnailUrl\":\"https:\/\/www.hnhlcranes.com\/wp-content\/uploads\/2024\/11\/K-Series-Gear-Motor.jpg\",\"datePublished\":\"2024-11-10T14:26:09+00:00\",\"dateModified\":\"2025-01-12T16:09:30+00:00\",\"description\":\"K Series Gear Motor,K series three-in-one reducer,F series three-in-one reducer,Crane Gearbox,travelling machinery gear motors,Travelling Motor With Gear\",\"breadcrumb\":{\"@id\":\"https:\/\/www.hnhlcranes.com\/product\/k-series-gear-motor\/#breadcrumb\"},\"inLanguage\":\"it-IT\",\"potentialAction\":[{\"@type\":\"ReadAction\",\"target\":[\"https:\/\/www.hnhlcranes.com\/product\/k-series-gear-motor\/\"]}]},{\"@type\":\"ImageObject\",\"inLanguage\":\"it-IT\",\"@id\":\"https:\/\/www.hnhlcranes.com\/product\/k-series-gear-motor\/#primaryimage\",\"url\":\"https:\/\/www.hnhlcranes.com\/wp-content\/uploads\/2024\/11\/K-Series-Gear-Motor.jpg\",\"contentUrl\":\"https:\/\/www.hnhlcranes.com\/wp-content\/uploads\/2024\/11\/K-Series-Gear-Motor.jpg\",\"width\":600,\"height\":600},{\"@type\":\"BreadcrumbList\",\"@id\":\"https:\/\/www.hnhlcranes.com\/product\/k-series-gear-motor\/#breadcrumb\",\"itemListElement\":[{\"@type\":\"ListItem\",\"position\":1,\"name\":\"home\",\"item\":\"https:\/\/www.hnhlcranes.com\/\"},{\"@type\":\"ListItem\",\"position\":2,\"name\":\"products\",\"item\":\"https:\/\/www.hnhlcranes.com\/products\/\"},{\"@type\":\"ListItem\",\"position\":3,\"name\":\"K Series Gear Motor\"}]},{\"@type\":\"WebSite\",\"@id\":\"https:\/\/www.hnhlcranes.com\/#website\",\"url\":\"https:\/\/www.hnhlcranes.com\/\",\"name\":\"Crane Parts Manufacturer\",\"description\":\"Crane Wheels,Crane Drums,Crane Hooks,Crane Coupling,Crane End Carriage,Electric Hoist,European Crane Parts,Crane Rail Clip,Crane Spreader,Crane Motor,Crane Reducer,Crane Brake,Light Crane Parts,Workstation Crane Parts,Crane Electrical Parts,China Crane Parts Supplier,China Crane Parts Manufacturer,Angle box type crane wheel,45 degree split crane wheel,European crane wheel,Crane Wheel Blocks,Overhead crane drum,European crane drum,Overhead crane hook,European crane hook,Crane pulley block,Gear coupling,Brake wheel coupling,Drum gear coupling,Brake wheel drum gear coupling,Cardan Shaft Coupling,WZL drum coupling,Plum blossom elastic coupling,Brake wheel plum elastic coupling,European Single girder crane end carriage,European Double girder crane end carriage,European Suspension  crane end carriage,Wire Rope Electric Hoist,Electric Chain Hoist,European Single Girder Wire Rope Electric Hoist,European Double Girder Wire Rope Electric Hoist,Crane grab,Container spreader,Billet crane clamps,C-type hook,Lifting Electromagnet,YZR crane motor,YZP crane motor,ZQ Reducer,ZSC Reducer,QJ Reducer,QJ-L Reducer,QJY Reducer,H series gearbox,F Series Gear Motor,K Series Gear Motor,R Series Gear Motor,travelling machinery gear motor,Electro hydraulic drum brake,Electro hydraulic disc brake,Crane Safety brake,Crane cable trolley,Crane remote controller,Crane pendant controller,Crane electrical control cabinet,Crane limit switch,Crane sound and light alarm,Heavy Duty Aviation Connector,Crane overload limiter\",\"publisher\":{\"@id\":\"https:\/\/www.hnhlcranes.com\/#organization\"},\"potentialAction\":[{\"@type\":\"SearchAction\",\"target\":{\"@type\":\"EntryPoint\",\"urlTemplate\":\"https:\/\/www.hnhlcranes.com\/?s={search_term_string}\"},\"query-input\":{\"@type\":\"PropertyValueSpecification\",\"valueRequired\":true,\"valueName\":\"search_term_string\"}}],\"inLanguage\":\"it-IT\"},{\"@type\":\"Organization\",\"@id\":\"https:\/\/www.hnhlcranes.com\/#organization\",\"name\":\"Crane Parts Manufacturer\",\"url\":\"https:\/\/www.hnhlcranes.com\/\",\"logo\":{\"@type\":\"ImageObject\",\"inLanguage\":\"it-IT\",\"@id\":\"https:\/\/www.hnhlcranes.com\/#\/schema\/logo\/image\/\",\"url\":\"https:\/\/www.hnhlcranes.com\/wp-content\/uploads\/2025\/01\/HL-logo-1.png\",\"contentUrl\":\"https:\/\/www.hnhlcranes.com\/wp-content\/uploads\/2025\/01\/HL-logo-1.png\",\"width\":600,\"height\":169,\"caption\":\"Crane Parts Manufacturer\"},\"image\":{\"@id\":\"https:\/\/www.hnhlcranes.com\/#\/schema\/logo\/image\/\"}}]}<\/script>\n<!-- \/ Yoast SEO plugin. -->","yoast_head_json":{"title":"K Series Gear Motor - Gear Motors- K series three-in-one reducerCrane Parts Manufacturer","description":"K Series Gear Motor,K series three-in-one reducer,F series three-in-one reducer,Crane Gearbox,travelling machinery gear motors,Travelling Motor With Gear","robots":{"index":"index","follow":"follow","max-snippet":"max-snippet:-1","max-image-preview":"max-image-preview:large","max-video-preview":"max-video-preview:-1"},"canonical":"https:\/\/www.hnhlcranes.com\/it\/prodotto\/motoriduttore-serie-k\/","og_locale":"it_IT","og_type":"article","og_title":"K Series Gear Motor - Gear Motors- K series three-in-one reducerCrane Parts Manufacturer","og_description":"K Series Gear Motor,K series three-in-one reducer,F series three-in-one reducer,Crane Gearbox,travelling machinery gear motors,Travelling Motor With Gear","og_url":"https:\/\/www.hnhlcranes.com\/it\/prodotto\/motoriduttore-serie-k\/","og_site_name":"Crane Parts Manufacturer","article_modified_time":"2025-01-12T16:09:30+00:00","og_image":[{"width":600,"height":600,"url":"https:\/\/www.hnhlcranes.com\/wp-content\/uploads\/2024\/11\/K-Series-Gear-Motor.jpg","type":"image\/jpeg"}],"twitter_card":"summary_large_image","twitter_misc":{"Tempo di lettura stimato":"3 minuti"},"schema":{"@context":"https:\/\/schema.org","@graph":[{"@type":"WebPage","@id":"https:\/\/www.hnhlcranes.com\/product\/k-series-gear-motor\/","url":"https:\/\/www.hnhlcranes.com\/product\/k-series-gear-motor\/","name":"K Series Gear Motor - Gear Motors- K series three-in-one reducerCrane Parts Manufacturer","isPartOf":{"@id":"https:\/\/www.hnhlcranes.com\/#website"},"primaryImageOfPage":{"@id":"https:\/\/www.hnhlcranes.com\/product\/k-series-gear-motor\/#primaryimage"},"image":{"@id":"https:\/\/www.hnhlcranes.com\/product\/k-series-gear-motor\/#primaryimage"},"thumbnailUrl":"https:\/\/www.hnhlcranes.com\/wp-content\/uploads\/2024\/11\/K-Series-Gear-Motor.jpg","datePublished":"2024-11-10T14:26:09+00:00","dateModified":"2025-01-12T16:09:30+00:00","description":"K Series Gear Motor,K series three-in-one reducer,F series three-in-one reducer,Crane Gearbox,travelling machinery gear motors,Travelling Motor With Gear","breadcrumb":{"@id":"https:\/\/www.hnhlcranes.com\/product\/k-series-gear-motor\/#breadcrumb"},"inLanguage":"it-IT","potentialAction":[{"@type":"ReadAction","target":["https:\/\/www.hnhlcranes.com\/product\/k-series-gear-motor\/"]}]},{"@type":"ImageObject","inLanguage":"it-IT","@id":"https:\/\/www.hnhlcranes.com\/product\/k-series-gear-motor\/#primaryimage","url":"https:\/\/www.hnhlcranes.com\/wp-content\/uploads\/2024\/11\/K-Series-Gear-Motor.jpg","contentUrl":"https:\/\/www.hnhlcranes.com\/wp-content\/uploads\/2024\/11\/K-Series-Gear-Motor.jpg","width":600,"height":600},{"@type":"BreadcrumbList","@id":"https:\/\/www.hnhlcranes.com\/product\/k-series-gear-motor\/#breadcrumb","itemListElement":[{"@type":"ListItem","position":1,"name":"home","item":"https:\/\/www.hnhlcranes.com\/"},{"@type":"ListItem","position":2,"name":"products","item":"https:\/\/www.hnhlcranes.com\/products\/"},{"@type":"ListItem","position":3,"name":"K Series Gear Motor"}]},{"@type":"WebSite","@id":"https:\/\/www.hnhlcranes.com\/#website","url":"https:\/\/www.hnhlcranes.com\/","name":"Crane Parts Manufacturer","description":"Crane Wheels,Crane Drums,Crane Hooks,Crane Coupling,Crane End Carriage,Electric Hoist,European Crane Parts,Crane Rail Clip,Crane Spreader,Crane Motor,Crane Reducer,Crane Brake,Light Crane Parts,Workstation Crane Parts,Crane Electrical Parts,China Crane Parts Supplier,China Crane Parts Manufacturer,Angle box type crane wheel,45 degree split crane wheel,European crane wheel,Crane Wheel Blocks,Overhead crane drum,European crane drum,Overhead crane hook,European crane hook,Crane pulley block,Gear coupling,Brake wheel coupling,Drum gear coupling,Brake wheel drum gear coupling,Cardan Shaft Coupling,WZL drum coupling,Plum blossom elastic coupling,Brake wheel plum elastic coupling,European Single girder crane end carriage,European Double girder crane end carriage,European Suspension  crane end carriage,Wire Rope Electric Hoist,Electric Chain Hoist,European Single Girder Wire Rope Electric Hoist,European Double Girder Wire Rope Electric Hoist,Crane grab,Container spreader,Billet crane clamps,C-type hook,Lifting Electromagnet,YZR crane motor,YZP crane motor,ZQ Reducer,ZSC Reducer,QJ Reducer,QJ-L Reducer,QJY Reducer,H series gearbox,F Series Gear Motor,K Series Gear Motor,R Series Gear Motor,travelling machinery gear motor,Electro hydraulic drum brake,Electro hydraulic disc brake,Crane Safety brake,Crane cable trolley,Crane remote controller,Crane pendant controller,Crane electrical control cabinet,Crane limit switch,Crane sound and light alarm,Heavy Duty Aviation Connector,Crane overload limiter","publisher":{"@id":"https:\/\/www.hnhlcranes.com\/#organization"},"potentialAction":[{"@type":"SearchAction","target":{"@type":"EntryPoint","urlTemplate":"https:\/\/www.hnhlcranes.com\/?s={search_term_string}"},"query-input":{"@type":"PropertyValueSpecification","valueRequired":true,"valueName":"search_term_string"}}],"inLanguage":"it-IT"},{"@type":"Organization","@id":"https:\/\/www.hnhlcranes.com\/#organization","name":"Crane Parts Manufacturer","url":"https:\/\/www.hnhlcranes.com\/","logo":{"@type":"ImageObject","inLanguage":"it-IT","@id":"https:\/\/www.hnhlcranes.com\/#\/schema\/logo\/image\/","url":"https:\/\/www.hnhlcranes.com\/wp-content\/uploads\/2025\/01\/HL-logo-1.png","contentUrl":"https:\/\/www.hnhlcranes.com\/wp-content\/uploads\/2025\/01\/HL-logo-1.png","width":600,"height":169,"caption":"Crane Parts Manufacturer"},"image":{"@id":"https:\/\/www.hnhlcranes.com\/#\/schema\/logo\/image\/"}}]}},"_links":{"self":[{"href":"https:\/\/www.hnhlcranes.com\/it\/wp-json\/wp\/v2\/product\/5234","targetHints":{"allow":["GET"]}}],"collection":[{"href":"https:\/\/www.hnhlcranes.com\/it\/wp-json\/wp\/v2\/product"}],"about":[{"href":"https:\/\/www.hnhlcranes.com\/it\/wp-json\/wp\/v2\/types\/product"}],"version-history":[{"count":4,"href":"https:\/\/www.hnhlcranes.com\/it\/wp-json\/wp\/v2\/product\/5234\/revisions"}],"predecessor-version":[{"id":7329,"href":"https:\/\/www.hnhlcranes.com\/it\/wp-json\/wp\/v2\/product\/5234\/revisions\/7329"}],"wp:featuredmedia":[{"embeddable":true,"href":"https:\/\/www.hnhlcranes.com\/it\/wp-json\/wp\/v2\/media\/7326"}],"wp:attachment":[{"href":"https:\/\/www.hnhlcranes.com\/it\/wp-json\/wp\/v2\/media?parent=5234"}],"wp:term":[{"taxonomy":"product_brand","embeddable":true,"href":"https:\/\/www.hnhlcranes.com\/it\/wp-json\/wp\/v2\/product_brand?post=5234"},{"taxonomy":"product_cat","embeddable":true,"href":"https:\/\/www.hnhlcranes.com\/it\/wp-json\/wp\/v2\/product_cat?post=5234"},{"taxonomy":"product_tag","embeddable":true,"href":"https:\/\/www.hnhlcranes.com\/it\/wp-json\/wp\/v2\/product_tag?post=5234"}],"curies":[{"name":"wp","href":"https:\/\/api.w.org\/{rel}","templated":true}]}}