{"id":4638,"date":"2024-10-31T23:35:21","date_gmt":"2024-10-31T15:35:21","guid":{"rendered":"https:\/\/www.hnhlcranes.com\/?post_type=product&#038;p=4638"},"modified":"2025-01-06T00:09:12","modified_gmt":"2025-01-05T16:09:12","slug":"krano-skriemulio-blokas","status":"publish","type":"product","link":"https:\/\/www.hnhlcranes.com\/lt\/produktas\/krano-skriemulio-blokas\/","title":{"rendered":"Krano skriemulio blokas"},"content":{"rendered":"<p>A <strong>Krano skriemulio blokas<\/strong> yra labai svarbi kran\u0173 sistem\u0173 sudedamoji dalis, pirmiausia naudojama j\u0117gos kryp\u010diai keisti, sunkiems objektams kelti ir lyn\u0173 ar plienini\u0173 lyn\u0173 \u012ftempimui reguliuoti. Tai esmin\u0117 krano dalis, kuri\u0105 paprastai sudaro skriemulys, guolis, korpusas, lynas ir tvirtinimo \u012ftaisai. Skriemulio blokas skirtas didel\u0117s apkrovos s\u0105lygoms, gali i\u0161laikyti didelius svorius, kartu u\u017etikrinant stabilum\u0105 ir saugum\u0105 darbo metu.<\/p>\n<h3>Pagrindiniai komponentai:<\/h3>\n<ol>\n<li><strong>Skriemulys<\/strong>: Tai pagrindin\u0117 sudedamoji dalis, kuri nukreipia plienin\u012f lyn\u0105 ir leid\u017eia jam prasiskverbti, perduodant energij\u0105.<\/li>\n<li><strong>Guolis<\/strong>: Jis padeda skriemuliui skland\u017eiai suktis, suma\u017eina trint\u012f ir pagerina darbo efektyvum\u0105.<\/li>\n<li><strong>B\u016bstas<\/strong>: Jis apsaugo skriemul\u012f ir kitus vidinius komponentus nuo pa\u017eeidim\u0173.<\/li>\n<li><strong>Plieninis lynas arba kabelis<\/strong>: Jis perne\u0161a apkrov\u0105 ir veikia kartu su skriemulio bloku.<\/li>\n<li><strong>Fiksavimo \u012ftaisai<\/strong>: Jie naudojami skriemulio blokui pritvirtinti prie krano konstrukcijos ir u\u017etikrina jo stabilum\u0105.<\/li>\n<\/ol>\n<h3>Veikimo principas:<\/h3>\n<p>Krano skriemulio blokas veikia nukreipdamas plienin\u012f lyn\u0105 aplink skriemul\u012f, keisdamas j\u0117gos krypt\u012f arba didindamas krano keliam\u0105j\u0105 gali\u0105. Keli\u0173 skriemuli\u0173 bloko konstrukcija gali padidinti darbo efektyvum\u0105 kei\u010diant j\u0117gos perdavimo b\u016bd\u0105.<\/p>\n<h3>Tipai:<\/h3>\n<ul>\n<li><strong>Vieno skriemulio blokas<\/strong>: Jis naudojamas lengvesn\u0117ms k\u0117limo u\u017eduotims atlikti.<\/li>\n<li><strong>Sud\u0117tinis skriemuli\u0173 blokas (keli\u0173 skriemuli\u0173 blokas)<\/strong>: Jame naudojami keli skriemuliai, kad b\u016bt\u0173 galima apdoroti didesnius krovinius.<\/li>\n<li><strong>Fiksuot\u0173 ir judan\u010di\u0173 skriemuli\u0173 derinys<\/strong>: \u0160i s\u0105ranka sujungia j\u0117gos krypties keitimo ir mechaninio prana\u0161umo privalumus.<\/li>\n<\/ul>\n<h3>Parai\u0161kos:<\/h3>\n<ul>\n<li><strong>Statybos pramon\u0117<\/strong>: Naudojami dideliame auk\u0161tyje keliant arba perkeliant sunkias med\u017eiagas.<\/li>\n<li><strong>Uost\u0173 ir laivybos pramon\u0117<\/strong>: Naudojamas konteineriams ar kitiems sunkiems daiktams pakrauti ir i\u0161krauti.<\/li>\n<li><strong>Kalnakasyba ir naftos gavyba<\/strong>: Naudojamas sunkiai \u012frangai ir med\u017eiagoms kelti.<\/li>\n<\/ul>\n<p>D\u0117l tikslios konstrukcijos skriemuli\u0173 blokas ne tik padidina kran\u0173 keliam\u0105j\u0105 gali\u0105, bet ir suma\u017eina nusid\u0117v\u0117jim\u0105 bei energijos nuostolius, tod\u0117l pager\u0117ja darbo na\u0161umas ir sauga.<\/p>\n<p><img fetchpriority=\"high\" decoding=\"async\" class=\"alignnone wp-image-6843\" src=\"https:\/\/www.hnhlcranes.com\/wp-content\/uploads\/2024\/10\/Crane-pulley-block-7-300x140.png\" alt=\"\" width=\"951\" height=\"444\" srcset=\"https:\/\/www.hnhlcranes.com\/wp-content\/uploads\/2024\/10\/Crane-pulley-block-7-300x140.png 300w, https:\/\/www.hnhlcranes.com\/wp-content\/uploads\/2024\/10\/Crane-pulley-block-7-1024x479.png 1024w, https:\/\/www.hnhlcranes.com\/wp-content\/uploads\/2024\/10\/Crane-pulley-block-7-768x359.png 768w, https:\/\/www.hnhlcranes.com\/wp-content\/uploads\/2024\/10\/Crane-pulley-block-7-1536x719.png 1536w, https:\/\/www.hnhlcranes.com\/wp-content\/uploads\/2024\/10\/Crane-pulley-block-7-600x281.png 600w, https:\/\/www.hnhlcranes.com\/wp-content\/uploads\/2024\/10\/Crane-pulley-block-7.png 2034w\" sizes=\"(max-width: 951px) 100vw, 951px\" \/> <img decoding=\"async\" class=\"alignnone wp-image-6844\" src=\"https:\/\/www.hnhlcranes.com\/wp-content\/uploads\/2024\/10\/Crane-pulley-block-8-300x96.jpg\" alt=\"\" width=\"950\" height=\"304\" srcset=\"https:\/\/www.hnhlcranes.com\/wp-content\/uploads\/2024\/10\/Crane-pulley-block-8-300x96.jpg 300w, https:\/\/www.hnhlcranes.com\/wp-content\/uploads\/2024\/10\/Crane-pulley-block-8-1024x327.jpg 1024w, https:\/\/www.hnhlcranes.com\/wp-content\/uploads\/2024\/10\/Crane-pulley-block-8-768x245.jpg 768w, https:\/\/www.hnhlcranes.com\/wp-content\/uploads\/2024\/10\/Crane-pulley-block-8-600x192.jpg 600w, https:\/\/www.hnhlcranes.com\/wp-content\/uploads\/2024\/10\/Crane-pulley-block-8.jpg 1500w\" sizes=\"(max-width: 950px) 100vw, 950px\" \/> <img decoding=\"async\" class=\"alignnone wp-image-6845\" src=\"https:\/\/www.hnhlcranes.com\/wp-content\/uploads\/2024\/10\/Crane-pulley-block-9-300x82.jpg\" alt=\"\" width=\"951\" height=\"260\" srcset=\"https:\/\/www.hnhlcranes.com\/wp-content\/uploads\/2024\/10\/Crane-pulley-block-9-300x82.jpg 300w, https:\/\/www.hnhlcranes.com\/wp-content\/uploads\/2024\/10\/Crane-pulley-block-9-1024x279.jpg 1024w, https:\/\/www.hnhlcranes.com\/wp-content\/uploads\/2024\/10\/Crane-pulley-block-9-768x209.jpg 768w, https:\/\/www.hnhlcranes.com\/wp-content\/uploads\/2024\/10\/Crane-pulley-block-9-600x163.jpg 600w, https:\/\/www.hnhlcranes.com\/wp-content\/uploads\/2024\/10\/Crane-pulley-block-9.jpg 1500w\" sizes=\"(max-width: 951px) 100vw, 951px\" \/> <img loading=\"lazy\" decoding=\"async\" class=\"alignnone wp-image-6846\" src=\"https:\/\/www.hnhlcranes.com\/wp-content\/uploads\/2024\/10\/Crane-pulley-block-10-300x86.jpg\" alt=\"\" width=\"949\" height=\"272\" srcset=\"https:\/\/www.hnhlcranes.com\/wp-content\/uploads\/2024\/10\/Crane-pulley-block-10-300x86.jpg 300w, https:\/\/www.hnhlcranes.com\/wp-content\/uploads\/2024\/10\/Crane-pulley-block-10-1024x294.jpg 1024w, https:\/\/www.hnhlcranes.com\/wp-content\/uploads\/2024\/10\/Crane-pulley-block-10-768x220.jpg 768w, https:\/\/www.hnhlcranes.com\/wp-content\/uploads\/2024\/10\/Crane-pulley-block-10-600x172.jpg 600w, https:\/\/www.hnhlcranes.com\/wp-content\/uploads\/2024\/10\/Crane-pulley-block-10.jpg 1500w\" sizes=\"(max-width: 949px) 100vw, 949px\" \/><span style=\"font-family: var(--global-body-font-family);\">\u00a0<\/span><\/p>","protected":false},"excerpt":{"rendered":"<p><strong>Krano skriemulio bloko parametrai:<\/strong><\/p>\n<ul>\n<li><span style=\"font-size: 12pt;\"><strong>Specifikacijos<\/strong>: \u03a6250, \u03a6400, \u03a6500, \u03a6610, \u03a6710, \u03a6800, \u03a6900, \u03a61000, \u03a61200<\/span><\/li>\n<li><span style=\"font-size: 12pt;\"><strong>Skriemulio med\u017eiaga<\/strong>: HT20-40, ZG35, Q235B, Q355B<\/span><\/li>\n<li><span style=\"font-size: 12pt;\"><strong>Gamybos procesas<\/strong>: Ketaus, ketaus, plieno, valcuotos plieno plok\u0161t\u0117s<\/span><\/li>\n<li><span style=\"font-size: 12pt;\"><strong>Skriemulio griovelio dydis<\/strong>: Nustatoma pagal vielinio lyno skersmen\u012f<\/span><\/li>\n<li><span style=\"font-size: 12pt;\"><strong>Nestandartinis pritaikymas<\/strong>: Galime gaminti pagal j\u016bs\u0173 pateiktus br\u0117\u017einius<\/span><\/li>\n<\/ul>","protected":false},"featured_media":6841,"template":"","meta":{"_kad_post_transparent":"default","_kad_post_title":"","_kad_post_layout":"default","_kad_post_sidebar_id":"","_kad_post_content_style":"default","_kad_post_vertical_padding":"show","_kad_post_feature":"","_kad_post_feature_position":"","_kad_post_header":false,"_kad_post_footer":false},"product_brand":[],"product_cat":[46],"product_tag":[400,376,408,374,401,402,422,412,421,416,409,420,417,410,405,418,404,406,413,407,419,411,415,403,414],"class_list":{"0":"post-4638","1":"product","2":"type-product","3":"status-publish","4":"has-post-thumbnail","6":"product_cat-crane_hooks","7":"product_tag-bridge-crane-hook","8":"product_tag-china-crane-parts-supplier","9":"product_tag-china-standard-crane-hooks","10":"product_tag-crane-accessories","11":"product_tag-crane-hook","12":"product_tag-crane-hook-assembly","13":"product_tag-crane-hooks","14":"product_tag-crane-pulley","15":"product_tag-crane-pulley-block","16":"product_tag-crane-pulley-supplier","17":"product_tag-electric-hoist-hooks","18":"product_tag-european-crane-hook","19":"product_tag-european-hook-pulley","20":"product_tag-fem-standard-crane-hooks","21":"product_tag-forged-hooks","22":"product_tag-gantry-crane-hook-pulley","23":"product_tag-gantry-crane-hooks","24":"product_tag-hook-processing","25":"product_tag-hook-pulleys","26":"product_tag-hooks-manufacturer","27":"product_tag-overhead-crane-hook","28":"product_tag-overhead-crane-pulley","29":"product_tag-rolled-pulley","30":"product_tag-types-of-crane-hooks","31":"product_tag-wire-rope-pulley","33":"first","34":"instock","35":"featured","36":"shipping-taxable","37":"product-type-simple","38":"entry","39":"content-bg","40":"loop-entry"},"yoast_head":"<!-- This site is optimized with the Yoast SEO plugin v24.5 - https:\/\/yoast.com\/wordpress\/plugins\/seo\/ -->\n<title>Crane pulley block - Overhead crane pulley-Rolled pulley-Crane Parts Manufacturer<\/title>\n<meta name=\"description\" content=\"Crane pulley,Hook pulley, Overhead crane pulley,Rolled pulley,Crane Pulley Supplier,European hook pulley,Gantry crane hook pulley,Crane pulley block\" \/>\n<meta name=\"robots\" content=\"index, follow, max-snippet:-1, max-image-preview:large, max-video-preview:-1\" \/>\n<link rel=\"canonical\" href=\"https:\/\/www.hnhlcranes.com\/lt\/produktas\/krano-skriemulio-blokas\/\" \/>\n<meta property=\"og:locale\" content=\"lt_LT\" \/>\n<meta property=\"og:type\" content=\"article\" \/>\n<meta property=\"og:title\" content=\"Crane pulley block - Overhead crane pulley-Rolled pulley-Crane Parts Manufacturer\" \/>\n<meta property=\"og:description\" content=\"Crane pulley,Hook pulley, Overhead crane pulley,Rolled pulley,Crane Pulley Supplier,European hook pulley,Gantry crane hook pulley,Crane pulley block\" \/>\n<meta property=\"og:url\" content=\"https:\/\/www.hnhlcranes.com\/lt\/produktas\/krano-skriemulio-blokas\/\" \/>\n<meta property=\"og:site_name\" content=\"Crane Parts Manufacturer\" \/>\n<meta property=\"article:modified_time\" content=\"2025-01-05T16:09:12+00:00\" \/>\n<meta property=\"og:image\" content=\"https:\/\/www.hnhlcranes.com\/wp-content\/uploads\/2024\/10\/Crane-pulley-block.jpg\" \/>\n\t<meta property=\"og:image:width\" content=\"600\" \/>\n\t<meta property=\"og:image:height\" content=\"600\" \/>\n\t<meta property=\"og:image:type\" content=\"image\/jpeg\" \/>\n<meta name=\"twitter:card\" content=\"summary_large_image\" \/>\n<meta name=\"twitter:label1\" content=\"Est. reading time\" \/>\n\t<meta name=\"twitter:data1\" content=\"3 minut\u0117s\" \/>\n<script type=\"application\/ld+json\" class=\"yoast-schema-graph\">{\"@context\":\"https:\/\/schema.org\",\"@graph\":[{\"@type\":\"WebPage\",\"@id\":\"https:\/\/www.hnhlcranes.com\/product\/crane-pulley-block\/\",\"url\":\"https:\/\/www.hnhlcranes.com\/product\/crane-pulley-block\/\",\"name\":\"Crane pulley block - Overhead crane pulley-Rolled pulley-Crane Parts Manufacturer\",\"isPartOf\":{\"@id\":\"https:\/\/www.hnhlcranes.com\/#website\"},\"primaryImageOfPage\":{\"@id\":\"https:\/\/www.hnhlcranes.com\/product\/crane-pulley-block\/#primaryimage\"},\"image\":{\"@id\":\"https:\/\/www.hnhlcranes.com\/product\/crane-pulley-block\/#primaryimage\"},\"thumbnailUrl\":\"https:\/\/www.hnhlcranes.com\/wp-content\/uploads\/2024\/10\/Crane-pulley-block.jpg\",\"datePublished\":\"2024-10-31T15:35:21+00:00\",\"dateModified\":\"2025-01-05T16:09:12+00:00\",\"description\":\"Crane pulley,Hook pulley, Overhead crane pulley,Rolled pulley,Crane Pulley Supplier,European hook pulley,Gantry crane hook pulley,Crane pulley block\",\"breadcrumb\":{\"@id\":\"https:\/\/www.hnhlcranes.com\/product\/crane-pulley-block\/#breadcrumb\"},\"inLanguage\":\"lt-LT\",\"potentialAction\":[{\"@type\":\"ReadAction\",\"target\":[\"https:\/\/www.hnhlcranes.com\/product\/crane-pulley-block\/\"]}]},{\"@type\":\"ImageObject\",\"inLanguage\":\"lt-LT\",\"@id\":\"https:\/\/www.hnhlcranes.com\/product\/crane-pulley-block\/#primaryimage\",\"url\":\"https:\/\/www.hnhlcranes.com\/wp-content\/uploads\/2024\/10\/Crane-pulley-block.jpg\",\"contentUrl\":\"https:\/\/www.hnhlcranes.com\/wp-content\/uploads\/2024\/10\/Crane-pulley-block.jpg\",\"width\":600,\"height\":600},{\"@type\":\"BreadcrumbList\",\"@id\":\"https:\/\/www.hnhlcranes.com\/product\/crane-pulley-block\/#breadcrumb\",\"itemListElement\":[{\"@type\":\"ListItem\",\"position\":1,\"name\":\"home\",\"item\":\"https:\/\/www.hnhlcranes.com\/\"},{\"@type\":\"ListItem\",\"position\":2,\"name\":\"products\",\"item\":\"https:\/\/www.hnhlcranes.com\/products\/\"},{\"@type\":\"ListItem\",\"position\":3,\"name\":\"Crane pulley block\"}]},{\"@type\":\"WebSite\",\"@id\":\"https:\/\/www.hnhlcranes.com\/#website\",\"url\":\"https:\/\/www.hnhlcranes.com\/\",\"name\":\"Crane Parts Manufacturer\",\"description\":\"Crane Wheels,Crane Drums,Crane Hooks,Crane Coupling,Crane End Carriage,Electric Hoist,European Crane Parts,Crane Rail Clip,Crane Spreader,Crane Motor,Crane Reducer,Crane Brake,Light Crane Parts,Workstation Crane Parts,Crane Electrical Parts,China Crane Parts Supplier,China Crane Parts Manufacturer,Angle box type crane wheel,45 degree split crane wheel,European crane wheel,Crane Wheel Blocks,Overhead crane drum,European crane drum,Overhead crane hook,European crane hook,Crane pulley block,Gear coupling,Brake wheel coupling,Drum gear coupling,Brake wheel drum gear coupling,Cardan Shaft Coupling,WZL drum coupling,Plum blossom elastic coupling,Brake wheel plum elastic coupling,European Single girder crane end carriage,European Double girder crane end carriage,European Suspension  crane end carriage,Wire Rope Electric Hoist,Electric Chain Hoist,European Single Girder Wire Rope Electric Hoist,European Double Girder Wire Rope Electric Hoist,Crane grab,Container spreader,Billet crane clamps,C-type hook,Lifting Electromagnet,YZR crane motor,YZP crane motor,ZQ Reducer,ZSC Reducer,QJ Reducer,QJ-L Reducer,QJY Reducer,H series gearbox,F Series Gear Motor,K Series Gear Motor,R Series Gear Motor,travelling machinery gear motor,Electro hydraulic drum brake,Electro hydraulic disc brake,Crane Safety brake,Crane cable trolley,Crane remote controller,Crane pendant controller,Crane electrical control cabinet,Crane limit switch,Crane sound and light alarm,Heavy Duty Aviation Connector,Crane overload limiter\",\"publisher\":{\"@id\":\"https:\/\/www.hnhlcranes.com\/#organization\"},\"potentialAction\":[{\"@type\":\"SearchAction\",\"target\":{\"@type\":\"EntryPoint\",\"urlTemplate\":\"https:\/\/www.hnhlcranes.com\/?s={search_term_string}\"},\"query-input\":{\"@type\":\"PropertyValueSpecification\",\"valueRequired\":true,\"valueName\":\"search_term_string\"}}],\"inLanguage\":\"lt-LT\"},{\"@type\":\"Organization\",\"@id\":\"https:\/\/www.hnhlcranes.com\/#organization\",\"name\":\"Crane Parts Manufacturer\",\"url\":\"https:\/\/www.hnhlcranes.com\/\",\"logo\":{\"@type\":\"ImageObject\",\"inLanguage\":\"lt-LT\",\"@id\":\"https:\/\/www.hnhlcranes.com\/#\/schema\/logo\/image\/\",\"url\":\"https:\/\/www.hnhlcranes.com\/wp-content\/uploads\/2025\/01\/HL-logo-1.png\",\"contentUrl\":\"https:\/\/www.hnhlcranes.com\/wp-content\/uploads\/2025\/01\/HL-logo-1.png\",\"width\":600,\"height\":169,\"caption\":\"Crane Parts Manufacturer\"},\"image\":{\"@id\":\"https:\/\/www.hnhlcranes.com\/#\/schema\/logo\/image\/\"}}]}<\/script>\n<!-- \/ Yoast SEO plugin. -->","yoast_head_json":{"title":"Crane pulley block - Overhead crane pulley-Rolled pulley-Crane Parts Manufacturer","description":"Crane pulley,Hook pulley, Overhead crane pulley,Rolled pulley,Crane Pulley Supplier,European hook pulley,Gantry crane hook pulley,Crane pulley block","robots":{"index":"index","follow":"follow","max-snippet":"max-snippet:-1","max-image-preview":"max-image-preview:large","max-video-preview":"max-video-preview:-1"},"canonical":"https:\/\/www.hnhlcranes.com\/lt\/produktas\/krano-skriemulio-blokas\/","og_locale":"lt_LT","og_type":"article","og_title":"Crane pulley block - Overhead crane pulley-Rolled pulley-Crane Parts Manufacturer","og_description":"Crane pulley,Hook pulley, Overhead crane pulley,Rolled pulley,Crane Pulley Supplier,European hook pulley,Gantry crane hook pulley,Crane pulley block","og_url":"https:\/\/www.hnhlcranes.com\/lt\/produktas\/krano-skriemulio-blokas\/","og_site_name":"Crane Parts Manufacturer","article_modified_time":"2025-01-05T16:09:12+00:00","og_image":[{"width":600,"height":600,"url":"https:\/\/www.hnhlcranes.com\/wp-content\/uploads\/2024\/10\/Crane-pulley-block.jpg","type":"image\/jpeg"}],"twitter_card":"summary_large_image","twitter_misc":{"Est. reading time":"3 minut\u0117s"},"schema":{"@context":"https:\/\/schema.org","@graph":[{"@type":"WebPage","@id":"https:\/\/www.hnhlcranes.com\/product\/crane-pulley-block\/","url":"https:\/\/www.hnhlcranes.com\/product\/crane-pulley-block\/","name":"Crane pulley block - Overhead crane pulley-Rolled pulley-Crane Parts Manufacturer","isPartOf":{"@id":"https:\/\/www.hnhlcranes.com\/#website"},"primaryImageOfPage":{"@id":"https:\/\/www.hnhlcranes.com\/product\/crane-pulley-block\/#primaryimage"},"image":{"@id":"https:\/\/www.hnhlcranes.com\/product\/crane-pulley-block\/#primaryimage"},"thumbnailUrl":"https:\/\/www.hnhlcranes.com\/wp-content\/uploads\/2024\/10\/Crane-pulley-block.jpg","datePublished":"2024-10-31T15:35:21+00:00","dateModified":"2025-01-05T16:09:12+00:00","description":"Crane pulley,Hook pulley, Overhead crane pulley,Rolled pulley,Crane Pulley Supplier,European hook pulley,Gantry crane hook pulley,Crane pulley block","breadcrumb":{"@id":"https:\/\/www.hnhlcranes.com\/product\/crane-pulley-block\/#breadcrumb"},"inLanguage":"lt-LT","potentialAction":[{"@type":"ReadAction","target":["https:\/\/www.hnhlcranes.com\/product\/crane-pulley-block\/"]}]},{"@type":"ImageObject","inLanguage":"lt-LT","@id":"https:\/\/www.hnhlcranes.com\/product\/crane-pulley-block\/#primaryimage","url":"https:\/\/www.hnhlcranes.com\/wp-content\/uploads\/2024\/10\/Crane-pulley-block.jpg","contentUrl":"https:\/\/www.hnhlcranes.com\/wp-content\/uploads\/2024\/10\/Crane-pulley-block.jpg","width":600,"height":600},{"@type":"BreadcrumbList","@id":"https:\/\/www.hnhlcranes.com\/product\/crane-pulley-block\/#breadcrumb","itemListElement":[{"@type":"ListItem","position":1,"name":"home","item":"https:\/\/www.hnhlcranes.com\/"},{"@type":"ListItem","position":2,"name":"products","item":"https:\/\/www.hnhlcranes.com\/products\/"},{"@type":"ListItem","position":3,"name":"Crane pulley block"}]},{"@type":"WebSite","@id":"https:\/\/www.hnhlcranes.com\/#website","url":"https:\/\/www.hnhlcranes.com\/","name":"Crane Parts Manufacturer","description":"Crane Wheels,Crane Drums,Crane Hooks,Crane Coupling,Crane End Carriage,Electric Hoist,European Crane Parts,Crane Rail Clip,Crane Spreader,Crane Motor,Crane Reducer,Crane Brake,Light Crane Parts,Workstation Crane Parts,Crane Electrical Parts,China Crane Parts Supplier,China Crane Parts Manufacturer,Angle box type crane wheel,45 degree split crane wheel,European crane wheel,Crane Wheel Blocks,Overhead crane drum,European crane drum,Overhead crane hook,European crane hook,Crane pulley block,Gear coupling,Brake wheel coupling,Drum gear coupling,Brake wheel drum gear coupling,Cardan Shaft Coupling,WZL drum coupling,Plum blossom elastic coupling,Brake wheel plum elastic coupling,European Single girder crane end carriage,European Double girder crane end carriage,European Suspension  crane end carriage,Wire Rope Electric Hoist,Electric Chain Hoist,European Single Girder Wire Rope Electric Hoist,European Double Girder Wire Rope Electric Hoist,Crane grab,Container spreader,Billet crane clamps,C-type hook,Lifting Electromagnet,YZR crane motor,YZP crane motor,ZQ Reducer,ZSC Reducer,QJ Reducer,QJ-L Reducer,QJY Reducer,H series gearbox,F Series Gear Motor,K Series Gear Motor,R Series Gear Motor,travelling machinery gear motor,Electro hydraulic drum brake,Electro hydraulic disc brake,Crane Safety brake,Crane cable trolley,Crane remote controller,Crane pendant controller,Crane electrical control cabinet,Crane limit switch,Crane sound and light alarm,Heavy Duty Aviation Connector,Crane overload limiter","publisher":{"@id":"https:\/\/www.hnhlcranes.com\/#organization"},"potentialAction":[{"@type":"SearchAction","target":{"@type":"EntryPoint","urlTemplate":"https:\/\/www.hnhlcranes.com\/?s={search_term_string}"},"query-input":{"@type":"PropertyValueSpecification","valueRequired":true,"valueName":"search_term_string"}}],"inLanguage":"lt-LT"},{"@type":"Organization","@id":"https:\/\/www.hnhlcranes.com\/#organization","name":"Crane Parts Manufacturer","url":"https:\/\/www.hnhlcranes.com\/","logo":{"@type":"ImageObject","inLanguage":"lt-LT","@id":"https:\/\/www.hnhlcranes.com\/#\/schema\/logo\/image\/","url":"https:\/\/www.hnhlcranes.com\/wp-content\/uploads\/2025\/01\/HL-logo-1.png","contentUrl":"https:\/\/www.hnhlcranes.com\/wp-content\/uploads\/2025\/01\/HL-logo-1.png","width":600,"height":169,"caption":"Crane Parts Manufacturer"},"image":{"@id":"https:\/\/www.hnhlcranes.com\/#\/schema\/logo\/image\/"}}]}},"_links":{"self":[{"href":"https:\/\/www.hnhlcranes.com\/lt\/wp-json\/wp\/v2\/product\/4638","targetHints":{"allow":["GET"]}}],"collection":[{"href":"https:\/\/www.hnhlcranes.com\/lt\/wp-json\/wp\/v2\/product"}],"about":[{"href":"https:\/\/www.hnhlcranes.com\/lt\/wp-json\/wp\/v2\/types\/product"}],"version-history":[{"count":4,"href":"https:\/\/www.hnhlcranes.com\/lt\/wp-json\/wp\/v2\/product\/4638\/revisions"}],"predecessor-version":[{"id":6848,"href":"https:\/\/www.hnhlcranes.com\/lt\/wp-json\/wp\/v2\/product\/4638\/revisions\/6848"}],"wp:featuredmedia":[{"embeddable":true,"href":"https:\/\/www.hnhlcranes.com\/lt\/wp-json\/wp\/v2\/media\/6841"}],"wp:attachment":[{"href":"https:\/\/www.hnhlcranes.com\/lt\/wp-json\/wp\/v2\/media?parent=4638"}],"wp:term":[{"taxonomy":"product_brand","embeddable":true,"href":"https:\/\/www.hnhlcranes.com\/lt\/wp-json\/wp\/v2\/product_brand?post=4638"},{"taxonomy":"product_cat","embeddable":true,"href":"https:\/\/www.hnhlcranes.com\/lt\/wp-json\/wp\/v2\/product_cat?post=4638"},{"taxonomy":"product_tag","embeddable":true,"href":"https:\/\/www.hnhlcranes.com\/lt\/wp-json\/wp\/v2\/product_tag?post=4638"}],"curies":[{"name":"wp","href":"https:\/\/api.w.org\/{rel}","templated":true}]}}