{"id":4896,"date":"2024-11-08T15:16:00","date_gmt":"2024-11-08T07:16:00","guid":{"rendered":"https:\/\/www.hnhlcranes.com\/?post_type=product&#038;p=4896"},"modified":"2025-01-06T00:42:42","modified_gmt":"2025-01-05T16:42:42","slug":"krumpliaratine-jungtis","status":"publish","type":"product","link":"https:\/\/www.hnhlcranes.com\/lt\/produktas\/krumpliaratine-jungtis\/","title":{"rendered":"Krumpliaratin\u0117 jungtis"},"content":{"rendered":"<div class=\"flex max-w-full flex-col flex-grow\">\n<div class=\"min-h-8 text-message flex w-full flex-col items-end gap-2 whitespace-normal break-words [.text-message+&amp;]:mt-5\" dir=\"auto\" data-message-author-role=\"assistant\" data-message-id=\"41acb770-e85a-4730-8533-81f9699d1e74\" data-message-model-slug=\"gpt-4o\">\n<div class=\"flex w-full flex-col gap-1 empty:hidden first:pt-[3px]\">\n<div class=\"markdown prose w-full break-words dark:prose-invert light\">\n<p>A <strong>Krumpliaratin\u0117 jungtis<\/strong> tai mechanin\u0117se pavaros sistemose paprastai naudojama dviej\u0173 velen\u0173 jungtis, kuria sujungiami du velenai ir perduodamas sukimo momentas. Ji paprastai naudojama tose srityse, kuriose reikia didel\u0117s laikomosios galios ir tikslaus galios perdavimo.<\/p>\n<h3><strong>Krumpliaratin\u0117 jungtis <\/strong>Pagrindin\u0117s savyb\u0117s:<\/h3>\n<ol>\n<li><strong>Strukt\u016bra<\/strong>: Krumpliaratin\u0119 mov\u0105 sudaro dvi dalys, kuri\u0173 kiekviena turi krumpliara\u010dius, paprastai su vidiniais ir i\u0161oriniais dantukais, kurie tarpusavyje susikerta. \u0160ios dalys perduoda gali\u0105 per krumpliara\u010di\u0173 sukibim\u0105.<\/li>\n<li><strong>Veikimo principas<\/strong>: Krumpliaratin\u0117s movos perduoda sukimo moment\u0105 d\u0117l krumpliara\u010di\u0173 sukibimo, kartu i\u0161laikydamos tam tikr\u0105 a\u0161in\u012f, radialin\u012f ir kampin\u012f nuokryp\u012f. D\u0117l krumpliara\u010di\u0173 sukibimo sukimo momentas perduodamas stabiliau ir tiksliau.<\/li>\n<li><strong>Med\u017eiagos<\/strong>: Paprastai krumpliara\u010di\u0173 movos krumpliara\u010diai gaminami i\u0161 didelio stiprumo plieno, da\u017enai termi\u0161kai apdoroto, kad padid\u0117t\u0173 atsparumas dilimui ir tvirtumas.<\/li>\n<li><strong>Tipai<\/strong>:\n<ul>\n<li><strong>Lanks\u010dios krumpliaratin\u0117s jungtys<\/strong>: Jie leid\u017eia nedidel\u012f kampin\u012f poslink\u012f arba a\u0161in\u012f poslink\u012f tarp velen\u0173 ir da\u017eniausiai naudojami tais atvejais, kai reikia tam tikro lankstumo.<\/li>\n<li><strong>Stand\u017eiosios krumpliaratin\u0117s jungtys<\/strong>: Jie naudojami aplinkoje, kurioje nesitikima jokio nuokrypio ar poslinkio, paprastai tiksliosiose pavaros sistemose.<\/li>\n<\/ul>\n<\/li>\n<li><strong>Parai\u0161kos<\/strong>: Krumpliaratin\u0117s movos pla\u010diai naudojamos sunkiosiose ma\u0161inose, pramonin\u0117se pavaros sistemose, elektros \u012frangoje ir metalurgijos \u012frenginiuose. Jos ypa\u010d tinka didelio grei\u010dio, didelio sukimo momento ir dideli\u0173 apkrov\u0173 aplinkoje, kur krumpliaratin\u0117s movos u\u017etikrina geresnes galios perdavimo charakteristikas.<\/li>\n<\/ol>\n<h3>Privalumai:<\/h3>\n<ul>\n<li><strong>Didelio sukimo momento perdavimo paj\u0117gumas<\/strong>: Krumpliaratin\u0117s movos gali atlaikyti didesn\u012f sukimo moment\u0105, tod\u0117l idealiai tinka didel\u0117s apkrovos transmisijoms.<\/li>\n<li><strong>Didelis tikslumas<\/strong>: Tikslus krumpliara\u010di\u0173 sujungimas u\u017etikrina skland\u0173 ir tiksl\u0173 galios perdavim\u0105.<\/li>\n<li><strong>Patvarumas<\/strong>: D\u0117l krumpliara\u010di\u0173 kietumo ir atsparumo dilimui krumpliaratin\u0117s movos tarnauja ilgiau.<\/li>\n<\/ul>\n<h3>Tr\u016bkumai:<\/h3>\n<ul>\n<li><strong>Santykinai auk\u0161tas triuk\u0161mo lygis<\/strong>: D\u0117l krumpliara\u010di\u0173 sujungimo gali kilti daugiau triuk\u0161mo, palyginti su kit\u0173 tip\u0173 jungtimis.<\/li>\n<li><strong>Tepimo reikalavimai<\/strong>: Kad krumpliaratin\u0117s jungties krumpliara\u010diai pernelyg nenusid\u0117v\u0117t\u0173, juos paprastai reikia reguliariai tepti.<\/li>\n<\/ul>\n<p>Apskritai krumpliaratin\u0117s movos yra veiksmingos, patvarios ir gali atlaikyti dideles apkrovas. Jos da\u017eniausiai naudojamos pramon\u0117je ir sunkiojoje technikoje.<\/p>\n<\/div>\n<\/div>\n<\/div>\n<\/div>\n<p><img fetchpriority=\"high\" decoding=\"async\" class=\"alignnone wp-image-6866\" src=\"https:\/\/www.hnhlcranes.com\/wp-content\/uploads\/2024\/11\/Gear-coupling-7-222x300.jpg\" alt=\"\" width=\"949\" height=\"1282\" srcset=\"https:\/\/www.hnhlcranes.com\/wp-content\/uploads\/2024\/11\/Gear-coupling-7-222x300.jpg 222w, https:\/\/www.hnhlcranes.com\/wp-content\/uploads\/2024\/11\/Gear-coupling-7-759x1024.jpg 759w, https:\/\/www.hnhlcranes.com\/wp-content\/uploads\/2024\/11\/Gear-coupling-7-768x1036.jpg 768w\" sizes=\"(max-width: 949px) 100vw, 949px\" \/><\/p>\n<p><img decoding=\"async\" class=\"alignnone wp-image-6859\" src=\"https:\/\/www.hnhlcranes.com\/wp-content\/uploads\/2024\/11\/Gear-coupling-8-216x300.jpg\" alt=\"\" width=\"950\" height=\"1319\" srcset=\"https:\/\/www.hnhlcranes.com\/wp-content\/uploads\/2024\/11\/Gear-coupling-8-216x300.jpg 216w, https:\/\/www.hnhlcranes.com\/wp-content\/uploads\/2024\/11\/Gear-coupling-8-600x834.jpg 600w\" sizes=\"(max-width: 950px) 100vw, 950px\" \/><\/p>\n<p><span style=\"font-family: var(--global-body-font-family);\">\u00a0<\/span><span style=\"font-family: var(--global-body-font-family);\"> <img decoding=\"async\" class=\"alignnone wp-image-6860\" src=\"https:\/\/www.hnhlcranes.com\/wp-content\/uploads\/2024\/11\/Gear-coupling-9-219x300.jpg\" alt=\"\" width=\"951\" height=\"1303\" srcset=\"https:\/\/www.hnhlcranes.com\/wp-content\/uploads\/2024\/11\/Gear-coupling-9-219x300.jpg 219w, https:\/\/www.hnhlcranes.com\/wp-content\/uploads\/2024\/11\/Gear-coupling-9-748x1024.jpg 748w, https:\/\/www.hnhlcranes.com\/wp-content\/uploads\/2024\/11\/Gear-coupling-9-768x1051.jpg 768w, https:\/\/www.hnhlcranes.com\/wp-content\/uploads\/2024\/11\/Gear-coupling-9-600x821.jpg 600w\" sizes=\"(max-width: 951px) 100vw, 951px\" \/><\/span><\/p>\n<p><img loading=\"lazy\" decoding=\"async\" class=\"alignnone wp-image-6861\" src=\"https:\/\/www.hnhlcranes.com\/wp-content\/uploads\/2024\/11\/Gear-coupling-10-227x300.jpg\" alt=\"\" width=\"951\" height=\"1257\" srcset=\"https:\/\/www.hnhlcranes.com\/wp-content\/uploads\/2024\/11\/Gear-coupling-10-227x300.jpg 227w, https:\/\/www.hnhlcranes.com\/wp-content\/uploads\/2024\/11\/Gear-coupling-10-775x1024.jpg 775w, https:\/\/www.hnhlcranes.com\/wp-content\/uploads\/2024\/11\/Gear-coupling-10-768x1015.jpg 768w, https:\/\/www.hnhlcranes.com\/wp-content\/uploads\/2024\/11\/Gear-coupling-10-600x793.jpg 600w, https:\/\/www.hnhlcranes.com\/wp-content\/uploads\/2024\/11\/Gear-coupling-10.jpg 950w\" sizes=\"(max-width: 951px) 100vw, 951px\" \/><\/p>","protected":false},"excerpt":{"rendered":"<p><strong>Krumpliaratin\u0117s movos Parametrai:<\/strong><\/p>\n<ul>\n<li><strong>Did\u017eiausias leistinas sukimo momentas:<\/strong> Nuo 710 Nm iki 1 000 000 Nm<\/li>\n<li><strong>Did\u017eiausias greitis:<\/strong> nuo 7100 iki 700 aps\/min.<\/li>\n<li><strong>Movos med\u017eiaga:<\/strong> ZG430-640, 45 plieno<\/li>\n<li><strong>Jung\u010di\u0173 tipai:<\/strong> Viso danties jungtys ir pusiau dantytos jungtys<\/li>\n<li><strong>Pasirinktin\u0117s parinktys:<\/strong> Galite pateikti savo br\u0117\u017einius, o mes pagaminsime pagal nurodytus matmenis.<\/li>\n<\/ul>","protected":false},"featured_media":6856,"template":"","meta":{"_kad_post_transparent":"default","_kad_post_title":"","_kad_post_layout":"default","_kad_post_sidebar_id":"","_kad_post_content_style":"default","_kad_post_vertical_padding":"show","_kad_post_feature":"","_kad_post_feature_position":"","_kad_post_header":false,"_kad_post_footer":false},"product_brand":[],"product_cat":[54],"product_tag":[425,427,431,439,428,376,438,374,432,424,433,373,436,426,437,423,430,435,434,429],"class_list":{"0":"post-4896","1":"product","2":"type-product","3":"status-publish","4":"has-post-thumbnail","6":"product_cat-crane-coupling","7":"product_tag-brake-wheel-coupling","8":"product_tag-brake-wheel-drum-gear-coupling","9":"product_tag-brake-wheel-plum-elastic-coupling","10":"product_tag-cardan-coupling","11":"product_tag-cardan-shaft-coupling","12":"product_tag-china-crane-parts-supplier","13":"product_tag-coupling-manufacturer","14":"product_tag-crane-accessories","15":"product_tag-crane-brake-wheel-coupling","16":"product_tag-crane-coupling","17":"product_tag-crane-gear-couplings","18":"product_tag-crane-parts","19":"product_tag-disc-couplings","20":"product_tag-drum-gear-coupling","21":"product_tag-fluid-couplings","22":"product_tag-gear-coupling","23":"product_tag-plum-blossom-elastic-coupling","24":"product_tag-power-transmission-couplings","25":"product_tag-shaft-couplings","26":"product_tag-wzl-drum-coupling","28":"first","29":"instock","30":"shipping-taxable","31":"product-type-simple","32":"entry","33":"content-bg","34":"loop-entry"},"yoast_head":"<!-- This site is optimized with the Yoast SEO plugin v24.5 - https:\/\/yoast.com\/wordpress\/plugins\/seo\/ -->\n<title>Gear coupling - Crane gear couplings-Crane Coupling-Crane Parts Manufacturer<\/title>\n<meta name=\"description\" content=\"Crane brake wheel coupling,Crane gear couplings,Crane Coupling,Fluid couplings,Crane parts,Crane accessories,Coupling manufacturer,Cardan coupling\" \/>\n<meta name=\"robots\" content=\"index, follow, max-snippet:-1, max-image-preview:large, max-video-preview:-1\" \/>\n<link rel=\"canonical\" href=\"https:\/\/www.hnhlcranes.com\/lt\/produktas\/krumpliaratine-jungtis\/\" \/>\n<meta property=\"og:locale\" content=\"lt_LT\" \/>\n<meta property=\"og:type\" content=\"article\" \/>\n<meta property=\"og:title\" content=\"Gear coupling - Crane gear couplings-Crane Coupling-Crane Parts Manufacturer\" \/>\n<meta property=\"og:description\" content=\"Crane brake wheel coupling,Crane gear couplings,Crane Coupling,Fluid couplings,Crane parts,Crane accessories,Coupling manufacturer,Cardan coupling\" \/>\n<meta property=\"og:url\" content=\"https:\/\/www.hnhlcranes.com\/lt\/produktas\/krumpliaratine-jungtis\/\" \/>\n<meta property=\"og:site_name\" content=\"Crane Parts Manufacturer\" \/>\n<meta property=\"article:modified_time\" content=\"2025-01-05T16:42:42+00:00\" \/>\n<meta property=\"og:image\" content=\"https:\/\/www.hnhlcranes.com\/wp-content\/uploads\/2024\/11\/Gear-coupling.jpg\" \/>\n\t<meta property=\"og:image:width\" content=\"600\" \/>\n\t<meta property=\"og:image:height\" content=\"600\" \/>\n\t<meta property=\"og:image:type\" content=\"image\/jpeg\" \/>\n<meta name=\"twitter:card\" content=\"summary_large_image\" \/>\n<meta name=\"twitter:label1\" content=\"Est. reading time\" \/>\n\t<meta name=\"twitter:data1\" content=\"3 minut\u0117s\" \/>\n<script type=\"application\/ld+json\" class=\"yoast-schema-graph\">{\"@context\":\"https:\/\/schema.org\",\"@graph\":[{\"@type\":\"WebPage\",\"@id\":\"https:\/\/www.hnhlcranes.com\/product\/gear-coupling\/\",\"url\":\"https:\/\/www.hnhlcranes.com\/product\/gear-coupling\/\",\"name\":\"Gear coupling - Crane gear couplings-Crane Coupling-Crane Parts Manufacturer\",\"isPartOf\":{\"@id\":\"https:\/\/www.hnhlcranes.com\/#website\"},\"primaryImageOfPage\":{\"@id\":\"https:\/\/www.hnhlcranes.com\/product\/gear-coupling\/#primaryimage\"},\"image\":{\"@id\":\"https:\/\/www.hnhlcranes.com\/product\/gear-coupling\/#primaryimage\"},\"thumbnailUrl\":\"https:\/\/www.hnhlcranes.com\/wp-content\/uploads\/2024\/11\/Gear-coupling.jpg\",\"datePublished\":\"2024-11-08T07:16:00+00:00\",\"dateModified\":\"2025-01-05T16:42:42+00:00\",\"description\":\"Crane brake wheel coupling,Crane gear couplings,Crane Coupling,Fluid couplings,Crane parts,Crane accessories,Coupling manufacturer,Cardan coupling\",\"breadcrumb\":{\"@id\":\"https:\/\/www.hnhlcranes.com\/product\/gear-coupling\/#breadcrumb\"},\"inLanguage\":\"lt-LT\",\"potentialAction\":[{\"@type\":\"ReadAction\",\"target\":[\"https:\/\/www.hnhlcranes.com\/product\/gear-coupling\/\"]}]},{\"@type\":\"ImageObject\",\"inLanguage\":\"lt-LT\",\"@id\":\"https:\/\/www.hnhlcranes.com\/product\/gear-coupling\/#primaryimage\",\"url\":\"https:\/\/www.hnhlcranes.com\/wp-content\/uploads\/2024\/11\/Gear-coupling.jpg\",\"contentUrl\":\"https:\/\/www.hnhlcranes.com\/wp-content\/uploads\/2024\/11\/Gear-coupling.jpg\",\"width\":600,\"height\":600},{\"@type\":\"BreadcrumbList\",\"@id\":\"https:\/\/www.hnhlcranes.com\/product\/gear-coupling\/#breadcrumb\",\"itemListElement\":[{\"@type\":\"ListItem\",\"position\":1,\"name\":\"home\",\"item\":\"https:\/\/www.hnhlcranes.com\/\"},{\"@type\":\"ListItem\",\"position\":2,\"name\":\"products\",\"item\":\"https:\/\/www.hnhlcranes.com\/products\/\"},{\"@type\":\"ListItem\",\"position\":3,\"name\":\"Gear coupling\"}]},{\"@type\":\"WebSite\",\"@id\":\"https:\/\/www.hnhlcranes.com\/#website\",\"url\":\"https:\/\/www.hnhlcranes.com\/\",\"name\":\"Crane Parts Manufacturer\",\"description\":\"Crane Wheels,Crane Drums,Crane Hooks,Crane Coupling,Crane End Carriage,Electric Hoist,European Crane Parts,Crane Rail Clip,Crane Spreader,Crane Motor,Crane Reducer,Crane Brake,Light Crane Parts,Workstation Crane Parts,Crane Electrical Parts,China Crane Parts Supplier,China Crane Parts Manufacturer,Angle box type crane wheel,45 degree split crane wheel,European crane wheel,Crane Wheel Blocks,Overhead crane drum,European crane drum,Overhead crane hook,European crane hook,Crane pulley block,Gear coupling,Brake wheel coupling,Drum gear coupling,Brake wheel drum gear coupling,Cardan Shaft Coupling,WZL drum coupling,Plum blossom elastic coupling,Brake wheel plum elastic coupling,European Single girder crane end carriage,European Double girder crane end carriage,European Suspension  crane end carriage,Wire Rope Electric Hoist,Electric Chain Hoist,European Single Girder Wire Rope Electric Hoist,European Double Girder Wire Rope Electric Hoist,Crane grab,Container spreader,Billet crane clamps,C-type hook,Lifting Electromagnet,YZR crane motor,YZP crane motor,ZQ Reducer,ZSC Reducer,QJ Reducer,QJ-L Reducer,QJY Reducer,H series gearbox,F Series Gear Motor,K Series Gear Motor,R Series Gear Motor,travelling machinery gear motor,Electro hydraulic drum brake,Electro hydraulic disc brake,Crane Safety brake,Crane cable trolley,Crane remote controller,Crane pendant controller,Crane electrical control cabinet,Crane limit switch,Crane sound and light alarm,Heavy Duty Aviation Connector,Crane overload limiter\",\"publisher\":{\"@id\":\"https:\/\/www.hnhlcranes.com\/#organization\"},\"potentialAction\":[{\"@type\":\"SearchAction\",\"target\":{\"@type\":\"EntryPoint\",\"urlTemplate\":\"https:\/\/www.hnhlcranes.com\/?s={search_term_string}\"},\"query-input\":{\"@type\":\"PropertyValueSpecification\",\"valueRequired\":true,\"valueName\":\"search_term_string\"}}],\"inLanguage\":\"lt-LT\"},{\"@type\":\"Organization\",\"@id\":\"https:\/\/www.hnhlcranes.com\/#organization\",\"name\":\"Crane Parts Manufacturer\",\"url\":\"https:\/\/www.hnhlcranes.com\/\",\"logo\":{\"@type\":\"ImageObject\",\"inLanguage\":\"lt-LT\",\"@id\":\"https:\/\/www.hnhlcranes.com\/#\/schema\/logo\/image\/\",\"url\":\"https:\/\/www.hnhlcranes.com\/wp-content\/uploads\/2025\/01\/HL-logo-1.png\",\"contentUrl\":\"https:\/\/www.hnhlcranes.com\/wp-content\/uploads\/2025\/01\/HL-logo-1.png\",\"width\":600,\"height\":169,\"caption\":\"Crane Parts Manufacturer\"},\"image\":{\"@id\":\"https:\/\/www.hnhlcranes.com\/#\/schema\/logo\/image\/\"}}]}<\/script>\n<!-- \/ Yoast SEO plugin. -->","yoast_head_json":{"title":"Gear coupling - Crane gear couplings-Crane Coupling-Crane Parts Manufacturer","description":"Crane brake wheel coupling,Crane gear couplings,Crane Coupling,Fluid couplings,Crane parts,Crane accessories,Coupling manufacturer,Cardan coupling","robots":{"index":"index","follow":"follow","max-snippet":"max-snippet:-1","max-image-preview":"max-image-preview:large","max-video-preview":"max-video-preview:-1"},"canonical":"https:\/\/www.hnhlcranes.com\/lt\/produktas\/krumpliaratine-jungtis\/","og_locale":"lt_LT","og_type":"article","og_title":"Gear coupling - Crane gear couplings-Crane Coupling-Crane Parts Manufacturer","og_description":"Crane brake wheel coupling,Crane gear couplings,Crane Coupling,Fluid couplings,Crane parts,Crane accessories,Coupling manufacturer,Cardan coupling","og_url":"https:\/\/www.hnhlcranes.com\/lt\/produktas\/krumpliaratine-jungtis\/","og_site_name":"Crane Parts Manufacturer","article_modified_time":"2025-01-05T16:42:42+00:00","og_image":[{"width":600,"height":600,"url":"https:\/\/www.hnhlcranes.com\/wp-content\/uploads\/2024\/11\/Gear-coupling.jpg","type":"image\/jpeg"}],"twitter_card":"summary_large_image","twitter_misc":{"Est. reading time":"3 minut\u0117s"},"schema":{"@context":"https:\/\/schema.org","@graph":[{"@type":"WebPage","@id":"https:\/\/www.hnhlcranes.com\/product\/gear-coupling\/","url":"https:\/\/www.hnhlcranes.com\/product\/gear-coupling\/","name":"Gear coupling - Crane gear couplings-Crane Coupling-Crane Parts Manufacturer","isPartOf":{"@id":"https:\/\/www.hnhlcranes.com\/#website"},"primaryImageOfPage":{"@id":"https:\/\/www.hnhlcranes.com\/product\/gear-coupling\/#primaryimage"},"image":{"@id":"https:\/\/www.hnhlcranes.com\/product\/gear-coupling\/#primaryimage"},"thumbnailUrl":"https:\/\/www.hnhlcranes.com\/wp-content\/uploads\/2024\/11\/Gear-coupling.jpg","datePublished":"2024-11-08T07:16:00+00:00","dateModified":"2025-01-05T16:42:42+00:00","description":"Crane brake wheel coupling,Crane gear couplings,Crane Coupling,Fluid couplings,Crane parts,Crane accessories,Coupling manufacturer,Cardan coupling","breadcrumb":{"@id":"https:\/\/www.hnhlcranes.com\/product\/gear-coupling\/#breadcrumb"},"inLanguage":"lt-LT","potentialAction":[{"@type":"ReadAction","target":["https:\/\/www.hnhlcranes.com\/product\/gear-coupling\/"]}]},{"@type":"ImageObject","inLanguage":"lt-LT","@id":"https:\/\/www.hnhlcranes.com\/product\/gear-coupling\/#primaryimage","url":"https:\/\/www.hnhlcranes.com\/wp-content\/uploads\/2024\/11\/Gear-coupling.jpg","contentUrl":"https:\/\/www.hnhlcranes.com\/wp-content\/uploads\/2024\/11\/Gear-coupling.jpg","width":600,"height":600},{"@type":"BreadcrumbList","@id":"https:\/\/www.hnhlcranes.com\/product\/gear-coupling\/#breadcrumb","itemListElement":[{"@type":"ListItem","position":1,"name":"home","item":"https:\/\/www.hnhlcranes.com\/"},{"@type":"ListItem","position":2,"name":"products","item":"https:\/\/www.hnhlcranes.com\/products\/"},{"@type":"ListItem","position":3,"name":"Gear coupling"}]},{"@type":"WebSite","@id":"https:\/\/www.hnhlcranes.com\/#website","url":"https:\/\/www.hnhlcranes.com\/","name":"Crane Parts Manufacturer","description":"Crane Wheels,Crane Drums,Crane Hooks,Crane Coupling,Crane End Carriage,Electric Hoist,European Crane Parts,Crane Rail Clip,Crane Spreader,Crane Motor,Crane Reducer,Crane Brake,Light Crane Parts,Workstation Crane Parts,Crane Electrical Parts,China Crane Parts Supplier,China Crane Parts Manufacturer,Angle box type crane wheel,45 degree split crane wheel,European crane wheel,Crane Wheel Blocks,Overhead crane drum,European crane drum,Overhead crane hook,European crane hook,Crane pulley block,Gear coupling,Brake wheel coupling,Drum gear coupling,Brake wheel drum gear coupling,Cardan Shaft Coupling,WZL drum coupling,Plum blossom elastic coupling,Brake wheel plum elastic coupling,European Single girder crane end carriage,European Double girder crane end carriage,European Suspension  crane end carriage,Wire Rope Electric Hoist,Electric Chain Hoist,European Single Girder Wire Rope Electric Hoist,European Double Girder Wire Rope Electric Hoist,Crane grab,Container spreader,Billet crane clamps,C-type hook,Lifting Electromagnet,YZR crane motor,YZP crane motor,ZQ Reducer,ZSC Reducer,QJ Reducer,QJ-L Reducer,QJY Reducer,H series gearbox,F Series Gear Motor,K Series Gear Motor,R Series Gear Motor,travelling machinery gear motor,Electro hydraulic drum brake,Electro hydraulic disc brake,Crane Safety brake,Crane cable trolley,Crane remote controller,Crane pendant controller,Crane electrical control cabinet,Crane limit switch,Crane sound and light alarm,Heavy Duty Aviation Connector,Crane overload limiter","publisher":{"@id":"https:\/\/www.hnhlcranes.com\/#organization"},"potentialAction":[{"@type":"SearchAction","target":{"@type":"EntryPoint","urlTemplate":"https:\/\/www.hnhlcranes.com\/?s={search_term_string}"},"query-input":{"@type":"PropertyValueSpecification","valueRequired":true,"valueName":"search_term_string"}}],"inLanguage":"lt-LT"},{"@type":"Organization","@id":"https:\/\/www.hnhlcranes.com\/#organization","name":"Crane Parts Manufacturer","url":"https:\/\/www.hnhlcranes.com\/","logo":{"@type":"ImageObject","inLanguage":"lt-LT","@id":"https:\/\/www.hnhlcranes.com\/#\/schema\/logo\/image\/","url":"https:\/\/www.hnhlcranes.com\/wp-content\/uploads\/2025\/01\/HL-logo-1.png","contentUrl":"https:\/\/www.hnhlcranes.com\/wp-content\/uploads\/2025\/01\/HL-logo-1.png","width":600,"height":169,"caption":"Crane Parts Manufacturer"},"image":{"@id":"https:\/\/www.hnhlcranes.com\/#\/schema\/logo\/image\/"}}]}},"_links":{"self":[{"href":"https:\/\/www.hnhlcranes.com\/lt\/wp-json\/wp\/v2\/product\/4896","targetHints":{"allow":["GET"]}}],"collection":[{"href":"https:\/\/www.hnhlcranes.com\/lt\/wp-json\/wp\/v2\/product"}],"about":[{"href":"https:\/\/www.hnhlcranes.com\/lt\/wp-json\/wp\/v2\/types\/product"}],"version-history":[{"count":15,"href":"https:\/\/www.hnhlcranes.com\/lt\/wp-json\/wp\/v2\/product\/4896\/revisions"}],"predecessor-version":[{"id":6875,"href":"https:\/\/www.hnhlcranes.com\/lt\/wp-json\/wp\/v2\/product\/4896\/revisions\/6875"}],"wp:featuredmedia":[{"embeddable":true,"href":"https:\/\/www.hnhlcranes.com\/lt\/wp-json\/wp\/v2\/media\/6856"}],"wp:attachment":[{"href":"https:\/\/www.hnhlcranes.com\/lt\/wp-json\/wp\/v2\/media?parent=4896"}],"wp:term":[{"taxonomy":"product_brand","embeddable":true,"href":"https:\/\/www.hnhlcranes.com\/lt\/wp-json\/wp\/v2\/product_brand?post=4896"},{"taxonomy":"product_cat","embeddable":true,"href":"https:\/\/www.hnhlcranes.com\/lt\/wp-json\/wp\/v2\/product_cat?post=4896"},{"taxonomy":"product_tag","embeddable":true,"href":"https:\/\/www.hnhlcranes.com\/lt\/wp-json\/wp\/v2\/product_tag?post=4896"}],"curies":[{"name":"wp","href":"https:\/\/api.w.org\/{rel}","templated":true}]}}