{"id":5444,"date":"2024-11-25T23:42:41","date_gmt":"2024-11-25T15:42:41","guid":{"rendered":"https:\/\/www.hnhlcranes.com\/?post_type=product&#038;p=5444"},"modified":"2025-01-10T15:05:04","modified_gmt":"2025-01-10T07:05:04","slug":"konteineriu-barstytuvas","status":"publish","type":"product","link":"https:\/\/www.hnhlcranes.com\/lt\/produktas\/konteineriu-barstytuvas\/","title":{"rendered":"Konteineri\u0173 barstytuvas"},"content":{"rendered":"<h3><strong>\u012evadas \u012f konteineri\u0173 barstytuv\u0105<\/strong><\/h3>\n<p>A <strong>konteineri\u0173 barstytuvas<\/strong> tai specialiai konteineriams kelti, transportuoti ir tiksliai sud\u0117ti skirtas \u012frenginys. Jis paprastai naudojamas uosto kranuose, pavyzd\u017eiui, krantin\u0117s kranuose ir portaliniuose kranuose. Skleidiklis jungiamas prie krano kablio arba k\u0117limo lyn\u0173 ir u\u017etikrina saug\u0173 konteineri\u0173 k\u0117lim\u0105 ir tvarkym\u0105. Konteineri\u0173 skleistuvo i\u0161traukimo ir fiksavimo mechanizmai atlieka svarb\u0173 vaidmen\u012f i\u0161laikant konteineri\u0173 stabilum\u0105 ir saugum\u0105 k\u0117limo proceso metu.<\/p>\n<h3><strong>Pagrindin\u0117s funkcijos<\/strong><\/h3>\n<ul>\n<li><strong>Konteineri\u0173 k\u0117limas<\/strong>: Pagrindin\u0117 konteineri\u0173 barstytuvo funkcija - pakelti konteinerius i\u0161 krovinini\u0173 laiv\u0173 arba uosto kiem\u0173 ir gabenti juos \u012f kitas vietas. Jis jungiamas prie keturi\u0173 kampini\u0173 konteinerio liejini\u0173, taip pritvirtinant konteiner\u012f k\u0117limo operacijos metu.<\/li>\n<li><strong>Tiksli vieta<\/strong>: Konteineri\u0173 barstytuvas u\u017etikrina tiksli\u0105 konteineri\u0173 viet\u0105 juos perkeliant i\u0161 vienos vietos \u012f kit\u0105. Tai ypa\u010d svarbu atliekant uosto operacijas, kai kraunant ir i\u0161kraunant reikia didelio tikslumo. Skirstytuvas padeda i\u0161vengti konteineri\u0173 pasvirimo ar kritimo juos perkeliant.<\/li>\n<li><strong>Prat\u0119simas ir reguliavimas<\/strong>: Dauguma konteineri\u0173 barstytuv\u0173 turi i\u0161traukiam\u0105j\u0105 funkcij\u0105, leid\u017eian\u010di\u0105 reguliuoti j\u0173 plot\u012f, kad b\u016bt\u0173 galima pritaikyti skirtingo dyd\u017eio konteineriams (pvz., 20 p\u0117d\u0173, 40 p\u0117d\u0173 ar 45 p\u0117d\u0173 konteineriams). Toks pritaikomumas rei\u0161kia, kad tas pats barstytuvas gali dirbti su keli\u0173 dyd\u017ei\u0173 konteineriais, o tai padidina veiklos efektyvum\u0105.<\/li>\n<li><strong>U\u017erakinimo mechanizmas<\/strong>: Kad pak\u0117limo metu konteineris nenuslyst\u0173, konteineri\u0173 skleistuve \u012frengtas fiksavimo mechanizmas. Jis gali b\u016bti automatinis arba rankinis, o sujungus keturias kampines konteinerio liejimo detales, jos patikimai u\u017efiksuojamos ir neleid\u017eia atsitiktinai atsiskirti k\u0117limo metu.<\/li>\n<li><strong>Didesnis efektyvumas<\/strong>: Konteineri\u0173 skleistuvai suprojektuoti taip, kad juos b\u016bt\u0173 galima greitai prijungti ir atjungti, o tai padidina krano darbo efektyvum\u0105. U\u017eimtuose uostuose skleistuvai sutrumpina apyvartos laik\u0105, tod\u0117l padeda grei\u010diau tvarkyti ir gabenti krovinius.<\/li>\n<\/ul>\n<h3><strong>Pagrindiniai strukt\u016briniai komponentai<\/strong><\/h3>\n<ul>\n<li><strong>R\u0117melis<\/strong>: R\u0117mas laikosi ant visos skleistuvo konstrukcijos ir paprastai yra pagamintas i\u0161 didelio atsparumo plieno, kad atlaikyt\u0173 konteinerio svor\u012f.<\/li>\n<li><strong>Kabliukai arba k\u0117limo \u017eiedai<\/strong>: Jie sujungia skleistuv\u0105 su krano k\u0117limo sistema ir palengvina k\u0117limo operacij\u0105.<\/li>\n<li><strong>I\u0161skleid\u017eiamos rankos<\/strong>: D\u0117l i\u0161skleid\u017eiamos barstytuvo dalies j\u012f galima pritaikyti prie \u012fvairaus dyd\u017eio talpykl\u0173.<\/li>\n<li><strong>U\u017erakinimo mechanizmas<\/strong>: \u0160is mechanizmas u\u017etikrina saug\u0173 konteinerio kampini\u0173 liejini\u0173 pritvirtinim\u0105 prie skleistuvo ir neleid\u017eia konteineriui pasislinkti.<\/li>\n<li><strong>Valdymo sistema<\/strong>: \u0160iuolaikiniuose konteineri\u0173 barstytuvuose gali b\u016bti \u012fdiegtos elektronin\u0117s valdymo sistemos, kuriomis valdomos i\u0161pl\u0117timo, u\u017erakinimo ir kitos funkcijos, o kai kuriuose i\u0161 j\u0173 netgi galima valdyti nuotoliniu b\u016bdu.<\/li>\n<\/ul>\n<h3><strong>Privalumai<\/strong><\/h3>\n<ul>\n<li><strong>Didesnis efektyvumas<\/strong>: Automatin\u0117 u\u017erakinimo sistema ir greito veikimo konstrukcija gerokai padidina konteineri\u0173 tvarkymo efektyvum\u0105.<\/li>\n<li><strong>Prisitaikymas prie \u012fvairi\u0173 dyd\u017ei\u0173<\/strong>: D\u0117l i\u0161skleid\u017eiam\u0173 ranken\u0173 barstytuvas tinka \u012fvairi\u0173 dyd\u017ei\u0173 konteineriams ir yra labai universalus.<\/li>\n<li><strong>Didel\u0117 sauga<\/strong>: U\u017erakto mechanizmas u\u017etikrina, kad konteineriai i\u0161likt\u0173 stabil\u016bs ir saug\u016bs, tod\u0117l suma\u017e\u0117ja nelaiming\u0173 atsitikim\u0173 rizika.<\/li>\n<li><strong>Ma\u017eesn\u0117 rankin\u0117 intervencija<\/strong>: \u0160iuolaikiniai konteineri\u0173 barstytuvai da\u017enai turi automatines valdymo sistemas, tod\u0117l suma\u017e\u0117ja rankini\u0173 operacij\u0173 poreikis, padid\u0117ja sauga ir efektyvumas.<\/li>\n<\/ul>\n<h3><strong>I\u0161vada<\/strong><\/h3>\n<p>Apibendrinant galima teigti, kad konteineri\u0173 barstytuvas yra labai svarbi uosto, doko ir kit\u0173 konteineri\u0173 krovos operacij\u0173 \u012franga. Jis u\u017etikrina veiksming\u0105, saug\u0173 ir tiksl\u0173 konteineri\u0173 k\u0117lim\u0105 ir tvarkym\u0105. D\u0117l i\u0161traukiamumo ir fiksavimo mechanizm\u0173 jis gali b\u016bti pritaikytas \u012fvairi\u0173 dyd\u017ei\u0173 konteineriams, tod\u0117l pla\u010diai naudojamas konteineri\u0173 transportavimo, pakrovimo, i\u0161krovimo ir krovimo operacijose visame pasaulyje.<\/p>","protected":false},"excerpt":{"rendered":"<p>Konteineri\u0173 barstytuv\u0173 gamintojai, 20 p\u0117d\u0173 konteineri\u0173 barstytuvas, pusiau automatinis konteineri\u0173 barstytuvas, 40 p\u0117d\u0173 konteineri\u0173 k\u0117limo r\u0117mas, konteineri\u0173 barstytuvas<\/p>","protected":false},"featured_media":7148,"template":"","meta":{"_kad_post_transparent":"default","_kad_post_title":"","_kad_post_layout":"default","_kad_post_sidebar_id":"","_kad_post_content_style":"default","_kad_post_vertical_padding":"show","_kad_post_feature":"","_kad_post_feature_position":"","_kad_post_header":false,"_kad_post_footer":false},"product_brand":[],"product_cat":[59],"product_tag":[508,510,513,497,514,512,515,498,521,376,517,518,496,507,520,516,495,522,494,504,502,505,501,506,499,523,503,519,509,500,493,511],"class_list":{"0":"post-5444","1":"product","2":"type-product","3":"status-publish","4":"has-post-thumbnail","6":"product_cat-crane-spreader","7":"product_tag-20ft-container-spreader","8":"product_tag-40ft-container-lifting-frame","9":"product_tag-billet-clamps","10":"product_tag-billet-crane-clamp","11":"product_tag-billet-crane-clamps-manufacturer","12":"product_tag-billet-lifting-clamp","13":"product_tag-billet-lifting-clamps-china-supplier","14":"product_tag-c-type-hook","15":"product_tag-c-type-spreader","16":"product_tag-china-crane-parts-supplier","17":"product_tag-coil-c-type-hook","18":"product_tag-coil-hook","19":"product_tag-container-spreader","20":"product_tag-container-spreader-manufacturers","21":"product_tag-crane-c-hook","22":"product_tag-crane-c-type-spreader","23":"product_tag-crane-grab","24":"product_tag-crane-magnets","25":"product_tag-crane-spreader","26":"product_tag-electric-motor-grab","27":"product_tag-electro-hydraulic-multi-flap-grab","28":"product_tag-electro-hydraulicclamshell-grab","29":"product_tag-four-rope-grab","30":"product_tag-grab-manufacturers","31":"product_tag-lifting-electromagnet","32":"product_tag-lifting-electromagnet-spreader","33":"product_tag-orange-peel-grab","34":"product_tag-overhead-crane-steel-coil-c-type-hook","35":"product_tag-semi-automatic-container-spreader","36":"product_tag-singlr-rope-grab","37":"product_tag-special-crane-spreader","38":"product_tag-tec-container-spreader","40":"first","41":"instock","42":"shipping-taxable","43":"product-type-simple","44":"entry","45":"content-bg","46":"loop-entry"},"yoast_head":"<!-- This site is optimized with the Yoast SEO plugin v24.5 - https:\/\/yoast.com\/wordpress\/plugins\/seo\/ -->\n<title>Container spreader - Container spreader manufacturers- Crane Parts Manufacturer<\/title>\n<meta name=\"description\" content=\"Container spreader manufacturer,Semi Automatic container spreader,40ft Container Lifting Frame,China Crane Parts Supplier\" \/>\n<meta name=\"robots\" content=\"index, follow, max-snippet:-1, max-image-preview:large, max-video-preview:-1\" \/>\n<link rel=\"canonical\" href=\"https:\/\/www.hnhlcranes.com\/lt\/produktas\/konteineriu-barstytuvas\/\" \/>\n<meta property=\"og:locale\" content=\"lt_LT\" \/>\n<meta property=\"og:type\" content=\"article\" \/>\n<meta property=\"og:title\" content=\"Container spreader - Container spreader manufacturers- Crane Parts Manufacturer\" \/>\n<meta property=\"og:description\" content=\"Container spreader manufacturer,Semi Automatic container spreader,40ft Container Lifting Frame,China Crane Parts Supplier\" \/>\n<meta property=\"og:url\" content=\"https:\/\/www.hnhlcranes.com\/lt\/produktas\/konteineriu-barstytuvas\/\" \/>\n<meta property=\"og:site_name\" content=\"Crane Parts Manufacturer\" \/>\n<meta property=\"article:modified_time\" content=\"2025-01-10T07:05:04+00:00\" \/>\n<meta property=\"og:image\" content=\"https:\/\/www.hnhlcranes.com\/wp-content\/uploads\/2024\/11\/Container-spreader.jpg\" \/>\n\t<meta property=\"og:image:width\" content=\"600\" \/>\n\t<meta property=\"og:image:height\" content=\"600\" \/>\n\t<meta property=\"og:image:type\" content=\"image\/jpeg\" \/>\n<meta name=\"twitter:card\" content=\"summary_large_image\" \/>\n<meta name=\"twitter:label1\" content=\"Est. reading time\" \/>\n\t<meta name=\"twitter:data1\" content=\"3 minut\u0117s\" \/>\n<script type=\"application\/ld+json\" class=\"yoast-schema-graph\">{\"@context\":\"https:\/\/schema.org\",\"@graph\":[{\"@type\":\"WebPage\",\"@id\":\"https:\/\/www.hnhlcranes.com\/product\/container-spreader\/\",\"url\":\"https:\/\/www.hnhlcranes.com\/product\/container-spreader\/\",\"name\":\"Container spreader - Container spreader manufacturers- Crane Parts Manufacturer\",\"isPartOf\":{\"@id\":\"https:\/\/www.hnhlcranes.com\/#website\"},\"primaryImageOfPage\":{\"@id\":\"https:\/\/www.hnhlcranes.com\/product\/container-spreader\/#primaryimage\"},\"image\":{\"@id\":\"https:\/\/www.hnhlcranes.com\/product\/container-spreader\/#primaryimage\"},\"thumbnailUrl\":\"https:\/\/www.hnhlcranes.com\/wp-content\/uploads\/2024\/11\/Container-spreader.jpg\",\"datePublished\":\"2024-11-25T15:42:41+00:00\",\"dateModified\":\"2025-01-10T07:05:04+00:00\",\"description\":\"Container spreader manufacturer,Semi Automatic container spreader,40ft Container Lifting Frame,China Crane Parts Supplier\",\"breadcrumb\":{\"@id\":\"https:\/\/www.hnhlcranes.com\/product\/container-spreader\/#breadcrumb\"},\"inLanguage\":\"lt-LT\",\"potentialAction\":[{\"@type\":\"ReadAction\",\"target\":[\"https:\/\/www.hnhlcranes.com\/product\/container-spreader\/\"]}]},{\"@type\":\"ImageObject\",\"inLanguage\":\"lt-LT\",\"@id\":\"https:\/\/www.hnhlcranes.com\/product\/container-spreader\/#primaryimage\",\"url\":\"https:\/\/www.hnhlcranes.com\/wp-content\/uploads\/2024\/11\/Container-spreader.jpg\",\"contentUrl\":\"https:\/\/www.hnhlcranes.com\/wp-content\/uploads\/2024\/11\/Container-spreader.jpg\",\"width\":600,\"height\":600},{\"@type\":\"BreadcrumbList\",\"@id\":\"https:\/\/www.hnhlcranes.com\/product\/container-spreader\/#breadcrumb\",\"itemListElement\":[{\"@type\":\"ListItem\",\"position\":1,\"name\":\"home\",\"item\":\"https:\/\/www.hnhlcranes.com\/\"},{\"@type\":\"ListItem\",\"position\":2,\"name\":\"products\",\"item\":\"https:\/\/www.hnhlcranes.com\/products\/\"},{\"@type\":\"ListItem\",\"position\":3,\"name\":\"Container spreader\"}]},{\"@type\":\"WebSite\",\"@id\":\"https:\/\/www.hnhlcranes.com\/#website\",\"url\":\"https:\/\/www.hnhlcranes.com\/\",\"name\":\"Crane Parts Manufacturer\",\"description\":\"Crane Wheels,Crane Drums,Crane Hooks,Crane Coupling,Crane End Carriage,Electric Hoist,European Crane Parts,Crane Rail Clip,Crane Spreader,Crane Motor,Crane Reducer,Crane Brake,Light Crane Parts,Workstation Crane Parts,Crane Electrical Parts,China Crane Parts Supplier,China Crane Parts Manufacturer,Angle box type crane wheel,45 degree split crane wheel,European crane wheel,Crane Wheel Blocks,Overhead crane drum,European crane drum,Overhead crane hook,European crane hook,Crane pulley block,Gear coupling,Brake wheel coupling,Drum gear coupling,Brake wheel drum gear coupling,Cardan Shaft Coupling,WZL drum coupling,Plum blossom elastic coupling,Brake wheel plum elastic coupling,European Single girder crane end carriage,European Double girder crane end carriage,European Suspension  crane end carriage,Wire Rope Electric Hoist,Electric Chain Hoist,European Single Girder Wire Rope Electric Hoist,European Double Girder Wire Rope Electric Hoist,Crane grab,Container spreader,Billet crane clamps,C-type hook,Lifting Electromagnet,YZR crane motor,YZP crane motor,ZQ Reducer,ZSC Reducer,QJ Reducer,QJ-L Reducer,QJY Reducer,H series gearbox,F Series Gear Motor,K Series Gear Motor,R Series Gear Motor,travelling machinery gear motor,Electro hydraulic drum brake,Electro hydraulic disc brake,Crane Safety brake,Crane cable trolley,Crane remote controller,Crane pendant controller,Crane electrical control cabinet,Crane limit switch,Crane sound and light alarm,Heavy Duty Aviation Connector,Crane overload limiter\",\"publisher\":{\"@id\":\"https:\/\/www.hnhlcranes.com\/#organization\"},\"potentialAction\":[{\"@type\":\"SearchAction\",\"target\":{\"@type\":\"EntryPoint\",\"urlTemplate\":\"https:\/\/www.hnhlcranes.com\/?s={search_term_string}\"},\"query-input\":{\"@type\":\"PropertyValueSpecification\",\"valueRequired\":true,\"valueName\":\"search_term_string\"}}],\"inLanguage\":\"lt-LT\"},{\"@type\":\"Organization\",\"@id\":\"https:\/\/www.hnhlcranes.com\/#organization\",\"name\":\"Crane Parts Manufacturer\",\"url\":\"https:\/\/www.hnhlcranes.com\/\",\"logo\":{\"@type\":\"ImageObject\",\"inLanguage\":\"lt-LT\",\"@id\":\"https:\/\/www.hnhlcranes.com\/#\/schema\/logo\/image\/\",\"url\":\"https:\/\/www.hnhlcranes.com\/wp-content\/uploads\/2025\/01\/HL-logo-1.png\",\"contentUrl\":\"https:\/\/www.hnhlcranes.com\/wp-content\/uploads\/2025\/01\/HL-logo-1.png\",\"width\":600,\"height\":169,\"caption\":\"Crane Parts Manufacturer\"},\"image\":{\"@id\":\"https:\/\/www.hnhlcranes.com\/#\/schema\/logo\/image\/\"}}]}<\/script>\n<!-- \/ Yoast SEO plugin. -->","yoast_head_json":{"title":"Container spreader - Container spreader manufacturers- Crane Parts Manufacturer","description":"Container spreader manufacturer,Semi Automatic container spreader,40ft Container Lifting Frame,China Crane Parts Supplier","robots":{"index":"index","follow":"follow","max-snippet":"max-snippet:-1","max-image-preview":"max-image-preview:large","max-video-preview":"max-video-preview:-1"},"canonical":"https:\/\/www.hnhlcranes.com\/lt\/produktas\/konteineriu-barstytuvas\/","og_locale":"lt_LT","og_type":"article","og_title":"Container spreader - Container spreader manufacturers- Crane Parts Manufacturer","og_description":"Container spreader manufacturer,Semi Automatic container spreader,40ft Container Lifting Frame,China Crane Parts Supplier","og_url":"https:\/\/www.hnhlcranes.com\/lt\/produktas\/konteineriu-barstytuvas\/","og_site_name":"Crane Parts Manufacturer","article_modified_time":"2025-01-10T07:05:04+00:00","og_image":[{"width":600,"height":600,"url":"https:\/\/www.hnhlcranes.com\/wp-content\/uploads\/2024\/11\/Container-spreader.jpg","type":"image\/jpeg"}],"twitter_card":"summary_large_image","twitter_misc":{"Est. reading time":"3 minut\u0117s"},"schema":{"@context":"https:\/\/schema.org","@graph":[{"@type":"WebPage","@id":"https:\/\/www.hnhlcranes.com\/product\/container-spreader\/","url":"https:\/\/www.hnhlcranes.com\/product\/container-spreader\/","name":"Container spreader - Container spreader manufacturers- Crane Parts Manufacturer","isPartOf":{"@id":"https:\/\/www.hnhlcranes.com\/#website"},"primaryImageOfPage":{"@id":"https:\/\/www.hnhlcranes.com\/product\/container-spreader\/#primaryimage"},"image":{"@id":"https:\/\/www.hnhlcranes.com\/product\/container-spreader\/#primaryimage"},"thumbnailUrl":"https:\/\/www.hnhlcranes.com\/wp-content\/uploads\/2024\/11\/Container-spreader.jpg","datePublished":"2024-11-25T15:42:41+00:00","dateModified":"2025-01-10T07:05:04+00:00","description":"Container spreader manufacturer,Semi Automatic container spreader,40ft Container Lifting Frame,China Crane Parts Supplier","breadcrumb":{"@id":"https:\/\/www.hnhlcranes.com\/product\/container-spreader\/#breadcrumb"},"inLanguage":"lt-LT","potentialAction":[{"@type":"ReadAction","target":["https:\/\/www.hnhlcranes.com\/product\/container-spreader\/"]}]},{"@type":"ImageObject","inLanguage":"lt-LT","@id":"https:\/\/www.hnhlcranes.com\/product\/container-spreader\/#primaryimage","url":"https:\/\/www.hnhlcranes.com\/wp-content\/uploads\/2024\/11\/Container-spreader.jpg","contentUrl":"https:\/\/www.hnhlcranes.com\/wp-content\/uploads\/2024\/11\/Container-spreader.jpg","width":600,"height":600},{"@type":"BreadcrumbList","@id":"https:\/\/www.hnhlcranes.com\/product\/container-spreader\/#breadcrumb","itemListElement":[{"@type":"ListItem","position":1,"name":"home","item":"https:\/\/www.hnhlcranes.com\/"},{"@type":"ListItem","position":2,"name":"products","item":"https:\/\/www.hnhlcranes.com\/products\/"},{"@type":"ListItem","position":3,"name":"Container spreader"}]},{"@type":"WebSite","@id":"https:\/\/www.hnhlcranes.com\/#website","url":"https:\/\/www.hnhlcranes.com\/","name":"Crane Parts Manufacturer","description":"Crane Wheels,Crane Drums,Crane Hooks,Crane Coupling,Crane End Carriage,Electric Hoist,European Crane Parts,Crane Rail Clip,Crane Spreader,Crane Motor,Crane Reducer,Crane Brake,Light Crane Parts,Workstation Crane Parts,Crane Electrical Parts,China Crane Parts Supplier,China Crane Parts Manufacturer,Angle box type crane wheel,45 degree split crane wheel,European crane wheel,Crane Wheel Blocks,Overhead crane drum,European crane drum,Overhead crane hook,European crane hook,Crane pulley block,Gear coupling,Brake wheel coupling,Drum gear coupling,Brake wheel drum gear coupling,Cardan Shaft Coupling,WZL drum coupling,Plum blossom elastic coupling,Brake wheel plum elastic coupling,European Single girder crane end carriage,European Double girder crane end carriage,European Suspension  crane end carriage,Wire Rope Electric Hoist,Electric Chain Hoist,European Single Girder Wire Rope Electric Hoist,European Double Girder Wire Rope Electric Hoist,Crane grab,Container spreader,Billet crane clamps,C-type hook,Lifting Electromagnet,YZR crane motor,YZP crane motor,ZQ Reducer,ZSC Reducer,QJ Reducer,QJ-L Reducer,QJY Reducer,H series gearbox,F Series Gear Motor,K Series Gear Motor,R Series Gear Motor,travelling machinery gear motor,Electro hydraulic drum brake,Electro hydraulic disc brake,Crane Safety brake,Crane cable trolley,Crane remote controller,Crane pendant controller,Crane electrical control cabinet,Crane limit switch,Crane sound and light alarm,Heavy Duty Aviation Connector,Crane overload limiter","publisher":{"@id":"https:\/\/www.hnhlcranes.com\/#organization"},"potentialAction":[{"@type":"SearchAction","target":{"@type":"EntryPoint","urlTemplate":"https:\/\/www.hnhlcranes.com\/?s={search_term_string}"},"query-input":{"@type":"PropertyValueSpecification","valueRequired":true,"valueName":"search_term_string"}}],"inLanguage":"lt-LT"},{"@type":"Organization","@id":"https:\/\/www.hnhlcranes.com\/#organization","name":"Crane Parts Manufacturer","url":"https:\/\/www.hnhlcranes.com\/","logo":{"@type":"ImageObject","inLanguage":"lt-LT","@id":"https:\/\/www.hnhlcranes.com\/#\/schema\/logo\/image\/","url":"https:\/\/www.hnhlcranes.com\/wp-content\/uploads\/2025\/01\/HL-logo-1.png","contentUrl":"https:\/\/www.hnhlcranes.com\/wp-content\/uploads\/2025\/01\/HL-logo-1.png","width":600,"height":169,"caption":"Crane Parts Manufacturer"},"image":{"@id":"https:\/\/www.hnhlcranes.com\/#\/schema\/logo\/image\/"}}]}},"_links":{"self":[{"href":"https:\/\/www.hnhlcranes.com\/lt\/wp-json\/wp\/v2\/product\/5444","targetHints":{"allow":["GET"]}}],"collection":[{"href":"https:\/\/www.hnhlcranes.com\/lt\/wp-json\/wp\/v2\/product"}],"about":[{"href":"https:\/\/www.hnhlcranes.com\/lt\/wp-json\/wp\/v2\/types\/product"}],"version-history":[{"count":4,"href":"https:\/\/www.hnhlcranes.com\/lt\/wp-json\/wp\/v2\/product\/5444\/revisions"}],"predecessor-version":[{"id":7152,"href":"https:\/\/www.hnhlcranes.com\/lt\/wp-json\/wp\/v2\/product\/5444\/revisions\/7152"}],"wp:featuredmedia":[{"embeddable":true,"href":"https:\/\/www.hnhlcranes.com\/lt\/wp-json\/wp\/v2\/media\/7148"}],"wp:attachment":[{"href":"https:\/\/www.hnhlcranes.com\/lt\/wp-json\/wp\/v2\/media?parent=5444"}],"wp:term":[{"taxonomy":"product_brand","embeddable":true,"href":"https:\/\/www.hnhlcranes.com\/lt\/wp-json\/wp\/v2\/product_brand?post=5444"},{"taxonomy":"product_cat","embeddable":true,"href":"https:\/\/www.hnhlcranes.com\/lt\/wp-json\/wp\/v2\/product_cat?post=5444"},{"taxonomy":"product_tag","embeddable":true,"href":"https:\/\/www.hnhlcranes.com\/lt\/wp-json\/wp\/v2\/product_tag?post=5444"}],"curies":[{"name":"wp","href":"https:\/\/api.w.org\/{rel}","templated":true}]}}