{"id":5505,"date":"2024-11-28T14:51:15","date_gmt":"2024-11-28T06:51:15","guid":{"rendered":"https:\/\/www.hnhlcranes.com\/?post_type=product&#038;p=5505"},"modified":"2025-01-10T15:49:58","modified_gmt":"2025-01-10T07:49:58","slug":"wjk-begiu-spaustukas","status":"publish","type":"product","link":"https:\/\/www.hnhlcranes.com\/lt\/produktas\/wjk-begiu-spaustukas\/","title":{"rendered":"WJK Rail Clip"},"content":{"rendered":"<h6><img fetchpriority=\"high\" decoding=\"async\" class=\"alignnone wp-image-7077\" src=\"https:\/\/www.hnhlcranes.com\/wp-content\/uploads\/2024\/11\/WJK-Rail-Clip-2-300x95.jpg\" alt=\"\" width=\"951\" height=\"301\" srcset=\"https:\/\/www.hnhlcranes.com\/wp-content\/uploads\/2024\/11\/WJK-Rail-Clip-2-300x95.jpg 300w, https:\/\/www.hnhlcranes.com\/wp-content\/uploads\/2024\/11\/WJK-Rail-Clip-2-768x242.jpg 768w, https:\/\/www.hnhlcranes.com\/wp-content\/uploads\/2024\/11\/WJK-Rail-Clip-2-600x189.jpg 600w, https:\/\/www.hnhlcranes.com\/wp-content\/uploads\/2024\/11\/WJK-Rail-Clip-2.jpg 800w\" sizes=\"(max-width: 951px) 100vw, 951px\" \/><\/h6>\n<h6><\/h6>\n<h3>WJK Rail Clip ypatyb\u0117s<\/h3>\n<p>Svetain\u0117 <strong>WJK b\u0117gi\u0173 spaustukas<\/strong> yra specialiai sukurtas naudoti su plienin\u0117mis sijomis, o jo keliamoji galia yra 350 ton\u0173 vienam komplektui, kur\u012f i\u0161 viso sudaro septyni komponentai. \u0160i tvirta konstrukcija u\u017etikrina optimal\u0173 veikim\u0105 \u012fvairiose sunkios apkrovos srityse.<\/p>\n<h4><strong>Pagrindo plok\u0161t\u0117s suvirinimas<\/strong><\/h4>\n<p>Svetain\u0117 <strong>WJK pagrindo plok\u0161t\u0117<\/strong> prie plienin\u0117s krano sijos flan\u0161o privirinamas trimis aplinkin\u0117mis arba dviem \u0161onin\u0117mis suvirinimo si\u016bl\u0117mis. Tokia konfig\u016bracija u\u017etikrina, kad horizontali \u0161onin\u0117 krano j\u0117ga skland\u017eiai perduodama krano sijai. Be to, ji suma\u017eina konstrukcijos susilpn\u0117jim\u0105 d\u0117l per didelio gr\u0119\u017eimo flan\u0161e, o tai gerokai padidina krano sijos skerspj\u016bvio laikom\u0105j\u0105 gali\u0105.<\/p>\n<h4><strong>Rutulinio \u0161arnyro jungtis<\/strong><\/h4>\n<p>Pagrindo plok\u0161t\u0117 yra sujungta su apatiniu T formos var\u017eto galu per <strong>rutulinis \u0161arnyras<\/strong>, tod\u0117l T formos var\u017etas i\u0161lieka statmenas vir\u0161utiniam dang\u010diui veikiant \u0161oninei j\u0117gai. Tokia jungties konstrukcija taip pat leid\u017eia \u0161iek tiek pasvirti. Tod\u0117l \u0161oninis krano poveikis b\u0117giui, krano sijai ir stabd\u017ei\u0173 sistemai veiksmingai suma\u017einamas, o tai galiausiai pailgina \u0161i\u0173 sudedam\u0173j\u0173 dali\u0173 konstrukcin\u012f tarnavimo laik\u0105.<\/p>\n<h4><strong>Matuoklio reguliavimo plok\u0161tel\u0117<\/strong><\/h4>\n<p>Svetain\u0117 <strong>WJK b\u0117gi\u0173 spaustukai<\/strong> funkcija <strong>matuoklio reguliavimo plok\u0161t\u0117<\/strong>, tod\u0117l galima tiksliai sureguliuoti b\u0117gi\u0173 v\u0117\u017e\u0117s plot\u012f. \u0160i funkcija ne tik padidina montavimo tikslum\u0105, bet ir suma\u017eina b\u0117gio a\u0161in\u0117s linijos nuokrypius. Be to, jame yra dvigubas savaiminio fiksavimo mechanizmas, kuris neleid\u017eia atsilaisvinti darbo metu ir u\u017etikrina stabil\u0173 veikim\u0105.<\/p>\n<h4><strong>Lengvas montavimas ir prie\u017ei\u016bra<\/strong><\/h4>\n<p>Svetain\u0117 <strong>T formos var\u017etai<\/strong> ir <strong>vir\u0161utin\u0117s dang\u010dio plok\u0161tel\u0117s<\/strong> WJK spaustuvus galima lengvai surinkti ir i\u0161ardyti, o tai labai supaprastina statybos ir prie\u017ei\u016bros darbus. Toks paprastas montavimas ir prie\u017ei\u016bra rei\u0161kia trumpesn\u012f prastov\u0173 laik\u0105 ir didesn\u012f veiklos efektyvum\u0105.<\/p>\n<h4><strong>Suderinamumas su b\u0117gi\u0173 kreivumu<\/strong><\/h4>\n<p>Svetain\u0117 <strong>vir\u0161utin\u0117 dang\u010dio plok\u0161t\u0117<\/strong> suprojektuotas taip, kad atitikt\u0173 b\u0117gio skerspj\u016bvio kreivum\u0105. Taip u\u017etikrinama, kad b\u0117gis b\u016bt\u0173 tvirtai pritvirtintas ir neb\u016bt\u0173 trukdoma jam \u0161iek tiek jud\u0117ti i\u0161ilgai. Be to, \u0161i savyb\u0117 palengvina viso ilgio b\u0117gi\u0173 suvirinim\u0105, tod\u0117l WJK b\u0117gi\u0173 spaustukas yra universalus \u012fvairioms b\u0117gi\u0173 konfig\u016bracijoms.<\/p>\n<h4><strong>Fiksuotas atstumas tarp komponent\u0173<\/strong><\/h4>\n<p>Atstumas tarp stacionari\u0173 komponent\u0173 nustatomas atsi\u017evelgiant \u012f krano keliam\u0105j\u0105 gali\u0105. K\u0117limo kran\u0173, kuri\u0173 apkrova \u2264275 t, atstumas yra 600 mm, ta\u010diau kran\u0173, kuri\u0173 apkrova &gt;275 t, atstumas ma\u017einamas iki 500 mm, kad b\u016bt\u0173 galima pritaikyti didesn\u0119 apkrov\u0105.<\/p>\n<h4><strong>Suvirinimo med\u017eiag\u0173 suderinamumas<\/strong><\/h4>\n<p>Svetain\u0117 <strong>stacionaraus komponento pagrindas<\/strong> prie krano sijos suvirinama naudojant elektrod\u0173 modelius, suderinamus su jungiam\u0173j\u0173 komponent\u0173 med\u017eiaga. Pavyzd\u017eiui, <strong>E4303 elektrodai<\/strong> naudojami <strong>Q235 plienas<\/strong>, o <strong>E5015 elektrodai<\/strong> pirmenyb\u0117 teikiama <strong>Q345 plienas<\/strong> kad b\u016bt\u0173 u\u017etikrintas tvirtas ir patikimas ry\u0161ys.<\/p>\n<h4><strong>Suvirinimo tipai pagal krano darbo pob\u016bd\u012f<\/strong><\/h4>\n<p>Suvirinimo tipai priklauso nuo krano darbo lygio. . <strong>vidutin\u0117s galios kranai<\/strong>naudojamos dvipus\u0117s suvirinimo si\u016bl\u0117s, o <strong>didel\u0117s apkrovos<\/strong> (arba <strong>itin didel\u0117s apkrovos<\/strong>) kranams reikia trij\u0173 pusi\u0173 aplinkini\u0173 suvirinimo si\u016bli\u0173, kad b\u016bt\u0173 galima atlaikyti didesnes apkrovas ir \u012ftempius.<\/p>\n<h4><strong>Var\u017et\u0173 priver\u017eimo momentas<\/strong><\/h4>\n<p>Tinklalapiui <strong>vidutin\u0117s galios kranai<\/strong> (Q \u2264 275t), did\u017eiausias var\u017eto u\u017ever\u017eimo momentas yra 150 N-m, o <strong>sunkiasvoriai kranai<\/strong>, priver\u017eimo momentas padidintas iki 220 N-m, kad b\u016bt\u0173 galima prisitaikyti prie didesni\u0173 eksploatavimo metu veikian\u010di\u0173 j\u0117g\u0173.<\/p>\n<h4><strong>Did\u017eiausia \u0161onin\u0117 j\u0117ga<\/strong><\/h4>\n<p>Svetain\u0117 <strong>did\u017eiausia leistina \u0161onin\u0117 j\u0117ga<\/strong> WJK b\u0117gio spaustuko vert\u0117 yra 45 kN. Taip u\u017etikrinama, kad b\u0117gio spaustukas atlaikyt\u0173 dideles \u0161onines j\u0117gas, nepa\u017eeid\u017eiant jo konstrukcijos vientisumo.<\/p>\n<p>\u012ediegus \u0161ias pa\u017eangias konstrukcines savybes, <strong>WJK b\u0117gi\u0173 spaustukas<\/strong> u\u017etikrina saug\u0173, patikim\u0105 ir ilgaam\u017e\u012f krano ir b\u0117gi\u0173 sistemos sujungim\u0105, taip padidindamas bendr\u0105 darbo efektyvum\u0105 ir saugum\u0105.<\/p>","protected":false},"excerpt":{"rendered":"<h6><strong><span style=\"font-family: arial, helvetica, sans-serif; font-size: 14pt;\">WJK Rail Clip specifikacijos<\/span><\/strong><\/h6>\n<ul>\n<li><strong>Modeliai<\/strong>: WJK-TG38, WJK-TG43, WJK-TG50, WJK-TG60, WJK-QU70, WJK-QU80, WJK-QU100, WJK-QU120<\/li>\n<li><strong>Tvirtinimo metodas<\/strong>: Suvirinta pagrindo plok\u0161t\u0117<\/li>\n<\/ul>","protected":false},"featured_media":7075,"template":"","meta":{"_kad_post_transparent":"default","_kad_post_title":"","_kad_post_layout":"default","_kad_post_sidebar_id":"","_kad_post_content_style":"default","_kad_post_vertical_padding":"show","_kad_post_feature":"","_kad_post_feature_position":"","_kad_post_header":false,"_kad_post_footer":false},"product_brand":[],"product_cat":[83],"product_tag":[483,482,481,480,376,489,486,490,488,484,492,487,485,493,478,491,477,479],"class_list":{"0":"post-5505","1":"product","2":"type-product","3":"status-publish","4":"has-post-thumbnail","6":"product_cat-crane-rail-clip","7":"product_tag-05g525-rail-clip","8":"product_tag-cgbk-rail-clip","9":"product_tag-cgek-rail-clip","10":"product_tag-cgwk-rail-clip","11":"product_tag-china-crane-parts-supplier","12":"product_tag-crane-rail-clamp","13":"product_tag-crane-rail-clip","14":"product_tag-crane-rail-clip-supplier","15":"product_tag-crane-rail-fixing-device","16":"product_tag-hdgy-rail-clip","17":"product_tag-rail-connection-splint","18":"product_tag-rail-fixing-device","19":"product_tag-rail-joint","20":"product_tag-special-crane-spreader","21":"product_tag-swjk-rail-clip","22":"product_tag-tracks-jointing-plates","23":"product_tag-wjk-rail-clip","24":"product_tag-wjkc-rail-clip","26":"first","27":"instock","28":"shipping-taxable","29":"product-type-simple","30":"entry","31":"content-bg","32":"loop-entry"},"yoast_head":"<!-- This site is optimized with the Yoast SEO plugin v24.5 - https:\/\/yoast.com\/wordpress\/plugins\/seo\/ -->\n<title>WJK Rail Clip - WJK Rail Clips-Rail fixing device-Crane Rail Clamp-Crane Parts Manufacturer<\/title>\n<meta name=\"description\" content=\"Rail Clips,WJK Rail Clip,Crane Rail Clip,Rail fixing device,Crane Rail fixing device,crane Rail Clamp,SWJK Rail Clips,Overhead Crane Rail Clip\" \/>\n<meta name=\"robots\" content=\"index, follow, max-snippet:-1, max-image-preview:large, max-video-preview:-1\" \/>\n<link rel=\"canonical\" href=\"https:\/\/www.hnhlcranes.com\/lt\/produktas\/wjk-begiu-spaustukas\/\" \/>\n<meta property=\"og:locale\" content=\"lt_LT\" \/>\n<meta property=\"og:type\" content=\"article\" \/>\n<meta property=\"og:title\" content=\"WJK Rail Clip - WJK Rail Clips-Rail fixing device-Crane Rail Clamp-Crane Parts Manufacturer\" \/>\n<meta property=\"og:description\" content=\"Rail Clips,WJK Rail Clip,Crane Rail Clip,Rail fixing device,Crane Rail fixing device,crane Rail Clamp,SWJK Rail Clips,Overhead Crane Rail Clip\" \/>\n<meta property=\"og:url\" content=\"https:\/\/www.hnhlcranes.com\/lt\/produktas\/wjk-begiu-spaustukas\/\" \/>\n<meta property=\"og:site_name\" content=\"Crane Parts Manufacturer\" \/>\n<meta property=\"article:modified_time\" content=\"2025-01-10T07:49:58+00:00\" \/>\n<meta property=\"og:image\" content=\"https:\/\/www.hnhlcranes.com\/wp-content\/uploads\/2024\/11\/WJK-Rail-Clip.jpg\" \/>\n\t<meta property=\"og:image:width\" content=\"600\" \/>\n\t<meta property=\"og:image:height\" content=\"600\" \/>\n\t<meta property=\"og:image:type\" content=\"image\/jpeg\" \/>\n<meta name=\"twitter:card\" content=\"summary_large_image\" \/>\n<meta name=\"twitter:label1\" content=\"Est. reading time\" \/>\n\t<meta name=\"twitter:data1\" content=\"3 minut\u0117s\" \/>\n<script type=\"application\/ld+json\" class=\"yoast-schema-graph\">{\"@context\":\"https:\/\/schema.org\",\"@graph\":[{\"@type\":\"WebPage\",\"@id\":\"https:\/\/www.hnhlcranes.com\/product\/wjk-rail-clip\/\",\"url\":\"https:\/\/www.hnhlcranes.com\/product\/wjk-rail-clip\/\",\"name\":\"WJK Rail Clip - WJK Rail Clips-Rail fixing device-Crane Rail Clamp-Crane Parts Manufacturer\",\"isPartOf\":{\"@id\":\"https:\/\/www.hnhlcranes.com\/#website\"},\"primaryImageOfPage\":{\"@id\":\"https:\/\/www.hnhlcranes.com\/product\/wjk-rail-clip\/#primaryimage\"},\"image\":{\"@id\":\"https:\/\/www.hnhlcranes.com\/product\/wjk-rail-clip\/#primaryimage\"},\"thumbnailUrl\":\"https:\/\/www.hnhlcranes.com\/wp-content\/uploads\/2024\/11\/WJK-Rail-Clip.jpg\",\"datePublished\":\"2024-11-28T06:51:15+00:00\",\"dateModified\":\"2025-01-10T07:49:58+00:00\",\"description\":\"Rail Clips,WJK Rail Clip,Crane Rail Clip,Rail fixing device,Crane Rail fixing device,crane Rail Clamp,SWJK Rail Clips,Overhead Crane Rail Clip\",\"breadcrumb\":{\"@id\":\"https:\/\/www.hnhlcranes.com\/product\/wjk-rail-clip\/#breadcrumb\"},\"inLanguage\":\"lt-LT\",\"potentialAction\":[{\"@type\":\"ReadAction\",\"target\":[\"https:\/\/www.hnhlcranes.com\/product\/wjk-rail-clip\/\"]}]},{\"@type\":\"ImageObject\",\"inLanguage\":\"lt-LT\",\"@id\":\"https:\/\/www.hnhlcranes.com\/product\/wjk-rail-clip\/#primaryimage\",\"url\":\"https:\/\/www.hnhlcranes.com\/wp-content\/uploads\/2024\/11\/WJK-Rail-Clip.jpg\",\"contentUrl\":\"https:\/\/www.hnhlcranes.com\/wp-content\/uploads\/2024\/11\/WJK-Rail-Clip.jpg\",\"width\":600,\"height\":600},{\"@type\":\"BreadcrumbList\",\"@id\":\"https:\/\/www.hnhlcranes.com\/product\/wjk-rail-clip\/#breadcrumb\",\"itemListElement\":[{\"@type\":\"ListItem\",\"position\":1,\"name\":\"home\",\"item\":\"https:\/\/www.hnhlcranes.com\/\"},{\"@type\":\"ListItem\",\"position\":2,\"name\":\"products\",\"item\":\"https:\/\/www.hnhlcranes.com\/products\/\"},{\"@type\":\"ListItem\",\"position\":3,\"name\":\"WJK Rail Clip\"}]},{\"@type\":\"WebSite\",\"@id\":\"https:\/\/www.hnhlcranes.com\/#website\",\"url\":\"https:\/\/www.hnhlcranes.com\/\",\"name\":\"Crane Parts Manufacturer\",\"description\":\"Crane Wheels,Crane Drums,Crane Hooks,Crane Coupling,Crane End Carriage,Electric Hoist,European Crane Parts,Crane Rail Clip,Crane Spreader,Crane Motor,Crane Reducer,Crane Brake,Light Crane Parts,Workstation Crane Parts,Crane Electrical Parts,China Crane Parts Supplier,China Crane Parts Manufacturer,Angle box type crane wheel,45 degree split crane wheel,European crane wheel,Crane Wheel Blocks,Overhead crane drum,European crane drum,Overhead crane hook,European crane hook,Crane pulley block,Gear coupling,Brake wheel coupling,Drum gear coupling,Brake wheel drum gear coupling,Cardan Shaft Coupling,WZL drum coupling,Plum blossom elastic coupling,Brake wheel plum elastic coupling,European Single girder crane end carriage,European Double girder crane end carriage,European Suspension  crane end carriage,Wire Rope Electric Hoist,Electric Chain Hoist,European Single Girder Wire Rope Electric Hoist,European Double Girder Wire Rope Electric Hoist,Crane grab,Container spreader,Billet crane clamps,C-type hook,Lifting Electromagnet,YZR crane motor,YZP crane motor,ZQ Reducer,ZSC Reducer,QJ Reducer,QJ-L Reducer,QJY Reducer,H series gearbox,F Series Gear Motor,K Series Gear Motor,R Series Gear Motor,travelling machinery gear motor,Electro hydraulic drum brake,Electro hydraulic disc brake,Crane Safety brake,Crane cable trolley,Crane remote controller,Crane pendant controller,Crane electrical control cabinet,Crane limit switch,Crane sound and light alarm,Heavy Duty Aviation Connector,Crane overload limiter\",\"publisher\":{\"@id\":\"https:\/\/www.hnhlcranes.com\/#organization\"},\"potentialAction\":[{\"@type\":\"SearchAction\",\"target\":{\"@type\":\"EntryPoint\",\"urlTemplate\":\"https:\/\/www.hnhlcranes.com\/?s={search_term_string}\"},\"query-input\":{\"@type\":\"PropertyValueSpecification\",\"valueRequired\":true,\"valueName\":\"search_term_string\"}}],\"inLanguage\":\"lt-LT\"},{\"@type\":\"Organization\",\"@id\":\"https:\/\/www.hnhlcranes.com\/#organization\",\"name\":\"Crane Parts Manufacturer\",\"url\":\"https:\/\/www.hnhlcranes.com\/\",\"logo\":{\"@type\":\"ImageObject\",\"inLanguage\":\"lt-LT\",\"@id\":\"https:\/\/www.hnhlcranes.com\/#\/schema\/logo\/image\/\",\"url\":\"https:\/\/www.hnhlcranes.com\/wp-content\/uploads\/2025\/01\/HL-logo-1.png\",\"contentUrl\":\"https:\/\/www.hnhlcranes.com\/wp-content\/uploads\/2025\/01\/HL-logo-1.png\",\"width\":600,\"height\":169,\"caption\":\"Crane Parts Manufacturer\"},\"image\":{\"@id\":\"https:\/\/www.hnhlcranes.com\/#\/schema\/logo\/image\/\"}}]}<\/script>\n<!-- \/ Yoast SEO plugin. -->","yoast_head_json":{"title":"WJK Rail Clip - WJK Rail Clips-Rail fixing device-Crane Rail Clamp-Crane Parts Manufacturer","description":"Rail Clips,WJK Rail Clip,Crane Rail Clip,Rail fixing device,Crane Rail fixing device,crane Rail Clamp,SWJK Rail Clips,Overhead Crane Rail Clip","robots":{"index":"index","follow":"follow","max-snippet":"max-snippet:-1","max-image-preview":"max-image-preview:large","max-video-preview":"max-video-preview:-1"},"canonical":"https:\/\/www.hnhlcranes.com\/lt\/produktas\/wjk-begiu-spaustukas\/","og_locale":"lt_LT","og_type":"article","og_title":"WJK Rail Clip - WJK Rail Clips-Rail fixing device-Crane Rail Clamp-Crane Parts Manufacturer","og_description":"Rail Clips,WJK Rail Clip,Crane Rail Clip,Rail fixing device,Crane Rail fixing device,crane Rail Clamp,SWJK Rail Clips,Overhead Crane Rail Clip","og_url":"https:\/\/www.hnhlcranes.com\/lt\/produktas\/wjk-begiu-spaustukas\/","og_site_name":"Crane Parts Manufacturer","article_modified_time":"2025-01-10T07:49:58+00:00","og_image":[{"width":600,"height":600,"url":"https:\/\/www.hnhlcranes.com\/wp-content\/uploads\/2024\/11\/WJK-Rail-Clip.jpg","type":"image\/jpeg"}],"twitter_card":"summary_large_image","twitter_misc":{"Est. reading time":"3 minut\u0117s"},"schema":{"@context":"https:\/\/schema.org","@graph":[{"@type":"WebPage","@id":"https:\/\/www.hnhlcranes.com\/product\/wjk-rail-clip\/","url":"https:\/\/www.hnhlcranes.com\/product\/wjk-rail-clip\/","name":"WJK Rail Clip - WJK Rail Clips-Rail fixing device-Crane Rail Clamp-Crane Parts Manufacturer","isPartOf":{"@id":"https:\/\/www.hnhlcranes.com\/#website"},"primaryImageOfPage":{"@id":"https:\/\/www.hnhlcranes.com\/product\/wjk-rail-clip\/#primaryimage"},"image":{"@id":"https:\/\/www.hnhlcranes.com\/product\/wjk-rail-clip\/#primaryimage"},"thumbnailUrl":"https:\/\/www.hnhlcranes.com\/wp-content\/uploads\/2024\/11\/WJK-Rail-Clip.jpg","datePublished":"2024-11-28T06:51:15+00:00","dateModified":"2025-01-10T07:49:58+00:00","description":"Rail Clips,WJK Rail Clip,Crane Rail Clip,Rail fixing device,Crane Rail fixing device,crane Rail Clamp,SWJK Rail Clips,Overhead Crane Rail Clip","breadcrumb":{"@id":"https:\/\/www.hnhlcranes.com\/product\/wjk-rail-clip\/#breadcrumb"},"inLanguage":"lt-LT","potentialAction":[{"@type":"ReadAction","target":["https:\/\/www.hnhlcranes.com\/product\/wjk-rail-clip\/"]}]},{"@type":"ImageObject","inLanguage":"lt-LT","@id":"https:\/\/www.hnhlcranes.com\/product\/wjk-rail-clip\/#primaryimage","url":"https:\/\/www.hnhlcranes.com\/wp-content\/uploads\/2024\/11\/WJK-Rail-Clip.jpg","contentUrl":"https:\/\/www.hnhlcranes.com\/wp-content\/uploads\/2024\/11\/WJK-Rail-Clip.jpg","width":600,"height":600},{"@type":"BreadcrumbList","@id":"https:\/\/www.hnhlcranes.com\/product\/wjk-rail-clip\/#breadcrumb","itemListElement":[{"@type":"ListItem","position":1,"name":"home","item":"https:\/\/www.hnhlcranes.com\/"},{"@type":"ListItem","position":2,"name":"products","item":"https:\/\/www.hnhlcranes.com\/products\/"},{"@type":"ListItem","position":3,"name":"WJK Rail Clip"}]},{"@type":"WebSite","@id":"https:\/\/www.hnhlcranes.com\/#website","url":"https:\/\/www.hnhlcranes.com\/","name":"Crane Parts Manufacturer","description":"Crane Wheels,Crane Drums,Crane Hooks,Crane Coupling,Crane End Carriage,Electric Hoist,European Crane Parts,Crane Rail Clip,Crane Spreader,Crane Motor,Crane Reducer,Crane Brake,Light Crane Parts,Workstation Crane Parts,Crane Electrical Parts,China Crane Parts Supplier,China Crane Parts Manufacturer,Angle box type crane wheel,45 degree split crane wheel,European crane wheel,Crane Wheel Blocks,Overhead crane drum,European crane drum,Overhead crane hook,European crane hook,Crane pulley block,Gear coupling,Brake wheel coupling,Drum gear coupling,Brake wheel drum gear coupling,Cardan Shaft Coupling,WZL drum coupling,Plum blossom elastic coupling,Brake wheel plum elastic coupling,European Single girder crane end carriage,European Double girder crane end carriage,European Suspension  crane end carriage,Wire Rope Electric Hoist,Electric Chain Hoist,European Single Girder Wire Rope Electric Hoist,European Double Girder Wire Rope Electric Hoist,Crane grab,Container spreader,Billet crane clamps,C-type hook,Lifting Electromagnet,YZR crane motor,YZP crane motor,ZQ Reducer,ZSC Reducer,QJ Reducer,QJ-L Reducer,QJY Reducer,H series gearbox,F Series Gear Motor,K Series Gear Motor,R Series Gear Motor,travelling machinery gear motor,Electro hydraulic drum brake,Electro hydraulic disc brake,Crane Safety brake,Crane cable trolley,Crane remote controller,Crane pendant controller,Crane electrical control cabinet,Crane limit switch,Crane sound and light alarm,Heavy Duty Aviation Connector,Crane overload limiter","publisher":{"@id":"https:\/\/www.hnhlcranes.com\/#organization"},"potentialAction":[{"@type":"SearchAction","target":{"@type":"EntryPoint","urlTemplate":"https:\/\/www.hnhlcranes.com\/?s={search_term_string}"},"query-input":{"@type":"PropertyValueSpecification","valueRequired":true,"valueName":"search_term_string"}}],"inLanguage":"lt-LT"},{"@type":"Organization","@id":"https:\/\/www.hnhlcranes.com\/#organization","name":"Crane Parts Manufacturer","url":"https:\/\/www.hnhlcranes.com\/","logo":{"@type":"ImageObject","inLanguage":"lt-LT","@id":"https:\/\/www.hnhlcranes.com\/#\/schema\/logo\/image\/","url":"https:\/\/www.hnhlcranes.com\/wp-content\/uploads\/2025\/01\/HL-logo-1.png","contentUrl":"https:\/\/www.hnhlcranes.com\/wp-content\/uploads\/2025\/01\/HL-logo-1.png","width":600,"height":169,"caption":"Crane Parts Manufacturer"},"image":{"@id":"https:\/\/www.hnhlcranes.com\/#\/schema\/logo\/image\/"}}]}},"_links":{"self":[{"href":"https:\/\/www.hnhlcranes.com\/lt\/wp-json\/wp\/v2\/product\/5505","targetHints":{"allow":["GET"]}}],"collection":[{"href":"https:\/\/www.hnhlcranes.com\/lt\/wp-json\/wp\/v2\/product"}],"about":[{"href":"https:\/\/www.hnhlcranes.com\/lt\/wp-json\/wp\/v2\/types\/product"}],"version-history":[{"count":7,"href":"https:\/\/www.hnhlcranes.com\/lt\/wp-json\/wp\/v2\/product\/5505\/revisions"}],"predecessor-version":[{"id":7190,"href":"https:\/\/www.hnhlcranes.com\/lt\/wp-json\/wp\/v2\/product\/5505\/revisions\/7190"}],"wp:featuredmedia":[{"embeddable":true,"href":"https:\/\/www.hnhlcranes.com\/lt\/wp-json\/wp\/v2\/media\/7075"}],"wp:attachment":[{"href":"https:\/\/www.hnhlcranes.com\/lt\/wp-json\/wp\/v2\/media?parent=5505"}],"wp:term":[{"taxonomy":"product_brand","embeddable":true,"href":"https:\/\/www.hnhlcranes.com\/lt\/wp-json\/wp\/v2\/product_brand?post=5505"},{"taxonomy":"product_cat","embeddable":true,"href":"https:\/\/www.hnhlcranes.com\/lt\/wp-json\/wp\/v2\/product_cat?post=5505"},{"taxonomy":"product_tag","embeddable":true,"href":"https:\/\/www.hnhlcranes.com\/lt\/wp-json\/wp\/v2\/product_tag?post=5505"}],"curies":[{"name":"wp","href":"https:\/\/api.w.org\/{rel}","templated":true}]}}