{"id":5524,"date":"2024-11-29T21:45:30","date_gmt":"2024-11-29T13:45:30","guid":{"rendered":"https:\/\/www.hnhlcranes.com\/?post_type=product&#038;p=5524"},"modified":"2025-01-10T17:37:54","modified_gmt":"2025-01-10T09:37:54","slug":"cgwk-begiu-spaustukas","status":"publish","type":"product","link":"https:\/\/www.hnhlcranes.com\/lt\/produktas\/cgwk-begiu-spaustukas\/","title":{"rendered":"CGWK b\u0117gi\u0173 spaustukas"},"content":{"rendered":"<h6><img fetchpriority=\"high\" decoding=\"async\" class=\"alignnone wp-image-7096\" src=\"https:\/\/www.hnhlcranes.com\/wp-content\/uploads\/2024\/11\/CGWK-Rail-Clip-1-300x103.jpg\" alt=\"\" width=\"955\" height=\"328\" srcset=\"https:\/\/www.hnhlcranes.com\/wp-content\/uploads\/2024\/11\/CGWK-Rail-Clip-1-300x103.jpg 300w, https:\/\/www.hnhlcranes.com\/wp-content\/uploads\/2024\/11\/CGWK-Rail-Clip-1-768x263.jpg 768w, https:\/\/www.hnhlcranes.com\/wp-content\/uploads\/2024\/11\/CGWK-Rail-Clip-1-600x205.jpg 600w, https:\/\/www.hnhlcranes.com\/wp-content\/uploads\/2024\/11\/CGWK-Rail-Clip-1.jpg 1000w\" sizes=\"(max-width: 955px) 100vw, 955px\" \/><\/h6>\n<h3><strong>CGWK Rail Clip ypatyb\u0117s<\/strong><\/h3>\n<h4><strong>Pagrindo plok\u0161t\u0117s suvirinimas<\/strong><\/h4>\n<p>Svetain\u0117 <strong>CGWK pagrindo plok\u0161t\u0117<\/strong> prie plienin\u0117s krano sijos vir\u0161utin\u0117s briaunos privirinamas dviem arba trimis pus\u0117mis apvyniojamomis suvirinimo si\u016bl\u0117mis. Taip u\u017etikrinama, kad horizontalios \u0161onin\u0117s krano j\u0117gos tolygiai perduodamos krano sijai. Savo ruo\u017etu taip i\u0161vengiama konstrukcini\u0173 tr\u016bkum\u0173, kurie paprastai atsiranda d\u0117l didelio sijos flan\u0161o gr\u0119\u017eimo, ir taip padidinamas bendras krano sistemos stabilumas.<\/p>\n<h4><strong>Sferin\u0117 lanksto jungtis<\/strong><\/h4>\n<p>Pagrindo plok\u0161t\u0117 ir vir\u0161utin\u0117 prispaudimo plok\u0161t\u0117 sujungtos sferiniu lankstu. Tokia konstrukcija leid\u017eia \u0161iek tiek pasvirti veikiant \u0161onin\u0117ms j\u0117goms, o tai veiksmingai suma\u017eina horizontali\u0173 j\u0117g\u0173 poveik\u012f krano sijai ir stabdymo sistemoms. Tod\u0117l ji padeda prailginti krano sijos ir stabd\u017ei\u0173 sistem\u0173 tarnavimo laik\u0105, nes suma\u017eina \u0161iems komponentams tenkan\u010di\u0105 apkrov\u0105.<\/p>\n<h4><strong>Pad\u0117ties nustatymo artumas<\/strong><\/h4>\n<p>Svetain\u0117 <strong>CGWK pagrindo plok\u0161t\u0117<\/strong> yra strategi\u0161kai patogioje vietoje, ma\u017edaug 1 mm \u017eemiau apatinio b\u0117gio kra\u0161to. \u0160is tikslus i\u0161d\u0117stymas veiksmingai riboja \u0161onin\u012f b\u0117gio jud\u0117jim\u0105, u\u017etikrina didesn\u012f stabilum\u0105 ir suma\u017eina b\u0117gio poslinkio rizik\u0105 eksploatacijos metu.<\/p>\n<h4><strong>Special\u016bs var\u017etai stabilumui u\u017etikrinti<\/strong><\/h4>\n<p>Siekiant optimizuoti apkrovos paskirstym\u0105 tvirtinimo komponentams, naudojami special\u016bs var\u017etai. \u0160ie var\u017etai padidina bendr\u0105 sistemos stabilum\u0105, o vir\u0161utin\u0119 tvirtinimo plok\u0161t\u0119 galima lengvai nuimti. \u0160i konstrukcijos ypatyb\u0117 gerokai supaprastina montavim\u0105 ir prie\u017ei\u016br\u0105, tod\u0117l sistema tampa patogesn\u0117 naudoti ir ekonomi\u0161kesn\u0117.<\/p>\n<h4><strong>Med\u017eiaga ir stiprumas<\/strong><\/h4>\n<p>Visi tvirtinimo komponentai pagaminti i\u0161 ma\u017eai legiruoto didelio atsparumo plieno, tod\u0117l yra ilgaam\u017eiai ir tvirti. M20 8.8 stiprumo klas\u0117s var\u017etai priver\u017eiami 220 N-m sukimo momentu, tod\u0117l tvirtinimas yra tvirtas ir saugus. Be to, sistema gali atlaikyti did\u017eiausi\u0105 \u0161onin\u0119 65 kN j\u0117g\u0105 kiekviename rato apkrovos ta\u0161ke, tod\u0117l u\u017etikrinamas jos patikimumas atliekant sud\u0117tingas krano operacijas.<\/p>\n<h3><strong>CGWK b\u0117gi\u0173 spaustuko montavimo instrukcijos<\/strong><\/h3>\n<h4><strong>Gele\u017einkelio b\u0117gi\u0173 i\u0161d\u0117stymas<\/strong><\/h4>\n<p>Prie\u0161 pradedant montuoti, b\u016btina i\u0161lyginti b\u0117g\u012f pagal projekto specifikacijas. \u0160is \u017eingsnis yra labai svarbus siekiant u\u017etikrinti teising\u0105 b\u0117gio pad\u0117t\u012f ir tinkam\u0105 visos sistemos veikim\u0105.<\/p>\n<h4><strong>Pagrindo plok\u0161t\u0117s pad\u0117ties nustatymas<\/strong><\/h4>\n<p>Tada 500 mm atstumais i\u0161ilgai b\u0117gi\u0173 krypties i\u0161d\u0117liokite pagrindo plok\u0161tes. Be to, \u012fsitikinkite, kad statmenas atstumas nuo var\u017eto centro iki b\u0117gio centro (a reik\u0161m\u0117) yra teisingai nustatytas, kad b\u016bt\u0173 u\u017etikrintas tinkamas i\u0161lyginimas ir funkcionalumas.<\/p>\n<h4><strong>Pagrindo plok\u0161t\u0117s suvirinimas<\/strong><\/h4>\n<p>Kai pagrindo plok\u0161t\u0117s yra pad\u0117tos, prad\u0117kite virinti pagrindo plok\u0161t\u0119 prie krano sijos naudodami nurodyt\u0105 suvirinimo metod\u0105 (dviej\u0173 arba trij\u0173 pusi\u0173 suvirinim\u0105). \u0160iuo veiksmu pagrindo plok\u0161t\u0117s pritvirtinamos prie krano sijos, taip suformuojant stabil\u0173 pagrind\u0105 b\u0117gi\u0173 spaustukams.<\/p>\n<h4><strong>Komponent\u0173 surinkimas<\/strong><\/h4>\n<p>Surinkti <strong>CGWK b\u0117gi\u0173 spaustukas<\/strong>, atlikite \u0161iuos veiksmus toliau nurodyta tvarka:<\/p>\n<ul>\n<li>Nustatykite var\u017etus, kad pritvirtintum\u0117te komponentus.<\/li>\n<li>U\u017ed\u0117kite vir\u0161utin\u0119 prispaudimo plok\u0161t\u0119 ant pagrindo plok\u0161t\u0117s.<\/li>\n<li>Prie var\u017et\u0173 prid\u0117kite plok\u0161\u010dias pover\u017eles, spyruoklines pover\u017eles ir ver\u017eles.<\/li>\n<li>Galiausiai priver\u017ekite ver\u017eles 220 N-m sukimo momentu, kad sistema b\u016bt\u0173 patikimai sumontuota ir paruo\u0161ta naudoti.<\/li>\n<\/ul>\n<p>Laikydamiesi \u0161i\u0173 nurodym\u0173, <strong>CGWK b\u0117gi\u0173 spaustukas<\/strong> sistema bus \u012fdiegta efektyviai ir u\u017etikrins patikim\u0105 ir ilgaam\u017e\u012f krano b\u0117gi\u0173 tvirtinimo sprendim\u0105. D\u0117l tikslios konstrukcijos, naudojam\u0173 didelio atsparumo med\u017eiag\u0173 ir paprasto montavimo ji yra idealus pasirinkimas sud\u0117tingoms pramonin\u0117ms reikm\u0117ms.<\/p>","protected":false},"excerpt":{"rendered":"<h6><span style=\"font-family: arial, helvetica, sans-serif; font-size: 14pt;\"><strong>CGWK Rail Clip specifikacijos<\/strong><\/span><\/h6>\n<ul>\n<li><strong>Modeliai<\/strong>: CGWK38, CGWK43, CGWK50, CGWK60, CGWK70, CGWK80, CGWK100, CGWK120<\/li>\n<li><strong>Tvirtinimo metodas<\/strong>: Suvirinta pagrindo plok\u0161t\u0117<\/li>\n<\/ul>","protected":false},"featured_media":7094,"template":"","meta":{"_kad_post_transparent":"default","_kad_post_title":"","_kad_post_layout":"default","_kad_post_sidebar_id":"","_kad_post_content_style":"default","_kad_post_vertical_padding":"show","_kad_post_feature":"","_kad_post_feature_position":"","_kad_post_header":false,"_kad_post_footer":false},"product_brand":[],"product_cat":[83],"product_tag":[483,482,481,480,376,489,486,490,488,484,492,487,485,493,478,491,477,479],"class_list":{"0":"post-5524","1":"product","2":"type-product","3":"status-publish","4":"has-post-thumbnail","6":"product_cat-crane-rail-clip","7":"product_tag-05g525-rail-clip","8":"product_tag-cgbk-rail-clip","9":"product_tag-cgek-rail-clip","10":"product_tag-cgwk-rail-clip","11":"product_tag-china-crane-parts-supplier","12":"product_tag-crane-rail-clamp","13":"product_tag-crane-rail-clip","14":"product_tag-crane-rail-clip-supplier","15":"product_tag-crane-rail-fixing-device","16":"product_tag-hdgy-rail-clip","17":"product_tag-rail-connection-splint","18":"product_tag-rail-fixing-device","19":"product_tag-rail-joint","20":"product_tag-special-crane-spreader","21":"product_tag-swjk-rail-clip","22":"product_tag-tracks-jointing-plates","23":"product_tag-wjk-rail-clip","24":"product_tag-wjkc-rail-clip","26":"first","27":"instock","28":"shipping-taxable","29":"product-type-simple","30":"entry","31":"content-bg","32":"loop-entry"},"yoast_head":"<!-- This site is optimized with the Yoast SEO plugin v24.5 - https:\/\/yoast.com\/wordpress\/plugins\/seo\/ -->\n<title>CGWK Rail Clip - Rail fixing device- Rail Clamp-Crane Parts Manufacturer<\/title>\n<meta name=\"description\" content=\"Rail Clips,CGWK Rail Clip,Crane Rail Clips,Rail fixing device,Crane Rail fixing device,crane Rail Clamp,WJK Rail Clips,Overhead Crane Rail Clip\" \/>\n<meta name=\"robots\" content=\"index, follow, max-snippet:-1, max-image-preview:large, max-video-preview:-1\" \/>\n<link rel=\"canonical\" href=\"https:\/\/www.hnhlcranes.com\/lt\/produktas\/cgwk-begiu-spaustukas\/\" \/>\n<meta property=\"og:locale\" content=\"lt_LT\" \/>\n<meta property=\"og:type\" content=\"article\" \/>\n<meta property=\"og:title\" content=\"CGWK Rail Clip - Rail fixing device- Rail Clamp-Crane Parts Manufacturer\" \/>\n<meta property=\"og:description\" content=\"Rail Clips,CGWK Rail Clip,Crane Rail Clips,Rail fixing device,Crane Rail fixing device,crane Rail Clamp,WJK Rail Clips,Overhead Crane Rail Clip\" \/>\n<meta property=\"og:url\" content=\"https:\/\/www.hnhlcranes.com\/lt\/produktas\/cgwk-begiu-spaustukas\/\" \/>\n<meta property=\"og:site_name\" content=\"Crane Parts Manufacturer\" \/>\n<meta property=\"article:modified_time\" content=\"2025-01-10T09:37:54+00:00\" \/>\n<meta property=\"og:image\" content=\"https:\/\/www.hnhlcranes.com\/wp-content\/uploads\/2024\/11\/CGWK-Rail-Clip.jpg\" \/>\n\t<meta property=\"og:image:width\" content=\"600\" \/>\n\t<meta property=\"og:image:height\" content=\"600\" \/>\n\t<meta property=\"og:image:type\" content=\"image\/jpeg\" \/>\n<meta name=\"twitter:card\" content=\"summary_large_image\" \/>\n<meta name=\"twitter:label1\" content=\"Est. reading time\" \/>\n\t<meta name=\"twitter:data1\" content=\"3 minut\u0117s\" \/>\n<script type=\"application\/ld+json\" class=\"yoast-schema-graph\">{\"@context\":\"https:\/\/schema.org\",\"@graph\":[{\"@type\":\"WebPage\",\"@id\":\"https:\/\/www.hnhlcranes.com\/product\/cgwk-rail-clip\/\",\"url\":\"https:\/\/www.hnhlcranes.com\/product\/cgwk-rail-clip\/\",\"name\":\"CGWK Rail Clip - Rail fixing device- Rail Clamp-Crane Parts Manufacturer\",\"isPartOf\":{\"@id\":\"https:\/\/www.hnhlcranes.com\/#website\"},\"primaryImageOfPage\":{\"@id\":\"https:\/\/www.hnhlcranes.com\/product\/cgwk-rail-clip\/#primaryimage\"},\"image\":{\"@id\":\"https:\/\/www.hnhlcranes.com\/product\/cgwk-rail-clip\/#primaryimage\"},\"thumbnailUrl\":\"https:\/\/www.hnhlcranes.com\/wp-content\/uploads\/2024\/11\/CGWK-Rail-Clip.jpg\",\"datePublished\":\"2024-11-29T13:45:30+00:00\",\"dateModified\":\"2025-01-10T09:37:54+00:00\",\"description\":\"Rail Clips,CGWK Rail Clip,Crane Rail Clips,Rail fixing device,Crane Rail fixing device,crane Rail Clamp,WJK Rail Clips,Overhead Crane Rail Clip\",\"breadcrumb\":{\"@id\":\"https:\/\/www.hnhlcranes.com\/product\/cgwk-rail-clip\/#breadcrumb\"},\"inLanguage\":\"lt-LT\",\"potentialAction\":[{\"@type\":\"ReadAction\",\"target\":[\"https:\/\/www.hnhlcranes.com\/product\/cgwk-rail-clip\/\"]}]},{\"@type\":\"ImageObject\",\"inLanguage\":\"lt-LT\",\"@id\":\"https:\/\/www.hnhlcranes.com\/product\/cgwk-rail-clip\/#primaryimage\",\"url\":\"https:\/\/www.hnhlcranes.com\/wp-content\/uploads\/2024\/11\/CGWK-Rail-Clip.jpg\",\"contentUrl\":\"https:\/\/www.hnhlcranes.com\/wp-content\/uploads\/2024\/11\/CGWK-Rail-Clip.jpg\",\"width\":600,\"height\":600},{\"@type\":\"BreadcrumbList\",\"@id\":\"https:\/\/www.hnhlcranes.com\/product\/cgwk-rail-clip\/#breadcrumb\",\"itemListElement\":[{\"@type\":\"ListItem\",\"position\":1,\"name\":\"home\",\"item\":\"https:\/\/www.hnhlcranes.com\/\"},{\"@type\":\"ListItem\",\"position\":2,\"name\":\"products\",\"item\":\"https:\/\/www.hnhlcranes.com\/products\/\"},{\"@type\":\"ListItem\",\"position\":3,\"name\":\"CGWK Rail Clip\"}]},{\"@type\":\"WebSite\",\"@id\":\"https:\/\/www.hnhlcranes.com\/#website\",\"url\":\"https:\/\/www.hnhlcranes.com\/\",\"name\":\"Crane Parts Manufacturer\",\"description\":\"Crane Wheels,Crane Drums,Crane Hooks,Crane Coupling,Crane End Carriage,Electric Hoist,European Crane Parts,Crane Rail Clip,Crane Spreader,Crane Motor,Crane Reducer,Crane Brake,Light Crane Parts,Workstation Crane Parts,Crane Electrical Parts,China Crane Parts Supplier,China Crane Parts Manufacturer,Angle box type crane wheel,45 degree split crane wheel,European crane wheel,Crane Wheel Blocks,Overhead crane drum,European crane drum,Overhead crane hook,European crane hook,Crane pulley block,Gear coupling,Brake wheel coupling,Drum gear coupling,Brake wheel drum gear coupling,Cardan Shaft Coupling,WZL drum coupling,Plum blossom elastic coupling,Brake wheel plum elastic coupling,European Single girder crane end carriage,European Double girder crane end carriage,European Suspension  crane end carriage,Wire Rope Electric Hoist,Electric Chain Hoist,European Single Girder Wire Rope Electric Hoist,European Double Girder Wire Rope Electric Hoist,Crane grab,Container spreader,Billet crane clamps,C-type hook,Lifting Electromagnet,YZR crane motor,YZP crane motor,ZQ Reducer,ZSC Reducer,QJ Reducer,QJ-L Reducer,QJY Reducer,H series gearbox,F Series Gear Motor,K Series Gear Motor,R Series Gear Motor,travelling machinery gear motor,Electro hydraulic drum brake,Electro hydraulic disc brake,Crane Safety brake,Crane cable trolley,Crane remote controller,Crane pendant controller,Crane electrical control cabinet,Crane limit switch,Crane sound and light alarm,Heavy Duty Aviation Connector,Crane overload limiter\",\"publisher\":{\"@id\":\"https:\/\/www.hnhlcranes.com\/#organization\"},\"potentialAction\":[{\"@type\":\"SearchAction\",\"target\":{\"@type\":\"EntryPoint\",\"urlTemplate\":\"https:\/\/www.hnhlcranes.com\/?s={search_term_string}\"},\"query-input\":{\"@type\":\"PropertyValueSpecification\",\"valueRequired\":true,\"valueName\":\"search_term_string\"}}],\"inLanguage\":\"lt-LT\"},{\"@type\":\"Organization\",\"@id\":\"https:\/\/www.hnhlcranes.com\/#organization\",\"name\":\"Crane Parts Manufacturer\",\"url\":\"https:\/\/www.hnhlcranes.com\/\",\"logo\":{\"@type\":\"ImageObject\",\"inLanguage\":\"lt-LT\",\"@id\":\"https:\/\/www.hnhlcranes.com\/#\/schema\/logo\/image\/\",\"url\":\"https:\/\/www.hnhlcranes.com\/wp-content\/uploads\/2025\/01\/HL-logo-1.png\",\"contentUrl\":\"https:\/\/www.hnhlcranes.com\/wp-content\/uploads\/2025\/01\/HL-logo-1.png\",\"width\":600,\"height\":169,\"caption\":\"Crane Parts Manufacturer\"},\"image\":{\"@id\":\"https:\/\/www.hnhlcranes.com\/#\/schema\/logo\/image\/\"}}]}<\/script>\n<!-- \/ Yoast SEO plugin. -->","yoast_head_json":{"title":"CGWK Rail Clip - Rail fixing device- Rail Clamp-Crane Parts Manufacturer","description":"Rail Clips,CGWK Rail Clip,Crane Rail Clips,Rail fixing device,Crane Rail fixing device,crane Rail Clamp,WJK Rail Clips,Overhead Crane Rail Clip","robots":{"index":"index","follow":"follow","max-snippet":"max-snippet:-1","max-image-preview":"max-image-preview:large","max-video-preview":"max-video-preview:-1"},"canonical":"https:\/\/www.hnhlcranes.com\/lt\/produktas\/cgwk-begiu-spaustukas\/","og_locale":"lt_LT","og_type":"article","og_title":"CGWK Rail Clip - Rail fixing device- Rail Clamp-Crane Parts Manufacturer","og_description":"Rail Clips,CGWK Rail Clip,Crane Rail Clips,Rail fixing device,Crane Rail fixing device,crane Rail Clamp,WJK Rail Clips,Overhead Crane Rail Clip","og_url":"https:\/\/www.hnhlcranes.com\/lt\/produktas\/cgwk-begiu-spaustukas\/","og_site_name":"Crane Parts Manufacturer","article_modified_time":"2025-01-10T09:37:54+00:00","og_image":[{"width":600,"height":600,"url":"https:\/\/www.hnhlcranes.com\/wp-content\/uploads\/2024\/11\/CGWK-Rail-Clip.jpg","type":"image\/jpeg"}],"twitter_card":"summary_large_image","twitter_misc":{"Est. reading time":"3 minut\u0117s"},"schema":{"@context":"https:\/\/schema.org","@graph":[{"@type":"WebPage","@id":"https:\/\/www.hnhlcranes.com\/product\/cgwk-rail-clip\/","url":"https:\/\/www.hnhlcranes.com\/product\/cgwk-rail-clip\/","name":"CGWK Rail Clip - Rail fixing device- Rail Clamp-Crane Parts Manufacturer","isPartOf":{"@id":"https:\/\/www.hnhlcranes.com\/#website"},"primaryImageOfPage":{"@id":"https:\/\/www.hnhlcranes.com\/product\/cgwk-rail-clip\/#primaryimage"},"image":{"@id":"https:\/\/www.hnhlcranes.com\/product\/cgwk-rail-clip\/#primaryimage"},"thumbnailUrl":"https:\/\/www.hnhlcranes.com\/wp-content\/uploads\/2024\/11\/CGWK-Rail-Clip.jpg","datePublished":"2024-11-29T13:45:30+00:00","dateModified":"2025-01-10T09:37:54+00:00","description":"Rail Clips,CGWK Rail Clip,Crane Rail Clips,Rail fixing device,Crane Rail fixing device,crane Rail Clamp,WJK Rail Clips,Overhead Crane Rail Clip","breadcrumb":{"@id":"https:\/\/www.hnhlcranes.com\/product\/cgwk-rail-clip\/#breadcrumb"},"inLanguage":"lt-LT","potentialAction":[{"@type":"ReadAction","target":["https:\/\/www.hnhlcranes.com\/product\/cgwk-rail-clip\/"]}]},{"@type":"ImageObject","inLanguage":"lt-LT","@id":"https:\/\/www.hnhlcranes.com\/product\/cgwk-rail-clip\/#primaryimage","url":"https:\/\/www.hnhlcranes.com\/wp-content\/uploads\/2024\/11\/CGWK-Rail-Clip.jpg","contentUrl":"https:\/\/www.hnhlcranes.com\/wp-content\/uploads\/2024\/11\/CGWK-Rail-Clip.jpg","width":600,"height":600},{"@type":"BreadcrumbList","@id":"https:\/\/www.hnhlcranes.com\/product\/cgwk-rail-clip\/#breadcrumb","itemListElement":[{"@type":"ListItem","position":1,"name":"home","item":"https:\/\/www.hnhlcranes.com\/"},{"@type":"ListItem","position":2,"name":"products","item":"https:\/\/www.hnhlcranes.com\/products\/"},{"@type":"ListItem","position":3,"name":"CGWK Rail Clip"}]},{"@type":"WebSite","@id":"https:\/\/www.hnhlcranes.com\/#website","url":"https:\/\/www.hnhlcranes.com\/","name":"Crane Parts Manufacturer","description":"Crane Wheels,Crane Drums,Crane Hooks,Crane Coupling,Crane End Carriage,Electric Hoist,European Crane Parts,Crane Rail Clip,Crane Spreader,Crane Motor,Crane Reducer,Crane Brake,Light Crane Parts,Workstation Crane Parts,Crane Electrical Parts,China Crane Parts Supplier,China Crane Parts Manufacturer,Angle box type crane wheel,45 degree split crane wheel,European crane wheel,Crane Wheel Blocks,Overhead crane drum,European crane drum,Overhead crane hook,European crane hook,Crane pulley block,Gear coupling,Brake wheel coupling,Drum gear coupling,Brake wheel drum gear coupling,Cardan Shaft Coupling,WZL drum coupling,Plum blossom elastic coupling,Brake wheel plum elastic coupling,European Single girder crane end carriage,European Double girder crane end carriage,European Suspension  crane end carriage,Wire Rope Electric Hoist,Electric Chain Hoist,European Single Girder Wire Rope Electric Hoist,European Double Girder Wire Rope Electric Hoist,Crane grab,Container spreader,Billet crane clamps,C-type hook,Lifting Electromagnet,YZR crane motor,YZP crane motor,ZQ Reducer,ZSC Reducer,QJ Reducer,QJ-L Reducer,QJY Reducer,H series gearbox,F Series Gear Motor,K Series Gear Motor,R Series Gear Motor,travelling machinery gear motor,Electro hydraulic drum brake,Electro hydraulic disc brake,Crane Safety brake,Crane cable trolley,Crane remote controller,Crane pendant controller,Crane electrical control cabinet,Crane limit switch,Crane sound and light alarm,Heavy Duty Aviation Connector,Crane overload limiter","publisher":{"@id":"https:\/\/www.hnhlcranes.com\/#organization"},"potentialAction":[{"@type":"SearchAction","target":{"@type":"EntryPoint","urlTemplate":"https:\/\/www.hnhlcranes.com\/?s={search_term_string}"},"query-input":{"@type":"PropertyValueSpecification","valueRequired":true,"valueName":"search_term_string"}}],"inLanguage":"lt-LT"},{"@type":"Organization","@id":"https:\/\/www.hnhlcranes.com\/#organization","name":"Crane Parts Manufacturer","url":"https:\/\/www.hnhlcranes.com\/","logo":{"@type":"ImageObject","inLanguage":"lt-LT","@id":"https:\/\/www.hnhlcranes.com\/#\/schema\/logo\/image\/","url":"https:\/\/www.hnhlcranes.com\/wp-content\/uploads\/2025\/01\/HL-logo-1.png","contentUrl":"https:\/\/www.hnhlcranes.com\/wp-content\/uploads\/2025\/01\/HL-logo-1.png","width":600,"height":169,"caption":"Crane Parts Manufacturer"},"image":{"@id":"https:\/\/www.hnhlcranes.com\/#\/schema\/logo\/image\/"}}]}},"_links":{"self":[{"href":"https:\/\/www.hnhlcranes.com\/lt\/wp-json\/wp\/v2\/product\/5524","targetHints":{"allow":["GET"]}}],"collection":[{"href":"https:\/\/www.hnhlcranes.com\/lt\/wp-json\/wp\/v2\/product"}],"about":[{"href":"https:\/\/www.hnhlcranes.com\/lt\/wp-json\/wp\/v2\/types\/product"}],"version-history":[{"count":5,"href":"https:\/\/www.hnhlcranes.com\/lt\/wp-json\/wp\/v2\/product\/5524\/revisions"}],"predecessor-version":[{"id":7194,"href":"https:\/\/www.hnhlcranes.com\/lt\/wp-json\/wp\/v2\/product\/5524\/revisions\/7194"}],"wp:featuredmedia":[{"embeddable":true,"href":"https:\/\/www.hnhlcranes.com\/lt\/wp-json\/wp\/v2\/media\/7094"}],"wp:attachment":[{"href":"https:\/\/www.hnhlcranes.com\/lt\/wp-json\/wp\/v2\/media?parent=5524"}],"wp:term":[{"taxonomy":"product_brand","embeddable":true,"href":"https:\/\/www.hnhlcranes.com\/lt\/wp-json\/wp\/v2\/product_brand?post=5524"},{"taxonomy":"product_cat","embeddable":true,"href":"https:\/\/www.hnhlcranes.com\/lt\/wp-json\/wp\/v2\/product_cat?post=5524"},{"taxonomy":"product_tag","embeddable":true,"href":"https:\/\/www.hnhlcranes.com\/lt\/wp-json\/wp\/v2\/product_tag?post=5524"}],"curies":[{"name":"wp","href":"https:\/\/api.w.org\/{rel}","templated":true}]}}