{"id":5534,"date":"2024-11-29T22:13:04","date_gmt":"2024-11-29T14:13:04","guid":{"rendered":"https:\/\/www.hnhlcranes.com\/?post_type=product&#038;p=5534"},"modified":"2025-01-10T00:40:21","modified_gmt":"2025-01-09T16:40:21","slug":"cgbk-begiu-spaustukas","status":"publish","type":"product","link":"https:\/\/www.hnhlcranes.com\/lt\/produktas\/cgbk-begiu-spaustukas\/","title":{"rendered":"CGBK b\u0117gi\u0173 spaustukas"},"content":{"rendered":"<h6><img fetchpriority=\"high\" decoding=\"async\" class=\"alignnone wp-image-7107\" src=\"https:\/\/www.hnhlcranes.com\/wp-content\/uploads\/2024\/11\/CGBK-Rail-Clip-1-300x104.jpg\" alt=\"\" width=\"949\" height=\"329\" srcset=\"https:\/\/www.hnhlcranes.com\/wp-content\/uploads\/2024\/11\/CGBK-Rail-Clip-1-300x104.jpg 300w, https:\/\/www.hnhlcranes.com\/wp-content\/uploads\/2024\/11\/CGBK-Rail-Clip-1-768x266.jpg 768w, https:\/\/www.hnhlcranes.com\/wp-content\/uploads\/2024\/11\/CGBK-Rail-Clip-1-600x208.jpg 600w, https:\/\/www.hnhlcranes.com\/wp-content\/uploads\/2024\/11\/CGBK-Rail-Clip-1.jpg 1000w\" sizes=\"(max-width: 949px) 100vw, 949px\" \/><\/h6>\n<h6><span style=\"font-family: arial, helvetica, sans-serif; font-size: 18pt;\"><strong>CGBK Rail Clip ypatyb\u0117s<\/strong><\/span><\/h6>\n<ul>\n<li><strong>Lengvas montavimas ir prie\u017ei\u016bra<\/strong><br \/>\nCGBK b\u0117gi\u0173 spaustukai skirti palengvinti b\u0117gi\u0173 montavim\u0105, reguliavim\u0105 ir keitim\u0105, taip u\u017etikrinant veiklos efektyvum\u0105.<\/li>\n<li><strong>Triuk\u0161mo ma\u017einimas ir vibracijos slopinimas<\/strong><br \/>\nD\u0117l guminio lie\u017euv\u0117lio ir kompozicinio guminio pado klipai amortizuoja ir veiksmingai ma\u017eina triuk\u0161m\u0105.<\/li>\n<li><strong>Var\u017et\u0173 sukimo momento specifikacijos<\/strong><br \/>\nSistemoje naudojami M22 var\u017etai priver\u017eiami 170 N-m sukimo momentu.<\/li>\n<li><strong>Did\u017eiausia \u0161onin\u0117 j\u0117ga<\/strong><br \/>\nLaikikliai atlaiko did\u017eiausi\u0105 80 kN \u0161onin\u0119 j\u0117g\u0105 ir u\u017etikrina stabilum\u0105 veikiant didel\u0117ms apkrovoms.<\/li>\n<\/ul>\n<h6><span style=\"font-family: arial, helvetica, sans-serif; font-size: 18pt;\"><strong>Pagrindin\u0117s aplinkyb\u0117s renkantis CGBK b\u0117gi\u0173 spaustuk\u0105<\/strong><\/span><\/h6>\n<ul>\n<li><strong>Suderinamumas su krano ratais ir b\u0117giais<\/strong>\n<ul>\n<li>Horizontal\u016bs krano ratai turi atitikti pasirinkto b\u0117gi\u0173 tipo specifikacijas.<\/li>\n<\/ul>\n<\/li>\n<li><strong>Tarpas tarp krano rat\u0173 ir b\u0117gi\u0173 spaustuk\u0173<\/strong>\n<ul>\n<li>U\u017etikrinkite, kad tarp krano horizontali\u0173 rat\u0173 ir b\u0117gi\u0173 laikikli\u0173 b\u016bt\u0173 ma\u017eesnis nei 10 mm tarpas.<\/li>\n<li>Jei \u0161ios s\u0105lygos nesilaikoma, galima naudoti atvirk\u0161tin\u012f var\u017et\u0173 montavim\u0105, kad b\u016bt\u0173 suma\u017einta b\u0117gi\u0173 spaustuk\u0173 u\u017eimama erdv\u0117.<\/li>\n<\/ul>\n<\/li>\n<li><strong>Sunkiasvori\u0173 kran\u0173 sutvirtinimas<\/strong>\n<ul>\n<li>Jei kranai dirba itin sunkiomis s\u0105lygomis, po b\u0117giu esan\u010di\u0105 kompozitin\u0119 gumin\u0119 pagalv\u0117l\u0119 pakeiskite 6 mm storio plienine plok\u0161tele (med\u017eiaga: Q235).<\/li>\n<\/ul>\n<\/li>\n<li><strong>Modelio pasirinkimas pagal b\u0117gio tip\u0105<\/strong>\n<ul>\n<li>Pagal b\u0117gio tip\u0105 pasirinkite tinkam\u0105 CGBK spaustuko model\u012f. Pavyzd\u017eiui, QU100 tipo b\u0117giui naudokite CGBK100 model\u012f.<\/li>\n<\/ul>\n<\/li>\n<\/ul>","protected":false},"excerpt":{"rendered":"<h6><span style=\"font-family: arial, helvetica, sans-serif; font-size: 14pt;\"><strong>CGBK Rail Clip specifikacijos<\/strong><\/span><\/h6>\n<ul>\n<li><strong>Modeliai:<\/strong> CGBK38, CGBK43, CGBK50, CGBK60, CGBK70, CGBK80, CGBK100, CGBK120<\/li>\n<li><strong>Tvirtinimo b\u016bdas:<\/strong> Var\u017et\u0173 tvirtinimas<\/li>\n<\/ul>","protected":false},"featured_media":7108,"template":"","meta":{"_kad_post_transparent":"default","_kad_post_title":"","_kad_post_layout":"default","_kad_post_sidebar_id":"","_kad_post_content_style":"default","_kad_post_vertical_padding":"show","_kad_post_feature":"","_kad_post_feature_position":"","_kad_post_header":false,"_kad_post_footer":false},"product_brand":[],"product_cat":[83],"product_tag":[483,482,481,480,376,489,486,490,488,484,492,487,485,493,478,491,477,479],"class_list":{"0":"post-5534","1":"product","2":"type-product","3":"status-publish","4":"has-post-thumbnail","6":"product_cat-crane-rail-clip","7":"product_tag-05g525-rail-clip","8":"product_tag-cgbk-rail-clip","9":"product_tag-cgek-rail-clip","10":"product_tag-cgwk-rail-clip","11":"product_tag-china-crane-parts-supplier","12":"product_tag-crane-rail-clamp","13":"product_tag-crane-rail-clip","14":"product_tag-crane-rail-clip-supplier","15":"product_tag-crane-rail-fixing-device","16":"product_tag-hdgy-rail-clip","17":"product_tag-rail-connection-splint","18":"product_tag-rail-fixing-device","19":"product_tag-rail-joint","20":"product_tag-special-crane-spreader","21":"product_tag-swjk-rail-clip","22":"product_tag-tracks-jointing-plates","23":"product_tag-wjk-rail-clip","24":"product_tag-wjkc-rail-clip","26":"first","27":"instock","28":"shipping-taxable","29":"product-type-simple","30":"entry","31":"content-bg","32":"loop-entry"},"yoast_head":"<!-- This site is optimized with the Yoast SEO plugin v24.5 - https:\/\/yoast.com\/wordpress\/plugins\/seo\/ -->\n<title>CGBK Rail Clip - Rail Clamp- Crane Rail fixing device-Crane Parts Manufacturer<\/title>\n<meta name=\"description\" content=\"Rail Clips,CGBK Rail Clip,Crane Rail Clips,Rail fixing device,Crane Rail fixing device,crane Rail Clamp,WJK Rail Clips,Overhead Crane Rail Clip\" \/>\n<meta name=\"robots\" content=\"index, follow, max-snippet:-1, max-image-preview:large, max-video-preview:-1\" \/>\n<link rel=\"canonical\" href=\"https:\/\/www.hnhlcranes.com\/lt\/produktas\/cgbk-begiu-spaustukas\/\" \/>\n<meta property=\"og:locale\" content=\"lt_LT\" \/>\n<meta property=\"og:type\" content=\"article\" \/>\n<meta property=\"og:title\" content=\"CGBK Rail Clip - Rail Clamp- Crane Rail fixing device-Crane Parts Manufacturer\" \/>\n<meta property=\"og:description\" content=\"Rail Clips,CGBK Rail Clip,Crane Rail Clips,Rail fixing device,Crane Rail fixing device,crane Rail Clamp,WJK Rail Clips,Overhead Crane Rail Clip\" \/>\n<meta property=\"og:url\" content=\"https:\/\/www.hnhlcranes.com\/lt\/produktas\/cgbk-begiu-spaustukas\/\" \/>\n<meta property=\"og:site_name\" content=\"Crane Parts Manufacturer\" \/>\n<meta property=\"article:modified_time\" content=\"2025-01-09T16:40:21+00:00\" \/>\n<meta property=\"og:image\" content=\"https:\/\/www.hnhlcranes.com\/wp-content\/uploads\/2024\/11\/CGBK-Rail-Clip.jpg\" \/>\n\t<meta property=\"og:image:width\" content=\"600\" \/>\n\t<meta property=\"og:image:height\" content=\"600\" \/>\n\t<meta property=\"og:image:type\" content=\"image\/jpeg\" \/>\n<meta name=\"twitter:card\" content=\"summary_large_image\" \/>\n<meta name=\"twitter:label1\" content=\"Est. reading time\" \/>\n\t<meta name=\"twitter:data1\" content=\"2 minut\u0117s\" \/>\n<script type=\"application\/ld+json\" class=\"yoast-schema-graph\">{\"@context\":\"https:\/\/schema.org\",\"@graph\":[{\"@type\":\"WebPage\",\"@id\":\"https:\/\/www.hnhlcranes.com\/product\/cgbk-rail-clip\/\",\"url\":\"https:\/\/www.hnhlcranes.com\/product\/cgbk-rail-clip\/\",\"name\":\"CGBK Rail Clip - Rail Clamp- Crane Rail fixing device-Crane Parts Manufacturer\",\"isPartOf\":{\"@id\":\"https:\/\/www.hnhlcranes.com\/#website\"},\"primaryImageOfPage\":{\"@id\":\"https:\/\/www.hnhlcranes.com\/product\/cgbk-rail-clip\/#primaryimage\"},\"image\":{\"@id\":\"https:\/\/www.hnhlcranes.com\/product\/cgbk-rail-clip\/#primaryimage\"},\"thumbnailUrl\":\"https:\/\/www.hnhlcranes.com\/wp-content\/uploads\/2024\/11\/CGBK-Rail-Clip.jpg\",\"datePublished\":\"2024-11-29T14:13:04+00:00\",\"dateModified\":\"2025-01-09T16:40:21+00:00\",\"description\":\"Rail Clips,CGBK Rail Clip,Crane Rail Clips,Rail fixing device,Crane Rail fixing device,crane Rail Clamp,WJK Rail Clips,Overhead Crane Rail Clip\",\"breadcrumb\":{\"@id\":\"https:\/\/www.hnhlcranes.com\/product\/cgbk-rail-clip\/#breadcrumb\"},\"inLanguage\":\"lt-LT\",\"potentialAction\":[{\"@type\":\"ReadAction\",\"target\":[\"https:\/\/www.hnhlcranes.com\/product\/cgbk-rail-clip\/\"]}]},{\"@type\":\"ImageObject\",\"inLanguage\":\"lt-LT\",\"@id\":\"https:\/\/www.hnhlcranes.com\/product\/cgbk-rail-clip\/#primaryimage\",\"url\":\"https:\/\/www.hnhlcranes.com\/wp-content\/uploads\/2024\/11\/CGBK-Rail-Clip.jpg\",\"contentUrl\":\"https:\/\/www.hnhlcranes.com\/wp-content\/uploads\/2024\/11\/CGBK-Rail-Clip.jpg\",\"width\":600,\"height\":600},{\"@type\":\"BreadcrumbList\",\"@id\":\"https:\/\/www.hnhlcranes.com\/product\/cgbk-rail-clip\/#breadcrumb\",\"itemListElement\":[{\"@type\":\"ListItem\",\"position\":1,\"name\":\"home\",\"item\":\"https:\/\/www.hnhlcranes.com\/\"},{\"@type\":\"ListItem\",\"position\":2,\"name\":\"products\",\"item\":\"https:\/\/www.hnhlcranes.com\/products\/\"},{\"@type\":\"ListItem\",\"position\":3,\"name\":\"CGBK Rail Clip\"}]},{\"@type\":\"WebSite\",\"@id\":\"https:\/\/www.hnhlcranes.com\/#website\",\"url\":\"https:\/\/www.hnhlcranes.com\/\",\"name\":\"Crane Parts Manufacturer\",\"description\":\"Crane Wheels,Crane Drums,Crane Hooks,Crane Coupling,Crane End Carriage,Electric Hoist,European Crane Parts,Crane Rail Clip,Crane Spreader,Crane Motor,Crane Reducer,Crane Brake,Light Crane Parts,Workstation Crane Parts,Crane Electrical Parts,China Crane Parts Supplier,China Crane Parts Manufacturer,Angle box type crane wheel,45 degree split crane wheel,European crane wheel,Crane Wheel Blocks,Overhead crane drum,European crane drum,Overhead crane hook,European crane hook,Crane pulley block,Gear coupling,Brake wheel coupling,Drum gear coupling,Brake wheel drum gear coupling,Cardan Shaft Coupling,WZL drum coupling,Plum blossom elastic coupling,Brake wheel plum elastic coupling,European Single girder crane end carriage,European Double girder crane end carriage,European Suspension  crane end carriage,Wire Rope Electric Hoist,Electric Chain Hoist,European Single Girder Wire Rope Electric Hoist,European Double Girder Wire Rope Electric Hoist,Crane grab,Container spreader,Billet crane clamps,C-type hook,Lifting Electromagnet,YZR crane motor,YZP crane motor,ZQ Reducer,ZSC Reducer,QJ Reducer,QJ-L Reducer,QJY Reducer,H series gearbox,F Series Gear Motor,K Series Gear Motor,R Series Gear Motor,travelling machinery gear motor,Electro hydraulic drum brake,Electro hydraulic disc brake,Crane Safety brake,Crane cable trolley,Crane remote controller,Crane pendant controller,Crane electrical control cabinet,Crane limit switch,Crane sound and light alarm,Heavy Duty Aviation Connector,Crane overload limiter\",\"publisher\":{\"@id\":\"https:\/\/www.hnhlcranes.com\/#organization\"},\"potentialAction\":[{\"@type\":\"SearchAction\",\"target\":{\"@type\":\"EntryPoint\",\"urlTemplate\":\"https:\/\/www.hnhlcranes.com\/?s={search_term_string}\"},\"query-input\":{\"@type\":\"PropertyValueSpecification\",\"valueRequired\":true,\"valueName\":\"search_term_string\"}}],\"inLanguage\":\"lt-LT\"},{\"@type\":\"Organization\",\"@id\":\"https:\/\/www.hnhlcranes.com\/#organization\",\"name\":\"Crane Parts Manufacturer\",\"url\":\"https:\/\/www.hnhlcranes.com\/\",\"logo\":{\"@type\":\"ImageObject\",\"inLanguage\":\"lt-LT\",\"@id\":\"https:\/\/www.hnhlcranes.com\/#\/schema\/logo\/image\/\",\"url\":\"https:\/\/www.hnhlcranes.com\/wp-content\/uploads\/2025\/01\/HL-logo-1.png\",\"contentUrl\":\"https:\/\/www.hnhlcranes.com\/wp-content\/uploads\/2025\/01\/HL-logo-1.png\",\"width\":600,\"height\":169,\"caption\":\"Crane Parts Manufacturer\"},\"image\":{\"@id\":\"https:\/\/www.hnhlcranes.com\/#\/schema\/logo\/image\/\"}}]}<\/script>\n<!-- \/ Yoast SEO plugin. -->","yoast_head_json":{"title":"CGBK Rail Clip - Rail Clamp- Crane Rail fixing device-Crane Parts Manufacturer","description":"Rail Clips,CGBK Rail Clip,Crane Rail Clips,Rail fixing device,Crane Rail fixing device,crane Rail Clamp,WJK Rail Clips,Overhead Crane Rail Clip","robots":{"index":"index","follow":"follow","max-snippet":"max-snippet:-1","max-image-preview":"max-image-preview:large","max-video-preview":"max-video-preview:-1"},"canonical":"https:\/\/www.hnhlcranes.com\/lt\/produktas\/cgbk-begiu-spaustukas\/","og_locale":"lt_LT","og_type":"article","og_title":"CGBK Rail Clip - Rail Clamp- Crane Rail fixing device-Crane Parts Manufacturer","og_description":"Rail Clips,CGBK Rail Clip,Crane Rail Clips,Rail fixing device,Crane Rail fixing device,crane Rail Clamp,WJK Rail Clips,Overhead Crane Rail Clip","og_url":"https:\/\/www.hnhlcranes.com\/lt\/produktas\/cgbk-begiu-spaustukas\/","og_site_name":"Crane Parts Manufacturer","article_modified_time":"2025-01-09T16:40:21+00:00","og_image":[{"width":600,"height":600,"url":"https:\/\/www.hnhlcranes.com\/wp-content\/uploads\/2024\/11\/CGBK-Rail-Clip.jpg","type":"image\/jpeg"}],"twitter_card":"summary_large_image","twitter_misc":{"Est. reading time":"2 minut\u0117s"},"schema":{"@context":"https:\/\/schema.org","@graph":[{"@type":"WebPage","@id":"https:\/\/www.hnhlcranes.com\/product\/cgbk-rail-clip\/","url":"https:\/\/www.hnhlcranes.com\/product\/cgbk-rail-clip\/","name":"CGBK Rail Clip - Rail Clamp- Crane Rail fixing device-Crane Parts Manufacturer","isPartOf":{"@id":"https:\/\/www.hnhlcranes.com\/#website"},"primaryImageOfPage":{"@id":"https:\/\/www.hnhlcranes.com\/product\/cgbk-rail-clip\/#primaryimage"},"image":{"@id":"https:\/\/www.hnhlcranes.com\/product\/cgbk-rail-clip\/#primaryimage"},"thumbnailUrl":"https:\/\/www.hnhlcranes.com\/wp-content\/uploads\/2024\/11\/CGBK-Rail-Clip.jpg","datePublished":"2024-11-29T14:13:04+00:00","dateModified":"2025-01-09T16:40:21+00:00","description":"Rail Clips,CGBK Rail Clip,Crane Rail Clips,Rail fixing device,Crane Rail fixing device,crane Rail Clamp,WJK Rail Clips,Overhead Crane Rail Clip","breadcrumb":{"@id":"https:\/\/www.hnhlcranes.com\/product\/cgbk-rail-clip\/#breadcrumb"},"inLanguage":"lt-LT","potentialAction":[{"@type":"ReadAction","target":["https:\/\/www.hnhlcranes.com\/product\/cgbk-rail-clip\/"]}]},{"@type":"ImageObject","inLanguage":"lt-LT","@id":"https:\/\/www.hnhlcranes.com\/product\/cgbk-rail-clip\/#primaryimage","url":"https:\/\/www.hnhlcranes.com\/wp-content\/uploads\/2024\/11\/CGBK-Rail-Clip.jpg","contentUrl":"https:\/\/www.hnhlcranes.com\/wp-content\/uploads\/2024\/11\/CGBK-Rail-Clip.jpg","width":600,"height":600},{"@type":"BreadcrumbList","@id":"https:\/\/www.hnhlcranes.com\/product\/cgbk-rail-clip\/#breadcrumb","itemListElement":[{"@type":"ListItem","position":1,"name":"home","item":"https:\/\/www.hnhlcranes.com\/"},{"@type":"ListItem","position":2,"name":"products","item":"https:\/\/www.hnhlcranes.com\/products\/"},{"@type":"ListItem","position":3,"name":"CGBK Rail Clip"}]},{"@type":"WebSite","@id":"https:\/\/www.hnhlcranes.com\/#website","url":"https:\/\/www.hnhlcranes.com\/","name":"Crane Parts Manufacturer","description":"Crane Wheels,Crane Drums,Crane Hooks,Crane Coupling,Crane End Carriage,Electric Hoist,European Crane Parts,Crane Rail Clip,Crane Spreader,Crane Motor,Crane Reducer,Crane Brake,Light Crane Parts,Workstation Crane Parts,Crane Electrical Parts,China Crane Parts Supplier,China Crane Parts Manufacturer,Angle box type crane wheel,45 degree split crane wheel,European crane wheel,Crane Wheel Blocks,Overhead crane drum,European crane drum,Overhead crane hook,European crane hook,Crane pulley block,Gear coupling,Brake wheel coupling,Drum gear coupling,Brake wheel drum gear coupling,Cardan Shaft Coupling,WZL drum coupling,Plum blossom elastic coupling,Brake wheel plum elastic coupling,European Single girder crane end carriage,European Double girder crane end carriage,European Suspension  crane end carriage,Wire Rope Electric Hoist,Electric Chain Hoist,European Single Girder Wire Rope Electric Hoist,European Double Girder Wire Rope Electric Hoist,Crane grab,Container spreader,Billet crane clamps,C-type hook,Lifting Electromagnet,YZR crane motor,YZP crane motor,ZQ Reducer,ZSC Reducer,QJ Reducer,QJ-L Reducer,QJY Reducer,H series gearbox,F Series Gear Motor,K Series Gear Motor,R Series Gear Motor,travelling machinery gear motor,Electro hydraulic drum brake,Electro hydraulic disc brake,Crane Safety brake,Crane cable trolley,Crane remote controller,Crane pendant controller,Crane electrical control cabinet,Crane limit switch,Crane sound and light alarm,Heavy Duty Aviation Connector,Crane overload limiter","publisher":{"@id":"https:\/\/www.hnhlcranes.com\/#organization"},"potentialAction":[{"@type":"SearchAction","target":{"@type":"EntryPoint","urlTemplate":"https:\/\/www.hnhlcranes.com\/?s={search_term_string}"},"query-input":{"@type":"PropertyValueSpecification","valueRequired":true,"valueName":"search_term_string"}}],"inLanguage":"lt-LT"},{"@type":"Organization","@id":"https:\/\/www.hnhlcranes.com\/#organization","name":"Crane Parts Manufacturer","url":"https:\/\/www.hnhlcranes.com\/","logo":{"@type":"ImageObject","inLanguage":"lt-LT","@id":"https:\/\/www.hnhlcranes.com\/#\/schema\/logo\/image\/","url":"https:\/\/www.hnhlcranes.com\/wp-content\/uploads\/2025\/01\/HL-logo-1.png","contentUrl":"https:\/\/www.hnhlcranes.com\/wp-content\/uploads\/2025\/01\/HL-logo-1.png","width":600,"height":169,"caption":"Crane Parts Manufacturer"},"image":{"@id":"https:\/\/www.hnhlcranes.com\/#\/schema\/logo\/image\/"}}]}},"_links":{"self":[{"href":"https:\/\/www.hnhlcranes.com\/lt\/wp-json\/wp\/v2\/product\/5534","targetHints":{"allow":["GET"]}}],"collection":[{"href":"https:\/\/www.hnhlcranes.com\/lt\/wp-json\/wp\/v2\/product"}],"about":[{"href":"https:\/\/www.hnhlcranes.com\/lt\/wp-json\/wp\/v2\/types\/product"}],"version-history":[{"count":3,"href":"https:\/\/www.hnhlcranes.com\/lt\/wp-json\/wp\/v2\/product\/5534\/revisions"}],"predecessor-version":[{"id":7110,"href":"https:\/\/www.hnhlcranes.com\/lt\/wp-json\/wp\/v2\/product\/5534\/revisions\/7110"}],"wp:featuredmedia":[{"embeddable":true,"href":"https:\/\/www.hnhlcranes.com\/lt\/wp-json\/wp\/v2\/media\/7108"}],"wp:attachment":[{"href":"https:\/\/www.hnhlcranes.com\/lt\/wp-json\/wp\/v2\/media?parent=5534"}],"wp:term":[{"taxonomy":"product_brand","embeddable":true,"href":"https:\/\/www.hnhlcranes.com\/lt\/wp-json\/wp\/v2\/product_brand?post=5534"},{"taxonomy":"product_cat","embeddable":true,"href":"https:\/\/www.hnhlcranes.com\/lt\/wp-json\/wp\/v2\/product_cat?post=5534"},{"taxonomy":"product_tag","embeddable":true,"href":"https:\/\/www.hnhlcranes.com\/lt\/wp-json\/wp\/v2\/product_tag?post=5534"}],"curies":[{"name":"wp","href":"https:\/\/api.w.org\/{rel}","templated":true}]}}