{"id":5544,"date":"2024-11-29T22:40:44","date_gmt":"2024-11-29T14:40:44","guid":{"rendered":"https:\/\/www.hnhlcranes.com\/?post_type=product&#038;p=5544"},"modified":"2025-01-10T18:14:36","modified_gmt":"2025-01-10T10:14:36","slug":"hdgy-begiu-spaustukas","status":"publish","type":"product","link":"https:\/\/www.hnhlcranes.com\/lt\/produktas\/hdgy-begiu-spaustukas\/","title":{"rendered":"HDGY b\u0117gi\u0173 spaustukas"},"content":{"rendered":"<h3><strong>HDGY Rail Clip ypatyb\u0117s<\/strong><\/h3>\n<h4><strong>Elastinga fiksacija ir ma\u017eesnis d\u0117v\u0117jimasis<\/strong><\/h4>\n<p>Svetain\u0117 <strong>HDGY b\u0117gi\u0173 spaustukas<\/strong> yra specialiai sukurta tam, kad u\u017etikrint\u0173 elasting\u0105 b\u0117gi\u0173 tvirtinim\u0105 prie betonini\u0173 krano sij\u0173. \u0160i konstrukcija suma\u017eina b\u0117gio galvut\u0117s nusid\u0117v\u0117jim\u0105, poveik\u012f krano sijai, krano rato flan\u0161o nusid\u0117v\u0117jim\u0105 ir triuk\u0161mo lyg\u012f. D\u0117l to \u0161i sistema padidina krano eksploatavimo ilgaam\u017ei\u0161kum\u0105 ir efektyvum\u0105.<\/p>\n<h4><strong>Didesnis stabilumas su elastingu kompozitiniu guminiu padu<\/strong><\/h4>\n<p>HDGY b\u0117gi\u0173 spaustukas, tarp b\u0117gio ir krano sijos \u012fkomponav\u0119s elasting\u0105 kompozitin\u0117s gumos trinkel\u0119, gerokai padidina trint\u012f ir apsaugo b\u0117g\u012f nuo jud\u0117jimo. Be to, \u0161i savyb\u0117 panaikina arba suma\u017eina nelygius tarpus i\u0161ilgai b\u0117gio, tod\u0117l geriau pasiskirsto var\u017et\u0173 \u012ftempiai gnybt\u0173 plok\u0161tel\u0117se, o tai dar labiau padidina bendr\u0105 sistemos stabilum\u0105.<\/p>\n<h4><strong>Optimalus \u012ftempi\u0173 pasiskirstymas<\/strong><\/h4>\n<p>Guminis padas yra \u0161iek tiek i\u0161gaubto skerspj\u016bvio, kad b\u016bt\u0173 u\u017etikrintas racionalus \u012ftempi\u0173 pasiskirstymas. Be to, ma\u017eos sta\u010diakamp\u0117s briaunos sustiprina trinkel\u0117s s\u0105lyt\u012f su b\u0117giu, padidina jos elastingum\u0105 ir veiksmingai slopina vibracij\u0105, tod\u0117l ji skland\u017eiau veikia ir ma\u017eiau d\u0117visi.<\/p>\n<h4><strong>Patvarus dizainas<\/strong><\/h4>\n<p>Guminis padas turi sta\u010diakampius griovelius, kurie suma\u017eina \u0161onin\u0119 deformacij\u0105 veikiant apkrovai ir suma\u017eina pavir\u0161iaus pa\u017eeidimus d\u0117l suspaudimo. Be to, HDGY b\u0117gi\u0173 spaustuko konstrukcija, kurioje yra apdorotas plieninis sutvirtinimas, yra labai patvari, tod\u0117l net po 2 mln. nuovargio cikl\u0173 i\u0161laiko puikias eksploatacines savybes ir u\u017etikrina ilgalaik\u012f patikimum\u0105.<\/p>\n<h4><strong>Saugios ir simetri\u0161kos spaustuk\u0173 plok\u0161tel\u0117s<\/strong><\/h4>\n<p>Griebimo plok\u0161t\u0117s patikimai pritvirtintos prie krano sijos, tod\u0117l jos neatsilaisvina ir kuo ma\u017eiau d\u0117visi. D\u0117l simetri\u0161kos gnybt\u0173 plok\u0161\u010di\u0173 konstrukcijos skerspj\u016bvyje susidaro plei\u0161to formos strukt\u016bra, veiksmingai ribojanti \u0161onin\u012f b\u0117gio poslink\u012f, o tai u\u017etikrina stabilum\u0105 kranui veikiant.<\/p>\n<h4><strong>Galimyb\u0117 reguliuoti montavim\u0105 ir prie\u017ei\u016br\u0105<\/strong><\/h4>\n<p>Kad b\u016bt\u0173 papras\u010diau montuoti ir pri\u017ei\u016br\u0117ti, gnybto plok\u0161t\u0117je esantys elips\u0117s formos grioveliai leid\u017eia atlikti \u0161onin\u012f reguliavim\u0105. Be to, nuo\u017eulnios skyl\u0117s, sujungtos su neslystan\u010diais blokais, neleid\u017eia gnybtui jud\u0117ti ir palengvina \u0161onin\u012f i\u0161lyginim\u0105 montuojant ar atliekant technin\u0119 prie\u017ei\u016br\u0105, taip u\u017etikrinant tiksl\u0173 reguliavim\u0105 ir lengv\u0105 valdym\u0105.<\/p>\n<h4><strong>B\u0117gi\u0173 jud\u0117jimo tolerancija<\/strong><\/h4>\n<p>Sistema suprojektuota taip, kad kranui dirbant b\u016bt\u0173 galima prisitaikyti prie nedideli\u0173 b\u0117gi\u0173 judesi\u0173. Taip u\u017etikrinamas lankstumas nesuma\u017einant stabilumo, tod\u0117l galima efektyviai jud\u0117ti i\u0161laikant b\u0117gi\u0173 ir krano sistemos vientisum\u0105.<\/p>\n<h3><strong>HDGY Rail Clip montavimo \u017eingsniai<\/strong><\/h3>\n<h4><strong>Gumin\u0117s pagalv\u0117l\u0117s pad\u0117ties nustatymas<\/strong><\/h4>\n<p>Pirmiausia u\u017ed\u0117kite gumin\u0119 pagalv\u0117l\u0119, kurios sta\u010diakamp\u0117s briaunos ir grioveliai yra lygiagre\u010diai su b\u0117giu ir yra po juo. \u012esitikinkite, kad trinkel\u0117 yra statmena b\u0117gio a\u0161inei linijai ir tinkamai pad\u0117ta abiejose pus\u0117se esan\u010di\u0173 var\u017et\u0173 at\u017evilgiu. Taip u\u017etikrinamas tikslus pad\u0117klo i\u0161d\u0117stymas ir i\u0161lyginimas, kad b\u016bt\u0173 u\u017etikrintas optimalus veikimas.<\/p>\n<h4><strong>Pagrindinio sluoksnio paruo\u0161imas<\/strong><\/h4>\n<p>Prie\u0161 d\u0117dami gumin\u0119 trinkel\u0119 ant betono pagrindo sluoksnio, kruop\u0161\u010diai nuvalykite pavir\u0161i\u0173, kad pa\u0161alintum\u0117te visas \u0161iuk\u0161les. \u0160is veiksmas yra labai svarbus siekiant u\u017etikrinti, kad neb\u016bt\u0173 joki\u0173 ter\u0161al\u0173, kurie gal\u0117t\u0173 suma\u017einti sistemos na\u0161um\u0105.<\/p>\n<h4><strong>Spaustuko plok\u0161t\u0117s surinkimas<\/strong><\/h4>\n<p>Atlikite \u0161iuos surinkimo proceso veiksmus:<\/p>\n<ul>\n<li>\u012eki\u0161kite var\u017etus \u012f gel\u017ebetonin\u0117je krano sijoje i\u0161 anksto i\u0161gr\u0119\u017etas skyles.<\/li>\n<li>U\u017ed\u0117kite spaustuko korpus\u0105 ant pagrindo.<\/li>\n<li>Stabilumui padidinti prid\u0117kite neslystant\u012f blokel\u012f, kurio ma\u017easis galas nukreiptas \u012f b\u0117g\u012f.<\/li>\n<li>U\u017ed\u0117kite spyruoklin\u0119 pover\u017el\u0119 ir ver\u017el\u0119, tada i\u0161 anksto priver\u017ekite mazg\u0105.<\/li>\n<li>Sureguliuokite spaustuko plok\u0161t\u0119, kad ji tvirtai prisispaust\u0173 prie b\u0117gio kra\u0161to.<\/li>\n<li>Galiausiai iki galo priver\u017ekite var\u017etus, kad komponentai b\u016bt\u0173 pritvirtinti.<\/li>\n<\/ul>\n<h4><strong>Prispaudimo plok\u0161tel\u0117s i\u0161lyginimas<\/strong><\/h4>\n<p>\u012esitikinkite, kad spaustuko plok\u0161tel\u0117s a\u0161in\u0117 linija yra statmena b\u0117gio a\u0161inei linijai ir n\u0117ra pakrypusi. \u0160is veiksmas u\u017etikrina, kad spaustuko plok\u0161t\u0117 b\u016bt\u0173 tinkamai i\u0161lyginta, kad b\u016bt\u0173 u\u017etikrintas optimalus b\u0117gio tvirtinimas ir bendras sistemos veikimas.<\/p>","protected":false},"excerpt":{"rendered":"<h6><span style=\"font-family: arial, helvetica, sans-serif; font-size: 14pt;\"><strong>HDGY Rail Clip specifikacijos<\/strong><\/span><\/h6>\n<ul>\n<li><strong>Modeliai:<\/strong> HDGY24, HDGY38A, HDGY38B, HDGY43, HDGY50, HDGY70, HDGY80, HDGY100, HDGY120<\/li>\n<li><strong>Tvirtinimo b\u016bdas:<\/strong> Var\u017et\u0173 tvirtinimas<\/li>\n<\/ul>","protected":false},"featured_media":7117,"template":"","meta":{"_kad_post_transparent":"default","_kad_post_title":"","_kad_post_layout":"default","_kad_post_sidebar_id":"","_kad_post_content_style":"default","_kad_post_vertical_padding":"show","_kad_post_feature":"","_kad_post_feature_position":"","_kad_post_header":false,"_kad_post_footer":false},"product_brand":[],"product_cat":[83],"product_tag":[483,482,481,480,376,489,486,490,488,484,492,487,485,493,478,491,477,479],"class_list":{"0":"post-5544","1":"product","2":"type-product","3":"status-publish","4":"has-post-thumbnail","6":"product_cat-crane-rail-clip","7":"product_tag-05g525-rail-clip","8":"product_tag-cgbk-rail-clip","9":"product_tag-cgek-rail-clip","10":"product_tag-cgwk-rail-clip","11":"product_tag-china-crane-parts-supplier","12":"product_tag-crane-rail-clamp","13":"product_tag-crane-rail-clip","14":"product_tag-crane-rail-clip-supplier","15":"product_tag-crane-rail-fixing-device","16":"product_tag-hdgy-rail-clip","17":"product_tag-rail-connection-splint","18":"product_tag-rail-fixing-device","19":"product_tag-rail-joint","20":"product_tag-special-crane-spreader","21":"product_tag-swjk-rail-clip","22":"product_tag-tracks-jointing-plates","23":"product_tag-wjk-rail-clip","24":"product_tag-wjkc-rail-clip","26":"first","27":"instock","28":"shipping-taxable","29":"product-type-simple","30":"entry","31":"content-bg","32":"loop-entry"},"yoast_head":"<!-- This site is optimized with the Yoast SEO plugin v24.5 - https:\/\/yoast.com\/wordpress\/plugins\/seo\/ -->\n<title>HDGY Rail Clip - Crane Rail fixing device-crane Rail Clamp- Crane Parts Manufacturer<\/title>\n<meta name=\"description\" content=\"Rail Clips,HDGY Rail Clip,Crane Rail Clips,Rail fixing device,Crane Rail fixing device,crane Rail Clamp,WJK Rail Clips,Overhead Crane Rail Clip\" \/>\n<meta name=\"robots\" content=\"index, follow, max-snippet:-1, max-image-preview:large, max-video-preview:-1\" \/>\n<link rel=\"canonical\" href=\"https:\/\/www.hnhlcranes.com\/lt\/produktas\/hdgy-begiu-spaustukas\/\" \/>\n<meta property=\"og:locale\" content=\"lt_LT\" \/>\n<meta property=\"og:type\" content=\"article\" \/>\n<meta property=\"og:title\" content=\"HDGY Rail Clip - Crane Rail fixing device-crane Rail Clamp- Crane Parts Manufacturer\" \/>\n<meta property=\"og:description\" content=\"Rail Clips,HDGY Rail Clip,Crane Rail Clips,Rail fixing device,Crane Rail fixing device,crane Rail Clamp,WJK Rail Clips,Overhead Crane Rail Clip\" \/>\n<meta property=\"og:url\" content=\"https:\/\/www.hnhlcranes.com\/lt\/produktas\/hdgy-begiu-spaustukas\/\" \/>\n<meta property=\"og:site_name\" content=\"Crane Parts Manufacturer\" \/>\n<meta property=\"article:modified_time\" content=\"2025-01-10T10:14:36+00:00\" \/>\n<meta property=\"og:image\" content=\"https:\/\/www.hnhlcranes.com\/wp-content\/uploads\/2024\/11\/HDGY-Rail-Clip.jpg\" \/>\n\t<meta property=\"og:image:width\" content=\"600\" \/>\n\t<meta property=\"og:image:height\" content=\"600\" \/>\n\t<meta property=\"og:image:type\" content=\"image\/jpeg\" \/>\n<meta name=\"twitter:card\" content=\"summary_large_image\" \/>\n<meta name=\"twitter:label1\" content=\"Est. reading time\" \/>\n\t<meta name=\"twitter:data1\" content=\"3 minut\u0117s\" \/>\n<script type=\"application\/ld+json\" class=\"yoast-schema-graph\">{\"@context\":\"https:\/\/schema.org\",\"@graph\":[{\"@type\":\"WebPage\",\"@id\":\"https:\/\/www.hnhlcranes.com\/product\/hdgy-rail-clip\/\",\"url\":\"https:\/\/www.hnhlcranes.com\/product\/hdgy-rail-clip\/\",\"name\":\"HDGY Rail Clip - Crane Rail fixing device-crane Rail Clamp- Crane Parts Manufacturer\",\"isPartOf\":{\"@id\":\"https:\/\/www.hnhlcranes.com\/#website\"},\"primaryImageOfPage\":{\"@id\":\"https:\/\/www.hnhlcranes.com\/product\/hdgy-rail-clip\/#primaryimage\"},\"image\":{\"@id\":\"https:\/\/www.hnhlcranes.com\/product\/hdgy-rail-clip\/#primaryimage\"},\"thumbnailUrl\":\"https:\/\/www.hnhlcranes.com\/wp-content\/uploads\/2024\/11\/HDGY-Rail-Clip.jpg\",\"datePublished\":\"2024-11-29T14:40:44+00:00\",\"dateModified\":\"2025-01-10T10:14:36+00:00\",\"description\":\"Rail Clips,HDGY Rail Clip,Crane Rail Clips,Rail fixing device,Crane Rail fixing device,crane Rail Clamp,WJK Rail Clips,Overhead Crane Rail Clip\",\"breadcrumb\":{\"@id\":\"https:\/\/www.hnhlcranes.com\/product\/hdgy-rail-clip\/#breadcrumb\"},\"inLanguage\":\"lt-LT\",\"potentialAction\":[{\"@type\":\"ReadAction\",\"target\":[\"https:\/\/www.hnhlcranes.com\/product\/hdgy-rail-clip\/\"]}]},{\"@type\":\"ImageObject\",\"inLanguage\":\"lt-LT\",\"@id\":\"https:\/\/www.hnhlcranes.com\/product\/hdgy-rail-clip\/#primaryimage\",\"url\":\"https:\/\/www.hnhlcranes.com\/wp-content\/uploads\/2024\/11\/HDGY-Rail-Clip.jpg\",\"contentUrl\":\"https:\/\/www.hnhlcranes.com\/wp-content\/uploads\/2024\/11\/HDGY-Rail-Clip.jpg\",\"width\":600,\"height\":600},{\"@type\":\"BreadcrumbList\",\"@id\":\"https:\/\/www.hnhlcranes.com\/product\/hdgy-rail-clip\/#breadcrumb\",\"itemListElement\":[{\"@type\":\"ListItem\",\"position\":1,\"name\":\"home\",\"item\":\"https:\/\/www.hnhlcranes.com\/\"},{\"@type\":\"ListItem\",\"position\":2,\"name\":\"products\",\"item\":\"https:\/\/www.hnhlcranes.com\/products\/\"},{\"@type\":\"ListItem\",\"position\":3,\"name\":\"HDGY Rail Clip\"}]},{\"@type\":\"WebSite\",\"@id\":\"https:\/\/www.hnhlcranes.com\/#website\",\"url\":\"https:\/\/www.hnhlcranes.com\/\",\"name\":\"Crane Parts Manufacturer\",\"description\":\"Crane Wheels,Crane Drums,Crane Hooks,Crane Coupling,Crane End Carriage,Electric Hoist,European Crane Parts,Crane Rail Clip,Crane Spreader,Crane Motor,Crane Reducer,Crane Brake,Light Crane Parts,Workstation Crane Parts,Crane Electrical Parts,China Crane Parts Supplier,China Crane Parts Manufacturer,Angle box type crane wheel,45 degree split crane wheel,European crane wheel,Crane Wheel Blocks,Overhead crane drum,European crane drum,Overhead crane hook,European crane hook,Crane pulley block,Gear coupling,Brake wheel coupling,Drum gear coupling,Brake wheel drum gear coupling,Cardan Shaft Coupling,WZL drum coupling,Plum blossom elastic coupling,Brake wheel plum elastic coupling,European Single girder crane end carriage,European Double girder crane end carriage,European Suspension  crane end carriage,Wire Rope Electric Hoist,Electric Chain Hoist,European Single Girder Wire Rope Electric Hoist,European Double Girder Wire Rope Electric Hoist,Crane grab,Container spreader,Billet crane clamps,C-type hook,Lifting Electromagnet,YZR crane motor,YZP crane motor,ZQ Reducer,ZSC Reducer,QJ Reducer,QJ-L Reducer,QJY Reducer,H series gearbox,F Series Gear Motor,K Series Gear Motor,R Series Gear Motor,travelling machinery gear motor,Electro hydraulic drum brake,Electro hydraulic disc brake,Crane Safety brake,Crane cable trolley,Crane remote controller,Crane pendant controller,Crane electrical control cabinet,Crane limit switch,Crane sound and light alarm,Heavy Duty Aviation Connector,Crane overload limiter\",\"publisher\":{\"@id\":\"https:\/\/www.hnhlcranes.com\/#organization\"},\"potentialAction\":[{\"@type\":\"SearchAction\",\"target\":{\"@type\":\"EntryPoint\",\"urlTemplate\":\"https:\/\/www.hnhlcranes.com\/?s={search_term_string}\"},\"query-input\":{\"@type\":\"PropertyValueSpecification\",\"valueRequired\":true,\"valueName\":\"search_term_string\"}}],\"inLanguage\":\"lt-LT\"},{\"@type\":\"Organization\",\"@id\":\"https:\/\/www.hnhlcranes.com\/#organization\",\"name\":\"Crane Parts Manufacturer\",\"url\":\"https:\/\/www.hnhlcranes.com\/\",\"logo\":{\"@type\":\"ImageObject\",\"inLanguage\":\"lt-LT\",\"@id\":\"https:\/\/www.hnhlcranes.com\/#\/schema\/logo\/image\/\",\"url\":\"https:\/\/www.hnhlcranes.com\/wp-content\/uploads\/2025\/01\/HL-logo-1.png\",\"contentUrl\":\"https:\/\/www.hnhlcranes.com\/wp-content\/uploads\/2025\/01\/HL-logo-1.png\",\"width\":600,\"height\":169,\"caption\":\"Crane Parts Manufacturer\"},\"image\":{\"@id\":\"https:\/\/www.hnhlcranes.com\/#\/schema\/logo\/image\/\"}}]}<\/script>\n<!-- \/ Yoast SEO plugin. -->","yoast_head_json":{"title":"HDGY Rail Clip - Crane Rail fixing device-crane Rail Clamp- Crane Parts Manufacturer","description":"Rail Clips,HDGY Rail Clip,Crane Rail Clips,Rail fixing device,Crane Rail fixing device,crane Rail Clamp,WJK Rail Clips,Overhead Crane Rail Clip","robots":{"index":"index","follow":"follow","max-snippet":"max-snippet:-1","max-image-preview":"max-image-preview:large","max-video-preview":"max-video-preview:-1"},"canonical":"https:\/\/www.hnhlcranes.com\/lt\/produktas\/hdgy-begiu-spaustukas\/","og_locale":"lt_LT","og_type":"article","og_title":"HDGY Rail Clip - Crane Rail fixing device-crane Rail Clamp- Crane Parts Manufacturer","og_description":"Rail Clips,HDGY Rail Clip,Crane Rail Clips,Rail fixing device,Crane Rail fixing device,crane Rail Clamp,WJK Rail Clips,Overhead Crane Rail Clip","og_url":"https:\/\/www.hnhlcranes.com\/lt\/produktas\/hdgy-begiu-spaustukas\/","og_site_name":"Crane Parts Manufacturer","article_modified_time":"2025-01-10T10:14:36+00:00","og_image":[{"width":600,"height":600,"url":"https:\/\/www.hnhlcranes.com\/wp-content\/uploads\/2024\/11\/HDGY-Rail-Clip.jpg","type":"image\/jpeg"}],"twitter_card":"summary_large_image","twitter_misc":{"Est. reading time":"3 minut\u0117s"},"schema":{"@context":"https:\/\/schema.org","@graph":[{"@type":"WebPage","@id":"https:\/\/www.hnhlcranes.com\/product\/hdgy-rail-clip\/","url":"https:\/\/www.hnhlcranes.com\/product\/hdgy-rail-clip\/","name":"HDGY Rail Clip - Crane Rail fixing device-crane Rail Clamp- Crane Parts Manufacturer","isPartOf":{"@id":"https:\/\/www.hnhlcranes.com\/#website"},"primaryImageOfPage":{"@id":"https:\/\/www.hnhlcranes.com\/product\/hdgy-rail-clip\/#primaryimage"},"image":{"@id":"https:\/\/www.hnhlcranes.com\/product\/hdgy-rail-clip\/#primaryimage"},"thumbnailUrl":"https:\/\/www.hnhlcranes.com\/wp-content\/uploads\/2024\/11\/HDGY-Rail-Clip.jpg","datePublished":"2024-11-29T14:40:44+00:00","dateModified":"2025-01-10T10:14:36+00:00","description":"Rail Clips,HDGY Rail Clip,Crane Rail Clips,Rail fixing device,Crane Rail fixing device,crane Rail Clamp,WJK Rail Clips,Overhead Crane Rail Clip","breadcrumb":{"@id":"https:\/\/www.hnhlcranes.com\/product\/hdgy-rail-clip\/#breadcrumb"},"inLanguage":"lt-LT","potentialAction":[{"@type":"ReadAction","target":["https:\/\/www.hnhlcranes.com\/product\/hdgy-rail-clip\/"]}]},{"@type":"ImageObject","inLanguage":"lt-LT","@id":"https:\/\/www.hnhlcranes.com\/product\/hdgy-rail-clip\/#primaryimage","url":"https:\/\/www.hnhlcranes.com\/wp-content\/uploads\/2024\/11\/HDGY-Rail-Clip.jpg","contentUrl":"https:\/\/www.hnhlcranes.com\/wp-content\/uploads\/2024\/11\/HDGY-Rail-Clip.jpg","width":600,"height":600},{"@type":"BreadcrumbList","@id":"https:\/\/www.hnhlcranes.com\/product\/hdgy-rail-clip\/#breadcrumb","itemListElement":[{"@type":"ListItem","position":1,"name":"home","item":"https:\/\/www.hnhlcranes.com\/"},{"@type":"ListItem","position":2,"name":"products","item":"https:\/\/www.hnhlcranes.com\/products\/"},{"@type":"ListItem","position":3,"name":"HDGY Rail Clip"}]},{"@type":"WebSite","@id":"https:\/\/www.hnhlcranes.com\/#website","url":"https:\/\/www.hnhlcranes.com\/","name":"Crane Parts Manufacturer","description":"Crane Wheels,Crane Drums,Crane Hooks,Crane Coupling,Crane End Carriage,Electric Hoist,European Crane Parts,Crane Rail Clip,Crane Spreader,Crane Motor,Crane Reducer,Crane Brake,Light Crane Parts,Workstation Crane Parts,Crane Electrical Parts,China Crane Parts Supplier,China Crane Parts Manufacturer,Angle box type crane wheel,45 degree split crane wheel,European crane wheel,Crane Wheel Blocks,Overhead crane drum,European crane drum,Overhead crane hook,European crane hook,Crane pulley block,Gear coupling,Brake wheel coupling,Drum gear coupling,Brake wheel drum gear coupling,Cardan Shaft Coupling,WZL drum coupling,Plum blossom elastic coupling,Brake wheel plum elastic coupling,European Single girder crane end carriage,European Double girder crane end carriage,European Suspension  crane end carriage,Wire Rope Electric Hoist,Electric Chain Hoist,European Single Girder Wire Rope Electric Hoist,European Double Girder Wire Rope Electric Hoist,Crane grab,Container spreader,Billet crane clamps,C-type hook,Lifting Electromagnet,YZR crane motor,YZP crane motor,ZQ Reducer,ZSC Reducer,QJ Reducer,QJ-L Reducer,QJY Reducer,H series gearbox,F Series Gear Motor,K Series Gear Motor,R Series Gear Motor,travelling machinery gear motor,Electro hydraulic drum brake,Electro hydraulic disc brake,Crane Safety brake,Crane cable trolley,Crane remote controller,Crane pendant controller,Crane electrical control cabinet,Crane limit switch,Crane sound and light alarm,Heavy Duty Aviation Connector,Crane overload limiter","publisher":{"@id":"https:\/\/www.hnhlcranes.com\/#organization"},"potentialAction":[{"@type":"SearchAction","target":{"@type":"EntryPoint","urlTemplate":"https:\/\/www.hnhlcranes.com\/?s={search_term_string}"},"query-input":{"@type":"PropertyValueSpecification","valueRequired":true,"valueName":"search_term_string"}}],"inLanguage":"lt-LT"},{"@type":"Organization","@id":"https:\/\/www.hnhlcranes.com\/#organization","name":"Crane Parts Manufacturer","url":"https:\/\/www.hnhlcranes.com\/","logo":{"@type":"ImageObject","inLanguage":"lt-LT","@id":"https:\/\/www.hnhlcranes.com\/#\/schema\/logo\/image\/","url":"https:\/\/www.hnhlcranes.com\/wp-content\/uploads\/2025\/01\/HL-logo-1.png","contentUrl":"https:\/\/www.hnhlcranes.com\/wp-content\/uploads\/2025\/01\/HL-logo-1.png","width":600,"height":169,"caption":"Crane Parts Manufacturer"},"image":{"@id":"https:\/\/www.hnhlcranes.com\/#\/schema\/logo\/image\/"}}]}},"_links":{"self":[{"href":"https:\/\/www.hnhlcranes.com\/lt\/wp-json\/wp\/v2\/product\/5544","targetHints":{"allow":["GET"]}}],"collection":[{"href":"https:\/\/www.hnhlcranes.com\/lt\/wp-json\/wp\/v2\/product"}],"about":[{"href":"https:\/\/www.hnhlcranes.com\/lt\/wp-json\/wp\/v2\/types\/product"}],"version-history":[{"count":3,"href":"https:\/\/www.hnhlcranes.com\/lt\/wp-json\/wp\/v2\/product\/5544\/revisions"}],"predecessor-version":[{"id":7196,"href":"https:\/\/www.hnhlcranes.com\/lt\/wp-json\/wp\/v2\/product\/5544\/revisions\/7196"}],"wp:featuredmedia":[{"embeddable":true,"href":"https:\/\/www.hnhlcranes.com\/lt\/wp-json\/wp\/v2\/media\/7117"}],"wp:attachment":[{"href":"https:\/\/www.hnhlcranes.com\/lt\/wp-json\/wp\/v2\/media?parent=5544"}],"wp:term":[{"taxonomy":"product_brand","embeddable":true,"href":"https:\/\/www.hnhlcranes.com\/lt\/wp-json\/wp\/v2\/product_brand?post=5544"},{"taxonomy":"product_cat","embeddable":true,"href":"https:\/\/www.hnhlcranes.com\/lt\/wp-json\/wp\/v2\/product_cat?post=5544"},{"taxonomy":"product_tag","embeddable":true,"href":"https:\/\/www.hnhlcranes.com\/lt\/wp-json\/wp\/v2\/product_tag?post=5544"}],"curies":[{"name":"wp","href":"https:\/\/api.w.org\/{rel}","templated":true}]}}