{"id":5659,"date":"2024-12-03T17:07:45","date_gmt":"2024-12-03T09:07:45","guid":{"rendered":"https:\/\/www.hnhlcranes.com\/?post_type=product&#038;p=5659"},"modified":"2025-01-08T01:06:53","modified_gmt":"2025-01-07T17:06:53","slug":"europietiskas-pakabinamas-krano-galinis-vezimelis","status":"publish","type":"product","link":"https:\/\/www.hnhlcranes.com\/lt\/produktas\/europietiskas-pakabinamas-krano-galinis-vezimelis\/","title":{"rendered":"Europos pakabinamas krano galinis ve\u017eim\u0117lis"},"content":{"rendered":"<p>Svetain\u0117 <strong>Europos pakabos krano galinis ve\u017eim\u0117lis<\/strong> yra labai svarbi pakabinam\u0173 kran\u0173 sistem\u0173 sudedamoji dalis, skirta krano konstrukcijai palaikyti ir horizontaliam jud\u0117jimui b\u0117giais u\u017etikrinti. Sukurtas pagal Europos standartus, jis pasi\u017eymi dideliu na\u0161umu, kompakti\u0161kumu ir ilgaam\u017ei\u0161kumu. \u0160io tipo galinis ve\u017eim\u0117lis pla\u010diai naudojamas \u012fvairiose pramon\u0117s srityse, kur svarbu optimizuoti erdv\u0119, u\u017etikrinti tikslum\u0105 ir skland\u0173 veikim\u0105. Pa\u017eym\u0117tina, kad jo pakabos konstrukcija leid\u017eia lanks\u010diau jud\u0117ti kranui, tod\u0117l jis ypa\u010d tinka \u012frenginiams, turintiems ribot\u0105 erdv\u0119.<\/p>\n<h3>Pagrindin\u0117s savyb\u0117s:<\/h3>\n<ol>\n<li><strong>Strukt\u016brinis projektavimas<\/strong>: Europos pakabinamo krano galinis ve\u017eim\u0117lis turi tvirt\u0105 plienin\u012f r\u0117m\u0105, kuris u\u017etikrina didel\u012f tvirtum\u0105 ir lengv\u0105 profil\u012f. D\u0117l pakabos konstrukcijos nereikia tradicini\u0173 atramini\u0173 koj\u0173, tod\u0117l galima efektyviai dirbti ribotos erdv\u0117s aplinkoje. Be to, kompakti\u0161ka konstrukcija suma\u017eina montavimo erdv\u0119 ir pagerina bendr\u0105 veiklos efektyvum\u0105.<\/li>\n<li><strong>Pavaros sistema<\/strong>: Galiniame ve\u017eim\u0117lyje \u012frengta pa\u017eangi elektrin\u0117s pavaros sistema, paprastai varoma kintamosios srov\u0117s varikliais. \u0160ie varikliai u\u017etikrina pastov\u0173 ir stabil\u0173 va\u017eiavimo greit\u012f, kartu tiksliai kontroliuodami krano jud\u0117jim\u0105. Be to, pavaros sistema u\u017etikrina skland\u0173 veikim\u0105, kartu iki minimumo suma\u017eindama energijos s\u0105naudas, tod\u0117l idealiai tinka ilgalaikiam naudojimui sud\u0117tingoje pramonin\u0117je aplinkoje.<\/li>\n<li><strong>Pakabos mechanizmas<\/strong>: Skirtingai nuo tradicini\u0173 galini\u0173 ve\u017eim\u0117li\u0173, pakabos konstrukcija leid\u017eia pakabinti galin\u012f ve\u017eim\u0117l\u012f ant krano konstrukcijos. Tai u\u017etikrina didesn\u012f lankstum\u0105 ir sklandesn\u012f veikim\u0105, ypa\u010d ank\u0161tose erdv\u0117se arba kai reikia minimalios trinties. Be to, ji leid\u017eia prisitaikyti prie vertikali\u0173 poslinki\u0173, tod\u0117l suma\u017e\u0117ja krano sistemai tenkanti apkrova.<\/li>\n<li><strong>B\u0117gi\u0173 ir rat\u0173 sistema<\/strong>: Galiniame ve\u017eim\u0117lyje \u012fmontuoti rat\u0173 komplektai, pagaminti i\u0161 didelio atsparumo dilimui med\u017eiag\u0173, pasi\u017eymin\u010di\u0173 puikiu atsparumu dilimui ir laikom\u0105ja galia. \u0160ie ratai suprojektuoti taip, kad skland\u017eiai veikt\u0173 ant standartizuot\u0173 krano b\u0117gi\u0173, u\u017etikrinant stabil\u0173 ir patikim\u0105 jud\u0117jim\u0105.<\/li>\n<li><strong>Tikslumas ir stabilumas<\/strong>: Europos pakabinamas krano galinis ve\u017eim\u0117lis sukurtas taip, kad veikt\u0173 tiksliai ir stabiliai. Ji suma\u017eina triuk\u0161m\u0105 ir vibracij\u0105 jud\u0117jimo metu, u\u017etikrina skland\u0173 krano veikim\u0105 net esant didel\u0117ms apkrovoms ir prisideda prie efektyvaus darbo ilg\u0105 laik\u0105.<\/li>\n<\/ol>\n<h3>Privalumai:<\/h3>\n<ul>\n<li><strong>Erdv\u0117s efektyvumas<\/strong>: D\u0117l pakabos konstrukcijos nereikia papildom\u0173 atramini\u0173 koj\u0173, tod\u0117l sutaupoma vertingos vietos ir u\u017etikrinamas didesnis lankstumas montuojant ir eksploatuojant. Tai ypa\u010d naudinga patalpose, kuriose yra ma\u017eai vietos.<\/li>\n<li><strong>Sklandus veikimas<\/strong>: Pakabos mechanizmas suma\u017eina trint\u012f ir u\u017etikrina sklandesn\u012f jud\u0117jim\u0105, tod\u0117l sistema ma\u017eiau d\u0117visi ir pager\u0117ja bendras darbo efektyvumas.<\/li>\n<li><strong>Energijos vartojimo efektyvumas<\/strong>: Pa\u017eangi elektrin\u0117s pavaros sistema u\u017etikrina optimal\u0173 energijos naudojim\u0105, tod\u0117l suma\u017e\u0117ja eksploatacin\u0117s i\u0161laidos, o na\u0161umas i\u0161lieka auk\u0161tas.<\/li>\n<li><strong>Lankstumas<\/strong>: Pakabos konstrukcija leid\u017eia galiniam ve\u017eim\u0117liui prisitaikyti prie vertikali\u0173 nuokrypi\u0173 ir nelygi\u0173 pavir\u0161i\u0173, taip u\u017etikrinant didesn\u012f lankstum\u0105 ir suma\u017einant krano sistemos apkrov\u0105.<\/li>\n<li><strong>Ma\u017eas triuk\u0161mas ir vibracija<\/strong>: Galinis ve\u017eim\u0117lis veikia su minimaliu triuk\u0161mu ir vibracija, tod\u0117l darbo aplinka yra tylesn\u0117 ir patogesn\u0117.<\/li>\n<\/ul>\n<h3>I\u0161vados:<\/h3>\n<p>Europos pakabinamas krano galinis ve\u017eim\u0117lis yra efektyvus, kompakti\u0161kas ir labai lankstus komponentas, idealiai tinkantis \u012fvairioms pramon\u0117s sritims. Jo pakabos konstrukcija pasi\u017eymi keliais privalumais, tarp kuri\u0173 - erdv\u0117s efektyvumas, sklandus veikimas ir didelis tikslumas. Nors pradin\u0117s investicijos ir technin\u0117s prie\u017ei\u016bros reikalavimai gali b\u016bti didesni nei tradicini\u0173 galini\u0173 ve\u017eim\u0117li\u0173, d\u0117l ilgalaik\u0117s naudos, pavyzd\u017eiui, energijos taupymo, didesnio lankstumo ir ma\u017eesnio nusid\u0117v\u0117jimo, tai labai tinkamas pasirinkimas \u012frenginiams, kuri\u0173 eksploataciniai poreikiai yra sud\u0117tingi.<\/p>\n<h3><strong><span style=\"font-family: arial, helvetica, sans-serif; font-size: 18pt;\">1.DU10 3.2t Pakabinamas krano galinis ve\u017eim\u0117lis<\/span><\/strong><\/h3>\n<p><img fetchpriority=\"high\" decoding=\"async\" class=\"alignnone wp-image-7002\" src=\"https:\/\/www.hnhlcranes.com\/wp-content\/uploads\/2024\/12\/European-Suspension-crane-end-carriage-3.2t-300x211.jpg\" alt=\"\" width=\"899\" height=\"632\" srcset=\"https:\/\/www.hnhlcranes.com\/wp-content\/uploads\/2024\/12\/European-Suspension-crane-end-carriage-3.2t-300x211.jpg 300w, https:\/\/www.hnhlcranes.com\/wp-content\/uploads\/2024\/12\/European-Suspension-crane-end-carriage-3.2t-768x540.jpg 768w, https:\/\/www.hnhlcranes.com\/wp-content\/uploads\/2024\/12\/European-Suspension-crane-end-carriage-3.2t-600x422.jpg 600w, https:\/\/www.hnhlcranes.com\/wp-content\/uploads\/2024\/12\/European-Suspension-crane-end-carriage-3.2t.jpg 1000w\" sizes=\"(max-width: 899px) 100vw, 899px\" \/><\/p>\n<p>&nbsp;<\/p>\n<p>\u2460 buferis<i>\uff1b<\/i>\u2461Galin\u0117 sija<i>\uff1b<\/i>\u2462Ratukai<i>(vairuoti)<\/i><i>\uff1b<\/i>\u2463Ratukai<i>(be darbo)<\/i><i>\uff1b<\/i>\u2464Ratukai<i>(tu\u0161\u010di\u0105ja eiga arba va\u017eiuoti)<\/i><\/p>\n<p>&nbsp;<\/p>\n<h3><strong><span style=\"font-family: arial, helvetica, sans-serif; font-size: 18pt;\">2.DU13 5t pakabinamas krano galinis ve\u017eim\u0117lis<\/span><\/strong><\/h3>\n<p><img decoding=\"async\" class=\"alignnone wp-image-7003\" src=\"https:\/\/www.hnhlcranes.com\/wp-content\/uploads\/2024\/12\/European-Suspension-crane-end-carriage-5t-300x226.jpg\" alt=\"\" width=\"901\" height=\"679\" srcset=\"https:\/\/www.hnhlcranes.com\/wp-content\/uploads\/2024\/12\/European-Suspension-crane-end-carriage-5t-300x226.jpg 300w, https:\/\/www.hnhlcranes.com\/wp-content\/uploads\/2024\/12\/European-Suspension-crane-end-carriage-5t-768x578.jpg 768w, https:\/\/www.hnhlcranes.com\/wp-content\/uploads\/2024\/12\/European-Suspension-crane-end-carriage-5t-600x451.jpg 600w, https:\/\/www.hnhlcranes.com\/wp-content\/uploads\/2024\/12\/European-Suspension-crane-end-carriage-5t.jpg 1000w\" sizes=\"(max-width: 901px) 100vw, 901px\" \/><\/p>\n<p>&nbsp;<\/p>\n<p>\u2460 buferis<i>\uff1b<\/i>\u2461Galin\u0117 sija<i>\uff1b<\/i>\u2462Ratukai<i>(vairuoti)\uff1b<\/i>\u2463Ratukai<i>(tu\u0161\u010di\u0105ja eiga)\uff1b<\/i>\u2464Ratukai<i>(tu\u0161\u010di\u0105ja eiga arba va\u017eiuoti)<\/i><\/p>\n<p>&nbsp;<\/p>\n<h3><strong><span style=\"font-family: arial, helvetica, sans-serif; font-size: 18pt;\">3.DU16 10 t pakabinamas krano galinis ve\u017eim\u0117lis<\/span><\/strong><\/h3>\n<p><img decoding=\"async\" class=\"alignnone wp-image-7004\" src=\"https:\/\/www.hnhlcranes.com\/wp-content\/uploads\/2024\/12\/European-Suspension-crane-end-carriage-10t-300x216.jpg\" alt=\"\" width=\"900\" height=\"648\" srcset=\"https:\/\/www.hnhlcranes.com\/wp-content\/uploads\/2024\/12\/European-Suspension-crane-end-carriage-10t-300x216.jpg 300w, https:\/\/www.hnhlcranes.com\/wp-content\/uploads\/2024\/12\/European-Suspension-crane-end-carriage-10t-768x553.jpg 768w, https:\/\/www.hnhlcranes.com\/wp-content\/uploads\/2024\/12\/European-Suspension-crane-end-carriage-10t-600x432.jpg 600w, https:\/\/www.hnhlcranes.com\/wp-content\/uploads\/2024\/12\/European-Suspension-crane-end-carriage-10t.jpg 1000w\" sizes=\"(max-width: 900px) 100vw, 900px\" \/><\/p>\n<p>\u2460 buferis<i>\uff1b<\/i>\u2461Galin\u0117 sija<i>\uff1b<\/i>\u2462Ratukai<i>(vairuoti)\uff1b<\/i>\u2463Ratukai<i>(tu\u0161\u010di\u0105ja eiga)\uff1b<\/i>\u2464Ratukai<i>(tu\u0161\u010di\u0105ja eiga arba va\u017eiuoti)<\/i><\/p>","protected":false},"excerpt":{"rendered":"<h6><strong><span style=\"font-family: arial, helvetica, sans-serif; font-size: 14pt;\">Europos pakabinamo krano galinio ve\u017eim\u0117lio specifikacijos<\/span><\/strong><\/h6>\n<ul>\n<li><strong>Modeliai<\/strong>:DU10,DU13,DU16<\/li>\n<li><strong>Rat\u0173 med\u017eiaga<\/strong>: 40Cr<\/li>\n<li><strong>Rat\u0173 jung\u010di\u0173 tipai<\/strong>: pavara<\/li>\n<li><strong>Suderinama b\u0117gi\u0173 forma:<\/strong> I formos sija, H formos sija<\/li>\n<\/ul>","protected":false},"featured_media":6999,"template":"","meta":{"_kad_post_transparent":"default","_kad_post_title":"","_kad_post_layout":"default","_kad_post_sidebar_id":"","_kad_post_content_style":"default","_kad_post_vertical_padding":"show","_kad_post_feature":"","_kad_post_feature_position":"","_kad_post_header":false,"_kad_post_footer":false},"product_brand":[],"product_cat":[62,61],"product_tag":[376,443,445,456,442,450,454,453,447,441,451,455,446,440,448,444,452,449],"class_list":{"0":"post-5659","1":"product","2":"type-product","3":"status-publish","4":"has-post-thumbnail","6":"product_cat-crane-end-carriage","7":"product_cat-european-crane-parts","8":"product_tag-china-crane-parts-supplier","9":"product_tag-crane-end-beam","10":"product_tag-crane-end-beam-manufacturer","11":"product_tag-crane-end-carriage","12":"product_tag-end-carriage","13":"product_tag-end-carriages","14":"product_tag-european-double-girder-crane-end-carriage","15":"product_tag-european-single-girder-crane-end-carriage","16":"product_tag-european-style-hoist-double-beam-crane-end-beam","17":"product_tag-european-style-single-beam-crane-end-carriage","18":"product_tag-european-style-suspended-single-beam-crane-end-beam","19":"product_tag-european-suspension-crane-end-carriage","20":"product_tag-fem-double-girder-crane-end-carriages","21":"product_tag-fem-single-girder-crane-end-carriage","22":"product_tag-fem-suspension-crane-end-carriage","23":"product_tag-fen-din-european-style-single-beam-crane-end-carriage","24":"product_tag-fen-din-suspension-crane-end-beam","25":"product_tag-suspension-crane-end-beam","27":"first","28":"instock","29":"shipping-taxable","30":"product-type-simple","31":"entry","32":"content-bg","33":"loop-entry"},"yoast_head":"<!-- This site is optimized with the Yoast SEO plugin v24.5 - https:\/\/yoast.com\/wordpress\/plugins\/seo\/ -->\n<title>European Suspension crane end carriage - Suspension end beamCrane Parts Manufacturer<\/title>\n<meta name=\"description\" content=\"Suspension crane end beam,European style suspended single beam crane end beam,FEN\/DIN Suspension crane end beam,European Suspension crane end carriage\" \/>\n<meta name=\"robots\" content=\"index, follow, max-snippet:-1, max-image-preview:large, max-video-preview:-1\" \/>\n<link rel=\"canonical\" href=\"https:\/\/www.hnhlcranes.com\/lt\/produktas\/europietiskas-pakabinamas-krano-galinis-vezimelis\/\" \/>\n<meta property=\"og:locale\" content=\"lt_LT\" \/>\n<meta property=\"og:type\" content=\"article\" \/>\n<meta property=\"og:title\" content=\"European Suspension crane end carriage - Suspension end beamCrane Parts Manufacturer\" \/>\n<meta property=\"og:description\" content=\"Suspension crane end beam,European style suspended single beam crane end beam,FEN\/DIN Suspension crane end beam,European Suspension crane end carriage\" \/>\n<meta property=\"og:url\" content=\"https:\/\/www.hnhlcranes.com\/lt\/produktas\/europietiskas-pakabinamas-krano-galinis-vezimelis\/\" \/>\n<meta property=\"og:site_name\" content=\"Crane Parts Manufacturer\" \/>\n<meta property=\"article:modified_time\" content=\"2025-01-07T17:06:53+00:00\" \/>\n<meta property=\"og:image\" content=\"https:\/\/www.hnhlcranes.com\/wp-content\/uploads\/2024\/12\/European-Suspension-crane-end-carriage.jpg\" \/>\n\t<meta property=\"og:image:width\" content=\"600\" \/>\n\t<meta property=\"og:image:height\" content=\"600\" \/>\n\t<meta property=\"og:image:type\" content=\"image\/jpeg\" \/>\n<meta name=\"twitter:card\" content=\"summary_large_image\" \/>\n<meta name=\"twitter:label1\" content=\"Est. reading time\" \/>\n\t<meta name=\"twitter:data1\" content=\"4 minut\u0117s\" \/>\n<script type=\"application\/ld+json\" class=\"yoast-schema-graph\">{\"@context\":\"https:\/\/schema.org\",\"@graph\":[{\"@type\":\"WebPage\",\"@id\":\"https:\/\/www.hnhlcranes.com\/product\/european-suspension-crane-end-carriage\/\",\"url\":\"https:\/\/www.hnhlcranes.com\/product\/european-suspension-crane-end-carriage\/\",\"name\":\"European Suspension crane end carriage - Suspension end beamCrane Parts Manufacturer\",\"isPartOf\":{\"@id\":\"https:\/\/www.hnhlcranes.com\/#website\"},\"primaryImageOfPage\":{\"@id\":\"https:\/\/www.hnhlcranes.com\/product\/european-suspension-crane-end-carriage\/#primaryimage\"},\"image\":{\"@id\":\"https:\/\/www.hnhlcranes.com\/product\/european-suspension-crane-end-carriage\/#primaryimage\"},\"thumbnailUrl\":\"https:\/\/www.hnhlcranes.com\/wp-content\/uploads\/2024\/12\/European-Suspension-crane-end-carriage.jpg\",\"datePublished\":\"2024-12-03T09:07:45+00:00\",\"dateModified\":\"2025-01-07T17:06:53+00:00\",\"description\":\"Suspension crane end beam,European style suspended single beam crane end beam,FEN\/DIN Suspension crane end beam,European Suspension crane end carriage\",\"breadcrumb\":{\"@id\":\"https:\/\/www.hnhlcranes.com\/product\/european-suspension-crane-end-carriage\/#breadcrumb\"},\"inLanguage\":\"lt-LT\",\"potentialAction\":[{\"@type\":\"ReadAction\",\"target\":[\"https:\/\/www.hnhlcranes.com\/product\/european-suspension-crane-end-carriage\/\"]}]},{\"@type\":\"ImageObject\",\"inLanguage\":\"lt-LT\",\"@id\":\"https:\/\/www.hnhlcranes.com\/product\/european-suspension-crane-end-carriage\/#primaryimage\",\"url\":\"https:\/\/www.hnhlcranes.com\/wp-content\/uploads\/2024\/12\/European-Suspension-crane-end-carriage.jpg\",\"contentUrl\":\"https:\/\/www.hnhlcranes.com\/wp-content\/uploads\/2024\/12\/European-Suspension-crane-end-carriage.jpg\",\"width\":600,\"height\":600},{\"@type\":\"BreadcrumbList\",\"@id\":\"https:\/\/www.hnhlcranes.com\/product\/european-suspension-crane-end-carriage\/#breadcrumb\",\"itemListElement\":[{\"@type\":\"ListItem\",\"position\":1,\"name\":\"home\",\"item\":\"https:\/\/www.hnhlcranes.com\/\"},{\"@type\":\"ListItem\",\"position\":2,\"name\":\"products\",\"item\":\"https:\/\/www.hnhlcranes.com\/products\/\"},{\"@type\":\"ListItem\",\"position\":3,\"name\":\"European Suspension crane end carriage\"}]},{\"@type\":\"WebSite\",\"@id\":\"https:\/\/www.hnhlcranes.com\/#website\",\"url\":\"https:\/\/www.hnhlcranes.com\/\",\"name\":\"Crane Parts Manufacturer\",\"description\":\"Crane Wheels,Crane Drums,Crane Hooks,Crane Coupling,Crane End Carriage,Electric Hoist,European Crane Parts,Crane Rail Clip,Crane Spreader,Crane Motor,Crane Reducer,Crane Brake,Light Crane Parts,Workstation Crane Parts,Crane Electrical Parts,China Crane Parts Supplier,China Crane Parts Manufacturer,Angle box type crane wheel,45 degree split crane wheel,European crane wheel,Crane Wheel Blocks,Overhead crane drum,European crane drum,Overhead crane hook,European crane hook,Crane pulley block,Gear coupling,Brake wheel coupling,Drum gear coupling,Brake wheel drum gear coupling,Cardan Shaft Coupling,WZL drum coupling,Plum blossom elastic coupling,Brake wheel plum elastic coupling,European Single girder crane end carriage,European Double girder crane end carriage,European Suspension  crane end carriage,Wire Rope Electric Hoist,Electric Chain Hoist,European Single Girder Wire Rope Electric Hoist,European Double Girder Wire Rope Electric Hoist,Crane grab,Container spreader,Billet crane clamps,C-type hook,Lifting Electromagnet,YZR crane motor,YZP crane motor,ZQ Reducer,ZSC Reducer,QJ Reducer,QJ-L Reducer,QJY Reducer,H series gearbox,F Series Gear Motor,K Series Gear Motor,R Series Gear Motor,travelling machinery gear motor,Electro hydraulic drum brake,Electro hydraulic disc brake,Crane Safety brake,Crane cable trolley,Crane remote controller,Crane pendant controller,Crane electrical control cabinet,Crane limit switch,Crane sound and light alarm,Heavy Duty Aviation Connector,Crane overload limiter\",\"publisher\":{\"@id\":\"https:\/\/www.hnhlcranes.com\/#organization\"},\"potentialAction\":[{\"@type\":\"SearchAction\",\"target\":{\"@type\":\"EntryPoint\",\"urlTemplate\":\"https:\/\/www.hnhlcranes.com\/?s={search_term_string}\"},\"query-input\":{\"@type\":\"PropertyValueSpecification\",\"valueRequired\":true,\"valueName\":\"search_term_string\"}}],\"inLanguage\":\"lt-LT\"},{\"@type\":\"Organization\",\"@id\":\"https:\/\/www.hnhlcranes.com\/#organization\",\"name\":\"Crane Parts Manufacturer\",\"url\":\"https:\/\/www.hnhlcranes.com\/\",\"logo\":{\"@type\":\"ImageObject\",\"inLanguage\":\"lt-LT\",\"@id\":\"https:\/\/www.hnhlcranes.com\/#\/schema\/logo\/image\/\",\"url\":\"https:\/\/www.hnhlcranes.com\/wp-content\/uploads\/2025\/01\/HL-logo-1.png\",\"contentUrl\":\"https:\/\/www.hnhlcranes.com\/wp-content\/uploads\/2025\/01\/HL-logo-1.png\",\"width\":600,\"height\":169,\"caption\":\"Crane Parts Manufacturer\"},\"image\":{\"@id\":\"https:\/\/www.hnhlcranes.com\/#\/schema\/logo\/image\/\"}}]}<\/script>\n<!-- \/ Yoast SEO plugin. -->","yoast_head_json":{"title":"European Suspension crane end carriage - Suspension end beamCrane Parts Manufacturer","description":"Suspension crane end beam,European style suspended single beam crane end beam,FEN\/DIN Suspension crane end beam,European Suspension crane end carriage","robots":{"index":"index","follow":"follow","max-snippet":"max-snippet:-1","max-image-preview":"max-image-preview:large","max-video-preview":"max-video-preview:-1"},"canonical":"https:\/\/www.hnhlcranes.com\/lt\/produktas\/europietiskas-pakabinamas-krano-galinis-vezimelis\/","og_locale":"lt_LT","og_type":"article","og_title":"European Suspension crane end carriage - Suspension end beamCrane Parts Manufacturer","og_description":"Suspension crane end beam,European style suspended single beam crane end beam,FEN\/DIN Suspension crane end beam,European Suspension crane end carriage","og_url":"https:\/\/www.hnhlcranes.com\/lt\/produktas\/europietiskas-pakabinamas-krano-galinis-vezimelis\/","og_site_name":"Crane Parts Manufacturer","article_modified_time":"2025-01-07T17:06:53+00:00","og_image":[{"width":600,"height":600,"url":"https:\/\/www.hnhlcranes.com\/wp-content\/uploads\/2024\/12\/European-Suspension-crane-end-carriage.jpg","type":"image\/jpeg"}],"twitter_card":"summary_large_image","twitter_misc":{"Est. reading time":"4 minut\u0117s"},"schema":{"@context":"https:\/\/schema.org","@graph":[{"@type":"WebPage","@id":"https:\/\/www.hnhlcranes.com\/product\/european-suspension-crane-end-carriage\/","url":"https:\/\/www.hnhlcranes.com\/product\/european-suspension-crane-end-carriage\/","name":"European Suspension crane end carriage - Suspension end beamCrane Parts Manufacturer","isPartOf":{"@id":"https:\/\/www.hnhlcranes.com\/#website"},"primaryImageOfPage":{"@id":"https:\/\/www.hnhlcranes.com\/product\/european-suspension-crane-end-carriage\/#primaryimage"},"image":{"@id":"https:\/\/www.hnhlcranes.com\/product\/european-suspension-crane-end-carriage\/#primaryimage"},"thumbnailUrl":"https:\/\/www.hnhlcranes.com\/wp-content\/uploads\/2024\/12\/European-Suspension-crane-end-carriage.jpg","datePublished":"2024-12-03T09:07:45+00:00","dateModified":"2025-01-07T17:06:53+00:00","description":"Suspension crane end beam,European style suspended single beam crane end beam,FEN\/DIN Suspension crane end beam,European Suspension crane end carriage","breadcrumb":{"@id":"https:\/\/www.hnhlcranes.com\/product\/european-suspension-crane-end-carriage\/#breadcrumb"},"inLanguage":"lt-LT","potentialAction":[{"@type":"ReadAction","target":["https:\/\/www.hnhlcranes.com\/product\/european-suspension-crane-end-carriage\/"]}]},{"@type":"ImageObject","inLanguage":"lt-LT","@id":"https:\/\/www.hnhlcranes.com\/product\/european-suspension-crane-end-carriage\/#primaryimage","url":"https:\/\/www.hnhlcranes.com\/wp-content\/uploads\/2024\/12\/European-Suspension-crane-end-carriage.jpg","contentUrl":"https:\/\/www.hnhlcranes.com\/wp-content\/uploads\/2024\/12\/European-Suspension-crane-end-carriage.jpg","width":600,"height":600},{"@type":"BreadcrumbList","@id":"https:\/\/www.hnhlcranes.com\/product\/european-suspension-crane-end-carriage\/#breadcrumb","itemListElement":[{"@type":"ListItem","position":1,"name":"home","item":"https:\/\/www.hnhlcranes.com\/"},{"@type":"ListItem","position":2,"name":"products","item":"https:\/\/www.hnhlcranes.com\/products\/"},{"@type":"ListItem","position":3,"name":"European Suspension crane end carriage"}]},{"@type":"WebSite","@id":"https:\/\/www.hnhlcranes.com\/#website","url":"https:\/\/www.hnhlcranes.com\/","name":"Crane Parts Manufacturer","description":"Crane Wheels,Crane Drums,Crane Hooks,Crane Coupling,Crane End Carriage,Electric Hoist,European Crane Parts,Crane Rail Clip,Crane Spreader,Crane Motor,Crane Reducer,Crane Brake,Light Crane Parts,Workstation Crane Parts,Crane Electrical Parts,China Crane Parts Supplier,China Crane Parts Manufacturer,Angle box type crane wheel,45 degree split crane wheel,European crane wheel,Crane Wheel Blocks,Overhead crane drum,European crane drum,Overhead crane hook,European crane hook,Crane pulley block,Gear coupling,Brake wheel coupling,Drum gear coupling,Brake wheel drum gear coupling,Cardan Shaft Coupling,WZL drum coupling,Plum blossom elastic coupling,Brake wheel plum elastic coupling,European Single girder crane end carriage,European Double girder crane end carriage,European Suspension  crane end carriage,Wire Rope Electric Hoist,Electric Chain Hoist,European Single Girder Wire Rope Electric Hoist,European Double Girder Wire Rope Electric Hoist,Crane grab,Container spreader,Billet crane clamps,C-type hook,Lifting Electromagnet,YZR crane motor,YZP crane motor,ZQ Reducer,ZSC Reducer,QJ Reducer,QJ-L Reducer,QJY Reducer,H series gearbox,F Series Gear Motor,K Series Gear Motor,R Series Gear Motor,travelling machinery gear motor,Electro hydraulic drum brake,Electro hydraulic disc brake,Crane Safety brake,Crane cable trolley,Crane remote controller,Crane pendant controller,Crane electrical control cabinet,Crane limit switch,Crane sound and light alarm,Heavy Duty Aviation Connector,Crane overload limiter","publisher":{"@id":"https:\/\/www.hnhlcranes.com\/#organization"},"potentialAction":[{"@type":"SearchAction","target":{"@type":"EntryPoint","urlTemplate":"https:\/\/www.hnhlcranes.com\/?s={search_term_string}"},"query-input":{"@type":"PropertyValueSpecification","valueRequired":true,"valueName":"search_term_string"}}],"inLanguage":"lt-LT"},{"@type":"Organization","@id":"https:\/\/www.hnhlcranes.com\/#organization","name":"Crane Parts Manufacturer","url":"https:\/\/www.hnhlcranes.com\/","logo":{"@type":"ImageObject","inLanguage":"lt-LT","@id":"https:\/\/www.hnhlcranes.com\/#\/schema\/logo\/image\/","url":"https:\/\/www.hnhlcranes.com\/wp-content\/uploads\/2025\/01\/HL-logo-1.png","contentUrl":"https:\/\/www.hnhlcranes.com\/wp-content\/uploads\/2025\/01\/HL-logo-1.png","width":600,"height":169,"caption":"Crane Parts Manufacturer"},"image":{"@id":"https:\/\/www.hnhlcranes.com\/#\/schema\/logo\/image\/"}}]}},"_links":{"self":[{"href":"https:\/\/www.hnhlcranes.com\/lt\/wp-json\/wp\/v2\/product\/5659","targetHints":{"allow":["GET"]}}],"collection":[{"href":"https:\/\/www.hnhlcranes.com\/lt\/wp-json\/wp\/v2\/product"}],"about":[{"href":"https:\/\/www.hnhlcranes.com\/lt\/wp-json\/wp\/v2\/types\/product"}],"version-history":[{"count":6,"href":"https:\/\/www.hnhlcranes.com\/lt\/wp-json\/wp\/v2\/product\/5659\/revisions"}],"predecessor-version":[{"id":7008,"href":"https:\/\/www.hnhlcranes.com\/lt\/wp-json\/wp\/v2\/product\/5659\/revisions\/7008"}],"wp:featuredmedia":[{"embeddable":true,"href":"https:\/\/www.hnhlcranes.com\/lt\/wp-json\/wp\/v2\/media\/6999"}],"wp:attachment":[{"href":"https:\/\/www.hnhlcranes.com\/lt\/wp-json\/wp\/v2\/media?parent=5659"}],"wp:term":[{"taxonomy":"product_brand","embeddable":true,"href":"https:\/\/www.hnhlcranes.com\/lt\/wp-json\/wp\/v2\/product_brand?post=5659"},{"taxonomy":"product_cat","embeddable":true,"href":"https:\/\/www.hnhlcranes.com\/lt\/wp-json\/wp\/v2\/product_cat?post=5659"},{"taxonomy":"product_tag","embeddable":true,"href":"https:\/\/www.hnhlcranes.com\/lt\/wp-json\/wp\/v2\/product_tag?post=5659"}],"curies":[{"name":"wp","href":"https:\/\/api.w.org\/{rel}","templated":true}]}}