{"id":5677,"date":"2024-12-04T00:34:44","date_gmt":"2024-12-03T16:34:44","guid":{"rendered":"https:\/\/www.hnhlcranes.com\/?post_type=product&#038;p=5677"},"modified":"2025-01-14T23:58:30","modified_gmt":"2025-01-14T15:58:30","slug":"lengvojo-krano-dalis","status":"publish","type":"product","link":"https:\/\/www.hnhlcranes.com\/lt\/produktas\/lengvojo-krano-dalis\/","title":{"rendered":"\u0160viesos krano dalis"},"content":{"rendered":"<div class=\"flex max-w-full flex-col flex-grow\">\n<div class=\"min-h-8 text-message flex w-full flex-col items-end gap-2 whitespace-normal break-words [.text-message+&amp;]:mt-5\" dir=\"auto\" data-message-author-role=\"assistant\" data-message-id=\"c8d7d5a5-db5c-4384-9025-33dbfdf6a310\" data-message-model-slug=\"gpt-4o\">\n<div class=\"flex w-full flex-col gap-1 empty:hidden first:pt-[3px]\">\n<div class=\"markdown prose w-full break-words dark:prose-invert light\">\n<h3>Lengvojo krano ap\u017evalga<\/h3>\n<p>Lengvasis kranas, dar vadinamas moduliniu kranu, yra labai efektyvus ir lankstus med\u017eiag\u0173 tvarkymo sprendimas. D\u0117l savo universalumo jis pla\u010diai naudojamas gamyklose, sand\u0117liuose ir gamybos linijose. J\u012f sudaro \u012fvair\u016bs standartiniai moduliai, pavyzd\u017eiui, pakabos \u012ftaisai, b\u0117giai, jungikliai, ve\u017eim\u0117liai, elektriniai keltuvai, mobilieji maitinimo \u0161altiniai (slankiosios linijos) ir valdymo \u012ftaisai. Be to, \u012f j\u012f \u012feina ir kitos svarbiausios lengvojo krano dalys, u\u017etikrinan\u010dios skland\u0173 integravim\u0105 ir veikim\u0105.<\/p>\n<h3>\u0160viesos krano dalis<\/h3>\n<p>Kad lengvieji kranai veikt\u0173 optimaliai, juos sudaro \u0161ie komponentai:<\/p>\n<ul>\n<li><strong>Pakabos \u012ftaisai:<\/strong> \u0160ie \u012ftaisai pakabina \u012fvairias krano sudedam\u0105sias dalis, u\u017etikrindami stabilum\u0105 ir veiksming\u0105 veikim\u0105.<\/li>\n<li><strong>\u012era\u0161ai:<\/strong> Vik\u0161rai u\u017etikrina krano va\u017eiavimo keli\u0105, tod\u0117l kranas gali jud\u0117ti skland\u017eiai ir tiksliai.<\/li>\n<li><strong>Jungikliai:<\/strong> Operatoriai jungikliais kei\u010dia b\u0117gi\u0173 krypt\u012f, taip u\u017etikrindami lankstum\u0105.<\/li>\n<li><strong>Ve\u017eim\u0117liai:<\/strong> Ve\u017eim\u0117liai efektyviai ve\u017ea ir transportuoja krovin\u012f per tam skirt\u0105 plot\u0105.<\/li>\n<li><strong>Elektriniai keltuvai:<\/strong> \u0160ie keltuvai atlieka k\u0117limo funkcij\u0105 ir u\u017etikrina greit\u0105 bei patikim\u0105 krovini\u0173 perk\u0117lim\u0105.<\/li>\n<li><strong>Mobilieji maitinimo blokai:<\/strong> \u0160ie \u012frenginiai tiekia kranui elektros energij\u0105 ir u\u017etikrina nepertraukiam\u0105 jo veikim\u0105.<\/li>\n<li><strong>Kontrol\u0117s prietaisai:<\/strong> Valdymo \u012ftaisai valdo krano veikim\u0105 ir u\u017etikrina tiksl\u0173 bei patikim\u0105 valdym\u0105.<\/li>\n<\/ul>\n<h3>Lengv\u0173j\u0173 kran\u0173 pritaikymas<\/h3>\n<p>Lengvieji kranai d\u0117l savo pritaikomumo ir efektyvumo puikiai tinka \u012fvairiose srityse:<\/p>\n<ul>\n<li><strong>Ma\u017eos dirbtuv\u0117s ir technin\u0117s prie\u017ei\u016bros parduotuv\u0117s:<\/strong> Lengvieji kranai padeda lanks\u010diai i\u0161d\u0117styti ir efektyviai tvarkyti med\u017eiagas darbo vietose, kuriose yra ma\u017eai vietos.<\/li>\n<li><strong>Didel\u0117s gamyklos ir sand\u0117liai:<\/strong> Jie leid\u017eia greitai tvarkyti med\u017eiagas \u012fvairiose darbo vietose ir taip padidinti na\u0161um\u0105.<\/li>\n<li><strong>Sand\u0117liai ir laboratorijos daugiaauk\u0161\u010diuose pastatuose:<\/strong> D\u0117l lengvos ir kompakti\u0161kos konstrukcijos jie idealiai tinka tose vietose, kur \u012frangos svorio apribojimai yra labai svarb\u016bs.<\/li>\n<\/ul>\n<h3>Techniniai privalumai<\/h3>\n<p>Lengvieji kranai pasi\u017eymi keliais techniniais privalumais, kurie padidina efektyvum\u0105 ir patikimum\u0105:<\/p>\n<ul>\n<li><strong>Standartizuotas ir modulinis dizainas:<\/strong> Tokia konstrukcija palengvina montavim\u0105, prie\u017ei\u016br\u0105 ir atnaujinim\u0105. Be to, ji u\u017etikrina patog\u0173 ir komforti\u0161k\u0105 valdym\u0105.<\/li>\n<li><strong>Auk\u0161tos kokyb\u0117s med\u017eiagos ir gamyba:<\/strong> Gamintojai naudoja auk\u0161\u010diausios kokyb\u0117s med\u017eiagas ir procesus, kad u\u017etikrint\u0173 krano tvirtum\u0105 ir ilgaam\u017ei\u0161kum\u0105.<\/li>\n<li><strong>Efektyv\u016bs elektriniai keltuvai:<\/strong> \u0160ie keltuvai veikia dideliu k\u0117limo grei\u010diu, skland\u017eiai ir ma\u017eai triuk\u0161mo, tod\u0117l idealiai tinka didelio na\u0161umo aplinkoje.<\/li>\n<\/ul>\n<h3>Eksploatavimas ir prie\u017ei\u016bra<\/h3>\n<p>Lengv\u0173j\u0173 kran\u0173 eksploatavimas ir prie\u017ei\u016bra yra paprasta ir efektyvi. Operatoriai gali valdyti kran\u0105 rankiniu b\u016bdu arba naudodami automatines sistemas. D\u0117l modulin\u0117s konstrukcijos naudotojai gali lengvai atlikti krano technin\u0119 prie\u017ei\u016br\u0105 ir remont\u0105. Pavyzd\u017eiui, sugadintus komponentus galima greitai pakeisti, taip suma\u017einant prastovas ir padidinant gamybos efektyvum\u0105. Tod\u0117l \u012fmon\u0117s gali pasikliauti lengvaisiais kranais, nes jie patikimai ir nuolat veikia.<\/p>\n<p>&nbsp;<\/p>\n<p><img decoding=\"async\" class=\"wp-image-5681 alignleft\" src=\"https:\/\/www.hnhlcranes.com\/wp-content\/uploads\/2024\/12\/Light-crane-cable-slider-300x300.jpg\" alt=\"\" width=\"199\" height=\"199\" \/> <img decoding=\"async\" class=\"wp-image-5682 alignleft\" src=\"https:\/\/www.hnhlcranes.com\/wp-content\/uploads\/2024\/12\/Light-crane-cable-end-clamp-300x300.jpg\" alt=\"\" width=\"200\" height=\"200\" \/><img decoding=\"async\" class=\"wp-image-5683 alignleft\" src=\"https:\/\/www.hnhlcranes.com\/wp-content\/uploads\/2024\/12\/Light-crane-internal-stop-300x300.jpg\" alt=\"\" width=\"200\" height=\"200\" \/><\/p>\n<\/div>\n<\/div>\n<\/div>\n<\/div>\n<p><img loading=\"lazy\" decoding=\"async\" class=\"wp-image-5684 alignleft\" style=\"margin-right: var(--global-md-spacing);\" src=\"https:\/\/www.hnhlcranes.com\/wp-content\/uploads\/2024\/12\/C-type-steel-cable-trolley-1-300x300.jpg\" alt=\"\" width=\"200\" height=\"200\" \/><\/p>\n<p>&nbsp;<\/p>\n<p>&nbsp;<\/p>\n<p>&nbsp;<\/p>\n<p>&nbsp;<\/p>\n<p>&nbsp;<\/p>\n<p style=\"text-align: left;\">Lengv\u0173j\u0173 kran\u0173 kabelio slankiklis Lengv\u0173j\u0173 kran\u0173 kabelio galinis spaustukas Lengv\u0173j\u0173 kran\u0173 vidinis ribotuvas C tipo plieninis kabelio ve\u017eim\u0117lis<\/p>\n<p>&nbsp;<\/p>\n<p><img loading=\"lazy\" decoding=\"async\" class=\"wp-image-5685 alignleft\" src=\"https:\/\/www.hnhlcranes.com\/wp-content\/uploads\/2024\/12\/C-type-steel-cable-trolley-2-300x300.jpg\" alt=\"\" width=\"200\" height=\"200\" \/> <img loading=\"lazy\" decoding=\"async\" class=\"wp-image-5686 alignleft\" src=\"https:\/\/www.hnhlcranes.com\/wp-content\/uploads\/2024\/12\/Light-crane-manual-trolley-300x300.jpg\" alt=\"\" width=\"200\" height=\"200\" \/><\/p>\n<p><img loading=\"lazy\" decoding=\"async\" class=\"wp-image-5687 alignleft\" style=\"margin-right: var(--global-md-spacing);\" src=\"https:\/\/www.hnhlcranes.com\/wp-content\/uploads\/2024\/12\/Light-crane-manual-trolley-connecting-plate-300x300.jpg\" alt=\"\" width=\"200\" height=\"200\" \/><\/p>\n<p><img loading=\"lazy\" decoding=\"async\" class=\"wp-image-5688 alignleft\" style=\"margin-right: var(--global-md-spacing);\" src=\"https:\/\/www.hnhlcranes.com\/wp-content\/uploads\/2024\/12\/Light-crane-electric-trolley-300x300.jpg\" alt=\"\" width=\"199\" height=\"199\" \/><\/p>\n<p>&nbsp;<\/p>\n<p>&nbsp;<\/p>\n<p>&nbsp;<\/p>\n<p>&nbsp;<\/p>\n<p>&nbsp;<\/p>\n<p style=\"text-align: left;\">\u00a0C tipo plieninio troso ve\u017eim\u0117lis Lengv\u0173j\u0173 kran\u0173 rankinis ve\u017eim\u0117lis Rankinio ve\u017eim\u0117lio jungiamoji plok\u0161t\u0117 Lengv\u0173j\u0173 kran\u0173 elektrinis ve\u017eim\u0117lis<\/p>\n<p>&nbsp;<\/p>\n<p><img loading=\"lazy\" decoding=\"async\" class=\"wp-image-5689 alignleft\" src=\"https:\/\/www.hnhlcranes.com\/wp-content\/uploads\/2024\/12\/Light-crane-Track-suspension-300x300.jpg\" alt=\"\" width=\"200\" height=\"200\" \/><\/p>\n<p><img loading=\"lazy\" decoding=\"async\" class=\"wp-image-5690 alignleft\" style=\"margin-right: var(--global-md-spacing);\" src=\"https:\/\/www.hnhlcranes.com\/wp-content\/uploads\/2024\/12\/Light-crane-suspension-point-300x300.jpg\" alt=\"\" width=\"200\" height=\"200\" \/><\/p>\n<p><img loading=\"lazy\" decoding=\"async\" class=\"wp-image-5691 alignleft\" style=\"margin-right: var(--global-md-spacing);\" src=\"https:\/\/www.hnhlcranes.com\/wp-content\/uploads\/2024\/12\/Light-crane-end-beam-300x300.jpg\" alt=\"\" width=\"199\" height=\"199\" \/><\/p>\n<p>&nbsp;<\/p>\n<p>&nbsp;<\/p>\n<p>&nbsp;<\/p>\n<p><strong>\u00a0 \u00a0<\/strong><\/p>\n<p>&nbsp;<\/p>\n<p style=\"text-align: left;\">\u00a0 Lengvojo krano b\u0117gi\u0173 pakaba Lengvojo krano pakabos ta\u0161kas Lengvojo krano galin\u0117 sija<\/p>\n<p>&nbsp;<\/p>","protected":false},"excerpt":{"rendered":"<p>\u0160viesos krano kabelio slankiklis, \u0160viesos krano kabelio galinis spaustukas, \u0160viesos krano vidin\u0117 stotel\u0117, C tipo plieninio kabelio ve\u017eim\u0117lis, \u0160viesos krano rankinis ve\u017eim\u0117lis, \u0160viesos krano rankinio ve\u017eim\u0117lio jungiamoji plok\u0161t\u0117, \u0160viesos krano b\u0117gi\u0173 pakaba, \u0160viesos krano pakabos ta\u0161kas, \u0160viesos krano galin\u0117 sija<\/p>","protected":false},"featured_media":7402,"template":"","meta":{"_kad_post_transparent":"default","_kad_post_title":"","_kad_post_layout":"default","_kad_post_sidebar_id":"","_kad_post_content_style":"default","_kad_post_vertical_padding":"show","_kad_post_feature":"","_kad_post_feature_position":"","_kad_post_header":false,"_kad_post_footer":false},"product_brand":[],"product_cat":[63],"product_tag":[593,376,599,602,591,590,596,600,592,594,595,601,598,597],"class_list":{"0":"post-5677","1":"product","2":"type-product","3":"status-publish","4":"has-post-thumbnail","6":"product_cat-light-crane-parts","7":"product_tag-c-type-steel-cable-trolley","8":"product_tag-china-crane-parts-supplier","9":"product_tag-flexible-track-crane-parts","10":"product_tag-light-crane","11":"product_tag-light-crane-cable-end-clamp","12":"product_tag-light-crane-cable-slider","13":"product_tag-light-crane-electric-trolley","14":"product_tag-light-crane-end-beam","15":"product_tag-light-crane-internal-stop","16":"product_tag-light-crane-manual-trolley","17":"product_tag-light-crane-manual-trolley-connecting-plate","18":"product_tag-light-crane-part","19":"product_tag-light-crane-suspension-point","20":"product_tag-light-crane-track-suspension","22":"first","23":"instock","24":"shipping-taxable","25":"product-type-simple","26":"entry","27":"content-bg","28":"loop-entry"},"yoast_head":"<!-- This site is optimized with the Yoast SEO plugin v24.5 - https:\/\/yoast.com\/wordpress\/plugins\/seo\/ -->\n<title>Light Crane Part - Light Crane- Light crane manual trolley-Crane Parts Manufacturer<\/title>\n<meta name=\"description\" content=\"Light crane Track suspension,Light Crane Parts,C-type steel cable trolley,cable slider,manual trolley,Flexible Track Crane Parts,China Crane Parts Supplier\" \/>\n<meta name=\"robots\" content=\"index, follow, max-snippet:-1, max-image-preview:large, max-video-preview:-1\" \/>\n<link rel=\"canonical\" href=\"https:\/\/www.hnhlcranes.com\/lt\/produktas\/lengvojo-krano-dalis\/\" \/>\n<meta property=\"og:locale\" content=\"lt_LT\" \/>\n<meta property=\"og:type\" content=\"article\" \/>\n<meta property=\"og:title\" content=\"Light Crane Part - Light Crane- Light crane manual trolley-Crane Parts Manufacturer\" \/>\n<meta property=\"og:description\" content=\"Light crane Track suspension,Light Crane Parts,C-type steel cable trolley,cable slider,manual trolley,Flexible Track Crane Parts,China Crane Parts Supplier\" \/>\n<meta property=\"og:url\" content=\"https:\/\/www.hnhlcranes.com\/lt\/produktas\/lengvojo-krano-dalis\/\" \/>\n<meta property=\"og:site_name\" content=\"Crane Parts Manufacturer\" \/>\n<meta property=\"article:modified_time\" content=\"2025-01-14T15:58:30+00:00\" \/>\n<meta property=\"og:image\" content=\"https:\/\/www.hnhlcranes.com\/wp-content\/uploads\/2024\/12\/Light-Crane-Part.jpg\" \/>\n\t<meta property=\"og:image:width\" content=\"600\" \/>\n\t<meta property=\"og:image:height\" content=\"600\" \/>\n\t<meta property=\"og:image:type\" content=\"image\/jpeg\" \/>\n<meta name=\"twitter:card\" content=\"summary_large_image\" \/>\n<meta name=\"twitter:label1\" content=\"Est. reading time\" \/>\n\t<meta name=\"twitter:data1\" content=\"5 minut\u0117s\" \/>\n<script type=\"application\/ld+json\" class=\"yoast-schema-graph\">{\"@context\":\"https:\/\/schema.org\",\"@graph\":[{\"@type\":\"WebPage\",\"@id\":\"https:\/\/www.hnhlcranes.com\/product\/light-crane-part\/\",\"url\":\"https:\/\/www.hnhlcranes.com\/product\/light-crane-part\/\",\"name\":\"Light Crane Part - Light Crane- Light crane manual trolley-Crane Parts Manufacturer\",\"isPartOf\":{\"@id\":\"https:\/\/www.hnhlcranes.com\/#website\"},\"primaryImageOfPage\":{\"@id\":\"https:\/\/www.hnhlcranes.com\/product\/light-crane-part\/#primaryimage\"},\"image\":{\"@id\":\"https:\/\/www.hnhlcranes.com\/product\/light-crane-part\/#primaryimage\"},\"thumbnailUrl\":\"https:\/\/www.hnhlcranes.com\/wp-content\/uploads\/2024\/12\/Light-Crane-Part.jpg\",\"datePublished\":\"2024-12-03T16:34:44+00:00\",\"dateModified\":\"2025-01-14T15:58:30+00:00\",\"description\":\"Light crane Track suspension,Light Crane Parts,C-type steel cable trolley,cable slider,manual trolley,Flexible Track Crane Parts,China Crane Parts Supplier\",\"breadcrumb\":{\"@id\":\"https:\/\/www.hnhlcranes.com\/product\/light-crane-part\/#breadcrumb\"},\"inLanguage\":\"lt-LT\",\"potentialAction\":[{\"@type\":\"ReadAction\",\"target\":[\"https:\/\/www.hnhlcranes.com\/product\/light-crane-part\/\"]}]},{\"@type\":\"ImageObject\",\"inLanguage\":\"lt-LT\",\"@id\":\"https:\/\/www.hnhlcranes.com\/product\/light-crane-part\/#primaryimage\",\"url\":\"https:\/\/www.hnhlcranes.com\/wp-content\/uploads\/2024\/12\/Light-Crane-Part.jpg\",\"contentUrl\":\"https:\/\/www.hnhlcranes.com\/wp-content\/uploads\/2024\/12\/Light-Crane-Part.jpg\",\"width\":600,\"height\":600},{\"@type\":\"BreadcrumbList\",\"@id\":\"https:\/\/www.hnhlcranes.com\/product\/light-crane-part\/#breadcrumb\",\"itemListElement\":[{\"@type\":\"ListItem\",\"position\":1,\"name\":\"home\",\"item\":\"https:\/\/www.hnhlcranes.com\/\"},{\"@type\":\"ListItem\",\"position\":2,\"name\":\"products\",\"item\":\"https:\/\/www.hnhlcranes.com\/products\/\"},{\"@type\":\"ListItem\",\"position\":3,\"name\":\"Light Crane Part\"}]},{\"@type\":\"WebSite\",\"@id\":\"https:\/\/www.hnhlcranes.com\/#website\",\"url\":\"https:\/\/www.hnhlcranes.com\/\",\"name\":\"Crane Parts Manufacturer\",\"description\":\"Crane Wheels,Crane Drums,Crane Hooks,Crane Coupling,Crane End Carriage,Electric Hoist,European Crane Parts,Crane Rail Clip,Crane Spreader,Crane Motor,Crane Reducer,Crane Brake,Light Crane Parts,Workstation Crane Parts,Crane Electrical Parts,China Crane Parts Supplier,China Crane Parts Manufacturer,Angle box type crane wheel,45 degree split crane wheel,European crane wheel,Crane Wheel Blocks,Overhead crane drum,European crane drum,Overhead crane hook,European crane hook,Crane pulley block,Gear coupling,Brake wheel coupling,Drum gear coupling,Brake wheel drum gear coupling,Cardan Shaft Coupling,WZL drum coupling,Plum blossom elastic coupling,Brake wheel plum elastic coupling,European Single girder crane end carriage,European Double girder crane end carriage,European Suspension  crane end carriage,Wire Rope Electric Hoist,Electric Chain Hoist,European Single Girder Wire Rope Electric Hoist,European Double Girder Wire Rope Electric Hoist,Crane grab,Container spreader,Billet crane clamps,C-type hook,Lifting Electromagnet,YZR crane motor,YZP crane motor,ZQ Reducer,ZSC Reducer,QJ Reducer,QJ-L Reducer,QJY Reducer,H series gearbox,F Series Gear Motor,K Series Gear Motor,R Series Gear Motor,travelling machinery gear motor,Electro hydraulic drum brake,Electro hydraulic disc brake,Crane Safety brake,Crane cable trolley,Crane remote controller,Crane pendant controller,Crane electrical control cabinet,Crane limit switch,Crane sound and light alarm,Heavy Duty Aviation Connector,Crane overload limiter\",\"publisher\":{\"@id\":\"https:\/\/www.hnhlcranes.com\/#organization\"},\"potentialAction\":[{\"@type\":\"SearchAction\",\"target\":{\"@type\":\"EntryPoint\",\"urlTemplate\":\"https:\/\/www.hnhlcranes.com\/?s={search_term_string}\"},\"query-input\":{\"@type\":\"PropertyValueSpecification\",\"valueRequired\":true,\"valueName\":\"search_term_string\"}}],\"inLanguage\":\"lt-LT\"},{\"@type\":\"Organization\",\"@id\":\"https:\/\/www.hnhlcranes.com\/#organization\",\"name\":\"Crane Parts Manufacturer\",\"url\":\"https:\/\/www.hnhlcranes.com\/\",\"logo\":{\"@type\":\"ImageObject\",\"inLanguage\":\"lt-LT\",\"@id\":\"https:\/\/www.hnhlcranes.com\/#\/schema\/logo\/image\/\",\"url\":\"https:\/\/www.hnhlcranes.com\/wp-content\/uploads\/2025\/01\/HL-logo-1.png\",\"contentUrl\":\"https:\/\/www.hnhlcranes.com\/wp-content\/uploads\/2025\/01\/HL-logo-1.png\",\"width\":600,\"height\":169,\"caption\":\"Crane Parts Manufacturer\"},\"image\":{\"@id\":\"https:\/\/www.hnhlcranes.com\/#\/schema\/logo\/image\/\"}}]}<\/script>\n<!-- \/ Yoast SEO plugin. -->","yoast_head_json":{"title":"Light Crane Part - Light Crane- Light crane manual trolley-Crane Parts Manufacturer","description":"Light crane Track suspension,Light Crane Parts,C-type steel cable trolley,cable slider,manual trolley,Flexible Track Crane Parts,China Crane Parts Supplier","robots":{"index":"index","follow":"follow","max-snippet":"max-snippet:-1","max-image-preview":"max-image-preview:large","max-video-preview":"max-video-preview:-1"},"canonical":"https:\/\/www.hnhlcranes.com\/lt\/produktas\/lengvojo-krano-dalis\/","og_locale":"lt_LT","og_type":"article","og_title":"Light Crane Part - Light Crane- Light crane manual trolley-Crane Parts Manufacturer","og_description":"Light crane Track suspension,Light Crane Parts,C-type steel cable trolley,cable slider,manual trolley,Flexible Track Crane Parts,China Crane Parts Supplier","og_url":"https:\/\/www.hnhlcranes.com\/lt\/produktas\/lengvojo-krano-dalis\/","og_site_name":"Crane Parts Manufacturer","article_modified_time":"2025-01-14T15:58:30+00:00","og_image":[{"width":600,"height":600,"url":"https:\/\/www.hnhlcranes.com\/wp-content\/uploads\/2024\/12\/Light-Crane-Part.jpg","type":"image\/jpeg"}],"twitter_card":"summary_large_image","twitter_misc":{"Est. reading time":"5 minut\u0117s"},"schema":{"@context":"https:\/\/schema.org","@graph":[{"@type":"WebPage","@id":"https:\/\/www.hnhlcranes.com\/product\/light-crane-part\/","url":"https:\/\/www.hnhlcranes.com\/product\/light-crane-part\/","name":"Light Crane Part - Light Crane- Light crane manual trolley-Crane Parts Manufacturer","isPartOf":{"@id":"https:\/\/www.hnhlcranes.com\/#website"},"primaryImageOfPage":{"@id":"https:\/\/www.hnhlcranes.com\/product\/light-crane-part\/#primaryimage"},"image":{"@id":"https:\/\/www.hnhlcranes.com\/product\/light-crane-part\/#primaryimage"},"thumbnailUrl":"https:\/\/www.hnhlcranes.com\/wp-content\/uploads\/2024\/12\/Light-Crane-Part.jpg","datePublished":"2024-12-03T16:34:44+00:00","dateModified":"2025-01-14T15:58:30+00:00","description":"Light crane Track suspension,Light Crane Parts,C-type steel cable trolley,cable slider,manual trolley,Flexible Track Crane Parts,China Crane Parts Supplier","breadcrumb":{"@id":"https:\/\/www.hnhlcranes.com\/product\/light-crane-part\/#breadcrumb"},"inLanguage":"lt-LT","potentialAction":[{"@type":"ReadAction","target":["https:\/\/www.hnhlcranes.com\/product\/light-crane-part\/"]}]},{"@type":"ImageObject","inLanguage":"lt-LT","@id":"https:\/\/www.hnhlcranes.com\/product\/light-crane-part\/#primaryimage","url":"https:\/\/www.hnhlcranes.com\/wp-content\/uploads\/2024\/12\/Light-Crane-Part.jpg","contentUrl":"https:\/\/www.hnhlcranes.com\/wp-content\/uploads\/2024\/12\/Light-Crane-Part.jpg","width":600,"height":600},{"@type":"BreadcrumbList","@id":"https:\/\/www.hnhlcranes.com\/product\/light-crane-part\/#breadcrumb","itemListElement":[{"@type":"ListItem","position":1,"name":"home","item":"https:\/\/www.hnhlcranes.com\/"},{"@type":"ListItem","position":2,"name":"products","item":"https:\/\/www.hnhlcranes.com\/products\/"},{"@type":"ListItem","position":3,"name":"Light Crane Part"}]},{"@type":"WebSite","@id":"https:\/\/www.hnhlcranes.com\/#website","url":"https:\/\/www.hnhlcranes.com\/","name":"Crane Parts Manufacturer","description":"Crane Wheels,Crane Drums,Crane Hooks,Crane Coupling,Crane End Carriage,Electric Hoist,European Crane Parts,Crane Rail Clip,Crane Spreader,Crane Motor,Crane Reducer,Crane Brake,Light Crane Parts,Workstation Crane Parts,Crane Electrical Parts,China Crane Parts Supplier,China Crane Parts Manufacturer,Angle box type crane wheel,45 degree split crane wheel,European crane wheel,Crane Wheel Blocks,Overhead crane drum,European crane drum,Overhead crane hook,European crane hook,Crane pulley block,Gear coupling,Brake wheel coupling,Drum gear coupling,Brake wheel drum gear coupling,Cardan Shaft Coupling,WZL drum coupling,Plum blossom elastic coupling,Brake wheel plum elastic coupling,European Single girder crane end carriage,European Double girder crane end carriage,European Suspension  crane end carriage,Wire Rope Electric Hoist,Electric Chain Hoist,European Single Girder Wire Rope Electric Hoist,European Double Girder Wire Rope Electric Hoist,Crane grab,Container spreader,Billet crane clamps,C-type hook,Lifting Electromagnet,YZR crane motor,YZP crane motor,ZQ Reducer,ZSC Reducer,QJ Reducer,QJ-L Reducer,QJY Reducer,H series gearbox,F Series Gear Motor,K Series Gear Motor,R Series Gear Motor,travelling machinery gear motor,Electro hydraulic drum brake,Electro hydraulic disc brake,Crane Safety brake,Crane cable trolley,Crane remote controller,Crane pendant controller,Crane electrical control cabinet,Crane limit switch,Crane sound and light alarm,Heavy Duty Aviation Connector,Crane overload limiter","publisher":{"@id":"https:\/\/www.hnhlcranes.com\/#organization"},"potentialAction":[{"@type":"SearchAction","target":{"@type":"EntryPoint","urlTemplate":"https:\/\/www.hnhlcranes.com\/?s={search_term_string}"},"query-input":{"@type":"PropertyValueSpecification","valueRequired":true,"valueName":"search_term_string"}}],"inLanguage":"lt-LT"},{"@type":"Organization","@id":"https:\/\/www.hnhlcranes.com\/#organization","name":"Crane Parts Manufacturer","url":"https:\/\/www.hnhlcranes.com\/","logo":{"@type":"ImageObject","inLanguage":"lt-LT","@id":"https:\/\/www.hnhlcranes.com\/#\/schema\/logo\/image\/","url":"https:\/\/www.hnhlcranes.com\/wp-content\/uploads\/2025\/01\/HL-logo-1.png","contentUrl":"https:\/\/www.hnhlcranes.com\/wp-content\/uploads\/2025\/01\/HL-logo-1.png","width":600,"height":169,"caption":"Crane Parts Manufacturer"},"image":{"@id":"https:\/\/www.hnhlcranes.com\/#\/schema\/logo\/image\/"}}]}},"_links":{"self":[{"href":"https:\/\/www.hnhlcranes.com\/lt\/wp-json\/wp\/v2\/product\/5677","targetHints":{"allow":["GET"]}}],"collection":[{"href":"https:\/\/www.hnhlcranes.com\/lt\/wp-json\/wp\/v2\/product"}],"about":[{"href":"https:\/\/www.hnhlcranes.com\/lt\/wp-json\/wp\/v2\/types\/product"}],"version-history":[{"count":21,"href":"https:\/\/www.hnhlcranes.com\/lt\/wp-json\/wp\/v2\/product\/5677\/revisions"}],"predecessor-version":[{"id":7425,"href":"https:\/\/www.hnhlcranes.com\/lt\/wp-json\/wp\/v2\/product\/5677\/revisions\/7425"}],"wp:featuredmedia":[{"embeddable":true,"href":"https:\/\/www.hnhlcranes.com\/lt\/wp-json\/wp\/v2\/media\/7402"}],"wp:attachment":[{"href":"https:\/\/www.hnhlcranes.com\/lt\/wp-json\/wp\/v2\/media?parent=5677"}],"wp:term":[{"taxonomy":"product_brand","embeddable":true,"href":"https:\/\/www.hnhlcranes.com\/lt\/wp-json\/wp\/v2\/product_brand?post=5677"},{"taxonomy":"product_cat","embeddable":true,"href":"https:\/\/www.hnhlcranes.com\/lt\/wp-json\/wp\/v2\/product_cat?post=5677"},{"taxonomy":"product_tag","embeddable":true,"href":"https:\/\/www.hnhlcranes.com\/lt\/wp-json\/wp\/v2\/product_tag?post=5677"}],"curies":[{"name":"wp","href":"https:\/\/api.w.org\/{rel}","templated":true}]}}