{"id":5763,"date":"2024-12-05T23:37:16","date_gmt":"2024-12-05T15:37:16","guid":{"rendered":"https:\/\/www.hnhlcranes.com\/?post_type=product&#038;p=5763"},"modified":"2025-01-14T23:58:43","modified_gmt":"2025-01-14T15:58:43","slug":"krano-elektros-valdymo-spinta","status":"publish","type":"product","link":"https:\/\/www.hnhlcranes.com\/lt\/produktas\/krano-elektros-valdymo-spinta\/","title":{"rendered":"Kran\u0173 elektros valdymo spinta"},"content":{"rendered":"<div class=\"flex max-w-full flex-col flex-grow\">\n<div class=\"min-h-8 text-message flex w-full flex-col items-end gap-2 whitespace-normal break-words text-start [.text-message+&amp;]:mt-5\" dir=\"auto\" data-message-author-role=\"assistant\" data-message-id=\"c900b7fa-04cb-4382-81d9-3bfa02a01192\" data-message-model-slug=\"gpt-4o\">\n<div class=\"flex w-full flex-col gap-1 empty:hidden first:pt-[3px]\">\n<div class=\"markdown prose w-full break-words dark:prose-invert light\">\n<h3>\u012evadas \u012f krano valdymo spint\u0105<\/h3>\n<p>Kran\u0173 valdymo spinta yra pagrindin\u0117 kran\u0173 ir k\u0117limo \u012frangos elektros valdymo sistemos sudedamoji dalis. Ji veikia kaip centrinis \u012fvairi\u0173 krano operacij\u0173, \u012fskaitant k\u0117lim\u0105, nuleidim\u0105, va\u017eiavim\u0105 ir sukim\u0105si, valdymo ir reguliavimo mazgas. Kran\u0173 valdymo spinta, kurioje yra svarbiausi valdymo elementai, saugos \u012ftaisai ir energijos paskirstymo sistemos, u\u017etikrina efektyv\u0173, saug\u0173 ir patikim\u0105 kran\u0173 veikim\u0105 \u012fvairiose pramon\u0117s srityse.<\/p>\n<h3>Pagrindin\u0117s funkcijos ir ypatyb\u0117s<\/h3>\n<ol>\n<li><strong>Centralizuotas valdymas<\/strong>: Valdymo spintoje yra \u012fvair\u016bs valdymo elementai, pavyzd\u017eiui, varikli\u0173 paleidikliai, rel\u0117s, kontaktoriai ir jungikliai. \u0160ie komponentai veikia kartu, kad valdyt\u0173 krano judesius ir apsaugot\u0173 sistem\u0105 nuo elektros gedim\u0173.<\/li>\n<li><strong>Energijos paskirstymas<\/strong>: Valdymo spinta yra atsakinga u\u017e galios paskirstym\u0105 \u012fvairioms krano dalims, \u012fskaitant keltuvo, ve\u017eim\u0117lio ir va\u017eiavimo variklius. Ji u\u017etikrina, kad kiekvienam varikliui b\u016bt\u0173 tiekiama reikiama galia, tod\u0117l kranas veikia skland\u017eiai ir patikimai.<\/li>\n<li><strong>Sauga ir apsauga<\/strong>: Kran\u0173 valdymo spintel\u0117je yra kelios saugos funkcijos: apsauga nuo perkrovos, apsauga nuo trumpojo jungimo ir avarinio stabdymo grandin\u0117s. \u0160ios funkcijos apsaugo nuo nelaiming\u0173 atsitikim\u0173 ir \u012frangos sugadinimo, u\u017etikrindamos tiek operatoriaus, tiek krano sistemos saugum\u0105.<\/li>\n<li><strong>Automatizavimas ir steb\u0117jimas<\/strong>: Daugelyje \u0161iuolaikini\u0173 kran\u0173 valdymo spint\u0173 yra automatikos sistemos, pavyzd\u017eiui, programuojamieji loginiai valdikliai (PLC) ir \u017emogaus ir ma\u0161inos s\u0105sajos (HMI). \u0160ios sistemos leid\u017eia nuotoliniu b\u016bdu steb\u0117ti ir automati\u0161kai valdyti kran\u0105, tod\u0117l suma\u017e\u0117ja rankinio \u012fsiki\u0161imo poreikis ir padid\u0117ja veiklos efektyvumas.<\/li>\n<li><strong>Pritaikymas<\/strong>: Krano valdymo spintos konstrukcija gali b\u016bti pritaikyta atsi\u017evelgiant \u012f konkre\u010dius krano poreikius, pavyzd\u017eiui, varikli\u0173 kiek\u012f, apkrovos tipus ir darbo aplink\u0105. Toks lankstumas u\u017etikrina, kad valdymo spinta atitikt\u0173 unikalius \u012fvairi\u0173 pramon\u0117s \u0161ak\u0173, \u012fskaitant statyb\u0105, gamyb\u0105 ir uosto logistik\u0105, reikalavimus.<\/li>\n<\/ol>\n<h3>krano valdymo spinta Parai\u0161kos<\/h3>\n<p>Krano valdymo spinta pla\u010diai naudojama \u012fvairiose pramon\u0117s srityse, \u012fskaitant:<\/p>\n<ul>\n<li><strong>Pramoniniai kranai<\/strong>: Jis naudojamas tiltiniams kranams, portaliniams kranams ir str\u0117liniams kranams valdyti gamyklose, sand\u0117liuose ir gamybin\u0117se patalpose.<\/li>\n<li><strong>Uosto kranai<\/strong>: Jis yra labai svarbus valdant konteineri\u0173 krovos kranus, laiv\u0173 statykl\u0173 kranus ir biri\u0173 med\u017eiag\u0173 kranus uostuose ir prieplaukose.<\/li>\n<li><strong>Kalnakasybos operacijos<\/strong>: Valdymo spinta atlieka svarb\u0173 vaidmen\u012f valdant ir paskirstant kran\u0173, naudojam\u0173 kasykl\u0173 keltuvuose ir kituose sunkiasvoriuose k\u0117limo \u012frenginiuose, gali\u0105.<\/li>\n<li><strong>Statybviet\u0117s<\/strong>: Jis naudojamas bok\u0161tiniams kranams, med\u017eiag\u0173 keltuvams ir kitai k\u0117limo \u012frangai valdyti statybose.<\/li>\n<\/ul>\n<h6><strong><span style=\"font-family: arial, helvetica, sans-serif; font-size: 18pt;\">\u012erengimas ir prie\u017ei\u016bra<\/span><\/strong><\/h6>\n<p>Kad u\u017etikrintum\u0117te optimal\u0173 veikim\u0105, diegdami ir atlikdami technin\u0119 prie\u017ei\u016br\u0105 laikykit\u0117s \u0161i\u0173 nurodym\u0173:<\/p>\n<ol>\n<li><strong>Metalin\u0117s jungtys<\/strong>:<br \/>\nTinkamai prijunkite visas metalines dalis, ypa\u010d da\u017eytus ar anoduotus pavir\u0161ius, naudodami specializuotus kontaktinius kilim\u0117lius.<\/li>\n<li><strong>Komponent\u0173 i\u0161d\u0117stymas<\/strong>:<br \/>\nKomponentus i\u0161d\u0117stykite logi\u0161kai, u\u017etikrindami ne ma\u017eesn\u012f kaip 200 mm atstum\u0105 tarp pavar\u0173 ir jautri\u0173 elektrini\u0173 dali\u0173, kad suma\u017eintum\u0117te elektromagnetinius trikd\u017eius.<\/li>\n<li><strong>Aplinkos s\u0105lygos<\/strong>:\n<ul>\n<li><strong>Auk\u0161tis<\/strong>: \u017demiau nei 2000 m.<\/li>\n<li><strong>Temperat\u016bra<\/strong>: nuo -30\u00b0C iki +40\u00b0C.<\/li>\n<li><strong>Dr\u0117gm\u0117<\/strong>: \u2264 85%.<\/li>\n<li><strong>Stabilumas<\/strong>: Venkite viet\u0173, kuriose yra pernelyg didel\u0117 vibracija ar sm\u016bgiai.<\/li>\n<li><strong>Sauga<\/strong>: \u012esitikinkite, kad n\u0117ra sprogi\u0173 duj\u0173 ar gar\u0173.<\/li>\n<\/ul>\n<\/li>\n<\/ol>\n<h3>I\u0161vada<\/h3>\n<p>Apibendrinant galima teigti, kad krano valdymo spinta yra neatsiejama nuo saugaus, efektyvaus ir patikimo kran\u0173 veikimo u\u017etikrinimo. Centralizuodama valdym\u0105, paskirstydama energij\u0105 ir integruodama saugos funkcijas, ji u\u017etikrina skland\u0173 krano jud\u0117jim\u0105 ir suma\u017eina sistemos gedim\u0173 rizik\u0105. D\u0117l pritaikomos konstrukcijos krano valdymo spinta gali atitikti specifinius \u012fvairi\u0173 pramon\u0117s \u0161ak\u0173 poreikius, taip prisidedant prie didesnio na\u0161umo ir darbo saugos.<\/p>\n<\/div>\n<\/div>\n<\/div>\n<\/div>","protected":false},"excerpt":{"rendered":"<p>Valdymo spinta, maitinimo spinta, signalo spinta, speciali spinta, duomen\u0173 surinkimo spinta, krano elektros valdymo spinta, elektros valdymo spinta, krano valdymo spinta<\/p>","protected":false},"featured_media":7472,"template":"","meta":{"_kad_post_transparent":"default","_kad_post_title":"","_kad_post_layout":"default","_kad_post_sidebar_id":"","_kad_post_content_style":"default","_kad_post_vertical_padding":"show","_kad_post_feature":"","_kad_post_feature_position":"","_kad_post_header":false,"_kad_post_footer":false},"product_brand":[],"product_cat":[65],"product_tag":[632,622,376,634,612,616,626,627,629,613,617,620,615,614,618,628,619,621,623,630,635,633,625,631,624],"class_list":{"0":"post-5763","1":"product","2":"type-product","3":"status-publish","4":"has-post-thumbnail","6":"product_cat-crane-electrical-parts","7":"product_tag-aviation-plug","8":"product_tag-cable-trolley","9":"product_tag-china-crane-parts-supplier","10":"product_tag-crane-aviation-plug","11":"product_tag-crane-cable-trolley","12":"product_tag-crane-control-cabinet","13":"product_tag-crane-control-handle","14":"product_tag-crane-controls","15":"product_tag-crane-electrical-control-cabinet","16":"product_tag-crane-electrical-part","17":"product_tag-crane-limit-switch","18":"product_tag-crane-overload-limiter","19":"product_tag-crane-pendant-controller","20":"product_tag-crane-remote-controller","21":"product_tag-crane-sound-and-light-alarm","22":"product_tag-electrical-control-cabinet","23":"product_tag-heavy-duty-aviation-connector","24":"product_tag-i-beam-cable-trolley","25":"product_tag-i-beam-cable-trolley-supplier","26":"product_tag-limit-switch","27":"product_tag-overload-limiter","28":"product_tag-quick-connector","29":"product_tag-remote-controller","30":"product_tag-sound-and-light-alarm","31":"product_tag-wireless-remote-control","33":"first","34":"instock","35":"featured","36":"shipping-taxable","37":"product-type-simple","38":"entry","39":"content-bg","40":"loop-entry"},"yoast_head":"<!-- This site is optimized with the Yoast SEO plugin v24.5 - https:\/\/yoast.com\/wordpress\/plugins\/seo\/ -->\n<title>Crane electrical control cabinet -electrical control cabinet- Crane Parts Manufacturer<\/title>\n<meta name=\"description\" content=\"electrical control cabinet,crane control cabinet,Crane electrical control cabinet,Electrical control cabinet manufacturer,Crane Electrical Parts\" \/>\n<meta name=\"robots\" content=\"index, follow, max-snippet:-1, max-image-preview:large, max-video-preview:-1\" \/>\n<link rel=\"canonical\" href=\"https:\/\/www.hnhlcranes.com\/lt\/produktas\/krano-elektros-valdymo-spinta\/\" \/>\n<meta property=\"og:locale\" content=\"lt_LT\" \/>\n<meta property=\"og:type\" content=\"article\" \/>\n<meta property=\"og:title\" content=\"Crane electrical control cabinet -electrical control cabinet- Crane Parts Manufacturer\" \/>\n<meta property=\"og:description\" content=\"electrical control cabinet,crane control cabinet,Crane electrical control cabinet,Electrical control cabinet manufacturer,Crane Electrical Parts\" \/>\n<meta property=\"og:url\" content=\"https:\/\/www.hnhlcranes.com\/lt\/produktas\/krano-elektros-valdymo-spinta\/\" \/>\n<meta property=\"og:site_name\" content=\"Crane Parts Manufacturer\" \/>\n<meta property=\"article:modified_time\" content=\"2025-01-14T15:58:43+00:00\" \/>\n<meta property=\"og:image\" content=\"https:\/\/www.hnhlcranes.com\/wp-content\/uploads\/2024\/12\/Crane-control-cabinet.jpg\" \/>\n\t<meta property=\"og:image:width\" content=\"600\" \/>\n\t<meta property=\"og:image:height\" content=\"600\" \/>\n\t<meta property=\"og:image:type\" content=\"image\/jpeg\" \/>\n<meta name=\"twitter:card\" content=\"summary_large_image\" \/>\n<meta name=\"twitter:label1\" content=\"Est. reading time\" \/>\n\t<meta name=\"twitter:data1\" content=\"3 minut\u0117s\" \/>\n<script type=\"application\/ld+json\" class=\"yoast-schema-graph\">{\"@context\":\"https:\/\/schema.org\",\"@graph\":[{\"@type\":\"WebPage\",\"@id\":\"https:\/\/www.hnhlcranes.com\/product\/crane-electrical-control-cabinet\/\",\"url\":\"https:\/\/www.hnhlcranes.com\/product\/crane-electrical-control-cabinet\/\",\"name\":\"Crane electrical control cabinet -electrical control cabinet- Crane Parts Manufacturer\",\"isPartOf\":{\"@id\":\"https:\/\/www.hnhlcranes.com\/#website\"},\"primaryImageOfPage\":{\"@id\":\"https:\/\/www.hnhlcranes.com\/product\/crane-electrical-control-cabinet\/#primaryimage\"},\"image\":{\"@id\":\"https:\/\/www.hnhlcranes.com\/product\/crane-electrical-control-cabinet\/#primaryimage\"},\"thumbnailUrl\":\"https:\/\/www.hnhlcranes.com\/wp-content\/uploads\/2024\/12\/Crane-control-cabinet.jpg\",\"datePublished\":\"2024-12-05T15:37:16+00:00\",\"dateModified\":\"2025-01-14T15:58:43+00:00\",\"description\":\"electrical control cabinet,crane control cabinet,Crane electrical control cabinet,Electrical control cabinet manufacturer,Crane Electrical Parts\",\"breadcrumb\":{\"@id\":\"https:\/\/www.hnhlcranes.com\/product\/crane-electrical-control-cabinet\/#breadcrumb\"},\"inLanguage\":\"lt-LT\",\"potentialAction\":[{\"@type\":\"ReadAction\",\"target\":[\"https:\/\/www.hnhlcranes.com\/product\/crane-electrical-control-cabinet\/\"]}]},{\"@type\":\"ImageObject\",\"inLanguage\":\"lt-LT\",\"@id\":\"https:\/\/www.hnhlcranes.com\/product\/crane-electrical-control-cabinet\/#primaryimage\",\"url\":\"https:\/\/www.hnhlcranes.com\/wp-content\/uploads\/2024\/12\/Crane-control-cabinet.jpg\",\"contentUrl\":\"https:\/\/www.hnhlcranes.com\/wp-content\/uploads\/2024\/12\/Crane-control-cabinet.jpg\",\"width\":600,\"height\":600},{\"@type\":\"BreadcrumbList\",\"@id\":\"https:\/\/www.hnhlcranes.com\/product\/crane-electrical-control-cabinet\/#breadcrumb\",\"itemListElement\":[{\"@type\":\"ListItem\",\"position\":1,\"name\":\"home\",\"item\":\"https:\/\/www.hnhlcranes.com\/\"},{\"@type\":\"ListItem\",\"position\":2,\"name\":\"products\",\"item\":\"https:\/\/www.hnhlcranes.com\/products\/\"},{\"@type\":\"ListItem\",\"position\":3,\"name\":\"Crane electrical control cabinet\"}]},{\"@type\":\"WebSite\",\"@id\":\"https:\/\/www.hnhlcranes.com\/#website\",\"url\":\"https:\/\/www.hnhlcranes.com\/\",\"name\":\"Crane Parts Manufacturer\",\"description\":\"Crane Wheels,Crane Drums,Crane Hooks,Crane Coupling,Crane End Carriage,Electric Hoist,European Crane Parts,Crane Rail Clip,Crane Spreader,Crane Motor,Crane Reducer,Crane Brake,Light Crane Parts,Workstation Crane Parts,Crane Electrical Parts,China Crane Parts Supplier,China Crane Parts Manufacturer,Angle box type crane wheel,45 degree split crane wheel,European crane wheel,Crane Wheel Blocks,Overhead crane drum,European crane drum,Overhead crane hook,European crane hook,Crane pulley block,Gear coupling,Brake wheel coupling,Drum gear coupling,Brake wheel drum gear coupling,Cardan Shaft Coupling,WZL drum coupling,Plum blossom elastic coupling,Brake wheel plum elastic coupling,European Single girder crane end carriage,European Double girder crane end carriage,European Suspension  crane end carriage,Wire Rope Electric Hoist,Electric Chain Hoist,European Single Girder Wire Rope Electric Hoist,European Double Girder Wire Rope Electric Hoist,Crane grab,Container spreader,Billet crane clamps,C-type hook,Lifting Electromagnet,YZR crane motor,YZP crane motor,ZQ Reducer,ZSC Reducer,QJ Reducer,QJ-L Reducer,QJY Reducer,H series gearbox,F Series Gear Motor,K Series Gear Motor,R Series Gear Motor,travelling machinery gear motor,Electro hydraulic drum brake,Electro hydraulic disc brake,Crane Safety brake,Crane cable trolley,Crane remote controller,Crane pendant controller,Crane electrical control cabinet,Crane limit switch,Crane sound and light alarm,Heavy Duty Aviation Connector,Crane overload limiter\",\"publisher\":{\"@id\":\"https:\/\/www.hnhlcranes.com\/#organization\"},\"potentialAction\":[{\"@type\":\"SearchAction\",\"target\":{\"@type\":\"EntryPoint\",\"urlTemplate\":\"https:\/\/www.hnhlcranes.com\/?s={search_term_string}\"},\"query-input\":{\"@type\":\"PropertyValueSpecification\",\"valueRequired\":true,\"valueName\":\"search_term_string\"}}],\"inLanguage\":\"lt-LT\"},{\"@type\":\"Organization\",\"@id\":\"https:\/\/www.hnhlcranes.com\/#organization\",\"name\":\"Crane Parts Manufacturer\",\"url\":\"https:\/\/www.hnhlcranes.com\/\",\"logo\":{\"@type\":\"ImageObject\",\"inLanguage\":\"lt-LT\",\"@id\":\"https:\/\/www.hnhlcranes.com\/#\/schema\/logo\/image\/\",\"url\":\"https:\/\/www.hnhlcranes.com\/wp-content\/uploads\/2025\/01\/HL-logo-1.png\",\"contentUrl\":\"https:\/\/www.hnhlcranes.com\/wp-content\/uploads\/2025\/01\/HL-logo-1.png\",\"width\":600,\"height\":169,\"caption\":\"Crane Parts Manufacturer\"},\"image\":{\"@id\":\"https:\/\/www.hnhlcranes.com\/#\/schema\/logo\/image\/\"}}]}<\/script>\n<!-- \/ Yoast SEO plugin. -->","yoast_head_json":{"title":"Crane electrical control cabinet -electrical control cabinet- Crane Parts Manufacturer","description":"electrical control cabinet,crane control cabinet,Crane electrical control cabinet,Electrical control cabinet manufacturer,Crane Electrical Parts","robots":{"index":"index","follow":"follow","max-snippet":"max-snippet:-1","max-image-preview":"max-image-preview:large","max-video-preview":"max-video-preview:-1"},"canonical":"https:\/\/www.hnhlcranes.com\/lt\/produktas\/krano-elektros-valdymo-spinta\/","og_locale":"lt_LT","og_type":"article","og_title":"Crane electrical control cabinet -electrical control cabinet- Crane Parts Manufacturer","og_description":"electrical control cabinet,crane control cabinet,Crane electrical control cabinet,Electrical control cabinet manufacturer,Crane Electrical Parts","og_url":"https:\/\/www.hnhlcranes.com\/lt\/produktas\/krano-elektros-valdymo-spinta\/","og_site_name":"Crane Parts Manufacturer","article_modified_time":"2025-01-14T15:58:43+00:00","og_image":[{"width":600,"height":600,"url":"https:\/\/www.hnhlcranes.com\/wp-content\/uploads\/2024\/12\/Crane-control-cabinet.jpg","type":"image\/jpeg"}],"twitter_card":"summary_large_image","twitter_misc":{"Est. reading time":"3 minut\u0117s"},"schema":{"@context":"https:\/\/schema.org","@graph":[{"@type":"WebPage","@id":"https:\/\/www.hnhlcranes.com\/product\/crane-electrical-control-cabinet\/","url":"https:\/\/www.hnhlcranes.com\/product\/crane-electrical-control-cabinet\/","name":"Crane electrical control cabinet -electrical control cabinet- Crane Parts Manufacturer","isPartOf":{"@id":"https:\/\/www.hnhlcranes.com\/#website"},"primaryImageOfPage":{"@id":"https:\/\/www.hnhlcranes.com\/product\/crane-electrical-control-cabinet\/#primaryimage"},"image":{"@id":"https:\/\/www.hnhlcranes.com\/product\/crane-electrical-control-cabinet\/#primaryimage"},"thumbnailUrl":"https:\/\/www.hnhlcranes.com\/wp-content\/uploads\/2024\/12\/Crane-control-cabinet.jpg","datePublished":"2024-12-05T15:37:16+00:00","dateModified":"2025-01-14T15:58:43+00:00","description":"electrical control cabinet,crane control cabinet,Crane electrical control cabinet,Electrical control cabinet manufacturer,Crane Electrical Parts","breadcrumb":{"@id":"https:\/\/www.hnhlcranes.com\/product\/crane-electrical-control-cabinet\/#breadcrumb"},"inLanguage":"lt-LT","potentialAction":[{"@type":"ReadAction","target":["https:\/\/www.hnhlcranes.com\/product\/crane-electrical-control-cabinet\/"]}]},{"@type":"ImageObject","inLanguage":"lt-LT","@id":"https:\/\/www.hnhlcranes.com\/product\/crane-electrical-control-cabinet\/#primaryimage","url":"https:\/\/www.hnhlcranes.com\/wp-content\/uploads\/2024\/12\/Crane-control-cabinet.jpg","contentUrl":"https:\/\/www.hnhlcranes.com\/wp-content\/uploads\/2024\/12\/Crane-control-cabinet.jpg","width":600,"height":600},{"@type":"BreadcrumbList","@id":"https:\/\/www.hnhlcranes.com\/product\/crane-electrical-control-cabinet\/#breadcrumb","itemListElement":[{"@type":"ListItem","position":1,"name":"home","item":"https:\/\/www.hnhlcranes.com\/"},{"@type":"ListItem","position":2,"name":"products","item":"https:\/\/www.hnhlcranes.com\/products\/"},{"@type":"ListItem","position":3,"name":"Crane electrical control cabinet"}]},{"@type":"WebSite","@id":"https:\/\/www.hnhlcranes.com\/#website","url":"https:\/\/www.hnhlcranes.com\/","name":"Crane Parts Manufacturer","description":"Crane Wheels,Crane Drums,Crane Hooks,Crane Coupling,Crane End Carriage,Electric Hoist,European Crane Parts,Crane Rail Clip,Crane Spreader,Crane Motor,Crane Reducer,Crane Brake,Light Crane Parts,Workstation Crane Parts,Crane Electrical Parts,China Crane Parts Supplier,China Crane Parts Manufacturer,Angle box type crane wheel,45 degree split crane wheel,European crane wheel,Crane Wheel Blocks,Overhead crane drum,European crane drum,Overhead crane hook,European crane hook,Crane pulley block,Gear coupling,Brake wheel coupling,Drum gear coupling,Brake wheel drum gear coupling,Cardan Shaft Coupling,WZL drum coupling,Plum blossom elastic coupling,Brake wheel plum elastic coupling,European Single girder crane end carriage,European Double girder crane end carriage,European Suspension  crane end carriage,Wire Rope Electric Hoist,Electric Chain Hoist,European Single Girder Wire Rope Electric Hoist,European Double Girder Wire Rope Electric Hoist,Crane grab,Container spreader,Billet crane clamps,C-type hook,Lifting Electromagnet,YZR crane motor,YZP crane motor,ZQ Reducer,ZSC Reducer,QJ Reducer,QJ-L Reducer,QJY Reducer,H series gearbox,F Series Gear Motor,K Series Gear Motor,R Series Gear Motor,travelling machinery gear motor,Electro hydraulic drum brake,Electro hydraulic disc brake,Crane Safety brake,Crane cable trolley,Crane remote controller,Crane pendant controller,Crane electrical control cabinet,Crane limit switch,Crane sound and light alarm,Heavy Duty Aviation Connector,Crane overload limiter","publisher":{"@id":"https:\/\/www.hnhlcranes.com\/#organization"},"potentialAction":[{"@type":"SearchAction","target":{"@type":"EntryPoint","urlTemplate":"https:\/\/www.hnhlcranes.com\/?s={search_term_string}"},"query-input":{"@type":"PropertyValueSpecification","valueRequired":true,"valueName":"search_term_string"}}],"inLanguage":"lt-LT"},{"@type":"Organization","@id":"https:\/\/www.hnhlcranes.com\/#organization","name":"Crane Parts Manufacturer","url":"https:\/\/www.hnhlcranes.com\/","logo":{"@type":"ImageObject","inLanguage":"lt-LT","@id":"https:\/\/www.hnhlcranes.com\/#\/schema\/logo\/image\/","url":"https:\/\/www.hnhlcranes.com\/wp-content\/uploads\/2025\/01\/HL-logo-1.png","contentUrl":"https:\/\/www.hnhlcranes.com\/wp-content\/uploads\/2025\/01\/HL-logo-1.png","width":600,"height":169,"caption":"Crane Parts Manufacturer"},"image":{"@id":"https:\/\/www.hnhlcranes.com\/#\/schema\/logo\/image\/"}}]}},"_links":{"self":[{"href":"https:\/\/www.hnhlcranes.com\/lt\/wp-json\/wp\/v2\/product\/5763","targetHints":{"allow":["GET"]}}],"collection":[{"href":"https:\/\/www.hnhlcranes.com\/lt\/wp-json\/wp\/v2\/product"}],"about":[{"href":"https:\/\/www.hnhlcranes.com\/lt\/wp-json\/wp\/v2\/types\/product"}],"version-history":[{"count":3,"href":"https:\/\/www.hnhlcranes.com\/lt\/wp-json\/wp\/v2\/product\/5763\/revisions"}],"predecessor-version":[{"id":7475,"href":"https:\/\/www.hnhlcranes.com\/lt\/wp-json\/wp\/v2\/product\/5763\/revisions\/7475"}],"wp:featuredmedia":[{"embeddable":true,"href":"https:\/\/www.hnhlcranes.com\/lt\/wp-json\/wp\/v2\/media\/7472"}],"wp:attachment":[{"href":"https:\/\/www.hnhlcranes.com\/lt\/wp-json\/wp\/v2\/media?parent=5763"}],"wp:term":[{"taxonomy":"product_brand","embeddable":true,"href":"https:\/\/www.hnhlcranes.com\/lt\/wp-json\/wp\/v2\/product_brand?post=5763"},{"taxonomy":"product_cat","embeddable":true,"href":"https:\/\/www.hnhlcranes.com\/lt\/wp-json\/wp\/v2\/product_cat?post=5763"},{"taxonomy":"product_tag","embeddable":true,"href":"https:\/\/www.hnhlcranes.com\/lt\/wp-json\/wp\/v2\/product_tag?post=5763"}],"curies":[{"name":"wp","href":"https:\/\/api.w.org\/{rel}","templated":true}]}}