{"id":5790,"date":"2024-12-06T00:55:21","date_gmt":"2024-12-05T16:55:21","guid":{"rendered":"https:\/\/www.hnhlcranes.com\/?post_type=product&#038;p=5790"},"modified":"2025-01-16T12:10:37","modified_gmt":"2025-01-16T04:10:37","slug":"krano-garso-ir-sviesos-signalizacija","status":"publish","type":"product","link":"https:\/\/www.hnhlcranes.com\/lt\/produktas\/krano-garso-ir-sviesos-signalizacija\/","title":{"rendered":"Kran\u0173 garso ir \u0161viesos signalas"},"content":{"rendered":"<h3>\"Crane Sound and Light Alarm\" funkcijos ir specifikacijos<\/h3>\n<h4><strong>Funkcijos<\/strong><\/h4>\n<ol>\n<li><strong>Dviguba \u012fsp\u0117jimo sistema:<\/strong>\n<ul>\n<li>Krano garso ir \u0161viesos signalizacija sujungia garsinius ir regimuosius signalus, kad veiksmingai atkreipt\u0173 \u0161alia esan\u010di\u0173 darbuotoj\u0173 d\u0117mes\u012f ir laiku \u012fsp\u0117t\u0173 apie galimus pavojus \u012fvairioje darbo aplinkoje.<\/li>\n<\/ul>\n<\/li>\n<li><strong>Didelis matomumas ir garsumas:<\/strong>\n<ul>\n<li>\u0160viesos signalizacijoje naudojamos didelio ry\u0161kumo mirksin\u010dios lemput\u0117s, paprastai raudonos, geltonos arba m\u0117lynos spalvos, kurios u\u017etikrina puik\u0173 matomum\u0105 net ir prasto ap\u0161vietimo ar triuk\u0161mingoje aplinkoje. Garso signalas skleid\u017eia gars\u0173 \u012fsp\u0117jam\u0105j\u012f signal\u0105, kurio garsumas ir da\u017enis reguliuojamas, tod\u0117l \u012fsp\u0117jimas yra veiksmingas \u012fvairiomis aplinkyb\u0117mis.<\/li>\n<\/ul>\n<\/li>\n<li><strong>Reguliuojami nustatymai:<\/strong>\n<ul>\n<li>Vartotojai gali reguliuoti garso stiprum\u0105 ir \u0161viesos intensyvum\u0105 arba mirks\u0117jimo re\u017eim\u0105, atsi\u017evelgdami \u012f darbo aplink\u0105, kad b\u016bt\u0173 laikomasi \u012fvairi\u0173 saugos reikalavim\u0173.<\/li>\n<\/ul>\n<\/li>\n<li><strong>Patvarumas ir apsauga:<\/strong>\n<ul>\n<li>\u0160ie signalizatoriai yra atspar\u016bs vandeniui, dulk\u0117ms ir sm\u016bgiams, tod\u0117l tinka naudoti at\u0161iauriomis darbo s\u0105lygomis ir ilgainiui u\u017etikrina patikim\u0105 veikim\u0105.<\/li>\n<\/ul>\n<\/li>\n<li><strong>Lankstus montavimas:<\/strong>\n<ul>\n<li>\u012erenginiai skirti naudoti su \u012fvairi\u0173 tip\u0173 kranais (pvz., bok\u0161tiniais, portaliniais ir mobiliaisiais kranais). Be to, paprastas j\u0173 montavimo procesas leid\u017eia juos pritaikyti pagal skirtingus veiklos poreikius.<\/li>\n<\/ul>\n<\/li>\n<li><strong>Geresn\u0117 sauga darbo vietoje:<\/strong>\n<ul>\n<li>\u0160i signalizacija i\u0161 anksto \u012fsp\u0117ja darbuotojus, operatorius ir pa\u0161alinius asmenis, tod\u0117l padeda suma\u017einti nelaiming\u0173 atsitikim\u0173 tikimyb\u0119, ypa\u010d kai kranai juda, kelia didelius krovinius arba yra potencialiai pavojingoje b\u016bsenoje.<\/li>\n<\/ul>\n<\/li>\n<\/ol>\n<h4><strong>Specifikacijos<\/strong><\/h4>\n<ol>\n<li><strong>Darbin\u0117 \u012ftampa:<\/strong>\n<ul>\n<li>Kintamosios srov\u0117s \u012ftampa: 110 V, 220 V ir kt.<\/li>\n<li>Nuolatin\u0117s srov\u0117s \u012ftampa: 12 V, 24 V ir kt.<\/li>\n<\/ul>\n<\/li>\n<li><strong>Garso intensyvumas:<\/strong>\n<ul>\n<li>Garso stiprumas paprastai svyruoja nuo 85 dB iki 120 dB, o garsas reguliuojamas priklausomai nuo aplinkos.<\/li>\n<\/ul>\n<\/li>\n<li><strong>\u0160viesos tipas:<\/strong>\n<ul>\n<li>Mirksin\u010dios lemput\u0117s paprastai yra LED, pasi\u017eymin\u010dios dideliu ry\u0161kumu ir ilgaam\u017ei\u0161kumu. \u0160viesos spalvas galima pasirinkti pagal reikalavimus, \u012fskaitant raudon\u0105, gelton\u0105 arba m\u0117lyn\u0105.<\/li>\n<\/ul>\n<\/li>\n<li><strong>Mirks\u0117jimo da\u017enis:<\/strong>\n<ul>\n<li>Mirks\u0117jimo da\u017enis paprastai svyruoja nuo 60 iki 120 mirks\u0117jim\u0173 per minut\u0119, o jo da\u017en\u012f galima reguliuoti atsi\u017evelgiant \u012f naudojimo aplink\u0105.<\/li>\n<\/ul>\n<\/li>\n<li><strong>Apsaugos lygis:<\/strong>\n<ul>\n<li>Apsaugos lygis paprastai b\u016bna IP65 arba auk\u0161tesnis, tod\u0117l prietaisas tinkamai veikia aplinkoje, kurioje yra dr\u0117gm\u0117s arba daug dulki\u0173.<\/li>\n<\/ul>\n<\/li>\n<li><strong>Darbin\u0117s temperat\u016bros diapazonas:<\/strong>\n<ul>\n<li>\u012eprastinis darbin\u0117s temperat\u016bros diapazonas yra nuo -20 \u00b0C iki +60 \u00b0C, tod\u0117l jis tinka \u012fvairioms at\u0161iaurioms s\u0105lygoms.<\/li>\n<\/ul>\n<\/li>\n<li><strong>\u012erengimo b\u016bdas:<\/strong>\n<ul>\n<li>\u012evair\u016bs montavimo b\u016bdai, \u012fskaitant montavim\u0105 ant laikikli\u0173, \u012fsiurbimo ir montavim\u0105 ant sienos, suteikia lankstumo montuojant \u012fvairiose aplinkose.<\/li>\n<\/ul>\n<\/li>\n<li><strong>Darbin\u0117 srov\u0117:<\/strong>\n<ul>\n<li>Darbin\u0117 srov\u0117 paprastai svyruoja nuo 0,2A iki 1A, priklausomai nuo konkretaus modelio.<\/li>\n<\/ul>\n<\/li>\n<li><strong>Tarnavimo laikas:<\/strong>\n<ul>\n<li>Paprastai LED \u017eibint\u0173 tarnavimo laikas vir\u0161ija 50 000 valand\u0173, tod\u0117l jie patikimai naudojami ilg\u0105 laik\u0105.<\/li>\n<\/ul>\n<\/li>\n<\/ol>\n<h3>I\u0161vada<\/h3>\n<p>Apibendrinant galima teigti, kad kran\u0173 garso ir \u0161viesos signalizacija didina saug\u0105 kran\u0173 naudojimo vietoje, nes \u012fsp\u0117ja ir garsiniu, ir regimuoju signalu, taip pad\u0117dama i\u0161vengti nelaiming\u0173 atsitikim\u0173 kran\u0173 darbo metu. Reguliuojamas garsumas ir \u0161viesos intensyvumas, puikus patvarumas ir lankst\u016bs montavimo b\u016bdai lemia, kad \u0161ios signalizacijos sistemos pla\u010diai taikomos \u012fvairiose pramon\u0117s aplinkose. J\u0173 geb\u0117jimas patikimai \u012fsp\u0117ti u\u017etikrina saug\u0173 ir veiksming\u0105 krano darb\u0105 \u012fvairiose aplinkose.<\/p>","protected":false},"excerpt":{"rendered":"<p><strong>Gerv\u0117s garso ir \u0161viesos signalo ypatyb\u0117s\uff1a<\/strong><\/p>\n<ul>\n<li>Didelio ry\u0161kumo LED \u0161viesos \u0161altinis<\/li>\n<li>Gars\u016bs garsiniai \u012fsp\u0117jimai<\/li>\n<li>Keli\u0173 \u012ftamp\u0173 palaikymas<\/li>\n<li>Besisukanti \u012fsp\u0117jamoji lemput\u0117 (pasirinktinai)<\/li>\n<li>Auk\u0161tas apsaugos reitingas<\/li>\n<li>Ilgas tarnavimo laikas<\/li>\n<\/ul>","protected":false},"featured_media":7491,"template":"","meta":{"_kad_post_transparent":"default","_kad_post_title":"","_kad_post_layout":"default","_kad_post_sidebar_id":"","_kad_post_content_style":"default","_kad_post_vertical_padding":"show","_kad_post_feature":"","_kad_post_feature_position":"","_kad_post_header":false,"_kad_post_footer":false},"product_brand":[],"product_cat":[65],"product_tag":[632,622,376,634,612,616,626,627,629,613,617,620,615,614,618,628,619,621,623,630,635,633,625,631,624],"class_list":{"0":"post-5790","1":"product","2":"type-product","3":"status-publish","4":"has-post-thumbnail","6":"product_cat-crane-electrical-parts","7":"product_tag-aviation-plug","8":"product_tag-cable-trolley","9":"product_tag-china-crane-parts-supplier","10":"product_tag-crane-aviation-plug","11":"product_tag-crane-cable-trolley","12":"product_tag-crane-control-cabinet","13":"product_tag-crane-control-handle","14":"product_tag-crane-controls","15":"product_tag-crane-electrical-control-cabinet","16":"product_tag-crane-electrical-part","17":"product_tag-crane-limit-switch","18":"product_tag-crane-overload-limiter","19":"product_tag-crane-pendant-controller","20":"product_tag-crane-remote-controller","21":"product_tag-crane-sound-and-light-alarm","22":"product_tag-electrical-control-cabinet","23":"product_tag-heavy-duty-aviation-connector","24":"product_tag-i-beam-cable-trolley","25":"product_tag-i-beam-cable-trolley-supplier","26":"product_tag-limit-switch","27":"product_tag-overload-limiter","28":"product_tag-quick-connector","29":"product_tag-remote-controller","30":"product_tag-sound-and-light-alarm","31":"product_tag-wireless-remote-control","33":"first","34":"instock","35":"shipping-taxable","36":"product-type-simple","37":"entry","38":"content-bg","39":"loop-entry"},"yoast_head":"<!-- This site is optimized with the Yoast SEO plugin v24.5 - https:\/\/yoast.com\/wordpress\/plugins\/seo\/ -->\n<title>Crane sound and light alarm - Sound and light alarm- Crane Parts Manufacturer<\/title>\n<meta name=\"description\" content=\"Sound and light alarm,Crane Electrical Parts,Sound and light alarm manufacturer,Sound and light alarm Supplier,Crane Parts Supplier\" \/>\n<meta name=\"robots\" content=\"index, follow, max-snippet:-1, max-image-preview:large, max-video-preview:-1\" \/>\n<link rel=\"canonical\" href=\"https:\/\/www.hnhlcranes.com\/lt\/produktas\/krano-garso-ir-sviesos-signalizacija\/\" \/>\n<meta property=\"og:locale\" content=\"lt_LT\" \/>\n<meta property=\"og:type\" content=\"article\" \/>\n<meta property=\"og:title\" content=\"Crane sound and light alarm - Sound and light alarm- Crane Parts Manufacturer\" \/>\n<meta property=\"og:description\" content=\"Sound and light alarm,Crane Electrical Parts,Sound and light alarm manufacturer,Sound and light alarm Supplier,Crane Parts Supplier\" \/>\n<meta property=\"og:url\" content=\"https:\/\/www.hnhlcranes.com\/lt\/produktas\/krano-garso-ir-sviesos-signalizacija\/\" \/>\n<meta property=\"og:site_name\" content=\"Crane Parts Manufacturer\" \/>\n<meta property=\"article:modified_time\" content=\"2025-01-16T04:10:37+00:00\" \/>\n<meta property=\"og:image\" content=\"https:\/\/www.hnhlcranes.com\/wp-content\/uploads\/2024\/12\/Crane-sound-and-light-alarm.jpg\" \/>\n\t<meta property=\"og:image:width\" content=\"600\" \/>\n\t<meta property=\"og:image:height\" content=\"600\" \/>\n\t<meta property=\"og:image:type\" content=\"image\/jpeg\" \/>\n<meta name=\"twitter:card\" content=\"summary_large_image\" \/>\n<meta name=\"twitter:label1\" content=\"Est. reading time\" \/>\n\t<meta name=\"twitter:data1\" content=\"3 minut\u0117s\" \/>\n<script type=\"application\/ld+json\" class=\"yoast-schema-graph\">{\"@context\":\"https:\/\/schema.org\",\"@graph\":[{\"@type\":\"WebPage\",\"@id\":\"https:\/\/www.hnhlcranes.com\/product\/crane-sound-and-light-alarm\/\",\"url\":\"https:\/\/www.hnhlcranes.com\/product\/crane-sound-and-light-alarm\/\",\"name\":\"Crane sound and light alarm - Sound and light alarm- Crane Parts Manufacturer\",\"isPartOf\":{\"@id\":\"https:\/\/www.hnhlcranes.com\/#website\"},\"primaryImageOfPage\":{\"@id\":\"https:\/\/www.hnhlcranes.com\/product\/crane-sound-and-light-alarm\/#primaryimage\"},\"image\":{\"@id\":\"https:\/\/www.hnhlcranes.com\/product\/crane-sound-and-light-alarm\/#primaryimage\"},\"thumbnailUrl\":\"https:\/\/www.hnhlcranes.com\/wp-content\/uploads\/2024\/12\/Crane-sound-and-light-alarm.jpg\",\"datePublished\":\"2024-12-05T16:55:21+00:00\",\"dateModified\":\"2025-01-16T04:10:37+00:00\",\"description\":\"Sound and light alarm,Crane Electrical Parts,Sound and light alarm manufacturer,Sound and light alarm Supplier,Crane Parts Supplier\",\"breadcrumb\":{\"@id\":\"https:\/\/www.hnhlcranes.com\/product\/crane-sound-and-light-alarm\/#breadcrumb\"},\"inLanguage\":\"lt-LT\",\"potentialAction\":[{\"@type\":\"ReadAction\",\"target\":[\"https:\/\/www.hnhlcranes.com\/product\/crane-sound-and-light-alarm\/\"]}]},{\"@type\":\"ImageObject\",\"inLanguage\":\"lt-LT\",\"@id\":\"https:\/\/www.hnhlcranes.com\/product\/crane-sound-and-light-alarm\/#primaryimage\",\"url\":\"https:\/\/www.hnhlcranes.com\/wp-content\/uploads\/2024\/12\/Crane-sound-and-light-alarm.jpg\",\"contentUrl\":\"https:\/\/www.hnhlcranes.com\/wp-content\/uploads\/2024\/12\/Crane-sound-and-light-alarm.jpg\",\"width\":600,\"height\":600},{\"@type\":\"BreadcrumbList\",\"@id\":\"https:\/\/www.hnhlcranes.com\/product\/crane-sound-and-light-alarm\/#breadcrumb\",\"itemListElement\":[{\"@type\":\"ListItem\",\"position\":1,\"name\":\"home\",\"item\":\"https:\/\/www.hnhlcranes.com\/\"},{\"@type\":\"ListItem\",\"position\":2,\"name\":\"products\",\"item\":\"https:\/\/www.hnhlcranes.com\/products\/\"},{\"@type\":\"ListItem\",\"position\":3,\"name\":\"Crane sound and light alarm\"}]},{\"@type\":\"WebSite\",\"@id\":\"https:\/\/www.hnhlcranes.com\/#website\",\"url\":\"https:\/\/www.hnhlcranes.com\/\",\"name\":\"Crane Parts Manufacturer\",\"description\":\"Crane Wheels,Crane Drums,Crane Hooks,Crane Coupling,Crane End Carriage,Electric Hoist,European Crane Parts,Crane Rail Clip,Crane Spreader,Crane Motor,Crane Reducer,Crane Brake,Light Crane Parts,Workstation Crane Parts,Crane Electrical Parts,China Crane Parts Supplier,China Crane Parts Manufacturer,Angle box type crane wheel,45 degree split crane wheel,European crane wheel,Crane Wheel Blocks,Overhead crane drum,European crane drum,Overhead crane hook,European crane hook,Crane pulley block,Gear coupling,Brake wheel coupling,Drum gear coupling,Brake wheel drum gear coupling,Cardan Shaft Coupling,WZL drum coupling,Plum blossom elastic coupling,Brake wheel plum elastic coupling,European Single girder crane end carriage,European Double girder crane end carriage,European Suspension  crane end carriage,Wire Rope Electric Hoist,Electric Chain Hoist,European Single Girder Wire Rope Electric Hoist,European Double Girder Wire Rope Electric Hoist,Crane grab,Container spreader,Billet crane clamps,C-type hook,Lifting Electromagnet,YZR crane motor,YZP crane motor,ZQ Reducer,ZSC Reducer,QJ Reducer,QJ-L Reducer,QJY Reducer,H series gearbox,F Series Gear Motor,K Series Gear Motor,R Series Gear Motor,travelling machinery gear motor,Electro hydraulic drum brake,Electro hydraulic disc brake,Crane Safety brake,Crane cable trolley,Crane remote controller,Crane pendant controller,Crane electrical control cabinet,Crane limit switch,Crane sound and light alarm,Heavy Duty Aviation Connector,Crane overload limiter\",\"publisher\":{\"@id\":\"https:\/\/www.hnhlcranes.com\/#organization\"},\"potentialAction\":[{\"@type\":\"SearchAction\",\"target\":{\"@type\":\"EntryPoint\",\"urlTemplate\":\"https:\/\/www.hnhlcranes.com\/?s={search_term_string}\"},\"query-input\":{\"@type\":\"PropertyValueSpecification\",\"valueRequired\":true,\"valueName\":\"search_term_string\"}}],\"inLanguage\":\"lt-LT\"},{\"@type\":\"Organization\",\"@id\":\"https:\/\/www.hnhlcranes.com\/#organization\",\"name\":\"Crane Parts Manufacturer\",\"url\":\"https:\/\/www.hnhlcranes.com\/\",\"logo\":{\"@type\":\"ImageObject\",\"inLanguage\":\"lt-LT\",\"@id\":\"https:\/\/www.hnhlcranes.com\/#\/schema\/logo\/image\/\",\"url\":\"https:\/\/www.hnhlcranes.com\/wp-content\/uploads\/2025\/01\/HL-logo-1.png\",\"contentUrl\":\"https:\/\/www.hnhlcranes.com\/wp-content\/uploads\/2025\/01\/HL-logo-1.png\",\"width\":600,\"height\":169,\"caption\":\"Crane Parts Manufacturer\"},\"image\":{\"@id\":\"https:\/\/www.hnhlcranes.com\/#\/schema\/logo\/image\/\"}}]}<\/script>\n<!-- \/ Yoast SEO plugin. -->","yoast_head_json":{"title":"Crane sound and light alarm - Sound and light alarm- Crane Parts Manufacturer","description":"Sound and light alarm,Crane Electrical Parts,Sound and light alarm manufacturer,Sound and light alarm Supplier,Crane Parts Supplier","robots":{"index":"index","follow":"follow","max-snippet":"max-snippet:-1","max-image-preview":"max-image-preview:large","max-video-preview":"max-video-preview:-1"},"canonical":"https:\/\/www.hnhlcranes.com\/lt\/produktas\/krano-garso-ir-sviesos-signalizacija\/","og_locale":"lt_LT","og_type":"article","og_title":"Crane sound and light alarm - Sound and light alarm- Crane Parts Manufacturer","og_description":"Sound and light alarm,Crane Electrical Parts,Sound and light alarm manufacturer,Sound and light alarm Supplier,Crane Parts Supplier","og_url":"https:\/\/www.hnhlcranes.com\/lt\/produktas\/krano-garso-ir-sviesos-signalizacija\/","og_site_name":"Crane Parts Manufacturer","article_modified_time":"2025-01-16T04:10:37+00:00","og_image":[{"width":600,"height":600,"url":"https:\/\/www.hnhlcranes.com\/wp-content\/uploads\/2024\/12\/Crane-sound-and-light-alarm.jpg","type":"image\/jpeg"}],"twitter_card":"summary_large_image","twitter_misc":{"Est. reading time":"3 minut\u0117s"},"schema":{"@context":"https:\/\/schema.org","@graph":[{"@type":"WebPage","@id":"https:\/\/www.hnhlcranes.com\/product\/crane-sound-and-light-alarm\/","url":"https:\/\/www.hnhlcranes.com\/product\/crane-sound-and-light-alarm\/","name":"Crane sound and light alarm - Sound and light alarm- Crane Parts Manufacturer","isPartOf":{"@id":"https:\/\/www.hnhlcranes.com\/#website"},"primaryImageOfPage":{"@id":"https:\/\/www.hnhlcranes.com\/product\/crane-sound-and-light-alarm\/#primaryimage"},"image":{"@id":"https:\/\/www.hnhlcranes.com\/product\/crane-sound-and-light-alarm\/#primaryimage"},"thumbnailUrl":"https:\/\/www.hnhlcranes.com\/wp-content\/uploads\/2024\/12\/Crane-sound-and-light-alarm.jpg","datePublished":"2024-12-05T16:55:21+00:00","dateModified":"2025-01-16T04:10:37+00:00","description":"Sound and light alarm,Crane Electrical Parts,Sound and light alarm manufacturer,Sound and light alarm Supplier,Crane Parts Supplier","breadcrumb":{"@id":"https:\/\/www.hnhlcranes.com\/product\/crane-sound-and-light-alarm\/#breadcrumb"},"inLanguage":"lt-LT","potentialAction":[{"@type":"ReadAction","target":["https:\/\/www.hnhlcranes.com\/product\/crane-sound-and-light-alarm\/"]}]},{"@type":"ImageObject","inLanguage":"lt-LT","@id":"https:\/\/www.hnhlcranes.com\/product\/crane-sound-and-light-alarm\/#primaryimage","url":"https:\/\/www.hnhlcranes.com\/wp-content\/uploads\/2024\/12\/Crane-sound-and-light-alarm.jpg","contentUrl":"https:\/\/www.hnhlcranes.com\/wp-content\/uploads\/2024\/12\/Crane-sound-and-light-alarm.jpg","width":600,"height":600},{"@type":"BreadcrumbList","@id":"https:\/\/www.hnhlcranes.com\/product\/crane-sound-and-light-alarm\/#breadcrumb","itemListElement":[{"@type":"ListItem","position":1,"name":"home","item":"https:\/\/www.hnhlcranes.com\/"},{"@type":"ListItem","position":2,"name":"products","item":"https:\/\/www.hnhlcranes.com\/products\/"},{"@type":"ListItem","position":3,"name":"Crane sound and light alarm"}]},{"@type":"WebSite","@id":"https:\/\/www.hnhlcranes.com\/#website","url":"https:\/\/www.hnhlcranes.com\/","name":"Crane Parts Manufacturer","description":"Crane Wheels,Crane Drums,Crane Hooks,Crane Coupling,Crane End Carriage,Electric Hoist,European Crane Parts,Crane Rail Clip,Crane Spreader,Crane Motor,Crane Reducer,Crane Brake,Light Crane Parts,Workstation Crane Parts,Crane Electrical Parts,China Crane Parts Supplier,China Crane Parts Manufacturer,Angle box type crane wheel,45 degree split crane wheel,European crane wheel,Crane Wheel Blocks,Overhead crane drum,European crane drum,Overhead crane hook,European crane hook,Crane pulley block,Gear coupling,Brake wheel coupling,Drum gear coupling,Brake wheel drum gear coupling,Cardan Shaft Coupling,WZL drum coupling,Plum blossom elastic coupling,Brake wheel plum elastic coupling,European Single girder crane end carriage,European Double girder crane end carriage,European Suspension  crane end carriage,Wire Rope Electric Hoist,Electric Chain Hoist,European Single Girder Wire Rope Electric Hoist,European Double Girder Wire Rope Electric Hoist,Crane grab,Container spreader,Billet crane clamps,C-type hook,Lifting Electromagnet,YZR crane motor,YZP crane motor,ZQ Reducer,ZSC Reducer,QJ Reducer,QJ-L Reducer,QJY Reducer,H series gearbox,F Series Gear Motor,K Series Gear Motor,R Series Gear Motor,travelling machinery gear motor,Electro hydraulic drum brake,Electro hydraulic disc brake,Crane Safety brake,Crane cable trolley,Crane remote controller,Crane pendant controller,Crane electrical control cabinet,Crane limit switch,Crane sound and light alarm,Heavy Duty Aviation Connector,Crane overload limiter","publisher":{"@id":"https:\/\/www.hnhlcranes.com\/#organization"},"potentialAction":[{"@type":"SearchAction","target":{"@type":"EntryPoint","urlTemplate":"https:\/\/www.hnhlcranes.com\/?s={search_term_string}"},"query-input":{"@type":"PropertyValueSpecification","valueRequired":true,"valueName":"search_term_string"}}],"inLanguage":"lt-LT"},{"@type":"Organization","@id":"https:\/\/www.hnhlcranes.com\/#organization","name":"Crane Parts Manufacturer","url":"https:\/\/www.hnhlcranes.com\/","logo":{"@type":"ImageObject","inLanguage":"lt-LT","@id":"https:\/\/www.hnhlcranes.com\/#\/schema\/logo\/image\/","url":"https:\/\/www.hnhlcranes.com\/wp-content\/uploads\/2025\/01\/HL-logo-1.png","contentUrl":"https:\/\/www.hnhlcranes.com\/wp-content\/uploads\/2025\/01\/HL-logo-1.png","width":600,"height":169,"caption":"Crane Parts Manufacturer"},"image":{"@id":"https:\/\/www.hnhlcranes.com\/#\/schema\/logo\/image\/"}}]}},"_links":{"self":[{"href":"https:\/\/www.hnhlcranes.com\/lt\/wp-json\/wp\/v2\/product\/5790","targetHints":{"allow":["GET"]}}],"collection":[{"href":"https:\/\/www.hnhlcranes.com\/lt\/wp-json\/wp\/v2\/product"}],"about":[{"href":"https:\/\/www.hnhlcranes.com\/lt\/wp-json\/wp\/v2\/types\/product"}],"version-history":[{"count":4,"href":"https:\/\/www.hnhlcranes.com\/lt\/wp-json\/wp\/v2\/product\/5790\/revisions"}],"predecessor-version":[{"id":7494,"href":"https:\/\/www.hnhlcranes.com\/lt\/wp-json\/wp\/v2\/product\/5790\/revisions\/7494"}],"wp:featuredmedia":[{"embeddable":true,"href":"https:\/\/www.hnhlcranes.com\/lt\/wp-json\/wp\/v2\/media\/7491"}],"wp:attachment":[{"href":"https:\/\/www.hnhlcranes.com\/lt\/wp-json\/wp\/v2\/media?parent=5790"}],"wp:term":[{"taxonomy":"product_brand","embeddable":true,"href":"https:\/\/www.hnhlcranes.com\/lt\/wp-json\/wp\/v2\/product_brand?post=5790"},{"taxonomy":"product_cat","embeddable":true,"href":"https:\/\/www.hnhlcranes.com\/lt\/wp-json\/wp\/v2\/product_cat?post=5790"},{"taxonomy":"product_tag","embeddable":true,"href":"https:\/\/www.hnhlcranes.com\/lt\/wp-json\/wp\/v2\/product_tag?post=5790"}],"curies":[{"name":"wp","href":"https:\/\/api.w.org\/{rel}","templated":true}]}}