{"id":5799,"date":"2024-12-06T01:12:50","date_gmt":"2024-12-05T17:12:50","guid":{"rendered":"https:\/\/www.hnhlcranes.com\/?post_type=product&#038;p=5799"},"modified":"2025-01-16T15:38:12","modified_gmt":"2025-01-16T07:38:12","slug":"didelio-apkrovimo-aviacijos-jungtis","status":"publish","type":"product","link":"https:\/\/www.hnhlcranes.com\/lt\/produktas\/didelio-apkrovimo-aviacijos-jungtis\/","title":{"rendered":"Sunkiosios aviacijos jungtis"},"content":{"rendered":"<div class=\"flex max-w-full flex-col flex-grow\">\n<div class=\"min-h-8 text-message flex w-full flex-col items-end gap-2 whitespace-normal break-words text-start [.text-message+&amp;]:mt-5\" dir=\"auto\" data-message-author-role=\"assistant\" data-message-id=\"fc730c9a-ffef-45d3-a6b5-1c3420fc36b9\" data-message-model-slug=\"gpt-4o\">\n<div class=\"flex w-full flex-col gap-1 empty:hidden first:pt-[3px]\">\n<div class=\"markdown prose w-full break-words dark:prose-invert light\"><\/div>\n<\/div>\n<\/div>\n<\/div>\n<h3>Sunkiosios aviacijos jungties savyb\u0117s ir specifikacijos<\/h3>\n<h4><strong>Funkcijos<\/strong><\/h4>\n<ol>\n<li><strong>Didelis stiprumas ir ilgaam\u017ei\u0161kumas:<\/strong>\n<ul>\n<li>Sunkiosios aviacijos jungtys gaminamos i\u0161 didelio atsparumo med\u017eiag\u0173, pasi\u017eymin\u010di\u0173 puikiu atsparumu dilimui, korozijai ir sm\u016bgiams. \u0160ios jungtys sukurtos taip, kad atlaikyt\u0173 mechaninius sm\u016bgius ir vibracijas, tod\u0117l idealiai tinka naudoti at\u0161iaurioje aplinkoje ir pramon\u0117je.<\/li>\n<\/ul>\n<\/li>\n<li><strong>Atsparus vandeniui ir dulk\u0117ms:<\/strong>\n<ul>\n<li>\u0160ios jungtys turi auk\u0161t\u0105 apsaugos klas\u0119, paprastai IP67 arba auk\u0161tesn\u0119, tod\u0117l veiksmingai apsaugo nuo vandens, dulki\u0173 ir kit\u0173 ter\u0161al\u0173 patekimo. Tod\u0117l jos u\u017etikrina patikim\u0105 veikim\u0105 aplinkoje, kurioje yra didel\u0117 dr\u0117gm\u0117 arba daug dulki\u0173.<\/li>\n<\/ul>\n<\/li>\n<li><strong>Patikimas elektrinis veikimas:<\/strong>\n<ul>\n<li>Didelio atsparumo aviacin\u0117s jungtys u\u017etikrina didel\u0117s srov\u0117s perdavimo galimybes, tod\u0117l u\u017etikrina stabil\u0173 energijos perdavim\u0105 esant didelei apkrovai. Kontaktiniai komponentai paprastai gaminami i\u0161 didelio laidumo med\u017eiag\u0173 (pvz., vario lydinio), tod\u0117l u\u017etikrinamos patikimos ir ilgaam\u017e\u0117s elektrin\u0117s jungtys.<\/li>\n<\/ul>\n<\/li>\n<li><strong>Atsparumas auk\u0161tai ir \u017eemai temperat\u016brai:<\/strong>\n<ul>\n<li>\u0160ios jungtys skirtos veikti ekstremalioje temperat\u016broje, paprastai nuo -55 \u00b0C iki +200 \u00b0C. Jos puikiai tinka tokiose pramon\u0117s \u0161akose kaip aviacijos, karin\u0117 ir gele\u017einkeli\u0173 pramon\u0117, kur vyrauja auk\u0161tos arba \u017eemos temperat\u016bros s\u0105lygos.<\/li>\n<\/ul>\n<\/li>\n<li><strong>\u012evairios jungtys:<\/strong>\n<ul>\n<li>Didelio atsparumo aviacijos jungtis palaiko \u012fvairi\u0173 tip\u0173 jung\u010di\u0173 stili\u0173, \u012fskaitant apvalias, sta\u010diakampes, tiesaus ki\u0161tuko ir nuimamas jungtis, atitinkan\u010dias skirtingus taikymo scenarijus ir reikalavimus.<\/li>\n<\/ul>\n<\/li>\n<li><strong>Greitas montavimas ir atjungimas:<\/strong>\n<ul>\n<li>\u0160ios jungtys sukurtos taip, kad b\u016bt\u0173 patogu, o j\u0173 greito prijungimo ir atjungimo mechanizmai pagerina darbo efektyvum\u0105. Daugelyje modeli\u0173 yra savaiminio fiksavimo mechanizmai, u\u017etikrinantys stabilias ir patikimas jungtis.<\/li>\n<\/ul>\n<\/li>\n<li><strong>Platus pritaikymo spektras:<\/strong>\n<ul>\n<li>\u0160ios jungtys pla\u010diai naudojamos aviacijos ir kosmoso, karin\u0117se, gele\u017einkelio, sunkiosios technikos, pramon\u0117s \u012frenginiuose ir kitose srityse, kuriose reikalingos didelio atsparumo elektros jungtys.<\/li>\n<\/ul>\n<\/li>\n<\/ol>\n<h4><strong>Specifikacijos<\/strong><\/h4>\n<ol>\n<li><strong>Vardin\u0117 srov\u0117:<\/strong>\n<ul>\n<li>Priklausomai nuo jungties modelio ir specifikacij\u0173, vardin\u0117 srov\u0117 paprastai svyruoja nuo 10 A iki 500 A.<\/li>\n<\/ul>\n<\/li>\n<li><strong>Vardin\u0117 \u012ftampa:<\/strong>\n<ul>\n<li>Nominalioji \u012ftampa paprastai svyruoja nuo 250 V iki 3000 V ir atitinka \u012fvairi\u0173 \u012frengini\u0173 elektros poreikius.<\/li>\n<\/ul>\n<\/li>\n<li><strong>Kontaktinis pasiprie\u0161inimas:<\/strong>\n<ul>\n<li>Kontakt\u0173 var\u017ea paprastai yra ma\u017eesn\u0117 nei 1 m\u03a9, tod\u0117l u\u017etikrinama ma\u017ea jung\u010di\u0173 var\u017ea ir suma\u017einami energijos nuostoliai.<\/li>\n<\/ul>\n<\/li>\n<li><strong>Darbin\u0117s temperat\u016bros diapazonas:<\/strong>\n<ul>\n<li>Standartinis darbin\u0117s temperat\u016bros diapazonas yra nuo -55 \u00b0C iki +200 \u00b0C, o kai kurie modeliai gali veikti ir auk\u0161tesn\u0117je temperat\u016broje.<\/li>\n<\/ul>\n<\/li>\n<li><strong>Apsaugos laipsnis:<\/strong>\n<ul>\n<li>Apsaugos klas\u0117 paprastai atitinka arba vir\u0161ija IP67, tod\u0117l u\u017etikrina puiki\u0105 apsaug\u0105 nuo vandens ir dulki\u0173.<\/li>\n<\/ul>\n<\/li>\n<li><strong>\u012eterpimo \/ i\u0161traukimo ciklai:<\/strong>\n<ul>\n<li>Jungtys paprastai i\u0161laiko nuo 1000 iki 5000 poravimosi cikl\u0173, tod\u0117l u\u017etikrina ilgalaik\u012f patikimum\u0105 ir stabilum\u0105 net po daugkartinio naudojimo.<\/li>\n<\/ul>\n<\/li>\n<li><strong>Jung\u010di\u0173 tipai:<\/strong>\n<ul>\n<li>\u012eprasti jung\u010di\u0173 tipai - greito prijungimo jungtys, sriegin\u0117s jungtys ir fiksavimo jungtys, tod\u0117l galima lanks\u010diai rinktis pagal konkre\u010dius sujungimo poreikius.<\/li>\n<\/ul>\n<\/li>\n<li><strong>Med\u017eiagos:<\/strong>\n<ul>\n<li>Korpusai paprastai gaminami i\u0161 aliuminio lydinio arba ner\u016bdijan\u010diojo plieno, o kontaktai - i\u0161 vario lydinio arba pasidabruot\u0173 med\u017eiag\u0173, u\u017etikrinan\u010di\u0173 puik\u0173 laidum\u0105 ir atsparum\u0105 korozijai.<\/li>\n<\/ul>\n<\/li>\n<li><strong>Dydis ir svoris:<\/strong>\n<ul>\n<li>Sunkiosios aviacijos jungtys paprastai b\u016bna didesnio dyd\u017eio, kad b\u016bt\u0173 pritaikytos didesnei srovei ir stipresn\u0117ms mechanin\u0117ms savyb\u0117ms, tod\u0117l j\u0173 svoris yra santykinai didesnis, kad b\u016bt\u0173 u\u017etikrintas stabilus sujungimas.<\/li>\n<\/ul>\n<\/li>\n<\/ol>\n<h3>I\u0161vada<\/h3>\n<p>Apibendrinant galima teigti, kad didelio atsparumo aviacin\u0117s jungtys pasi\u017eymi i\u0161skirtiniu patvarumu ir patikimumu, tod\u0117l u\u017etikrina stabilias elektros jungtis net ir ekstremalioje aplinkoje. \u0160ios jungtys, pasi\u017eymin\u010dios tokiomis savyb\u0117mis kaip atsparumas vandeniui, dulk\u0117ms, sm\u016bgiams ir auk\u0161tai temperat\u016brai, pla\u010diai naudojamos tokiose pramon\u0117s \u0161akose kaip aviacijos, karin\u0117, gele\u017einkeli\u0173 ir pramon\u0117s \u012franga. D\u0117l ger\u0173 elektrini\u0173 charakteristik\u0173, jung\u010di\u0173 stili\u0173 \u012fvairov\u0117s ir auk\u0161t\u0173 apsaugos laipsni\u0173 jos yra idealus pasirinkimas toms sritims, kuriose reikia itin tvirt\u0173 elektrini\u0173 jung\u010di\u0173.<\/p>\n<p><img fetchpriority=\"high\" decoding=\"async\" class=\"alignnone wp-image-7525\" src=\"https:\/\/www.hnhlcranes.com\/wp-content\/uploads\/2024\/12\/Heavy-Duty-Aviation-Connector-6-pin-e1737012766554-300x147.jpg\" alt=\"\" width=\"1010\" height=\"495\" srcset=\"https:\/\/www.hnhlcranes.com\/wp-content\/uploads\/2024\/12\/Heavy-Duty-Aviation-Connector-6-pin-e1737012766554-300x147.jpg 300w, https:\/\/www.hnhlcranes.com\/wp-content\/uploads\/2024\/12\/Heavy-Duty-Aviation-Connector-6-pin-e1737012766554-1024x502.jpg 1024w, https:\/\/www.hnhlcranes.com\/wp-content\/uploads\/2024\/12\/Heavy-Duty-Aviation-Connector-6-pin-e1737012766554-768x376.jpg 768w, https:\/\/www.hnhlcranes.com\/wp-content\/uploads\/2024\/12\/Heavy-Duty-Aviation-Connector-6-pin-e1737012766554-600x294.jpg 600w, https:\/\/www.hnhlcranes.com\/wp-content\/uploads\/2024\/12\/Heavy-Duty-Aviation-Connector-6-pin-e1737012766554.jpg 1224w\" sizes=\"(max-width: 1010px) 100vw, 1010px\" \/><\/p>\n<p><img decoding=\"async\" class=\"alignnone wp-image-7526\" src=\"https:\/\/www.hnhlcranes.com\/wp-content\/uploads\/2024\/12\/Heavy-Duty-Aviation-Connector-16-pin-e1737012903661-300x147.jpg\" alt=\"\" width=\"1000\" height=\"490\" srcset=\"https:\/\/www.hnhlcranes.com\/wp-content\/uploads\/2024\/12\/Heavy-Duty-Aviation-Connector-16-pin-e1737012903661-300x147.jpg 300w, https:\/\/www.hnhlcranes.com\/wp-content\/uploads\/2024\/12\/Heavy-Duty-Aviation-Connector-16-pin-e1737012903661-1024x502.jpg 1024w, https:\/\/www.hnhlcranes.com\/wp-content\/uploads\/2024\/12\/Heavy-Duty-Aviation-Connector-16-pin-e1737012903661-768x376.jpg 768w, https:\/\/www.hnhlcranes.com\/wp-content\/uploads\/2024\/12\/Heavy-Duty-Aviation-Connector-16-pin-e1737012903661-600x294.jpg 600w, https:\/\/www.hnhlcranes.com\/wp-content\/uploads\/2024\/12\/Heavy-Duty-Aviation-Connector-16-pin-e1737012903661.jpg 1224w\" sizes=\"(max-width: 1000px) 100vw, 1000px\" \/><\/p>\n<p><img decoding=\"async\" class=\"alignnone  wp-image-7527\" src=\"https:\/\/www.hnhlcranes.com\/wp-content\/uploads\/2024\/12\/Heavy-Duty-Aviation-Connector-32-pin-e1737013007182-300x147.jpg\" alt=\"\" width=\"1004\" height=\"492\" srcset=\"https:\/\/www.hnhlcranes.com\/wp-content\/uploads\/2024\/12\/Heavy-Duty-Aviation-Connector-32-pin-e1737013007182-300x147.jpg 300w, https:\/\/www.hnhlcranes.com\/wp-content\/uploads\/2024\/12\/Heavy-Duty-Aviation-Connector-32-pin-e1737013007182-1024x502.jpg 1024w, https:\/\/www.hnhlcranes.com\/wp-content\/uploads\/2024\/12\/Heavy-Duty-Aviation-Connector-32-pin-e1737013007182-768x376.jpg 768w, https:\/\/www.hnhlcranes.com\/wp-content\/uploads\/2024\/12\/Heavy-Duty-Aviation-Connector-32-pin-e1737013007182-600x294.jpg 600w, https:\/\/www.hnhlcranes.com\/wp-content\/uploads\/2024\/12\/Heavy-Duty-Aviation-Connector-32-pin-e1737013007182.jpg 1224w\" sizes=\"(max-width: 1004px) 100vw, 1004px\" \/><\/p>","protected":false},"excerpt":{"rendered":"<p>\"HE Heavy Duty Aviation Connector\", dar vadinama aviacijos ki\u0161tuku arba greit\u0105ja jungtimi, yra universalus ir patikimas sprendimas, skirtas elektros ir signal\u0173 jungtims pramonin\u0117je \u012frangoje, \u012fskaitant kranus.<\/p>","protected":false},"featured_media":7506,"template":"","meta":{"_kad_post_transparent":"default","_kad_post_title":"","_kad_post_layout":"default","_kad_post_sidebar_id":"","_kad_post_content_style":"default","_kad_post_vertical_padding":"show","_kad_post_feature":"","_kad_post_feature_position":"","_kad_post_header":false,"_kad_post_footer":false},"product_brand":[],"product_cat":[65],"product_tag":[632,622,376,634,612,616,626,627,629,613,617,620,615,614,618,628,619,621,623,630,635,633,625,631,624],"class_list":{"0":"post-5799","1":"product","2":"type-product","3":"status-publish","4":"has-post-thumbnail","6":"product_cat-crane-electrical-parts","7":"product_tag-aviation-plug","8":"product_tag-cable-trolley","9":"product_tag-china-crane-parts-supplier","10":"product_tag-crane-aviation-plug","11":"product_tag-crane-cable-trolley","12":"product_tag-crane-control-cabinet","13":"product_tag-crane-control-handle","14":"product_tag-crane-controls","15":"product_tag-crane-electrical-control-cabinet","16":"product_tag-crane-electrical-part","17":"product_tag-crane-limit-switch","18":"product_tag-crane-overload-limiter","19":"product_tag-crane-pendant-controller","20":"product_tag-crane-remote-controller","21":"product_tag-crane-sound-and-light-alarm","22":"product_tag-electrical-control-cabinet","23":"product_tag-heavy-duty-aviation-connector","24":"product_tag-i-beam-cable-trolley","25":"product_tag-i-beam-cable-trolley-supplier","26":"product_tag-limit-switch","27":"product_tag-overload-limiter","28":"product_tag-quick-connector","29":"product_tag-remote-controller","30":"product_tag-sound-and-light-alarm","31":"product_tag-wireless-remote-control","33":"first","34":"instock","35":"shipping-taxable","36":"product-type-simple","37":"entry","38":"content-bg","39":"loop-entry"},"yoast_head":"<!-- This site is optimized with the Yoast SEO plugin v24.5 - https:\/\/yoast.com\/wordpress\/plugins\/seo\/ -->\n<title>Heavy Duty Aviation Connector - Aviation plug-Quick connector-Crane Parts Manufacturer<\/title>\n<meta name=\"description\" content=\"Aviation plug,quick connector,Crane aviation plug, Heavy Duty Aviation Connector manufacturer,Crane Parts Supplier,Heavy Duty Aviation Connector\" \/>\n<meta name=\"robots\" content=\"index, follow, max-snippet:-1, max-image-preview:large, max-video-preview:-1\" \/>\n<link rel=\"canonical\" href=\"https:\/\/www.hnhlcranes.com\/lt\/produktas\/didelio-apkrovimo-aviacijos-jungtis\/\" \/>\n<meta property=\"og:locale\" content=\"lt_LT\" \/>\n<meta property=\"og:type\" content=\"article\" \/>\n<meta property=\"og:title\" content=\"Heavy Duty Aviation Connector - Aviation plug-Quick connector-Crane Parts Manufacturer\" \/>\n<meta property=\"og:description\" content=\"Aviation plug,quick connector,Crane aviation plug, Heavy Duty Aviation Connector manufacturer,Crane Parts Supplier,Heavy Duty Aviation Connector\" \/>\n<meta property=\"og:url\" content=\"https:\/\/www.hnhlcranes.com\/lt\/produktas\/didelio-apkrovimo-aviacijos-jungtis\/\" \/>\n<meta property=\"og:site_name\" content=\"Crane Parts Manufacturer\" \/>\n<meta property=\"article:modified_time\" content=\"2025-01-16T07:38:12+00:00\" \/>\n<meta property=\"og:image\" content=\"https:\/\/www.hnhlcranes.com\/wp-content\/uploads\/2024\/12\/Heavy-Duty-Aviation-Connector.jpg\" \/>\n\t<meta property=\"og:image:width\" content=\"600\" \/>\n\t<meta property=\"og:image:height\" content=\"600\" \/>\n\t<meta property=\"og:image:type\" content=\"image\/jpeg\" \/>\n<meta name=\"twitter:card\" content=\"summary_large_image\" \/>\n<meta name=\"twitter:label1\" content=\"Est. reading time\" \/>\n\t<meta name=\"twitter:data1\" content=\"4 minut\u0117s\" \/>\n<script type=\"application\/ld+json\" class=\"yoast-schema-graph\">{\"@context\":\"https:\/\/schema.org\",\"@graph\":[{\"@type\":\"WebPage\",\"@id\":\"https:\/\/www.hnhlcranes.com\/product\/heavy-duty-aviation-connector\/\",\"url\":\"https:\/\/www.hnhlcranes.com\/product\/heavy-duty-aviation-connector\/\",\"name\":\"Heavy Duty Aviation Connector - Aviation plug-Quick connector-Crane Parts Manufacturer\",\"isPartOf\":{\"@id\":\"https:\/\/www.hnhlcranes.com\/#website\"},\"primaryImageOfPage\":{\"@id\":\"https:\/\/www.hnhlcranes.com\/product\/heavy-duty-aviation-connector\/#primaryimage\"},\"image\":{\"@id\":\"https:\/\/www.hnhlcranes.com\/product\/heavy-duty-aviation-connector\/#primaryimage\"},\"thumbnailUrl\":\"https:\/\/www.hnhlcranes.com\/wp-content\/uploads\/2024\/12\/Heavy-Duty-Aviation-Connector.jpg\",\"datePublished\":\"2024-12-05T17:12:50+00:00\",\"dateModified\":\"2025-01-16T07:38:12+00:00\",\"description\":\"Aviation plug,quick connector,Crane aviation plug, Heavy Duty Aviation Connector manufacturer,Crane Parts Supplier,Heavy Duty Aviation Connector\",\"breadcrumb\":{\"@id\":\"https:\/\/www.hnhlcranes.com\/product\/heavy-duty-aviation-connector\/#breadcrumb\"},\"inLanguage\":\"lt-LT\",\"potentialAction\":[{\"@type\":\"ReadAction\",\"target\":[\"https:\/\/www.hnhlcranes.com\/product\/heavy-duty-aviation-connector\/\"]}]},{\"@type\":\"ImageObject\",\"inLanguage\":\"lt-LT\",\"@id\":\"https:\/\/www.hnhlcranes.com\/product\/heavy-duty-aviation-connector\/#primaryimage\",\"url\":\"https:\/\/www.hnhlcranes.com\/wp-content\/uploads\/2024\/12\/Heavy-Duty-Aviation-Connector.jpg\",\"contentUrl\":\"https:\/\/www.hnhlcranes.com\/wp-content\/uploads\/2024\/12\/Heavy-Duty-Aviation-Connector.jpg\",\"width\":600,\"height\":600},{\"@type\":\"BreadcrumbList\",\"@id\":\"https:\/\/www.hnhlcranes.com\/product\/heavy-duty-aviation-connector\/#breadcrumb\",\"itemListElement\":[{\"@type\":\"ListItem\",\"position\":1,\"name\":\"home\",\"item\":\"https:\/\/www.hnhlcranes.com\/\"},{\"@type\":\"ListItem\",\"position\":2,\"name\":\"products\",\"item\":\"https:\/\/www.hnhlcranes.com\/products\/\"},{\"@type\":\"ListItem\",\"position\":3,\"name\":\"Heavy Duty Aviation Connector\"}]},{\"@type\":\"WebSite\",\"@id\":\"https:\/\/www.hnhlcranes.com\/#website\",\"url\":\"https:\/\/www.hnhlcranes.com\/\",\"name\":\"Crane Parts Manufacturer\",\"description\":\"Crane Wheels,Crane Drums,Crane Hooks,Crane Coupling,Crane End Carriage,Electric Hoist,European Crane Parts,Crane Rail Clip,Crane Spreader,Crane Motor,Crane Reducer,Crane Brake,Light Crane Parts,Workstation Crane Parts,Crane Electrical Parts,China Crane Parts Supplier,China Crane Parts Manufacturer,Angle box type crane wheel,45 degree split crane wheel,European crane wheel,Crane Wheel Blocks,Overhead crane drum,European crane drum,Overhead crane hook,European crane hook,Crane pulley block,Gear coupling,Brake wheel coupling,Drum gear coupling,Brake wheel drum gear coupling,Cardan Shaft Coupling,WZL drum coupling,Plum blossom elastic coupling,Brake wheel plum elastic coupling,European Single girder crane end carriage,European Double girder crane end carriage,European Suspension  crane end carriage,Wire Rope Electric Hoist,Electric Chain Hoist,European Single Girder Wire Rope Electric Hoist,European Double Girder Wire Rope Electric Hoist,Crane grab,Container spreader,Billet crane clamps,C-type hook,Lifting Electromagnet,YZR crane motor,YZP crane motor,ZQ Reducer,ZSC Reducer,QJ Reducer,QJ-L Reducer,QJY Reducer,H series gearbox,F Series Gear Motor,K Series Gear Motor,R Series Gear Motor,travelling machinery gear motor,Electro hydraulic drum brake,Electro hydraulic disc brake,Crane Safety brake,Crane cable trolley,Crane remote controller,Crane pendant controller,Crane electrical control cabinet,Crane limit switch,Crane sound and light alarm,Heavy Duty Aviation Connector,Crane overload limiter\",\"publisher\":{\"@id\":\"https:\/\/www.hnhlcranes.com\/#organization\"},\"potentialAction\":[{\"@type\":\"SearchAction\",\"target\":{\"@type\":\"EntryPoint\",\"urlTemplate\":\"https:\/\/www.hnhlcranes.com\/?s={search_term_string}\"},\"query-input\":{\"@type\":\"PropertyValueSpecification\",\"valueRequired\":true,\"valueName\":\"search_term_string\"}}],\"inLanguage\":\"lt-LT\"},{\"@type\":\"Organization\",\"@id\":\"https:\/\/www.hnhlcranes.com\/#organization\",\"name\":\"Crane Parts Manufacturer\",\"url\":\"https:\/\/www.hnhlcranes.com\/\",\"logo\":{\"@type\":\"ImageObject\",\"inLanguage\":\"lt-LT\",\"@id\":\"https:\/\/www.hnhlcranes.com\/#\/schema\/logo\/image\/\",\"url\":\"https:\/\/www.hnhlcranes.com\/wp-content\/uploads\/2025\/01\/HL-logo-1.png\",\"contentUrl\":\"https:\/\/www.hnhlcranes.com\/wp-content\/uploads\/2025\/01\/HL-logo-1.png\",\"width\":600,\"height\":169,\"caption\":\"Crane Parts Manufacturer\"},\"image\":{\"@id\":\"https:\/\/www.hnhlcranes.com\/#\/schema\/logo\/image\/\"}}]}<\/script>\n<!-- \/ Yoast SEO plugin. -->","yoast_head_json":{"title":"Heavy Duty Aviation Connector - Aviation plug-Quick connector-Crane Parts Manufacturer","description":"Aviation plug,quick connector,Crane aviation plug, Heavy Duty Aviation Connector manufacturer,Crane Parts Supplier,Heavy Duty Aviation Connector","robots":{"index":"index","follow":"follow","max-snippet":"max-snippet:-1","max-image-preview":"max-image-preview:large","max-video-preview":"max-video-preview:-1"},"canonical":"https:\/\/www.hnhlcranes.com\/lt\/produktas\/didelio-apkrovimo-aviacijos-jungtis\/","og_locale":"lt_LT","og_type":"article","og_title":"Heavy Duty Aviation Connector - Aviation plug-Quick connector-Crane Parts Manufacturer","og_description":"Aviation plug,quick connector,Crane aviation plug, Heavy Duty Aviation Connector manufacturer,Crane Parts Supplier,Heavy Duty Aviation Connector","og_url":"https:\/\/www.hnhlcranes.com\/lt\/produktas\/didelio-apkrovimo-aviacijos-jungtis\/","og_site_name":"Crane Parts Manufacturer","article_modified_time":"2025-01-16T07:38:12+00:00","og_image":[{"width":600,"height":600,"url":"https:\/\/www.hnhlcranes.com\/wp-content\/uploads\/2024\/12\/Heavy-Duty-Aviation-Connector.jpg","type":"image\/jpeg"}],"twitter_card":"summary_large_image","twitter_misc":{"Est. reading time":"4 minut\u0117s"},"schema":{"@context":"https:\/\/schema.org","@graph":[{"@type":"WebPage","@id":"https:\/\/www.hnhlcranes.com\/product\/heavy-duty-aviation-connector\/","url":"https:\/\/www.hnhlcranes.com\/product\/heavy-duty-aviation-connector\/","name":"Heavy Duty Aviation Connector - Aviation plug-Quick connector-Crane Parts Manufacturer","isPartOf":{"@id":"https:\/\/www.hnhlcranes.com\/#website"},"primaryImageOfPage":{"@id":"https:\/\/www.hnhlcranes.com\/product\/heavy-duty-aviation-connector\/#primaryimage"},"image":{"@id":"https:\/\/www.hnhlcranes.com\/product\/heavy-duty-aviation-connector\/#primaryimage"},"thumbnailUrl":"https:\/\/www.hnhlcranes.com\/wp-content\/uploads\/2024\/12\/Heavy-Duty-Aviation-Connector.jpg","datePublished":"2024-12-05T17:12:50+00:00","dateModified":"2025-01-16T07:38:12+00:00","description":"Aviation plug,quick connector,Crane aviation plug, Heavy Duty Aviation Connector manufacturer,Crane Parts Supplier,Heavy Duty Aviation Connector","breadcrumb":{"@id":"https:\/\/www.hnhlcranes.com\/product\/heavy-duty-aviation-connector\/#breadcrumb"},"inLanguage":"lt-LT","potentialAction":[{"@type":"ReadAction","target":["https:\/\/www.hnhlcranes.com\/product\/heavy-duty-aviation-connector\/"]}]},{"@type":"ImageObject","inLanguage":"lt-LT","@id":"https:\/\/www.hnhlcranes.com\/product\/heavy-duty-aviation-connector\/#primaryimage","url":"https:\/\/www.hnhlcranes.com\/wp-content\/uploads\/2024\/12\/Heavy-Duty-Aviation-Connector.jpg","contentUrl":"https:\/\/www.hnhlcranes.com\/wp-content\/uploads\/2024\/12\/Heavy-Duty-Aviation-Connector.jpg","width":600,"height":600},{"@type":"BreadcrumbList","@id":"https:\/\/www.hnhlcranes.com\/product\/heavy-duty-aviation-connector\/#breadcrumb","itemListElement":[{"@type":"ListItem","position":1,"name":"home","item":"https:\/\/www.hnhlcranes.com\/"},{"@type":"ListItem","position":2,"name":"products","item":"https:\/\/www.hnhlcranes.com\/products\/"},{"@type":"ListItem","position":3,"name":"Heavy Duty Aviation Connector"}]},{"@type":"WebSite","@id":"https:\/\/www.hnhlcranes.com\/#website","url":"https:\/\/www.hnhlcranes.com\/","name":"Crane Parts Manufacturer","description":"Crane Wheels,Crane Drums,Crane Hooks,Crane Coupling,Crane End Carriage,Electric Hoist,European Crane Parts,Crane Rail Clip,Crane Spreader,Crane Motor,Crane Reducer,Crane Brake,Light Crane Parts,Workstation Crane Parts,Crane Electrical Parts,China Crane Parts Supplier,China Crane Parts Manufacturer,Angle box type crane wheel,45 degree split crane wheel,European crane wheel,Crane Wheel Blocks,Overhead crane drum,European crane drum,Overhead crane hook,European crane hook,Crane pulley block,Gear coupling,Brake wheel coupling,Drum gear coupling,Brake wheel drum gear coupling,Cardan Shaft Coupling,WZL drum coupling,Plum blossom elastic coupling,Brake wheel plum elastic coupling,European Single girder crane end carriage,European Double girder crane end carriage,European Suspension  crane end carriage,Wire Rope Electric Hoist,Electric Chain Hoist,European Single Girder Wire Rope Electric Hoist,European Double Girder Wire Rope Electric Hoist,Crane grab,Container spreader,Billet crane clamps,C-type hook,Lifting Electromagnet,YZR crane motor,YZP crane motor,ZQ Reducer,ZSC Reducer,QJ Reducer,QJ-L Reducer,QJY Reducer,H series gearbox,F Series Gear Motor,K Series Gear Motor,R Series Gear Motor,travelling machinery gear motor,Electro hydraulic drum brake,Electro hydraulic disc brake,Crane Safety brake,Crane cable trolley,Crane remote controller,Crane pendant controller,Crane electrical control cabinet,Crane limit switch,Crane sound and light alarm,Heavy Duty Aviation Connector,Crane overload limiter","publisher":{"@id":"https:\/\/www.hnhlcranes.com\/#organization"},"potentialAction":[{"@type":"SearchAction","target":{"@type":"EntryPoint","urlTemplate":"https:\/\/www.hnhlcranes.com\/?s={search_term_string}"},"query-input":{"@type":"PropertyValueSpecification","valueRequired":true,"valueName":"search_term_string"}}],"inLanguage":"lt-LT"},{"@type":"Organization","@id":"https:\/\/www.hnhlcranes.com\/#organization","name":"Crane Parts Manufacturer","url":"https:\/\/www.hnhlcranes.com\/","logo":{"@type":"ImageObject","inLanguage":"lt-LT","@id":"https:\/\/www.hnhlcranes.com\/#\/schema\/logo\/image\/","url":"https:\/\/www.hnhlcranes.com\/wp-content\/uploads\/2025\/01\/HL-logo-1.png","contentUrl":"https:\/\/www.hnhlcranes.com\/wp-content\/uploads\/2025\/01\/HL-logo-1.png","width":600,"height":169,"caption":"Crane Parts Manufacturer"},"image":{"@id":"https:\/\/www.hnhlcranes.com\/#\/schema\/logo\/image\/"}}]}},"_links":{"self":[{"href":"https:\/\/www.hnhlcranes.com\/lt\/wp-json\/wp\/v2\/product\/5799","targetHints":{"allow":["GET"]}}],"collection":[{"href":"https:\/\/www.hnhlcranes.com\/lt\/wp-json\/wp\/v2\/product"}],"about":[{"href":"https:\/\/www.hnhlcranes.com\/lt\/wp-json\/wp\/v2\/types\/product"}],"version-history":[{"count":25,"href":"https:\/\/www.hnhlcranes.com\/lt\/wp-json\/wp\/v2\/product\/5799\/revisions"}],"predecessor-version":[{"id":7533,"href":"https:\/\/www.hnhlcranes.com\/lt\/wp-json\/wp\/v2\/product\/5799\/revisions\/7533"}],"wp:featuredmedia":[{"embeddable":true,"href":"https:\/\/www.hnhlcranes.com\/lt\/wp-json\/wp\/v2\/media\/7506"}],"wp:attachment":[{"href":"https:\/\/www.hnhlcranes.com\/lt\/wp-json\/wp\/v2\/media?parent=5799"}],"wp:term":[{"taxonomy":"product_brand","embeddable":true,"href":"https:\/\/www.hnhlcranes.com\/lt\/wp-json\/wp\/v2\/product_brand?post=5799"},{"taxonomy":"product_cat","embeddable":true,"href":"https:\/\/www.hnhlcranes.com\/lt\/wp-json\/wp\/v2\/product_cat?post=5799"},{"taxonomy":"product_tag","embeddable":true,"href":"https:\/\/www.hnhlcranes.com\/lt\/wp-json\/wp\/v2\/product_tag?post=5799"}],"curies":[{"name":"wp","href":"https:\/\/api.w.org\/{rel}","templated":true}]}}