{"id":4896,"date":"2024-11-08T15:16:00","date_gmt":"2024-11-08T07:16:00","guid":{"rendered":"https:\/\/www.hnhlcranes.com\/?post_type=product&#038;p=4896"},"modified":"2025-01-06T00:42:42","modified_gmt":"2025-01-05T16:42:42","slug":"zobratu-sakabe","status":"publish","type":"product","link":"https:\/\/www.hnhlcranes.com\/lv\/produkts\/zobratu-sakabe\/","title":{"rendered":"Zobratu sakabe"},"content":{"rendered":"<div class=\"flex max-w-full flex-col flex-grow\">\n<div class=\"min-h-8 text-message flex w-full flex-col items-end gap-2 whitespace-normal break-words [.text-message+&amp;]:mt-5\" dir=\"auto\" data-message-author-role=\"assistant\" data-message-id=\"41acb770-e85a-4730-8533-81f9699d1e74\" data-message-model-slug=\"gpt-4o\">\n<div class=\"flex w-full flex-col gap-1 empty:hidden first:pt-[3px]\">\n<div class=\"markdown prose w-full break-words dark:prose-invert light\">\n<p>A <strong>Zobratu savienojums<\/strong> ir sakabes veids, ko parasti izmanto meh\u0101nisk\u0101s piedzi\u0146as sist\u0113m\u0101s, lai savienotu divas v\u0101rpstas un p\u0101rnestu griezes momentu. To parasti izmanto lietojumos, kur nepiecie\u0161ama liela nestsp\u0113ja un prec\u012bza jaudas p\u0101rnese.<\/p>\n<h3><strong>Zobratu savienojums <\/strong>Galven\u0101s funkcijas:<\/h3>\n<ol>\n<li><strong>Strukt\u016bra<\/strong>: Zobratu sakabe sast\u0101v no div\u0101m da\u013c\u0101m, katr\u0101 no kur\u0101m ir zobrati, parasti ar iek\u0161\u0113jiem un \u0101r\u0113jiem zobiem, kas savstarp\u0113ji savienojas. \u0160\u012bs da\u013cas p\u0101rvada jaudu, zobratiem sasl\u0113dzoties.<\/li>\n<li><strong>Darba princips<\/strong>: Zobratu sakabes p\u0101rnes griezes momentu, zobratiem savstarp\u0113ji savienojoties, vienlaikus pie\u013caujot ar\u012b zin\u0101mu aksi\u0101lu, radi\u0101lu un le\u0146\u0137isku nob\u012bdi. Zobratu sasl\u0113g\u0161an\u0101s padara griezes momenta p\u0101rnesi stabil\u0101ku un prec\u012bz\u0101ku.<\/li>\n<li><strong>Materi\u0101li<\/strong>: Zobratu sakabes zobrati parasti ir izgatavoti no augstas stipr\u012bbas t\u0113rauda, bie\u017ei termiski apstr\u0101d\u0101ti, lai uzlabotu nodilumiztur\u012bbu un iztur\u012bbu.<\/li>\n<li><strong>Veidi<\/strong>:\n<ul>\n<li><strong>Elast\u012bgie zobratu savienojumi<\/strong>: Tie pie\u013cauj nelielu le\u0146\u0137a nob\u012bdi vai asu nob\u012bdi starp v\u0101rpst\u0101m, un tos galvenok\u0101rt izmanto lietojumos, kur nepiecie\u0161ama zin\u0101ma elast\u012bba.<\/li>\n<li><strong>Cietie zobratu savienojumi<\/strong>: Tos izmanto vid\u0113s, kur nav sagaid\u0101ma nob\u012bde vai nob\u012bde, parasti prec\u012bz\u0101s piedzi\u0146as sist\u0113m\u0101s.<\/li>\n<\/ul>\n<\/li>\n<li><strong>Pieteikumi<\/strong>: Zobratu sakabes pla\u0161i izmanto smagaj\u0101s ma\u0161\u012bn\u0101s, r\u016bpnieciskaj\u0101s piedzi\u0146as sist\u0113m\u0101s, elektroiek\u0101rt\u0101s un metalur\u0123ijas iek\u0101rt\u0101s. T\u0101s ir \u012bpa\u0161i piem\u0113rotas \u0101trgaitas, liela griezes momenta un lielas slodzes vid\u0113m, kur zobratu sakabes nodro\u0161ina izcilu jaudas p\u0101rvades veiktsp\u0113ju.<\/li>\n<\/ol>\n<h3>Priek\u0161roc\u012bbas:<\/h3>\n<ul>\n<li><strong>Augsta griezes momenta p\u0101rneses sp\u0113ja<\/strong>: Zobratu savienojumi sp\u0113j iztur\u0113t liel\u0101ku griezes momentu, t\u0101p\u0113c tie ir ide\u0101li piem\u0113roti lielas slodzes transmisij\u0101m.<\/li>\n<li><strong>Augsta precizit\u0101te<\/strong>: Prec\u012bzs zobratu savienojums nodro\u0161ina vienm\u0113r\u012bgu un prec\u012bzu jaudas p\u0101rnesi.<\/li>\n<li><strong>Iztur\u012bba<\/strong>: Zobratu ciet\u012bbas un nodilumiztur\u012bbas d\u0113\u013c zobratu sakab\u0113m ir ilg\u0101ks kalpo\u0161anas laiks.<\/li>\n<\/ul>\n<h3>Tr\u016bkumi:<\/h3>\n<ul>\n<li><strong>Sal\u012bdzino\u0161i augsts trok\u0161\u0146a l\u012bmenis<\/strong>: Zobratu savieno\u0161ana var rad\u012bt liel\u0101ku troksni, sal\u012bdzinot ar citiem sakabes veidiem.<\/li>\n<li><strong>E\u013c\u013co\u0161anas pras\u012bbas<\/strong>: Lai izvair\u012btos no p\u0101rm\u0113r\u012bga nodiluma, zobratu sakabes zobratus parasti nepiecie\u0161ams regul\u0101ri e\u013c\u013cot.<\/li>\n<\/ul>\n<p>Kopum\u0101 zobratu sakabes ir efekt\u012bvas, iztur\u012bgas un sp\u0113j iztur\u0113t lielas slodzes. T\u0101s parasti izmanto r\u016bpnieciskaj\u0101s un smagaj\u0101s ma\u0161\u012bn\u0101s.<\/p>\n<\/div>\n<\/div>\n<\/div>\n<\/div>\n<p><img fetchpriority=\"high\" decoding=\"async\" class=\"alignnone wp-image-6866\" src=\"https:\/\/www.hnhlcranes.com\/wp-content\/uploads\/2024\/11\/Gear-coupling-7-222x300.jpg\" alt=\"\" width=\"949\" height=\"1282\" srcset=\"https:\/\/www.hnhlcranes.com\/wp-content\/uploads\/2024\/11\/Gear-coupling-7-222x300.jpg 222w, https:\/\/www.hnhlcranes.com\/wp-content\/uploads\/2024\/11\/Gear-coupling-7-759x1024.jpg 759w, https:\/\/www.hnhlcranes.com\/wp-content\/uploads\/2024\/11\/Gear-coupling-7-768x1036.jpg 768w\" sizes=\"(max-width: 949px) 100vw, 949px\" \/><\/p>\n<p><img decoding=\"async\" class=\"alignnone wp-image-6859\" src=\"https:\/\/www.hnhlcranes.com\/wp-content\/uploads\/2024\/11\/Gear-coupling-8-216x300.jpg\" alt=\"\" width=\"950\" height=\"1319\" srcset=\"https:\/\/www.hnhlcranes.com\/wp-content\/uploads\/2024\/11\/Gear-coupling-8-216x300.jpg 216w, https:\/\/www.hnhlcranes.com\/wp-content\/uploads\/2024\/11\/Gear-coupling-8-600x834.jpg 600w\" sizes=\"(max-width: 950px) 100vw, 950px\" \/><\/p>\n<p><span style=\"font-family: var(--global-body-font-family);\">\u00a0<\/span><span style=\"font-family: var(--global-body-font-family);\"> <img decoding=\"async\" class=\"alignnone wp-image-6860\" src=\"https:\/\/www.hnhlcranes.com\/wp-content\/uploads\/2024\/11\/Gear-coupling-9-219x300.jpg\" alt=\"\" width=\"951\" height=\"1303\" srcset=\"https:\/\/www.hnhlcranes.com\/wp-content\/uploads\/2024\/11\/Gear-coupling-9-219x300.jpg 219w, https:\/\/www.hnhlcranes.com\/wp-content\/uploads\/2024\/11\/Gear-coupling-9-748x1024.jpg 748w, https:\/\/www.hnhlcranes.com\/wp-content\/uploads\/2024\/11\/Gear-coupling-9-768x1051.jpg 768w, https:\/\/www.hnhlcranes.com\/wp-content\/uploads\/2024\/11\/Gear-coupling-9-600x821.jpg 600w\" sizes=\"(max-width: 951px) 100vw, 951px\" \/><\/span><\/p>\n<p><img loading=\"lazy\" decoding=\"async\" class=\"alignnone wp-image-6861\" src=\"https:\/\/www.hnhlcranes.com\/wp-content\/uploads\/2024\/11\/Gear-coupling-10-227x300.jpg\" alt=\"\" width=\"951\" height=\"1257\" srcset=\"https:\/\/www.hnhlcranes.com\/wp-content\/uploads\/2024\/11\/Gear-coupling-10-227x300.jpg 227w, https:\/\/www.hnhlcranes.com\/wp-content\/uploads\/2024\/11\/Gear-coupling-10-775x1024.jpg 775w, https:\/\/www.hnhlcranes.com\/wp-content\/uploads\/2024\/11\/Gear-coupling-10-768x1015.jpg 768w, https:\/\/www.hnhlcranes.com\/wp-content\/uploads\/2024\/11\/Gear-coupling-10-600x793.jpg 600w, https:\/\/www.hnhlcranes.com\/wp-content\/uploads\/2024\/11\/Gear-coupling-10.jpg 950w\" sizes=\"(max-width: 951px) 100vw, 951px\" \/><\/p>","protected":false},"excerpt":{"rendered":"<p><strong>Zobratu savienojumi Parametri:<\/strong><\/p>\n<ul>\n<li><strong>Maksim\u0101lais pie\u013caujamais griezes moments:<\/strong> 710 Nm l\u012bdz 1 000 000 Nm<\/li>\n<li><strong>Maksim\u0101lais \u0101trums:<\/strong> 7100 apgr.\/min l\u012bdz 700 apgr.\/min<\/li>\n<li><strong>Savienojuma materi\u0101ls:<\/strong> ZG430-640, 45 t\u0113rauds<\/li>\n<li><strong>Savienojuma veidi:<\/strong> Pilnzobu sakabes un puszobu sakabes<\/li>\n<li><strong>Piel\u0101got\u0101s opcijas:<\/strong> J\u016bs varat iesniegt savus ras\u0113jumus, un m\u0113s izgatavosim atbilsto\u0161i nor\u0101d\u012btajiem izm\u0113riem.<\/li>\n<\/ul>","protected":false},"featured_media":6856,"template":"","meta":{"_kad_post_transparent":"default","_kad_post_title":"","_kad_post_layout":"default","_kad_post_sidebar_id":"","_kad_post_content_style":"default","_kad_post_vertical_padding":"show","_kad_post_feature":"","_kad_post_feature_position":"","_kad_post_header":false,"_kad_post_footer":false},"product_brand":[],"product_cat":[54],"product_tag":[425,427,431,439,428,376,438,374,432,424,433,373,436,426,437,423,430,435,434,429],"class_list":{"0":"post-4896","1":"product","2":"type-product","3":"status-publish","4":"has-post-thumbnail","6":"product_cat-crane-coupling","7":"product_tag-brake-wheel-coupling","8":"product_tag-brake-wheel-drum-gear-coupling","9":"product_tag-brake-wheel-plum-elastic-coupling","10":"product_tag-cardan-coupling","11":"product_tag-cardan-shaft-coupling","12":"product_tag-china-crane-parts-supplier","13":"product_tag-coupling-manufacturer","14":"product_tag-crane-accessories","15":"product_tag-crane-brake-wheel-coupling","16":"product_tag-crane-coupling","17":"product_tag-crane-gear-couplings","18":"product_tag-crane-parts","19":"product_tag-disc-couplings","20":"product_tag-drum-gear-coupling","21":"product_tag-fluid-couplings","22":"product_tag-gear-coupling","23":"product_tag-plum-blossom-elastic-coupling","24":"product_tag-power-transmission-couplings","25":"product_tag-shaft-couplings","26":"product_tag-wzl-drum-coupling","28":"first","29":"instock","30":"shipping-taxable","31":"product-type-simple","32":"entry","33":"content-bg","34":"loop-entry"},"yoast_head":"<!-- This site is optimized with the Yoast SEO plugin v24.5 - https:\/\/yoast.com\/wordpress\/plugins\/seo\/ -->\n<title>Gear coupling - Crane gear couplings-Crane Coupling-Crane Parts Manufacturer<\/title>\n<meta name=\"description\" content=\"Crane brake wheel coupling,Crane gear couplings,Crane Coupling,Fluid couplings,Crane parts,Crane accessories,Coupling manufacturer,Cardan coupling\" \/>\n<meta name=\"robots\" content=\"index, follow, max-snippet:-1, max-image-preview:large, max-video-preview:-1\" \/>\n<link rel=\"canonical\" href=\"https:\/\/www.hnhlcranes.com\/lv\/produkts\/zobratu-sakabe\/\" \/>\n<meta property=\"og:locale\" content=\"lv_LV\" \/>\n<meta property=\"og:type\" content=\"article\" \/>\n<meta property=\"og:title\" content=\"Gear coupling - Crane gear couplings-Crane Coupling-Crane Parts Manufacturer\" \/>\n<meta property=\"og:description\" content=\"Crane brake wheel coupling,Crane gear couplings,Crane Coupling,Fluid couplings,Crane parts,Crane accessories,Coupling manufacturer,Cardan coupling\" \/>\n<meta property=\"og:url\" content=\"https:\/\/www.hnhlcranes.com\/lv\/produkts\/zobratu-sakabe\/\" \/>\n<meta property=\"og:site_name\" content=\"Crane Parts Manufacturer\" \/>\n<meta property=\"article:modified_time\" content=\"2025-01-05T16:42:42+00:00\" \/>\n<meta property=\"og:image\" content=\"https:\/\/www.hnhlcranes.com\/wp-content\/uploads\/2024\/11\/Gear-coupling.jpg\" \/>\n\t<meta property=\"og:image:width\" content=\"600\" \/>\n\t<meta property=\"og:image:height\" content=\"600\" \/>\n\t<meta property=\"og:image:type\" content=\"image\/jpeg\" \/>\n<meta name=\"twitter:card\" content=\"summary_large_image\" \/>\n<meta name=\"twitter:label1\" content=\"Est. reading time\" \/>\n\t<meta name=\"twitter:data1\" content=\"3 min\u016btes\" \/>\n<script type=\"application\/ld+json\" class=\"yoast-schema-graph\">{\"@context\":\"https:\/\/schema.org\",\"@graph\":[{\"@type\":\"WebPage\",\"@id\":\"https:\/\/www.hnhlcranes.com\/product\/gear-coupling\/\",\"url\":\"https:\/\/www.hnhlcranes.com\/product\/gear-coupling\/\",\"name\":\"Gear coupling - Crane gear couplings-Crane Coupling-Crane Parts Manufacturer\",\"isPartOf\":{\"@id\":\"https:\/\/www.hnhlcranes.com\/#website\"},\"primaryImageOfPage\":{\"@id\":\"https:\/\/www.hnhlcranes.com\/product\/gear-coupling\/#primaryimage\"},\"image\":{\"@id\":\"https:\/\/www.hnhlcranes.com\/product\/gear-coupling\/#primaryimage\"},\"thumbnailUrl\":\"https:\/\/www.hnhlcranes.com\/wp-content\/uploads\/2024\/11\/Gear-coupling.jpg\",\"datePublished\":\"2024-11-08T07:16:00+00:00\",\"dateModified\":\"2025-01-05T16:42:42+00:00\",\"description\":\"Crane brake wheel coupling,Crane gear couplings,Crane Coupling,Fluid couplings,Crane parts,Crane accessories,Coupling manufacturer,Cardan coupling\",\"breadcrumb\":{\"@id\":\"https:\/\/www.hnhlcranes.com\/product\/gear-coupling\/#breadcrumb\"},\"inLanguage\":\"lv-LV\",\"potentialAction\":[{\"@type\":\"ReadAction\",\"target\":[\"https:\/\/www.hnhlcranes.com\/product\/gear-coupling\/\"]}]},{\"@type\":\"ImageObject\",\"inLanguage\":\"lv-LV\",\"@id\":\"https:\/\/www.hnhlcranes.com\/product\/gear-coupling\/#primaryimage\",\"url\":\"https:\/\/www.hnhlcranes.com\/wp-content\/uploads\/2024\/11\/Gear-coupling.jpg\",\"contentUrl\":\"https:\/\/www.hnhlcranes.com\/wp-content\/uploads\/2024\/11\/Gear-coupling.jpg\",\"width\":600,\"height\":600},{\"@type\":\"BreadcrumbList\",\"@id\":\"https:\/\/www.hnhlcranes.com\/product\/gear-coupling\/#breadcrumb\",\"itemListElement\":[{\"@type\":\"ListItem\",\"position\":1,\"name\":\"home\",\"item\":\"https:\/\/www.hnhlcranes.com\/\"},{\"@type\":\"ListItem\",\"position\":2,\"name\":\"products\",\"item\":\"https:\/\/www.hnhlcranes.com\/products\/\"},{\"@type\":\"ListItem\",\"position\":3,\"name\":\"Gear coupling\"}]},{\"@type\":\"WebSite\",\"@id\":\"https:\/\/www.hnhlcranes.com\/#website\",\"url\":\"https:\/\/www.hnhlcranes.com\/\",\"name\":\"Crane Parts Manufacturer\",\"description\":\"Crane Wheels,Crane Drums,Crane Hooks,Crane Coupling,Crane End Carriage,Electric Hoist,European Crane Parts,Crane Rail Clip,Crane Spreader,Crane Motor,Crane Reducer,Crane Brake,Light Crane Parts,Workstation Crane Parts,Crane Electrical Parts,China Crane Parts Supplier,China Crane Parts Manufacturer,Angle box type crane wheel,45 degree split crane wheel,European crane wheel,Crane Wheel Blocks,Overhead crane drum,European crane drum,Overhead crane hook,European crane hook,Crane pulley block,Gear coupling,Brake wheel coupling,Drum gear coupling,Brake wheel drum gear coupling,Cardan Shaft Coupling,WZL drum coupling,Plum blossom elastic coupling,Brake wheel plum elastic coupling,European Single girder crane end carriage,European Double girder crane end carriage,European Suspension  crane end carriage,Wire Rope Electric Hoist,Electric Chain Hoist,European Single Girder Wire Rope Electric Hoist,European Double Girder Wire Rope Electric Hoist,Crane grab,Container spreader,Billet crane clamps,C-type hook,Lifting Electromagnet,YZR crane motor,YZP crane motor,ZQ Reducer,ZSC Reducer,QJ Reducer,QJ-L Reducer,QJY Reducer,H series gearbox,F Series Gear Motor,K Series Gear Motor,R Series Gear Motor,travelling machinery gear motor,Electro hydraulic drum brake,Electro hydraulic disc brake,Crane Safety brake,Crane cable trolley,Crane remote controller,Crane pendant controller,Crane electrical control cabinet,Crane limit switch,Crane sound and light alarm,Heavy Duty Aviation Connector,Crane overload limiter\",\"publisher\":{\"@id\":\"https:\/\/www.hnhlcranes.com\/#organization\"},\"potentialAction\":[{\"@type\":\"SearchAction\",\"target\":{\"@type\":\"EntryPoint\",\"urlTemplate\":\"https:\/\/www.hnhlcranes.com\/?s={search_term_string}\"},\"query-input\":{\"@type\":\"PropertyValueSpecification\",\"valueRequired\":true,\"valueName\":\"search_term_string\"}}],\"inLanguage\":\"lv-LV\"},{\"@type\":\"Organization\",\"@id\":\"https:\/\/www.hnhlcranes.com\/#organization\",\"name\":\"Crane Parts Manufacturer\",\"url\":\"https:\/\/www.hnhlcranes.com\/\",\"logo\":{\"@type\":\"ImageObject\",\"inLanguage\":\"lv-LV\",\"@id\":\"https:\/\/www.hnhlcranes.com\/#\/schema\/logo\/image\/\",\"url\":\"https:\/\/www.hnhlcranes.com\/wp-content\/uploads\/2025\/01\/HL-logo-1.png\",\"contentUrl\":\"https:\/\/www.hnhlcranes.com\/wp-content\/uploads\/2025\/01\/HL-logo-1.png\",\"width\":600,\"height\":169,\"caption\":\"Crane Parts Manufacturer\"},\"image\":{\"@id\":\"https:\/\/www.hnhlcranes.com\/#\/schema\/logo\/image\/\"}}]}<\/script>\n<!-- \/ Yoast SEO plugin. -->","yoast_head_json":{"title":"Gear coupling - Crane gear couplings-Crane Coupling-Crane Parts Manufacturer","description":"Crane brake wheel coupling,Crane gear couplings,Crane Coupling,Fluid couplings,Crane parts,Crane accessories,Coupling manufacturer,Cardan coupling","robots":{"index":"index","follow":"follow","max-snippet":"max-snippet:-1","max-image-preview":"max-image-preview:large","max-video-preview":"max-video-preview:-1"},"canonical":"https:\/\/www.hnhlcranes.com\/lv\/produkts\/zobratu-sakabe\/","og_locale":"lv_LV","og_type":"article","og_title":"Gear coupling - Crane gear couplings-Crane Coupling-Crane Parts Manufacturer","og_description":"Crane brake wheel coupling,Crane gear couplings,Crane Coupling,Fluid couplings,Crane parts,Crane accessories,Coupling manufacturer,Cardan coupling","og_url":"https:\/\/www.hnhlcranes.com\/lv\/produkts\/zobratu-sakabe\/","og_site_name":"Crane Parts Manufacturer","article_modified_time":"2025-01-05T16:42:42+00:00","og_image":[{"width":600,"height":600,"url":"https:\/\/www.hnhlcranes.com\/wp-content\/uploads\/2024\/11\/Gear-coupling.jpg","type":"image\/jpeg"}],"twitter_card":"summary_large_image","twitter_misc":{"Est. reading time":"3 min\u016btes"},"schema":{"@context":"https:\/\/schema.org","@graph":[{"@type":"WebPage","@id":"https:\/\/www.hnhlcranes.com\/product\/gear-coupling\/","url":"https:\/\/www.hnhlcranes.com\/product\/gear-coupling\/","name":"Gear coupling - Crane gear couplings-Crane Coupling-Crane Parts Manufacturer","isPartOf":{"@id":"https:\/\/www.hnhlcranes.com\/#website"},"primaryImageOfPage":{"@id":"https:\/\/www.hnhlcranes.com\/product\/gear-coupling\/#primaryimage"},"image":{"@id":"https:\/\/www.hnhlcranes.com\/product\/gear-coupling\/#primaryimage"},"thumbnailUrl":"https:\/\/www.hnhlcranes.com\/wp-content\/uploads\/2024\/11\/Gear-coupling.jpg","datePublished":"2024-11-08T07:16:00+00:00","dateModified":"2025-01-05T16:42:42+00:00","description":"Crane brake wheel coupling,Crane gear couplings,Crane Coupling,Fluid couplings,Crane parts,Crane accessories,Coupling manufacturer,Cardan coupling","breadcrumb":{"@id":"https:\/\/www.hnhlcranes.com\/product\/gear-coupling\/#breadcrumb"},"inLanguage":"lv-LV","potentialAction":[{"@type":"ReadAction","target":["https:\/\/www.hnhlcranes.com\/product\/gear-coupling\/"]}]},{"@type":"ImageObject","inLanguage":"lv-LV","@id":"https:\/\/www.hnhlcranes.com\/product\/gear-coupling\/#primaryimage","url":"https:\/\/www.hnhlcranes.com\/wp-content\/uploads\/2024\/11\/Gear-coupling.jpg","contentUrl":"https:\/\/www.hnhlcranes.com\/wp-content\/uploads\/2024\/11\/Gear-coupling.jpg","width":600,"height":600},{"@type":"BreadcrumbList","@id":"https:\/\/www.hnhlcranes.com\/product\/gear-coupling\/#breadcrumb","itemListElement":[{"@type":"ListItem","position":1,"name":"home","item":"https:\/\/www.hnhlcranes.com\/"},{"@type":"ListItem","position":2,"name":"products","item":"https:\/\/www.hnhlcranes.com\/products\/"},{"@type":"ListItem","position":3,"name":"Gear coupling"}]},{"@type":"WebSite","@id":"https:\/\/www.hnhlcranes.com\/#website","url":"https:\/\/www.hnhlcranes.com\/","name":"Crane Parts Manufacturer","description":"Crane Wheels,Crane Drums,Crane Hooks,Crane Coupling,Crane End Carriage,Electric Hoist,European Crane Parts,Crane Rail Clip,Crane Spreader,Crane Motor,Crane Reducer,Crane Brake,Light Crane Parts,Workstation Crane Parts,Crane Electrical Parts,China Crane Parts Supplier,China Crane Parts Manufacturer,Angle box type crane wheel,45 degree split crane wheel,European crane wheel,Crane Wheel Blocks,Overhead crane drum,European crane drum,Overhead crane hook,European crane hook,Crane pulley block,Gear coupling,Brake wheel coupling,Drum gear coupling,Brake wheel drum gear coupling,Cardan Shaft Coupling,WZL drum coupling,Plum blossom elastic coupling,Brake wheel plum elastic coupling,European Single girder crane end carriage,European Double girder crane end carriage,European Suspension  crane end carriage,Wire Rope Electric Hoist,Electric Chain Hoist,European Single Girder Wire Rope Electric Hoist,European Double Girder Wire Rope Electric Hoist,Crane grab,Container spreader,Billet crane clamps,C-type hook,Lifting Electromagnet,YZR crane motor,YZP crane motor,ZQ Reducer,ZSC Reducer,QJ Reducer,QJ-L Reducer,QJY Reducer,H series gearbox,F Series Gear Motor,K Series Gear Motor,R Series Gear Motor,travelling machinery gear motor,Electro hydraulic drum brake,Electro hydraulic disc brake,Crane Safety brake,Crane cable trolley,Crane remote controller,Crane pendant controller,Crane electrical control cabinet,Crane limit switch,Crane sound and light alarm,Heavy Duty Aviation Connector,Crane overload limiter","publisher":{"@id":"https:\/\/www.hnhlcranes.com\/#organization"},"potentialAction":[{"@type":"SearchAction","target":{"@type":"EntryPoint","urlTemplate":"https:\/\/www.hnhlcranes.com\/?s={search_term_string}"},"query-input":{"@type":"PropertyValueSpecification","valueRequired":true,"valueName":"search_term_string"}}],"inLanguage":"lv-LV"},{"@type":"Organization","@id":"https:\/\/www.hnhlcranes.com\/#organization","name":"Crane Parts Manufacturer","url":"https:\/\/www.hnhlcranes.com\/","logo":{"@type":"ImageObject","inLanguage":"lv-LV","@id":"https:\/\/www.hnhlcranes.com\/#\/schema\/logo\/image\/","url":"https:\/\/www.hnhlcranes.com\/wp-content\/uploads\/2025\/01\/HL-logo-1.png","contentUrl":"https:\/\/www.hnhlcranes.com\/wp-content\/uploads\/2025\/01\/HL-logo-1.png","width":600,"height":169,"caption":"Crane Parts Manufacturer"},"image":{"@id":"https:\/\/www.hnhlcranes.com\/#\/schema\/logo\/image\/"}}]}},"_links":{"self":[{"href":"https:\/\/www.hnhlcranes.com\/lv\/wp-json\/wp\/v2\/product\/4896","targetHints":{"allow":["GET"]}}],"collection":[{"href":"https:\/\/www.hnhlcranes.com\/lv\/wp-json\/wp\/v2\/product"}],"about":[{"href":"https:\/\/www.hnhlcranes.com\/lv\/wp-json\/wp\/v2\/types\/product"}],"version-history":[{"count":15,"href":"https:\/\/www.hnhlcranes.com\/lv\/wp-json\/wp\/v2\/product\/4896\/revisions"}],"predecessor-version":[{"id":6875,"href":"https:\/\/www.hnhlcranes.com\/lv\/wp-json\/wp\/v2\/product\/4896\/revisions\/6875"}],"wp:featuredmedia":[{"embeddable":true,"href":"https:\/\/www.hnhlcranes.com\/lv\/wp-json\/wp\/v2\/media\/6856"}],"wp:attachment":[{"href":"https:\/\/www.hnhlcranes.com\/lv\/wp-json\/wp\/v2\/media?parent=4896"}],"wp:term":[{"taxonomy":"product_brand","embeddable":true,"href":"https:\/\/www.hnhlcranes.com\/lv\/wp-json\/wp\/v2\/product_brand?post=4896"},{"taxonomy":"product_cat","embeddable":true,"href":"https:\/\/www.hnhlcranes.com\/lv\/wp-json\/wp\/v2\/product_cat?post=4896"},{"taxonomy":"product_tag","embeddable":true,"href":"https:\/\/www.hnhlcranes.com\/lv\/wp-json\/wp\/v2\/product_tag?post=4896"}],"curies":[{"name":"wp","href":"https:\/\/api.w.org\/{rel}","templated":true}]}}