{"id":5424,"date":"2024-11-25T23:05:17","date_gmt":"2024-11-25T15:05:17","guid":{"rendered":"https:\/\/www.hnhlcranes.com\/?post_type=product&#038;p=5424"},"modified":"2025-01-19T18:08:18","modified_gmt":"2025-01-19T10:08:18","slug":"celtna-satverejs","status":"publish","type":"product","link":"https:\/\/www.hnhlcranes.com\/lv\/produkts\/celtna-satverejs\/","title":{"rendered":"Kr\u0101na satver\u0161ana"},"content":{"rendered":"<h6><span style=\"font-family: arial, helvetica, sans-serif; font-size: 18pt;\"><strong>Celt\u0146u greiferu veidi un to funkcijas<\/strong><\/span><\/h6>\n<h6><span style=\"font-family: arial, helvetica, sans-serif; font-size: 14pt;\"><strong>Viena virves satv\u0113r\u0113js<\/strong><\/span><\/h6>\n<ul>\n<li><strong>Meh\u0101nisms<\/strong>: Darbojas ar vienu trosi, lai veiktu gan pacel\u0161anas, gan atv\u0113r\u0161anas\/aizv\u0113r\u0161anas darb\u012bbas, izmantojot \u012bpa\u0161u blo\u0137\u0113\u0161anas meh\u0101nismu.<\/li>\n<li><strong>Funkcijas<\/strong>: Piem\u0113rots celt\u0146iem ar vienu pacel\u0161anas cilindru (ar vienu \u0101\u0137i), kas \u013cauj vienm\u0113r\u012bgi atv\u0113rt un aizv\u0113rt iekrau\u0161anas un izkrau\u0161anas laik\u0101. Viegli piestiprin\u0101ms un atvienojams, t\u0101p\u0113c ir piem\u0113rots zem\u016bdens un sauszemes oper\u0101cij\u0101m, piem\u0113ram, sagr\u0101b\u0161anai un krau\u0161anai.<\/li>\n<li><strong>Ierobe\u017eojumi<\/strong>: Nevar atv\u0113rt gais\u0101, iz\u0146emot ar roku vai t\u0101lvad\u012bbas pulti darbin\u0101mus tipus.<\/li>\n<\/ul>\n<h6><span style=\"font-family: arial, helvetica, sans-serif; font-size: 14pt;\"><strong>Dubult\u0101s virves satver\u0161ana<\/strong><\/span><\/h6>\n<ul>\n<li><strong>Meh\u0101nisms<\/strong>: Paredz\u0113ts celt\u0146iem ar dubultiem pacel\u0161anas meh\u0101nismiem (viena virve katram cilindram). T\u0101 izmanto vienu virvi l\u012bdzsvara nodro\u0161in\u0101\u0161anai un otru - satv\u0113r\u0113ja atv\u0113r\u0161anai un aizv\u0113r\u0161anai.<\/li>\n<li><strong>Funkcijas<\/strong>:\n<ul>\n<li>Bie\u017ei izmanto ost\u0101s, dokos un celtniec\u012bbas nozar\u0113s.<\/li>\n<li>Pieejamas vieglas, vid\u0113ji smagas, smagas un \u012bpa\u0161i smagas konfigur\u0101cijas atkar\u012bb\u0101 no materi\u0101la \u012bpa\u0161\u012bb\u0101m.<\/li>\n<li>Paredz\u0113ts beramu, birsto\u0161u materi\u0101lu p\u0101rkrau\u0161anai.<\/li>\n<\/ul>\n<\/li>\n<\/ul>\n<h6><span style=\"font-family: arial, helvetica, sans-serif; font-size: 14pt;\"><strong>\u010cetru virvju satver\u0161ana<\/strong><\/span><\/h6>\n<ul>\n<li><strong>Meh\u0101nisms<\/strong>: Izmanto ar celt\u0146iem, kas apr\u012bkoti ar diviem stiep\u013cu tro\u0161u cilindru komplektiem. T\u0101 izmanto divas troses atbalstam un divas - \u017eok\u013cu atv\u0113r\u0161anai un aizv\u0113r\u0161anai.<\/li>\n<li><strong>Pieteikumi<\/strong>: Piem\u0113rots t\u0101diem uzdevumiem k\u0101 iekrau\u0161ana, izkrau\u0161ana, krau\u0161ana un materi\u0101lu padeve. Bie\u017ei tiek izmantoti kop\u0101 ar tilta vai port\u0101lcelt\u0146u celt\u0146iem.<\/li>\n<li><strong>Piel\u0101go\u0161ana<\/strong>: Var piel\u0101got ar zobiem, paral\u0113l\u0101m sij\u0101m vai zem\u016bdens oper\u0101cij\u0101m, pamatojoties uz lietot\u0101ja vajadz\u012bb\u0101m un materi\u0101la \u012bpa\u0161\u012bb\u0101m.<\/li>\n<\/ul>\n<h6><span style=\"font-family: arial, helvetica, sans-serif; font-size: 14pt;\"><strong>Multi-Claw Grab<\/strong><\/span><\/h6>\n<ul>\n<li><strong>Pieteikumi<\/strong>: Efekt\u012bvi apstr\u0101d\u0101 met\u0101ll\u016b\u017e\u0146us, lielgabar\u012bta cietos materi\u0101lus un atkritumus t\u0101d\u0101s sare\u017e\u0123\u012bt\u0101s vid\u0113s k\u0101 ostas, dzelzce\u013c\u0161, metalur\u0123ija un b\u016bvniec\u012bba.<\/li>\n<li><strong>Funkcijas<\/strong>:\n<ul>\n<li>Pieejami vienvirvju, divvirvju, \u010detru virvju un elektriskie mode\u013ci.<\/li>\n<li>Spailes aizveras individu\u0101li atkar\u012bb\u0101 no materi\u0101la izm\u0113ra un formas, nodro\u0161inot efekt\u012bvu apstr\u0101di.<\/li>\n<li>Izstr\u0101d\u0101ts ar 4 l\u012bdz 8 spail\u0113m, kas piel\u0101gojamas atkar\u012bb\u0101 no lietot\u0101ja pras\u012bb\u0101m un materi\u0101lu \u012bpa\u0161\u012bb\u0101m.<\/li>\n<\/ul>\n<\/li>\n<\/ul>\n<h6><span style=\"font-family: arial, helvetica, sans-serif; font-size: 14pt;\"><strong>Log Grab<\/strong><\/span><\/h6>\n<ul>\n<li><strong>Pieteikumi<\/strong>: \u012apa\u0161i paredz\u0113ti kokmateri\u0101lu p\u0101rkrau\u0161anai kokmateri\u0101lu noliktav\u0101s, liel\u0101s kokapstr\u0101des r\u016bpn\u012bc\u0101s, pap\u012brfabrik\u0101s un ost\u0101s. Izmanto ku\u0123u izkrau\u0161anai, ba\u013c\u0137u krau\u0161anai un citiem saist\u012btiem uzdevumiem.<\/li>\n<li><strong>Funkcijas<\/strong>:\n<ul>\n<li>Pieejami vienvirvju, divvirvju, \u010detru virvju un elektriskie mode\u013ci.<\/li>\n<li>Piel\u0101gojama, lai atbilstu konkr\u0113t\u0101m lietot\u0101ja vajadz\u012bb\u0101m.<\/li>\n<\/ul>\n<\/li>\n<\/ul>\n<h6><span style=\"font-family: arial, helvetica, sans-serif; font-size: 14pt;\"><strong>Motoriz\u0113ts satv\u0113r\u0113js<\/strong><\/span><\/h6>\n<ul>\n<li><strong>Meh\u0101nisms<\/strong>: Apr\u012bkots ar savu atv\u0113r\u0161anas\/aizv\u0113r\u0161anas meh\u0101nismu, kas \u013cauj str\u0101d\u0101t ar materi\u0101liem jebkur\u0101 augstum\u0101.<\/li>\n<li><strong>Funkcijas<\/strong>:\n<ul>\n<li>Augst\u0101ka produktivit\u0101te, sal\u012bdzinot ar vienas virves greiferiem.<\/li>\n<li>Viegla pievieno\u0161ana un no\u0146em\u0161ana ar augstu iekrau\u0161anas\/izkrau\u0161anas efektivit\u0101ti.<\/li>\n<li>Piem\u0113rots birsto\u0161u materi\u0101lu p\u0101rkrau\u0161anai.<\/li>\n<li>Liel\u0101kam pacel\u0161anas augstumam nepiecie\u0161ams ener\u0123ijas padeves kabe\u013ca rullis.<\/li>\n<\/ul>\n<\/li>\n<li><strong>Ierobe\u017eojums<\/strong>: Nav piem\u0113rots darbam zem \u016bdens.<\/li>\n<\/ul>\n<h6><span style=\"font-family: arial, helvetica, sans-serif; font-size: 14pt;\"><strong>Elektriskais hidrauliskais daudzk\u0101ju satv\u0113r\u0113js<\/strong><\/span><\/h6>\n<ul>\n<li><strong>Pieteikumi<\/strong>: Paredz\u0113ts neregul\u0101ru un lielu materi\u0101lu, piem\u0113ram, t\u0113rauda l\u016b\u017e\u0146u, \u010duguna, r\u016bdas un atkritumu apstr\u0101dei skarbos apst\u0101k\u013cos, efekt\u012bvi aizst\u0101jot roku darbu.<\/li>\n<li><strong>Funkcijas<\/strong>:\n<ul>\n<li>Apr\u012bkots ar neatkar\u012bgu hidraulisko sist\u0113mu, kur\u0101 izmantotas augstas kvalit\u0101tes sast\u0101vda\u013cas, kas nodro\u0161ina izcilu veiktsp\u0113ju.<\/li>\n<li>Katru \u017eokli darbina atsevi\u0161\u0137s hidrauliskais cilindrs, kas nodro\u0161ina, ka materi\u0101ls neizpl\u016bst.<\/li>\n<li>Ietver kabe\u013ca savienot\u0101ju aug\u0161pus\u0113, lai to var\u0113tu viegli integr\u0113t ar celtni.<\/li>\n<li>Pieejamas da\u017e\u0101das konfigur\u0101cijas: apa\u013cas vai taisnst\u016bra formas spailes, k\u0101 ar\u012b sl\u0113gta, da\u013c\u0113ji atv\u0113rta vai atv\u0113rta nagu konstrukcija.<\/li>\n<\/ul>\n<\/li>\n<\/ul>","protected":false},"excerpt":{"rendered":"<p>Singlr virves greifers, \u010cetri virves greifers, Elektro-hidrauliskais daudzpl\u0101k\u0161\u0146u greifers, Apels\u012bnu mizas greifers, Elektromotora greifers, Electro-Hydraulicclamshell greifers<\/p>","protected":false},"featured_media":7139,"template":"","meta":{"_kad_post_transparent":"default","_kad_post_title":"","_kad_post_layout":"default","_kad_post_sidebar_id":"","_kad_post_content_style":"default","_kad_post_vertical_padding":"show","_kad_post_feature":"","_kad_post_feature_position":"","_kad_post_header":false,"_kad_post_footer":false},"product_brand":[],"product_cat":[59],"product_tag":[508,510,513,497,514,512,515,498,521,376,517,518,496,507,520,516,495,522,494,504,502,505,501,506,499,523,503,519,509,500,493,511],"class_list":{"0":"post-5424","1":"product","2":"type-product","3":"status-publish","4":"has-post-thumbnail","6":"product_cat-crane-spreader","7":"product_tag-20ft-container-spreader","8":"product_tag-40ft-container-lifting-frame","9":"product_tag-billet-clamps","10":"product_tag-billet-crane-clamp","11":"product_tag-billet-crane-clamps-manufacturer","12":"product_tag-billet-lifting-clamp","13":"product_tag-billet-lifting-clamps-china-supplier","14":"product_tag-c-type-hook","15":"product_tag-c-type-spreader","16":"product_tag-china-crane-parts-supplier","17":"product_tag-coil-c-type-hook","18":"product_tag-coil-hook","19":"product_tag-container-spreader","20":"product_tag-container-spreader-manufacturers","21":"product_tag-crane-c-hook","22":"product_tag-crane-c-type-spreader","23":"product_tag-crane-grab","24":"product_tag-crane-magnets","25":"product_tag-crane-spreader","26":"product_tag-electric-motor-grab","27":"product_tag-electro-hydraulic-multi-flap-grab","28":"product_tag-electro-hydraulicclamshell-grab","29":"product_tag-four-rope-grab","30":"product_tag-grab-manufacturers","31":"product_tag-lifting-electromagnet","32":"product_tag-lifting-electromagnet-spreader","33":"product_tag-orange-peel-grab","34":"product_tag-overhead-crane-steel-coil-c-type-hook","35":"product_tag-semi-automatic-container-spreader","36":"product_tag-singlr-rope-grab","37":"product_tag-special-crane-spreader","38":"product_tag-tec-container-spreader","40":"first","41":"instock","42":"featured","43":"shipping-taxable","44":"product-type-simple","45":"entry","46":"content-bg","47":"loop-entry"},"yoast_head":"<!-- This site is optimized with the Yoast SEO plugin v24.5 - https:\/\/yoast.com\/wordpress\/plugins\/seo\/ -->\n<title>Crane grab - Four rope grab-Electric motor grab-grab manufacturer- Crane Parts Manufacturer<\/title>\n<meta name=\"description\" content=\"Singlr rope grab,Four rope grab,Electro-hydraulic multi-flap grab,Orange peel grab,Electric motor grab,Electro-Hydraulicclamshell grab,Crane grab\" \/>\n<meta name=\"robots\" content=\"index, follow, max-snippet:-1, max-image-preview:large, max-video-preview:-1\" \/>\n<link rel=\"canonical\" href=\"https:\/\/www.hnhlcranes.com\/lv\/produkts\/celtna-satverejs\/\" \/>\n<meta property=\"og:locale\" content=\"lv_LV\" \/>\n<meta property=\"og:type\" content=\"article\" \/>\n<meta property=\"og:title\" content=\"Crane grab - Four rope grab-Electric motor grab-grab manufacturer- Crane Parts Manufacturer\" \/>\n<meta property=\"og:description\" content=\"Singlr rope grab,Four rope grab,Electro-hydraulic multi-flap grab,Orange peel grab,Electric motor grab,Electro-Hydraulicclamshell grab,Crane grab\" \/>\n<meta property=\"og:url\" content=\"https:\/\/www.hnhlcranes.com\/lv\/produkts\/celtna-satverejs\/\" \/>\n<meta property=\"og:site_name\" content=\"Crane Parts Manufacturer\" \/>\n<meta property=\"article:modified_time\" content=\"2025-01-19T10:08:18+00:00\" \/>\n<meta property=\"og:image\" content=\"https:\/\/www.hnhlcranes.com\/wp-content\/uploads\/2024\/11\/Crane-grab.jpg\" \/>\n\t<meta property=\"og:image:width\" content=\"600\" \/>\n\t<meta property=\"og:image:height\" content=\"600\" \/>\n\t<meta property=\"og:image:type\" content=\"image\/jpeg\" \/>\n<meta name=\"twitter:card\" content=\"summary_large_image\" \/>\n<meta name=\"twitter:label1\" content=\"Est. reading time\" \/>\n\t<meta name=\"twitter:data1\" content=\"3 min\u016btes\" \/>\n<script type=\"application\/ld+json\" class=\"yoast-schema-graph\">{\"@context\":\"https:\/\/schema.org\",\"@graph\":[{\"@type\":\"WebPage\",\"@id\":\"https:\/\/www.hnhlcranes.com\/product\/crane-grab\/\",\"url\":\"https:\/\/www.hnhlcranes.com\/product\/crane-grab\/\",\"name\":\"Crane grab - Four rope grab-Electric motor grab-grab manufacturer- Crane Parts Manufacturer\",\"isPartOf\":{\"@id\":\"https:\/\/www.hnhlcranes.com\/#website\"},\"primaryImageOfPage\":{\"@id\":\"https:\/\/www.hnhlcranes.com\/product\/crane-grab\/#primaryimage\"},\"image\":{\"@id\":\"https:\/\/www.hnhlcranes.com\/product\/crane-grab\/#primaryimage\"},\"thumbnailUrl\":\"https:\/\/www.hnhlcranes.com\/wp-content\/uploads\/2024\/11\/Crane-grab.jpg\",\"datePublished\":\"2024-11-25T15:05:17+00:00\",\"dateModified\":\"2025-01-19T10:08:18+00:00\",\"description\":\"Singlr rope grab,Four rope grab,Electro-hydraulic multi-flap grab,Orange peel grab,Electric motor grab,Electro-Hydraulicclamshell grab,Crane grab\",\"breadcrumb\":{\"@id\":\"https:\/\/www.hnhlcranes.com\/product\/crane-grab\/#breadcrumb\"},\"inLanguage\":\"lv-LV\",\"potentialAction\":[{\"@type\":\"ReadAction\",\"target\":[\"https:\/\/www.hnhlcranes.com\/product\/crane-grab\/\"]}]},{\"@type\":\"ImageObject\",\"inLanguage\":\"lv-LV\",\"@id\":\"https:\/\/www.hnhlcranes.com\/product\/crane-grab\/#primaryimage\",\"url\":\"https:\/\/www.hnhlcranes.com\/wp-content\/uploads\/2024\/11\/Crane-grab.jpg\",\"contentUrl\":\"https:\/\/www.hnhlcranes.com\/wp-content\/uploads\/2024\/11\/Crane-grab.jpg\",\"width\":600,\"height\":600},{\"@type\":\"BreadcrumbList\",\"@id\":\"https:\/\/www.hnhlcranes.com\/product\/crane-grab\/#breadcrumb\",\"itemListElement\":[{\"@type\":\"ListItem\",\"position\":1,\"name\":\"home\",\"item\":\"https:\/\/www.hnhlcranes.com\/\"},{\"@type\":\"ListItem\",\"position\":2,\"name\":\"products\",\"item\":\"https:\/\/www.hnhlcranes.com\/products\/\"},{\"@type\":\"ListItem\",\"position\":3,\"name\":\"Crane grab\"}]},{\"@type\":\"WebSite\",\"@id\":\"https:\/\/www.hnhlcranes.com\/#website\",\"url\":\"https:\/\/www.hnhlcranes.com\/\",\"name\":\"Crane Parts Manufacturer\",\"description\":\"Crane Wheels,Crane Drums,Crane Hooks,Crane Coupling,Crane End Carriage,Electric Hoist,European Crane Parts,Crane Rail Clip,Crane Spreader,Crane Motor,Crane Reducer,Crane Brake,Light Crane Parts,Workstation Crane Parts,Crane Electrical Parts,China Crane Parts Supplier,China Crane Parts Manufacturer,Angle box type crane wheel,45 degree split crane wheel,European crane wheel,Crane Wheel Blocks,Overhead crane drum,European crane drum,Overhead crane hook,European crane hook,Crane pulley block,Gear coupling,Brake wheel coupling,Drum gear coupling,Brake wheel drum gear coupling,Cardan Shaft Coupling,WZL drum coupling,Plum blossom elastic coupling,Brake wheel plum elastic coupling,European Single girder crane end carriage,European Double girder crane end carriage,European Suspension  crane end carriage,Wire Rope Electric Hoist,Electric Chain Hoist,European Single Girder Wire Rope Electric Hoist,European Double Girder Wire Rope Electric Hoist,Crane grab,Container spreader,Billet crane clamps,C-type hook,Lifting Electromagnet,YZR crane motor,YZP crane motor,ZQ Reducer,ZSC Reducer,QJ Reducer,QJ-L Reducer,QJY Reducer,H series gearbox,F Series Gear Motor,K Series Gear Motor,R Series Gear Motor,travelling machinery gear motor,Electro hydraulic drum brake,Electro hydraulic disc brake,Crane Safety brake,Crane cable trolley,Crane remote controller,Crane pendant controller,Crane electrical control cabinet,Crane limit switch,Crane sound and light alarm,Heavy Duty Aviation Connector,Crane overload limiter\",\"publisher\":{\"@id\":\"https:\/\/www.hnhlcranes.com\/#organization\"},\"potentialAction\":[{\"@type\":\"SearchAction\",\"target\":{\"@type\":\"EntryPoint\",\"urlTemplate\":\"https:\/\/www.hnhlcranes.com\/?s={search_term_string}\"},\"query-input\":{\"@type\":\"PropertyValueSpecification\",\"valueRequired\":true,\"valueName\":\"search_term_string\"}}],\"inLanguage\":\"lv-LV\"},{\"@type\":\"Organization\",\"@id\":\"https:\/\/www.hnhlcranes.com\/#organization\",\"name\":\"Crane Parts Manufacturer\",\"url\":\"https:\/\/www.hnhlcranes.com\/\",\"logo\":{\"@type\":\"ImageObject\",\"inLanguage\":\"lv-LV\",\"@id\":\"https:\/\/www.hnhlcranes.com\/#\/schema\/logo\/image\/\",\"url\":\"https:\/\/www.hnhlcranes.com\/wp-content\/uploads\/2025\/01\/HL-logo-1.png\",\"contentUrl\":\"https:\/\/www.hnhlcranes.com\/wp-content\/uploads\/2025\/01\/HL-logo-1.png\",\"width\":600,\"height\":169,\"caption\":\"Crane Parts Manufacturer\"},\"image\":{\"@id\":\"https:\/\/www.hnhlcranes.com\/#\/schema\/logo\/image\/\"}}]}<\/script>\n<!-- \/ Yoast SEO plugin. -->","yoast_head_json":{"title":"Crane grab - Four rope grab-Electric motor grab-grab manufacturer- Crane Parts Manufacturer","description":"Singlr rope grab,Four rope grab,Electro-hydraulic multi-flap grab,Orange peel grab,Electric motor grab,Electro-Hydraulicclamshell grab,Crane grab","robots":{"index":"index","follow":"follow","max-snippet":"max-snippet:-1","max-image-preview":"max-image-preview:large","max-video-preview":"max-video-preview:-1"},"canonical":"https:\/\/www.hnhlcranes.com\/lv\/produkts\/celtna-satverejs\/","og_locale":"lv_LV","og_type":"article","og_title":"Crane grab - Four rope grab-Electric motor grab-grab manufacturer- Crane Parts Manufacturer","og_description":"Singlr rope grab,Four rope grab,Electro-hydraulic multi-flap grab,Orange peel grab,Electric motor grab,Electro-Hydraulicclamshell grab,Crane grab","og_url":"https:\/\/www.hnhlcranes.com\/lv\/produkts\/celtna-satverejs\/","og_site_name":"Crane Parts Manufacturer","article_modified_time":"2025-01-19T10:08:18+00:00","og_image":[{"width":600,"height":600,"url":"https:\/\/www.hnhlcranes.com\/wp-content\/uploads\/2024\/11\/Crane-grab.jpg","type":"image\/jpeg"}],"twitter_card":"summary_large_image","twitter_misc":{"Est. reading time":"3 min\u016btes"},"schema":{"@context":"https:\/\/schema.org","@graph":[{"@type":"WebPage","@id":"https:\/\/www.hnhlcranes.com\/product\/crane-grab\/","url":"https:\/\/www.hnhlcranes.com\/product\/crane-grab\/","name":"Crane grab - Four rope grab-Electric motor grab-grab manufacturer- Crane Parts Manufacturer","isPartOf":{"@id":"https:\/\/www.hnhlcranes.com\/#website"},"primaryImageOfPage":{"@id":"https:\/\/www.hnhlcranes.com\/product\/crane-grab\/#primaryimage"},"image":{"@id":"https:\/\/www.hnhlcranes.com\/product\/crane-grab\/#primaryimage"},"thumbnailUrl":"https:\/\/www.hnhlcranes.com\/wp-content\/uploads\/2024\/11\/Crane-grab.jpg","datePublished":"2024-11-25T15:05:17+00:00","dateModified":"2025-01-19T10:08:18+00:00","description":"Singlr rope grab,Four rope grab,Electro-hydraulic multi-flap grab,Orange peel grab,Electric motor grab,Electro-Hydraulicclamshell grab,Crane grab","breadcrumb":{"@id":"https:\/\/www.hnhlcranes.com\/product\/crane-grab\/#breadcrumb"},"inLanguage":"lv-LV","potentialAction":[{"@type":"ReadAction","target":["https:\/\/www.hnhlcranes.com\/product\/crane-grab\/"]}]},{"@type":"ImageObject","inLanguage":"lv-LV","@id":"https:\/\/www.hnhlcranes.com\/product\/crane-grab\/#primaryimage","url":"https:\/\/www.hnhlcranes.com\/wp-content\/uploads\/2024\/11\/Crane-grab.jpg","contentUrl":"https:\/\/www.hnhlcranes.com\/wp-content\/uploads\/2024\/11\/Crane-grab.jpg","width":600,"height":600},{"@type":"BreadcrumbList","@id":"https:\/\/www.hnhlcranes.com\/product\/crane-grab\/#breadcrumb","itemListElement":[{"@type":"ListItem","position":1,"name":"home","item":"https:\/\/www.hnhlcranes.com\/"},{"@type":"ListItem","position":2,"name":"products","item":"https:\/\/www.hnhlcranes.com\/products\/"},{"@type":"ListItem","position":3,"name":"Crane grab"}]},{"@type":"WebSite","@id":"https:\/\/www.hnhlcranes.com\/#website","url":"https:\/\/www.hnhlcranes.com\/","name":"Crane Parts Manufacturer","description":"Crane Wheels,Crane Drums,Crane Hooks,Crane Coupling,Crane End Carriage,Electric Hoist,European Crane Parts,Crane Rail Clip,Crane Spreader,Crane Motor,Crane Reducer,Crane Brake,Light Crane Parts,Workstation Crane Parts,Crane Electrical Parts,China Crane Parts Supplier,China Crane Parts Manufacturer,Angle box type crane wheel,45 degree split crane wheel,European crane wheel,Crane Wheel Blocks,Overhead crane drum,European crane drum,Overhead crane hook,European crane hook,Crane pulley block,Gear coupling,Brake wheel coupling,Drum gear coupling,Brake wheel drum gear coupling,Cardan Shaft Coupling,WZL drum coupling,Plum blossom elastic coupling,Brake wheel plum elastic coupling,European Single girder crane end carriage,European Double girder crane end carriage,European Suspension  crane end carriage,Wire Rope Electric Hoist,Electric Chain Hoist,European Single Girder Wire Rope Electric Hoist,European Double Girder Wire Rope Electric Hoist,Crane grab,Container spreader,Billet crane clamps,C-type hook,Lifting Electromagnet,YZR crane motor,YZP crane motor,ZQ Reducer,ZSC Reducer,QJ Reducer,QJ-L Reducer,QJY Reducer,H series gearbox,F Series Gear Motor,K Series Gear Motor,R Series Gear Motor,travelling machinery gear motor,Electro hydraulic drum brake,Electro hydraulic disc brake,Crane Safety brake,Crane cable trolley,Crane remote controller,Crane pendant controller,Crane electrical control cabinet,Crane limit switch,Crane sound and light alarm,Heavy Duty Aviation Connector,Crane overload limiter","publisher":{"@id":"https:\/\/www.hnhlcranes.com\/#organization"},"potentialAction":[{"@type":"SearchAction","target":{"@type":"EntryPoint","urlTemplate":"https:\/\/www.hnhlcranes.com\/?s={search_term_string}"},"query-input":{"@type":"PropertyValueSpecification","valueRequired":true,"valueName":"search_term_string"}}],"inLanguage":"lv-LV"},{"@type":"Organization","@id":"https:\/\/www.hnhlcranes.com\/#organization","name":"Crane Parts Manufacturer","url":"https:\/\/www.hnhlcranes.com\/","logo":{"@type":"ImageObject","inLanguage":"lv-LV","@id":"https:\/\/www.hnhlcranes.com\/#\/schema\/logo\/image\/","url":"https:\/\/www.hnhlcranes.com\/wp-content\/uploads\/2025\/01\/HL-logo-1.png","contentUrl":"https:\/\/www.hnhlcranes.com\/wp-content\/uploads\/2025\/01\/HL-logo-1.png","width":600,"height":169,"caption":"Crane Parts Manufacturer"},"image":{"@id":"https:\/\/www.hnhlcranes.com\/#\/schema\/logo\/image\/"}}]}},"_links":{"self":[{"href":"https:\/\/www.hnhlcranes.com\/lv\/wp-json\/wp\/v2\/product\/5424","targetHints":{"allow":["GET"]}}],"collection":[{"href":"https:\/\/www.hnhlcranes.com\/lv\/wp-json\/wp\/v2\/product"}],"about":[{"href":"https:\/\/www.hnhlcranes.com\/lv\/wp-json\/wp\/v2\/types\/product"}],"version-history":[{"count":3,"href":"https:\/\/www.hnhlcranes.com\/lv\/wp-json\/wp\/v2\/product\/5424\/revisions"}],"predecessor-version":[{"id":7141,"href":"https:\/\/www.hnhlcranes.com\/lv\/wp-json\/wp\/v2\/product\/5424\/revisions\/7141"}],"wp:featuredmedia":[{"embeddable":true,"href":"https:\/\/www.hnhlcranes.com\/lv\/wp-json\/wp\/v2\/media\/7139"}],"wp:attachment":[{"href":"https:\/\/www.hnhlcranes.com\/lv\/wp-json\/wp\/v2\/media?parent=5424"}],"wp:term":[{"taxonomy":"product_brand","embeddable":true,"href":"https:\/\/www.hnhlcranes.com\/lv\/wp-json\/wp\/v2\/product_brand?post=5424"},{"taxonomy":"product_cat","embeddable":true,"href":"https:\/\/www.hnhlcranes.com\/lv\/wp-json\/wp\/v2\/product_cat?post=5424"},{"taxonomy":"product_tag","embeddable":true,"href":"https:\/\/www.hnhlcranes.com\/lv\/wp-json\/wp\/v2\/product_tag?post=5424"}],"curies":[{"name":"wp","href":"https:\/\/api.w.org\/{rel}","templated":true}]}}