{"id":5487,"date":"2024-11-26T01:03:18","date_gmt":"2024-11-25T17:03:18","guid":{"rendered":"https:\/\/www.hnhlcranes.com\/?post_type=product&#038;p=5487"},"modified":"2025-01-10T15:41:51","modified_gmt":"2025-01-10T07:41:51","slug":"pacelsanas-elektromagnets","status":"publish","type":"product","link":"https:\/\/www.hnhlcranes.com\/lv\/produkts\/pacelsanas-elektromagnets\/","title":{"rendered":"Pacel\u0161anas elektromagn\u0113ts"},"content":{"rendered":"<div class=\"flex-1 overflow-hidden @container\/thread\">\n<div class=\"h-full\">\n<div class=\"react-scroll-to-bottom--css-xvoge-79elbk h-full\">\n<div class=\"react-scroll-to-bottom--css-xvoge-1n7m0yu\">\n<div class=\"flex flex-col text-sm md:pb-9\">\n<article class=\"w-full scroll-mb-[var(--thread-trailing-height,150px)] text-token-text-primary focus-visible:outline-2 focus-visible:outline-offset-[-4px]\" dir=\"auto\" data-testid=\"conversation-turn-35\" data-scroll-anchor=\"true\">\n<div class=\"m-auto text-base py-[18px] px-3 md:px-4 w-full md:px-5 lg:px-4 xl:px-5\">\n<div class=\"mx-auto flex flex-1 gap-4 text-base md:gap-5 lg:gap-6 md:max-w-3xl lg:max-w-[40rem] xl:max-w-[48rem]\">\n<div class=\"group\/conversation-turn relative flex w-full min-w-0 flex-col agent-turn\">\n<div class=\"flex-col gap-1 md:gap-3\">\n<div class=\"flex max-w-full flex-col flex-grow\">\n<div class=\"min-h-8 text-message flex w-full flex-col items-end gap-2 whitespace-normal break-words text-start [.text-message+&amp;]:mt-5\" dir=\"auto\" data-message-author-role=\"assistant\" data-message-id=\"70b04e16-fa78-41b2-98a2-8fab7970678a\" data-message-model-slug=\"gpt-4o\">\n<div class=\"flex w-full flex-col gap-1 empty:hidden first:pt-[3px]\">\n<div class=\"markdown prose w-full break-words dark:prose-invert light\">\n<h3><strong>P\u0101rskats par pacel\u0161anas elektromagn\u0113tu<\/strong><\/h3>\n<p>A <strong>pacel\u0161anas elektromagn\u0113ts<\/strong> ir ier\u012bce, kas rada magn\u0113tisko lauku, kad elektrisk\u0101 str\u0101va pl\u016bst cauri spolei. \u0160is magn\u0113tiskais lauks \u013cauj tai pacelt feromagn\u0113tiskus materi\u0101lus, un magn\u0113tisms izz\u016bd, kad str\u0101va tiek izsl\u0113gta. Pacel\u0161anas elektromagn\u0113ti, ko pla\u0161i izmanto t\u0101d\u0101s nozar\u0113s k\u0101 metalur\u0123ija, kalnr\u016bpniec\u012bba, ma\u0161\u012bnb\u016bve un transports, ir efekt\u012bvs un dro\u0161s risin\u0101jums materi\u0101lu p\u0101rvieto\u0161anai, jo \u012bpa\u0161i lietojumos, kuros bie\u017ei j\u0101ce\u013c un j\u0101p\u0101rvieto smagas kravas.<\/p>\n<h3><strong>Pacel\u0161anas elektromagn\u0113ts <\/strong><strong>Galven\u0101s funkcijas<\/strong><\/h3>\n<ol>\n<li><strong>Vienk\u0101r\u0161a vad\u012bba<\/strong>: Pacel\u0161anas elektromagn\u0113ta magn\u0113tisms tiek kontrol\u0113ts, vienk\u0101r\u0161i iesl\u0113dzot vai izsl\u0113dzot str\u0101vu, t\u0101d\u0113j\u0101di vajadz\u012bbas gad\u012bjum\u0101 ir viegli aktiviz\u0113t vai deaktiviz\u0113t magn\u0113tisko sp\u0113ku.<\/li>\n<li><strong>Elast\u012bga piel\u0101go\u0161ana<\/strong>: Piel\u0101gojot str\u0101vas intensit\u0101ti un virzienu, magn\u0113tisk\u0101 lauka stiprumu un polarit\u0101ti var main\u012bt atbilsto\u0161i konkr\u0113t\u0101m pras\u012bb\u0101m, nodro\u0161inot augstu elast\u012bbu.<\/li>\n<li><strong>Pla\u0161i lietojumi<\/strong>: Pacel\u0161anas elektromagn\u0113ti ir piem\u0113roti t\u0101d\u0101s nozar\u0113s k\u0101 metalur\u0123ija, ma\u0161\u012bnb\u016bve, kalnr\u016bpniec\u012bba un transports, kur tos izmanto feromagn\u0113tisko materi\u0101lu, piem\u0113ram, t\u0113rauda, pacel\u0161anai.<\/li>\n<\/ol>\n<h3><strong>Pieteikumi<\/strong><\/h3>\n<ul>\n<li><strong>Metalur\u0123ija un kalnr\u016bpniec\u012bba<\/strong>: Pacel\u0161anas elektromagn\u0113ti tiek izmantoti t\u0113rauda, \u010duguna liet\u0146u un citu magn\u0113tisko materi\u0101lu pacel\u0161anai, un tiem ir b\u016btiska noz\u012bme t\u0113rauda ra\u017eo\u0161an\u0101 un miner\u0101lu apstr\u0101d\u0113.<\/li>\n<li><strong>Ma\u0161\u012bnas un ra\u017eo\u0161ana<\/strong>: Tos pla\u0161i izmanto ma\u0161\u012bnu deta\u013cu, met\u0101ll\u016b\u017e\u0146u un citu materi\u0101lu pacel\u0161anai, uzlabojot ra\u017eo\u0161anas iek\u0101rtu un ra\u017eo\u0161anas l\u012bniju efektivit\u0101ti.<\/li>\n<li><strong>Transports<\/strong>: T\u0101d\u0101s nozar\u0113s k\u0101 dzelzce\u013c\u0161, ostas un ku\u0123u b\u016bve cel\u0161anas elektromagn\u0113ti aizst\u0101j roku darbu, atvieglojot smagu kravu cel\u0161anu un ietaupot gan laiku, gan darbasp\u0113ku.<\/li>\n<li><strong>\u012apa\u0161a vide<\/strong>: Pacel\u0161anas elektromagn\u0113ti sp\u0113j darboties ekstr\u0113mos apst\u0101k\u013cos, piem\u0113ram, augst\u0101 temperat\u016br\u0101, zem \u016bdens, putek\u013cain\u0101 vid\u0113 vai viet\u0101s ar toksisk\u0101m g\u0101z\u0113m, nodro\u0161inot uzticamu darb\u012bbu sare\u017e\u0123\u012btos apst\u0101k\u013cos.<\/li>\n<\/ul>\n<h3><strong>Specializ\u0113tie mode\u013ci<\/strong><\/h3>\n<ul>\n<li><strong>MW5 s\u0113rija - t\u0113rauda l\u016b\u017e\u0146u pacel\u0161anas elektromagn\u0113ts<\/strong>: Paredz\u0113ts t\u0113rauda l\u016b\u017e\u0146u, \u010duguna liet\u0146u, t\u0113rauda lod\u012b\u0161u un citu met\u0101ll\u016b\u017e\u0146u pacel\u0161anai.<\/li>\n<li><strong>MW12 s\u0113rija - taisnst\u016bra elektromagn\u0113ts<\/strong>: Ide\u0101li piem\u0113rots armat\u016bras sai\u0161\u0137u pacel\u0161anai, ar augstas caurlaid\u012bbas magn\u0113tisko \u0137\u0113di, kas sp\u0113j iek\u013c\u016bt vair\u0101kos gaisa spraug\u0101s.<\/li>\n<li><strong>MW22 s\u0113rija - t\u0113rauda liet\u0146i un lieli bloomi<\/strong>: Optimiz\u0113ts t\u0113rauda liet\u0146u, lielu s\u0101kotn\u0113jo bl\u016bdu un struktur\u0101lo t\u0113rauda deta\u013cu pacel\u0161anai.<\/li>\n<li><strong>MW84 s\u0113rija - elektromagn\u0113ts vid\u0113ji biez\u0101m un biez\u0101m t\u0113rauda pl\u0101ksn\u0113m<\/strong>: Speci\u0101li izstr\u0101d\u0101ts t\u0113rauda pl\u0101k\u0161\u0146u ar biezumu no 6 l\u012bdz 32 mm pacel\u0161anai, nodro\u0161inot dro\u0161u un prec\u012bzu darb\u012bbu. Gar\u0101k\u0101m pl\u0101ksn\u0113m j\u0101izmanto vair\u0101ki elektromagn\u0113ti kop\u0101.<\/li>\n<\/ul>\n<h3><strong>Priek\u0161roc\u012bbas<\/strong><\/h3>\n<ol>\n<li><strong>Efekt\u012bvs un uzticams<\/strong>: Pacel\u0161anas elektromagn\u0113ti nodro\u0161ina \u0101tras un stabilas pacel\u0161anas iesp\u0113jas, iev\u0113rojami uzlabojot darb\u012bbas efektivit\u0101ti.<\/li>\n<li><strong>Energoefekt\u012bvs<\/strong>: Tie pat\u0113r\u0113 maz\u0101k ener\u0123ijas, vienlaikus izpildot cel\u0161anas pras\u012bbas, t\u0101p\u0113c tie ir videi draudz\u012bgs risin\u0101jums.<\/li>\n<li><strong>Augsta dro\u0161\u012bba<\/strong>: Augstas kvalit\u0101tes materi\u0101li un moderns dizains, pacel\u0161anas elektromagn\u0113ti ir apr\u012bkoti ar dro\u0161\u012bbas funkcij\u0101m, kas nov\u0113r\u0161 nejau\u0161u materi\u0101lu nokri\u0161anu.<\/li>\n<li><strong>Sp\u0113c\u012bga piel\u0101go\u0161an\u0101s sp\u0113ja<\/strong>: Tie var darboties da\u017e\u0101d\u0101s vid\u0113s, tostarp augst\u0101 temperat\u016br\u0101, mitros apst\u0101k\u013cos, putek\u013cain\u0101s un toksisk\u0101s vid\u0113s.<\/li>\n<\/ol>\n<h3><strong>Secin\u0101jums<\/strong><\/h3>\n<p>Nobeigum\u0101 var secin\u0101t, ka pacel\u0161anas elektromagn\u0113ti ir neaizst\u0101jami r\u016bpnieciskos lietojumos, jo tie pied\u0101v\u0101 vienk\u0101r\u0161u, efekt\u012bvu un dro\u0161u metodi materi\u0101lu p\u0101rvieto\u0161anai. Neatkar\u012bgi no t\u0101, vai tos izmanto t\u0113rauda ra\u017eo\u0161an\u0101, miner\u0101lu p\u0101rkrau\u0161an\u0101, ma\u0161\u012bnu ra\u017eo\u0161an\u0101 vai ekstr\u0113mos apst\u0101k\u013cos, pacel\u0161anas elektromagn\u0113ti nodro\u0161ina uzticamas, dro\u0161as un efekt\u012bvas pacel\u0161anas darb\u012bbas. To vienk\u0101r\u0161\u0101 lieto\u0161ana, energoefektivit\u0101te un sp\u0113ja piel\u0101goties da\u017e\u0101d\u0101m vid\u0113m padara tos par nenov\u0113rt\u0113jamiem instrumentiem nozar\u0113s, kur\u0101s nepiecie\u0161ama smagu kravu cel\u0161ana un materi\u0101lu p\u0101rvieto\u0161ana.<\/p>\n<\/div>\n<\/div>\n<\/div>\n<\/div>\n<\/div>\n<\/div>\n<\/div>\n<\/div>\n<\/article>\n<\/div>\n<\/div>\n<\/div>\n<\/div>\n<\/div>","protected":false},"excerpt":{"rendered":"<p>Kr\u0101nu magn\u0113ti, pacel\u0161anas elektromagn\u0113ts<\/p>\n<ul>\n<li><span style=\"font-family: arial, helvetica, sans-serif; font-size: 12pt;\"><strong>MW5 s\u0113rija - t\u0113rauda l\u016b\u017e\u0146u pacel\u0161anas elektromagn\u0113ts<\/strong><\/span><\/li>\n<li><span style=\"font-family: arial, helvetica, sans-serif; font-size: 12pt;\"><strong>MW12 s\u0113rija - taisnst\u016bra elektromagn\u0113tiskais fiksators armat\u016bras sai\u0161\u0137iem<\/strong><\/span><\/li>\n<li><span style=\"font-family: arial, helvetica, sans-serif; font-size: 12pt;\"><strong>MW22 s\u0113rija - t\u0113rauda liet\u0146i un lieli bloomi<\/strong><\/span><\/li>\n<li><span style=\"font-family: arial, helvetica, sans-serif; font-size: 12pt;\"><strong>MW84 s\u0113rija - elektromagn\u0113ts vid\u0113ji biez\u0101m un biez\u0101m t\u0113rauda pl\u0101ksn\u0113m<\/strong><\/span><\/li>\n<\/ul>","protected":false},"featured_media":7184,"template":"","meta":{"_kad_post_transparent":"default","_kad_post_title":"","_kad_post_layout":"default","_kad_post_sidebar_id":"","_kad_post_content_style":"default","_kad_post_vertical_padding":"show","_kad_post_feature":"","_kad_post_feature_position":"","_kad_post_header":false,"_kad_post_footer":false},"product_brand":[],"product_cat":[59],"product_tag":[508,510,513,497,514,512,515,498,521,376,517,518,496,507,520,516,495,522,494,504,502,505,501,506,499,523,503,519,509,500,493,511],"class_list":{"0":"post-5487","1":"product","2":"type-product","3":"status-publish","4":"has-post-thumbnail","6":"product_cat-crane-spreader","7":"product_tag-20ft-container-spreader","8":"product_tag-40ft-container-lifting-frame","9":"product_tag-billet-clamps","10":"product_tag-billet-crane-clamp","11":"product_tag-billet-crane-clamps-manufacturer","12":"product_tag-billet-lifting-clamp","13":"product_tag-billet-lifting-clamps-china-supplier","14":"product_tag-c-type-hook","15":"product_tag-c-type-spreader","16":"product_tag-china-crane-parts-supplier","17":"product_tag-coil-c-type-hook","18":"product_tag-coil-hook","19":"product_tag-container-spreader","20":"product_tag-container-spreader-manufacturers","21":"product_tag-crane-c-hook","22":"product_tag-crane-c-type-spreader","23":"product_tag-crane-grab","24":"product_tag-crane-magnets","25":"product_tag-crane-spreader","26":"product_tag-electric-motor-grab","27":"product_tag-electro-hydraulic-multi-flap-grab","28":"product_tag-electro-hydraulicclamshell-grab","29":"product_tag-four-rope-grab","30":"product_tag-grab-manufacturers","31":"product_tag-lifting-electromagnet","32":"product_tag-lifting-electromagnet-spreader","33":"product_tag-orange-peel-grab","34":"product_tag-overhead-crane-steel-coil-c-type-hook","35":"product_tag-semi-automatic-container-spreader","36":"product_tag-singlr-rope-grab","37":"product_tag-special-crane-spreader","38":"product_tag-tec-container-spreader","40":"first","41":"instock","42":"shipping-taxable","43":"product-type-simple","44":"entry","45":"content-bg","46":"loop-entry"},"yoast_head":"<!-- This site is optimized with the Yoast SEO plugin v24.5 - https:\/\/yoast.com\/wordpress\/plugins\/seo\/ -->\n<title>Lifting Electromagnet -Crane magnets- Crane Parts Manufacturer<\/title>\n<meta name=\"description\" content=\"Crane magnets,Special Crane Spreader,Lifting Electromagnet Spreader,China Crane Parts Supplier,Lifting Electromagnet,Crane Spreader\" \/>\n<meta name=\"robots\" content=\"index, follow, max-snippet:-1, max-image-preview:large, max-video-preview:-1\" \/>\n<link rel=\"canonical\" href=\"https:\/\/www.hnhlcranes.com\/lv\/produkts\/pacelsanas-elektromagnets\/\" \/>\n<meta property=\"og:locale\" content=\"lv_LV\" \/>\n<meta property=\"og:type\" content=\"article\" \/>\n<meta property=\"og:title\" content=\"Lifting Electromagnet -Crane magnets- Crane Parts Manufacturer\" \/>\n<meta property=\"og:description\" content=\"Crane magnets,Special Crane Spreader,Lifting Electromagnet Spreader,China Crane Parts Supplier,Lifting Electromagnet,Crane Spreader\" \/>\n<meta property=\"og:url\" content=\"https:\/\/www.hnhlcranes.com\/lv\/produkts\/pacelsanas-elektromagnets\/\" \/>\n<meta property=\"og:site_name\" content=\"Crane Parts Manufacturer\" \/>\n<meta property=\"article:modified_time\" content=\"2025-01-10T07:41:51+00:00\" \/>\n<meta property=\"og:image\" content=\"https:\/\/www.hnhlcranes.com\/wp-content\/uploads\/2024\/11\/Lifting-Electromagnet.jpg\" \/>\n\t<meta property=\"og:image:width\" content=\"600\" \/>\n\t<meta property=\"og:image:height\" content=\"600\" \/>\n\t<meta property=\"og:image:type\" content=\"image\/jpeg\" \/>\n<meta name=\"twitter:card\" content=\"summary_large_image\" \/>\n<meta name=\"twitter:label1\" content=\"Est. reading time\" \/>\n\t<meta name=\"twitter:data1\" content=\"3 min\u016btes\" \/>\n<script type=\"application\/ld+json\" class=\"yoast-schema-graph\">{\"@context\":\"https:\/\/schema.org\",\"@graph\":[{\"@type\":\"WebPage\",\"@id\":\"https:\/\/www.hnhlcranes.com\/product\/lifting-electromagnet\/\",\"url\":\"https:\/\/www.hnhlcranes.com\/product\/lifting-electromagnet\/\",\"name\":\"Lifting Electromagnet -Crane magnets- Crane Parts Manufacturer\",\"isPartOf\":{\"@id\":\"https:\/\/www.hnhlcranes.com\/#website\"},\"primaryImageOfPage\":{\"@id\":\"https:\/\/www.hnhlcranes.com\/product\/lifting-electromagnet\/#primaryimage\"},\"image\":{\"@id\":\"https:\/\/www.hnhlcranes.com\/product\/lifting-electromagnet\/#primaryimage\"},\"thumbnailUrl\":\"https:\/\/www.hnhlcranes.com\/wp-content\/uploads\/2024\/11\/Lifting-Electromagnet.jpg\",\"datePublished\":\"2024-11-25T17:03:18+00:00\",\"dateModified\":\"2025-01-10T07:41:51+00:00\",\"description\":\"Crane magnets,Special Crane Spreader,Lifting Electromagnet Spreader,China Crane Parts Supplier,Lifting Electromagnet,Crane Spreader\",\"breadcrumb\":{\"@id\":\"https:\/\/www.hnhlcranes.com\/product\/lifting-electromagnet\/#breadcrumb\"},\"inLanguage\":\"lv-LV\",\"potentialAction\":[{\"@type\":\"ReadAction\",\"target\":[\"https:\/\/www.hnhlcranes.com\/product\/lifting-electromagnet\/\"]}]},{\"@type\":\"ImageObject\",\"inLanguage\":\"lv-LV\",\"@id\":\"https:\/\/www.hnhlcranes.com\/product\/lifting-electromagnet\/#primaryimage\",\"url\":\"https:\/\/www.hnhlcranes.com\/wp-content\/uploads\/2024\/11\/Lifting-Electromagnet.jpg\",\"contentUrl\":\"https:\/\/www.hnhlcranes.com\/wp-content\/uploads\/2024\/11\/Lifting-Electromagnet.jpg\",\"width\":600,\"height\":600},{\"@type\":\"BreadcrumbList\",\"@id\":\"https:\/\/www.hnhlcranes.com\/product\/lifting-electromagnet\/#breadcrumb\",\"itemListElement\":[{\"@type\":\"ListItem\",\"position\":1,\"name\":\"home\",\"item\":\"https:\/\/www.hnhlcranes.com\/\"},{\"@type\":\"ListItem\",\"position\":2,\"name\":\"products\",\"item\":\"https:\/\/www.hnhlcranes.com\/products\/\"},{\"@type\":\"ListItem\",\"position\":3,\"name\":\"Lifting Electromagnet\"}]},{\"@type\":\"WebSite\",\"@id\":\"https:\/\/www.hnhlcranes.com\/#website\",\"url\":\"https:\/\/www.hnhlcranes.com\/\",\"name\":\"Crane Parts Manufacturer\",\"description\":\"Crane Wheels,Crane Drums,Crane Hooks,Crane Coupling,Crane End Carriage,Electric Hoist,European Crane Parts,Crane Rail Clip,Crane Spreader,Crane Motor,Crane Reducer,Crane Brake,Light Crane Parts,Workstation Crane Parts,Crane Electrical Parts,China Crane Parts Supplier,China Crane Parts Manufacturer,Angle box type crane wheel,45 degree split crane wheel,European crane wheel,Crane Wheel Blocks,Overhead crane drum,European crane drum,Overhead crane hook,European crane hook,Crane pulley block,Gear coupling,Brake wheel coupling,Drum gear coupling,Brake wheel drum gear coupling,Cardan Shaft Coupling,WZL drum coupling,Plum blossom elastic coupling,Brake wheel plum elastic coupling,European Single girder crane end carriage,European Double girder crane end carriage,European Suspension  crane end carriage,Wire Rope Electric Hoist,Electric Chain Hoist,European Single Girder Wire Rope Electric Hoist,European Double Girder Wire Rope Electric Hoist,Crane grab,Container spreader,Billet crane clamps,C-type hook,Lifting Electromagnet,YZR crane motor,YZP crane motor,ZQ Reducer,ZSC Reducer,QJ Reducer,QJ-L Reducer,QJY Reducer,H series gearbox,F Series Gear Motor,K Series Gear Motor,R Series Gear Motor,travelling machinery gear motor,Electro hydraulic drum brake,Electro hydraulic disc brake,Crane Safety brake,Crane cable trolley,Crane remote controller,Crane pendant controller,Crane electrical control cabinet,Crane limit switch,Crane sound and light alarm,Heavy Duty Aviation Connector,Crane overload limiter\",\"publisher\":{\"@id\":\"https:\/\/www.hnhlcranes.com\/#organization\"},\"potentialAction\":[{\"@type\":\"SearchAction\",\"target\":{\"@type\":\"EntryPoint\",\"urlTemplate\":\"https:\/\/www.hnhlcranes.com\/?s={search_term_string}\"},\"query-input\":{\"@type\":\"PropertyValueSpecification\",\"valueRequired\":true,\"valueName\":\"search_term_string\"}}],\"inLanguage\":\"lv-LV\"},{\"@type\":\"Organization\",\"@id\":\"https:\/\/www.hnhlcranes.com\/#organization\",\"name\":\"Crane Parts Manufacturer\",\"url\":\"https:\/\/www.hnhlcranes.com\/\",\"logo\":{\"@type\":\"ImageObject\",\"inLanguage\":\"lv-LV\",\"@id\":\"https:\/\/www.hnhlcranes.com\/#\/schema\/logo\/image\/\",\"url\":\"https:\/\/www.hnhlcranes.com\/wp-content\/uploads\/2025\/01\/HL-logo-1.png\",\"contentUrl\":\"https:\/\/www.hnhlcranes.com\/wp-content\/uploads\/2025\/01\/HL-logo-1.png\",\"width\":600,\"height\":169,\"caption\":\"Crane Parts Manufacturer\"},\"image\":{\"@id\":\"https:\/\/www.hnhlcranes.com\/#\/schema\/logo\/image\/\"}}]}<\/script>\n<!-- \/ Yoast SEO plugin. -->","yoast_head_json":{"title":"Lifting Electromagnet -Crane magnets- Crane Parts Manufacturer","description":"Crane magnets,Special Crane Spreader,Lifting Electromagnet Spreader,China Crane Parts Supplier,Lifting Electromagnet,Crane Spreader","robots":{"index":"index","follow":"follow","max-snippet":"max-snippet:-1","max-image-preview":"max-image-preview:large","max-video-preview":"max-video-preview:-1"},"canonical":"https:\/\/www.hnhlcranes.com\/lv\/produkts\/pacelsanas-elektromagnets\/","og_locale":"lv_LV","og_type":"article","og_title":"Lifting Electromagnet -Crane magnets- Crane Parts Manufacturer","og_description":"Crane magnets,Special Crane Spreader,Lifting Electromagnet Spreader,China Crane Parts Supplier,Lifting Electromagnet,Crane Spreader","og_url":"https:\/\/www.hnhlcranes.com\/lv\/produkts\/pacelsanas-elektromagnets\/","og_site_name":"Crane Parts Manufacturer","article_modified_time":"2025-01-10T07:41:51+00:00","og_image":[{"width":600,"height":600,"url":"https:\/\/www.hnhlcranes.com\/wp-content\/uploads\/2024\/11\/Lifting-Electromagnet.jpg","type":"image\/jpeg"}],"twitter_card":"summary_large_image","twitter_misc":{"Est. reading time":"3 min\u016btes"},"schema":{"@context":"https:\/\/schema.org","@graph":[{"@type":"WebPage","@id":"https:\/\/www.hnhlcranes.com\/product\/lifting-electromagnet\/","url":"https:\/\/www.hnhlcranes.com\/product\/lifting-electromagnet\/","name":"Lifting Electromagnet -Crane magnets- Crane Parts Manufacturer","isPartOf":{"@id":"https:\/\/www.hnhlcranes.com\/#website"},"primaryImageOfPage":{"@id":"https:\/\/www.hnhlcranes.com\/product\/lifting-electromagnet\/#primaryimage"},"image":{"@id":"https:\/\/www.hnhlcranes.com\/product\/lifting-electromagnet\/#primaryimage"},"thumbnailUrl":"https:\/\/www.hnhlcranes.com\/wp-content\/uploads\/2024\/11\/Lifting-Electromagnet.jpg","datePublished":"2024-11-25T17:03:18+00:00","dateModified":"2025-01-10T07:41:51+00:00","description":"Crane magnets,Special Crane Spreader,Lifting Electromagnet Spreader,China Crane Parts Supplier,Lifting Electromagnet,Crane Spreader","breadcrumb":{"@id":"https:\/\/www.hnhlcranes.com\/product\/lifting-electromagnet\/#breadcrumb"},"inLanguage":"lv-LV","potentialAction":[{"@type":"ReadAction","target":["https:\/\/www.hnhlcranes.com\/product\/lifting-electromagnet\/"]}]},{"@type":"ImageObject","inLanguage":"lv-LV","@id":"https:\/\/www.hnhlcranes.com\/product\/lifting-electromagnet\/#primaryimage","url":"https:\/\/www.hnhlcranes.com\/wp-content\/uploads\/2024\/11\/Lifting-Electromagnet.jpg","contentUrl":"https:\/\/www.hnhlcranes.com\/wp-content\/uploads\/2024\/11\/Lifting-Electromagnet.jpg","width":600,"height":600},{"@type":"BreadcrumbList","@id":"https:\/\/www.hnhlcranes.com\/product\/lifting-electromagnet\/#breadcrumb","itemListElement":[{"@type":"ListItem","position":1,"name":"home","item":"https:\/\/www.hnhlcranes.com\/"},{"@type":"ListItem","position":2,"name":"products","item":"https:\/\/www.hnhlcranes.com\/products\/"},{"@type":"ListItem","position":3,"name":"Lifting Electromagnet"}]},{"@type":"WebSite","@id":"https:\/\/www.hnhlcranes.com\/#website","url":"https:\/\/www.hnhlcranes.com\/","name":"Crane Parts Manufacturer","description":"Crane Wheels,Crane Drums,Crane Hooks,Crane Coupling,Crane End Carriage,Electric Hoist,European Crane Parts,Crane Rail Clip,Crane Spreader,Crane Motor,Crane Reducer,Crane Brake,Light Crane Parts,Workstation Crane Parts,Crane Electrical Parts,China Crane Parts Supplier,China Crane Parts Manufacturer,Angle box type crane wheel,45 degree split crane wheel,European crane wheel,Crane Wheel Blocks,Overhead crane drum,European crane drum,Overhead crane hook,European crane hook,Crane pulley block,Gear coupling,Brake wheel coupling,Drum gear coupling,Brake wheel drum gear coupling,Cardan Shaft Coupling,WZL drum coupling,Plum blossom elastic coupling,Brake wheel plum elastic coupling,European Single girder crane end carriage,European Double girder crane end carriage,European Suspension  crane end carriage,Wire Rope Electric Hoist,Electric Chain Hoist,European Single Girder Wire Rope Electric Hoist,European Double Girder Wire Rope Electric Hoist,Crane grab,Container spreader,Billet crane clamps,C-type hook,Lifting Electromagnet,YZR crane motor,YZP crane motor,ZQ Reducer,ZSC Reducer,QJ Reducer,QJ-L Reducer,QJY Reducer,H series gearbox,F Series Gear Motor,K Series Gear Motor,R Series Gear Motor,travelling machinery gear motor,Electro hydraulic drum brake,Electro hydraulic disc brake,Crane Safety brake,Crane cable trolley,Crane remote controller,Crane pendant controller,Crane electrical control cabinet,Crane limit switch,Crane sound and light alarm,Heavy Duty Aviation Connector,Crane overload limiter","publisher":{"@id":"https:\/\/www.hnhlcranes.com\/#organization"},"potentialAction":[{"@type":"SearchAction","target":{"@type":"EntryPoint","urlTemplate":"https:\/\/www.hnhlcranes.com\/?s={search_term_string}"},"query-input":{"@type":"PropertyValueSpecification","valueRequired":true,"valueName":"search_term_string"}}],"inLanguage":"lv-LV"},{"@type":"Organization","@id":"https:\/\/www.hnhlcranes.com\/#organization","name":"Crane Parts Manufacturer","url":"https:\/\/www.hnhlcranes.com\/","logo":{"@type":"ImageObject","inLanguage":"lv-LV","@id":"https:\/\/www.hnhlcranes.com\/#\/schema\/logo\/image\/","url":"https:\/\/www.hnhlcranes.com\/wp-content\/uploads\/2025\/01\/HL-logo-1.png","contentUrl":"https:\/\/www.hnhlcranes.com\/wp-content\/uploads\/2025\/01\/HL-logo-1.png","width":600,"height":169,"caption":"Crane Parts Manufacturer"},"image":{"@id":"https:\/\/www.hnhlcranes.com\/#\/schema\/logo\/image\/"}}]}},"_links":{"self":[{"href":"https:\/\/www.hnhlcranes.com\/lv\/wp-json\/wp\/v2\/product\/5487","targetHints":{"allow":["GET"]}}],"collection":[{"href":"https:\/\/www.hnhlcranes.com\/lv\/wp-json\/wp\/v2\/product"}],"about":[{"href":"https:\/\/www.hnhlcranes.com\/lv\/wp-json\/wp\/v2\/types\/product"}],"version-history":[{"count":3,"href":"https:\/\/www.hnhlcranes.com\/lv\/wp-json\/wp\/v2\/product\/5487\/revisions"}],"predecessor-version":[{"id":7186,"href":"https:\/\/www.hnhlcranes.com\/lv\/wp-json\/wp\/v2\/product\/5487\/revisions\/7186"}],"wp:featuredmedia":[{"embeddable":true,"href":"https:\/\/www.hnhlcranes.com\/lv\/wp-json\/wp\/v2\/media\/7184"}],"wp:attachment":[{"href":"https:\/\/www.hnhlcranes.com\/lv\/wp-json\/wp\/v2\/media?parent=5487"}],"wp:term":[{"taxonomy":"product_brand","embeddable":true,"href":"https:\/\/www.hnhlcranes.com\/lv\/wp-json\/wp\/v2\/product_brand?post=5487"},{"taxonomy":"product_cat","embeddable":true,"href":"https:\/\/www.hnhlcranes.com\/lv\/wp-json\/wp\/v2\/product_cat?post=5487"},{"taxonomy":"product_tag","embeddable":true,"href":"https:\/\/www.hnhlcranes.com\/lv\/wp-json\/wp\/v2\/product_tag?post=5487"}],"curies":[{"name":"wp","href":"https:\/\/api.w.org\/{rel}","templated":true}]}}