{"id":5505,"date":"2024-11-28T14:51:15","date_gmt":"2024-11-28T06:51:15","guid":{"rendered":"https:\/\/www.hnhlcranes.com\/?post_type=product&#038;p=5505"},"modified":"2025-01-10T15:49:58","modified_gmt":"2025-01-10T07:49:58","slug":"wjk-sliezu-klips","status":"publish","type":"product","link":"https:\/\/www.hnhlcranes.com\/lv\/produkts\/wjk-sliezu-klips\/","title":{"rendered":"WJK sliedes klips"},"content":{"rendered":"<h6><img fetchpriority=\"high\" decoding=\"async\" class=\"alignnone wp-image-7077\" src=\"https:\/\/www.hnhlcranes.com\/wp-content\/uploads\/2024\/11\/WJK-Rail-Clip-2-300x95.jpg\" alt=\"\" width=\"951\" height=\"301\" srcset=\"https:\/\/www.hnhlcranes.com\/wp-content\/uploads\/2024\/11\/WJK-Rail-Clip-2-300x95.jpg 300w, https:\/\/www.hnhlcranes.com\/wp-content\/uploads\/2024\/11\/WJK-Rail-Clip-2-768x242.jpg 768w, https:\/\/www.hnhlcranes.com\/wp-content\/uploads\/2024\/11\/WJK-Rail-Clip-2-600x189.jpg 600w, https:\/\/www.hnhlcranes.com\/wp-content\/uploads\/2024\/11\/WJK-Rail-Clip-2.jpg 800w\" sizes=\"(max-width: 951px) 100vw, 951px\" \/><\/h6>\n<h6><\/h6>\n<h3>WJK Rail Clip funkcijas<\/h3>\n<p>Port\u0101ls <strong>WJK slie\u017eu klips<\/strong> ir \u012bpa\u0161i izstr\u0101d\u0101ts izmanto\u0161anai ar t\u0113rauda sij\u0101m, un t\u0101 celtsp\u0113ja ir 350 tonnas vien\u0101 komplekt\u0101, kas sast\u0101v no septi\u0146iem komponentiem. \u0160\u012b iztur\u012bg\u0101 konstrukcija nodro\u0161ina optim\u0101lu veiktsp\u0113ju da\u017e\u0101dos smagos lietojumos.<\/p>\n<h4><strong>Pamatpl\u0101ksnes metin\u0101\u0161ana<\/strong><\/h4>\n<p>Port\u0101ls <strong>WJK pamatpl\u0101ksne<\/strong> tiek piemetin\u0101ts pie t\u0113rauda celt\u0146a sijas atloka, izmantojot tr\u012bs s\u0101nu apk\u0101rt\u0113j\u0101s metin\u0101juma \u0161uves vai divu s\u0101nu s\u0101nu metin\u0101juma \u0161uves. \u0160\u0101da konfigur\u0101cija nodro\u0161ina, ka horizont\u0101lais s\u0101nu sp\u0113ks no celt\u0146a vienm\u0113r\u012bgi tiek p\u0101rnests uz celt\u0146a siju. Turkl\u0101t t\u0101 samazina konstrukcijas v\u0101jin\u0101\u0161anos, ko izraisa p\u0101rm\u0113r\u012bga urb\u0161ana uz atloka, kas iev\u0113rojami palielina celt\u0146a sijas \u0161\u0137\u0113rsgriezuma nestsp\u0113ju.<\/p>\n<h4><strong>Lod\u012b\u0161u savienojums<\/strong><\/h4>\n<p>Pamatpl\u0101ksne ir savienota ar T-veida skr\u016bves apak\u0161\u0113jo galu, izmantojot <strong>lodveida savienojums<\/strong>, kas \u013cauj T veida skr\u016bvei palikt perpendikul\u0101ri aug\u0161\u0113jam v\u0101kam s\u0101nu sp\u0113ka pielik\u0161anas laik\u0101. \u0160\u0101da savienojuma konstrukcija \u013cauj ar\u012b nedaudz sasv\u0113rties. T\u0101 rezult\u0101t\u0101 tiek efekt\u012bvi mazin\u0101ta celt\u0146a s\u0101nu ietekme uz sliedi, celt\u0146a siju un brem\u017eu sist\u0113mu, kas galu gal\u0101 pagarina \u0161o komponentu konstrukcijas kalpo\u0161anas laiku.<\/p>\n<h4><strong>M\u0113rier\u012bces regul\u0113\u0161anas pl\u0101ksne<\/strong><\/h4>\n<p>Port\u0101ls <strong>WJK slie\u017eu klip\u0161i<\/strong> iez\u012bme. <strong>m\u0113rinstrumenta regul\u0113\u0161anas plate<\/strong>, kas \u013cauj prec\u012bzi regul\u0113t slie\u017eu platumu. \u0160\u012b funkcija ne tikai uzlabo uzst\u0101d\u012b\u0161anas precizit\u0101ti, bet ar\u012b samazina sliedes ass l\u012bnijas novirzes. Turkl\u0101t tas ietver dubultu pa\u0161blo\u0137\u0113\u0161anas meh\u0101nismu, kas nov\u0113r\u0161 atsl\u0101bin\u0101\u0161anos ekspluat\u0101cijas laik\u0101, nodro\u0161inot stabilu darb\u012bbu.<\/p>\n<h4><strong>Uzst\u0101d\u012b\u0161anas un apkopes vieglums<\/strong><\/h4>\n<p>Port\u0101ls <strong>T-veida skr\u016bves<\/strong> un <strong>aug\u0161\u0113j\u0101s v\u0101ka pl\u0101ksnes<\/strong> WJK klipus var viegli samont\u0113t un demont\u0113t, t\u0101d\u0113j\u0101di iev\u0113rojami vienk\u0101r\u0161ojot b\u016bvniec\u012bbas un apkopes darbus. \u0160\u012b uzst\u0101d\u012b\u0161anas un apkopes vienk\u0101r\u0161\u012bba noz\u012bm\u0113 \u012bs\u0101ku d\u012bkst\u0101ves laiku un liel\u0101ku darb\u012bbas efektivit\u0101ti.<\/p>\n<h4><strong>Savietojam\u012bba ar slie\u017eu izliekumu<\/strong><\/h4>\n<p>Port\u0101ls <strong>aug\u0161\u0113j\u0101 v\u0101ka pl\u0101ksne<\/strong> ir veidots t\u0101, lai atbilstu slie\u017eu \u0161\u0137\u0113rsgriezuma izliekumam. Tas nodro\u0161ina, ka sliede ir cie\u0161i nostiprin\u0101ta, netrauc\u0113jot t\u0101s nelielu garenvirziena kust\u012bbu. Turkl\u0101t \u0161\u012b \u012bpa\u0161\u012bba atvieglo pilna garuma sliedes metin\u0101\u0161anu, padarot WJK sliedes skavu univers\u0101lu da\u017e\u0101d\u0101s sliedes konfigur\u0101cij\u0101s.<\/p>\n<h4><strong>Fiks\u0113ta komponentu atstarpe<\/strong><\/h4>\n<p>Att\u0101lums starp fiks\u0113tajiem komponentiem tiek noteikts, pamatojoties uz celt\u0146a celtsp\u0113ju. Kr\u0101niem ar kravnes\u012bbu \u2264 275 t att\u0101lums ir 600 mm; tom\u0113r celt\u0146iem ar kravnes\u012bbu &gt; 275 t att\u0101lums tiek samazin\u0101ts l\u012bdz 500 mm, lai piel\u0101gotos palielin\u0101tai slodzei.<\/p>\n<h4><strong>Metin\u0101\u0161anas materi\u0101lu savietojam\u012bba<\/strong><\/h4>\n<p>Port\u0101ls <strong>stacion\u0101r\u0101 komponenta b\u0101ze<\/strong> tiek piemetin\u0101ts pie celt\u0146a sijas, izmantojot elektrodu mode\u013cus, kas ir sader\u012bgi ar savienojo\u0161o deta\u013cu materi\u0101lu. Piem\u0113ram, <strong>E4303 elektrodi<\/strong> tiek izmantoti, lai <strong>Q235 t\u0113rauds<\/strong>, bet <strong>E5015 elektrodi<\/strong> priek\u0161roka tiek dota <strong>Q345 t\u0113rauds<\/strong> lai nodro\u0161in\u0101tu stipru un uzticamu savienojumu.<\/p>\n<h4><strong>Metin\u0101jumu veidi atkar\u012bb\u0101 no celt\u0146a pien\u0101kumiem<\/strong><\/h4>\n<p>Metin\u0101jumu veidi ir atkar\u012bgi no celt\u0146a darba l\u012bme\u0146a. Attiec\u012bb\u0101 uz <strong>vid\u0113jas noslodzes celt\u0146i<\/strong>, tiek izmantotas divpus\u0113jas metin\u0101juma \u0161uves, bet <strong>lielas slodzes<\/strong> (vai <strong>\u012apa\u0161i lielas slodzes<\/strong>) celt\u0146iem ir nepiecie\u0161amas tr\u012bs s\u0101nu apk\u0101rt\u0113j\u0101s metin\u0101juma \u0161uves, lai iztur\u0113tu liel\u0101kas slodzes un slodzes.<\/p>\n<h4><strong>Skr\u016bves pievilk\u0161anas griezes moments<\/strong><\/h4>\n<p>Vietnei <strong>vid\u0113jas noslodzes celt\u0146i<\/strong> (Q \u2264 275t), maksim\u0101lais skr\u016bvju pievilk\u0161anas griezes moments ir 150 N-m, bet skr\u016bvju pievilk\u0161anas griezes momentam <strong>lieljaudas celt\u0146i<\/strong>, pievilk\u0161anas griezes moments ir palielin\u0101ts l\u012bdz 220 N-m, lai piel\u0101gotos liel\u0101kam sp\u0113kam, kas rodas darb\u012bbas laik\u0101.<\/p>\n<h4><strong>Maksim\u0101lais s\u0101nu sp\u0113ks<\/strong><\/h4>\n<p>Port\u0101ls <strong>maksim\u0101lais pie\u013caujamais s\u0101nu sp\u0113ks<\/strong> WJK slie\u017eu klipam ir 45 kN. Tas nodro\u0161ina, ka slie\u017eu skava var iztur\u0113t iev\u0113rojamus s\u0101nu sp\u0113kus, neapdraudot t\u0101s struktur\u0101lo integrit\u0101ti.<\/p>\n<p>Izmantojot \u0161\u012bs uzlabot\u0101s konstrukcijas funkcijas, <strong>WJK slie\u017eu klips<\/strong> nodro\u0161ina dro\u0161u, uzticamu un iztur\u012bgu savienojumu starp celtni un slie\u017eu sist\u0113mu, t\u0101d\u0113j\u0101di uzlabojot kop\u0113jo darb\u012bbas efektivit\u0101ti un dro\u0161\u012bbu.<\/p>","protected":false},"excerpt":{"rendered":"<h6><strong><span style=\"font-family: arial, helvetica, sans-serif; font-size: 14pt;\">WJK Rail Clip specifik\u0101cijas<\/span><\/strong><\/h6>\n<ul>\n<li><strong>Mode\u013ci<\/strong>: WJK-TG38, WJK-TG43, WJK-TG50, WJK-TG60, WJK-QU70, WJK-QU80, WJK-QU100, WJK-QU120.<\/li>\n<li><strong>Fiks\u0113\u0161anas metode<\/strong>: Metin\u0101ta pamatpl\u0101ksne<\/li>\n<\/ul>","protected":false},"featured_media":7075,"template":"","meta":{"_kad_post_transparent":"default","_kad_post_title":"","_kad_post_layout":"default","_kad_post_sidebar_id":"","_kad_post_content_style":"default","_kad_post_vertical_padding":"show","_kad_post_feature":"","_kad_post_feature_position":"","_kad_post_header":false,"_kad_post_footer":false},"product_brand":[],"product_cat":[83],"product_tag":[483,482,481,480,376,489,486,490,488,484,492,487,485,493,478,491,477,479],"class_list":{"0":"post-5505","1":"product","2":"type-product","3":"status-publish","4":"has-post-thumbnail","6":"product_cat-crane-rail-clip","7":"product_tag-05g525-rail-clip","8":"product_tag-cgbk-rail-clip","9":"product_tag-cgek-rail-clip","10":"product_tag-cgwk-rail-clip","11":"product_tag-china-crane-parts-supplier","12":"product_tag-crane-rail-clamp","13":"product_tag-crane-rail-clip","14":"product_tag-crane-rail-clip-supplier","15":"product_tag-crane-rail-fixing-device","16":"product_tag-hdgy-rail-clip","17":"product_tag-rail-connection-splint","18":"product_tag-rail-fixing-device","19":"product_tag-rail-joint","20":"product_tag-special-crane-spreader","21":"product_tag-swjk-rail-clip","22":"product_tag-tracks-jointing-plates","23":"product_tag-wjk-rail-clip","24":"product_tag-wjkc-rail-clip","26":"first","27":"instock","28":"shipping-taxable","29":"product-type-simple","30":"entry","31":"content-bg","32":"loop-entry"},"yoast_head":"<!-- This site is optimized with the Yoast SEO plugin v24.5 - https:\/\/yoast.com\/wordpress\/plugins\/seo\/ -->\n<title>WJK Rail Clip - WJK Rail Clips-Rail fixing device-Crane Rail Clamp-Crane Parts Manufacturer<\/title>\n<meta name=\"description\" content=\"Rail Clips,WJK Rail Clip,Crane Rail Clip,Rail fixing device,Crane Rail fixing device,crane Rail Clamp,SWJK Rail Clips,Overhead Crane Rail Clip\" \/>\n<meta name=\"robots\" content=\"index, follow, max-snippet:-1, max-image-preview:large, max-video-preview:-1\" \/>\n<link rel=\"canonical\" href=\"https:\/\/www.hnhlcranes.com\/lv\/produkts\/wjk-sliezu-klips\/\" \/>\n<meta property=\"og:locale\" content=\"lv_LV\" \/>\n<meta property=\"og:type\" content=\"article\" \/>\n<meta property=\"og:title\" content=\"WJK Rail Clip - WJK Rail Clips-Rail fixing device-Crane Rail Clamp-Crane Parts Manufacturer\" \/>\n<meta property=\"og:description\" content=\"Rail Clips,WJK Rail Clip,Crane Rail Clip,Rail fixing device,Crane Rail fixing device,crane Rail Clamp,SWJK Rail Clips,Overhead Crane Rail Clip\" \/>\n<meta property=\"og:url\" content=\"https:\/\/www.hnhlcranes.com\/lv\/produkts\/wjk-sliezu-klips\/\" \/>\n<meta property=\"og:site_name\" content=\"Crane Parts Manufacturer\" \/>\n<meta property=\"article:modified_time\" content=\"2025-01-10T07:49:58+00:00\" \/>\n<meta property=\"og:image\" content=\"https:\/\/www.hnhlcranes.com\/wp-content\/uploads\/2024\/11\/WJK-Rail-Clip.jpg\" \/>\n\t<meta property=\"og:image:width\" content=\"600\" \/>\n\t<meta property=\"og:image:height\" content=\"600\" \/>\n\t<meta property=\"og:image:type\" content=\"image\/jpeg\" \/>\n<meta name=\"twitter:card\" content=\"summary_large_image\" \/>\n<meta name=\"twitter:label1\" content=\"Est. reading time\" \/>\n\t<meta name=\"twitter:data1\" content=\"3 min\u016btes\" \/>\n<script type=\"application\/ld+json\" class=\"yoast-schema-graph\">{\"@context\":\"https:\/\/schema.org\",\"@graph\":[{\"@type\":\"WebPage\",\"@id\":\"https:\/\/www.hnhlcranes.com\/product\/wjk-rail-clip\/\",\"url\":\"https:\/\/www.hnhlcranes.com\/product\/wjk-rail-clip\/\",\"name\":\"WJK Rail Clip - WJK Rail Clips-Rail fixing device-Crane Rail Clamp-Crane Parts Manufacturer\",\"isPartOf\":{\"@id\":\"https:\/\/www.hnhlcranes.com\/#website\"},\"primaryImageOfPage\":{\"@id\":\"https:\/\/www.hnhlcranes.com\/product\/wjk-rail-clip\/#primaryimage\"},\"image\":{\"@id\":\"https:\/\/www.hnhlcranes.com\/product\/wjk-rail-clip\/#primaryimage\"},\"thumbnailUrl\":\"https:\/\/www.hnhlcranes.com\/wp-content\/uploads\/2024\/11\/WJK-Rail-Clip.jpg\",\"datePublished\":\"2024-11-28T06:51:15+00:00\",\"dateModified\":\"2025-01-10T07:49:58+00:00\",\"description\":\"Rail Clips,WJK Rail Clip,Crane Rail Clip,Rail fixing device,Crane Rail fixing device,crane Rail Clamp,SWJK Rail Clips,Overhead Crane Rail Clip\",\"breadcrumb\":{\"@id\":\"https:\/\/www.hnhlcranes.com\/product\/wjk-rail-clip\/#breadcrumb\"},\"inLanguage\":\"lv-LV\",\"potentialAction\":[{\"@type\":\"ReadAction\",\"target\":[\"https:\/\/www.hnhlcranes.com\/product\/wjk-rail-clip\/\"]}]},{\"@type\":\"ImageObject\",\"inLanguage\":\"lv-LV\",\"@id\":\"https:\/\/www.hnhlcranes.com\/product\/wjk-rail-clip\/#primaryimage\",\"url\":\"https:\/\/www.hnhlcranes.com\/wp-content\/uploads\/2024\/11\/WJK-Rail-Clip.jpg\",\"contentUrl\":\"https:\/\/www.hnhlcranes.com\/wp-content\/uploads\/2024\/11\/WJK-Rail-Clip.jpg\",\"width\":600,\"height\":600},{\"@type\":\"BreadcrumbList\",\"@id\":\"https:\/\/www.hnhlcranes.com\/product\/wjk-rail-clip\/#breadcrumb\",\"itemListElement\":[{\"@type\":\"ListItem\",\"position\":1,\"name\":\"home\",\"item\":\"https:\/\/www.hnhlcranes.com\/\"},{\"@type\":\"ListItem\",\"position\":2,\"name\":\"products\",\"item\":\"https:\/\/www.hnhlcranes.com\/products\/\"},{\"@type\":\"ListItem\",\"position\":3,\"name\":\"WJK Rail Clip\"}]},{\"@type\":\"WebSite\",\"@id\":\"https:\/\/www.hnhlcranes.com\/#website\",\"url\":\"https:\/\/www.hnhlcranes.com\/\",\"name\":\"Crane Parts Manufacturer\",\"description\":\"Crane Wheels,Crane Drums,Crane Hooks,Crane Coupling,Crane End Carriage,Electric Hoist,European Crane Parts,Crane Rail Clip,Crane Spreader,Crane Motor,Crane Reducer,Crane Brake,Light Crane Parts,Workstation Crane Parts,Crane Electrical Parts,China Crane Parts Supplier,China Crane Parts Manufacturer,Angle box type crane wheel,45 degree split crane wheel,European crane wheel,Crane Wheel Blocks,Overhead crane drum,European crane drum,Overhead crane hook,European crane hook,Crane pulley block,Gear coupling,Brake wheel coupling,Drum gear coupling,Brake wheel drum gear coupling,Cardan Shaft Coupling,WZL drum coupling,Plum blossom elastic coupling,Brake wheel plum elastic coupling,European Single girder crane end carriage,European Double girder crane end carriage,European Suspension  crane end carriage,Wire Rope Electric Hoist,Electric Chain Hoist,European Single Girder Wire Rope Electric Hoist,European Double Girder Wire Rope Electric Hoist,Crane grab,Container spreader,Billet crane clamps,C-type hook,Lifting Electromagnet,YZR crane motor,YZP crane motor,ZQ Reducer,ZSC Reducer,QJ Reducer,QJ-L Reducer,QJY Reducer,H series gearbox,F Series Gear Motor,K Series Gear Motor,R Series Gear Motor,travelling machinery gear motor,Electro hydraulic drum brake,Electro hydraulic disc brake,Crane Safety brake,Crane cable trolley,Crane remote controller,Crane pendant controller,Crane electrical control cabinet,Crane limit switch,Crane sound and light alarm,Heavy Duty Aviation Connector,Crane overload limiter\",\"publisher\":{\"@id\":\"https:\/\/www.hnhlcranes.com\/#organization\"},\"potentialAction\":[{\"@type\":\"SearchAction\",\"target\":{\"@type\":\"EntryPoint\",\"urlTemplate\":\"https:\/\/www.hnhlcranes.com\/?s={search_term_string}\"},\"query-input\":{\"@type\":\"PropertyValueSpecification\",\"valueRequired\":true,\"valueName\":\"search_term_string\"}}],\"inLanguage\":\"lv-LV\"},{\"@type\":\"Organization\",\"@id\":\"https:\/\/www.hnhlcranes.com\/#organization\",\"name\":\"Crane Parts Manufacturer\",\"url\":\"https:\/\/www.hnhlcranes.com\/\",\"logo\":{\"@type\":\"ImageObject\",\"inLanguage\":\"lv-LV\",\"@id\":\"https:\/\/www.hnhlcranes.com\/#\/schema\/logo\/image\/\",\"url\":\"https:\/\/www.hnhlcranes.com\/wp-content\/uploads\/2025\/01\/HL-logo-1.png\",\"contentUrl\":\"https:\/\/www.hnhlcranes.com\/wp-content\/uploads\/2025\/01\/HL-logo-1.png\",\"width\":600,\"height\":169,\"caption\":\"Crane Parts Manufacturer\"},\"image\":{\"@id\":\"https:\/\/www.hnhlcranes.com\/#\/schema\/logo\/image\/\"}}]}<\/script>\n<!-- \/ Yoast SEO plugin. -->","yoast_head_json":{"title":"WJK Rail Clip - WJK Rail Clips-Rail fixing device-Crane Rail Clamp-Crane Parts Manufacturer","description":"Rail Clips,WJK Rail Clip,Crane Rail Clip,Rail fixing device,Crane Rail fixing device,crane Rail Clamp,SWJK Rail Clips,Overhead Crane Rail Clip","robots":{"index":"index","follow":"follow","max-snippet":"max-snippet:-1","max-image-preview":"max-image-preview:large","max-video-preview":"max-video-preview:-1"},"canonical":"https:\/\/www.hnhlcranes.com\/lv\/produkts\/wjk-sliezu-klips\/","og_locale":"lv_LV","og_type":"article","og_title":"WJK Rail Clip - WJK Rail Clips-Rail fixing device-Crane Rail Clamp-Crane Parts Manufacturer","og_description":"Rail Clips,WJK Rail Clip,Crane Rail Clip,Rail fixing device,Crane Rail fixing device,crane Rail Clamp,SWJK Rail Clips,Overhead Crane Rail Clip","og_url":"https:\/\/www.hnhlcranes.com\/lv\/produkts\/wjk-sliezu-klips\/","og_site_name":"Crane Parts Manufacturer","article_modified_time":"2025-01-10T07:49:58+00:00","og_image":[{"width":600,"height":600,"url":"https:\/\/www.hnhlcranes.com\/wp-content\/uploads\/2024\/11\/WJK-Rail-Clip.jpg","type":"image\/jpeg"}],"twitter_card":"summary_large_image","twitter_misc":{"Est. reading time":"3 min\u016btes"},"schema":{"@context":"https:\/\/schema.org","@graph":[{"@type":"WebPage","@id":"https:\/\/www.hnhlcranes.com\/product\/wjk-rail-clip\/","url":"https:\/\/www.hnhlcranes.com\/product\/wjk-rail-clip\/","name":"WJK Rail Clip - WJK Rail Clips-Rail fixing device-Crane Rail Clamp-Crane Parts Manufacturer","isPartOf":{"@id":"https:\/\/www.hnhlcranes.com\/#website"},"primaryImageOfPage":{"@id":"https:\/\/www.hnhlcranes.com\/product\/wjk-rail-clip\/#primaryimage"},"image":{"@id":"https:\/\/www.hnhlcranes.com\/product\/wjk-rail-clip\/#primaryimage"},"thumbnailUrl":"https:\/\/www.hnhlcranes.com\/wp-content\/uploads\/2024\/11\/WJK-Rail-Clip.jpg","datePublished":"2024-11-28T06:51:15+00:00","dateModified":"2025-01-10T07:49:58+00:00","description":"Rail Clips,WJK Rail Clip,Crane Rail Clip,Rail fixing device,Crane Rail fixing device,crane Rail Clamp,SWJK Rail Clips,Overhead Crane Rail Clip","breadcrumb":{"@id":"https:\/\/www.hnhlcranes.com\/product\/wjk-rail-clip\/#breadcrumb"},"inLanguage":"lv-LV","potentialAction":[{"@type":"ReadAction","target":["https:\/\/www.hnhlcranes.com\/product\/wjk-rail-clip\/"]}]},{"@type":"ImageObject","inLanguage":"lv-LV","@id":"https:\/\/www.hnhlcranes.com\/product\/wjk-rail-clip\/#primaryimage","url":"https:\/\/www.hnhlcranes.com\/wp-content\/uploads\/2024\/11\/WJK-Rail-Clip.jpg","contentUrl":"https:\/\/www.hnhlcranes.com\/wp-content\/uploads\/2024\/11\/WJK-Rail-Clip.jpg","width":600,"height":600},{"@type":"BreadcrumbList","@id":"https:\/\/www.hnhlcranes.com\/product\/wjk-rail-clip\/#breadcrumb","itemListElement":[{"@type":"ListItem","position":1,"name":"home","item":"https:\/\/www.hnhlcranes.com\/"},{"@type":"ListItem","position":2,"name":"products","item":"https:\/\/www.hnhlcranes.com\/products\/"},{"@type":"ListItem","position":3,"name":"WJK Rail Clip"}]},{"@type":"WebSite","@id":"https:\/\/www.hnhlcranes.com\/#website","url":"https:\/\/www.hnhlcranes.com\/","name":"Crane Parts Manufacturer","description":"Crane Wheels,Crane Drums,Crane Hooks,Crane Coupling,Crane End Carriage,Electric Hoist,European Crane Parts,Crane Rail Clip,Crane Spreader,Crane Motor,Crane Reducer,Crane Brake,Light Crane Parts,Workstation Crane Parts,Crane Electrical Parts,China Crane Parts Supplier,China Crane Parts Manufacturer,Angle box type crane wheel,45 degree split crane wheel,European crane wheel,Crane Wheel Blocks,Overhead crane drum,European crane drum,Overhead crane hook,European crane hook,Crane pulley block,Gear coupling,Brake wheel coupling,Drum gear coupling,Brake wheel drum gear coupling,Cardan Shaft Coupling,WZL drum coupling,Plum blossom elastic coupling,Brake wheel plum elastic coupling,European Single girder crane end carriage,European Double girder crane end carriage,European Suspension  crane end carriage,Wire Rope Electric Hoist,Electric Chain Hoist,European Single Girder Wire Rope Electric Hoist,European Double Girder Wire Rope Electric Hoist,Crane grab,Container spreader,Billet crane clamps,C-type hook,Lifting Electromagnet,YZR crane motor,YZP crane motor,ZQ Reducer,ZSC Reducer,QJ Reducer,QJ-L Reducer,QJY Reducer,H series gearbox,F Series Gear Motor,K Series Gear Motor,R Series Gear Motor,travelling machinery gear motor,Electro hydraulic drum brake,Electro hydraulic disc brake,Crane Safety brake,Crane cable trolley,Crane remote controller,Crane pendant controller,Crane electrical control cabinet,Crane limit switch,Crane sound and light alarm,Heavy Duty Aviation Connector,Crane overload limiter","publisher":{"@id":"https:\/\/www.hnhlcranes.com\/#organization"},"potentialAction":[{"@type":"SearchAction","target":{"@type":"EntryPoint","urlTemplate":"https:\/\/www.hnhlcranes.com\/?s={search_term_string}"},"query-input":{"@type":"PropertyValueSpecification","valueRequired":true,"valueName":"search_term_string"}}],"inLanguage":"lv-LV"},{"@type":"Organization","@id":"https:\/\/www.hnhlcranes.com\/#organization","name":"Crane Parts Manufacturer","url":"https:\/\/www.hnhlcranes.com\/","logo":{"@type":"ImageObject","inLanguage":"lv-LV","@id":"https:\/\/www.hnhlcranes.com\/#\/schema\/logo\/image\/","url":"https:\/\/www.hnhlcranes.com\/wp-content\/uploads\/2025\/01\/HL-logo-1.png","contentUrl":"https:\/\/www.hnhlcranes.com\/wp-content\/uploads\/2025\/01\/HL-logo-1.png","width":600,"height":169,"caption":"Crane Parts Manufacturer"},"image":{"@id":"https:\/\/www.hnhlcranes.com\/#\/schema\/logo\/image\/"}}]}},"_links":{"self":[{"href":"https:\/\/www.hnhlcranes.com\/lv\/wp-json\/wp\/v2\/product\/5505","targetHints":{"allow":["GET"]}}],"collection":[{"href":"https:\/\/www.hnhlcranes.com\/lv\/wp-json\/wp\/v2\/product"}],"about":[{"href":"https:\/\/www.hnhlcranes.com\/lv\/wp-json\/wp\/v2\/types\/product"}],"version-history":[{"count":7,"href":"https:\/\/www.hnhlcranes.com\/lv\/wp-json\/wp\/v2\/product\/5505\/revisions"}],"predecessor-version":[{"id":7190,"href":"https:\/\/www.hnhlcranes.com\/lv\/wp-json\/wp\/v2\/product\/5505\/revisions\/7190"}],"wp:featuredmedia":[{"embeddable":true,"href":"https:\/\/www.hnhlcranes.com\/lv\/wp-json\/wp\/v2\/media\/7075"}],"wp:attachment":[{"href":"https:\/\/www.hnhlcranes.com\/lv\/wp-json\/wp\/v2\/media?parent=5505"}],"wp:term":[{"taxonomy":"product_brand","embeddable":true,"href":"https:\/\/www.hnhlcranes.com\/lv\/wp-json\/wp\/v2\/product_brand?post=5505"},{"taxonomy":"product_cat","embeddable":true,"href":"https:\/\/www.hnhlcranes.com\/lv\/wp-json\/wp\/v2\/product_cat?post=5505"},{"taxonomy":"product_tag","embeddable":true,"href":"https:\/\/www.hnhlcranes.com\/lv\/wp-json\/wp\/v2\/product_tag?post=5505"}],"curies":[{"name":"wp","href":"https:\/\/api.w.org\/{rel}","templated":true}]}}