{"id":5528,"date":"2024-11-29T22:04:09","date_gmt":"2024-11-29T14:04:09","guid":{"rendered":"https:\/\/www.hnhlcranes.com\/?post_type=product&#038;p=5528"},"modified":"2025-01-10T17:43:16","modified_gmt":"2025-01-10T09:43:16","slug":"cgek-sliezu-klips","status":"publish","type":"product","link":"https:\/\/www.hnhlcranes.com\/lv\/produkts\/cgek-sliezu-klips\/","title":{"rendered":"CGEK sliedes klips"},"content":{"rendered":"<h6><img fetchpriority=\"high\" decoding=\"async\" class=\"alignnone wp-image-7104\" src=\"https:\/\/www.hnhlcranes.com\/wp-content\/uploads\/2024\/11\/CGEK-Rail-Clip-3-300x129.jpg\" alt=\"\" width=\"949\" height=\"408\" srcset=\"https:\/\/www.hnhlcranes.com\/wp-content\/uploads\/2024\/11\/CGEK-Rail-Clip-3-300x129.jpg 300w, https:\/\/www.hnhlcranes.com\/wp-content\/uploads\/2024\/11\/CGEK-Rail-Clip-3-768x331.jpg 768w, https:\/\/www.hnhlcranes.com\/wp-content\/uploads\/2024\/11\/CGEK-Rail-Clip-3-600x259.jpg 600w, https:\/\/www.hnhlcranes.com\/wp-content\/uploads\/2024\/11\/CGEK-Rail-Clip-3.jpg 1000w\" sizes=\"(max-width: 949px) 100vw, 949px\" \/><\/h6>\n<h3><strong>CGEK Rail Clip funkcijas<\/strong><\/h3>\n<h4><strong>S\u0101nu regul\u0113\u0161ana<\/strong><\/h4>\n<p>Port\u0101ls <strong>CGEK slie\u017eu klips<\/strong> \u013cauj veikt s\u0101nu regul\u0113\u0161anu, kas optimiz\u0113 apst\u0101k\u013cus prec\u012bzai slie\u017eu uzst\u0101d\u012b\u0161anai un izl\u012bdzin\u0101\u0161anai. \u0160\u012b elast\u012bba nodro\u0161ina prec\u012bzu slie\u017eu sist\u0113mas novietojumu, veicinot vienm\u0113r\u012bgu un efekt\u012bvu celt\u0146a darb\u012bbu.<\/p>\n<h4><strong>Uzticam\u012bba s\u0101nu sp\u0113ku iztur\u0113\u0161an\u0101<\/strong><\/h4>\n<p>Klipses fiks\u0113t\u0101s sast\u0101vda\u013cas ir konstru\u0113tas t\u0101, lai dro\u0161i iztur\u0113tu s\u0101nu sp\u0113kus, kas rodas celt\u0146a darb\u012bbas laik\u0101. T\u0101d\u0113j\u0101di tie nodro\u0161ina stabilit\u0101ti, nov\u0113r\u0161 kust\u012bbu un uzlabo celt\u0146a slie\u017eu sist\u0113mas visp\u0101r\u0113jo dro\u0161\u012bbu un veiktsp\u0113ju.<\/p>\n<h4><strong>Kompakts dizains<\/strong><\/h4>\n<p>\u0160iem klip\u0161iem ir \u0161aura un plakana konstrukcija, un tie nodro\u0161ina optim\u0101lus uzst\u0101d\u012b\u0161anas izm\u0113rus, t\u0101p\u0113c tie ir piem\u0113roti celt\u0146iem gan ar, gan bez vad\u012bbas rite\u0146iem. \u0160is kompaktais dizains pal\u012bdz maksim\u0101li palielin\u0101t vietas efektivit\u0101ti un nodro\u0161ina vieglu uzst\u0101d\u012b\u0161anu.<\/p>\n<h4><strong>Autom\u0101tiskais blo\u0137\u0113\u0161anas meh\u0101nisms<\/strong><\/h4>\n<p>Pateicoties \u0137\u012b\u013cveida konstrukcijai un aug\u0161\u0113j\u0101s un apak\u0161\u0113j\u0101s skavas pl\u0101k\u0161\u0146u sl\u012bpaj\u0101m virsm\u0101m, kas savstarp\u0113ji sasl\u0113dzas, skavas autom\u0101tiski fiks\u0113jas sav\u0101 viet\u0101. \u0160is autom\u0101tisk\u0101s blo\u0137\u0113\u0161anas meh\u0101nisms atvieglo uzst\u0101d\u012b\u0161anas procesu un nodro\u0161ina, ka klipsas dro\u0161i paliek sav\u0101 viet\u0101 darba laik\u0101.<\/p>\n<h4><strong>Pielaides kontrole un kontaktu iztur\u012bba<\/strong><\/h4>\n<p>CGEK slie\u017eu skava efekt\u012bvi piel\u0101gojas slie\u017eu un celt\u0146a sijas pielaid\u0113m, nodro\u0161inot prec\u012bzu mont\u0101\u017eu. Turkl\u0101t t\u0101 nodro\u0161ina ilgsto\u0161u saskares ilgumu starp sliedi un pamatni, ko atbalsta iepriek\u0161 saspriegotas pamatnes, kas palielina iztur\u012bbu un stabilit\u0101ti.<\/p>\n<h4><strong>Trok\u0161\u0146a samazin\u0101\u0161ana<\/strong><\/h4>\n<p>CGEK slie\u017eu skavas inovat\u012bvais dizains iev\u0113rojami samazina troksni, kas uzlabo darba vidi. \u0160\u012b \u012bpa\u0161\u012bba ir \u012bpa\u0161i izdev\u012bga viet\u0101s, kur trok\u0161\u0146a kontrole ir b\u016btiska, lai saglab\u0101tu darba efektivit\u0101ti un darbinieku komfortu.<\/p>\n<h4><strong>Augstas iztur\u012bbas materi\u0101li<\/strong><\/h4>\n<p>Sast\u0101vda\u013cas ir izgatavotas no zema sakaus\u0113juma, augstas stipr\u012bbas struktur\u0101l\u0101 t\u0113rauda, kas nodro\u0161ina liel\u0101ku iztur\u012bbu un veiktsp\u0113ju. \u0160\u0101da materi\u0101la izv\u0113le paildzina skavu kalpo\u0161anas laiku pat lielas slodzes un sare\u017e\u0123\u012btos apst\u0101k\u013cos.<\/p>\n<h4><strong>Augstas stipr\u012bbas skr\u016bves<\/strong><\/h4>\n<p>Ar M20, 8.8 klases augstas stipr\u012bbas skr\u016bv\u0113m apr\u012bkot\u0101 CGEK slie\u017eu klip\u0161u sist\u0113ma nodro\u0161ina 220 N-m pievilk\u0161anas griezes momentu. Turkl\u0101t t\u0101 sp\u0113j iztur\u0113t maksim\u0101lo s\u0101nu sp\u0113ku 120 kN, ko rada rite\u0146u spiediens, t\u0101d\u0113j\u0101di nodro\u0161inot, ka klipsas var dro\u0161i darboties pie liel\u0101m slodz\u0113m.<\/p>\n<h3><strong>CGEK Rail Clip uzst\u0101d\u012b\u0161anas so\u013ci<\/strong><\/h3>\n<h4><strong>Pamatpl\u0101ksnes novietojums<\/strong><\/h4>\n<p>S\u0101kum\u0101 izvietojiet pamatnes pl\u0101ksnes gar celt\u0146a sliedi ar interv\u0101lu 500 mm. P\u0101rliecinieties, ka pamatpl\u0101ksnes ir izl\u012bdzin\u0101tas perpendikul\u0101ri slied\u0113m, T-veida skr\u016bves centram esot att\u0101lum\u0101 no sliedes ass l\u012bnijas atbilsto\u0161i nor\u0101d\u012btajai v\u0113rt\u012bbai aaa.<\/p>\n<h4><strong>Pamata pl\u0101k\u0161\u0146u metin\u0101\u0161ana<\/strong><\/h4>\n<p>P\u0113c tam stingri piemetiniet pamatpl\u0101ksnes noteiktaj\u0101s poz\u012bcij\u0101s. Tas nodro\u0161ina, ka pamatpl\u0101ksnes ir stingri piestiprin\u0101tas pie celt\u0146a sijas, veidojot stabilu pamatu visai slie\u017eu sist\u0113mai.<\/p>\n<h4><strong>Sec\u012bga uzst\u0101d\u012b\u0161ana<\/strong><\/h4>\n<p>P\u0113c pamatpl\u0101k\u0161\u0146u metin\u0101\u0161anas turpiniet sec\u012bgu sast\u0101vda\u013cu mont\u0101\u017eu:<\/p>\n<ol>\n<li>Novietojiet T-veida skr\u016bves sav\u0101 viet\u0101.<\/li>\n<li>Uzst\u0101diet sast\u0101vda\u013cas \u0161\u0101d\u0101 sec\u012bb\u0101: aug\u0161\u0113j\u0101 v\u0101ka pl\u0101ksne, plakana papl\u0101ksne, atsperu papl\u0101ksne un uzgrieznis.<\/li>\n<li>Visbeidzot, pievelciet T veida skr\u016bves un p\u0113c vajadz\u012bbas noregul\u0113jiet aug\u0161\u0113jo p\u0101rsega pl\u0101ksni, lai nodro\u0161in\u0101tu dro\u0161u un stabilu mont\u0101\u017eu.<\/li>\n<\/ol>\n<p>Iev\u0113rojot \u0161os detaliz\u0113tos so\u013cus, CGEK slie\u017eu klipu sist\u0113mu var efekt\u012bvi uzst\u0101d\u012bt, pied\u0101v\u0101jot uzticamu un iztur\u012bgu risin\u0101jumu celt\u0146a slie\u017eu nostiprin\u0101\u0161anai, vienlaikus nodro\u0161inot vienm\u0113r\u012bgu darb\u012bbu un ilgm\u016b\u017e\u012bbu. Prec\u012bz\u0101s konstrukcijas \u012bpa\u0161\u012bbas un vienk\u0101r\u0161\u0101 uzst\u0101d\u012b\u0161ana padara \u0161o sist\u0113mu par lielisku izv\u0113li sare\u017e\u0123\u012btiem r\u016bpnieciskiem lietojumiem.<\/p>","protected":false},"excerpt":{"rendered":"<h6><span style=\"font-family: arial, helvetica, sans-serif; font-size: 14pt;\"><strong>CGEK Rail Clip specifik\u0101cijas<\/strong><\/span><\/h6>\n<ul>\n<li><strong>Mode\u013ci:<\/strong> CGEK38, CGEK43, CGEK50, CGEK60, CGEK70, CGEK80, CGEK100, CGEK120<\/li>\n<li><strong>Fiks\u0113\u0161anas metode:<\/strong> Metin\u0101ta pamatpl\u0101ksne<\/li>\n<\/ul>","protected":false},"featured_media":7102,"template":"","meta":{"_kad_post_transparent":"default","_kad_post_title":"","_kad_post_layout":"default","_kad_post_sidebar_id":"","_kad_post_content_style":"default","_kad_post_vertical_padding":"show","_kad_post_feature":"","_kad_post_feature_position":"","_kad_post_header":false,"_kad_post_footer":false},"product_brand":[],"product_cat":[83],"product_tag":[483,482,481,480,376,489,486,490,488,484,492,487,485,493,478,491,477,479],"class_list":{"0":"post-5528","1":"product","2":"type-product","3":"status-publish","4":"has-post-thumbnail","6":"product_cat-crane-rail-clip","7":"product_tag-05g525-rail-clip","8":"product_tag-cgbk-rail-clip","9":"product_tag-cgek-rail-clip","10":"product_tag-cgwk-rail-clip","11":"product_tag-china-crane-parts-supplier","12":"product_tag-crane-rail-clamp","13":"product_tag-crane-rail-clip","14":"product_tag-crane-rail-clip-supplier","15":"product_tag-crane-rail-fixing-device","16":"product_tag-hdgy-rail-clip","17":"product_tag-rail-connection-splint","18":"product_tag-rail-fixing-device","19":"product_tag-rail-joint","20":"product_tag-special-crane-spreader","21":"product_tag-swjk-rail-clip","22":"product_tag-tracks-jointing-plates","23":"product_tag-wjk-rail-clip","24":"product_tag-wjkc-rail-clip","26":"first","27":"instock","28":"shipping-taxable","29":"product-type-simple","30":"entry","31":"content-bg","32":"loop-entry"},"yoast_head":"<!-- This site is optimized with the Yoast SEO plugin v24.5 - https:\/\/yoast.com\/wordpress\/plugins\/seo\/ -->\n<title>CGEK Rail Clip - Rail Clamp- Rail fixing device-Crane Parts Manufacturer<\/title>\n<meta name=\"description\" content=\"Rail Clips,CGEK Rail Clip,Crane Rail Clips,Rail fixing device,Crane Rail fixing device,crane Rail Clamp,WJK Rail Clips,Overhead Crane Rail Clip\" \/>\n<meta name=\"robots\" content=\"index, follow, max-snippet:-1, max-image-preview:large, max-video-preview:-1\" \/>\n<link rel=\"canonical\" href=\"https:\/\/www.hnhlcranes.com\/lv\/produkts\/cgek-sliezu-klips\/\" \/>\n<meta property=\"og:locale\" content=\"lv_LV\" \/>\n<meta property=\"og:type\" content=\"article\" \/>\n<meta property=\"og:title\" content=\"CGEK Rail Clip - Rail Clamp- Rail fixing device-Crane Parts Manufacturer\" \/>\n<meta property=\"og:description\" content=\"Rail Clips,CGEK Rail Clip,Crane Rail Clips,Rail fixing device,Crane Rail fixing device,crane Rail Clamp,WJK Rail Clips,Overhead Crane Rail Clip\" \/>\n<meta property=\"og:url\" content=\"https:\/\/www.hnhlcranes.com\/lv\/produkts\/cgek-sliezu-klips\/\" \/>\n<meta property=\"og:site_name\" content=\"Crane Parts Manufacturer\" \/>\n<meta property=\"article:modified_time\" content=\"2025-01-10T09:43:16+00:00\" \/>\n<meta property=\"og:image\" content=\"https:\/\/www.hnhlcranes.com\/wp-content\/uploads\/2024\/11\/CGEK-Rail-Clip.jpg\" \/>\n\t<meta property=\"og:image:width\" content=\"600\" \/>\n\t<meta property=\"og:image:height\" content=\"600\" \/>\n\t<meta property=\"og:image:type\" content=\"image\/jpeg\" \/>\n<meta name=\"twitter:card\" content=\"summary_large_image\" \/>\n<meta name=\"twitter:label1\" content=\"Est. reading time\" \/>\n\t<meta name=\"twitter:data1\" content=\"3 min\u016btes\" \/>\n<script type=\"application\/ld+json\" class=\"yoast-schema-graph\">{\"@context\":\"https:\/\/schema.org\",\"@graph\":[{\"@type\":\"WebPage\",\"@id\":\"https:\/\/www.hnhlcranes.com\/product\/cgek-rail-clip\/\",\"url\":\"https:\/\/www.hnhlcranes.com\/product\/cgek-rail-clip\/\",\"name\":\"CGEK Rail Clip - Rail Clamp- Rail fixing device-Crane Parts Manufacturer\",\"isPartOf\":{\"@id\":\"https:\/\/www.hnhlcranes.com\/#website\"},\"primaryImageOfPage\":{\"@id\":\"https:\/\/www.hnhlcranes.com\/product\/cgek-rail-clip\/#primaryimage\"},\"image\":{\"@id\":\"https:\/\/www.hnhlcranes.com\/product\/cgek-rail-clip\/#primaryimage\"},\"thumbnailUrl\":\"https:\/\/www.hnhlcranes.com\/wp-content\/uploads\/2024\/11\/CGEK-Rail-Clip.jpg\",\"datePublished\":\"2024-11-29T14:04:09+00:00\",\"dateModified\":\"2025-01-10T09:43:16+00:00\",\"description\":\"Rail Clips,CGEK Rail Clip,Crane Rail Clips,Rail fixing device,Crane Rail fixing device,crane Rail Clamp,WJK Rail Clips,Overhead Crane Rail Clip\",\"breadcrumb\":{\"@id\":\"https:\/\/www.hnhlcranes.com\/product\/cgek-rail-clip\/#breadcrumb\"},\"inLanguage\":\"lv-LV\",\"potentialAction\":[{\"@type\":\"ReadAction\",\"target\":[\"https:\/\/www.hnhlcranes.com\/product\/cgek-rail-clip\/\"]}]},{\"@type\":\"ImageObject\",\"inLanguage\":\"lv-LV\",\"@id\":\"https:\/\/www.hnhlcranes.com\/product\/cgek-rail-clip\/#primaryimage\",\"url\":\"https:\/\/www.hnhlcranes.com\/wp-content\/uploads\/2024\/11\/CGEK-Rail-Clip.jpg\",\"contentUrl\":\"https:\/\/www.hnhlcranes.com\/wp-content\/uploads\/2024\/11\/CGEK-Rail-Clip.jpg\",\"width\":600,\"height\":600},{\"@type\":\"BreadcrumbList\",\"@id\":\"https:\/\/www.hnhlcranes.com\/product\/cgek-rail-clip\/#breadcrumb\",\"itemListElement\":[{\"@type\":\"ListItem\",\"position\":1,\"name\":\"home\",\"item\":\"https:\/\/www.hnhlcranes.com\/\"},{\"@type\":\"ListItem\",\"position\":2,\"name\":\"products\",\"item\":\"https:\/\/www.hnhlcranes.com\/products\/\"},{\"@type\":\"ListItem\",\"position\":3,\"name\":\"CGEK Rail Clip\"}]},{\"@type\":\"WebSite\",\"@id\":\"https:\/\/www.hnhlcranes.com\/#website\",\"url\":\"https:\/\/www.hnhlcranes.com\/\",\"name\":\"Crane Parts Manufacturer\",\"description\":\"Crane Wheels,Crane Drums,Crane Hooks,Crane Coupling,Crane End Carriage,Electric Hoist,European Crane Parts,Crane Rail Clip,Crane Spreader,Crane Motor,Crane Reducer,Crane Brake,Light Crane Parts,Workstation Crane Parts,Crane Electrical Parts,China Crane Parts Supplier,China Crane Parts Manufacturer,Angle box type crane wheel,45 degree split crane wheel,European crane wheel,Crane Wheel Blocks,Overhead crane drum,European crane drum,Overhead crane hook,European crane hook,Crane pulley block,Gear coupling,Brake wheel coupling,Drum gear coupling,Brake wheel drum gear coupling,Cardan Shaft Coupling,WZL drum coupling,Plum blossom elastic coupling,Brake wheel plum elastic coupling,European Single girder crane end carriage,European Double girder crane end carriage,European Suspension  crane end carriage,Wire Rope Electric Hoist,Electric Chain Hoist,European Single Girder Wire Rope Electric Hoist,European Double Girder Wire Rope Electric Hoist,Crane grab,Container spreader,Billet crane clamps,C-type hook,Lifting Electromagnet,YZR crane motor,YZP crane motor,ZQ Reducer,ZSC Reducer,QJ Reducer,QJ-L Reducer,QJY Reducer,H series gearbox,F Series Gear Motor,K Series Gear Motor,R Series Gear Motor,travelling machinery gear motor,Electro hydraulic drum brake,Electro hydraulic disc brake,Crane Safety brake,Crane cable trolley,Crane remote controller,Crane pendant controller,Crane electrical control cabinet,Crane limit switch,Crane sound and light alarm,Heavy Duty Aviation Connector,Crane overload limiter\",\"publisher\":{\"@id\":\"https:\/\/www.hnhlcranes.com\/#organization\"},\"potentialAction\":[{\"@type\":\"SearchAction\",\"target\":{\"@type\":\"EntryPoint\",\"urlTemplate\":\"https:\/\/www.hnhlcranes.com\/?s={search_term_string}\"},\"query-input\":{\"@type\":\"PropertyValueSpecification\",\"valueRequired\":true,\"valueName\":\"search_term_string\"}}],\"inLanguage\":\"lv-LV\"},{\"@type\":\"Organization\",\"@id\":\"https:\/\/www.hnhlcranes.com\/#organization\",\"name\":\"Crane Parts Manufacturer\",\"url\":\"https:\/\/www.hnhlcranes.com\/\",\"logo\":{\"@type\":\"ImageObject\",\"inLanguage\":\"lv-LV\",\"@id\":\"https:\/\/www.hnhlcranes.com\/#\/schema\/logo\/image\/\",\"url\":\"https:\/\/www.hnhlcranes.com\/wp-content\/uploads\/2025\/01\/HL-logo-1.png\",\"contentUrl\":\"https:\/\/www.hnhlcranes.com\/wp-content\/uploads\/2025\/01\/HL-logo-1.png\",\"width\":600,\"height\":169,\"caption\":\"Crane Parts Manufacturer\"},\"image\":{\"@id\":\"https:\/\/www.hnhlcranes.com\/#\/schema\/logo\/image\/\"}}]}<\/script>\n<!-- \/ Yoast SEO plugin. -->","yoast_head_json":{"title":"CGEK Rail Clip - Rail Clamp- Rail fixing device-Crane Parts Manufacturer","description":"Rail Clips,CGEK Rail Clip,Crane Rail Clips,Rail fixing device,Crane Rail fixing device,crane Rail Clamp,WJK Rail Clips,Overhead Crane Rail Clip","robots":{"index":"index","follow":"follow","max-snippet":"max-snippet:-1","max-image-preview":"max-image-preview:large","max-video-preview":"max-video-preview:-1"},"canonical":"https:\/\/www.hnhlcranes.com\/lv\/produkts\/cgek-sliezu-klips\/","og_locale":"lv_LV","og_type":"article","og_title":"CGEK Rail Clip - Rail Clamp- Rail fixing device-Crane Parts Manufacturer","og_description":"Rail Clips,CGEK Rail Clip,Crane Rail Clips,Rail fixing device,Crane Rail fixing device,crane Rail Clamp,WJK Rail Clips,Overhead Crane Rail Clip","og_url":"https:\/\/www.hnhlcranes.com\/lv\/produkts\/cgek-sliezu-klips\/","og_site_name":"Crane Parts Manufacturer","article_modified_time":"2025-01-10T09:43:16+00:00","og_image":[{"width":600,"height":600,"url":"https:\/\/www.hnhlcranes.com\/wp-content\/uploads\/2024\/11\/CGEK-Rail-Clip.jpg","type":"image\/jpeg"}],"twitter_card":"summary_large_image","twitter_misc":{"Est. reading time":"3 min\u016btes"},"schema":{"@context":"https:\/\/schema.org","@graph":[{"@type":"WebPage","@id":"https:\/\/www.hnhlcranes.com\/product\/cgek-rail-clip\/","url":"https:\/\/www.hnhlcranes.com\/product\/cgek-rail-clip\/","name":"CGEK Rail Clip - Rail Clamp- Rail fixing device-Crane Parts Manufacturer","isPartOf":{"@id":"https:\/\/www.hnhlcranes.com\/#website"},"primaryImageOfPage":{"@id":"https:\/\/www.hnhlcranes.com\/product\/cgek-rail-clip\/#primaryimage"},"image":{"@id":"https:\/\/www.hnhlcranes.com\/product\/cgek-rail-clip\/#primaryimage"},"thumbnailUrl":"https:\/\/www.hnhlcranes.com\/wp-content\/uploads\/2024\/11\/CGEK-Rail-Clip.jpg","datePublished":"2024-11-29T14:04:09+00:00","dateModified":"2025-01-10T09:43:16+00:00","description":"Rail Clips,CGEK Rail Clip,Crane Rail Clips,Rail fixing device,Crane Rail fixing device,crane Rail Clamp,WJK Rail Clips,Overhead Crane Rail Clip","breadcrumb":{"@id":"https:\/\/www.hnhlcranes.com\/product\/cgek-rail-clip\/#breadcrumb"},"inLanguage":"lv-LV","potentialAction":[{"@type":"ReadAction","target":["https:\/\/www.hnhlcranes.com\/product\/cgek-rail-clip\/"]}]},{"@type":"ImageObject","inLanguage":"lv-LV","@id":"https:\/\/www.hnhlcranes.com\/product\/cgek-rail-clip\/#primaryimage","url":"https:\/\/www.hnhlcranes.com\/wp-content\/uploads\/2024\/11\/CGEK-Rail-Clip.jpg","contentUrl":"https:\/\/www.hnhlcranes.com\/wp-content\/uploads\/2024\/11\/CGEK-Rail-Clip.jpg","width":600,"height":600},{"@type":"BreadcrumbList","@id":"https:\/\/www.hnhlcranes.com\/product\/cgek-rail-clip\/#breadcrumb","itemListElement":[{"@type":"ListItem","position":1,"name":"home","item":"https:\/\/www.hnhlcranes.com\/"},{"@type":"ListItem","position":2,"name":"products","item":"https:\/\/www.hnhlcranes.com\/products\/"},{"@type":"ListItem","position":3,"name":"CGEK Rail Clip"}]},{"@type":"WebSite","@id":"https:\/\/www.hnhlcranes.com\/#website","url":"https:\/\/www.hnhlcranes.com\/","name":"Crane Parts Manufacturer","description":"Crane Wheels,Crane Drums,Crane Hooks,Crane Coupling,Crane End Carriage,Electric Hoist,European Crane Parts,Crane Rail Clip,Crane Spreader,Crane Motor,Crane Reducer,Crane Brake,Light Crane Parts,Workstation Crane Parts,Crane Electrical Parts,China Crane Parts Supplier,China Crane Parts Manufacturer,Angle box type crane wheel,45 degree split crane wheel,European crane wheel,Crane Wheel Blocks,Overhead crane drum,European crane drum,Overhead crane hook,European crane hook,Crane pulley block,Gear coupling,Brake wheel coupling,Drum gear coupling,Brake wheel drum gear coupling,Cardan Shaft Coupling,WZL drum coupling,Plum blossom elastic coupling,Brake wheel plum elastic coupling,European Single girder crane end carriage,European Double girder crane end carriage,European Suspension  crane end carriage,Wire Rope Electric Hoist,Electric Chain Hoist,European Single Girder Wire Rope Electric Hoist,European Double Girder Wire Rope Electric Hoist,Crane grab,Container spreader,Billet crane clamps,C-type hook,Lifting Electromagnet,YZR crane motor,YZP crane motor,ZQ Reducer,ZSC Reducer,QJ Reducer,QJ-L Reducer,QJY Reducer,H series gearbox,F Series Gear Motor,K Series Gear Motor,R Series Gear Motor,travelling machinery gear motor,Electro hydraulic drum brake,Electro hydraulic disc brake,Crane Safety brake,Crane cable trolley,Crane remote controller,Crane pendant controller,Crane electrical control cabinet,Crane limit switch,Crane sound and light alarm,Heavy Duty Aviation Connector,Crane overload limiter","publisher":{"@id":"https:\/\/www.hnhlcranes.com\/#organization"},"potentialAction":[{"@type":"SearchAction","target":{"@type":"EntryPoint","urlTemplate":"https:\/\/www.hnhlcranes.com\/?s={search_term_string}"},"query-input":{"@type":"PropertyValueSpecification","valueRequired":true,"valueName":"search_term_string"}}],"inLanguage":"lv-LV"},{"@type":"Organization","@id":"https:\/\/www.hnhlcranes.com\/#organization","name":"Crane Parts Manufacturer","url":"https:\/\/www.hnhlcranes.com\/","logo":{"@type":"ImageObject","inLanguage":"lv-LV","@id":"https:\/\/www.hnhlcranes.com\/#\/schema\/logo\/image\/","url":"https:\/\/www.hnhlcranes.com\/wp-content\/uploads\/2025\/01\/HL-logo-1.png","contentUrl":"https:\/\/www.hnhlcranes.com\/wp-content\/uploads\/2025\/01\/HL-logo-1.png","width":600,"height":169,"caption":"Crane Parts Manufacturer"},"image":{"@id":"https:\/\/www.hnhlcranes.com\/#\/schema\/logo\/image\/"}}]}},"_links":{"self":[{"href":"https:\/\/www.hnhlcranes.com\/lv\/wp-json\/wp\/v2\/product\/5528","targetHints":{"allow":["GET"]}}],"collection":[{"href":"https:\/\/www.hnhlcranes.com\/lv\/wp-json\/wp\/v2\/product"}],"about":[{"href":"https:\/\/www.hnhlcranes.com\/lv\/wp-json\/wp\/v2\/types\/product"}],"version-history":[{"count":4,"href":"https:\/\/www.hnhlcranes.com\/lv\/wp-json\/wp\/v2\/product\/5528\/revisions"}],"predecessor-version":[{"id":7195,"href":"https:\/\/www.hnhlcranes.com\/lv\/wp-json\/wp\/v2\/product\/5528\/revisions\/7195"}],"wp:featuredmedia":[{"embeddable":true,"href":"https:\/\/www.hnhlcranes.com\/lv\/wp-json\/wp\/v2\/media\/7102"}],"wp:attachment":[{"href":"https:\/\/www.hnhlcranes.com\/lv\/wp-json\/wp\/v2\/media?parent=5528"}],"wp:term":[{"taxonomy":"product_brand","embeddable":true,"href":"https:\/\/www.hnhlcranes.com\/lv\/wp-json\/wp\/v2\/product_brand?post=5528"},{"taxonomy":"product_cat","embeddable":true,"href":"https:\/\/www.hnhlcranes.com\/lv\/wp-json\/wp\/v2\/product_cat?post=5528"},{"taxonomy":"product_tag","embeddable":true,"href":"https:\/\/www.hnhlcranes.com\/lv\/wp-json\/wp\/v2\/product_tag?post=5528"}],"curies":[{"name":"wp","href":"https:\/\/api.w.org\/{rel}","templated":true}]}}