{"id":5544,"date":"2024-11-29T22:40:44","date_gmt":"2024-11-29T14:40:44","guid":{"rendered":"https:\/\/www.hnhlcranes.com\/?post_type=product&#038;p=5544"},"modified":"2025-01-10T18:14:36","modified_gmt":"2025-01-10T10:14:36","slug":"hdgy-sliezu-klips","status":"publish","type":"product","link":"https:\/\/www.hnhlcranes.com\/lv\/produkts\/hdgy-sliezu-klips\/","title":{"rendered":"HDGY slie\u017eu klips"},"content":{"rendered":"<h3><strong>HDGY Rail Clip funkcijas<\/strong><\/h3>\n<h4><strong>Elast\u012bga fiks\u0101cija un samazin\u0101ts nodilums<\/strong><\/h4>\n<p>Port\u0101ls <strong>HDGY slie\u017eu klips<\/strong> ir \u012bpa\u0161i izstr\u0101d\u0101ts, lai nodro\u0161in\u0101tu elast\u012bgu slie\u017eu nostiprin\u0101\u0161anu pie betona celt\u0146a sij\u0101m. \u0160\u012b konstrukcija samazina slie\u017eu galvi\u0146as nodilumu, l\u012bdz minimumam samazina ietekmi uz celt\u0146a siju, samazina celt\u0146a rite\u0146a atloka nodilumu un samazina trok\u0161\u0146a l\u012bmeni. Rezult\u0101t\u0101 sist\u0113ma uzlabo gan celt\u0146a darb\u012bbas ilgm\u016b\u017e\u012bbu, gan efektivit\u0101ti.<\/p>\n<h4><strong>Uzlabota stabilit\u0101te ar elast\u012bgu kompoz\u012btmateri\u0101la gumijas spilventi\u0146u<\/strong><\/h4>\n<p>HDGY slie\u017eu skava starp sliedi un celt\u0146a siju ir apr\u012bkota ar elast\u012bgu kompoz\u012btmateri\u0101la gumijas spilventi\u0146u, kas iev\u0113rojami palielina berzi, nov\u0113r\u0161ot slie\u017eu kust\u012bbu. Turkl\u0101t \u0161\u012b funkcija nov\u0113r\u0161 vai l\u012bdz minimumam samazina nevienm\u0113r\u012bgas spraugas vis\u0101 sliedes garum\u0101, t\u0101d\u0113j\u0101di uzlabojot skr\u016bvju sprieguma sadal\u012bjumu uz skavas pl\u0101ksn\u0113m, kas v\u0113l vair\u0101k uzlabo sist\u0113mas kop\u0113jo stabilit\u0101ti.<\/p>\n<h4><strong>Optim\u0101ls sprieguma sadal\u012bjums<\/strong><\/h4>\n<p>Gumijas spilventi\u0146a konstrukcija ir ar nedaudz izliektu \u0161\u0137\u0113rsgriezumu, lai nodro\u0161in\u0101tu racion\u0101lu sprieguma sadal\u012bjumu. Turkl\u0101t nelielas taisnst\u016bra formas izci\u013c\u0146i uz spilventi\u0146a pastiprina t\u0101 kontaktu ar sliedi, palielinot elast\u012bbu un nodro\u0161inot efekt\u012bvu vibr\u0101ciju sl\u0101p\u0113\u0161anu, kas galu gal\u0101 veicina vienm\u0113r\u012bg\u0101ku darb\u012bbu un samazina nodilumu.<\/p>\n<h4><strong>Iztur\u012bgs dizains<\/strong><\/h4>\n<p>Gumijas spilventi\u0146am ir taisnst\u016bra formas rievas, kas samazina s\u0101nu deform\u0101ciju slodzes ietekm\u0113 un samazina virsmas boj\u0101jumus saspie\u0161anas rezult\u0101t\u0101. Turkl\u0101t HDGY slie\u017eu klipsas konstrukcija ar apstr\u0101d\u0101tu t\u0113rauda pastiprin\u0101jumu ir \u013coti iztur\u012bga, saglab\u0101jot izcilu veiktsp\u0113ju pat p\u0113c 2 miljoniem noguruma ciklu, t\u0101d\u0113j\u0101di nodro\u0161inot ilgtermi\u0146a uzticam\u012bbu.<\/p>\n<h4><strong>Dro\u0161as un simetriskas skavu pl\u0101ksnes<\/strong><\/h4>\n<p>Skavas pl\u0101ksnes ir dro\u0161i piestiprin\u0101tas pie celt\u0146a sijas, padarot t\u0101s iztur\u012bgas pret atsl\u0101bin\u0101\u0161anos un samazinot celt\u0146a sijas nodilumu. Simetrisk\u0101 skavas pl\u0101k\u0161\u0146u konstrukcija \u0161\u0137\u0113rsgriezum\u0101 veido \u0137\u012b\u013cveida strukt\u016bru, kas efekt\u012bvi ierobe\u017eo slie\u017eu s\u0101nu nob\u012bdi un nodro\u0161ina stabilit\u0101ti celt\u0146a darb\u012bbas laik\u0101.<\/p>\n<h4><strong>Uzst\u0101d\u012b\u0161anas un apkopes regul\u0113jam\u012bba<\/strong><\/h4>\n<p>Lai vienk\u0101r\u0161otu uzst\u0101d\u012b\u0161anu un apkopi, skavas pl\u0101ksn\u0113 ir eliptiskas spraugas, kas \u013cauj veikt s\u0101nu regul\u0113\u0161anu. Turkl\u0101t sl\u012bp\u0101s atveres, kas savienotas ar pretsl\u012bdes blokiem, nov\u0113r\u0161 skavas kust\u012bbu un atvieglo s\u0101nu izl\u012bdzin\u0101\u0161anu uzst\u0101d\u012b\u0161anas vai apkopes laik\u0101, nodro\u0161inot prec\u012bzu regul\u0113\u0161anu un vieglu lieto\u0161anu.<\/p>\n<h4><strong>Dzelzce\u013ca kust\u012bbas pielaide<\/strong><\/h4>\n<p>Sist\u0113ma ir izstr\u0101d\u0101ta t\u0101, lai piel\u0101gotos neliel\u0101m slie\u017eu kust\u012bb\u0101m celt\u0146a darb\u012bbas laik\u0101. Tas nodro\u0161ina elast\u012bbu, nemazinot stabilit\u0101ti, \u013caujot efekt\u012bvi p\u0101rvietoties, vienlaikus saglab\u0101jot slie\u017eu un celt\u0146a sist\u0113mas integrit\u0101ti.<\/p>\n<h3><strong>HDGY slie\u017eu klipa uzst\u0101d\u012b\u0161anas so\u013ci<\/strong><\/h3>\n<h4><strong>Gumijas spilventi\u0146a novieto\u0161ana<\/strong><\/h4>\n<p>Vispirms novietojiet gumijas spilventi\u0146u ar taisnst\u016bra formas izci\u013c\u0146iem un riev\u0101m, kas izl\u012bdzin\u0101tas paral\u0113li slied\u0113m un novietotas zem t\u0101m. P\u0101rliecinieties, ka spilventi\u0146\u0161 ir perpendikul\u0101ri sliedes vidusl\u012bnijai un pareizi novietots attiec\u012bb\u0101 pret skr\u016bv\u0113m ab\u0101s pus\u0113s. Tas nodro\u0161ina prec\u012bzu izvietojumu un izl\u012bdzin\u0101jumu optim\u0101lai darb\u012bbai.<\/p>\n<h4><strong>Pamatsl\u0101\u0146a sagatavo\u0161ana<\/strong><\/h4>\n<p>Pirms gumijas spilventi\u0146a uzlik\u0161anas uz betona pamatnes sl\u0101\u0146a r\u016bp\u012bgi not\u012briet virsmu, lai no t\u0101s no\u0146emtu visus gru\u017eus. \u0160is solis ir b\u016btisks, lai nodro\u0161in\u0101tu, ka nav nek\u0101du pies\u0101r\u0146ojumu, kas var\u0113tu samazin\u0101t sist\u0113mas veiktsp\u0113ju.<\/p>\n<h4><strong>Skavas pl\u0101ksnes mont\u0101\u017ea<\/strong><\/h4>\n<p>Mont\u0101\u017eas proces\u0101 veiciet \u0161\u0101das darb\u012bbas:<\/p>\n<ul>\n<li>Ievietojiet bultskr\u016bves iepriek\u0161 urbtajos caurumos dzelzsbetona celt\u0146a sij\u0101.<\/li>\n<li>Uzlieciet skavas pl\u0101ksnes korpusu uz pamatnes.<\/li>\n<li>Lai uzlabotu stabilit\u0101ti, pievienojiet pretsl\u012bdes bloku ar mazo galu pret sliedi.<\/li>\n<li>Piestipriniet atsperu papl\u0101ksni un uzgriezni, p\u0113c tam mezglu iepriek\u0161 pievilciet.<\/li>\n<li>Noregul\u0113jiet skavas pl\u0101ksni, lai nodro\u0161in\u0101tu, ka t\u0101 cie\u0161i piespie\u017eas pie sliedes malas.<\/li>\n<li>Visbeidzot, piln\u012bb\u0101 pievelciet skr\u016bves, lai nostiprin\u0101tu komponentus to viet\u0101.<\/li>\n<\/ul>\n<h4><strong>Skavas pl\u0101ksnes izl\u012bdzin\u0101\u0161ana<\/strong><\/h4>\n<p>P\u0101rliecinieties, ka skavas pl\u0101ksnes vidusl\u012bnija ir perpendikul\u0101ra sliedes vidusl\u012bnijai bez izliekuma. \u0160is solis garant\u0113, ka skavas pl\u0101ksne ir pareizi izl\u012bdzin\u0101ta, lai nodro\u0161in\u0101tu optim\u0101lu sliedes fiks\u0101ciju un sist\u0113mas darb\u012bbu kopum\u0101.<\/p>","protected":false},"excerpt":{"rendered":"<h6><span style=\"font-family: arial, helvetica, sans-serif; font-size: 14pt;\"><strong>HDGY Rail Clip specifik\u0101cijas<\/strong><\/span><\/h6>\n<ul>\n<li><strong>Mode\u013ci:<\/strong> HDGY24, HDGY38A, HDGY38B, HDGY43, HDGY50, HDGY70, HDGY80, HDGY100, HDGY120<\/li>\n<li><strong>Fiks\u0113\u0161anas metode:<\/strong> Skr\u016bvju stiprin\u0101\u0161ana<\/li>\n<\/ul>","protected":false},"featured_media":7117,"template":"","meta":{"_kad_post_transparent":"default","_kad_post_title":"","_kad_post_layout":"default","_kad_post_sidebar_id":"","_kad_post_content_style":"default","_kad_post_vertical_padding":"show","_kad_post_feature":"","_kad_post_feature_position":"","_kad_post_header":false,"_kad_post_footer":false},"product_brand":[],"product_cat":[83],"product_tag":[483,482,481,480,376,489,486,490,488,484,492,487,485,493,478,491,477,479],"class_list":{"0":"post-5544","1":"product","2":"type-product","3":"status-publish","4":"has-post-thumbnail","6":"product_cat-crane-rail-clip","7":"product_tag-05g525-rail-clip","8":"product_tag-cgbk-rail-clip","9":"product_tag-cgek-rail-clip","10":"product_tag-cgwk-rail-clip","11":"product_tag-china-crane-parts-supplier","12":"product_tag-crane-rail-clamp","13":"product_tag-crane-rail-clip","14":"product_tag-crane-rail-clip-supplier","15":"product_tag-crane-rail-fixing-device","16":"product_tag-hdgy-rail-clip","17":"product_tag-rail-connection-splint","18":"product_tag-rail-fixing-device","19":"product_tag-rail-joint","20":"product_tag-special-crane-spreader","21":"product_tag-swjk-rail-clip","22":"product_tag-tracks-jointing-plates","23":"product_tag-wjk-rail-clip","24":"product_tag-wjkc-rail-clip","26":"first","27":"instock","28":"shipping-taxable","29":"product-type-simple","30":"entry","31":"content-bg","32":"loop-entry"},"yoast_head":"<!-- This site is optimized with the Yoast SEO plugin v24.5 - https:\/\/yoast.com\/wordpress\/plugins\/seo\/ -->\n<title>HDGY Rail Clip - Crane Rail fixing device-crane Rail Clamp- Crane Parts Manufacturer<\/title>\n<meta name=\"description\" content=\"Rail Clips,HDGY Rail Clip,Crane Rail Clips,Rail fixing device,Crane Rail fixing device,crane Rail Clamp,WJK Rail Clips,Overhead Crane Rail Clip\" \/>\n<meta name=\"robots\" content=\"index, follow, max-snippet:-1, max-image-preview:large, max-video-preview:-1\" \/>\n<link rel=\"canonical\" href=\"https:\/\/www.hnhlcranes.com\/lv\/produkts\/hdgy-sliezu-klips\/\" \/>\n<meta property=\"og:locale\" content=\"lv_LV\" \/>\n<meta property=\"og:type\" content=\"article\" \/>\n<meta property=\"og:title\" content=\"HDGY Rail Clip - Crane Rail fixing device-crane Rail Clamp- Crane Parts Manufacturer\" \/>\n<meta property=\"og:description\" content=\"Rail Clips,HDGY Rail Clip,Crane Rail Clips,Rail fixing device,Crane Rail fixing device,crane Rail Clamp,WJK Rail Clips,Overhead Crane Rail Clip\" \/>\n<meta property=\"og:url\" content=\"https:\/\/www.hnhlcranes.com\/lv\/produkts\/hdgy-sliezu-klips\/\" \/>\n<meta property=\"og:site_name\" content=\"Crane Parts Manufacturer\" \/>\n<meta property=\"article:modified_time\" content=\"2025-01-10T10:14:36+00:00\" \/>\n<meta property=\"og:image\" content=\"https:\/\/www.hnhlcranes.com\/wp-content\/uploads\/2024\/11\/HDGY-Rail-Clip.jpg\" \/>\n\t<meta property=\"og:image:width\" content=\"600\" \/>\n\t<meta property=\"og:image:height\" content=\"600\" \/>\n\t<meta property=\"og:image:type\" content=\"image\/jpeg\" \/>\n<meta name=\"twitter:card\" content=\"summary_large_image\" \/>\n<meta name=\"twitter:label1\" content=\"Est. reading time\" \/>\n\t<meta name=\"twitter:data1\" content=\"3 min\u016btes\" \/>\n<script type=\"application\/ld+json\" class=\"yoast-schema-graph\">{\"@context\":\"https:\/\/schema.org\",\"@graph\":[{\"@type\":\"WebPage\",\"@id\":\"https:\/\/www.hnhlcranes.com\/product\/hdgy-rail-clip\/\",\"url\":\"https:\/\/www.hnhlcranes.com\/product\/hdgy-rail-clip\/\",\"name\":\"HDGY Rail Clip - Crane Rail fixing device-crane Rail Clamp- Crane Parts Manufacturer\",\"isPartOf\":{\"@id\":\"https:\/\/www.hnhlcranes.com\/#website\"},\"primaryImageOfPage\":{\"@id\":\"https:\/\/www.hnhlcranes.com\/product\/hdgy-rail-clip\/#primaryimage\"},\"image\":{\"@id\":\"https:\/\/www.hnhlcranes.com\/product\/hdgy-rail-clip\/#primaryimage\"},\"thumbnailUrl\":\"https:\/\/www.hnhlcranes.com\/wp-content\/uploads\/2024\/11\/HDGY-Rail-Clip.jpg\",\"datePublished\":\"2024-11-29T14:40:44+00:00\",\"dateModified\":\"2025-01-10T10:14:36+00:00\",\"description\":\"Rail Clips,HDGY Rail Clip,Crane Rail Clips,Rail fixing device,Crane Rail fixing device,crane Rail Clamp,WJK Rail Clips,Overhead Crane Rail Clip\",\"breadcrumb\":{\"@id\":\"https:\/\/www.hnhlcranes.com\/product\/hdgy-rail-clip\/#breadcrumb\"},\"inLanguage\":\"lv-LV\",\"potentialAction\":[{\"@type\":\"ReadAction\",\"target\":[\"https:\/\/www.hnhlcranes.com\/product\/hdgy-rail-clip\/\"]}]},{\"@type\":\"ImageObject\",\"inLanguage\":\"lv-LV\",\"@id\":\"https:\/\/www.hnhlcranes.com\/product\/hdgy-rail-clip\/#primaryimage\",\"url\":\"https:\/\/www.hnhlcranes.com\/wp-content\/uploads\/2024\/11\/HDGY-Rail-Clip.jpg\",\"contentUrl\":\"https:\/\/www.hnhlcranes.com\/wp-content\/uploads\/2024\/11\/HDGY-Rail-Clip.jpg\",\"width\":600,\"height\":600},{\"@type\":\"BreadcrumbList\",\"@id\":\"https:\/\/www.hnhlcranes.com\/product\/hdgy-rail-clip\/#breadcrumb\",\"itemListElement\":[{\"@type\":\"ListItem\",\"position\":1,\"name\":\"home\",\"item\":\"https:\/\/www.hnhlcranes.com\/\"},{\"@type\":\"ListItem\",\"position\":2,\"name\":\"products\",\"item\":\"https:\/\/www.hnhlcranes.com\/products\/\"},{\"@type\":\"ListItem\",\"position\":3,\"name\":\"HDGY Rail Clip\"}]},{\"@type\":\"WebSite\",\"@id\":\"https:\/\/www.hnhlcranes.com\/#website\",\"url\":\"https:\/\/www.hnhlcranes.com\/\",\"name\":\"Crane Parts Manufacturer\",\"description\":\"Crane Wheels,Crane Drums,Crane Hooks,Crane Coupling,Crane End Carriage,Electric Hoist,European Crane Parts,Crane Rail Clip,Crane Spreader,Crane Motor,Crane Reducer,Crane Brake,Light Crane Parts,Workstation Crane Parts,Crane Electrical Parts,China Crane Parts Supplier,China Crane Parts Manufacturer,Angle box type crane wheel,45 degree split crane wheel,European crane wheel,Crane Wheel Blocks,Overhead crane drum,European crane drum,Overhead crane hook,European crane hook,Crane pulley block,Gear coupling,Brake wheel coupling,Drum gear coupling,Brake wheel drum gear coupling,Cardan Shaft Coupling,WZL drum coupling,Plum blossom elastic coupling,Brake wheel plum elastic coupling,European Single girder crane end carriage,European Double girder crane end carriage,European Suspension  crane end carriage,Wire Rope Electric Hoist,Electric Chain Hoist,European Single Girder Wire Rope Electric Hoist,European Double Girder Wire Rope Electric Hoist,Crane grab,Container spreader,Billet crane clamps,C-type hook,Lifting Electromagnet,YZR crane motor,YZP crane motor,ZQ Reducer,ZSC Reducer,QJ Reducer,QJ-L Reducer,QJY Reducer,H series gearbox,F Series Gear Motor,K Series Gear Motor,R Series Gear Motor,travelling machinery gear motor,Electro hydraulic drum brake,Electro hydraulic disc brake,Crane Safety brake,Crane cable trolley,Crane remote controller,Crane pendant controller,Crane electrical control cabinet,Crane limit switch,Crane sound and light alarm,Heavy Duty Aviation Connector,Crane overload limiter\",\"publisher\":{\"@id\":\"https:\/\/www.hnhlcranes.com\/#organization\"},\"potentialAction\":[{\"@type\":\"SearchAction\",\"target\":{\"@type\":\"EntryPoint\",\"urlTemplate\":\"https:\/\/www.hnhlcranes.com\/?s={search_term_string}\"},\"query-input\":{\"@type\":\"PropertyValueSpecification\",\"valueRequired\":true,\"valueName\":\"search_term_string\"}}],\"inLanguage\":\"lv-LV\"},{\"@type\":\"Organization\",\"@id\":\"https:\/\/www.hnhlcranes.com\/#organization\",\"name\":\"Crane Parts Manufacturer\",\"url\":\"https:\/\/www.hnhlcranes.com\/\",\"logo\":{\"@type\":\"ImageObject\",\"inLanguage\":\"lv-LV\",\"@id\":\"https:\/\/www.hnhlcranes.com\/#\/schema\/logo\/image\/\",\"url\":\"https:\/\/www.hnhlcranes.com\/wp-content\/uploads\/2025\/01\/HL-logo-1.png\",\"contentUrl\":\"https:\/\/www.hnhlcranes.com\/wp-content\/uploads\/2025\/01\/HL-logo-1.png\",\"width\":600,\"height\":169,\"caption\":\"Crane Parts Manufacturer\"},\"image\":{\"@id\":\"https:\/\/www.hnhlcranes.com\/#\/schema\/logo\/image\/\"}}]}<\/script>\n<!-- \/ Yoast SEO plugin. -->","yoast_head_json":{"title":"HDGY Rail Clip - Crane Rail fixing device-crane Rail Clamp- Crane Parts Manufacturer","description":"Rail Clips,HDGY Rail Clip,Crane Rail Clips,Rail fixing device,Crane Rail fixing device,crane Rail Clamp,WJK Rail Clips,Overhead Crane Rail Clip","robots":{"index":"index","follow":"follow","max-snippet":"max-snippet:-1","max-image-preview":"max-image-preview:large","max-video-preview":"max-video-preview:-1"},"canonical":"https:\/\/www.hnhlcranes.com\/lv\/produkts\/hdgy-sliezu-klips\/","og_locale":"lv_LV","og_type":"article","og_title":"HDGY Rail Clip - Crane Rail fixing device-crane Rail Clamp- Crane Parts Manufacturer","og_description":"Rail Clips,HDGY Rail Clip,Crane Rail Clips,Rail fixing device,Crane Rail fixing device,crane Rail Clamp,WJK Rail Clips,Overhead Crane Rail Clip","og_url":"https:\/\/www.hnhlcranes.com\/lv\/produkts\/hdgy-sliezu-klips\/","og_site_name":"Crane Parts Manufacturer","article_modified_time":"2025-01-10T10:14:36+00:00","og_image":[{"width":600,"height":600,"url":"https:\/\/www.hnhlcranes.com\/wp-content\/uploads\/2024\/11\/HDGY-Rail-Clip.jpg","type":"image\/jpeg"}],"twitter_card":"summary_large_image","twitter_misc":{"Est. reading time":"3 min\u016btes"},"schema":{"@context":"https:\/\/schema.org","@graph":[{"@type":"WebPage","@id":"https:\/\/www.hnhlcranes.com\/product\/hdgy-rail-clip\/","url":"https:\/\/www.hnhlcranes.com\/product\/hdgy-rail-clip\/","name":"HDGY Rail Clip - Crane Rail fixing device-crane Rail Clamp- Crane Parts Manufacturer","isPartOf":{"@id":"https:\/\/www.hnhlcranes.com\/#website"},"primaryImageOfPage":{"@id":"https:\/\/www.hnhlcranes.com\/product\/hdgy-rail-clip\/#primaryimage"},"image":{"@id":"https:\/\/www.hnhlcranes.com\/product\/hdgy-rail-clip\/#primaryimage"},"thumbnailUrl":"https:\/\/www.hnhlcranes.com\/wp-content\/uploads\/2024\/11\/HDGY-Rail-Clip.jpg","datePublished":"2024-11-29T14:40:44+00:00","dateModified":"2025-01-10T10:14:36+00:00","description":"Rail Clips,HDGY Rail Clip,Crane Rail Clips,Rail fixing device,Crane Rail fixing device,crane Rail Clamp,WJK Rail Clips,Overhead Crane Rail Clip","breadcrumb":{"@id":"https:\/\/www.hnhlcranes.com\/product\/hdgy-rail-clip\/#breadcrumb"},"inLanguage":"lv-LV","potentialAction":[{"@type":"ReadAction","target":["https:\/\/www.hnhlcranes.com\/product\/hdgy-rail-clip\/"]}]},{"@type":"ImageObject","inLanguage":"lv-LV","@id":"https:\/\/www.hnhlcranes.com\/product\/hdgy-rail-clip\/#primaryimage","url":"https:\/\/www.hnhlcranes.com\/wp-content\/uploads\/2024\/11\/HDGY-Rail-Clip.jpg","contentUrl":"https:\/\/www.hnhlcranes.com\/wp-content\/uploads\/2024\/11\/HDGY-Rail-Clip.jpg","width":600,"height":600},{"@type":"BreadcrumbList","@id":"https:\/\/www.hnhlcranes.com\/product\/hdgy-rail-clip\/#breadcrumb","itemListElement":[{"@type":"ListItem","position":1,"name":"home","item":"https:\/\/www.hnhlcranes.com\/"},{"@type":"ListItem","position":2,"name":"products","item":"https:\/\/www.hnhlcranes.com\/products\/"},{"@type":"ListItem","position":3,"name":"HDGY Rail Clip"}]},{"@type":"WebSite","@id":"https:\/\/www.hnhlcranes.com\/#website","url":"https:\/\/www.hnhlcranes.com\/","name":"Crane Parts Manufacturer","description":"Crane Wheels,Crane Drums,Crane Hooks,Crane Coupling,Crane End Carriage,Electric Hoist,European Crane Parts,Crane Rail Clip,Crane Spreader,Crane Motor,Crane Reducer,Crane Brake,Light Crane Parts,Workstation Crane Parts,Crane Electrical Parts,China Crane Parts Supplier,China Crane Parts Manufacturer,Angle box type crane wheel,45 degree split crane wheel,European crane wheel,Crane Wheel Blocks,Overhead crane drum,European crane drum,Overhead crane hook,European crane hook,Crane pulley block,Gear coupling,Brake wheel coupling,Drum gear coupling,Brake wheel drum gear coupling,Cardan Shaft Coupling,WZL drum coupling,Plum blossom elastic coupling,Brake wheel plum elastic coupling,European Single girder crane end carriage,European Double girder crane end carriage,European Suspension  crane end carriage,Wire Rope Electric Hoist,Electric Chain Hoist,European Single Girder Wire Rope Electric Hoist,European Double Girder Wire Rope Electric Hoist,Crane grab,Container spreader,Billet crane clamps,C-type hook,Lifting Electromagnet,YZR crane motor,YZP crane motor,ZQ Reducer,ZSC Reducer,QJ Reducer,QJ-L Reducer,QJY Reducer,H series gearbox,F Series Gear Motor,K Series Gear Motor,R Series Gear Motor,travelling machinery gear motor,Electro hydraulic drum brake,Electro hydraulic disc brake,Crane Safety brake,Crane cable trolley,Crane remote controller,Crane pendant controller,Crane electrical control cabinet,Crane limit switch,Crane sound and light alarm,Heavy Duty Aviation Connector,Crane overload limiter","publisher":{"@id":"https:\/\/www.hnhlcranes.com\/#organization"},"potentialAction":[{"@type":"SearchAction","target":{"@type":"EntryPoint","urlTemplate":"https:\/\/www.hnhlcranes.com\/?s={search_term_string}"},"query-input":{"@type":"PropertyValueSpecification","valueRequired":true,"valueName":"search_term_string"}}],"inLanguage":"lv-LV"},{"@type":"Organization","@id":"https:\/\/www.hnhlcranes.com\/#organization","name":"Crane Parts Manufacturer","url":"https:\/\/www.hnhlcranes.com\/","logo":{"@type":"ImageObject","inLanguage":"lv-LV","@id":"https:\/\/www.hnhlcranes.com\/#\/schema\/logo\/image\/","url":"https:\/\/www.hnhlcranes.com\/wp-content\/uploads\/2025\/01\/HL-logo-1.png","contentUrl":"https:\/\/www.hnhlcranes.com\/wp-content\/uploads\/2025\/01\/HL-logo-1.png","width":600,"height":169,"caption":"Crane Parts Manufacturer"},"image":{"@id":"https:\/\/www.hnhlcranes.com\/#\/schema\/logo\/image\/"}}]}},"_links":{"self":[{"href":"https:\/\/www.hnhlcranes.com\/lv\/wp-json\/wp\/v2\/product\/5544","targetHints":{"allow":["GET"]}}],"collection":[{"href":"https:\/\/www.hnhlcranes.com\/lv\/wp-json\/wp\/v2\/product"}],"about":[{"href":"https:\/\/www.hnhlcranes.com\/lv\/wp-json\/wp\/v2\/types\/product"}],"version-history":[{"count":3,"href":"https:\/\/www.hnhlcranes.com\/lv\/wp-json\/wp\/v2\/product\/5544\/revisions"}],"predecessor-version":[{"id":7196,"href":"https:\/\/www.hnhlcranes.com\/lv\/wp-json\/wp\/v2\/product\/5544\/revisions\/7196"}],"wp:featuredmedia":[{"embeddable":true,"href":"https:\/\/www.hnhlcranes.com\/lv\/wp-json\/wp\/v2\/media\/7117"}],"wp:attachment":[{"href":"https:\/\/www.hnhlcranes.com\/lv\/wp-json\/wp\/v2\/media?parent=5544"}],"wp:term":[{"taxonomy":"product_brand","embeddable":true,"href":"https:\/\/www.hnhlcranes.com\/lv\/wp-json\/wp\/v2\/product_brand?post=5544"},{"taxonomy":"product_cat","embeddable":true,"href":"https:\/\/www.hnhlcranes.com\/lv\/wp-json\/wp\/v2\/product_cat?post=5544"},{"taxonomy":"product_tag","embeddable":true,"href":"https:\/\/www.hnhlcranes.com\/lv\/wp-json\/wp\/v2\/product_tag?post=5544"}],"curies":[{"name":"wp","href":"https:\/\/api.w.org\/{rel}","templated":true}]}}