{"id":5659,"date":"2024-12-03T17:07:45","date_gmt":"2024-12-03T09:07:45","guid":{"rendered":"https:\/\/www.hnhlcranes.com\/?post_type=product&#038;p=5659"},"modified":"2025-01-08T01:06:53","modified_gmt":"2025-01-07T17:06:53","slug":"eiropas-piekarinama-celtna-gala-ratini","status":"publish","type":"product","link":"https:\/\/www.hnhlcranes.com\/lv\/produkts\/eiropas-piekarinama-celtna-gala-ratini\/","title":{"rendered":"Eiropas Piekares celt\u0146a gala rati\u0146i"},"content":{"rendered":"<p>Port\u0101ls <strong>Eiropas piekares celt\u0146a gala rati\u0146i<\/strong> ir svar\u012bga piekaramo celt\u0146u sist\u0113mu sast\u0101vda\u013ca, kas paredz\u0113ta celt\u0146a konstrukcijas atbalstam un nodro\u0161ina horizont\u0101lu kust\u012bbu pa slied\u0113m. Tas ir izstr\u0101d\u0101ts atbilsto\u0161i Eiropas standartiem, nodro\u0161ina augstu veiktsp\u0113ju, kompaktumu un iztur\u012bbu. \u0160\u0101da veida galu rati\u0146i tiek pla\u0161i izmantoti da\u017e\u0101dos r\u016bpnieciskos lietojumos, kur b\u016btiska ir vietas optimiz\u0101cija, precizit\u0101te un vienm\u0113r\u012bga darb\u012bba. \u012apa\u0161i j\u0101atz\u012bm\u0113, ka t\u0101 balstiek\u0101rtas konstrukcija nodro\u0161ina liel\u0101ku elast\u012bbu celt\u0146a kust\u012bb\u0101, padarot to \u012bpa\u0161i piem\u0113rotu iek\u0101rt\u0101m ar ierobe\u017eotu telpu.<\/p>\n<h3>Galven\u0101s funkcijas:<\/h3>\n<ol>\n<li><strong>Struktur\u0101l\u0101 projekt\u0113\u0161ana<\/strong>: Eiropas piekares celt\u0146a gala rati\u0146iem ir iztur\u012bgs t\u0113rauda r\u0101mis, kas nodro\u0161ina gan augstu iztur\u012bbu, gan vieglu profilu. T\u0101 balstiek\u0101rtas konstrukcija nov\u0113r\u0161 vajadz\u012bbu p\u0113c tradicion\u0101laj\u0101m atbalsta k\u0101j\u0101m, nodro\u0161inot efekt\u012bvu darb\u012bbu vid\u0113 ar ierobe\u017eotu telpu. Turkl\u0101t kompakt\u0101 konstrukcija samazina uzst\u0101d\u012b\u0161anas vietu un uzlabo kop\u0113jo darb\u012bbas efektivit\u0101ti.<\/li>\n<li><strong>Piedzi\u0146as sist\u0113ma<\/strong>: Gala rati\u0146i ir apr\u012bkoti ar modernu elektropiedzi\u0146as sist\u0113mu, ko parasti darbina mai\u0146str\u0101vas motori. \u0160ie motori nodro\u0161ina vienm\u0113r\u012bgu un stabilu kust\u012bbas \u0101trumu, vienlaikus nodro\u0161inot prec\u012bzu celt\u0146a kust\u012bbas kontroli. Turkl\u0101t piedzi\u0146as sist\u0113ma nodro\u0161ina vienm\u0113r\u012bgu darb\u012bbu, vienlaikus l\u012bdz minimumam samazinot ener\u0123ijas pat\u0113ri\u0146u, t\u0101p\u0113c t\u0101 ir ide\u0101li piem\u0113rota ilgsto\u0161ai lieto\u0161anai sare\u017e\u0123\u012bt\u0101s r\u016bpniec\u012bbas vid\u0113s.<\/li>\n<li><strong>Aptur\u0113\u0161anas meh\u0101nisms<\/strong>: At\u0161\u0137ir\u012bb\u0101 no tradicion\u0101lajiem galu rati\u0146iem, piekarin\u0101m\u0101 konstrukcija \u013cauj piekarin\u0101t galu rati\u0146us no celt\u0146a konstrukcijas. Tas nodro\u0161ina liel\u0101ku elast\u012bbu un vienm\u0113r\u012bg\u0101ku darb\u012bbu, \u012bpa\u0161i \u0161aur\u0101s telp\u0101s vai gad\u012bjumos, kad nepiecie\u0161ama minim\u0101la berze. Tas ar\u012b \u013cauj piel\u0101goties vertik\u0101liem novirzieniem, samazinot celt\u0146a sist\u0113mas slodzi.<\/li>\n<li><strong>Slie\u017eu un rite\u0146u sist\u0113ma<\/strong>: Galu rati\u0146os ir rite\u0146p\u0101ri, kas izgatavoti no augstas iztur\u012bbas materi\u0101liem, kuri nodro\u0161ina izcilu nodilumiztur\u012bbu un nestsp\u0113ju. \u0160ie rite\u0146i ir paredz\u0113ti vienm\u0113r\u012bgai darb\u012bbai uz standartiz\u0113t\u0101m celt\u0146a slied\u0113m, nodro\u0161inot stabilu un uzticamu kust\u012bbu.<\/li>\n<li><strong>Precizit\u0101te un stabilit\u0101te<\/strong>: Eiropas piekares celt\u0146a gala rati\u0146i ir konstru\u0113ti prec\u012bzai un stabilai darb\u012bbai. Tas samazina troksni un vibr\u0101ciju kust\u012bbas laik\u0101, nodro\u0161inot vienm\u0113r\u012bgu celt\u0146a darb\u012bbu pat pie liel\u0101m slodz\u0113m un veicinot efekt\u012bvu darb\u012bbu ilgsto\u0161\u0101 laika posm\u0101.<\/li>\n<\/ol>\n<h3>Priek\u0161roc\u012bbas:<\/h3>\n<ul>\n<li><strong>Telpas efektivit\u0101te<\/strong>: Piekares konstrukcija nov\u0113r\u0161 vajadz\u012bbu p\u0113c papildu atbalsta k\u0101j\u0101m, t\u0101d\u0113j\u0101di ietaupot v\u0113rt\u012bgu vietu un nodro\u0161inot liel\u0101ku elast\u012bbu gan uzst\u0101d\u012b\u0161an\u0101, gan ekspluat\u0101cij\u0101. Tas ir \u012bpa\u0161i izdev\u012bgi telp\u0101s ar ierobe\u017eotu plat\u012bbu.<\/li>\n<li><strong>Vienm\u0113r\u012bga darb\u012bba<\/strong>: Piekares meh\u0101nisms samazina berzi, nodro\u0161inot vienm\u0113r\u012bg\u0101ku kust\u012bbu, kas samazina sist\u0113mas nodilumu un uzlabo kop\u0113jo darb\u012bbas efektivit\u0101ti.<\/li>\n<li><strong>Energoefektivit\u0101te<\/strong>: Uzlabot\u0101 elektrisk\u0101s piedzi\u0146as sist\u0113ma nodro\u0161ina optim\u0101lu ener\u0123ijas pat\u0113ri\u0146u, samazinot ekspluat\u0101cijas izmaksas un vienlaikus saglab\u0101jot augstu veiktsp\u0113ju.<\/li>\n<li><strong>Elast\u012bba<\/strong>: Balstiek\u0101rtas konstrukcija \u013cauj galu rati\u0146iem piel\u0101goties vertik\u0101liem novirzieniem un nel\u012bdzen\u0101m virsm\u0101m, nodro\u0161inot liel\u0101ku darb\u012bbas elast\u012bbu un samazinot celt\u0146a sist\u0113mas slodzi.<\/li>\n<li><strong>Zems troksnis un vibr\u0101cija<\/strong>: Gala rati\u0146i darbojas ar minim\u0101lu troksni un vibr\u0101ciju, t\u0101d\u0113j\u0101di nodro\u0161inot klus\u0101ku un \u0113rt\u0101ku darba vidi.<\/li>\n<\/ul>\n<h3>Secin\u0101jums:<\/h3>\n<p>Eiropas piekares celt\u0146a gala rati\u0146i ir efekt\u012bvs, kompakts un \u013coti elast\u012bgs komponents, kas ir ide\u0101li piem\u0113rots visda\u017e\u0101d\u0101kajiem r\u016bpnieciskajiem lietojumiem. T\u0101 balstiek\u0101rtas konstrukcijai ir vair\u0101kas priek\u0161roc\u012bbas, tostarp vietas efektivit\u0101te, vienm\u0113r\u012bga darb\u012bba un augsta precizit\u0101te. Lai gan s\u0101kotn\u0113jie ieguld\u012bjumi un tehnisk\u0101s apkopes pras\u012bbas var b\u016bt liel\u0101kas nek\u0101 tradicion\u0101lajiem galu rati\u0146iem, ilgtermi\u0146a ieguvumi, piem\u0113ram, ener\u0123ijas ietaup\u012bjums, liel\u0101ka elast\u012bba un maz\u0101ks nolietojums, padara \u0161o sist\u0113mu par \u013coti piem\u0113rotu izv\u0113li iek\u0101rt\u0101m ar augst\u0101m ekspluat\u0101cijas pras\u012bb\u0101m.<\/p>\n<h3><strong><span style=\"font-family: arial, helvetica, sans-serif; font-size: 18pt;\">1.DU10 3.2t Piekares celt\u0146a gala rati\u0146i<\/span><\/strong><\/h3>\n<p><img fetchpriority=\"high\" decoding=\"async\" class=\"alignnone wp-image-7002\" src=\"https:\/\/www.hnhlcranes.com\/wp-content\/uploads\/2024\/12\/European-Suspension-crane-end-carriage-3.2t-300x211.jpg\" alt=\"\" width=\"899\" height=\"632\" srcset=\"https:\/\/www.hnhlcranes.com\/wp-content\/uploads\/2024\/12\/European-Suspension-crane-end-carriage-3.2t-300x211.jpg 300w, https:\/\/www.hnhlcranes.com\/wp-content\/uploads\/2024\/12\/European-Suspension-crane-end-carriage-3.2t-768x540.jpg 768w, https:\/\/www.hnhlcranes.com\/wp-content\/uploads\/2024\/12\/European-Suspension-crane-end-carriage-3.2t-600x422.jpg 600w, https:\/\/www.hnhlcranes.com\/wp-content\/uploads\/2024\/12\/European-Suspension-crane-end-carriage-3.2t.jpg 1000w\" sizes=\"(max-width: 899px) 100vw, 899px\" \/><\/p>\n<p>&nbsp;<\/p>\n<p>\u2460 buferis<i>\uff1b<\/i>\u2461Gala gaisma<i>\uff1b<\/i>\u2462Rite\u0146i<i>(vad\u012bt)<\/i><i>\uff1b<\/i>\u2463Rite\u0146i<i>(d\u012bkst\u0101ve)<\/i><i>\uff1b<\/i>\u2464Rite\u0146i<i>(d\u012bkst\u0101ves vai piedzi\u0146as re\u017e\u012bm\u0101)<\/i><\/p>\n<p>&nbsp;<\/p>\n<h3><strong><span style=\"font-family: arial, helvetica, sans-serif; font-size: 18pt;\">2.DU13 5t Piekares celt\u0146a gala rati\u0146i<\/span><\/strong><\/h3>\n<p><img decoding=\"async\" class=\"alignnone wp-image-7003\" src=\"https:\/\/www.hnhlcranes.com\/wp-content\/uploads\/2024\/12\/European-Suspension-crane-end-carriage-5t-300x226.jpg\" alt=\"\" width=\"901\" height=\"679\" srcset=\"https:\/\/www.hnhlcranes.com\/wp-content\/uploads\/2024\/12\/European-Suspension-crane-end-carriage-5t-300x226.jpg 300w, https:\/\/www.hnhlcranes.com\/wp-content\/uploads\/2024\/12\/European-Suspension-crane-end-carriage-5t-768x578.jpg 768w, https:\/\/www.hnhlcranes.com\/wp-content\/uploads\/2024\/12\/European-Suspension-crane-end-carriage-5t-600x451.jpg 600w, https:\/\/www.hnhlcranes.com\/wp-content\/uploads\/2024\/12\/European-Suspension-crane-end-carriage-5t.jpg 1000w\" sizes=\"(max-width: 901px) 100vw, 901px\" \/><\/p>\n<p>&nbsp;<\/p>\n<p>\u2460 buferis<i>\uff1b<\/i>\u2461Gala gaisma<i>\uff1b<\/i>\u2462Rite\u0146i<i>(vad\u012bt)\uff1b<\/i>\u2463Rite\u0146i<i>(d\u012bkst\u0101ve)\uff1b<\/i>\u2464Rite\u0146i<i>(d\u012bkst\u0101ves vai piedzi\u0146as re\u017e\u012bm\u0101)<\/i><\/p>\n<p>&nbsp;<\/p>\n<h3><strong><span style=\"font-family: arial, helvetica, sans-serif; font-size: 18pt;\">3.DU16 10t Piekares celt\u0146a gala rati\u0146i<\/span><\/strong><\/h3>\n<p><img decoding=\"async\" class=\"alignnone wp-image-7004\" src=\"https:\/\/www.hnhlcranes.com\/wp-content\/uploads\/2024\/12\/European-Suspension-crane-end-carriage-10t-300x216.jpg\" alt=\"\" width=\"900\" height=\"648\" srcset=\"https:\/\/www.hnhlcranes.com\/wp-content\/uploads\/2024\/12\/European-Suspension-crane-end-carriage-10t-300x216.jpg 300w, https:\/\/www.hnhlcranes.com\/wp-content\/uploads\/2024\/12\/European-Suspension-crane-end-carriage-10t-768x553.jpg 768w, https:\/\/www.hnhlcranes.com\/wp-content\/uploads\/2024\/12\/European-Suspension-crane-end-carriage-10t-600x432.jpg 600w, https:\/\/www.hnhlcranes.com\/wp-content\/uploads\/2024\/12\/European-Suspension-crane-end-carriage-10t.jpg 1000w\" sizes=\"(max-width: 900px) 100vw, 900px\" \/><\/p>\n<p>\u2460 buferis<i>\uff1b<\/i>\u2461Gala gaisma<i>\uff1b<\/i>\u2462Rite\u0146i<i>(vad\u012bt)\uff1b<\/i>\u2463Rite\u0146i<i>(d\u012bkst\u0101ve)\uff1b<\/i>\u2464Rite\u0146i<i>(d\u012bkst\u0101ves vai piedzi\u0146as re\u017e\u012bm\u0101)<\/i><\/p>","protected":false},"excerpt":{"rendered":"<h6><strong><span style=\"font-family: arial, helvetica, sans-serif; font-size: 14pt;\">Eiropas piekares celt\u0146a gala rati\u0146u specifik\u0101cijas<\/span><\/strong><\/h6>\n<ul>\n<li><strong>Mode\u013ci<\/strong>:DU10,DU13,DU16<\/li>\n<li><strong>Rite\u0146a materi\u0101ls<\/strong>: 40Cr<\/li>\n<li><strong>Rite\u0146u savienojumu veidi<\/strong>: gear<\/li>\n<li><strong>Atbilsto\u0161a trases forma:<\/strong> I-veida sijas, H-veida sijas<\/li>\n<\/ul>","protected":false},"featured_media":6999,"template":"","meta":{"_kad_post_transparent":"default","_kad_post_title":"","_kad_post_layout":"default","_kad_post_sidebar_id":"","_kad_post_content_style":"default","_kad_post_vertical_padding":"show","_kad_post_feature":"","_kad_post_feature_position":"","_kad_post_header":false,"_kad_post_footer":false},"product_brand":[],"product_cat":[62,61],"product_tag":[376,443,445,456,442,450,454,453,447,441,451,455,446,440,448,444,452,449],"class_list":{"0":"post-5659","1":"product","2":"type-product","3":"status-publish","4":"has-post-thumbnail","6":"product_cat-crane-end-carriage","7":"product_cat-european-crane-parts","8":"product_tag-china-crane-parts-supplier","9":"product_tag-crane-end-beam","10":"product_tag-crane-end-beam-manufacturer","11":"product_tag-crane-end-carriage","12":"product_tag-end-carriage","13":"product_tag-end-carriages","14":"product_tag-european-double-girder-crane-end-carriage","15":"product_tag-european-single-girder-crane-end-carriage","16":"product_tag-european-style-hoist-double-beam-crane-end-beam","17":"product_tag-european-style-single-beam-crane-end-carriage","18":"product_tag-european-style-suspended-single-beam-crane-end-beam","19":"product_tag-european-suspension-crane-end-carriage","20":"product_tag-fem-double-girder-crane-end-carriages","21":"product_tag-fem-single-girder-crane-end-carriage","22":"product_tag-fem-suspension-crane-end-carriage","23":"product_tag-fen-din-european-style-single-beam-crane-end-carriage","24":"product_tag-fen-din-suspension-crane-end-beam","25":"product_tag-suspension-crane-end-beam","27":"first","28":"instock","29":"shipping-taxable","30":"product-type-simple","31":"entry","32":"content-bg","33":"loop-entry"},"yoast_head":"<!-- This site is optimized with the Yoast SEO plugin v24.5 - https:\/\/yoast.com\/wordpress\/plugins\/seo\/ -->\n<title>European Suspension crane end carriage - Suspension end beamCrane Parts Manufacturer<\/title>\n<meta name=\"description\" content=\"Suspension crane end beam,European style suspended single beam crane end beam,FEN\/DIN Suspension crane end beam,European Suspension crane end carriage\" \/>\n<meta name=\"robots\" content=\"index, follow, max-snippet:-1, max-image-preview:large, max-video-preview:-1\" \/>\n<link rel=\"canonical\" href=\"https:\/\/www.hnhlcranes.com\/lv\/produkts\/eiropas-piekarinama-celtna-gala-ratini\/\" \/>\n<meta property=\"og:locale\" content=\"lv_LV\" \/>\n<meta property=\"og:type\" content=\"article\" \/>\n<meta property=\"og:title\" content=\"European Suspension crane end carriage - Suspension end beamCrane Parts Manufacturer\" \/>\n<meta property=\"og:description\" content=\"Suspension crane end beam,European style suspended single beam crane end beam,FEN\/DIN Suspension crane end beam,European Suspension crane end carriage\" \/>\n<meta property=\"og:url\" content=\"https:\/\/www.hnhlcranes.com\/lv\/produkts\/eiropas-piekarinama-celtna-gala-ratini\/\" \/>\n<meta property=\"og:site_name\" content=\"Crane Parts Manufacturer\" \/>\n<meta property=\"article:modified_time\" content=\"2025-01-07T17:06:53+00:00\" \/>\n<meta property=\"og:image\" content=\"https:\/\/www.hnhlcranes.com\/wp-content\/uploads\/2024\/12\/European-Suspension-crane-end-carriage.jpg\" \/>\n\t<meta property=\"og:image:width\" content=\"600\" \/>\n\t<meta property=\"og:image:height\" content=\"600\" \/>\n\t<meta property=\"og:image:type\" content=\"image\/jpeg\" \/>\n<meta name=\"twitter:card\" content=\"summary_large_image\" \/>\n<meta name=\"twitter:label1\" content=\"Est. reading time\" \/>\n\t<meta name=\"twitter:data1\" content=\"4 min\u016btes\" \/>\n<script type=\"application\/ld+json\" class=\"yoast-schema-graph\">{\"@context\":\"https:\/\/schema.org\",\"@graph\":[{\"@type\":\"WebPage\",\"@id\":\"https:\/\/www.hnhlcranes.com\/product\/european-suspension-crane-end-carriage\/\",\"url\":\"https:\/\/www.hnhlcranes.com\/product\/european-suspension-crane-end-carriage\/\",\"name\":\"European Suspension crane end carriage - Suspension end beamCrane Parts Manufacturer\",\"isPartOf\":{\"@id\":\"https:\/\/www.hnhlcranes.com\/#website\"},\"primaryImageOfPage\":{\"@id\":\"https:\/\/www.hnhlcranes.com\/product\/european-suspension-crane-end-carriage\/#primaryimage\"},\"image\":{\"@id\":\"https:\/\/www.hnhlcranes.com\/product\/european-suspension-crane-end-carriage\/#primaryimage\"},\"thumbnailUrl\":\"https:\/\/www.hnhlcranes.com\/wp-content\/uploads\/2024\/12\/European-Suspension-crane-end-carriage.jpg\",\"datePublished\":\"2024-12-03T09:07:45+00:00\",\"dateModified\":\"2025-01-07T17:06:53+00:00\",\"description\":\"Suspension crane end beam,European style suspended single beam crane end beam,FEN\/DIN Suspension crane end beam,European Suspension crane end carriage\",\"breadcrumb\":{\"@id\":\"https:\/\/www.hnhlcranes.com\/product\/european-suspension-crane-end-carriage\/#breadcrumb\"},\"inLanguage\":\"lv-LV\",\"potentialAction\":[{\"@type\":\"ReadAction\",\"target\":[\"https:\/\/www.hnhlcranes.com\/product\/european-suspension-crane-end-carriage\/\"]}]},{\"@type\":\"ImageObject\",\"inLanguage\":\"lv-LV\",\"@id\":\"https:\/\/www.hnhlcranes.com\/product\/european-suspension-crane-end-carriage\/#primaryimage\",\"url\":\"https:\/\/www.hnhlcranes.com\/wp-content\/uploads\/2024\/12\/European-Suspension-crane-end-carriage.jpg\",\"contentUrl\":\"https:\/\/www.hnhlcranes.com\/wp-content\/uploads\/2024\/12\/European-Suspension-crane-end-carriage.jpg\",\"width\":600,\"height\":600},{\"@type\":\"BreadcrumbList\",\"@id\":\"https:\/\/www.hnhlcranes.com\/product\/european-suspension-crane-end-carriage\/#breadcrumb\",\"itemListElement\":[{\"@type\":\"ListItem\",\"position\":1,\"name\":\"home\",\"item\":\"https:\/\/www.hnhlcranes.com\/\"},{\"@type\":\"ListItem\",\"position\":2,\"name\":\"products\",\"item\":\"https:\/\/www.hnhlcranes.com\/products\/\"},{\"@type\":\"ListItem\",\"position\":3,\"name\":\"European Suspension crane end carriage\"}]},{\"@type\":\"WebSite\",\"@id\":\"https:\/\/www.hnhlcranes.com\/#website\",\"url\":\"https:\/\/www.hnhlcranes.com\/\",\"name\":\"Crane Parts Manufacturer\",\"description\":\"Crane Wheels,Crane Drums,Crane Hooks,Crane Coupling,Crane End Carriage,Electric Hoist,European Crane Parts,Crane Rail Clip,Crane Spreader,Crane Motor,Crane Reducer,Crane Brake,Light Crane Parts,Workstation Crane Parts,Crane Electrical Parts,China Crane Parts Supplier,China Crane Parts Manufacturer,Angle box type crane wheel,45 degree split crane wheel,European crane wheel,Crane Wheel Blocks,Overhead crane drum,European crane drum,Overhead crane hook,European crane hook,Crane pulley block,Gear coupling,Brake wheel coupling,Drum gear coupling,Brake wheel drum gear coupling,Cardan Shaft Coupling,WZL drum coupling,Plum blossom elastic coupling,Brake wheel plum elastic coupling,European Single girder crane end carriage,European Double girder crane end carriage,European Suspension  crane end carriage,Wire Rope Electric Hoist,Electric Chain Hoist,European Single Girder Wire Rope Electric Hoist,European Double Girder Wire Rope Electric Hoist,Crane grab,Container spreader,Billet crane clamps,C-type hook,Lifting Electromagnet,YZR crane motor,YZP crane motor,ZQ Reducer,ZSC Reducer,QJ Reducer,QJ-L Reducer,QJY Reducer,H series gearbox,F Series Gear Motor,K Series Gear Motor,R Series Gear Motor,travelling machinery gear motor,Electro hydraulic drum brake,Electro hydraulic disc brake,Crane Safety brake,Crane cable trolley,Crane remote controller,Crane pendant controller,Crane electrical control cabinet,Crane limit switch,Crane sound and light alarm,Heavy Duty Aviation Connector,Crane overload limiter\",\"publisher\":{\"@id\":\"https:\/\/www.hnhlcranes.com\/#organization\"},\"potentialAction\":[{\"@type\":\"SearchAction\",\"target\":{\"@type\":\"EntryPoint\",\"urlTemplate\":\"https:\/\/www.hnhlcranes.com\/?s={search_term_string}\"},\"query-input\":{\"@type\":\"PropertyValueSpecification\",\"valueRequired\":true,\"valueName\":\"search_term_string\"}}],\"inLanguage\":\"lv-LV\"},{\"@type\":\"Organization\",\"@id\":\"https:\/\/www.hnhlcranes.com\/#organization\",\"name\":\"Crane Parts Manufacturer\",\"url\":\"https:\/\/www.hnhlcranes.com\/\",\"logo\":{\"@type\":\"ImageObject\",\"inLanguage\":\"lv-LV\",\"@id\":\"https:\/\/www.hnhlcranes.com\/#\/schema\/logo\/image\/\",\"url\":\"https:\/\/www.hnhlcranes.com\/wp-content\/uploads\/2025\/01\/HL-logo-1.png\",\"contentUrl\":\"https:\/\/www.hnhlcranes.com\/wp-content\/uploads\/2025\/01\/HL-logo-1.png\",\"width\":600,\"height\":169,\"caption\":\"Crane Parts Manufacturer\"},\"image\":{\"@id\":\"https:\/\/www.hnhlcranes.com\/#\/schema\/logo\/image\/\"}}]}<\/script>\n<!-- \/ Yoast SEO plugin. -->","yoast_head_json":{"title":"European Suspension crane end carriage - Suspension end beamCrane Parts Manufacturer","description":"Suspension crane end beam,European style suspended single beam crane end beam,FEN\/DIN Suspension crane end beam,European Suspension crane end carriage","robots":{"index":"index","follow":"follow","max-snippet":"max-snippet:-1","max-image-preview":"max-image-preview:large","max-video-preview":"max-video-preview:-1"},"canonical":"https:\/\/www.hnhlcranes.com\/lv\/produkts\/eiropas-piekarinama-celtna-gala-ratini\/","og_locale":"lv_LV","og_type":"article","og_title":"European Suspension crane end carriage - Suspension end beamCrane Parts Manufacturer","og_description":"Suspension crane end beam,European style suspended single beam crane end beam,FEN\/DIN Suspension crane end beam,European Suspension crane end carriage","og_url":"https:\/\/www.hnhlcranes.com\/lv\/produkts\/eiropas-piekarinama-celtna-gala-ratini\/","og_site_name":"Crane Parts Manufacturer","article_modified_time":"2025-01-07T17:06:53+00:00","og_image":[{"width":600,"height":600,"url":"https:\/\/www.hnhlcranes.com\/wp-content\/uploads\/2024\/12\/European-Suspension-crane-end-carriage.jpg","type":"image\/jpeg"}],"twitter_card":"summary_large_image","twitter_misc":{"Est. reading time":"4 min\u016btes"},"schema":{"@context":"https:\/\/schema.org","@graph":[{"@type":"WebPage","@id":"https:\/\/www.hnhlcranes.com\/product\/european-suspension-crane-end-carriage\/","url":"https:\/\/www.hnhlcranes.com\/product\/european-suspension-crane-end-carriage\/","name":"European Suspension crane end carriage - Suspension end beamCrane Parts Manufacturer","isPartOf":{"@id":"https:\/\/www.hnhlcranes.com\/#website"},"primaryImageOfPage":{"@id":"https:\/\/www.hnhlcranes.com\/product\/european-suspension-crane-end-carriage\/#primaryimage"},"image":{"@id":"https:\/\/www.hnhlcranes.com\/product\/european-suspension-crane-end-carriage\/#primaryimage"},"thumbnailUrl":"https:\/\/www.hnhlcranes.com\/wp-content\/uploads\/2024\/12\/European-Suspension-crane-end-carriage.jpg","datePublished":"2024-12-03T09:07:45+00:00","dateModified":"2025-01-07T17:06:53+00:00","description":"Suspension crane end beam,European style suspended single beam crane end beam,FEN\/DIN Suspension crane end beam,European Suspension crane end carriage","breadcrumb":{"@id":"https:\/\/www.hnhlcranes.com\/product\/european-suspension-crane-end-carriage\/#breadcrumb"},"inLanguage":"lv-LV","potentialAction":[{"@type":"ReadAction","target":["https:\/\/www.hnhlcranes.com\/product\/european-suspension-crane-end-carriage\/"]}]},{"@type":"ImageObject","inLanguage":"lv-LV","@id":"https:\/\/www.hnhlcranes.com\/product\/european-suspension-crane-end-carriage\/#primaryimage","url":"https:\/\/www.hnhlcranes.com\/wp-content\/uploads\/2024\/12\/European-Suspension-crane-end-carriage.jpg","contentUrl":"https:\/\/www.hnhlcranes.com\/wp-content\/uploads\/2024\/12\/European-Suspension-crane-end-carriage.jpg","width":600,"height":600},{"@type":"BreadcrumbList","@id":"https:\/\/www.hnhlcranes.com\/product\/european-suspension-crane-end-carriage\/#breadcrumb","itemListElement":[{"@type":"ListItem","position":1,"name":"home","item":"https:\/\/www.hnhlcranes.com\/"},{"@type":"ListItem","position":2,"name":"products","item":"https:\/\/www.hnhlcranes.com\/products\/"},{"@type":"ListItem","position":3,"name":"European Suspension crane end carriage"}]},{"@type":"WebSite","@id":"https:\/\/www.hnhlcranes.com\/#website","url":"https:\/\/www.hnhlcranes.com\/","name":"Crane Parts Manufacturer","description":"Crane Wheels,Crane Drums,Crane Hooks,Crane Coupling,Crane End Carriage,Electric Hoist,European Crane Parts,Crane Rail Clip,Crane Spreader,Crane Motor,Crane Reducer,Crane Brake,Light Crane Parts,Workstation Crane Parts,Crane Electrical Parts,China Crane Parts Supplier,China Crane Parts Manufacturer,Angle box type crane wheel,45 degree split crane wheel,European crane wheel,Crane Wheel Blocks,Overhead crane drum,European crane drum,Overhead crane hook,European crane hook,Crane pulley block,Gear coupling,Brake wheel coupling,Drum gear coupling,Brake wheel drum gear coupling,Cardan Shaft Coupling,WZL drum coupling,Plum blossom elastic coupling,Brake wheel plum elastic coupling,European Single girder crane end carriage,European Double girder crane end carriage,European Suspension  crane end carriage,Wire Rope Electric Hoist,Electric Chain Hoist,European Single Girder Wire Rope Electric Hoist,European Double Girder Wire Rope Electric Hoist,Crane grab,Container spreader,Billet crane clamps,C-type hook,Lifting Electromagnet,YZR crane motor,YZP crane motor,ZQ Reducer,ZSC Reducer,QJ Reducer,QJ-L Reducer,QJY Reducer,H series gearbox,F Series Gear Motor,K Series Gear Motor,R Series Gear Motor,travelling machinery gear motor,Electro hydraulic drum brake,Electro hydraulic disc brake,Crane Safety brake,Crane cable trolley,Crane remote controller,Crane pendant controller,Crane electrical control cabinet,Crane limit switch,Crane sound and light alarm,Heavy Duty Aviation Connector,Crane overload limiter","publisher":{"@id":"https:\/\/www.hnhlcranes.com\/#organization"},"potentialAction":[{"@type":"SearchAction","target":{"@type":"EntryPoint","urlTemplate":"https:\/\/www.hnhlcranes.com\/?s={search_term_string}"},"query-input":{"@type":"PropertyValueSpecification","valueRequired":true,"valueName":"search_term_string"}}],"inLanguage":"lv-LV"},{"@type":"Organization","@id":"https:\/\/www.hnhlcranes.com\/#organization","name":"Crane Parts Manufacturer","url":"https:\/\/www.hnhlcranes.com\/","logo":{"@type":"ImageObject","inLanguage":"lv-LV","@id":"https:\/\/www.hnhlcranes.com\/#\/schema\/logo\/image\/","url":"https:\/\/www.hnhlcranes.com\/wp-content\/uploads\/2025\/01\/HL-logo-1.png","contentUrl":"https:\/\/www.hnhlcranes.com\/wp-content\/uploads\/2025\/01\/HL-logo-1.png","width":600,"height":169,"caption":"Crane Parts Manufacturer"},"image":{"@id":"https:\/\/www.hnhlcranes.com\/#\/schema\/logo\/image\/"}}]}},"_links":{"self":[{"href":"https:\/\/www.hnhlcranes.com\/lv\/wp-json\/wp\/v2\/product\/5659","targetHints":{"allow":["GET"]}}],"collection":[{"href":"https:\/\/www.hnhlcranes.com\/lv\/wp-json\/wp\/v2\/product"}],"about":[{"href":"https:\/\/www.hnhlcranes.com\/lv\/wp-json\/wp\/v2\/types\/product"}],"version-history":[{"count":6,"href":"https:\/\/www.hnhlcranes.com\/lv\/wp-json\/wp\/v2\/product\/5659\/revisions"}],"predecessor-version":[{"id":7008,"href":"https:\/\/www.hnhlcranes.com\/lv\/wp-json\/wp\/v2\/product\/5659\/revisions\/7008"}],"wp:featuredmedia":[{"embeddable":true,"href":"https:\/\/www.hnhlcranes.com\/lv\/wp-json\/wp\/v2\/media\/6999"}],"wp:attachment":[{"href":"https:\/\/www.hnhlcranes.com\/lv\/wp-json\/wp\/v2\/media?parent=5659"}],"wp:term":[{"taxonomy":"product_brand","embeddable":true,"href":"https:\/\/www.hnhlcranes.com\/lv\/wp-json\/wp\/v2\/product_brand?post=5659"},{"taxonomy":"product_cat","embeddable":true,"href":"https:\/\/www.hnhlcranes.com\/lv\/wp-json\/wp\/v2\/product_cat?post=5659"},{"taxonomy":"product_tag","embeddable":true,"href":"https:\/\/www.hnhlcranes.com\/lv\/wp-json\/wp\/v2\/product_tag?post=5659"}],"curies":[{"name":"wp","href":"https:\/\/api.w.org\/{rel}","templated":true}]}}