{"id":5740,"date":"2024-12-05T22:42:34","date_gmt":"2024-12-05T14:42:34","guid":{"rendered":"https:\/\/www.hnhlcranes.com\/?post_type=product&#038;p=5740"},"modified":"2025-01-14T23:36:45","modified_gmt":"2025-01-14T15:36:45","slug":"celtna-talvadibas-pults","status":"publish","type":"product","link":"https:\/\/www.hnhlcranes.com\/lv\/produkts\/celtna-talvadibas-pults\/","title":{"rendered":"Kr\u0101na t\u0101lvad\u012bbas pults"},"content":{"rendered":"<div class=\"flex max-w-full flex-col flex-grow\">\n<div class=\"min-h-8 text-message flex w-full flex-col items-end gap-2 whitespace-normal break-words [.text-message+&amp;]:mt-5\" dir=\"auto\" data-message-author-role=\"assistant\" data-message-id=\"d22886da-3fb2-45fa-876a-33dd54db9fd5\" data-message-model-slug=\"gpt-4o\">\n<div class=\"flex w-full flex-col gap-1 empty:hidden first:pt-[3px]\">\n<div class=\"markdown prose w-full break-words dark:prose-invert light\">\n<h3>Kr\u0101na t\u0101lvad\u012bbas pults p\u0101rskats<\/h3>\n<p>Celt\u0146a t\u0101lvad\u012bbas pults ir bezvadu vad\u012bbas ier\u012bce, kas \u012bpa\u0161i izstr\u0101d\u0101ta celt\u0146a darb\u012bbai. To pla\u0161i izmanto da\u017e\u0101d\u0101s r\u016bpniec\u012bbas jom\u0101s, piem\u0113ram, ra\u017eo\u0161an\u0101, lo\u0123istik\u0101, ost\u0101s un b\u016bvniec\u012bb\u0101. Veicot bezvadu sazi\u0146u ar celt\u0146a vad\u012bbas sist\u0113mu, tas \u013cauj operatoriem att\u0101lin\u0101ti kontrol\u0113t celt\u0146a funkcijas, iev\u0113rojami uzlabojot gan darba efektivit\u0101ti, gan dro\u0161\u012bbu.<\/p>\n<h3>Kr\u0101na t\u0101lvad\u012bbas pults galven\u0101s funkcijas<\/h3>\n<ul>\n<li><strong>Bezvadu vad\u012bba<\/strong>: T\u0101lvad\u012bbas pults \u013cauj bezvadu re\u017e\u012bm\u0101 vad\u012bt galven\u0101s celt\u0146a funkcijas, tostarp iedarbin\u0101\u0161anu, aptur\u0113\u0161anu, pacel\u0161anu un p\u0101rvieto\u0161anu. Tas nodro\u0161ina liel\u0101ku elast\u012bbu un nov\u0113r\u0161 tradicion\u0101lo manu\u0101l\u0101s vad\u012bbas meto\u017eu ierobe\u017eojumus.<\/li>\n<li><strong>Daudzfunkciju pogas<\/strong>: Kontrolieris ir apr\u012bkots ar vair\u0101k\u0101m pog\u0101m, kas \u013cauj prec\u012bzi kontrol\u0113t da\u017e\u0101das celt\u0146a funkcijas, piem\u0113ram, pacel\u0161anu, rot\u0101ciju, kust\u012bbu un av\u0101rijas apst\u0101\u0161anos. \u0160\u012b konstrukcija nodro\u0161ina augstu darb\u012bbas daudzpus\u012bbas pak\u0101pi.<\/li>\n<li><strong>Dro\u0161\u012bbas l\u012bdzek\u013ci<\/strong>: T\u0101lvad\u012bbas pults ir apr\u012bkota ar av\u0101rijas aptur\u0113\u0161anas pogu, kas \u013cauj operatoram nekav\u0113joties aptur\u0113t celtni briesmu gad\u012bjum\u0101. Turkl\u0101t da\u017eos mode\u013cos tiek r\u0101d\u012bts akumulatora uzl\u0101des l\u012bmenis, lai operators var\u0113tu nomain\u012bt akumulatorus, pirms tie ir izsmelti.<\/li>\n<li><strong>Att\u0101l\u0101 darb\u012bba<\/strong>: Izmantojot t\u0101lvad\u012bbas pulti, operatori var veikt celt\u0146a darb\u012bbas no dro\u0161a att\u0101luma, l\u012bdz minimumam samazinot b\u012bstamas vides iedarb\u012bbu un nelaimes gad\u012bjumu risku.<\/li>\n<li><strong>Vair\u0101ki darb\u012bbas re\u017e\u012bmi<\/strong>: Da\u017ei mode\u013ci pied\u0101v\u0101 da\u017e\u0101dus darb\u012bbas re\u017e\u012bmus, piem\u0113ram, viena \u0101truma, main\u012bga \u0101truma un divu \u0101trumu vad\u012bbu. Tas \u013cauj veikt regul\u0113\u0161anu, pamatojoties uz konkr\u0113t\u0101m ekspluat\u0101cijas pras\u012bb\u0101m, t\u0101d\u0113j\u0101di v\u0113l vair\u0101k palielinot vad\u012bbas elast\u012bbu.<\/li>\n<\/ul>\n<h3>Galven\u0101s funkcijas<\/h3>\n<ul>\n<li><strong>Lieto\u0161anas \u0113rtums<\/strong>: Pateicoties intuit\u012bvajam interfeisam un pogu izk\u0101rtojumam, t\u0101lvad\u012bbas pults \u013cauj operatoriem \u0101tri apg\u016bt t\u0101s lieto\u0161anu un efekt\u012bvi veikt celt\u0146a uzdevumus.<\/li>\n<li><strong>Efektivit\u0101te<\/strong>: Vad\u012bbas ier\u012bce nekav\u0113joties rea\u0123\u0113 uz komand\u0101m, kas pa\u0101trina darb\u012bbu un samazina operatoru fizisko slodzi.<\/li>\n<li><strong>Stabilit\u0101te<\/strong>: Izmantojot modernu bezvadu tehnolo\u0123iju, kontrolieris nodro\u0161ina stabilu sign\u0101la p\u0101rraidi, nov\u0113r\u0161ot trauc\u0113jumus, kas var\u0113tu izrais\u012bt nepareizu darb\u012bbu.<\/li>\n<li><strong>Iztur\u012bba<\/strong>: Kontroliera korpuss ir izgatavots no triecieniztur\u012bgiem, iztur\u012bgiem materi\u0101liem, kas nodro\u0161ina t\u0101 iztur\u012bbu skarbos darba apst\u0101k\u013cos un ilgu kalpo\u0161anas laiku.<\/li>\n<\/ul>\n<h3>Pieteikumi<\/h3>\n<ul>\n<li><strong>Celt\u0146i<\/strong>: T\u0101lvad\u012bbas pults parasti tiek izmantota kop\u0101 ar t\u0101diem celt\u0146iem k\u0101 tilta celt\u0146i, port\u0101lcelt\u0146i un str\u0113les celt\u0146i, nodro\u0161inot efekt\u012bvu un dro\u0161u darb\u012bbu da\u017e\u0101dos cel\u0161anas uzdevumos.<\/li>\n<li><strong>R\u016bpniecisk\u0101s darbn\u012bcas<\/strong>: Liel\u0101s ra\u017eotn\u0113s operatori izmanto t\u0101lvad\u012bbas pulti, lai prec\u012bzi vad\u012btu celt\u0146us, nodro\u0161inot vienm\u0113r\u012bgu darb\u012bbu vis\u0101 ra\u017eo\u0161anas l\u012bnijas garum\u0101.<\/li>\n<li><strong>Ostas lo\u0123istika<\/strong>: Ostu t\u0101lvad\u012bbas pults \u013cauj operatoriem kontrol\u0113t celt\u0146us un iekrau\u0161anas\/izkrau\u0161anas iek\u0101rtas no dro\u0161a att\u0101luma, t\u0101d\u0113j\u0101di samazinot iesp\u0113jamos apdraud\u0113jumus.<\/li>\n<\/ul>\n<h3>Secin\u0101jums<\/h3>\n<p>Nobeigum\u0101 var secin\u0101t, ka celt\u0146a t\u0101lvad\u012bbas pults ir b\u016btisks r\u012bks m\u016bsdienu celt\u0146u darb\u012bb\u0101. Izmantojot bezvadu vad\u012bbas tehnolo\u0123iju, tas uzlabo dro\u0161\u012bbu un efektivit\u0101ti, pied\u0101v\u0101jot operatoriem elast\u012bbu celt\u0146u t\u0101lvad\u012bbas vad\u012bb\u0101. Tas uzlabo dro\u0161\u012bbu, palielina produktivit\u0101ti un veicina dro\u0161\u0101ku un efekt\u012bv\u0101ku darba vidi.<\/p>\n<\/div>\n<\/div>\n<\/div>\n<\/div>\n<p>&nbsp;<\/p>","protected":false},"excerpt":{"rendered":"<h6><strong><span style=\"font-family: arial, helvetica, sans-serif; font-size: 14pt;\">Kr\u0101na t\u0101lvad\u012bbas pults specifik\u0101cijas<\/span><\/strong><\/h6>\n<ul>\n<li><strong>Mode\u013ca opcijas<\/strong>: F24-6D, F24-8D, F24-10D, F24-12D, F24-60<\/li>\n<li><strong>Pogas opcijas<\/strong>: 6, 8, 10, 12 pogas vai vad\u012bbas d\u017eoistiks<\/li>\n<li><strong>Aizsardz\u012bbas nov\u0113rt\u0113jums<\/strong>: IP65<\/li>\n<li><strong>Frekven\u010du diapazons<\/strong>: VHF: 310-331 MHz; UHF: 425-446 MHz.<\/li>\n<li><strong>Uztv\u0113r\u0113ja baro\u0161anas opcijas<\/strong>: 24V, 36V, 220V, 380V (p\u0113c izv\u0113les)<\/li>\n<li><strong>Darba temperat\u016bra<\/strong>: -40\u00b0C l\u012bdz +85\u00b0C<\/li>\n<li><strong>Kontroles att\u0101lums<\/strong>: L\u012bdz 100 m atkl\u0101t\u0101 vid\u0113<\/li>\n<\/ul>","protected":false},"featured_media":7455,"template":"","meta":{"_kad_post_transparent":"default","_kad_post_title":"","_kad_post_layout":"default","_kad_post_sidebar_id":"","_kad_post_content_style":"default","_kad_post_vertical_padding":"show","_kad_post_feature":"","_kad_post_feature_position":"","_kad_post_header":false,"_kad_post_footer":false},"product_brand":[],"product_cat":[65],"product_tag":[632,622,376,634,612,616,626,627,629,613,617,620,615,614,618,628,619,621,623,630,635,633,625,631,624],"class_list":{"0":"post-5740","1":"product","2":"type-product","3":"status-publish","4":"has-post-thumbnail","6":"product_cat-crane-electrical-parts","7":"product_tag-aviation-plug","8":"product_tag-cable-trolley","9":"product_tag-china-crane-parts-supplier","10":"product_tag-crane-aviation-plug","11":"product_tag-crane-cable-trolley","12":"product_tag-crane-control-cabinet","13":"product_tag-crane-control-handle","14":"product_tag-crane-controls","15":"product_tag-crane-electrical-control-cabinet","16":"product_tag-crane-electrical-part","17":"product_tag-crane-limit-switch","18":"product_tag-crane-overload-limiter","19":"product_tag-crane-pendant-controller","20":"product_tag-crane-remote-controller","21":"product_tag-crane-sound-and-light-alarm","22":"product_tag-electrical-control-cabinet","23":"product_tag-heavy-duty-aviation-connector","24":"product_tag-i-beam-cable-trolley","25":"product_tag-i-beam-cable-trolley-supplier","26":"product_tag-limit-switch","27":"product_tag-overload-limiter","28":"product_tag-quick-connector","29":"product_tag-remote-controller","30":"product_tag-sound-and-light-alarm","31":"product_tag-wireless-remote-control","33":"first","34":"instock","35":"shipping-taxable","36":"product-type-simple","37":"entry","38":"content-bg","39":"loop-entry"},"yoast_head":"<!-- This site is optimized with the Yoast SEO plugin v24.5 - https:\/\/yoast.com\/wordpress\/plugins\/seo\/ -->\n<title>Crane remote controller - Wireless remote control-remote controller- Crane Parts Manufacturer<\/title>\n<meta name=\"description\" content=\"Crane remote controller,Wireless remote control,remote controller, remote controller manufacturer,remote controller Supplier,Crane Electrical Parts\" \/>\n<meta name=\"robots\" content=\"index, follow, max-snippet:-1, max-image-preview:large, max-video-preview:-1\" \/>\n<link rel=\"canonical\" href=\"https:\/\/www.hnhlcranes.com\/lv\/produkts\/celtna-talvadibas-pults\/\" \/>\n<meta property=\"og:locale\" content=\"lv_LV\" \/>\n<meta property=\"og:type\" content=\"article\" \/>\n<meta property=\"og:title\" content=\"Crane remote controller - Wireless remote control-remote controller- Crane Parts Manufacturer\" \/>\n<meta property=\"og:description\" content=\"Crane remote controller,Wireless remote control,remote controller, remote controller manufacturer,remote controller Supplier,Crane Electrical Parts\" \/>\n<meta property=\"og:url\" content=\"https:\/\/www.hnhlcranes.com\/lv\/produkts\/celtna-talvadibas-pults\/\" \/>\n<meta property=\"og:site_name\" content=\"Crane Parts Manufacturer\" \/>\n<meta property=\"article:modified_time\" content=\"2025-01-14T15:36:45+00:00\" \/>\n<meta property=\"og:image\" content=\"https:\/\/www.hnhlcranes.com\/wp-content\/uploads\/2024\/12\/Crane-remote-controller.jpg\" \/>\n\t<meta property=\"og:image:width\" content=\"600\" \/>\n\t<meta property=\"og:image:height\" content=\"600\" \/>\n\t<meta property=\"og:image:type\" content=\"image\/jpeg\" \/>\n<meta name=\"twitter:card\" content=\"summary_large_image\" \/>\n<meta name=\"twitter:label1\" content=\"Est. reading time\" \/>\n\t<meta name=\"twitter:data1\" content=\"3 min\u016btes\" \/>\n<script type=\"application\/ld+json\" class=\"yoast-schema-graph\">{\"@context\":\"https:\/\/schema.org\",\"@graph\":[{\"@type\":\"WebPage\",\"@id\":\"https:\/\/www.hnhlcranes.com\/product\/crane-remote-controller\/\",\"url\":\"https:\/\/www.hnhlcranes.com\/product\/crane-remote-controller\/\",\"name\":\"Crane remote controller - Wireless remote control-remote controller- Crane Parts Manufacturer\",\"isPartOf\":{\"@id\":\"https:\/\/www.hnhlcranes.com\/#website\"},\"primaryImageOfPage\":{\"@id\":\"https:\/\/www.hnhlcranes.com\/product\/crane-remote-controller\/#primaryimage\"},\"image\":{\"@id\":\"https:\/\/www.hnhlcranes.com\/product\/crane-remote-controller\/#primaryimage\"},\"thumbnailUrl\":\"https:\/\/www.hnhlcranes.com\/wp-content\/uploads\/2024\/12\/Crane-remote-controller.jpg\",\"datePublished\":\"2024-12-05T14:42:34+00:00\",\"dateModified\":\"2025-01-14T15:36:45+00:00\",\"description\":\"Crane remote controller,Wireless remote control,remote controller, remote controller manufacturer,remote controller Supplier,Crane Electrical Parts\",\"breadcrumb\":{\"@id\":\"https:\/\/www.hnhlcranes.com\/product\/crane-remote-controller\/#breadcrumb\"},\"inLanguage\":\"lv-LV\",\"potentialAction\":[{\"@type\":\"ReadAction\",\"target\":[\"https:\/\/www.hnhlcranes.com\/product\/crane-remote-controller\/\"]}]},{\"@type\":\"ImageObject\",\"inLanguage\":\"lv-LV\",\"@id\":\"https:\/\/www.hnhlcranes.com\/product\/crane-remote-controller\/#primaryimage\",\"url\":\"https:\/\/www.hnhlcranes.com\/wp-content\/uploads\/2024\/12\/Crane-remote-controller.jpg\",\"contentUrl\":\"https:\/\/www.hnhlcranes.com\/wp-content\/uploads\/2024\/12\/Crane-remote-controller.jpg\",\"width\":600,\"height\":600},{\"@type\":\"BreadcrumbList\",\"@id\":\"https:\/\/www.hnhlcranes.com\/product\/crane-remote-controller\/#breadcrumb\",\"itemListElement\":[{\"@type\":\"ListItem\",\"position\":1,\"name\":\"home\",\"item\":\"https:\/\/www.hnhlcranes.com\/\"},{\"@type\":\"ListItem\",\"position\":2,\"name\":\"products\",\"item\":\"https:\/\/www.hnhlcranes.com\/products\/\"},{\"@type\":\"ListItem\",\"position\":3,\"name\":\"Crane remote controller\"}]},{\"@type\":\"WebSite\",\"@id\":\"https:\/\/www.hnhlcranes.com\/#website\",\"url\":\"https:\/\/www.hnhlcranes.com\/\",\"name\":\"Crane Parts Manufacturer\",\"description\":\"Crane Wheels,Crane Drums,Crane Hooks,Crane Coupling,Crane End Carriage,Electric Hoist,European Crane Parts,Crane Rail Clip,Crane Spreader,Crane Motor,Crane Reducer,Crane Brake,Light Crane Parts,Workstation Crane Parts,Crane Electrical Parts,China Crane Parts Supplier,China Crane Parts Manufacturer,Angle box type crane wheel,45 degree split crane wheel,European crane wheel,Crane Wheel Blocks,Overhead crane drum,European crane drum,Overhead crane hook,European crane hook,Crane pulley block,Gear coupling,Brake wheel coupling,Drum gear coupling,Brake wheel drum gear coupling,Cardan Shaft Coupling,WZL drum coupling,Plum blossom elastic coupling,Brake wheel plum elastic coupling,European Single girder crane end carriage,European Double girder crane end carriage,European Suspension  crane end carriage,Wire Rope Electric Hoist,Electric Chain Hoist,European Single Girder Wire Rope Electric Hoist,European Double Girder Wire Rope Electric Hoist,Crane grab,Container spreader,Billet crane clamps,C-type hook,Lifting Electromagnet,YZR crane motor,YZP crane motor,ZQ Reducer,ZSC Reducer,QJ Reducer,QJ-L Reducer,QJY Reducer,H series gearbox,F Series Gear Motor,K Series Gear Motor,R Series Gear Motor,travelling machinery gear motor,Electro hydraulic drum brake,Electro hydraulic disc brake,Crane Safety brake,Crane cable trolley,Crane remote controller,Crane pendant controller,Crane electrical control cabinet,Crane limit switch,Crane sound and light alarm,Heavy Duty Aviation Connector,Crane overload limiter\",\"publisher\":{\"@id\":\"https:\/\/www.hnhlcranes.com\/#organization\"},\"potentialAction\":[{\"@type\":\"SearchAction\",\"target\":{\"@type\":\"EntryPoint\",\"urlTemplate\":\"https:\/\/www.hnhlcranes.com\/?s={search_term_string}\"},\"query-input\":{\"@type\":\"PropertyValueSpecification\",\"valueRequired\":true,\"valueName\":\"search_term_string\"}}],\"inLanguage\":\"lv-LV\"},{\"@type\":\"Organization\",\"@id\":\"https:\/\/www.hnhlcranes.com\/#organization\",\"name\":\"Crane Parts Manufacturer\",\"url\":\"https:\/\/www.hnhlcranes.com\/\",\"logo\":{\"@type\":\"ImageObject\",\"inLanguage\":\"lv-LV\",\"@id\":\"https:\/\/www.hnhlcranes.com\/#\/schema\/logo\/image\/\",\"url\":\"https:\/\/www.hnhlcranes.com\/wp-content\/uploads\/2025\/01\/HL-logo-1.png\",\"contentUrl\":\"https:\/\/www.hnhlcranes.com\/wp-content\/uploads\/2025\/01\/HL-logo-1.png\",\"width\":600,\"height\":169,\"caption\":\"Crane Parts Manufacturer\"},\"image\":{\"@id\":\"https:\/\/www.hnhlcranes.com\/#\/schema\/logo\/image\/\"}}]}<\/script>\n<!-- \/ Yoast SEO plugin. -->","yoast_head_json":{"title":"Crane remote controller - Wireless remote control-remote controller- Crane Parts Manufacturer","description":"Crane remote controller,Wireless remote control,remote controller, remote controller manufacturer,remote controller Supplier,Crane Electrical Parts","robots":{"index":"index","follow":"follow","max-snippet":"max-snippet:-1","max-image-preview":"max-image-preview:large","max-video-preview":"max-video-preview:-1"},"canonical":"https:\/\/www.hnhlcranes.com\/lv\/produkts\/celtna-talvadibas-pults\/","og_locale":"lv_LV","og_type":"article","og_title":"Crane remote controller - Wireless remote control-remote controller- Crane Parts Manufacturer","og_description":"Crane remote controller,Wireless remote control,remote controller, remote controller manufacturer,remote controller Supplier,Crane Electrical Parts","og_url":"https:\/\/www.hnhlcranes.com\/lv\/produkts\/celtna-talvadibas-pults\/","og_site_name":"Crane Parts Manufacturer","article_modified_time":"2025-01-14T15:36:45+00:00","og_image":[{"width":600,"height":600,"url":"https:\/\/www.hnhlcranes.com\/wp-content\/uploads\/2024\/12\/Crane-remote-controller.jpg","type":"image\/jpeg"}],"twitter_card":"summary_large_image","twitter_misc":{"Est. reading time":"3 min\u016btes"},"schema":{"@context":"https:\/\/schema.org","@graph":[{"@type":"WebPage","@id":"https:\/\/www.hnhlcranes.com\/product\/crane-remote-controller\/","url":"https:\/\/www.hnhlcranes.com\/product\/crane-remote-controller\/","name":"Crane remote controller - Wireless remote control-remote controller- Crane Parts Manufacturer","isPartOf":{"@id":"https:\/\/www.hnhlcranes.com\/#website"},"primaryImageOfPage":{"@id":"https:\/\/www.hnhlcranes.com\/product\/crane-remote-controller\/#primaryimage"},"image":{"@id":"https:\/\/www.hnhlcranes.com\/product\/crane-remote-controller\/#primaryimage"},"thumbnailUrl":"https:\/\/www.hnhlcranes.com\/wp-content\/uploads\/2024\/12\/Crane-remote-controller.jpg","datePublished":"2024-12-05T14:42:34+00:00","dateModified":"2025-01-14T15:36:45+00:00","description":"Crane remote controller,Wireless remote control,remote controller, remote controller manufacturer,remote controller Supplier,Crane Electrical Parts","breadcrumb":{"@id":"https:\/\/www.hnhlcranes.com\/product\/crane-remote-controller\/#breadcrumb"},"inLanguage":"lv-LV","potentialAction":[{"@type":"ReadAction","target":["https:\/\/www.hnhlcranes.com\/product\/crane-remote-controller\/"]}]},{"@type":"ImageObject","inLanguage":"lv-LV","@id":"https:\/\/www.hnhlcranes.com\/product\/crane-remote-controller\/#primaryimage","url":"https:\/\/www.hnhlcranes.com\/wp-content\/uploads\/2024\/12\/Crane-remote-controller.jpg","contentUrl":"https:\/\/www.hnhlcranes.com\/wp-content\/uploads\/2024\/12\/Crane-remote-controller.jpg","width":600,"height":600},{"@type":"BreadcrumbList","@id":"https:\/\/www.hnhlcranes.com\/product\/crane-remote-controller\/#breadcrumb","itemListElement":[{"@type":"ListItem","position":1,"name":"home","item":"https:\/\/www.hnhlcranes.com\/"},{"@type":"ListItem","position":2,"name":"products","item":"https:\/\/www.hnhlcranes.com\/products\/"},{"@type":"ListItem","position":3,"name":"Crane remote controller"}]},{"@type":"WebSite","@id":"https:\/\/www.hnhlcranes.com\/#website","url":"https:\/\/www.hnhlcranes.com\/","name":"Crane Parts Manufacturer","description":"Crane Wheels,Crane Drums,Crane Hooks,Crane Coupling,Crane End Carriage,Electric Hoist,European Crane Parts,Crane Rail Clip,Crane Spreader,Crane Motor,Crane Reducer,Crane Brake,Light Crane Parts,Workstation Crane Parts,Crane Electrical Parts,China Crane Parts Supplier,China Crane Parts Manufacturer,Angle box type crane wheel,45 degree split crane wheel,European crane wheel,Crane Wheel Blocks,Overhead crane drum,European crane drum,Overhead crane hook,European crane hook,Crane pulley block,Gear coupling,Brake wheel coupling,Drum gear coupling,Brake wheel drum gear coupling,Cardan Shaft Coupling,WZL drum coupling,Plum blossom elastic coupling,Brake wheel plum elastic coupling,European Single girder crane end carriage,European Double girder crane end carriage,European Suspension  crane end carriage,Wire Rope Electric Hoist,Electric Chain Hoist,European Single Girder Wire Rope Electric Hoist,European Double Girder Wire Rope Electric Hoist,Crane grab,Container spreader,Billet crane clamps,C-type hook,Lifting Electromagnet,YZR crane motor,YZP crane motor,ZQ Reducer,ZSC Reducer,QJ Reducer,QJ-L Reducer,QJY Reducer,H series gearbox,F Series Gear Motor,K Series Gear Motor,R Series Gear Motor,travelling machinery gear motor,Electro hydraulic drum brake,Electro hydraulic disc brake,Crane Safety brake,Crane cable trolley,Crane remote controller,Crane pendant controller,Crane electrical control cabinet,Crane limit switch,Crane sound and light alarm,Heavy Duty Aviation Connector,Crane overload limiter","publisher":{"@id":"https:\/\/www.hnhlcranes.com\/#organization"},"potentialAction":[{"@type":"SearchAction","target":{"@type":"EntryPoint","urlTemplate":"https:\/\/www.hnhlcranes.com\/?s={search_term_string}"},"query-input":{"@type":"PropertyValueSpecification","valueRequired":true,"valueName":"search_term_string"}}],"inLanguage":"lv-LV"},{"@type":"Organization","@id":"https:\/\/www.hnhlcranes.com\/#organization","name":"Crane Parts Manufacturer","url":"https:\/\/www.hnhlcranes.com\/","logo":{"@type":"ImageObject","inLanguage":"lv-LV","@id":"https:\/\/www.hnhlcranes.com\/#\/schema\/logo\/image\/","url":"https:\/\/www.hnhlcranes.com\/wp-content\/uploads\/2025\/01\/HL-logo-1.png","contentUrl":"https:\/\/www.hnhlcranes.com\/wp-content\/uploads\/2025\/01\/HL-logo-1.png","width":600,"height":169,"caption":"Crane Parts Manufacturer"},"image":{"@id":"https:\/\/www.hnhlcranes.com\/#\/schema\/logo\/image\/"}}]}},"_links":{"self":[{"href":"https:\/\/www.hnhlcranes.com\/lv\/wp-json\/wp\/v2\/product\/5740","targetHints":{"allow":["GET"]}}],"collection":[{"href":"https:\/\/www.hnhlcranes.com\/lv\/wp-json\/wp\/v2\/product"}],"about":[{"href":"https:\/\/www.hnhlcranes.com\/lv\/wp-json\/wp\/v2\/types\/product"}],"version-history":[{"count":3,"href":"https:\/\/www.hnhlcranes.com\/lv\/wp-json\/wp\/v2\/product\/5740\/revisions"}],"predecessor-version":[{"id":7458,"href":"https:\/\/www.hnhlcranes.com\/lv\/wp-json\/wp\/v2\/product\/5740\/revisions\/7458"}],"wp:featuredmedia":[{"embeddable":true,"href":"https:\/\/www.hnhlcranes.com\/lv\/wp-json\/wp\/v2\/media\/7455"}],"wp:attachment":[{"href":"https:\/\/www.hnhlcranes.com\/lv\/wp-json\/wp\/v2\/media?parent=5740"}],"wp:term":[{"taxonomy":"product_brand","embeddable":true,"href":"https:\/\/www.hnhlcranes.com\/lv\/wp-json\/wp\/v2\/product_brand?post=5740"},{"taxonomy":"product_cat","embeddable":true,"href":"https:\/\/www.hnhlcranes.com\/lv\/wp-json\/wp\/v2\/product_cat?post=5740"},{"taxonomy":"product_tag","embeddable":true,"href":"https:\/\/www.hnhlcranes.com\/lv\/wp-json\/wp\/v2\/product_tag?post=5740"}],"curies":[{"name":"wp","href":"https:\/\/api.w.org\/{rel}","templated":true}]}}