{"id":5763,"date":"2024-12-05T23:37:16","date_gmt":"2024-12-05T15:37:16","guid":{"rendered":"https:\/\/www.hnhlcranes.com\/?post_type=product&#038;p=5763"},"modified":"2025-01-14T23:58:43","modified_gmt":"2025-01-14T15:58:43","slug":"celtna-elektriskas-vadibas-skapis","status":"publish","type":"product","link":"https:\/\/www.hnhlcranes.com\/lv\/produkts\/celtna-elektriskas-vadibas-skapis\/","title":{"rendered":"Celt\u0146a elektrisk\u0101s vad\u012bbas skapis"},"content":{"rendered":"<div class=\"flex max-w-full flex-col flex-grow\">\n<div class=\"min-h-8 text-message flex w-full flex-col items-end gap-2 whitespace-normal break-words text-start [.text-message+&amp;]:mt-5\" dir=\"auto\" data-message-author-role=\"assistant\" data-message-id=\"c900b7fa-04cb-4382-81d9-3bfa02a01192\" data-message-model-slug=\"gpt-4o\">\n<div class=\"flex w-full flex-col gap-1 empty:hidden first:pt-[3px]\">\n<div class=\"markdown prose w-full break-words dark:prose-invert light\">\n<h3>Ievads celt\u0146a vad\u012bbas skap\u012b<\/h3>\n<p>Celt\u0146a vad\u012bbas skapis ir celt\u0146u un pacel\u0161anas iek\u0101rtu elektrisk\u0101s vad\u012bbas sist\u0113mas galven\u0101 sast\u0101vda\u013ca. Tas darbojas k\u0101 centr\u0101lais mezgls da\u017e\u0101du celt\u0146a oper\u0101ciju, tostarp pacel\u0161anas, nolai\u0161anas, p\u0101rvieto\u0161anas un rot\u0101cijas, vad\u012bbai un regul\u0113\u0161anai. Kr\u0101na vad\u012bbas skapis, kur\u0101 ir izvietoti b\u016btiski vad\u012bbas elementi, dro\u0161\u012bbas ier\u012bces un ener\u0123ijas sadales sist\u0113mas, nodro\u0161ina efekt\u012bvu, dro\u0161u un uzticamu celt\u0146u darb\u012bbu da\u017e\u0101dos r\u016bpnieciskos lietojumos.<\/p>\n<h3>Galven\u0101s funkcijas un funkcijas<\/h3>\n<ol>\n<li><strong>Centraliz\u0113ta kontrole<\/strong>: Vad\u012bbas skap\u012b atrodas da\u017e\u0101di vad\u012bbas elementi, piem\u0113ram, motoru starteri, releji, kontaktori un sl\u0113d\u017ei. \u0160ie komponenti darbojas kop\u0101, lai kontrol\u0113tu celt\u0146a kust\u012bbas un aizsarg\u0101tu sist\u0113mu no elektriskiem boj\u0101jumiem.<\/li>\n<li><strong>Ener\u0123ijas sadale<\/strong>: Vad\u012bbas skapis ir atbild\u012bgs par ener\u0123ijas sadali da\u017e\u0101d\u0101m celt\u0146a da\u013c\u0101m, tostarp pac\u0113l\u0101ja, rati\u0146u un kust\u012bbas motoriem. Tas nodro\u0161ina, ka katram motoram tiek pieg\u0101d\u0101ta vajadz\u012bg\u0101 jauda, nodro\u0161inot vienm\u0113r\u012bgu un uzticamu darb\u012bbu.<\/li>\n<li><strong>Dro\u0161\u012bba un aizsardz\u012bba<\/strong>: Ar vair\u0101k\u0101m dro\u0161\u012bbas funkcij\u0101m apr\u012bkotais celt\u0146a vad\u012bbas skapis ietver aizsardz\u012bbu pret p\u0101rslodzi, aizsardz\u012bbu pret \u012bssavienojumu un av\u0101rijas aptur\u0113\u0161anas \u0137\u0113des. \u0160\u012bs funkcijas nov\u0113r\u0161 nelaimes gad\u012bjumus un iek\u0101rtas boj\u0101jumus, nodro\u0161inot gan operatora, gan celt\u0146a sist\u0113mas dro\u0161\u012bbu.<\/li>\n<li><strong>Automatiz\u0101cija un uzraudz\u012bba<\/strong>: Daudzos m\u016bsdienu celt\u0146u vad\u012bbas skapjos ir iek\u013cautas automatiz\u0101cijas sist\u0113mas, piem\u0113ram, programm\u0113jamie lo\u0123iskie kontrolieri (PLC) un cilv\u0113ka un ma\u0161\u012bnas saskarnes (HMI). \u0160\u012bs sist\u0113mas nodro\u0161ina att\u0101lin\u0101tu uzraudz\u012bbu un autom\u0101tisku celt\u0146a vad\u012bbu, samazinot manu\u0101las iejauk\u0161an\u0101s nepiecie\u0161am\u012bbu un uzlabojot darb\u012bbas efektivit\u0101ti.<\/li>\n<li><strong>Piel\u0101go\u0161ana<\/strong>: Celt\u0146a vad\u012bbas skapja konstrukciju var piel\u0101got, pamatojoties uz celt\u0146a \u012bpa\u0161aj\u0101m vajadz\u012bb\u0101m, piem\u0113ram, motoru daudzumiem, slodzes veidiem un darba vidi. \u0160\u012b elast\u012bba nodro\u0161ina, ka vad\u012bbas skapis atbilst da\u017e\u0101du nozaru, tostarp b\u016bvniec\u012bbas, ra\u017eo\u0161anas un ostu lo\u0123istikas, unik\u0101laj\u0101m pras\u012bb\u0101m.<\/li>\n<\/ol>\n<h3>celt\u0146a vad\u012bbas skapja lietojumprogrammas<\/h3>\n<p>Celt\u0146a vad\u012bbas skapis tiek pla\u0161i izmantots da\u017e\u0101d\u0101s r\u016bpniec\u012bbas vid\u0113s, tostarp:<\/p>\n<ul>\n<li><strong>R\u016bpnieciskie celt\u0146i<\/strong>: To izmanto, lai vad\u012btu tilta celt\u0146us, port\u0101lceltnes celt\u0146us un str\u0113les celt\u0146us r\u016bpn\u012bc\u0101s, noliktav\u0101s un ra\u017eotn\u0113s.<\/li>\n<li><strong>Ostas celt\u0146i<\/strong>: T\u0101 ir b\u016btiska konteineru p\u0101rkrau\u0161anas celt\u0146u, ku\u0123u b\u016bv\u0113tavu celt\u0146u un beramkr\u0101nu kontrolei ost\u0101s un ost\u0101s.<\/li>\n<li><strong>Kalnr\u016bpniec\u012bbas darb\u012bbas<\/strong>: Vad\u012bbas skapim ir iz\u0161\u0137iro\u0161a noz\u012bme, kontrol\u0113jot un sadalot jaudu celt\u0146iem, ko izmanto kalnr\u016bpniec\u012bbas pac\u0113l\u0101jiek\u0101rt\u0101s un citos lieljaudas cel\u0161anas darbos.<\/li>\n<li><strong>B\u016bvlaukumi<\/strong>: To izmanto tor\u0146a celt\u0146u, materi\u0101lu pac\u0113l\u0101ju un citu cel\u0161anas iek\u0101rtu vad\u012bbai celtniec\u012bb\u0101.<\/li>\n<\/ul>\n<h6><strong><span style=\"font-family: arial, helvetica, sans-serif; font-size: 18pt;\">Uzst\u0101d\u012b\u0161ana un apkope<\/span><\/strong><\/h6>\n<p>Lai nodro\u0161in\u0101tu optim\u0101lu darb\u012bbu, uzst\u0101d\u012b\u0161anas un apkopes laik\u0101 iev\u0113rojiet \u0161\u012bs vadl\u012bnijas:<\/p>\n<ol>\n<li><strong>Met\u0101la savienojumi<\/strong>:<br \/>\nPareizi savienojiet visas met\u0101la da\u013cas, \u012bpa\u0161i kr\u0101sotas vai anod\u0113tas virsmas, izmantojot specializ\u0113tus kontaktpalikt\u0146us.<\/li>\n<li><strong>Sast\u0101vda\u013cu izk\u0101rtojums<\/strong>:<br \/>\nLo\u0123iski izvietojiet komponentus, nodro\u0161inot vismaz 200 mm att\u0101lumu starp diskiem un jut\u012bg\u0101m elektriskaj\u0101m da\u013c\u0101m, lai samazin\u0101tu elektromagn\u0113tiskos trauc\u0113jumus.<\/li>\n<li><strong>Vides apst\u0101k\u013ci<\/strong>:\n<ul>\n<li><strong>Augstums<\/strong>: Zem 2000 m.<\/li>\n<li><strong>Temperat\u016bra<\/strong>: -30\u00b0C l\u012bdz +40\u00b0C.<\/li>\n<li><strong>Mitrums<\/strong>: \u2264 85%.<\/li>\n<li><strong>Stabilit\u0101te<\/strong>: Izvairieties no viet\u0101m, kur\u0101s ir p\u0101rm\u0113r\u012bga vibr\u0101cija vai gr\u016bdieni.<\/li>\n<li><strong>Dro\u0161\u012bba<\/strong>: P\u0101rliecinieties, ka nav spr\u0101dzienb\u012bstamu g\u0101zu vai tvaiku.<\/li>\n<\/ul>\n<\/li>\n<\/ol>\n<h3>Secin\u0101jums<\/h3>\n<p>T\u0101tad celt\u0146a vad\u012bbas skapis ir neat\u0146emama celt\u0146u dro\u0161as, efekt\u012bvas un uzticamas ekspluat\u0101cijas sast\u0101vda\u013ca. Centraliz\u0113jot vad\u012bbu, sadalot jaudu un integr\u0113jot dro\u0161\u012bbas funkcijas, tas nodro\u0161ina vienm\u0113r\u012bgu celt\u0146a kust\u012bbu, vienlaikus samazinot sist\u0113mas k\u013c\u016bmju risku. Pateicoties piel\u0101gojamai konstrukcijai, celt\u0146a vad\u012bbas skapis var apmierin\u0101t da\u017e\u0101du nozaru specifisk\u0101s vajadz\u012bbas, veicinot liel\u0101ku produktivit\u0101ti un ekspluat\u0101cijas dro\u0161\u012bbu.<\/p>\n<\/div>\n<\/div>\n<\/div>\n<\/div>","protected":false},"excerpt":{"rendered":"<p>Vad\u012bbas skapis, baro\u0161anas skapis, sign\u0101la skapis, speci\u0101lais skapis, datu ieguves skapis, celt\u0146a elektrisk\u0101s vad\u012bbas skapis, elektrisk\u0101s vad\u012bbas skapis, celt\u0146a vad\u012bbas skapis, celt\u0146a vad\u012bbas skapis<\/p>","protected":false},"featured_media":7472,"template":"","meta":{"_kad_post_transparent":"default","_kad_post_title":"","_kad_post_layout":"default","_kad_post_sidebar_id":"","_kad_post_content_style":"default","_kad_post_vertical_padding":"show","_kad_post_feature":"","_kad_post_feature_position":"","_kad_post_header":false,"_kad_post_footer":false},"product_brand":[],"product_cat":[65],"product_tag":[632,622,376,634,612,616,626,627,629,613,617,620,615,614,618,628,619,621,623,630,635,633,625,631,624],"class_list":{"0":"post-5763","1":"product","2":"type-product","3":"status-publish","4":"has-post-thumbnail","6":"product_cat-crane-electrical-parts","7":"product_tag-aviation-plug","8":"product_tag-cable-trolley","9":"product_tag-china-crane-parts-supplier","10":"product_tag-crane-aviation-plug","11":"product_tag-crane-cable-trolley","12":"product_tag-crane-control-cabinet","13":"product_tag-crane-control-handle","14":"product_tag-crane-controls","15":"product_tag-crane-electrical-control-cabinet","16":"product_tag-crane-electrical-part","17":"product_tag-crane-limit-switch","18":"product_tag-crane-overload-limiter","19":"product_tag-crane-pendant-controller","20":"product_tag-crane-remote-controller","21":"product_tag-crane-sound-and-light-alarm","22":"product_tag-electrical-control-cabinet","23":"product_tag-heavy-duty-aviation-connector","24":"product_tag-i-beam-cable-trolley","25":"product_tag-i-beam-cable-trolley-supplier","26":"product_tag-limit-switch","27":"product_tag-overload-limiter","28":"product_tag-quick-connector","29":"product_tag-remote-controller","30":"product_tag-sound-and-light-alarm","31":"product_tag-wireless-remote-control","33":"first","34":"instock","35":"featured","36":"shipping-taxable","37":"product-type-simple","38":"entry","39":"content-bg","40":"loop-entry"},"yoast_head":"<!-- This site is optimized with the Yoast SEO plugin v24.5 - https:\/\/yoast.com\/wordpress\/plugins\/seo\/ -->\n<title>Crane electrical control cabinet -electrical control cabinet- Crane Parts Manufacturer<\/title>\n<meta name=\"description\" content=\"electrical control cabinet,crane control cabinet,Crane electrical control cabinet,Electrical control cabinet manufacturer,Crane Electrical Parts\" \/>\n<meta name=\"robots\" content=\"index, follow, max-snippet:-1, max-image-preview:large, max-video-preview:-1\" \/>\n<link rel=\"canonical\" href=\"https:\/\/www.hnhlcranes.com\/lv\/produkts\/celtna-elektriskas-vadibas-skapis\/\" \/>\n<meta property=\"og:locale\" content=\"lv_LV\" \/>\n<meta property=\"og:type\" content=\"article\" \/>\n<meta property=\"og:title\" content=\"Crane electrical control cabinet -electrical control cabinet- Crane Parts Manufacturer\" \/>\n<meta property=\"og:description\" content=\"electrical control cabinet,crane control cabinet,Crane electrical control cabinet,Electrical control cabinet manufacturer,Crane Electrical Parts\" \/>\n<meta property=\"og:url\" content=\"https:\/\/www.hnhlcranes.com\/lv\/produkts\/celtna-elektriskas-vadibas-skapis\/\" \/>\n<meta property=\"og:site_name\" content=\"Crane Parts Manufacturer\" \/>\n<meta property=\"article:modified_time\" content=\"2025-01-14T15:58:43+00:00\" \/>\n<meta property=\"og:image\" content=\"https:\/\/www.hnhlcranes.com\/wp-content\/uploads\/2024\/12\/Crane-control-cabinet.jpg\" \/>\n\t<meta property=\"og:image:width\" content=\"600\" \/>\n\t<meta property=\"og:image:height\" content=\"600\" \/>\n\t<meta property=\"og:image:type\" content=\"image\/jpeg\" \/>\n<meta name=\"twitter:card\" content=\"summary_large_image\" \/>\n<meta name=\"twitter:label1\" content=\"Est. reading time\" \/>\n\t<meta name=\"twitter:data1\" content=\"3 min\u016btes\" \/>\n<script type=\"application\/ld+json\" class=\"yoast-schema-graph\">{\"@context\":\"https:\/\/schema.org\",\"@graph\":[{\"@type\":\"WebPage\",\"@id\":\"https:\/\/www.hnhlcranes.com\/product\/crane-electrical-control-cabinet\/\",\"url\":\"https:\/\/www.hnhlcranes.com\/product\/crane-electrical-control-cabinet\/\",\"name\":\"Crane electrical control cabinet -electrical control cabinet- Crane Parts Manufacturer\",\"isPartOf\":{\"@id\":\"https:\/\/www.hnhlcranes.com\/#website\"},\"primaryImageOfPage\":{\"@id\":\"https:\/\/www.hnhlcranes.com\/product\/crane-electrical-control-cabinet\/#primaryimage\"},\"image\":{\"@id\":\"https:\/\/www.hnhlcranes.com\/product\/crane-electrical-control-cabinet\/#primaryimage\"},\"thumbnailUrl\":\"https:\/\/www.hnhlcranes.com\/wp-content\/uploads\/2024\/12\/Crane-control-cabinet.jpg\",\"datePublished\":\"2024-12-05T15:37:16+00:00\",\"dateModified\":\"2025-01-14T15:58:43+00:00\",\"description\":\"electrical control cabinet,crane control cabinet,Crane electrical control cabinet,Electrical control cabinet manufacturer,Crane Electrical Parts\",\"breadcrumb\":{\"@id\":\"https:\/\/www.hnhlcranes.com\/product\/crane-electrical-control-cabinet\/#breadcrumb\"},\"inLanguage\":\"lv-LV\",\"potentialAction\":[{\"@type\":\"ReadAction\",\"target\":[\"https:\/\/www.hnhlcranes.com\/product\/crane-electrical-control-cabinet\/\"]}]},{\"@type\":\"ImageObject\",\"inLanguage\":\"lv-LV\",\"@id\":\"https:\/\/www.hnhlcranes.com\/product\/crane-electrical-control-cabinet\/#primaryimage\",\"url\":\"https:\/\/www.hnhlcranes.com\/wp-content\/uploads\/2024\/12\/Crane-control-cabinet.jpg\",\"contentUrl\":\"https:\/\/www.hnhlcranes.com\/wp-content\/uploads\/2024\/12\/Crane-control-cabinet.jpg\",\"width\":600,\"height\":600},{\"@type\":\"BreadcrumbList\",\"@id\":\"https:\/\/www.hnhlcranes.com\/product\/crane-electrical-control-cabinet\/#breadcrumb\",\"itemListElement\":[{\"@type\":\"ListItem\",\"position\":1,\"name\":\"home\",\"item\":\"https:\/\/www.hnhlcranes.com\/\"},{\"@type\":\"ListItem\",\"position\":2,\"name\":\"products\",\"item\":\"https:\/\/www.hnhlcranes.com\/products\/\"},{\"@type\":\"ListItem\",\"position\":3,\"name\":\"Crane electrical control cabinet\"}]},{\"@type\":\"WebSite\",\"@id\":\"https:\/\/www.hnhlcranes.com\/#website\",\"url\":\"https:\/\/www.hnhlcranes.com\/\",\"name\":\"Crane Parts Manufacturer\",\"description\":\"Crane Wheels,Crane Drums,Crane Hooks,Crane Coupling,Crane End Carriage,Electric Hoist,European Crane Parts,Crane Rail Clip,Crane Spreader,Crane Motor,Crane Reducer,Crane Brake,Light Crane Parts,Workstation Crane Parts,Crane Electrical Parts,China Crane Parts Supplier,China Crane Parts Manufacturer,Angle box type crane wheel,45 degree split crane wheel,European crane wheel,Crane Wheel Blocks,Overhead crane drum,European crane drum,Overhead crane hook,European crane hook,Crane pulley block,Gear coupling,Brake wheel coupling,Drum gear coupling,Brake wheel drum gear coupling,Cardan Shaft Coupling,WZL drum coupling,Plum blossom elastic coupling,Brake wheel plum elastic coupling,European Single girder crane end carriage,European Double girder crane end carriage,European Suspension  crane end carriage,Wire Rope Electric Hoist,Electric Chain Hoist,European Single Girder Wire Rope Electric Hoist,European Double Girder Wire Rope Electric Hoist,Crane grab,Container spreader,Billet crane clamps,C-type hook,Lifting Electromagnet,YZR crane motor,YZP crane motor,ZQ Reducer,ZSC Reducer,QJ Reducer,QJ-L Reducer,QJY Reducer,H series gearbox,F Series Gear Motor,K Series Gear Motor,R Series Gear Motor,travelling machinery gear motor,Electro hydraulic drum brake,Electro hydraulic disc brake,Crane Safety brake,Crane cable trolley,Crane remote controller,Crane pendant controller,Crane electrical control cabinet,Crane limit switch,Crane sound and light alarm,Heavy Duty Aviation Connector,Crane overload limiter\",\"publisher\":{\"@id\":\"https:\/\/www.hnhlcranes.com\/#organization\"},\"potentialAction\":[{\"@type\":\"SearchAction\",\"target\":{\"@type\":\"EntryPoint\",\"urlTemplate\":\"https:\/\/www.hnhlcranes.com\/?s={search_term_string}\"},\"query-input\":{\"@type\":\"PropertyValueSpecification\",\"valueRequired\":true,\"valueName\":\"search_term_string\"}}],\"inLanguage\":\"lv-LV\"},{\"@type\":\"Organization\",\"@id\":\"https:\/\/www.hnhlcranes.com\/#organization\",\"name\":\"Crane Parts Manufacturer\",\"url\":\"https:\/\/www.hnhlcranes.com\/\",\"logo\":{\"@type\":\"ImageObject\",\"inLanguage\":\"lv-LV\",\"@id\":\"https:\/\/www.hnhlcranes.com\/#\/schema\/logo\/image\/\",\"url\":\"https:\/\/www.hnhlcranes.com\/wp-content\/uploads\/2025\/01\/HL-logo-1.png\",\"contentUrl\":\"https:\/\/www.hnhlcranes.com\/wp-content\/uploads\/2025\/01\/HL-logo-1.png\",\"width\":600,\"height\":169,\"caption\":\"Crane Parts Manufacturer\"},\"image\":{\"@id\":\"https:\/\/www.hnhlcranes.com\/#\/schema\/logo\/image\/\"}}]}<\/script>\n<!-- \/ Yoast SEO plugin. -->","yoast_head_json":{"title":"Crane electrical control cabinet -electrical control cabinet- Crane Parts Manufacturer","description":"electrical control cabinet,crane control cabinet,Crane electrical control cabinet,Electrical control cabinet manufacturer,Crane Electrical Parts","robots":{"index":"index","follow":"follow","max-snippet":"max-snippet:-1","max-image-preview":"max-image-preview:large","max-video-preview":"max-video-preview:-1"},"canonical":"https:\/\/www.hnhlcranes.com\/lv\/produkts\/celtna-elektriskas-vadibas-skapis\/","og_locale":"lv_LV","og_type":"article","og_title":"Crane electrical control cabinet -electrical control cabinet- Crane Parts Manufacturer","og_description":"electrical control cabinet,crane control cabinet,Crane electrical control cabinet,Electrical control cabinet manufacturer,Crane Electrical Parts","og_url":"https:\/\/www.hnhlcranes.com\/lv\/produkts\/celtna-elektriskas-vadibas-skapis\/","og_site_name":"Crane Parts Manufacturer","article_modified_time":"2025-01-14T15:58:43+00:00","og_image":[{"width":600,"height":600,"url":"https:\/\/www.hnhlcranes.com\/wp-content\/uploads\/2024\/12\/Crane-control-cabinet.jpg","type":"image\/jpeg"}],"twitter_card":"summary_large_image","twitter_misc":{"Est. reading time":"3 min\u016btes"},"schema":{"@context":"https:\/\/schema.org","@graph":[{"@type":"WebPage","@id":"https:\/\/www.hnhlcranes.com\/product\/crane-electrical-control-cabinet\/","url":"https:\/\/www.hnhlcranes.com\/product\/crane-electrical-control-cabinet\/","name":"Crane electrical control cabinet -electrical control cabinet- Crane Parts Manufacturer","isPartOf":{"@id":"https:\/\/www.hnhlcranes.com\/#website"},"primaryImageOfPage":{"@id":"https:\/\/www.hnhlcranes.com\/product\/crane-electrical-control-cabinet\/#primaryimage"},"image":{"@id":"https:\/\/www.hnhlcranes.com\/product\/crane-electrical-control-cabinet\/#primaryimage"},"thumbnailUrl":"https:\/\/www.hnhlcranes.com\/wp-content\/uploads\/2024\/12\/Crane-control-cabinet.jpg","datePublished":"2024-12-05T15:37:16+00:00","dateModified":"2025-01-14T15:58:43+00:00","description":"electrical control cabinet,crane control cabinet,Crane electrical control cabinet,Electrical control cabinet manufacturer,Crane Electrical Parts","breadcrumb":{"@id":"https:\/\/www.hnhlcranes.com\/product\/crane-electrical-control-cabinet\/#breadcrumb"},"inLanguage":"lv-LV","potentialAction":[{"@type":"ReadAction","target":["https:\/\/www.hnhlcranes.com\/product\/crane-electrical-control-cabinet\/"]}]},{"@type":"ImageObject","inLanguage":"lv-LV","@id":"https:\/\/www.hnhlcranes.com\/product\/crane-electrical-control-cabinet\/#primaryimage","url":"https:\/\/www.hnhlcranes.com\/wp-content\/uploads\/2024\/12\/Crane-control-cabinet.jpg","contentUrl":"https:\/\/www.hnhlcranes.com\/wp-content\/uploads\/2024\/12\/Crane-control-cabinet.jpg","width":600,"height":600},{"@type":"BreadcrumbList","@id":"https:\/\/www.hnhlcranes.com\/product\/crane-electrical-control-cabinet\/#breadcrumb","itemListElement":[{"@type":"ListItem","position":1,"name":"home","item":"https:\/\/www.hnhlcranes.com\/"},{"@type":"ListItem","position":2,"name":"products","item":"https:\/\/www.hnhlcranes.com\/products\/"},{"@type":"ListItem","position":3,"name":"Crane electrical control cabinet"}]},{"@type":"WebSite","@id":"https:\/\/www.hnhlcranes.com\/#website","url":"https:\/\/www.hnhlcranes.com\/","name":"Crane Parts Manufacturer","description":"Crane Wheels,Crane Drums,Crane Hooks,Crane Coupling,Crane End Carriage,Electric Hoist,European Crane Parts,Crane Rail Clip,Crane Spreader,Crane Motor,Crane Reducer,Crane Brake,Light Crane Parts,Workstation Crane Parts,Crane Electrical Parts,China Crane Parts Supplier,China Crane Parts Manufacturer,Angle box type crane wheel,45 degree split crane wheel,European crane wheel,Crane Wheel Blocks,Overhead crane drum,European crane drum,Overhead crane hook,European crane hook,Crane pulley block,Gear coupling,Brake wheel coupling,Drum gear coupling,Brake wheel drum gear coupling,Cardan Shaft Coupling,WZL drum coupling,Plum blossom elastic coupling,Brake wheel plum elastic coupling,European Single girder crane end carriage,European Double girder crane end carriage,European Suspension  crane end carriage,Wire Rope Electric Hoist,Electric Chain Hoist,European Single Girder Wire Rope Electric Hoist,European Double Girder Wire Rope Electric Hoist,Crane grab,Container spreader,Billet crane clamps,C-type hook,Lifting Electromagnet,YZR crane motor,YZP crane motor,ZQ Reducer,ZSC Reducer,QJ Reducer,QJ-L Reducer,QJY Reducer,H series gearbox,F Series Gear Motor,K Series Gear Motor,R Series Gear Motor,travelling machinery gear motor,Electro hydraulic drum brake,Electro hydraulic disc brake,Crane Safety brake,Crane cable trolley,Crane remote controller,Crane pendant controller,Crane electrical control cabinet,Crane limit switch,Crane sound and light alarm,Heavy Duty Aviation Connector,Crane overload limiter","publisher":{"@id":"https:\/\/www.hnhlcranes.com\/#organization"},"potentialAction":[{"@type":"SearchAction","target":{"@type":"EntryPoint","urlTemplate":"https:\/\/www.hnhlcranes.com\/?s={search_term_string}"},"query-input":{"@type":"PropertyValueSpecification","valueRequired":true,"valueName":"search_term_string"}}],"inLanguage":"lv-LV"},{"@type":"Organization","@id":"https:\/\/www.hnhlcranes.com\/#organization","name":"Crane Parts Manufacturer","url":"https:\/\/www.hnhlcranes.com\/","logo":{"@type":"ImageObject","inLanguage":"lv-LV","@id":"https:\/\/www.hnhlcranes.com\/#\/schema\/logo\/image\/","url":"https:\/\/www.hnhlcranes.com\/wp-content\/uploads\/2025\/01\/HL-logo-1.png","contentUrl":"https:\/\/www.hnhlcranes.com\/wp-content\/uploads\/2025\/01\/HL-logo-1.png","width":600,"height":169,"caption":"Crane Parts Manufacturer"},"image":{"@id":"https:\/\/www.hnhlcranes.com\/#\/schema\/logo\/image\/"}}]}},"_links":{"self":[{"href":"https:\/\/www.hnhlcranes.com\/lv\/wp-json\/wp\/v2\/product\/5763","targetHints":{"allow":["GET"]}}],"collection":[{"href":"https:\/\/www.hnhlcranes.com\/lv\/wp-json\/wp\/v2\/product"}],"about":[{"href":"https:\/\/www.hnhlcranes.com\/lv\/wp-json\/wp\/v2\/types\/product"}],"version-history":[{"count":3,"href":"https:\/\/www.hnhlcranes.com\/lv\/wp-json\/wp\/v2\/product\/5763\/revisions"}],"predecessor-version":[{"id":7475,"href":"https:\/\/www.hnhlcranes.com\/lv\/wp-json\/wp\/v2\/product\/5763\/revisions\/7475"}],"wp:featuredmedia":[{"embeddable":true,"href":"https:\/\/www.hnhlcranes.com\/lv\/wp-json\/wp\/v2\/media\/7472"}],"wp:attachment":[{"href":"https:\/\/www.hnhlcranes.com\/lv\/wp-json\/wp\/v2\/media?parent=5763"}],"wp:term":[{"taxonomy":"product_brand","embeddable":true,"href":"https:\/\/www.hnhlcranes.com\/lv\/wp-json\/wp\/v2\/product_brand?post=5763"},{"taxonomy":"product_cat","embeddable":true,"href":"https:\/\/www.hnhlcranes.com\/lv\/wp-json\/wp\/v2\/product_cat?post=5763"},{"taxonomy":"product_tag","embeddable":true,"href":"https:\/\/www.hnhlcranes.com\/lv\/wp-json\/wp\/v2\/product_tag?post=5763"}],"curies":[{"name":"wp","href":"https:\/\/api.w.org\/{rel}","templated":true}]}}