{"id":5777,"date":"2024-12-06T00:21:10","date_gmt":"2024-12-05T16:21:10","guid":{"rendered":"https:\/\/www.hnhlcranes.com\/?post_type=product&#038;p=5777"},"modified":"2025-01-15T12:35:57","modified_gmt":"2025-01-15T04:35:57","slug":"celtna-gala-sledzis","status":"publish","type":"product","link":"https:\/\/www.hnhlcranes.com\/lv\/produkts\/celtna-gala-sledzis\/","title":{"rendered":"Celt\u0146a gala sl\u0113dzis"},"content":{"rendered":"<h3>P\u0101rskats par DXZ celt\u0146a ierobe\u017eo\u0161anas sl\u0113dzi<\/h3>\n<p>DXZ celt\u0146a robe\u017esl\u0113dzis ir b\u016btiska ier\u012bce, ko izmanto celt\u0146u un citu smago ma\u0161\u012bnu darb\u012bbas diapazona regul\u0113\u0161anai. T\u0101 galven\u0101 funkcija ir nodro\u0161in\u0101t dro\u0161\u012bbu, nov\u0113r\u0161ot sadursmes vai p\u0101rslodzes apst\u0101k\u013cus, izmantojot prec\u012bzu st\u0101vok\u013ca kontroli. Apvienojot gan meh\u0101niskos, gan elektroniskos komponentus, tas nodro\u0161ina prec\u012bzu robe\u017ekontroli, padarot to par uzticamu izv\u0113li smagas noslodzes lietojumiem.<\/p>\n<h3>Galvenie parametri<\/h3>\n<ul>\n<li><strong>Darb\u012bbas vide:<\/strong>\n<ul>\n<li><strong>Temperat\u016bras diapazons:<\/strong> -40\u00b0C l\u012bdz +55\u00b0C.<\/li>\n<li><strong>Relat\u012bvais mitrums:<\/strong> \u2264 90%.<\/li>\n<\/ul>\n<\/li>\n<li><strong>P\u0101rneses attiec\u012bba:<\/strong>\n<ul>\n<li>Pieejam\u0101s opcijas ir \u0161\u0101das: 1:13, 1:17, 1:46, 1:60, 1:78, 1:210, 1:274, 1:960.<\/li>\n<\/ul>\n<\/li>\n<li><strong>Atk\u0101rtotas pozicion\u0113\u0161anas precizit\u0101te:<\/strong>\n<ul>\n<li>Atmi\u0146as cam le\u0146\u0137isk\u0101 k\u013c\u016bda ir \u2264 0,005 radi\u0101na (~0,3 gr\u0101di).<\/li>\n<\/ul>\n<\/li>\n<li><strong>Nomin\u0101lais spriegums:<\/strong>\n<ul>\n<li>MAI\u0145STR\u0100VA: 125-250 V.<\/li>\n<li>L\u012aDZSTR\u0100VA: 30 V.<\/li>\n<\/ul>\n<\/li>\n<li><strong>Nomin\u0101l\u0101 str\u0101va:<\/strong>\n<ul>\n<li>AC: 6A.<\/li>\n<li>DC: 4A.<\/li>\n<\/ul>\n<\/li>\n<li><strong>Vad\u012bbas sh\u0113mas:<\/strong>\n<ul>\n<li>Standarta konstrukcij\u0101 ir 1 - 4 vad\u012bbas \u0137\u0113des, ta\u010du, \u0146emot v\u0113r\u0101 lietot\u0101ja pras\u012bbas, to var papla\u0161in\u0101t l\u012bdz 5 - 6 \u0137\u0113d\u0113m.<\/li>\n<\/ul>\n<\/li>\n<\/ul>\n<h3>Lietojumprogrammas un funkcijas<\/h3>\n<p>DXZ celt\u0146a gala sl\u0113dzis tiek pla\u0161i izmantots da\u017e\u0101d\u0101s meh\u0101nisk\u0101s ier\u012bc\u0113s, jo \u012bpa\u0161i smagaj\u0101s iek\u0101rt\u0101s, piem\u0113ram, tor\u0146a celt\u0146os un port\u0101lcelt\u0146u celt\u0146os. T\u0101l\u0101k ir izkl\u0101st\u012btas t\u0101 galven\u0101s funkcijas un \u012bpa\u0161\u012bbas:<\/p>\n<ul>\n<li><strong>Dro\u0161\u012bbas nodro\u0161in\u0101\u0161ana:<\/strong>\n<ul>\n<li>Tas ne\u013cauj ma\u0161\u012bn\u0101m p\u0101rsniegt dro\u0161as ekspluat\u0101cijas robe\u017eas, nodro\u0161inot, ka iek\u0101rtas darbojas noteiktaj\u0101s robe\u017e\u0101s.<\/li>\n<\/ul>\n<\/li>\n<li><strong>Prec\u012bza kontrole:<\/strong>\n<ul>\n<li>Izmantojot meh\u0101niskus vai elektroniskus sensorus, sl\u0113dzis nodro\u0161ina prec\u012bzu pozicion\u0113\u0161anu un diapazona ierobe\u017eo\u0161anu.<\/li>\n<\/ul>\n<\/li>\n<li><strong>Daudzpus\u012bba:<\/strong>\n<ul>\n<li>Tas ir \u013coti univers\u0101ls un piem\u0113rots da\u017e\u0101d\u0101m smag\u0101m darba vid\u0113m, nodro\u0161inot uzticamu darb\u012bbu da\u017e\u0101d\u0101s r\u016bpniec\u012bbas vid\u0113s.<\/li>\n<\/ul>\n<\/li>\n<\/ul>\n<h3>Uzst\u0101d\u012b\u0161ana un apkope<\/h3>\n<ul>\n<li><strong>Uzst\u0101d\u012b\u0161anas vadl\u012bnijas:<\/strong>\n<ul>\n<li>Cie\u0161i nostipriniet sl\u0113dzi, lai izvair\u012btos no vibr\u0101cij\u0101m darb\u012bbas laik\u0101.<\/li>\n<li>P\u0101rliecinieties, ka visi elektroinstal\u0101cijas savienojumi ir pareizi un atbilst ekspluat\u0101cijas projektam.<\/li>\n<\/ul>\n<\/li>\n<li><strong>Tehnisk\u0101s apkopes ieteikumi:<\/strong>\n<ul>\n<li>Regul\u0101ri p\u0101rbaudiet, vai meh\u0101nisk\u0101s sast\u0101vda\u013cas un elektriskie savienojumi nav nolietoju\u0161ies vai boj\u0101ti.<\/li>\n<li>Periodiski regul\u0113jiet ierobe\u017eot\u0101ja poz\u012bciju un jut\u012bbu, lai saglab\u0101tu optim\u0101lu veiktsp\u0113ju.<\/li>\n<\/ul>\n<\/li>\n<\/ul>\n<p>Iev\u0113rojot pareizu uzst\u0101d\u012b\u0161anas un tehnisk\u0101s apkopes praksi, DXZ celt\u0146a gala sl\u0113dzis garant\u0113 ilgtermi\u0146a uzticam\u012bbu un veicina dro\u0161u un efekt\u012bvu celt\u0146u sist\u0113mu darb\u012bbu.<\/p>","protected":false},"excerpt":{"rendered":"<p><strong><span style=\"font-family: arial, helvetica, sans-serif; font-size: 14pt;\">Galvenie DXZ celt\u0146a gala sl\u0113d\u017ea parametri:<\/span><\/strong><br \/>\nApk\u0101rt\u0113j\u0101 temperat\u016bra: Darba temperat\u016bras diapazons ir no -40 \u2103 l\u012bdz +55 \u2103, un relat\u012bvais mitrums nav liel\u0101ks par 90%.<br \/>\nTransmisijas attiec\u012bba: 1:13, 1:17, 1:46, 1:60, 1:78, 1:210, 1:274, 1:960.<br \/>\nAtk\u0101rtotas pozicion\u0113\u0161anas precizit\u0101te: Atmi\u0146as cam le\u0146\u0137a k\u013c\u016bda nep\u0101rsniedz 0,005 radi\u0101na (aptuveni 0,3 gr\u0101dus).<br \/>\nNomin\u0101lais spriegums: Nomin\u0101lais darba spriegums: mai\u0146str\u0101vas 125-250 V vai l\u012bdzstr\u0101vas 30 V.<br \/>\nNomin\u0101l\u0101 str\u0101va: Nomin\u0101l\u0101 darba str\u0101va ir 6A (mai\u0146str\u0101va) vai 4A (l\u012bdzstr\u0101va).<\/p>","protected":false},"featured_media":7482,"template":"","meta":{"_kad_post_transparent":"default","_kad_post_title":"","_kad_post_layout":"default","_kad_post_sidebar_id":"","_kad_post_content_style":"default","_kad_post_vertical_padding":"show","_kad_post_feature":"","_kad_post_feature_position":"","_kad_post_header":false,"_kad_post_footer":false},"product_brand":[],"product_cat":[65],"product_tag":[632,622,376,634,612,616,626,627,629,613,617,620,615,614,618,628,619,621,623,630,635,633,625,631,624],"class_list":{"0":"post-5777","1":"product","2":"type-product","3":"status-publish","4":"has-post-thumbnail","6":"product_cat-crane-electrical-parts","7":"product_tag-aviation-plug","8":"product_tag-cable-trolley","9":"product_tag-china-crane-parts-supplier","10":"product_tag-crane-aviation-plug","11":"product_tag-crane-cable-trolley","12":"product_tag-crane-control-cabinet","13":"product_tag-crane-control-handle","14":"product_tag-crane-controls","15":"product_tag-crane-electrical-control-cabinet","16":"product_tag-crane-electrical-part","17":"product_tag-crane-limit-switch","18":"product_tag-crane-overload-limiter","19":"product_tag-crane-pendant-controller","20":"product_tag-crane-remote-controller","21":"product_tag-crane-sound-and-light-alarm","22":"product_tag-electrical-control-cabinet","23":"product_tag-heavy-duty-aviation-connector","24":"product_tag-i-beam-cable-trolley","25":"product_tag-i-beam-cable-trolley-supplier","26":"product_tag-limit-switch","27":"product_tag-overload-limiter","28":"product_tag-quick-connector","29":"product_tag-remote-controller","30":"product_tag-sound-and-light-alarm","31":"product_tag-wireless-remote-control","33":"first","34":"instock","35":"shipping-taxable","36":"product-type-simple","37":"entry","38":"content-bg","39":"loop-entry"},"yoast_head":"<!-- This site is optimized with the Yoast SEO plugin v24.5 - https:\/\/yoast.com\/wordpress\/plugins\/seo\/ -->\n<title>Crane limit switch -\u200cDXZ limit switch-lifting rotation limit switch- Crane Parts Manufacturer<\/title>\n<meta name=\"description\" content=\"Infrared anti-collision device,cross limit switch,heavy hammer limit switch,lifting rotation limit switch,Limit switch manufacturer,Crane limit switch\" \/>\n<meta name=\"robots\" content=\"index, follow, max-snippet:-1, max-image-preview:large, max-video-preview:-1\" \/>\n<link rel=\"canonical\" href=\"https:\/\/www.hnhlcranes.com\/lv\/produkts\/celtna-gala-sledzis\/\" \/>\n<meta property=\"og:locale\" content=\"lv_LV\" \/>\n<meta property=\"og:type\" content=\"article\" \/>\n<meta property=\"og:title\" content=\"Crane limit switch -\u200cDXZ limit switch-lifting rotation limit switch- Crane Parts Manufacturer\" \/>\n<meta property=\"og:description\" content=\"Infrared anti-collision device,cross limit switch,heavy hammer limit switch,lifting rotation limit switch,Limit switch manufacturer,Crane limit switch\" \/>\n<meta property=\"og:url\" content=\"https:\/\/www.hnhlcranes.com\/lv\/produkts\/celtna-gala-sledzis\/\" \/>\n<meta property=\"og:site_name\" content=\"Crane Parts Manufacturer\" \/>\n<meta property=\"article:modified_time\" content=\"2025-01-15T04:35:57+00:00\" \/>\n<meta property=\"og:image\" content=\"https:\/\/www.hnhlcranes.com\/wp-content\/uploads\/2024\/12\/Crane-limit-switch.jpg\" \/>\n\t<meta property=\"og:image:width\" content=\"600\" \/>\n\t<meta property=\"og:image:height\" content=\"600\" \/>\n\t<meta property=\"og:image:type\" content=\"image\/jpeg\" \/>\n<meta name=\"twitter:card\" content=\"summary_large_image\" \/>\n<meta name=\"twitter:label1\" content=\"Est. reading time\" \/>\n\t<meta name=\"twitter:data1\" content=\"2 min\u016btes\" \/>\n<script type=\"application\/ld+json\" class=\"yoast-schema-graph\">{\"@context\":\"https:\/\/schema.org\",\"@graph\":[{\"@type\":\"WebPage\",\"@id\":\"https:\/\/www.hnhlcranes.com\/product\/crane-limit-switch\/\",\"url\":\"https:\/\/www.hnhlcranes.com\/product\/crane-limit-switch\/\",\"name\":\"Crane limit switch -\u200cDXZ limit switch-lifting rotation limit switch- Crane Parts Manufacturer\",\"isPartOf\":{\"@id\":\"https:\/\/www.hnhlcranes.com\/#website\"},\"primaryImageOfPage\":{\"@id\":\"https:\/\/www.hnhlcranes.com\/product\/crane-limit-switch\/#primaryimage\"},\"image\":{\"@id\":\"https:\/\/www.hnhlcranes.com\/product\/crane-limit-switch\/#primaryimage\"},\"thumbnailUrl\":\"https:\/\/www.hnhlcranes.com\/wp-content\/uploads\/2024\/12\/Crane-limit-switch.jpg\",\"datePublished\":\"2024-12-05T16:21:10+00:00\",\"dateModified\":\"2025-01-15T04:35:57+00:00\",\"description\":\"Infrared anti-collision device,cross limit switch,heavy hammer limit switch,lifting rotation limit switch,Limit switch manufacturer,Crane limit switch\",\"breadcrumb\":{\"@id\":\"https:\/\/www.hnhlcranes.com\/product\/crane-limit-switch\/#breadcrumb\"},\"inLanguage\":\"lv-LV\",\"potentialAction\":[{\"@type\":\"ReadAction\",\"target\":[\"https:\/\/www.hnhlcranes.com\/product\/crane-limit-switch\/\"]}]},{\"@type\":\"ImageObject\",\"inLanguage\":\"lv-LV\",\"@id\":\"https:\/\/www.hnhlcranes.com\/product\/crane-limit-switch\/#primaryimage\",\"url\":\"https:\/\/www.hnhlcranes.com\/wp-content\/uploads\/2024\/12\/Crane-limit-switch.jpg\",\"contentUrl\":\"https:\/\/www.hnhlcranes.com\/wp-content\/uploads\/2024\/12\/Crane-limit-switch.jpg\",\"width\":600,\"height\":600},{\"@type\":\"BreadcrumbList\",\"@id\":\"https:\/\/www.hnhlcranes.com\/product\/crane-limit-switch\/#breadcrumb\",\"itemListElement\":[{\"@type\":\"ListItem\",\"position\":1,\"name\":\"home\",\"item\":\"https:\/\/www.hnhlcranes.com\/\"},{\"@type\":\"ListItem\",\"position\":2,\"name\":\"products\",\"item\":\"https:\/\/www.hnhlcranes.com\/products\/\"},{\"@type\":\"ListItem\",\"position\":3,\"name\":\"Crane limit switch\"}]},{\"@type\":\"WebSite\",\"@id\":\"https:\/\/www.hnhlcranes.com\/#website\",\"url\":\"https:\/\/www.hnhlcranes.com\/\",\"name\":\"Crane Parts Manufacturer\",\"description\":\"Crane Wheels,Crane Drums,Crane Hooks,Crane Coupling,Crane End Carriage,Electric Hoist,European Crane Parts,Crane Rail Clip,Crane Spreader,Crane Motor,Crane Reducer,Crane Brake,Light Crane Parts,Workstation Crane Parts,Crane Electrical Parts,China Crane Parts Supplier,China Crane Parts Manufacturer,Angle box type crane wheel,45 degree split crane wheel,European crane wheel,Crane Wheel Blocks,Overhead crane drum,European crane drum,Overhead crane hook,European crane hook,Crane pulley block,Gear coupling,Brake wheel coupling,Drum gear coupling,Brake wheel drum gear coupling,Cardan Shaft Coupling,WZL drum coupling,Plum blossom elastic coupling,Brake wheel plum elastic coupling,European Single girder crane end carriage,European Double girder crane end carriage,European Suspension  crane end carriage,Wire Rope Electric Hoist,Electric Chain Hoist,European Single Girder Wire Rope Electric Hoist,European Double Girder Wire Rope Electric Hoist,Crane grab,Container spreader,Billet crane clamps,C-type hook,Lifting Electromagnet,YZR crane motor,YZP crane motor,ZQ Reducer,ZSC Reducer,QJ Reducer,QJ-L Reducer,QJY Reducer,H series gearbox,F Series Gear Motor,K Series Gear Motor,R Series Gear Motor,travelling machinery gear motor,Electro hydraulic drum brake,Electro hydraulic disc brake,Crane Safety brake,Crane cable trolley,Crane remote controller,Crane pendant controller,Crane electrical control cabinet,Crane limit switch,Crane sound and light alarm,Heavy Duty Aviation Connector,Crane overload limiter\",\"publisher\":{\"@id\":\"https:\/\/www.hnhlcranes.com\/#organization\"},\"potentialAction\":[{\"@type\":\"SearchAction\",\"target\":{\"@type\":\"EntryPoint\",\"urlTemplate\":\"https:\/\/www.hnhlcranes.com\/?s={search_term_string}\"},\"query-input\":{\"@type\":\"PropertyValueSpecification\",\"valueRequired\":true,\"valueName\":\"search_term_string\"}}],\"inLanguage\":\"lv-LV\"},{\"@type\":\"Organization\",\"@id\":\"https:\/\/www.hnhlcranes.com\/#organization\",\"name\":\"Crane Parts Manufacturer\",\"url\":\"https:\/\/www.hnhlcranes.com\/\",\"logo\":{\"@type\":\"ImageObject\",\"inLanguage\":\"lv-LV\",\"@id\":\"https:\/\/www.hnhlcranes.com\/#\/schema\/logo\/image\/\",\"url\":\"https:\/\/www.hnhlcranes.com\/wp-content\/uploads\/2025\/01\/HL-logo-1.png\",\"contentUrl\":\"https:\/\/www.hnhlcranes.com\/wp-content\/uploads\/2025\/01\/HL-logo-1.png\",\"width\":600,\"height\":169,\"caption\":\"Crane Parts Manufacturer\"},\"image\":{\"@id\":\"https:\/\/www.hnhlcranes.com\/#\/schema\/logo\/image\/\"}}]}<\/script>\n<!-- \/ Yoast SEO plugin. -->","yoast_head_json":{"title":"Crane limit switch -\u200cDXZ limit switch-lifting rotation limit switch- Crane Parts Manufacturer","description":"Infrared anti-collision device,cross limit switch,heavy hammer limit switch,lifting rotation limit switch,Limit switch manufacturer,Crane limit switch","robots":{"index":"index","follow":"follow","max-snippet":"max-snippet:-1","max-image-preview":"max-image-preview:large","max-video-preview":"max-video-preview:-1"},"canonical":"https:\/\/www.hnhlcranes.com\/lv\/produkts\/celtna-gala-sledzis\/","og_locale":"lv_LV","og_type":"article","og_title":"Crane limit switch -\u200cDXZ limit switch-lifting rotation limit switch- Crane Parts Manufacturer","og_description":"Infrared anti-collision device,cross limit switch,heavy hammer limit switch,lifting rotation limit switch,Limit switch manufacturer,Crane limit switch","og_url":"https:\/\/www.hnhlcranes.com\/lv\/produkts\/celtna-gala-sledzis\/","og_site_name":"Crane Parts Manufacturer","article_modified_time":"2025-01-15T04:35:57+00:00","og_image":[{"width":600,"height":600,"url":"https:\/\/www.hnhlcranes.com\/wp-content\/uploads\/2024\/12\/Crane-limit-switch.jpg","type":"image\/jpeg"}],"twitter_card":"summary_large_image","twitter_misc":{"Est. reading time":"2 min\u016btes"},"schema":{"@context":"https:\/\/schema.org","@graph":[{"@type":"WebPage","@id":"https:\/\/www.hnhlcranes.com\/product\/crane-limit-switch\/","url":"https:\/\/www.hnhlcranes.com\/product\/crane-limit-switch\/","name":"Crane limit switch -\u200cDXZ limit switch-lifting rotation limit switch- Crane Parts Manufacturer","isPartOf":{"@id":"https:\/\/www.hnhlcranes.com\/#website"},"primaryImageOfPage":{"@id":"https:\/\/www.hnhlcranes.com\/product\/crane-limit-switch\/#primaryimage"},"image":{"@id":"https:\/\/www.hnhlcranes.com\/product\/crane-limit-switch\/#primaryimage"},"thumbnailUrl":"https:\/\/www.hnhlcranes.com\/wp-content\/uploads\/2024\/12\/Crane-limit-switch.jpg","datePublished":"2024-12-05T16:21:10+00:00","dateModified":"2025-01-15T04:35:57+00:00","description":"Infrared anti-collision device,cross limit switch,heavy hammer limit switch,lifting rotation limit switch,Limit switch manufacturer,Crane limit switch","breadcrumb":{"@id":"https:\/\/www.hnhlcranes.com\/product\/crane-limit-switch\/#breadcrumb"},"inLanguage":"lv-LV","potentialAction":[{"@type":"ReadAction","target":["https:\/\/www.hnhlcranes.com\/product\/crane-limit-switch\/"]}]},{"@type":"ImageObject","inLanguage":"lv-LV","@id":"https:\/\/www.hnhlcranes.com\/product\/crane-limit-switch\/#primaryimage","url":"https:\/\/www.hnhlcranes.com\/wp-content\/uploads\/2024\/12\/Crane-limit-switch.jpg","contentUrl":"https:\/\/www.hnhlcranes.com\/wp-content\/uploads\/2024\/12\/Crane-limit-switch.jpg","width":600,"height":600},{"@type":"BreadcrumbList","@id":"https:\/\/www.hnhlcranes.com\/product\/crane-limit-switch\/#breadcrumb","itemListElement":[{"@type":"ListItem","position":1,"name":"home","item":"https:\/\/www.hnhlcranes.com\/"},{"@type":"ListItem","position":2,"name":"products","item":"https:\/\/www.hnhlcranes.com\/products\/"},{"@type":"ListItem","position":3,"name":"Crane limit switch"}]},{"@type":"WebSite","@id":"https:\/\/www.hnhlcranes.com\/#website","url":"https:\/\/www.hnhlcranes.com\/","name":"Crane Parts Manufacturer","description":"Crane Wheels,Crane Drums,Crane Hooks,Crane Coupling,Crane End Carriage,Electric Hoist,European Crane Parts,Crane Rail Clip,Crane Spreader,Crane Motor,Crane Reducer,Crane Brake,Light Crane Parts,Workstation Crane Parts,Crane Electrical Parts,China Crane Parts Supplier,China Crane Parts Manufacturer,Angle box type crane wheel,45 degree split crane wheel,European crane wheel,Crane Wheel Blocks,Overhead crane drum,European crane drum,Overhead crane hook,European crane hook,Crane pulley block,Gear coupling,Brake wheel coupling,Drum gear coupling,Brake wheel drum gear coupling,Cardan Shaft Coupling,WZL drum coupling,Plum blossom elastic coupling,Brake wheel plum elastic coupling,European Single girder crane end carriage,European Double girder crane end carriage,European Suspension  crane end carriage,Wire Rope Electric Hoist,Electric Chain Hoist,European Single Girder Wire Rope Electric Hoist,European Double Girder Wire Rope Electric Hoist,Crane grab,Container spreader,Billet crane clamps,C-type hook,Lifting Electromagnet,YZR crane motor,YZP crane motor,ZQ Reducer,ZSC Reducer,QJ Reducer,QJ-L Reducer,QJY Reducer,H series gearbox,F Series Gear Motor,K Series Gear Motor,R Series Gear Motor,travelling machinery gear motor,Electro hydraulic drum brake,Electro hydraulic disc brake,Crane Safety brake,Crane cable trolley,Crane remote controller,Crane pendant controller,Crane electrical control cabinet,Crane limit switch,Crane sound and light alarm,Heavy Duty Aviation Connector,Crane overload limiter","publisher":{"@id":"https:\/\/www.hnhlcranes.com\/#organization"},"potentialAction":[{"@type":"SearchAction","target":{"@type":"EntryPoint","urlTemplate":"https:\/\/www.hnhlcranes.com\/?s={search_term_string}"},"query-input":{"@type":"PropertyValueSpecification","valueRequired":true,"valueName":"search_term_string"}}],"inLanguage":"lv-LV"},{"@type":"Organization","@id":"https:\/\/www.hnhlcranes.com\/#organization","name":"Crane Parts Manufacturer","url":"https:\/\/www.hnhlcranes.com\/","logo":{"@type":"ImageObject","inLanguage":"lv-LV","@id":"https:\/\/www.hnhlcranes.com\/#\/schema\/logo\/image\/","url":"https:\/\/www.hnhlcranes.com\/wp-content\/uploads\/2025\/01\/HL-logo-1.png","contentUrl":"https:\/\/www.hnhlcranes.com\/wp-content\/uploads\/2025\/01\/HL-logo-1.png","width":600,"height":169,"caption":"Crane Parts Manufacturer"},"image":{"@id":"https:\/\/www.hnhlcranes.com\/#\/schema\/logo\/image\/"}}]}},"_links":{"self":[{"href":"https:\/\/www.hnhlcranes.com\/lv\/wp-json\/wp\/v2\/product\/5777","targetHints":{"allow":["GET"]}}],"collection":[{"href":"https:\/\/www.hnhlcranes.com\/lv\/wp-json\/wp\/v2\/product"}],"about":[{"href":"https:\/\/www.hnhlcranes.com\/lv\/wp-json\/wp\/v2\/types\/product"}],"version-history":[{"count":3,"href":"https:\/\/www.hnhlcranes.com\/lv\/wp-json\/wp\/v2\/product\/5777\/revisions"}],"predecessor-version":[{"id":7485,"href":"https:\/\/www.hnhlcranes.com\/lv\/wp-json\/wp\/v2\/product\/5777\/revisions\/7485"}],"wp:featuredmedia":[{"embeddable":true,"href":"https:\/\/www.hnhlcranes.com\/lv\/wp-json\/wp\/v2\/media\/7482"}],"wp:attachment":[{"href":"https:\/\/www.hnhlcranes.com\/lv\/wp-json\/wp\/v2\/media?parent=5777"}],"wp:term":[{"taxonomy":"product_brand","embeddable":true,"href":"https:\/\/www.hnhlcranes.com\/lv\/wp-json\/wp\/v2\/product_brand?post=5777"},{"taxonomy":"product_cat","embeddable":true,"href":"https:\/\/www.hnhlcranes.com\/lv\/wp-json\/wp\/v2\/product_cat?post=5777"},{"taxonomy":"product_tag","embeddable":true,"href":"https:\/\/www.hnhlcranes.com\/lv\/wp-json\/wp\/v2\/product_tag?post=5777"}],"curies":[{"name":"wp","href":"https:\/\/api.w.org\/{rel}","templated":true}]}}