{"id":5790,"date":"2024-12-06T00:55:21","date_gmt":"2024-12-05T16:55:21","guid":{"rendered":"https:\/\/www.hnhlcranes.com\/?post_type=product&#038;p=5790"},"modified":"2025-01-16T12:10:37","modified_gmt":"2025-01-16T04:10:37","slug":"celtna-skanas-un-gaismas-signalizacija","status":"publish","type":"product","link":"https:\/\/www.hnhlcranes.com\/lv\/produkts\/celtna-skanas-un-gaismas-signalizacija\/","title":{"rendered":"Kr\u0101na ska\u0146as un gaismas signaliz\u0101cija"},"content":{"rendered":"<h3>Celt\u0146a ska\u0146as un gaismas signaliz\u0101cijas sist\u0113mas funkcijas un specifik\u0101cijas<\/h3>\n<h4><strong>Funkcijas<\/strong><\/h4>\n<ol>\n<li><strong>Dubult\u0101 br\u012bdin\u0101\u0161anas sist\u0113ma:<\/strong>\n<ul>\n<li>Kr\u0101na ska\u0146as un gaismas signaliz\u0101cija apvieno gan ska\u0146as, gan vizu\u0101los sign\u0101lus, lai efekt\u012bvi piev\u0113rstu tuvum\u0101 eso\u0161o darbinieku uzman\u012bbu, nodro\u0161inot savlaic\u012bgu br\u012bdin\u0101\u0161anu par iesp\u0113jamiem apdraud\u0113jumiem da\u017e\u0101d\u0101s darba vid\u0113s.<\/li>\n<\/ul>\n<\/li>\n<li><strong>Augsta redzam\u012bba un ska\u013cums:<\/strong>\n<ul>\n<li>Gaismas signaliz\u0101cija izmanto spilgtas mirgojo\u0161as gaismas, parasti sarkanas, dzeltenas vai zilas, kas nodro\u0161ina lielisku redzam\u012bbu pat v\u0101j\u0101 apgaismojum\u0101 vai trok\u0161\u0146ain\u0101 vid\u0113. Ska\u0146as signaliz\u0101cija izdod ska\u013cu br\u012bdin\u0101juma sign\u0101lu ar regul\u0113jamu ska\u013cumu un frekvenci, nodro\u0161inot efekt\u012bvu br\u012bdin\u0101jumu da\u017e\u0101dos apst\u0101k\u013cos.<\/li>\n<\/ul>\n<\/li>\n<li><strong>Regul\u0113jami iestat\u012bjumi:<\/strong>\n<ul>\n<li>Lietot\u0101ji var piel\u0101got gan ska\u0146as ska\u013cumu, gan gaismas intensit\u0101ti vai mirgo\u0161anas re\u017e\u012bmu atkar\u012bb\u0101 no darba vides, iev\u0113rojot da\u017e\u0101das dro\u0161\u012bbas pras\u012bbas.<\/li>\n<\/ul>\n<\/li>\n<li><strong>Iztur\u012bba un aizsardz\u012bba:<\/strong>\n<ul>\n<li>\u0160ie signalizatori ir \u016bdensiztur\u012bgi, putek\u013cu un triecieniztur\u012bgi, t\u0101p\u0113c tie ir piem\u0113roti skarbiem darba apst\u0101k\u013ciem un nodro\u0161ina uzticamu darb\u012bbu ilg\u0101ku laiku.<\/li>\n<\/ul>\n<\/li>\n<li><strong>Elast\u012bga uzst\u0101d\u012b\u0161ana:<\/strong>\n<ul>\n<li>Ier\u012bces ir paredz\u0113tas lieto\u0161anai ar da\u017e\u0101da veida celt\u0146iem (piem\u0113ram, tor\u0146a celt\u0146iem, port\u0101lcelt\u0146u celt\u0146iem un mobilajiem celt\u0146iem). Turkl\u0101t to vienk\u0101r\u0161ais uzst\u0101d\u012b\u0161anas process \u013cauj tos piel\u0101got da\u017e\u0101d\u0101m darb\u012bbas vajadz\u012bb\u0101m.<\/li>\n<\/ul>\n<\/li>\n<li><strong>Uzlabota dro\u0161\u012bba uz vietas:<\/strong>\n<ul>\n<li>Sniedzot agr\u012bnu br\u012bdin\u0101jumu darbiniekiem, operatoriem un apk\u0101rt\u0113jiem, \u0161ie signaliz\u0113t\u0101ji pal\u012bdz samazin\u0101t nelaimes gad\u012bjumu iesp\u0113jam\u012bbu, jo \u012bpa\u0161i tad, kad celt\u0146i ir kust\u012bb\u0101, kad tiek celtas lielas kravas vai atrodas potenci\u0101li b\u012bstam\u0101 st\u0101vokl\u012b.<\/li>\n<\/ul>\n<\/li>\n<\/ol>\n<h4><strong>Specifik\u0101cijas<\/strong><\/h4>\n<ol>\n<li><strong>Darba spriegums:<\/strong>\n<ul>\n<li>Mai\u0146str\u0101vas spriegums: 110 V, 220 V utt.<\/li>\n<li>L\u012bdzstr\u0101vas spriegums: 12V, 24V utt.<\/li>\n<\/ul>\n<\/li>\n<li><strong>Ska\u0146as intensit\u0101te:<\/strong>\n<ul>\n<li>Ska\u0146as intensit\u0101te parasti ir no 85 dB l\u012bdz 120 dB, un t\u0101s ska\u013cumu var regul\u0113t atkar\u012bb\u0101 no vides.<\/li>\n<\/ul>\n<\/li>\n<li><strong>Gaismas tips:<\/strong>\n<ul>\n<li>Mirgojo\u0161ie lukturi parasti ir LED, kas nodro\u0161ina lielu spilgtumu un ilgu kalpo\u0161anas laiku. Gaismas kr\u0101su var izv\u0113l\u0113ties atbilsto\u0161i pras\u012bb\u0101m, tostarp sarkanu, dzeltenu vai zilu.<\/li>\n<\/ul>\n<\/li>\n<li><strong>Mirgo\u0161anas bie\u017eums:<\/strong>\n<ul>\n<li>Mirgo\u0161anas bie\u017eums parasti sv\u0101rst\u0101s no 60 l\u012bdz 120 mirk\u0161\u0137iem min\u016bt\u0113, un to var regul\u0113t atkar\u012bb\u0101 no lieto\u0161anas vides.<\/li>\n<\/ul>\n<\/li>\n<li><strong>Aizsardz\u012bbas l\u012bmenis:<\/strong>\n<ul>\n<li>Aizsardz\u012bbas l\u012bmenis parasti ir IP65 vai augst\u0101ks, kas nodro\u0161ina ier\u012bces pareizu darb\u012bbu vid\u0113 ar augstu mitruma vai putek\u013cu l\u012bmeni.<\/li>\n<\/ul>\n<\/li>\n<li><strong>Darb\u012bbas temperat\u016bras diapazons:<\/strong>\n<ul>\n<li>Tipiskais darba temperat\u016bras diapazons ir no -20\u00b0C l\u012bdz +60\u00b0C, t\u0101p\u0113c tas ir piem\u0113rots da\u017e\u0101diem skarbiem vides apst\u0101k\u013ciem.<\/li>\n<\/ul>\n<\/li>\n<li><strong>Uzst\u0101d\u012b\u0161anas metode:<\/strong>\n<ul>\n<li>Da\u017e\u0101das uzst\u0101d\u012b\u0161anas metodes, tostarp mont\u0101\u017ea uz kron\u0161teina, pie sienas un pie sienas, nodro\u0161ina elast\u012bbu uzst\u0101d\u012b\u0161anai da\u017e\u0101d\u0101s vid\u0113s.<\/li>\n<\/ul>\n<\/li>\n<li><strong>Darb\u012bbas str\u0101va:<\/strong>\n<ul>\n<li>Darb\u012bbas str\u0101va parasti ir no 0,2 A l\u012bdz 1 A atkar\u012bb\u0101 no konkr\u0113t\u0101 mode\u013ca.<\/li>\n<\/ul>\n<\/li>\n<li><strong>Kalpo\u0161anas laiks:<\/strong>\n<ul>\n<li>LED lukturu darbm\u016b\u017es parasti ir ilg\u0101ks par 50 000 stund\u0101m, kas nodro\u0161ina ilgsto\u0161u un uzticamu lieto\u0161anu.<\/li>\n<\/ul>\n<\/li>\n<\/ol>\n<h3>Secin\u0101jums<\/h3>\n<p>Visbeidzot, celt\u0146u ska\u0146as un gaismas signaliz\u0101cija uzlabo dro\u0161\u012bbu uz vietas, pied\u0101v\u0101jot gan akustiskus, gan vizu\u0101lus br\u012bdin\u0101jumus, kas pal\u012bdz nov\u0113rst nelaimes gad\u012bjumus celt\u0146a darb\u012bbas laik\u0101. Ar regul\u0113jamu ska\u013cumu un gaismas intensit\u0101ti, lielisku iztur\u012bbu un elast\u012bg\u0101m uzst\u0101d\u012b\u0161anas metod\u0113m \u0161\u012bs signaliz\u0101cijas sist\u0113mas ir pla\u0161i izmantojamas da\u017e\u0101d\u0101s r\u016bpniec\u012bbas vid\u0113s. To sp\u0113ja sniegt uzticamus br\u012bdin\u0101jumus nodro\u0161ina dro\u0161u un efekt\u012bvu celt\u0146u darb\u012bbu da\u017e\u0101d\u0101s vid\u0113s.<\/p>","protected":false},"excerpt":{"rendered":"<p><strong>Celt\u0146a ska\u0146as un gaismas signaliz\u0101cijas \u012bpa\u0161\u012bbas\uff1a<\/strong><\/p>\n<ul>\n<li>Augsta spilgtuma LED gaismas avots<\/li>\n<li>Ska\u013ci ska\u0146as br\u012bdin\u0101jumi<\/li>\n<li>Vair\u0101ku spriegumu atbalsts<\/li>\n<li>Rot\u0113jo\u0161\u0101 br\u012bdin\u0101juma gaisma (p\u0113c izv\u0113les)<\/li>\n<li>Augsts aizsardz\u012bbas l\u012bmenis<\/li>\n<li>Ilgs kalpo\u0161anas laiks<\/li>\n<\/ul>","protected":false},"featured_media":7491,"template":"","meta":{"_kad_post_transparent":"default","_kad_post_title":"","_kad_post_layout":"default","_kad_post_sidebar_id":"","_kad_post_content_style":"default","_kad_post_vertical_padding":"show","_kad_post_feature":"","_kad_post_feature_position":"","_kad_post_header":false,"_kad_post_footer":false},"product_brand":[],"product_cat":[65],"product_tag":[632,622,376,634,612,616,626,627,629,613,617,620,615,614,618,628,619,621,623,630,635,633,625,631,624],"class_list":{"0":"post-5790","1":"product","2":"type-product","3":"status-publish","4":"has-post-thumbnail","6":"product_cat-crane-electrical-parts","7":"product_tag-aviation-plug","8":"product_tag-cable-trolley","9":"product_tag-china-crane-parts-supplier","10":"product_tag-crane-aviation-plug","11":"product_tag-crane-cable-trolley","12":"product_tag-crane-control-cabinet","13":"product_tag-crane-control-handle","14":"product_tag-crane-controls","15":"product_tag-crane-electrical-control-cabinet","16":"product_tag-crane-electrical-part","17":"product_tag-crane-limit-switch","18":"product_tag-crane-overload-limiter","19":"product_tag-crane-pendant-controller","20":"product_tag-crane-remote-controller","21":"product_tag-crane-sound-and-light-alarm","22":"product_tag-electrical-control-cabinet","23":"product_tag-heavy-duty-aviation-connector","24":"product_tag-i-beam-cable-trolley","25":"product_tag-i-beam-cable-trolley-supplier","26":"product_tag-limit-switch","27":"product_tag-overload-limiter","28":"product_tag-quick-connector","29":"product_tag-remote-controller","30":"product_tag-sound-and-light-alarm","31":"product_tag-wireless-remote-control","33":"first","34":"instock","35":"shipping-taxable","36":"product-type-simple","37":"entry","38":"content-bg","39":"loop-entry"},"yoast_head":"<!-- This site is optimized with the Yoast SEO plugin v24.5 - https:\/\/yoast.com\/wordpress\/plugins\/seo\/ -->\n<title>Crane sound and light alarm - Sound and light alarm- Crane Parts Manufacturer<\/title>\n<meta name=\"description\" content=\"Sound and light alarm,Crane Electrical Parts,Sound and light alarm manufacturer,Sound and light alarm Supplier,Crane Parts Supplier\" \/>\n<meta name=\"robots\" content=\"index, follow, max-snippet:-1, max-image-preview:large, max-video-preview:-1\" \/>\n<link rel=\"canonical\" href=\"https:\/\/www.hnhlcranes.com\/lv\/produkts\/celtna-skanas-un-gaismas-signalizacija\/\" \/>\n<meta property=\"og:locale\" content=\"lv_LV\" \/>\n<meta property=\"og:type\" content=\"article\" \/>\n<meta property=\"og:title\" content=\"Crane sound and light alarm - Sound and light alarm- Crane Parts Manufacturer\" \/>\n<meta property=\"og:description\" content=\"Sound and light alarm,Crane Electrical Parts,Sound and light alarm manufacturer,Sound and light alarm Supplier,Crane Parts Supplier\" \/>\n<meta property=\"og:url\" content=\"https:\/\/www.hnhlcranes.com\/lv\/produkts\/celtna-skanas-un-gaismas-signalizacija\/\" \/>\n<meta property=\"og:site_name\" content=\"Crane Parts Manufacturer\" \/>\n<meta property=\"article:modified_time\" content=\"2025-01-16T04:10:37+00:00\" \/>\n<meta property=\"og:image\" content=\"https:\/\/www.hnhlcranes.com\/wp-content\/uploads\/2024\/12\/Crane-sound-and-light-alarm.jpg\" \/>\n\t<meta property=\"og:image:width\" content=\"600\" \/>\n\t<meta property=\"og:image:height\" content=\"600\" \/>\n\t<meta property=\"og:image:type\" content=\"image\/jpeg\" \/>\n<meta name=\"twitter:card\" content=\"summary_large_image\" \/>\n<meta name=\"twitter:label1\" content=\"Est. reading time\" \/>\n\t<meta name=\"twitter:data1\" content=\"3 min\u016btes\" \/>\n<script type=\"application\/ld+json\" class=\"yoast-schema-graph\">{\"@context\":\"https:\/\/schema.org\",\"@graph\":[{\"@type\":\"WebPage\",\"@id\":\"https:\/\/www.hnhlcranes.com\/product\/crane-sound-and-light-alarm\/\",\"url\":\"https:\/\/www.hnhlcranes.com\/product\/crane-sound-and-light-alarm\/\",\"name\":\"Crane sound and light alarm - Sound and light alarm- Crane Parts Manufacturer\",\"isPartOf\":{\"@id\":\"https:\/\/www.hnhlcranes.com\/#website\"},\"primaryImageOfPage\":{\"@id\":\"https:\/\/www.hnhlcranes.com\/product\/crane-sound-and-light-alarm\/#primaryimage\"},\"image\":{\"@id\":\"https:\/\/www.hnhlcranes.com\/product\/crane-sound-and-light-alarm\/#primaryimage\"},\"thumbnailUrl\":\"https:\/\/www.hnhlcranes.com\/wp-content\/uploads\/2024\/12\/Crane-sound-and-light-alarm.jpg\",\"datePublished\":\"2024-12-05T16:55:21+00:00\",\"dateModified\":\"2025-01-16T04:10:37+00:00\",\"description\":\"Sound and light alarm,Crane Electrical Parts,Sound and light alarm manufacturer,Sound and light alarm Supplier,Crane Parts Supplier\",\"breadcrumb\":{\"@id\":\"https:\/\/www.hnhlcranes.com\/product\/crane-sound-and-light-alarm\/#breadcrumb\"},\"inLanguage\":\"lv-LV\",\"potentialAction\":[{\"@type\":\"ReadAction\",\"target\":[\"https:\/\/www.hnhlcranes.com\/product\/crane-sound-and-light-alarm\/\"]}]},{\"@type\":\"ImageObject\",\"inLanguage\":\"lv-LV\",\"@id\":\"https:\/\/www.hnhlcranes.com\/product\/crane-sound-and-light-alarm\/#primaryimage\",\"url\":\"https:\/\/www.hnhlcranes.com\/wp-content\/uploads\/2024\/12\/Crane-sound-and-light-alarm.jpg\",\"contentUrl\":\"https:\/\/www.hnhlcranes.com\/wp-content\/uploads\/2024\/12\/Crane-sound-and-light-alarm.jpg\",\"width\":600,\"height\":600},{\"@type\":\"BreadcrumbList\",\"@id\":\"https:\/\/www.hnhlcranes.com\/product\/crane-sound-and-light-alarm\/#breadcrumb\",\"itemListElement\":[{\"@type\":\"ListItem\",\"position\":1,\"name\":\"home\",\"item\":\"https:\/\/www.hnhlcranes.com\/\"},{\"@type\":\"ListItem\",\"position\":2,\"name\":\"products\",\"item\":\"https:\/\/www.hnhlcranes.com\/products\/\"},{\"@type\":\"ListItem\",\"position\":3,\"name\":\"Crane sound and light alarm\"}]},{\"@type\":\"WebSite\",\"@id\":\"https:\/\/www.hnhlcranes.com\/#website\",\"url\":\"https:\/\/www.hnhlcranes.com\/\",\"name\":\"Crane Parts Manufacturer\",\"description\":\"Crane Wheels,Crane Drums,Crane Hooks,Crane Coupling,Crane End Carriage,Electric Hoist,European Crane Parts,Crane Rail Clip,Crane Spreader,Crane Motor,Crane Reducer,Crane Brake,Light Crane Parts,Workstation Crane Parts,Crane Electrical Parts,China Crane Parts Supplier,China Crane Parts Manufacturer,Angle box type crane wheel,45 degree split crane wheel,European crane wheel,Crane Wheel Blocks,Overhead crane drum,European crane drum,Overhead crane hook,European crane hook,Crane pulley block,Gear coupling,Brake wheel coupling,Drum gear coupling,Brake wheel drum gear coupling,Cardan Shaft Coupling,WZL drum coupling,Plum blossom elastic coupling,Brake wheel plum elastic coupling,European Single girder crane end carriage,European Double girder crane end carriage,European Suspension  crane end carriage,Wire Rope Electric Hoist,Electric Chain Hoist,European Single Girder Wire Rope Electric Hoist,European Double Girder Wire Rope Electric Hoist,Crane grab,Container spreader,Billet crane clamps,C-type hook,Lifting Electromagnet,YZR crane motor,YZP crane motor,ZQ Reducer,ZSC Reducer,QJ Reducer,QJ-L Reducer,QJY Reducer,H series gearbox,F Series Gear Motor,K Series Gear Motor,R Series Gear Motor,travelling machinery gear motor,Electro hydraulic drum brake,Electro hydraulic disc brake,Crane Safety brake,Crane cable trolley,Crane remote controller,Crane pendant controller,Crane electrical control cabinet,Crane limit switch,Crane sound and light alarm,Heavy Duty Aviation Connector,Crane overload limiter\",\"publisher\":{\"@id\":\"https:\/\/www.hnhlcranes.com\/#organization\"},\"potentialAction\":[{\"@type\":\"SearchAction\",\"target\":{\"@type\":\"EntryPoint\",\"urlTemplate\":\"https:\/\/www.hnhlcranes.com\/?s={search_term_string}\"},\"query-input\":{\"@type\":\"PropertyValueSpecification\",\"valueRequired\":true,\"valueName\":\"search_term_string\"}}],\"inLanguage\":\"lv-LV\"},{\"@type\":\"Organization\",\"@id\":\"https:\/\/www.hnhlcranes.com\/#organization\",\"name\":\"Crane Parts Manufacturer\",\"url\":\"https:\/\/www.hnhlcranes.com\/\",\"logo\":{\"@type\":\"ImageObject\",\"inLanguage\":\"lv-LV\",\"@id\":\"https:\/\/www.hnhlcranes.com\/#\/schema\/logo\/image\/\",\"url\":\"https:\/\/www.hnhlcranes.com\/wp-content\/uploads\/2025\/01\/HL-logo-1.png\",\"contentUrl\":\"https:\/\/www.hnhlcranes.com\/wp-content\/uploads\/2025\/01\/HL-logo-1.png\",\"width\":600,\"height\":169,\"caption\":\"Crane Parts Manufacturer\"},\"image\":{\"@id\":\"https:\/\/www.hnhlcranes.com\/#\/schema\/logo\/image\/\"}}]}<\/script>\n<!-- \/ Yoast SEO plugin. -->","yoast_head_json":{"title":"Crane sound and light alarm - Sound and light alarm- Crane Parts Manufacturer","description":"Sound and light alarm,Crane Electrical Parts,Sound and light alarm manufacturer,Sound and light alarm Supplier,Crane Parts Supplier","robots":{"index":"index","follow":"follow","max-snippet":"max-snippet:-1","max-image-preview":"max-image-preview:large","max-video-preview":"max-video-preview:-1"},"canonical":"https:\/\/www.hnhlcranes.com\/lv\/produkts\/celtna-skanas-un-gaismas-signalizacija\/","og_locale":"lv_LV","og_type":"article","og_title":"Crane sound and light alarm - Sound and light alarm- Crane Parts Manufacturer","og_description":"Sound and light alarm,Crane Electrical Parts,Sound and light alarm manufacturer,Sound and light alarm Supplier,Crane Parts Supplier","og_url":"https:\/\/www.hnhlcranes.com\/lv\/produkts\/celtna-skanas-un-gaismas-signalizacija\/","og_site_name":"Crane Parts Manufacturer","article_modified_time":"2025-01-16T04:10:37+00:00","og_image":[{"width":600,"height":600,"url":"https:\/\/www.hnhlcranes.com\/wp-content\/uploads\/2024\/12\/Crane-sound-and-light-alarm.jpg","type":"image\/jpeg"}],"twitter_card":"summary_large_image","twitter_misc":{"Est. reading time":"3 min\u016btes"},"schema":{"@context":"https:\/\/schema.org","@graph":[{"@type":"WebPage","@id":"https:\/\/www.hnhlcranes.com\/product\/crane-sound-and-light-alarm\/","url":"https:\/\/www.hnhlcranes.com\/product\/crane-sound-and-light-alarm\/","name":"Crane sound and light alarm - Sound and light alarm- Crane Parts Manufacturer","isPartOf":{"@id":"https:\/\/www.hnhlcranes.com\/#website"},"primaryImageOfPage":{"@id":"https:\/\/www.hnhlcranes.com\/product\/crane-sound-and-light-alarm\/#primaryimage"},"image":{"@id":"https:\/\/www.hnhlcranes.com\/product\/crane-sound-and-light-alarm\/#primaryimage"},"thumbnailUrl":"https:\/\/www.hnhlcranes.com\/wp-content\/uploads\/2024\/12\/Crane-sound-and-light-alarm.jpg","datePublished":"2024-12-05T16:55:21+00:00","dateModified":"2025-01-16T04:10:37+00:00","description":"Sound and light alarm,Crane Electrical Parts,Sound and light alarm manufacturer,Sound and light alarm Supplier,Crane Parts Supplier","breadcrumb":{"@id":"https:\/\/www.hnhlcranes.com\/product\/crane-sound-and-light-alarm\/#breadcrumb"},"inLanguage":"lv-LV","potentialAction":[{"@type":"ReadAction","target":["https:\/\/www.hnhlcranes.com\/product\/crane-sound-and-light-alarm\/"]}]},{"@type":"ImageObject","inLanguage":"lv-LV","@id":"https:\/\/www.hnhlcranes.com\/product\/crane-sound-and-light-alarm\/#primaryimage","url":"https:\/\/www.hnhlcranes.com\/wp-content\/uploads\/2024\/12\/Crane-sound-and-light-alarm.jpg","contentUrl":"https:\/\/www.hnhlcranes.com\/wp-content\/uploads\/2024\/12\/Crane-sound-and-light-alarm.jpg","width":600,"height":600},{"@type":"BreadcrumbList","@id":"https:\/\/www.hnhlcranes.com\/product\/crane-sound-and-light-alarm\/#breadcrumb","itemListElement":[{"@type":"ListItem","position":1,"name":"home","item":"https:\/\/www.hnhlcranes.com\/"},{"@type":"ListItem","position":2,"name":"products","item":"https:\/\/www.hnhlcranes.com\/products\/"},{"@type":"ListItem","position":3,"name":"Crane sound and light alarm"}]},{"@type":"WebSite","@id":"https:\/\/www.hnhlcranes.com\/#website","url":"https:\/\/www.hnhlcranes.com\/","name":"Crane Parts Manufacturer","description":"Crane Wheels,Crane Drums,Crane Hooks,Crane Coupling,Crane End Carriage,Electric Hoist,European Crane Parts,Crane Rail Clip,Crane Spreader,Crane Motor,Crane Reducer,Crane Brake,Light Crane Parts,Workstation Crane Parts,Crane Electrical Parts,China Crane Parts Supplier,China Crane Parts Manufacturer,Angle box type crane wheel,45 degree split crane wheel,European crane wheel,Crane Wheel Blocks,Overhead crane drum,European crane drum,Overhead crane hook,European crane hook,Crane pulley block,Gear coupling,Brake wheel coupling,Drum gear coupling,Brake wheel drum gear coupling,Cardan Shaft Coupling,WZL drum coupling,Plum blossom elastic coupling,Brake wheel plum elastic coupling,European Single girder crane end carriage,European Double girder crane end carriage,European Suspension  crane end carriage,Wire Rope Electric Hoist,Electric Chain Hoist,European Single Girder Wire Rope Electric Hoist,European Double Girder Wire Rope Electric Hoist,Crane grab,Container spreader,Billet crane clamps,C-type hook,Lifting Electromagnet,YZR crane motor,YZP crane motor,ZQ Reducer,ZSC Reducer,QJ Reducer,QJ-L Reducer,QJY Reducer,H series gearbox,F Series Gear Motor,K Series Gear Motor,R Series Gear Motor,travelling machinery gear motor,Electro hydraulic drum brake,Electro hydraulic disc brake,Crane Safety brake,Crane cable trolley,Crane remote controller,Crane pendant controller,Crane electrical control cabinet,Crane limit switch,Crane sound and light alarm,Heavy Duty Aviation Connector,Crane overload limiter","publisher":{"@id":"https:\/\/www.hnhlcranes.com\/#organization"},"potentialAction":[{"@type":"SearchAction","target":{"@type":"EntryPoint","urlTemplate":"https:\/\/www.hnhlcranes.com\/?s={search_term_string}"},"query-input":{"@type":"PropertyValueSpecification","valueRequired":true,"valueName":"search_term_string"}}],"inLanguage":"lv-LV"},{"@type":"Organization","@id":"https:\/\/www.hnhlcranes.com\/#organization","name":"Crane Parts Manufacturer","url":"https:\/\/www.hnhlcranes.com\/","logo":{"@type":"ImageObject","inLanguage":"lv-LV","@id":"https:\/\/www.hnhlcranes.com\/#\/schema\/logo\/image\/","url":"https:\/\/www.hnhlcranes.com\/wp-content\/uploads\/2025\/01\/HL-logo-1.png","contentUrl":"https:\/\/www.hnhlcranes.com\/wp-content\/uploads\/2025\/01\/HL-logo-1.png","width":600,"height":169,"caption":"Crane Parts Manufacturer"},"image":{"@id":"https:\/\/www.hnhlcranes.com\/#\/schema\/logo\/image\/"}}]}},"_links":{"self":[{"href":"https:\/\/www.hnhlcranes.com\/lv\/wp-json\/wp\/v2\/product\/5790","targetHints":{"allow":["GET"]}}],"collection":[{"href":"https:\/\/www.hnhlcranes.com\/lv\/wp-json\/wp\/v2\/product"}],"about":[{"href":"https:\/\/www.hnhlcranes.com\/lv\/wp-json\/wp\/v2\/types\/product"}],"version-history":[{"count":4,"href":"https:\/\/www.hnhlcranes.com\/lv\/wp-json\/wp\/v2\/product\/5790\/revisions"}],"predecessor-version":[{"id":7494,"href":"https:\/\/www.hnhlcranes.com\/lv\/wp-json\/wp\/v2\/product\/5790\/revisions\/7494"}],"wp:featuredmedia":[{"embeddable":true,"href":"https:\/\/www.hnhlcranes.com\/lv\/wp-json\/wp\/v2\/media\/7491"}],"wp:attachment":[{"href":"https:\/\/www.hnhlcranes.com\/lv\/wp-json\/wp\/v2\/media?parent=5790"}],"wp:term":[{"taxonomy":"product_brand","embeddable":true,"href":"https:\/\/www.hnhlcranes.com\/lv\/wp-json\/wp\/v2\/product_brand?post=5790"},{"taxonomy":"product_cat","embeddable":true,"href":"https:\/\/www.hnhlcranes.com\/lv\/wp-json\/wp\/v2\/product_cat?post=5790"},{"taxonomy":"product_tag","embeddable":true,"href":"https:\/\/www.hnhlcranes.com\/lv\/wp-json\/wp\/v2\/product_tag?post=5790"}],"curies":[{"name":"wp","href":"https:\/\/api.w.org\/{rel}","templated":true}]}}