{"id":5799,"date":"2024-12-06T01:12:50","date_gmt":"2024-12-05T17:12:50","guid":{"rendered":"https:\/\/www.hnhlcranes.com\/?post_type=product&#038;p=5799"},"modified":"2025-01-16T15:38:12","modified_gmt":"2025-01-16T07:38:12","slug":"lieljaudas-aviacijas-savienotajs","status":"publish","type":"product","link":"https:\/\/www.hnhlcranes.com\/lv\/produkts\/lieljaudas-aviacijas-savienotajs\/","title":{"rendered":"Lieljaudas avi\u0101cijas savienot\u0101js"},"content":{"rendered":"<div class=\"flex max-w-full flex-col flex-grow\">\n<div class=\"min-h-8 text-message flex w-full flex-col items-end gap-2 whitespace-normal break-words text-start [.text-message+&amp;]:mt-5\" dir=\"auto\" data-message-author-role=\"assistant\" data-message-id=\"fc730c9a-ffef-45d3-a6b5-1c3420fc36b9\" data-message-model-slug=\"gpt-4o\">\n<div class=\"flex w-full flex-col gap-1 empty:hidden first:pt-[3px]\">\n<div class=\"markdown prose w-full break-words dark:prose-invert light\"><\/div>\n<\/div>\n<\/div>\n<\/div>\n<h3>Lielas noslodzes avi\u0101cijas savienot\u0101ja funkcijas un specifik\u0101cijas<\/h3>\n<h4><strong>Funkcijas<\/strong><\/h4>\n<ol>\n<li><strong>Augsta iztur\u012bba un ilgm\u016b\u017e\u012bba:<\/strong>\n<ul>\n<li>Lielas noslodzes avi\u0101cijas savienot\u0101js ir izgatavots no augstas iztur\u012bbas materi\u0101liem, kas nodro\u0161ina izcilu nodilumiztur\u012bbu, iztur\u012bbu pret koroziju un triecieniztur\u012bbu. \u0160ie savienot\u0101ji ir izstr\u0101d\u0101ti t\u0101, lai iztur\u0113tu meh\u0101niskus triecienus un vibr\u0101ciju, t\u0101p\u0113c tie ir ide\u0101li piem\u0113roti izmanto\u0161anai skarb\u0101s vid\u0113s un r\u016bpnieciskos lietojumos.<\/li>\n<\/ul>\n<\/li>\n<li><strong>\u016adensiztur\u012bgs un putek\u013cu iztur\u012bgs:<\/strong>\n<ul>\n<li>\u0160iem savienot\u0101jiem ir augsts aizsardz\u012bbas l\u012bmenis, parasti IP67 vai augst\u0101ks, kas efekt\u012bvi nov\u0113r\u0161 \u016bdens, putek\u013cu un citu pies\u0101r\u0146ot\u0101ju iek\u013c\u016b\u0161anu. T\u0101d\u0113j\u0101di tie nodro\u0161ina uzticamu darb\u012bbu vid\u0113 ar augstu mitruma l\u012bmeni vai lielu putek\u013cu daudzumu.<\/li>\n<\/ul>\n<\/li>\n<li><strong>Uzticama elektrisk\u0101 veiktsp\u0113ja:<\/strong>\n<ul>\n<li>Lieljaudas avi\u0101cijas savienot\u0101ji nodro\u0161ina lielas str\u0101vas p\u0101rraides iesp\u0113jas, nodro\u0161inot stabilu ener\u0123ijas p\u0101rvadi lielas slodzes apst\u0101k\u013cos. Kontaktu komponenti parasti ir izgatavoti no augstas vad\u012btsp\u0113jas materi\u0101liem (piem\u0113ram, vara sakaus\u0113juma), kas garant\u0113 uzticamus un ilgm\u016b\u017e\u012bgus elektriskos savienojumus.<\/li>\n<\/ul>\n<\/li>\n<li><strong>Iztur\u012bba pret augst\u0101m un zem\u0101m temperat\u016br\u0101m:<\/strong>\n<ul>\n<li>\u0160ie savienot\u0101ji ir paredz\u0113ti darbam ekstrem\u0101l\u0101s temperat\u016br\u0101s, parasti no -55\u00b0C l\u012bdz +200\u00b0C. Tie ir labi piem\u0113roti t\u0101d\u0101s nozar\u0113s k\u0101 avi\u0101cija, milit\u0101r\u0101 r\u016bpniec\u012bba un dzelzce\u013c\u0161, kur bie\u017ei sastopami augstas vai zemas temperat\u016bras apst\u0101k\u013ci.<\/li>\n<\/ul>\n<\/li>\n<li><strong>Savienot\u0101ju daudzveid\u012bba:<\/strong>\n<ul>\n<li>Lielas noslodzes avi\u0101cijas savienot\u0101js atbalsta da\u017e\u0101dus savienot\u0101ju veidus, tostarp apa\u013cus, taisnst\u016bra, taisnst\u016bra, taisnu kontaktdak\u0161u un atvienojamu veidu savienot\u0101jus, kas atbilst da\u017e\u0101diem lietojumu scen\u0101rijiem un pras\u012bb\u0101m.<\/li>\n<\/ul>\n<\/li>\n<li><strong>\u0100tra uzst\u0101d\u012b\u0161ana un atvieno\u0161ana:<\/strong>\n<ul>\n<li>\u0160ie savienot\u0101ji ir izstr\u0101d\u0101ti \u0113rt\u012bbai, ar \u0101tras savieno\u0161anas un atvieno\u0161anas meh\u0101nismiem, kas uzlabo darb\u012bbas efektivit\u0101ti. Daudziem mode\u013ciem ir pa\u0161blo\u0137\u0113jo\u0161i meh\u0101nismi, kas nodro\u0161ina stabilus un uzticamus savienojumus.<\/li>\n<\/ul>\n<\/li>\n<li><strong>Pla\u0161s lietojumu kl\u0101sts:<\/strong>\n<ul>\n<li>\u0160os savienot\u0101jus pla\u0161i izmanto kosmosa, milit\u0101raj\u0101, dzelzce\u013ca, smag\u0101s tehnikas, r\u016bpniec\u012bbas iek\u0101rtu un cit\u0101s jom\u0101s, kur nepiecie\u0161ami augstas stipr\u012bbas elektriskie savienojumi.<\/li>\n<\/ul>\n<\/li>\n<\/ol>\n<h4><strong>Specifik\u0101cijas<\/strong><\/h4>\n<ol>\n<li><strong>Nomin\u0101l\u0101 str\u0101va:<\/strong>\n<ul>\n<li>Nomin\u0101l\u0101s str\u0101vas diapazons parasti sv\u0101rst\u0101s no 10 A l\u012bdz 500 A atkar\u012bb\u0101 no savienot\u0101ja mode\u013ca un specifik\u0101cij\u0101m.<\/li>\n<\/ul>\n<\/li>\n<li><strong>Nomin\u0101lais spriegums:<\/strong>\n<ul>\n<li>Nomin\u0101lais spriegums parasti sv\u0101rst\u0101s no 250 V l\u012bdz 3000 V, kas atbilst da\u017e\u0101du lietojumu elektriskaj\u0101m pras\u012bb\u0101m.<\/li>\n<\/ul>\n<\/li>\n<li><strong>Kontaktu pretest\u012bba:<\/strong>\n<ul>\n<li>Kontaktu pretest\u012bba parasti ir maz\u0101ka par 1 m\u03a9, kas nodro\u0161ina zemas pretest\u012bbas savienojumus un samazina ener\u0123ijas zudumus.<\/li>\n<\/ul>\n<\/li>\n<li><strong>Darb\u012bbas temperat\u016bras diapazons:<\/strong>\n<ul>\n<li>Standarta darba temperat\u016bras diapazons ir no -55\u00b0C l\u012bdz +200\u00b0C, bet da\u017ei mode\u013ci sp\u0113j iztur\u0113t v\u0113l augst\u0101kas temperat\u016bras.<\/li>\n<\/ul>\n<\/li>\n<li><strong>Aizsardz\u012bbas kategorija:<\/strong>\n<ul>\n<li>Aizsardz\u012bbas l\u012bmenis parasti atbilst vai p\u0101rsniedz IP67, nodro\u0161inot lielisku \u016bdensiztur\u012bbu un putek\u013cu necaurlaid\u012bbu.<\/li>\n<\/ul>\n<\/li>\n<li><strong>Ievieto\u0161anas\/iz\u0146em\u0161anas cikli:<\/strong>\n<ul>\n<li>Savienot\u0101ji parasti iztur no 1000 l\u012bdz 5000 savieno\u0161anas ciklu, nodro\u0161inot ilgtermi\u0146a uzticam\u012bbu un stabilit\u0101ti pat p\u0113c vair\u0101kk\u0101rt\u0113jas lieto\u0161anas.<\/li>\n<\/ul>\n<\/li>\n<li><strong>Savienot\u0101ju veidi:<\/strong>\n<ul>\n<li>Bie\u017ei sastopamie savienot\u0101ju veidi ietver \u0101tr\u0101s savieno\u0161anas savienot\u0101jus, v\u012bt\u0146savienojuma savienot\u0101jus un blo\u0137\u0113\u0161anas savienot\u0101jus, kas \u013cauj elast\u012bgi izv\u0113l\u0113ties atkar\u012bb\u0101 no konkr\u0113t\u0101m savienojuma vajadz\u012bb\u0101m.<\/li>\n<\/ul>\n<\/li>\n<li><strong>Materi\u0101li:<\/strong>\n<ul>\n<li>Korpusi parasti ir izgatavoti no alum\u012bnija sakaus\u0113juma vai ner\u016bs\u0113jo\u0161\u0101 t\u0113rauda, bet kontakti parasti ir izgatavoti no vara sakaus\u0113juma vai sudrabotiem materi\u0101liem, kas nodro\u0161ina lielisku vad\u012btsp\u0113ju un iztur\u012bbu pret koroziju.<\/li>\n<\/ul>\n<\/li>\n<li><strong>Izm\u0113rs un svars:<\/strong>\n<ul>\n<li>Lieljaudas avi\u0101cijas savienot\u0101ji parasti ir liel\u0101ka izm\u0113ra, lai nodro\u0161in\u0101tu liel\u0101ku str\u0101vu un sp\u0113c\u012bg\u0101ku meh\u0101nisko veiktsp\u0113ju, k\u0101 rezult\u0101t\u0101 tiem ir relat\u012bvi liel\u0101ks svars, lai nodro\u0161in\u0101tu stabilus savienojumus.<\/li>\n<\/ul>\n<\/li>\n<\/ol>\n<h3>Secin\u0101jums<\/h3>\n<p>Visbeidzot, lieljaudas avi\u0101cijas savienot\u0101ji nodro\u0161ina izcilu iztur\u012bbu un uzticam\u012bbu, nodro\u0161inot stabilus elektriskos savienojumus pat ekstr\u0113mos apst\u0101k\u013cos. Pateicoties t\u0101d\u0101m \u012bpa\u0161\u012bb\u0101m k\u0101 \u016bdensnecaurlaid\u012bba, putek\u013cu necaurlaid\u012bba, triecieniztur\u012bba un iztur\u012bba pret augst\u0101m temperat\u016br\u0101m, \u0161os savienot\u0101jus pla\u0161i izmanto t\u0101d\u0101s nozar\u0113s k\u0101 avi\u0101cija, milit\u0101r\u0101 avi\u0101cija, dzelzce\u013c\u0161 un r\u016bpniec\u012bbas iek\u0101rtas. To lab\u0101s elektrisk\u0101s \u012bpa\u0161\u012bbas, savienot\u0101ju stilu daudzveid\u012bba un augstie aizsardz\u012bbas r\u0101d\u012bt\u0101ji padara tos par ide\u0101lu izv\u0113li lietojumiem, kur nepiecie\u0161ami augstas iztur\u012bbas elektriskie savienojumi.<\/p>\n<p><img fetchpriority=\"high\" decoding=\"async\" class=\"alignnone wp-image-7525\" src=\"https:\/\/www.hnhlcranes.com\/wp-content\/uploads\/2024\/12\/Heavy-Duty-Aviation-Connector-6-pin-e1737012766554-300x147.jpg\" alt=\"\" width=\"1010\" height=\"495\" srcset=\"https:\/\/www.hnhlcranes.com\/wp-content\/uploads\/2024\/12\/Heavy-Duty-Aviation-Connector-6-pin-e1737012766554-300x147.jpg 300w, https:\/\/www.hnhlcranes.com\/wp-content\/uploads\/2024\/12\/Heavy-Duty-Aviation-Connector-6-pin-e1737012766554-1024x502.jpg 1024w, https:\/\/www.hnhlcranes.com\/wp-content\/uploads\/2024\/12\/Heavy-Duty-Aviation-Connector-6-pin-e1737012766554-768x376.jpg 768w, https:\/\/www.hnhlcranes.com\/wp-content\/uploads\/2024\/12\/Heavy-Duty-Aviation-Connector-6-pin-e1737012766554-600x294.jpg 600w, https:\/\/www.hnhlcranes.com\/wp-content\/uploads\/2024\/12\/Heavy-Duty-Aviation-Connector-6-pin-e1737012766554.jpg 1224w\" sizes=\"(max-width: 1010px) 100vw, 1010px\" \/><\/p>\n<p><img decoding=\"async\" class=\"alignnone wp-image-7526\" src=\"https:\/\/www.hnhlcranes.com\/wp-content\/uploads\/2024\/12\/Heavy-Duty-Aviation-Connector-16-pin-e1737012903661-300x147.jpg\" alt=\"\" width=\"1000\" height=\"490\" srcset=\"https:\/\/www.hnhlcranes.com\/wp-content\/uploads\/2024\/12\/Heavy-Duty-Aviation-Connector-16-pin-e1737012903661-300x147.jpg 300w, https:\/\/www.hnhlcranes.com\/wp-content\/uploads\/2024\/12\/Heavy-Duty-Aviation-Connector-16-pin-e1737012903661-1024x502.jpg 1024w, https:\/\/www.hnhlcranes.com\/wp-content\/uploads\/2024\/12\/Heavy-Duty-Aviation-Connector-16-pin-e1737012903661-768x376.jpg 768w, https:\/\/www.hnhlcranes.com\/wp-content\/uploads\/2024\/12\/Heavy-Duty-Aviation-Connector-16-pin-e1737012903661-600x294.jpg 600w, https:\/\/www.hnhlcranes.com\/wp-content\/uploads\/2024\/12\/Heavy-Duty-Aviation-Connector-16-pin-e1737012903661.jpg 1224w\" sizes=\"(max-width: 1000px) 100vw, 1000px\" \/><\/p>\n<p><img decoding=\"async\" class=\"alignnone  wp-image-7527\" src=\"https:\/\/www.hnhlcranes.com\/wp-content\/uploads\/2024\/12\/Heavy-Duty-Aviation-Connector-32-pin-e1737013007182-300x147.jpg\" alt=\"\" width=\"1004\" height=\"492\" srcset=\"https:\/\/www.hnhlcranes.com\/wp-content\/uploads\/2024\/12\/Heavy-Duty-Aviation-Connector-32-pin-e1737013007182-300x147.jpg 300w, https:\/\/www.hnhlcranes.com\/wp-content\/uploads\/2024\/12\/Heavy-Duty-Aviation-Connector-32-pin-e1737013007182-1024x502.jpg 1024w, https:\/\/www.hnhlcranes.com\/wp-content\/uploads\/2024\/12\/Heavy-Duty-Aviation-Connector-32-pin-e1737013007182-768x376.jpg 768w, https:\/\/www.hnhlcranes.com\/wp-content\/uploads\/2024\/12\/Heavy-Duty-Aviation-Connector-32-pin-e1737013007182-600x294.jpg 600w, https:\/\/www.hnhlcranes.com\/wp-content\/uploads\/2024\/12\/Heavy-Duty-Aviation-Connector-32-pin-e1737013007182.jpg 1224w\" sizes=\"(max-width: 1004px) 100vw, 1004px\" \/><\/p>","protected":false},"excerpt":{"rendered":"<p>HE Heavy Duty Avi\u0101cijas savienot\u0101js, kas paz\u012bstams ar\u012b k\u0101 avi\u0101cijas kontaktdak\u0161a vai \u0101trais savienot\u0101js, ir univers\u0101ls un iztur\u012bgs risin\u0101jums elektriskiem un sign\u0101lu savienojumiem r\u016bpniecisk\u0101s iek\u0101rt\u0101s, tostarp celt\u0146os.<\/p>","protected":false},"featured_media":7506,"template":"","meta":{"_kad_post_transparent":"default","_kad_post_title":"","_kad_post_layout":"default","_kad_post_sidebar_id":"","_kad_post_content_style":"default","_kad_post_vertical_padding":"show","_kad_post_feature":"","_kad_post_feature_position":"","_kad_post_header":false,"_kad_post_footer":false},"product_brand":[],"product_cat":[65],"product_tag":[632,622,376,634,612,616,626,627,629,613,617,620,615,614,618,628,619,621,623,630,635,633,625,631,624],"class_list":{"0":"post-5799","1":"product","2":"type-product","3":"status-publish","4":"has-post-thumbnail","6":"product_cat-crane-electrical-parts","7":"product_tag-aviation-plug","8":"product_tag-cable-trolley","9":"product_tag-china-crane-parts-supplier","10":"product_tag-crane-aviation-plug","11":"product_tag-crane-cable-trolley","12":"product_tag-crane-control-cabinet","13":"product_tag-crane-control-handle","14":"product_tag-crane-controls","15":"product_tag-crane-electrical-control-cabinet","16":"product_tag-crane-electrical-part","17":"product_tag-crane-limit-switch","18":"product_tag-crane-overload-limiter","19":"product_tag-crane-pendant-controller","20":"product_tag-crane-remote-controller","21":"product_tag-crane-sound-and-light-alarm","22":"product_tag-electrical-control-cabinet","23":"product_tag-heavy-duty-aviation-connector","24":"product_tag-i-beam-cable-trolley","25":"product_tag-i-beam-cable-trolley-supplier","26":"product_tag-limit-switch","27":"product_tag-overload-limiter","28":"product_tag-quick-connector","29":"product_tag-remote-controller","30":"product_tag-sound-and-light-alarm","31":"product_tag-wireless-remote-control","33":"first","34":"instock","35":"shipping-taxable","36":"product-type-simple","37":"entry","38":"content-bg","39":"loop-entry"},"yoast_head":"<!-- This site is optimized with the Yoast SEO plugin v24.5 - https:\/\/yoast.com\/wordpress\/plugins\/seo\/ -->\n<title>Heavy Duty Aviation Connector - Aviation plug-Quick connector-Crane Parts Manufacturer<\/title>\n<meta name=\"description\" content=\"Aviation plug,quick connector,Crane aviation plug, Heavy Duty Aviation Connector manufacturer,Crane Parts Supplier,Heavy Duty Aviation Connector\" \/>\n<meta name=\"robots\" content=\"index, follow, max-snippet:-1, max-image-preview:large, max-video-preview:-1\" \/>\n<link rel=\"canonical\" href=\"https:\/\/www.hnhlcranes.com\/lv\/produkts\/lieljaudas-aviacijas-savienotajs\/\" \/>\n<meta property=\"og:locale\" content=\"lv_LV\" \/>\n<meta property=\"og:type\" content=\"article\" \/>\n<meta property=\"og:title\" content=\"Heavy Duty Aviation Connector - Aviation plug-Quick connector-Crane Parts Manufacturer\" \/>\n<meta property=\"og:description\" content=\"Aviation plug,quick connector,Crane aviation plug, Heavy Duty Aviation Connector manufacturer,Crane Parts Supplier,Heavy Duty Aviation Connector\" \/>\n<meta property=\"og:url\" content=\"https:\/\/www.hnhlcranes.com\/lv\/produkts\/lieljaudas-aviacijas-savienotajs\/\" \/>\n<meta property=\"og:site_name\" content=\"Crane Parts Manufacturer\" \/>\n<meta property=\"article:modified_time\" content=\"2025-01-16T07:38:12+00:00\" \/>\n<meta property=\"og:image\" content=\"https:\/\/www.hnhlcranes.com\/wp-content\/uploads\/2024\/12\/Heavy-Duty-Aviation-Connector.jpg\" \/>\n\t<meta property=\"og:image:width\" content=\"600\" \/>\n\t<meta property=\"og:image:height\" content=\"600\" \/>\n\t<meta property=\"og:image:type\" content=\"image\/jpeg\" \/>\n<meta name=\"twitter:card\" content=\"summary_large_image\" \/>\n<meta name=\"twitter:label1\" content=\"Est. reading time\" \/>\n\t<meta name=\"twitter:data1\" content=\"4 min\u016btes\" \/>\n<script type=\"application\/ld+json\" class=\"yoast-schema-graph\">{\"@context\":\"https:\/\/schema.org\",\"@graph\":[{\"@type\":\"WebPage\",\"@id\":\"https:\/\/www.hnhlcranes.com\/product\/heavy-duty-aviation-connector\/\",\"url\":\"https:\/\/www.hnhlcranes.com\/product\/heavy-duty-aviation-connector\/\",\"name\":\"Heavy Duty Aviation Connector - Aviation plug-Quick connector-Crane Parts Manufacturer\",\"isPartOf\":{\"@id\":\"https:\/\/www.hnhlcranes.com\/#website\"},\"primaryImageOfPage\":{\"@id\":\"https:\/\/www.hnhlcranes.com\/product\/heavy-duty-aviation-connector\/#primaryimage\"},\"image\":{\"@id\":\"https:\/\/www.hnhlcranes.com\/product\/heavy-duty-aviation-connector\/#primaryimage\"},\"thumbnailUrl\":\"https:\/\/www.hnhlcranes.com\/wp-content\/uploads\/2024\/12\/Heavy-Duty-Aviation-Connector.jpg\",\"datePublished\":\"2024-12-05T17:12:50+00:00\",\"dateModified\":\"2025-01-16T07:38:12+00:00\",\"description\":\"Aviation plug,quick connector,Crane aviation plug, Heavy Duty Aviation Connector manufacturer,Crane Parts Supplier,Heavy Duty Aviation Connector\",\"breadcrumb\":{\"@id\":\"https:\/\/www.hnhlcranes.com\/product\/heavy-duty-aviation-connector\/#breadcrumb\"},\"inLanguage\":\"lv-LV\",\"potentialAction\":[{\"@type\":\"ReadAction\",\"target\":[\"https:\/\/www.hnhlcranes.com\/product\/heavy-duty-aviation-connector\/\"]}]},{\"@type\":\"ImageObject\",\"inLanguage\":\"lv-LV\",\"@id\":\"https:\/\/www.hnhlcranes.com\/product\/heavy-duty-aviation-connector\/#primaryimage\",\"url\":\"https:\/\/www.hnhlcranes.com\/wp-content\/uploads\/2024\/12\/Heavy-Duty-Aviation-Connector.jpg\",\"contentUrl\":\"https:\/\/www.hnhlcranes.com\/wp-content\/uploads\/2024\/12\/Heavy-Duty-Aviation-Connector.jpg\",\"width\":600,\"height\":600},{\"@type\":\"BreadcrumbList\",\"@id\":\"https:\/\/www.hnhlcranes.com\/product\/heavy-duty-aviation-connector\/#breadcrumb\",\"itemListElement\":[{\"@type\":\"ListItem\",\"position\":1,\"name\":\"home\",\"item\":\"https:\/\/www.hnhlcranes.com\/\"},{\"@type\":\"ListItem\",\"position\":2,\"name\":\"products\",\"item\":\"https:\/\/www.hnhlcranes.com\/products\/\"},{\"@type\":\"ListItem\",\"position\":3,\"name\":\"Heavy Duty Aviation Connector\"}]},{\"@type\":\"WebSite\",\"@id\":\"https:\/\/www.hnhlcranes.com\/#website\",\"url\":\"https:\/\/www.hnhlcranes.com\/\",\"name\":\"Crane Parts Manufacturer\",\"description\":\"Crane Wheels,Crane Drums,Crane Hooks,Crane Coupling,Crane End Carriage,Electric Hoist,European Crane Parts,Crane Rail Clip,Crane Spreader,Crane Motor,Crane Reducer,Crane Brake,Light Crane Parts,Workstation Crane Parts,Crane Electrical Parts,China Crane Parts Supplier,China Crane Parts Manufacturer,Angle box type crane wheel,45 degree split crane wheel,European crane wheel,Crane Wheel Blocks,Overhead crane drum,European crane drum,Overhead crane hook,European crane hook,Crane pulley block,Gear coupling,Brake wheel coupling,Drum gear coupling,Brake wheel drum gear coupling,Cardan Shaft Coupling,WZL drum coupling,Plum blossom elastic coupling,Brake wheel plum elastic coupling,European Single girder crane end carriage,European Double girder crane end carriage,European Suspension  crane end carriage,Wire Rope Electric Hoist,Electric Chain Hoist,European Single Girder Wire Rope Electric Hoist,European Double Girder Wire Rope Electric Hoist,Crane grab,Container spreader,Billet crane clamps,C-type hook,Lifting Electromagnet,YZR crane motor,YZP crane motor,ZQ Reducer,ZSC Reducer,QJ Reducer,QJ-L Reducer,QJY Reducer,H series gearbox,F Series Gear Motor,K Series Gear Motor,R Series Gear Motor,travelling machinery gear motor,Electro hydraulic drum brake,Electro hydraulic disc brake,Crane Safety brake,Crane cable trolley,Crane remote controller,Crane pendant controller,Crane electrical control cabinet,Crane limit switch,Crane sound and light alarm,Heavy Duty Aviation Connector,Crane overload limiter\",\"publisher\":{\"@id\":\"https:\/\/www.hnhlcranes.com\/#organization\"},\"potentialAction\":[{\"@type\":\"SearchAction\",\"target\":{\"@type\":\"EntryPoint\",\"urlTemplate\":\"https:\/\/www.hnhlcranes.com\/?s={search_term_string}\"},\"query-input\":{\"@type\":\"PropertyValueSpecification\",\"valueRequired\":true,\"valueName\":\"search_term_string\"}}],\"inLanguage\":\"lv-LV\"},{\"@type\":\"Organization\",\"@id\":\"https:\/\/www.hnhlcranes.com\/#organization\",\"name\":\"Crane Parts Manufacturer\",\"url\":\"https:\/\/www.hnhlcranes.com\/\",\"logo\":{\"@type\":\"ImageObject\",\"inLanguage\":\"lv-LV\",\"@id\":\"https:\/\/www.hnhlcranes.com\/#\/schema\/logo\/image\/\",\"url\":\"https:\/\/www.hnhlcranes.com\/wp-content\/uploads\/2025\/01\/HL-logo-1.png\",\"contentUrl\":\"https:\/\/www.hnhlcranes.com\/wp-content\/uploads\/2025\/01\/HL-logo-1.png\",\"width\":600,\"height\":169,\"caption\":\"Crane Parts Manufacturer\"},\"image\":{\"@id\":\"https:\/\/www.hnhlcranes.com\/#\/schema\/logo\/image\/\"}}]}<\/script>\n<!-- \/ Yoast SEO plugin. -->","yoast_head_json":{"title":"Heavy Duty Aviation Connector - Aviation plug-Quick connector-Crane Parts Manufacturer","description":"Aviation plug,quick connector,Crane aviation plug, Heavy Duty Aviation Connector manufacturer,Crane Parts Supplier,Heavy Duty Aviation Connector","robots":{"index":"index","follow":"follow","max-snippet":"max-snippet:-1","max-image-preview":"max-image-preview:large","max-video-preview":"max-video-preview:-1"},"canonical":"https:\/\/www.hnhlcranes.com\/lv\/produkts\/lieljaudas-aviacijas-savienotajs\/","og_locale":"lv_LV","og_type":"article","og_title":"Heavy Duty Aviation Connector - Aviation plug-Quick connector-Crane Parts Manufacturer","og_description":"Aviation plug,quick connector,Crane aviation plug, Heavy Duty Aviation Connector manufacturer,Crane Parts Supplier,Heavy Duty Aviation Connector","og_url":"https:\/\/www.hnhlcranes.com\/lv\/produkts\/lieljaudas-aviacijas-savienotajs\/","og_site_name":"Crane Parts Manufacturer","article_modified_time":"2025-01-16T07:38:12+00:00","og_image":[{"width":600,"height":600,"url":"https:\/\/www.hnhlcranes.com\/wp-content\/uploads\/2024\/12\/Heavy-Duty-Aviation-Connector.jpg","type":"image\/jpeg"}],"twitter_card":"summary_large_image","twitter_misc":{"Est. reading time":"4 min\u016btes"},"schema":{"@context":"https:\/\/schema.org","@graph":[{"@type":"WebPage","@id":"https:\/\/www.hnhlcranes.com\/product\/heavy-duty-aviation-connector\/","url":"https:\/\/www.hnhlcranes.com\/product\/heavy-duty-aviation-connector\/","name":"Heavy Duty Aviation Connector - Aviation plug-Quick connector-Crane Parts Manufacturer","isPartOf":{"@id":"https:\/\/www.hnhlcranes.com\/#website"},"primaryImageOfPage":{"@id":"https:\/\/www.hnhlcranes.com\/product\/heavy-duty-aviation-connector\/#primaryimage"},"image":{"@id":"https:\/\/www.hnhlcranes.com\/product\/heavy-duty-aviation-connector\/#primaryimage"},"thumbnailUrl":"https:\/\/www.hnhlcranes.com\/wp-content\/uploads\/2024\/12\/Heavy-Duty-Aviation-Connector.jpg","datePublished":"2024-12-05T17:12:50+00:00","dateModified":"2025-01-16T07:38:12+00:00","description":"Aviation plug,quick connector,Crane aviation plug, Heavy Duty Aviation Connector manufacturer,Crane Parts Supplier,Heavy Duty Aviation Connector","breadcrumb":{"@id":"https:\/\/www.hnhlcranes.com\/product\/heavy-duty-aviation-connector\/#breadcrumb"},"inLanguage":"lv-LV","potentialAction":[{"@type":"ReadAction","target":["https:\/\/www.hnhlcranes.com\/product\/heavy-duty-aviation-connector\/"]}]},{"@type":"ImageObject","inLanguage":"lv-LV","@id":"https:\/\/www.hnhlcranes.com\/product\/heavy-duty-aviation-connector\/#primaryimage","url":"https:\/\/www.hnhlcranes.com\/wp-content\/uploads\/2024\/12\/Heavy-Duty-Aviation-Connector.jpg","contentUrl":"https:\/\/www.hnhlcranes.com\/wp-content\/uploads\/2024\/12\/Heavy-Duty-Aviation-Connector.jpg","width":600,"height":600},{"@type":"BreadcrumbList","@id":"https:\/\/www.hnhlcranes.com\/product\/heavy-duty-aviation-connector\/#breadcrumb","itemListElement":[{"@type":"ListItem","position":1,"name":"home","item":"https:\/\/www.hnhlcranes.com\/"},{"@type":"ListItem","position":2,"name":"products","item":"https:\/\/www.hnhlcranes.com\/products\/"},{"@type":"ListItem","position":3,"name":"Heavy Duty Aviation Connector"}]},{"@type":"WebSite","@id":"https:\/\/www.hnhlcranes.com\/#website","url":"https:\/\/www.hnhlcranes.com\/","name":"Crane Parts Manufacturer","description":"Crane Wheels,Crane Drums,Crane Hooks,Crane Coupling,Crane End Carriage,Electric Hoist,European Crane Parts,Crane Rail Clip,Crane Spreader,Crane Motor,Crane Reducer,Crane Brake,Light Crane Parts,Workstation Crane Parts,Crane Electrical Parts,China Crane Parts Supplier,China Crane Parts Manufacturer,Angle box type crane wheel,45 degree split crane wheel,European crane wheel,Crane Wheel Blocks,Overhead crane drum,European crane drum,Overhead crane hook,European crane hook,Crane pulley block,Gear coupling,Brake wheel coupling,Drum gear coupling,Brake wheel drum gear coupling,Cardan Shaft Coupling,WZL drum coupling,Plum blossom elastic coupling,Brake wheel plum elastic coupling,European Single girder crane end carriage,European Double girder crane end carriage,European Suspension  crane end carriage,Wire Rope Electric Hoist,Electric Chain Hoist,European Single Girder Wire Rope Electric Hoist,European Double Girder Wire Rope Electric Hoist,Crane grab,Container spreader,Billet crane clamps,C-type hook,Lifting Electromagnet,YZR crane motor,YZP crane motor,ZQ Reducer,ZSC Reducer,QJ Reducer,QJ-L Reducer,QJY Reducer,H series gearbox,F Series Gear Motor,K Series Gear Motor,R Series Gear Motor,travelling machinery gear motor,Electro hydraulic drum brake,Electro hydraulic disc brake,Crane Safety brake,Crane cable trolley,Crane remote controller,Crane pendant controller,Crane electrical control cabinet,Crane limit switch,Crane sound and light alarm,Heavy Duty Aviation Connector,Crane overload limiter","publisher":{"@id":"https:\/\/www.hnhlcranes.com\/#organization"},"potentialAction":[{"@type":"SearchAction","target":{"@type":"EntryPoint","urlTemplate":"https:\/\/www.hnhlcranes.com\/?s={search_term_string}"},"query-input":{"@type":"PropertyValueSpecification","valueRequired":true,"valueName":"search_term_string"}}],"inLanguage":"lv-LV"},{"@type":"Organization","@id":"https:\/\/www.hnhlcranes.com\/#organization","name":"Crane Parts Manufacturer","url":"https:\/\/www.hnhlcranes.com\/","logo":{"@type":"ImageObject","inLanguage":"lv-LV","@id":"https:\/\/www.hnhlcranes.com\/#\/schema\/logo\/image\/","url":"https:\/\/www.hnhlcranes.com\/wp-content\/uploads\/2025\/01\/HL-logo-1.png","contentUrl":"https:\/\/www.hnhlcranes.com\/wp-content\/uploads\/2025\/01\/HL-logo-1.png","width":600,"height":169,"caption":"Crane Parts Manufacturer"},"image":{"@id":"https:\/\/www.hnhlcranes.com\/#\/schema\/logo\/image\/"}}]}},"_links":{"self":[{"href":"https:\/\/www.hnhlcranes.com\/lv\/wp-json\/wp\/v2\/product\/5799","targetHints":{"allow":["GET"]}}],"collection":[{"href":"https:\/\/www.hnhlcranes.com\/lv\/wp-json\/wp\/v2\/product"}],"about":[{"href":"https:\/\/www.hnhlcranes.com\/lv\/wp-json\/wp\/v2\/types\/product"}],"version-history":[{"count":25,"href":"https:\/\/www.hnhlcranes.com\/lv\/wp-json\/wp\/v2\/product\/5799\/revisions"}],"predecessor-version":[{"id":7533,"href":"https:\/\/www.hnhlcranes.com\/lv\/wp-json\/wp\/v2\/product\/5799\/revisions\/7533"}],"wp:featuredmedia":[{"embeddable":true,"href":"https:\/\/www.hnhlcranes.com\/lv\/wp-json\/wp\/v2\/media\/7506"}],"wp:attachment":[{"href":"https:\/\/www.hnhlcranes.com\/lv\/wp-json\/wp\/v2\/media?parent=5799"}],"wp:term":[{"taxonomy":"product_brand","embeddable":true,"href":"https:\/\/www.hnhlcranes.com\/lv\/wp-json\/wp\/v2\/product_brand?post=5799"},{"taxonomy":"product_cat","embeddable":true,"href":"https:\/\/www.hnhlcranes.com\/lv\/wp-json\/wp\/v2\/product_cat?post=5799"},{"taxonomy":"product_tag","embeddable":true,"href":"https:\/\/www.hnhlcranes.com\/lv\/wp-json\/wp\/v2\/product_tag?post=5799"}],"curies":[{"name":"wp","href":"https:\/\/api.w.org\/{rel}","templated":true}]}}