{"id":4638,"date":"2024-10-31T23:35:21","date_gmt":"2024-10-31T15:35:21","guid":{"rendered":"https:\/\/www.hnhlcranes.com\/?post_type=product&#038;p=4638"},"modified":"2025-01-06T00:09:12","modified_gmt":"2025-01-05T16:09:12","slug":"blok-kola-pasowego-dzwigu","status":"publish","type":"product","link":"https:\/\/www.hnhlcranes.com\/pl\/produkt\/blok-kola-pasowego-dzwigu\/","title":{"rendered":"Blok ko\u0142a pasowego d\u017awigu"},"content":{"rendered":"<p>A <strong>Blok ko\u0142a pasowego d\u017awigu<\/strong> jest kluczowym elementem w systemach d\u017awigowych, u\u017cywanym g\u0142\u00f3wnie do zmiany kierunku si\u0142y, podnoszenia ci\u0119\u017ckich przedmiot\u00f3w i pomocy w regulacji napi\u0119cia lin lub lin stalowych. Jest to zasadnicza cz\u0119\u015b\u0107 \u017curawia, zazwyczaj sk\u0142adaj\u0105ca si\u0119 z ko\u0142a pasowego, \u0142o\u017cyska, obudowy, liny i urz\u0105dze\u0144 mocuj\u0105cych. Bloczek ko\u0142a pasowego jest zaprojektowany do pracy w warunkach du\u017cego obci\u0105\u017cenia, zdolny do przenoszenia du\u017cych ci\u0119\u017car\u00f3w przy jednoczesnym zapewnieniu stabilno\u015bci i bezpiecze\u0144stwa podczas pracy.<\/p>\n<h3>Kluczowe komponenty:<\/h3>\n<ol>\n<li><strong>Ko\u0142o pasowe<\/strong>: Jest to g\u0142\u00f3wny element, kt\u00f3ry prowadzi stalow\u0105 lin\u0119 i umo\u017cliwia jej przej\u015bcie, przekazuj\u0105c moc.<\/li>\n<li><strong>\u0141o\u017cysko<\/strong>: Pomaga w p\u0142ynnym obracaniu si\u0119 ko\u0142a pasowego, zmniejszaj\u0105c tarcie i poprawiaj\u0105c wydajno\u015b\u0107 operacyjn\u0105.<\/li>\n<li><strong>Obudowa<\/strong>: Zapewnia ochron\u0119, zapobiegaj\u0105c uszkodzeniu ko\u0142a pasowego i innych element\u00f3w wewn\u0119trznych.<\/li>\n<li><strong>Lina stalowa lub kabel<\/strong>: Przenosi obci\u0105\u017cenie i dzia\u0142a w po\u0142\u0105czeniu z blokiem ko\u0142a pasowego.<\/li>\n<li><strong>Urz\u0105dzenia mocuj\u0105ce<\/strong>: S\u0142u\u017c\u0105 do mocowania bloku ko\u0142a pasowego do konstrukcji \u017curawia, zapewniaj\u0105c jego stabilno\u015b\u0107.<\/li>\n<\/ol>\n<h3>Zasada dzia\u0142ania:<\/h3>\n<p>Blok ko\u0142a pasowego \u017curawia dzia\u0142a poprzez prowadzenie stalowej liny wok\u00f3\u0142 ko\u0142a pasowego, zmieniaj\u0105c kierunek si\u0142y lub zwi\u0119kszaj\u0105c ud\u017awig \u017curawia. Konstrukcja bloku z wieloma ko\u0142ami pasowymi mo\u017ce zwi\u0119kszy\u0107 wydajno\u015b\u0107 operacyjn\u0105 poprzez zmian\u0119 metody przenoszenia si\u0142y.<\/p>\n<h3>Rodzaje:<\/h3>\n<ul>\n<li><strong>Blok pojedynczego ko\u0142a pasowego<\/strong>: S\u0142u\u017cy do l\u017cejszych zada\u0144 zwi\u0105zanych z podnoszeniem.<\/li>\n<li><strong>Z\u0142o\u017cony blok k\u00f3\u0142 pasowych (blok z wieloma ko\u0142ami pasowymi)<\/strong>: Wykorzystuje wiele k\u00f3\u0142 pasowych do przenoszenia wi\u0119kszych obci\u0105\u017ce\u0144.<\/li>\n<li><strong>Po\u0142\u0105czenie sta\u0142ych i ruchomych k\u00f3\u0142 pasowych<\/strong>: Ta konfiguracja \u0142\u0105czy w sobie zalety zmiany kierunku si\u0142y i przewagi mechanicznej.<\/li>\n<\/ul>\n<h3>Zastosowania:<\/h3>\n<ul>\n<li><strong>Przemys\u0142 budowlany<\/strong>: U\u017cywany do podnoszenia na du\u017cych wysoko\u015bciach lub przenoszenia ci\u0119\u017ckich materia\u0142\u00f3w.<\/li>\n<li><strong>Przemys\u0142 portowy i \u017ceglugowy<\/strong>: S\u0142u\u017cy do za\u0142adunku i roz\u0142adunku kontener\u00f3w lub innych ci\u0119\u017ckich przedmiot\u00f3w.<\/li>\n<li><strong>G\u00f3rnictwo i wydobycie ropy naftowej<\/strong>: S\u0142u\u017cy do podnoszenia ci\u0119\u017ckiego sprz\u0119tu i materia\u0142\u00f3w.<\/li>\n<\/ul>\n<p>Dzi\u0119ki zastosowaniu precyzyjnych konstrukcji, blok ko\u0142a pasowego nie tylko zwi\u0119ksza ud\u017awig d\u017awig\u00f3w, ale tak\u017ce zmniejsza zu\u017cycie i straty energii podczas operacji, ostatecznie poprawiaj\u0105c wydajno\u015b\u0107 i bezpiecze\u0144stwo pracy.<\/p>\n<p><img fetchpriority=\"high\" decoding=\"async\" class=\"alignnone wp-image-6843\" src=\"https:\/\/www.hnhlcranes.com\/wp-content\/uploads\/2024\/10\/Crane-pulley-block-7-300x140.png\" alt=\"\" width=\"951\" height=\"444\" srcset=\"https:\/\/www.hnhlcranes.com\/wp-content\/uploads\/2024\/10\/Crane-pulley-block-7-300x140.png 300w, https:\/\/www.hnhlcranes.com\/wp-content\/uploads\/2024\/10\/Crane-pulley-block-7-1024x479.png 1024w, https:\/\/www.hnhlcranes.com\/wp-content\/uploads\/2024\/10\/Crane-pulley-block-7-768x359.png 768w, https:\/\/www.hnhlcranes.com\/wp-content\/uploads\/2024\/10\/Crane-pulley-block-7-1536x719.png 1536w, https:\/\/www.hnhlcranes.com\/wp-content\/uploads\/2024\/10\/Crane-pulley-block-7-600x281.png 600w, https:\/\/www.hnhlcranes.com\/wp-content\/uploads\/2024\/10\/Crane-pulley-block-7.png 2034w\" sizes=\"(max-width: 951px) 100vw, 951px\" \/> <img decoding=\"async\" class=\"alignnone wp-image-6844\" src=\"https:\/\/www.hnhlcranes.com\/wp-content\/uploads\/2024\/10\/Crane-pulley-block-8-300x96.jpg\" alt=\"\" width=\"950\" height=\"304\" srcset=\"https:\/\/www.hnhlcranes.com\/wp-content\/uploads\/2024\/10\/Crane-pulley-block-8-300x96.jpg 300w, https:\/\/www.hnhlcranes.com\/wp-content\/uploads\/2024\/10\/Crane-pulley-block-8-1024x327.jpg 1024w, https:\/\/www.hnhlcranes.com\/wp-content\/uploads\/2024\/10\/Crane-pulley-block-8-768x245.jpg 768w, https:\/\/www.hnhlcranes.com\/wp-content\/uploads\/2024\/10\/Crane-pulley-block-8-600x192.jpg 600w, https:\/\/www.hnhlcranes.com\/wp-content\/uploads\/2024\/10\/Crane-pulley-block-8.jpg 1500w\" sizes=\"(max-width: 950px) 100vw, 950px\" \/> <img decoding=\"async\" class=\"alignnone wp-image-6845\" src=\"https:\/\/www.hnhlcranes.com\/wp-content\/uploads\/2024\/10\/Crane-pulley-block-9-300x82.jpg\" alt=\"\" width=\"951\" height=\"260\" srcset=\"https:\/\/www.hnhlcranes.com\/wp-content\/uploads\/2024\/10\/Crane-pulley-block-9-300x82.jpg 300w, https:\/\/www.hnhlcranes.com\/wp-content\/uploads\/2024\/10\/Crane-pulley-block-9-1024x279.jpg 1024w, https:\/\/www.hnhlcranes.com\/wp-content\/uploads\/2024\/10\/Crane-pulley-block-9-768x209.jpg 768w, https:\/\/www.hnhlcranes.com\/wp-content\/uploads\/2024\/10\/Crane-pulley-block-9-600x163.jpg 600w, https:\/\/www.hnhlcranes.com\/wp-content\/uploads\/2024\/10\/Crane-pulley-block-9.jpg 1500w\" sizes=\"(max-width: 951px) 100vw, 951px\" \/> <img loading=\"lazy\" decoding=\"async\" class=\"alignnone wp-image-6846\" src=\"https:\/\/www.hnhlcranes.com\/wp-content\/uploads\/2024\/10\/Crane-pulley-block-10-300x86.jpg\" alt=\"\" width=\"949\" height=\"272\" srcset=\"https:\/\/www.hnhlcranes.com\/wp-content\/uploads\/2024\/10\/Crane-pulley-block-10-300x86.jpg 300w, https:\/\/www.hnhlcranes.com\/wp-content\/uploads\/2024\/10\/Crane-pulley-block-10-1024x294.jpg 1024w, https:\/\/www.hnhlcranes.com\/wp-content\/uploads\/2024\/10\/Crane-pulley-block-10-768x220.jpg 768w, https:\/\/www.hnhlcranes.com\/wp-content\/uploads\/2024\/10\/Crane-pulley-block-10-600x172.jpg 600w, https:\/\/www.hnhlcranes.com\/wp-content\/uploads\/2024\/10\/Crane-pulley-block-10.jpg 1500w\" sizes=\"(max-width: 949px) 100vw, 949px\" \/><span style=\"font-family: var(--global-body-font-family);\">\u00a0<\/span><\/p>","protected":false},"excerpt":{"rendered":"<p><strong>Parametry bloku ko\u0142a pasowego d\u017awigu:<\/strong><\/p>\n<ul>\n<li><span style=\"font-size: 12pt;\"><strong>Specyfikacje<\/strong>: \u03a6250, \u03a6400, \u03a6500, \u03a6610, \u03a6710, \u03a6800, \u03a6900, \u03a61000, \u03a61200<\/span><\/li>\n<li><span style=\"font-size: 12pt;\"><strong>Materia\u0142 ko\u0142a pasowego<\/strong>: HT20-40, ZG35, Q235B, Q355B<\/span><\/li>\n<li><span style=\"font-size: 12pt;\"><strong>Proces produkcji<\/strong>: \u017beliwo, staliwo, walcowana blacha stalowa<\/span><\/li>\n<li><span style=\"font-size: 12pt;\"><strong>Rozmiar rowka ko\u0142a pasowego<\/strong>: Okre\u015blona zgodnie ze \u015brednic\u0105 liny stalowej<\/span><\/li>\n<li><span style=\"font-size: 12pt;\"><strong>Niestandardowa personalizacja<\/strong>: Mo\u017cemy produkowa\u0107 zgodnie z rysunkami dostarczonymi przez u\u017cytkownika<\/span><\/li>\n<\/ul>","protected":false},"featured_media":6841,"template":"","meta":{"_kad_post_transparent":"default","_kad_post_title":"","_kad_post_layout":"default","_kad_post_sidebar_id":"","_kad_post_content_style":"default","_kad_post_vertical_padding":"show","_kad_post_feature":"","_kad_post_feature_position":"","_kad_post_header":false,"_kad_post_footer":false},"product_brand":[],"product_cat":[46],"product_tag":[400,376,408,374,401,402,422,412,421,416,409,420,417,410,405,418,404,406,413,407,419,411,415,403,414],"class_list":{"0":"post-4638","1":"product","2":"type-product","3":"status-publish","4":"has-post-thumbnail","6":"product_cat-crane_hooks","7":"product_tag-bridge-crane-hook","8":"product_tag-china-crane-parts-supplier","9":"product_tag-china-standard-crane-hooks","10":"product_tag-crane-accessories","11":"product_tag-crane-hook","12":"product_tag-crane-hook-assembly","13":"product_tag-crane-hooks","14":"product_tag-crane-pulley","15":"product_tag-crane-pulley-block","16":"product_tag-crane-pulley-supplier","17":"product_tag-electric-hoist-hooks","18":"product_tag-european-crane-hook","19":"product_tag-european-hook-pulley","20":"product_tag-fem-standard-crane-hooks","21":"product_tag-forged-hooks","22":"product_tag-gantry-crane-hook-pulley","23":"product_tag-gantry-crane-hooks","24":"product_tag-hook-processing","25":"product_tag-hook-pulleys","26":"product_tag-hooks-manufacturer","27":"product_tag-overhead-crane-hook","28":"product_tag-overhead-crane-pulley","29":"product_tag-rolled-pulley","30":"product_tag-types-of-crane-hooks","31":"product_tag-wire-rope-pulley","33":"first","34":"instock","35":"featured","36":"shipping-taxable","37":"product-type-simple","38":"entry","39":"content-bg","40":"loop-entry"},"yoast_head":"<!-- This site is optimized with the Yoast SEO plugin v24.5 - https:\/\/yoast.com\/wordpress\/plugins\/seo\/ -->\n<title>Crane pulley block - Overhead crane pulley-Rolled pulley-Crane Parts Manufacturer<\/title>\n<meta name=\"description\" content=\"Crane pulley,Hook pulley, Overhead crane pulley,Rolled pulley,Crane Pulley Supplier,European hook pulley,Gantry crane hook pulley,Crane pulley block\" \/>\n<meta name=\"robots\" content=\"index, follow, max-snippet:-1, max-image-preview:large, max-video-preview:-1\" \/>\n<link rel=\"canonical\" href=\"https:\/\/www.hnhlcranes.com\/pl\/produkt\/blok-kola-pasowego-dzwigu\/\" \/>\n<meta property=\"og:locale\" content=\"pl_PL\" \/>\n<meta property=\"og:type\" content=\"article\" \/>\n<meta property=\"og:title\" content=\"Crane pulley block - Overhead crane pulley-Rolled pulley-Crane Parts Manufacturer\" \/>\n<meta property=\"og:description\" content=\"Crane pulley,Hook pulley, Overhead crane pulley,Rolled pulley,Crane Pulley Supplier,European hook pulley,Gantry crane hook pulley,Crane pulley block\" \/>\n<meta property=\"og:url\" content=\"https:\/\/www.hnhlcranes.com\/pl\/produkt\/blok-kola-pasowego-dzwigu\/\" \/>\n<meta property=\"og:site_name\" content=\"Crane Parts Manufacturer\" \/>\n<meta property=\"article:modified_time\" content=\"2025-01-05T16:09:12+00:00\" \/>\n<meta property=\"og:image\" content=\"https:\/\/www.hnhlcranes.com\/wp-content\/uploads\/2024\/10\/Crane-pulley-block.jpg\" \/>\n\t<meta property=\"og:image:width\" content=\"600\" \/>\n\t<meta property=\"og:image:height\" content=\"600\" \/>\n\t<meta property=\"og:image:type\" content=\"image\/jpeg\" \/>\n<meta name=\"twitter:card\" content=\"summary_large_image\" \/>\n<meta name=\"twitter:label1\" content=\"Szacowany czas czytania\" \/>\n\t<meta name=\"twitter:data1\" content=\"3 minuty\" \/>\n<script type=\"application\/ld+json\" class=\"yoast-schema-graph\">{\"@context\":\"https:\/\/schema.org\",\"@graph\":[{\"@type\":\"WebPage\",\"@id\":\"https:\/\/www.hnhlcranes.com\/product\/crane-pulley-block\/\",\"url\":\"https:\/\/www.hnhlcranes.com\/product\/crane-pulley-block\/\",\"name\":\"Crane pulley block - Overhead crane pulley-Rolled pulley-Crane Parts Manufacturer\",\"isPartOf\":{\"@id\":\"https:\/\/www.hnhlcranes.com\/#website\"},\"primaryImageOfPage\":{\"@id\":\"https:\/\/www.hnhlcranes.com\/product\/crane-pulley-block\/#primaryimage\"},\"image\":{\"@id\":\"https:\/\/www.hnhlcranes.com\/product\/crane-pulley-block\/#primaryimage\"},\"thumbnailUrl\":\"https:\/\/www.hnhlcranes.com\/wp-content\/uploads\/2024\/10\/Crane-pulley-block.jpg\",\"datePublished\":\"2024-10-31T15:35:21+00:00\",\"dateModified\":\"2025-01-05T16:09:12+00:00\",\"description\":\"Crane pulley,Hook pulley, Overhead crane pulley,Rolled pulley,Crane Pulley Supplier,European hook pulley,Gantry crane hook pulley,Crane pulley block\",\"breadcrumb\":{\"@id\":\"https:\/\/www.hnhlcranes.com\/product\/crane-pulley-block\/#breadcrumb\"},\"inLanguage\":\"pl-PL\",\"potentialAction\":[{\"@type\":\"ReadAction\",\"target\":[\"https:\/\/www.hnhlcranes.com\/product\/crane-pulley-block\/\"]}]},{\"@type\":\"ImageObject\",\"inLanguage\":\"pl-PL\",\"@id\":\"https:\/\/www.hnhlcranes.com\/product\/crane-pulley-block\/#primaryimage\",\"url\":\"https:\/\/www.hnhlcranes.com\/wp-content\/uploads\/2024\/10\/Crane-pulley-block.jpg\",\"contentUrl\":\"https:\/\/www.hnhlcranes.com\/wp-content\/uploads\/2024\/10\/Crane-pulley-block.jpg\",\"width\":600,\"height\":600},{\"@type\":\"BreadcrumbList\",\"@id\":\"https:\/\/www.hnhlcranes.com\/product\/crane-pulley-block\/#breadcrumb\",\"itemListElement\":[{\"@type\":\"ListItem\",\"position\":1,\"name\":\"home\",\"item\":\"https:\/\/www.hnhlcranes.com\/\"},{\"@type\":\"ListItem\",\"position\":2,\"name\":\"products\",\"item\":\"https:\/\/www.hnhlcranes.com\/products\/\"},{\"@type\":\"ListItem\",\"position\":3,\"name\":\"Crane pulley block\"}]},{\"@type\":\"WebSite\",\"@id\":\"https:\/\/www.hnhlcranes.com\/#website\",\"url\":\"https:\/\/www.hnhlcranes.com\/\",\"name\":\"Crane Parts Manufacturer\",\"description\":\"Crane Wheels,Crane Drums,Crane Hooks,Crane Coupling,Crane End Carriage,Electric Hoist,European Crane Parts,Crane Rail Clip,Crane Spreader,Crane Motor,Crane Reducer,Crane Brake,Light Crane Parts,Workstation Crane Parts,Crane Electrical Parts,China Crane Parts Supplier,China Crane Parts Manufacturer,Angle box type crane wheel,45 degree split crane wheel,European crane wheel,Crane Wheel Blocks,Overhead crane drum,European crane drum,Overhead crane hook,European crane hook,Crane pulley block,Gear coupling,Brake wheel coupling,Drum gear coupling,Brake wheel drum gear coupling,Cardan Shaft Coupling,WZL drum coupling,Plum blossom elastic coupling,Brake wheel plum elastic coupling,European Single girder crane end carriage,European Double girder crane end carriage,European Suspension  crane end carriage,Wire Rope Electric Hoist,Electric Chain Hoist,European Single Girder Wire Rope Electric Hoist,European Double Girder Wire Rope Electric Hoist,Crane grab,Container spreader,Billet crane clamps,C-type hook,Lifting Electromagnet,YZR crane motor,YZP crane motor,ZQ Reducer,ZSC Reducer,QJ Reducer,QJ-L Reducer,QJY Reducer,H series gearbox,F Series Gear Motor,K Series Gear Motor,R Series Gear Motor,travelling machinery gear motor,Electro hydraulic drum brake,Electro hydraulic disc brake,Crane Safety brake,Crane cable trolley,Crane remote controller,Crane pendant controller,Crane electrical control cabinet,Crane limit switch,Crane sound and light alarm,Heavy Duty Aviation Connector,Crane overload limiter\",\"publisher\":{\"@id\":\"https:\/\/www.hnhlcranes.com\/#organization\"},\"potentialAction\":[{\"@type\":\"SearchAction\",\"target\":{\"@type\":\"EntryPoint\",\"urlTemplate\":\"https:\/\/www.hnhlcranes.com\/?s={search_term_string}\"},\"query-input\":{\"@type\":\"PropertyValueSpecification\",\"valueRequired\":true,\"valueName\":\"search_term_string\"}}],\"inLanguage\":\"pl-PL\"},{\"@type\":\"Organization\",\"@id\":\"https:\/\/www.hnhlcranes.com\/#organization\",\"name\":\"Crane Parts Manufacturer\",\"url\":\"https:\/\/www.hnhlcranes.com\/\",\"logo\":{\"@type\":\"ImageObject\",\"inLanguage\":\"pl-PL\",\"@id\":\"https:\/\/www.hnhlcranes.com\/#\/schema\/logo\/image\/\",\"url\":\"https:\/\/www.hnhlcranes.com\/wp-content\/uploads\/2025\/01\/HL-logo-1.png\",\"contentUrl\":\"https:\/\/www.hnhlcranes.com\/wp-content\/uploads\/2025\/01\/HL-logo-1.png\",\"width\":600,\"height\":169,\"caption\":\"Crane Parts Manufacturer\"},\"image\":{\"@id\":\"https:\/\/www.hnhlcranes.com\/#\/schema\/logo\/image\/\"}}]}<\/script>\n<!-- \/ Yoast SEO plugin. -->","yoast_head_json":{"title":"Crane pulley block - Overhead crane pulley-Rolled pulley-Crane Parts Manufacturer","description":"Crane pulley,Hook pulley, Overhead crane pulley,Rolled pulley,Crane Pulley Supplier,European hook pulley,Gantry crane hook pulley,Crane pulley block","robots":{"index":"index","follow":"follow","max-snippet":"max-snippet:-1","max-image-preview":"max-image-preview:large","max-video-preview":"max-video-preview:-1"},"canonical":"https:\/\/www.hnhlcranes.com\/pl\/produkt\/blok-kola-pasowego-dzwigu\/","og_locale":"pl_PL","og_type":"article","og_title":"Crane pulley block - Overhead crane pulley-Rolled pulley-Crane Parts Manufacturer","og_description":"Crane pulley,Hook pulley, Overhead crane pulley,Rolled pulley,Crane Pulley Supplier,European hook pulley,Gantry crane hook pulley,Crane pulley block","og_url":"https:\/\/www.hnhlcranes.com\/pl\/produkt\/blok-kola-pasowego-dzwigu\/","og_site_name":"Crane Parts Manufacturer","article_modified_time":"2025-01-05T16:09:12+00:00","og_image":[{"width":600,"height":600,"url":"https:\/\/www.hnhlcranes.com\/wp-content\/uploads\/2024\/10\/Crane-pulley-block.jpg","type":"image\/jpeg"}],"twitter_card":"summary_large_image","twitter_misc":{"Szacowany czas czytania":"3 minuty"},"schema":{"@context":"https:\/\/schema.org","@graph":[{"@type":"WebPage","@id":"https:\/\/www.hnhlcranes.com\/product\/crane-pulley-block\/","url":"https:\/\/www.hnhlcranes.com\/product\/crane-pulley-block\/","name":"Crane pulley block - Overhead crane pulley-Rolled pulley-Crane Parts Manufacturer","isPartOf":{"@id":"https:\/\/www.hnhlcranes.com\/#website"},"primaryImageOfPage":{"@id":"https:\/\/www.hnhlcranes.com\/product\/crane-pulley-block\/#primaryimage"},"image":{"@id":"https:\/\/www.hnhlcranes.com\/product\/crane-pulley-block\/#primaryimage"},"thumbnailUrl":"https:\/\/www.hnhlcranes.com\/wp-content\/uploads\/2024\/10\/Crane-pulley-block.jpg","datePublished":"2024-10-31T15:35:21+00:00","dateModified":"2025-01-05T16:09:12+00:00","description":"Crane pulley,Hook pulley, Overhead crane pulley,Rolled pulley,Crane Pulley Supplier,European hook pulley,Gantry crane hook pulley,Crane pulley block","breadcrumb":{"@id":"https:\/\/www.hnhlcranes.com\/product\/crane-pulley-block\/#breadcrumb"},"inLanguage":"pl-PL","potentialAction":[{"@type":"ReadAction","target":["https:\/\/www.hnhlcranes.com\/product\/crane-pulley-block\/"]}]},{"@type":"ImageObject","inLanguage":"pl-PL","@id":"https:\/\/www.hnhlcranes.com\/product\/crane-pulley-block\/#primaryimage","url":"https:\/\/www.hnhlcranes.com\/wp-content\/uploads\/2024\/10\/Crane-pulley-block.jpg","contentUrl":"https:\/\/www.hnhlcranes.com\/wp-content\/uploads\/2024\/10\/Crane-pulley-block.jpg","width":600,"height":600},{"@type":"BreadcrumbList","@id":"https:\/\/www.hnhlcranes.com\/product\/crane-pulley-block\/#breadcrumb","itemListElement":[{"@type":"ListItem","position":1,"name":"home","item":"https:\/\/www.hnhlcranes.com\/"},{"@type":"ListItem","position":2,"name":"products","item":"https:\/\/www.hnhlcranes.com\/products\/"},{"@type":"ListItem","position":3,"name":"Crane pulley block"}]},{"@type":"WebSite","@id":"https:\/\/www.hnhlcranes.com\/#website","url":"https:\/\/www.hnhlcranes.com\/","name":"Crane Parts Manufacturer","description":"Crane Wheels,Crane Drums,Crane Hooks,Crane Coupling,Crane End Carriage,Electric Hoist,European Crane Parts,Crane Rail Clip,Crane Spreader,Crane Motor,Crane Reducer,Crane Brake,Light Crane Parts,Workstation Crane Parts,Crane Electrical Parts,China Crane Parts Supplier,China Crane Parts Manufacturer,Angle box type crane wheel,45 degree split crane wheel,European crane wheel,Crane Wheel Blocks,Overhead crane drum,European crane drum,Overhead crane hook,European crane hook,Crane pulley block,Gear coupling,Brake wheel coupling,Drum gear coupling,Brake wheel drum gear coupling,Cardan Shaft Coupling,WZL drum coupling,Plum blossom elastic coupling,Brake wheel plum elastic coupling,European Single girder crane end carriage,European Double girder crane end carriage,European Suspension  crane end carriage,Wire Rope Electric Hoist,Electric Chain Hoist,European Single Girder Wire Rope Electric Hoist,European Double Girder Wire Rope Electric Hoist,Crane grab,Container spreader,Billet crane clamps,C-type hook,Lifting Electromagnet,YZR crane motor,YZP crane motor,ZQ Reducer,ZSC Reducer,QJ Reducer,QJ-L Reducer,QJY Reducer,H series gearbox,F Series Gear Motor,K Series Gear Motor,R Series Gear Motor,travelling machinery gear motor,Electro hydraulic drum brake,Electro hydraulic disc brake,Crane Safety brake,Crane cable trolley,Crane remote controller,Crane pendant controller,Crane electrical control cabinet,Crane limit switch,Crane sound and light alarm,Heavy Duty Aviation Connector,Crane overload limiter","publisher":{"@id":"https:\/\/www.hnhlcranes.com\/#organization"},"potentialAction":[{"@type":"SearchAction","target":{"@type":"EntryPoint","urlTemplate":"https:\/\/www.hnhlcranes.com\/?s={search_term_string}"},"query-input":{"@type":"PropertyValueSpecification","valueRequired":true,"valueName":"search_term_string"}}],"inLanguage":"pl-PL"},{"@type":"Organization","@id":"https:\/\/www.hnhlcranes.com\/#organization","name":"Crane Parts Manufacturer","url":"https:\/\/www.hnhlcranes.com\/","logo":{"@type":"ImageObject","inLanguage":"pl-PL","@id":"https:\/\/www.hnhlcranes.com\/#\/schema\/logo\/image\/","url":"https:\/\/www.hnhlcranes.com\/wp-content\/uploads\/2025\/01\/HL-logo-1.png","contentUrl":"https:\/\/www.hnhlcranes.com\/wp-content\/uploads\/2025\/01\/HL-logo-1.png","width":600,"height":169,"caption":"Crane Parts Manufacturer"},"image":{"@id":"https:\/\/www.hnhlcranes.com\/#\/schema\/logo\/image\/"}}]}},"_links":{"self":[{"href":"https:\/\/www.hnhlcranes.com\/pl\/wp-json\/wp\/v2\/product\/4638","targetHints":{"allow":["GET"]}}],"collection":[{"href":"https:\/\/www.hnhlcranes.com\/pl\/wp-json\/wp\/v2\/product"}],"about":[{"href":"https:\/\/www.hnhlcranes.com\/pl\/wp-json\/wp\/v2\/types\/product"}],"version-history":[{"count":4,"href":"https:\/\/www.hnhlcranes.com\/pl\/wp-json\/wp\/v2\/product\/4638\/revisions"}],"predecessor-version":[{"id":6848,"href":"https:\/\/www.hnhlcranes.com\/pl\/wp-json\/wp\/v2\/product\/4638\/revisions\/6848"}],"wp:featuredmedia":[{"embeddable":true,"href":"https:\/\/www.hnhlcranes.com\/pl\/wp-json\/wp\/v2\/media\/6841"}],"wp:attachment":[{"href":"https:\/\/www.hnhlcranes.com\/pl\/wp-json\/wp\/v2\/media?parent=4638"}],"wp:term":[{"taxonomy":"product_brand","embeddable":true,"href":"https:\/\/www.hnhlcranes.com\/pl\/wp-json\/wp\/v2\/product_brand?post=4638"},{"taxonomy":"product_cat","embeddable":true,"href":"https:\/\/www.hnhlcranes.com\/pl\/wp-json\/wp\/v2\/product_cat?post=4638"},{"taxonomy":"product_tag","embeddable":true,"href":"https:\/\/www.hnhlcranes.com\/pl\/wp-json\/wp\/v2\/product_tag?post=4638"}],"curies":[{"name":"wp","href":"https:\/\/api.w.org\/{rel}","templated":true}]}}