{"id":4896,"date":"2024-11-08T15:16:00","date_gmt":"2024-11-08T07:16:00","guid":{"rendered":"https:\/\/www.hnhlcranes.com\/?post_type=product&#038;p=4896"},"modified":"2025-01-06T00:42:42","modified_gmt":"2025-01-05T16:42:42","slug":"sprzeglo-zebate","status":"publish","type":"product","link":"https:\/\/www.hnhlcranes.com\/pl\/produkt\/sprzeglo-zebate\/","title":{"rendered":"Sprz\u0119g\u0142o z\u0119bate"},"content":{"rendered":"<div class=\"flex max-w-full flex-col flex-grow\">\n<div class=\"min-h-8 text-message flex w-full flex-col items-end gap-2 whitespace-normal break-words [.text-message+&amp;]:mt-5\" dir=\"auto\" data-message-author-role=\"assistant\" data-message-id=\"41acb770-e85a-4730-8533-81f9699d1e74\" data-message-model-slug=\"gpt-4o\">\n<div class=\"flex w-full flex-col gap-1 empty:hidden first:pt-[3px]\">\n<div class=\"markdown prose w-full break-words dark:prose-invert light\">\n<p>A <strong>Sprz\u0119g\u0142o z\u0119bate<\/strong> to rodzaj sprz\u0119g\u0142a powszechnie stosowanego w mechanicznych uk\u0142adach nap\u0119dowych do \u0142\u0105czenia dw\u00f3ch wa\u0142\u00f3w i przenoszenia momentu obrotowego. Jest ono zazwyczaj wykorzystywane w aplikacjach wymagaj\u0105cych du\u017cej no\u015bno\u015bci i precyzyjnego przenoszenia mocy.<\/p>\n<h3><strong>Sprz\u0119g\u0142o z\u0119bate <\/strong>G\u0142\u00f3wne cechy:<\/h3>\n<ol>\n<li><strong>Struktura<\/strong>: Sprz\u0119g\u0142o z\u0119bate sk\u0142ada si\u0119 z dw\u00f3ch cz\u0119\u015bci, z kt\u00f3rych ka\u017cda ma ko\u0142a z\u0119bate, zwykle z wewn\u0119trznymi i zewn\u0119trznymi z\u0119bami, kt\u00f3re zaz\u0119biaj\u0105 si\u0119 ze sob\u0105. Cz\u0119\u015bci te przenosz\u0105 moc poprzez zaz\u0119bienie k\u00f3\u0142 z\u0119batych.<\/li>\n<li><strong>Zasada dzia\u0142ania<\/strong>: Sprz\u0119g\u0142a z\u0119bate przenosz\u0105 moment obrotowy poprzez zaz\u0119bianie si\u0119 k\u00f3\u0142 z\u0119batych, jednocze\u015bnie dostosowuj\u0105c si\u0119 do pewnej osiowej, promieniowej i k\u0105towej niewsp\u00f3\u0142osiowo\u015bci. Zaz\u0119bienie k\u00f3\u0142 z\u0119batych sprawia, \u017ce przenoszenie momentu obrotowego jest bardziej stabilne i precyzyjne.<\/li>\n<li><strong>Materia\u0142y<\/strong>: Ko\u0142a z\u0119bate w sprz\u0119gle z\u0119batym s\u0105 zwykle wykonane ze stali o wysokiej wytrzyma\u0142o\u015bci, cz\u0119sto poddawanej obr\u00f3bce cieplnej w celu zwi\u0119kszenia odporno\u015bci na zu\u017cycie i wytrzyma\u0142o\u015bci.<\/li>\n<li><strong>Rodzaje<\/strong>:\n<ul>\n<li><strong>Elastyczne sprz\u0119g\u0142a z\u0119bate<\/strong>: Umo\u017cliwiaj\u0105 one niewielk\u0105 niewsp\u00f3\u0142osiowo\u015b\u0107 k\u0105tow\u0105 lub przesuni\u0119cie osiowe mi\u0119dzy wa\u0142ami i s\u0105 stosowane g\u0142\u00f3wnie w aplikacjach wymagaj\u0105cych pewnej elastyczno\u015bci.<\/li>\n<li><strong>Sztywne sprz\u0119g\u0142a z\u0119bate<\/strong>: S\u0105 one u\u017cywane w \u015brodowiskach, w kt\u00f3rych nie oczekuje si\u0119 niewsp\u00f3\u0142osiowo\u015bci lub przemieszczenia, zwykle w precyzyjnych systemach nap\u0119dowych.<\/li>\n<\/ul>\n<\/li>\n<li><strong>Zastosowania<\/strong>: Sprz\u0119g\u0142a z\u0119bate s\u0105 szeroko stosowane w ci\u0119\u017ckich maszynach, przemys\u0142owych systemach nap\u0119dowych, sprz\u0119cie energetycznym i urz\u0105dzeniach metalurgicznych. S\u0105 one szczeg\u00f3lnie odpowiednie do \u015brodowisk o du\u017cej pr\u0119dko\u015bci, wysokim momencie obrotowym i du\u017cym obci\u0105\u017ceniu, w kt\u00f3rych sprz\u0119g\u0142a z\u0119bate zapewniaj\u0105 doskona\u0142\u0105 wydajno\u015b\u0107 przenoszenia mocy.<\/li>\n<\/ol>\n<h3>Zalety:<\/h3>\n<ul>\n<li><strong>Zdolno\u015b\u0107 przenoszenia wysokiego momentu obrotowego<\/strong>: Sprz\u0119g\u0142a z\u0119bate mog\u0105 wytrzyma\u0107 wi\u0119kszy moment obrotowy, dzi\u0119ki czemu idealnie nadaj\u0105 si\u0119 do ci\u0119\u017ckich zastosowa\u0144 przek\u0142adniowych.<\/li>\n<li><strong>Wysoka precyzja<\/strong>: Precyzyjne zaz\u0119bienie k\u00f3\u0142 z\u0119batych zapewnia p\u0142ynne i dok\u0142adne przenoszenie mocy.<\/li>\n<li><strong>Trwa\u0142o\u015b\u0107<\/strong>: Ze wzgl\u0119du na twardo\u015b\u0107 i odporno\u015b\u0107 na zu\u017cycie k\u00f3\u0142 z\u0119batych, sprz\u0119g\u0142a z\u0119bate maj\u0105 d\u0142u\u017csz\u0105 \u017cywotno\u015b\u0107.<\/li>\n<\/ul>\n<h3>Wady:<\/h3>\n<ul>\n<li><strong>Stosunkowo wysoki poziom ha\u0142asu<\/strong>: Zaz\u0119bianie si\u0119 k\u00f3\u0142 z\u0119batych mo\u017ce generowa\u0107 wi\u0119cej ha\u0142asu w por\u00f3wnaniu z innymi typami sprz\u0119gie\u0142.<\/li>\n<li><strong>Wymagania dotycz\u0105ce smarowania<\/strong>: Ko\u0142a z\u0119bate w sprz\u0119gle z\u0119batym wymagaj\u0105 regularnego smarowania, aby unikn\u0105\u0107 nadmiernego zu\u017cycia.<\/li>\n<\/ul>\n<p>Og\u00f3lnie rzecz bior\u0105c, sprz\u0119g\u0142a z\u0119bate s\u0105 wydajne, trwa\u0142e i zdolne do przenoszenia du\u017cych obci\u0105\u017ce\u0144. S\u0105 one powszechnie stosowane w przemy\u015ble i ci\u0119\u017ckich maszynach.<\/p>\n<\/div>\n<\/div>\n<\/div>\n<\/div>\n<p><img fetchpriority=\"high\" decoding=\"async\" class=\"alignnone wp-image-6866\" src=\"https:\/\/www.hnhlcranes.com\/wp-content\/uploads\/2024\/11\/Gear-coupling-7-222x300.jpg\" alt=\"\" width=\"949\" height=\"1282\" srcset=\"https:\/\/www.hnhlcranes.com\/wp-content\/uploads\/2024\/11\/Gear-coupling-7-222x300.jpg 222w, https:\/\/www.hnhlcranes.com\/wp-content\/uploads\/2024\/11\/Gear-coupling-7-759x1024.jpg 759w, https:\/\/www.hnhlcranes.com\/wp-content\/uploads\/2024\/11\/Gear-coupling-7-768x1036.jpg 768w\" sizes=\"(max-width: 949px) 100vw, 949px\" \/><\/p>\n<p><img decoding=\"async\" class=\"alignnone wp-image-6859\" src=\"https:\/\/www.hnhlcranes.com\/wp-content\/uploads\/2024\/11\/Gear-coupling-8-216x300.jpg\" alt=\"\" width=\"950\" height=\"1319\" srcset=\"https:\/\/www.hnhlcranes.com\/wp-content\/uploads\/2024\/11\/Gear-coupling-8-216x300.jpg 216w, https:\/\/www.hnhlcranes.com\/wp-content\/uploads\/2024\/11\/Gear-coupling-8-600x834.jpg 600w\" sizes=\"(max-width: 950px) 100vw, 950px\" \/><\/p>\n<p><span style=\"font-family: var(--global-body-font-family);\">\u00a0<\/span><span style=\"font-family: var(--global-body-font-family);\"> <img decoding=\"async\" class=\"alignnone wp-image-6860\" src=\"https:\/\/www.hnhlcranes.com\/wp-content\/uploads\/2024\/11\/Gear-coupling-9-219x300.jpg\" alt=\"\" width=\"951\" height=\"1303\" srcset=\"https:\/\/www.hnhlcranes.com\/wp-content\/uploads\/2024\/11\/Gear-coupling-9-219x300.jpg 219w, https:\/\/www.hnhlcranes.com\/wp-content\/uploads\/2024\/11\/Gear-coupling-9-748x1024.jpg 748w, https:\/\/www.hnhlcranes.com\/wp-content\/uploads\/2024\/11\/Gear-coupling-9-768x1051.jpg 768w, https:\/\/www.hnhlcranes.com\/wp-content\/uploads\/2024\/11\/Gear-coupling-9-600x821.jpg 600w\" sizes=\"(max-width: 951px) 100vw, 951px\" \/><\/span><\/p>\n<p><img loading=\"lazy\" decoding=\"async\" class=\"alignnone wp-image-6861\" src=\"https:\/\/www.hnhlcranes.com\/wp-content\/uploads\/2024\/11\/Gear-coupling-10-227x300.jpg\" alt=\"\" width=\"951\" height=\"1257\" srcset=\"https:\/\/www.hnhlcranes.com\/wp-content\/uploads\/2024\/11\/Gear-coupling-10-227x300.jpg 227w, https:\/\/www.hnhlcranes.com\/wp-content\/uploads\/2024\/11\/Gear-coupling-10-775x1024.jpg 775w, https:\/\/www.hnhlcranes.com\/wp-content\/uploads\/2024\/11\/Gear-coupling-10-768x1015.jpg 768w, https:\/\/www.hnhlcranes.com\/wp-content\/uploads\/2024\/11\/Gear-coupling-10-600x793.jpg 600w, https:\/\/www.hnhlcranes.com\/wp-content\/uploads\/2024\/11\/Gear-coupling-10.jpg 950w\" sizes=\"(max-width: 951px) 100vw, 951px\" \/><\/p>","protected":false},"excerpt":{"rendered":"<p><strong>Parametry sprz\u0119gie\u0142 z\u0119batych:<\/strong><\/p>\n<ul>\n<li><strong>Maksymalny dopuszczalny moment obrotowy:<\/strong> 710 Nm do 1 000 000 Nm<\/li>\n<li><strong>Pr\u0119dko\u015b\u0107 maksymalna:<\/strong> 7100 obr\/min do 700 obr\/min<\/li>\n<li><strong>Materia\u0142 z\u0142\u0105cza:<\/strong> ZG430-640, stal 45<\/li>\n<li><strong>Typy z\u0142\u0105czy:<\/strong> Sprz\u0119g\u0142a pe\u0142noz\u0119bne i p\u00f3\u0142z\u0119bne<\/li>\n<li><strong>Opcje niestandardowe:<\/strong> Mo\u017cesz dostarczy\u0107 w\u0142asne rysunki, a my wyprodukujemy je zgodnie z okre\u015blonymi wymiarami.<\/li>\n<\/ul>","protected":false},"featured_media":6856,"template":"","meta":{"_kad_post_transparent":"default","_kad_post_title":"","_kad_post_layout":"default","_kad_post_sidebar_id":"","_kad_post_content_style":"default","_kad_post_vertical_padding":"show","_kad_post_feature":"","_kad_post_feature_position":"","_kad_post_header":false,"_kad_post_footer":false},"product_brand":[],"product_cat":[54],"product_tag":[425,427,431,439,428,376,438,374,432,424,433,373,436,426,437,423,430,435,434,429],"class_list":{"0":"post-4896","1":"product","2":"type-product","3":"status-publish","4":"has-post-thumbnail","6":"product_cat-crane-coupling","7":"product_tag-brake-wheel-coupling","8":"product_tag-brake-wheel-drum-gear-coupling","9":"product_tag-brake-wheel-plum-elastic-coupling","10":"product_tag-cardan-coupling","11":"product_tag-cardan-shaft-coupling","12":"product_tag-china-crane-parts-supplier","13":"product_tag-coupling-manufacturer","14":"product_tag-crane-accessories","15":"product_tag-crane-brake-wheel-coupling","16":"product_tag-crane-coupling","17":"product_tag-crane-gear-couplings","18":"product_tag-crane-parts","19":"product_tag-disc-couplings","20":"product_tag-drum-gear-coupling","21":"product_tag-fluid-couplings","22":"product_tag-gear-coupling","23":"product_tag-plum-blossom-elastic-coupling","24":"product_tag-power-transmission-couplings","25":"product_tag-shaft-couplings","26":"product_tag-wzl-drum-coupling","28":"first","29":"instock","30":"shipping-taxable","31":"product-type-simple","32":"entry","33":"content-bg","34":"loop-entry"},"yoast_head":"<!-- This site is optimized with the Yoast SEO plugin v24.5 - https:\/\/yoast.com\/wordpress\/plugins\/seo\/ -->\n<title>Gear coupling - Crane gear couplings-Crane Coupling-Crane Parts Manufacturer<\/title>\n<meta name=\"description\" content=\"Crane brake wheel coupling,Crane gear couplings,Crane Coupling,Fluid couplings,Crane parts,Crane accessories,Coupling manufacturer,Cardan coupling\" \/>\n<meta name=\"robots\" content=\"index, follow, max-snippet:-1, max-image-preview:large, max-video-preview:-1\" \/>\n<link rel=\"canonical\" href=\"https:\/\/www.hnhlcranes.com\/pl\/produkt\/sprzeglo-zebate\/\" \/>\n<meta property=\"og:locale\" content=\"pl_PL\" \/>\n<meta property=\"og:type\" content=\"article\" \/>\n<meta property=\"og:title\" content=\"Gear coupling - Crane gear couplings-Crane Coupling-Crane Parts Manufacturer\" \/>\n<meta property=\"og:description\" content=\"Crane brake wheel coupling,Crane gear couplings,Crane Coupling,Fluid couplings,Crane parts,Crane accessories,Coupling manufacturer,Cardan coupling\" \/>\n<meta property=\"og:url\" content=\"https:\/\/www.hnhlcranes.com\/pl\/produkt\/sprzeglo-zebate\/\" \/>\n<meta property=\"og:site_name\" content=\"Crane Parts Manufacturer\" \/>\n<meta property=\"article:modified_time\" content=\"2025-01-05T16:42:42+00:00\" \/>\n<meta property=\"og:image\" content=\"https:\/\/www.hnhlcranes.com\/wp-content\/uploads\/2024\/11\/Gear-coupling.jpg\" \/>\n\t<meta property=\"og:image:width\" content=\"600\" \/>\n\t<meta property=\"og:image:height\" content=\"600\" \/>\n\t<meta property=\"og:image:type\" content=\"image\/jpeg\" \/>\n<meta name=\"twitter:card\" content=\"summary_large_image\" \/>\n<meta name=\"twitter:label1\" content=\"Szacowany czas czytania\" \/>\n\t<meta name=\"twitter:data1\" content=\"3 minuty\" \/>\n<script type=\"application\/ld+json\" class=\"yoast-schema-graph\">{\"@context\":\"https:\/\/schema.org\",\"@graph\":[{\"@type\":\"WebPage\",\"@id\":\"https:\/\/www.hnhlcranes.com\/product\/gear-coupling\/\",\"url\":\"https:\/\/www.hnhlcranes.com\/product\/gear-coupling\/\",\"name\":\"Gear coupling - Crane gear couplings-Crane Coupling-Crane Parts Manufacturer\",\"isPartOf\":{\"@id\":\"https:\/\/www.hnhlcranes.com\/#website\"},\"primaryImageOfPage\":{\"@id\":\"https:\/\/www.hnhlcranes.com\/product\/gear-coupling\/#primaryimage\"},\"image\":{\"@id\":\"https:\/\/www.hnhlcranes.com\/product\/gear-coupling\/#primaryimage\"},\"thumbnailUrl\":\"https:\/\/www.hnhlcranes.com\/wp-content\/uploads\/2024\/11\/Gear-coupling.jpg\",\"datePublished\":\"2024-11-08T07:16:00+00:00\",\"dateModified\":\"2025-01-05T16:42:42+00:00\",\"description\":\"Crane brake wheel coupling,Crane gear couplings,Crane Coupling,Fluid couplings,Crane parts,Crane accessories,Coupling manufacturer,Cardan coupling\",\"breadcrumb\":{\"@id\":\"https:\/\/www.hnhlcranes.com\/product\/gear-coupling\/#breadcrumb\"},\"inLanguage\":\"pl-PL\",\"potentialAction\":[{\"@type\":\"ReadAction\",\"target\":[\"https:\/\/www.hnhlcranes.com\/product\/gear-coupling\/\"]}]},{\"@type\":\"ImageObject\",\"inLanguage\":\"pl-PL\",\"@id\":\"https:\/\/www.hnhlcranes.com\/product\/gear-coupling\/#primaryimage\",\"url\":\"https:\/\/www.hnhlcranes.com\/wp-content\/uploads\/2024\/11\/Gear-coupling.jpg\",\"contentUrl\":\"https:\/\/www.hnhlcranes.com\/wp-content\/uploads\/2024\/11\/Gear-coupling.jpg\",\"width\":600,\"height\":600},{\"@type\":\"BreadcrumbList\",\"@id\":\"https:\/\/www.hnhlcranes.com\/product\/gear-coupling\/#breadcrumb\",\"itemListElement\":[{\"@type\":\"ListItem\",\"position\":1,\"name\":\"home\",\"item\":\"https:\/\/www.hnhlcranes.com\/\"},{\"@type\":\"ListItem\",\"position\":2,\"name\":\"products\",\"item\":\"https:\/\/www.hnhlcranes.com\/products\/\"},{\"@type\":\"ListItem\",\"position\":3,\"name\":\"Gear coupling\"}]},{\"@type\":\"WebSite\",\"@id\":\"https:\/\/www.hnhlcranes.com\/#website\",\"url\":\"https:\/\/www.hnhlcranes.com\/\",\"name\":\"Crane Parts Manufacturer\",\"description\":\"Crane Wheels,Crane Drums,Crane Hooks,Crane Coupling,Crane End Carriage,Electric Hoist,European Crane Parts,Crane Rail Clip,Crane Spreader,Crane Motor,Crane Reducer,Crane Brake,Light Crane Parts,Workstation Crane Parts,Crane Electrical Parts,China Crane Parts Supplier,China Crane Parts Manufacturer,Angle box type crane wheel,45 degree split crane wheel,European crane wheel,Crane Wheel Blocks,Overhead crane drum,European crane drum,Overhead crane hook,European crane hook,Crane pulley block,Gear coupling,Brake wheel coupling,Drum gear coupling,Brake wheel drum gear coupling,Cardan Shaft Coupling,WZL drum coupling,Plum blossom elastic coupling,Brake wheel plum elastic coupling,European Single girder crane end carriage,European Double girder crane end carriage,European Suspension  crane end carriage,Wire Rope Electric Hoist,Electric Chain Hoist,European Single Girder Wire Rope Electric Hoist,European Double Girder Wire Rope Electric Hoist,Crane grab,Container spreader,Billet crane clamps,C-type hook,Lifting Electromagnet,YZR crane motor,YZP crane motor,ZQ Reducer,ZSC Reducer,QJ Reducer,QJ-L Reducer,QJY Reducer,H series gearbox,F Series Gear Motor,K Series Gear Motor,R Series Gear Motor,travelling machinery gear motor,Electro hydraulic drum brake,Electro hydraulic disc brake,Crane Safety brake,Crane cable trolley,Crane remote controller,Crane pendant controller,Crane electrical control cabinet,Crane limit switch,Crane sound and light alarm,Heavy Duty Aviation Connector,Crane overload limiter\",\"publisher\":{\"@id\":\"https:\/\/www.hnhlcranes.com\/#organization\"},\"potentialAction\":[{\"@type\":\"SearchAction\",\"target\":{\"@type\":\"EntryPoint\",\"urlTemplate\":\"https:\/\/www.hnhlcranes.com\/?s={search_term_string}\"},\"query-input\":{\"@type\":\"PropertyValueSpecification\",\"valueRequired\":true,\"valueName\":\"search_term_string\"}}],\"inLanguage\":\"pl-PL\"},{\"@type\":\"Organization\",\"@id\":\"https:\/\/www.hnhlcranes.com\/#organization\",\"name\":\"Crane Parts Manufacturer\",\"url\":\"https:\/\/www.hnhlcranes.com\/\",\"logo\":{\"@type\":\"ImageObject\",\"inLanguage\":\"pl-PL\",\"@id\":\"https:\/\/www.hnhlcranes.com\/#\/schema\/logo\/image\/\",\"url\":\"https:\/\/www.hnhlcranes.com\/wp-content\/uploads\/2025\/01\/HL-logo-1.png\",\"contentUrl\":\"https:\/\/www.hnhlcranes.com\/wp-content\/uploads\/2025\/01\/HL-logo-1.png\",\"width\":600,\"height\":169,\"caption\":\"Crane Parts Manufacturer\"},\"image\":{\"@id\":\"https:\/\/www.hnhlcranes.com\/#\/schema\/logo\/image\/\"}}]}<\/script>\n<!-- \/ Yoast SEO plugin. -->","yoast_head_json":{"title":"Gear coupling - Crane gear couplings-Crane Coupling-Crane Parts Manufacturer","description":"Crane brake wheel coupling,Crane gear couplings,Crane Coupling,Fluid couplings,Crane parts,Crane accessories,Coupling manufacturer,Cardan coupling","robots":{"index":"index","follow":"follow","max-snippet":"max-snippet:-1","max-image-preview":"max-image-preview:large","max-video-preview":"max-video-preview:-1"},"canonical":"https:\/\/www.hnhlcranes.com\/pl\/produkt\/sprzeglo-zebate\/","og_locale":"pl_PL","og_type":"article","og_title":"Gear coupling - Crane gear couplings-Crane Coupling-Crane Parts Manufacturer","og_description":"Crane brake wheel coupling,Crane gear couplings,Crane Coupling,Fluid couplings,Crane parts,Crane accessories,Coupling manufacturer,Cardan coupling","og_url":"https:\/\/www.hnhlcranes.com\/pl\/produkt\/sprzeglo-zebate\/","og_site_name":"Crane Parts Manufacturer","article_modified_time":"2025-01-05T16:42:42+00:00","og_image":[{"width":600,"height":600,"url":"https:\/\/www.hnhlcranes.com\/wp-content\/uploads\/2024\/11\/Gear-coupling.jpg","type":"image\/jpeg"}],"twitter_card":"summary_large_image","twitter_misc":{"Szacowany czas czytania":"3 minuty"},"schema":{"@context":"https:\/\/schema.org","@graph":[{"@type":"WebPage","@id":"https:\/\/www.hnhlcranes.com\/product\/gear-coupling\/","url":"https:\/\/www.hnhlcranes.com\/product\/gear-coupling\/","name":"Gear coupling - Crane gear couplings-Crane Coupling-Crane Parts Manufacturer","isPartOf":{"@id":"https:\/\/www.hnhlcranes.com\/#website"},"primaryImageOfPage":{"@id":"https:\/\/www.hnhlcranes.com\/product\/gear-coupling\/#primaryimage"},"image":{"@id":"https:\/\/www.hnhlcranes.com\/product\/gear-coupling\/#primaryimage"},"thumbnailUrl":"https:\/\/www.hnhlcranes.com\/wp-content\/uploads\/2024\/11\/Gear-coupling.jpg","datePublished":"2024-11-08T07:16:00+00:00","dateModified":"2025-01-05T16:42:42+00:00","description":"Crane brake wheel coupling,Crane gear couplings,Crane Coupling,Fluid couplings,Crane parts,Crane accessories,Coupling manufacturer,Cardan coupling","breadcrumb":{"@id":"https:\/\/www.hnhlcranes.com\/product\/gear-coupling\/#breadcrumb"},"inLanguage":"pl-PL","potentialAction":[{"@type":"ReadAction","target":["https:\/\/www.hnhlcranes.com\/product\/gear-coupling\/"]}]},{"@type":"ImageObject","inLanguage":"pl-PL","@id":"https:\/\/www.hnhlcranes.com\/product\/gear-coupling\/#primaryimage","url":"https:\/\/www.hnhlcranes.com\/wp-content\/uploads\/2024\/11\/Gear-coupling.jpg","contentUrl":"https:\/\/www.hnhlcranes.com\/wp-content\/uploads\/2024\/11\/Gear-coupling.jpg","width":600,"height":600},{"@type":"BreadcrumbList","@id":"https:\/\/www.hnhlcranes.com\/product\/gear-coupling\/#breadcrumb","itemListElement":[{"@type":"ListItem","position":1,"name":"home","item":"https:\/\/www.hnhlcranes.com\/"},{"@type":"ListItem","position":2,"name":"products","item":"https:\/\/www.hnhlcranes.com\/products\/"},{"@type":"ListItem","position":3,"name":"Gear coupling"}]},{"@type":"WebSite","@id":"https:\/\/www.hnhlcranes.com\/#website","url":"https:\/\/www.hnhlcranes.com\/","name":"Crane Parts Manufacturer","description":"Crane Wheels,Crane Drums,Crane Hooks,Crane Coupling,Crane End Carriage,Electric Hoist,European Crane Parts,Crane Rail Clip,Crane Spreader,Crane Motor,Crane Reducer,Crane Brake,Light Crane Parts,Workstation Crane Parts,Crane Electrical Parts,China Crane Parts Supplier,China Crane Parts Manufacturer,Angle box type crane wheel,45 degree split crane wheel,European crane wheel,Crane Wheel Blocks,Overhead crane drum,European crane drum,Overhead crane hook,European crane hook,Crane pulley block,Gear coupling,Brake wheel coupling,Drum gear coupling,Brake wheel drum gear coupling,Cardan Shaft Coupling,WZL drum coupling,Plum blossom elastic coupling,Brake wheel plum elastic coupling,European Single girder crane end carriage,European Double girder crane end carriage,European Suspension  crane end carriage,Wire Rope Electric Hoist,Electric Chain Hoist,European Single Girder Wire Rope Electric Hoist,European Double Girder Wire Rope Electric Hoist,Crane grab,Container spreader,Billet crane clamps,C-type hook,Lifting Electromagnet,YZR crane motor,YZP crane motor,ZQ Reducer,ZSC Reducer,QJ Reducer,QJ-L Reducer,QJY Reducer,H series gearbox,F Series Gear Motor,K Series Gear Motor,R Series Gear Motor,travelling machinery gear motor,Electro hydraulic drum brake,Electro hydraulic disc brake,Crane Safety brake,Crane cable trolley,Crane remote controller,Crane pendant controller,Crane electrical control cabinet,Crane limit switch,Crane sound and light alarm,Heavy Duty Aviation Connector,Crane overload limiter","publisher":{"@id":"https:\/\/www.hnhlcranes.com\/#organization"},"potentialAction":[{"@type":"SearchAction","target":{"@type":"EntryPoint","urlTemplate":"https:\/\/www.hnhlcranes.com\/?s={search_term_string}"},"query-input":{"@type":"PropertyValueSpecification","valueRequired":true,"valueName":"search_term_string"}}],"inLanguage":"pl-PL"},{"@type":"Organization","@id":"https:\/\/www.hnhlcranes.com\/#organization","name":"Crane Parts Manufacturer","url":"https:\/\/www.hnhlcranes.com\/","logo":{"@type":"ImageObject","inLanguage":"pl-PL","@id":"https:\/\/www.hnhlcranes.com\/#\/schema\/logo\/image\/","url":"https:\/\/www.hnhlcranes.com\/wp-content\/uploads\/2025\/01\/HL-logo-1.png","contentUrl":"https:\/\/www.hnhlcranes.com\/wp-content\/uploads\/2025\/01\/HL-logo-1.png","width":600,"height":169,"caption":"Crane Parts Manufacturer"},"image":{"@id":"https:\/\/www.hnhlcranes.com\/#\/schema\/logo\/image\/"}}]}},"_links":{"self":[{"href":"https:\/\/www.hnhlcranes.com\/pl\/wp-json\/wp\/v2\/product\/4896","targetHints":{"allow":["GET"]}}],"collection":[{"href":"https:\/\/www.hnhlcranes.com\/pl\/wp-json\/wp\/v2\/product"}],"about":[{"href":"https:\/\/www.hnhlcranes.com\/pl\/wp-json\/wp\/v2\/types\/product"}],"version-history":[{"count":15,"href":"https:\/\/www.hnhlcranes.com\/pl\/wp-json\/wp\/v2\/product\/4896\/revisions"}],"predecessor-version":[{"id":6875,"href":"https:\/\/www.hnhlcranes.com\/pl\/wp-json\/wp\/v2\/product\/4896\/revisions\/6875"}],"wp:featuredmedia":[{"embeddable":true,"href":"https:\/\/www.hnhlcranes.com\/pl\/wp-json\/wp\/v2\/media\/6856"}],"wp:attachment":[{"href":"https:\/\/www.hnhlcranes.com\/pl\/wp-json\/wp\/v2\/media?parent=4896"}],"wp:term":[{"taxonomy":"product_brand","embeddable":true,"href":"https:\/\/www.hnhlcranes.com\/pl\/wp-json\/wp\/v2\/product_brand?post=4896"},{"taxonomy":"product_cat","embeddable":true,"href":"https:\/\/www.hnhlcranes.com\/pl\/wp-json\/wp\/v2\/product_cat?post=4896"},{"taxonomy":"product_tag","embeddable":true,"href":"https:\/\/www.hnhlcranes.com\/pl\/wp-json\/wp\/v2\/product_tag?post=4896"}],"curies":[{"name":"wp","href":"https:\/\/api.w.org\/{rel}","templated":true}]}}